{"id":48179,"date":"2026-04-26T21:05:14","date_gmt":"2026-04-26T20:05:14","guid":{"rendered":"https:\/\/devaharmony.com\/pl\/sklep\/brahmi-120-tabletek\/"},"modified":"2026-04-26T21:10:18","modified_gmt":"2026-04-26T20:10:18","slug":"brahmi-120-tabletek","status":"publish","type":"product","link":"https:\/\/devaharmony.com\/pl\/sklep\/brahmi-120-tabletek\/","title":{"rendered":"Brahmi &#8211; 120 tabletek"},"content":{"rendered":"<p>Od wielu lat korzystaj\u0105 z niego indyjscy lekarze, a teraz zio\u0142o to\u00a0dociera do Europy, gdzie cieszy si\u0119\u00a0<strong><em>rosn\u0105cym poziomem popularno\u015bci<\/em><\/strong>. I to nie tylko w\u015br\u00f3d zwolennik\u00f3w ajurwedy.<\/p>\n<p>Brahmi to cudowna ro\u015blina\u00a0poprawiaj\u0105ca funkcjonowanie <b>m\u00f3zgu<\/b>. Indyjscy lekarze od wiek\u00f3w stosuj\u0105 to zio\u0142o, brahmi, ze wzgl\u0119du na jego dobroczynny wp\u0142yw na uk\u0142ad nerwowy. Posiada potwierdzone pozytywne dzia\u0142anie\u00a0dla pami\u0119ci kr\u00f3tko- i d\u0142ugotrwa\u0142ej, a jego\u00a0wspieraj\u0105cy wp\u0142yw na ca\u0142y uk\u0142ad nerwowy jest legendarny. Bakopa drobnolistna <strong>pomaga r\u00f3wnie\u017c w okresach wzmo\u017conego stresu<\/strong>. Jest \u015bwietnym wyborem dla os\u00f3b na codzie\u0144 wykonuj\u0105cych wzmo\u017con\u0105 prac\u0119 umys\u0142ow\u0105. Wspiera i przyspiesza proces uczenia si\u0119 i zapami\u0119tywania informacji.<\/p>\n<p><strong>Uspokaja dosza kapha, pitta oraz Vata <\/strong>w organizmie. Dzia\u0142a tr\u00f3jdoszowo. Pozytywnie wp\u0142ywa na funkcje poznawcze. <b>Wspomaga r\u00f3wnie\u017c wypracowanie prawid\u0142owych wzorc\u00f3w snu i odpoczynku.<\/b><\/p>\n<p>Ajurwedyjski suplement jest\u00a0idealnym towarzyszem dnia codziennego, kt\u00f3ry prawdziwie wspiera najbardziej obci\u0105\u017cony organ Naszego cia\u0142a &#8211; m\u00f3zg.<\/p>\n<p>\u00a0<\/p>\n<p><strong>Produkt 100% wega\u0144ski\u00a0<\/strong><\/p>\n<p><strong>Zalecana porcja dzienna<\/strong>: 2 tabletki<\/p>\n<p><strong>Pojemno\u015b\u0107<\/strong>: 120 tab.<\/p>\n<p><strong>Producent:<\/strong>\u00a0JIVA Ayurvedic Pharmacy Ltd.<\/p>\n<p><strong>Kraj pochodzenia:<\/strong>\u00a0Indie<\/p>\n<p>\u00a0<\/p>\n<p><span style=\"font-size: 12px;line-height: 13px\">*Nie nale\u017cy przekracza\u0107 zalecanej porcji dziennej do spo\u017cycia. Suplement diety nie mo\u017ce by\u0107 stosowany jako substytut (zamiennik) zr\u00f3\u017cnicowanej diety. Nale\u017cy przestrzega\u0107 zdrowego trybu \u017cycia i zr\u00f3wnowa\u017conego sposobu \u017cywienia. Nie stosowa\u0107 w przypadku nadwra\u017cliwo\u015bci na sk\u0142adniki preparatu. Produkt nie jest przeznaczony dla dzieci, kobiet w ci\u0105\u017cy ani karmi\u0105cych.<\/span><\/p>\n<p><span style=\"font-size: 12px;line-height: 13px\">*Produkt bez GMO.<\/span><\/p>\n<p><span style=\"font-size: 12px;line-height: 13px\">*Przechowywa\u0107 w spos\u00f3b niedost\u0119pny dla ma\u0142ych dzieci. Chroni\u0107 przed \u015bwiat\u0142em i wilgoci\u0105.<\/span><\/p>\n<p><span style=\"font-size: 12px;line-height: 13px\">*Opisany produkt jest suplementem diety, nie jest produktem leczniczym, kt\u00f3remu przypisuje si\u0119 w\u0142a\u015bciwo\u015bci zapobiegania lub leczenie chor\u00f3b wyst\u0119puj\u0105cych u ludzi. <\/span><\/p>\n<p><span style=\"font-size: 12px;line-height: 13px\">*Przyjmowanie preparat\u00f3w zio\u0142owych najlepiej skonsultowa\u0107 z lekarzem lub farmaceut\u0105, poniewa\u017c dob\u00f3r odpowiedniego preparatu ro\u015blinnego wymaga r\u00f3wnie du\u017cej wiedzy, co w przypadku preparatu chemicznego. Nale\u017cy pami\u0119ta\u0107, \u017ce preparaty ro\u015blinne mog\u0105 wchodzi\u0107 w interakcje z przyjmowanymi lekami i mog\u0105 stanowi\u0107 zagro\u017cenie dla zdrowia. Niekt\u00f3re preparaty zio\u0142owe mog\u0105 wywo\u0142a\u0107 silne dzia\u0142anie, dlatego nale\u017cy przestrzega\u0107 wszystkich zalece\u0144 i ogranicze\u0144 podanych przez producenta. Szczeg\u00f3ln\u0105 ostro\u017cno\u015b\u0107 przy ich stosowaniu musz\u0105 zachowa\u0107 matki karmi\u0105ce i kobiety w ci\u0105\u017cy.<\/span><\/p>\n<h2>Tabletki Brahmi pozwol\u0105 Ci odpowiednio zadba\u0107 o popraw\u0119 stanu psycho-fizycznego<\/h2>\n<p>W naszym sklepie DEVA Harmony staramy si\u0119 udowadnia\u0107, \u017ce tradycyjna medycyna ajurwedyjska to nie tylko skuteczne preparaty dedykowane najpopularniejszym schorzeniom. To tak\u017ce doskona\u0142e rozwi\u0105zanie, kt\u00f3re\u00a0<em><strong>pomaga osi\u0105gn\u0105\u0107 wewn\u0119trzn\u0105 harmoni\u0119<\/strong><\/em> oraz przewa\u017cnie d\u0142ugo wyczekiwany przez wielu ludzi spok\u00f3j ducha. Proponowane w tej kategorii Brahmi tabletki pozytywnie wp\u0142ywaj\u0105 na popraw\u0119 funkcji m\u00f3zgu, przyswajania informacji oraz funkcji poznawczych. Dzieje si\u0119 tak dzi\u0119ki udowodnionemu dzia\u0142aniu <em><strong>poprawiaj\u0105cemu koncentracj\u0119<\/strong><\/em>. Tabletki Brahmi wykazuj\u0105 dzia\u0142anie bli\u017aniaczo podobne do Gotu-Kola oraz <em><strong>niezwykle popularnej ro\u015bliny \u017ce\u0144-sze\u0144<\/strong><\/em>. Wysok\u0105 skuteczno\u015b\u0107 dzia\u0142ania Brahmi musisz zweryfikowa\u0107 na w\u0142asnej sk\u00f3rze. Zapraszamy do zakupu!<\/p>\n<h2>Sklep DEVA Harmony przygotowa\u0142 wyj\u0105tkow\u0105 ofert\u0119 na tabletki Brahmi. Oto jej szczeg\u00f3\u0142y!<\/h2>\n<p>Trafi\u0142e\u015b pod dobry adres. Jako niekwestionowany lider sprzeda\u017cy produkt\u00f3w marki Jiva w Europie, jeste\u015bmy w stanie zaprezentowa\u0107 przed Tob\u0105 maksymalnie konkurencyjn\u0105 ofert\u0119 na wyj\u0105tkowe Brahmi tabletki. Charakteryzuje si\u0119 nie tylko mo\u017cliwo\u015bci\u0105 pe\u0142nego wspierania pracy uk\u0142adu nerwowego, ale r\u00f3wnie\u017c bardzo atrakcyjn\u0105 cen\u0105. Wed\u0142ug zalecanej dawki dziennej, ju\u017c jedno opakowanie Brahmi\u00a0<em><strong>umo\u017cliwia regularne stosowanie suplementacji przez okres 60 dni!<\/strong><\/em> Jest to czas idealny do odpowiedniej poprawy funkcjonowania m\u00f3zgu cz\u0142owieka. Warto zainteresowa\u0107 si\u0119 produktem Brahmi. <em><strong>Wielop\u0142aszczyznowo\u015b\u0107<\/strong><\/em> jest przecie\u017c domen\u0105 skutecznego podej\u015bcia wed\u0142ug ajurwedy.<\/p>\n","protected":false},"excerpt":{"rendered":"<p><strong>Brahmi<\/strong> (<em>Bacopa monnieri \/ Bakopa drobnolista<\/em>) jest uznawane za najwa\u017cniejsze zio\u0142o dla uk\u0142adu nerwowego stosowane w ajurwedzie \u2728<\/p>\n<ul>\n<li>Wspomaga funkcje m\u00f3zgu<\/li>\n<li>Przydatny w okresach wzmo\u017conego stresu<\/li>\n<li>Wywiera pozytywny wp\u0142yw na koncentracj\u0119<\/li>\n<li>Pozytywnie wp\u0142ywa na funkcje poznawcze<\/li>\n<li>Wspomaga proces uczenia si\u0119 i przyswajania nowych informacji<\/li>\n<li>Wywiera pozytywny wp\u0142yw na prac\u0119 hipokampu<\/li>\n<li>Poprawia pami\u0119\u0107 kr\u00f3tko- i d\u0142ugotrwa\u0142\u0105, r\u00f3wnie\u017c u os\u00f3b starszych<\/li>\n<li>Wspiera zdrowy sen i odpoczynek<\/li>\n<\/ul>\n<p>\u00a0<\/p>\n<p><strong>Produkt 100% wega\u0144ski<\/strong><\/p>\n<p><strong>Pojemno\u015b\u0107:<\/strong> 120 tabletki<\/p>\n<p><strong>1 opakowanie wystarcza na 2 miesi\u0105ce stosowania<\/strong><\/p>\n","protected":false},"featured_media":48176,"template":"","meta":{"_editorskit_title_hidden":false,"_editorskit_reading_time":0,"_editorskit_is_block_options_detached":false,"_editorskit_block_options_position":"{}"},"product_brand":[648],"product_cat":[498,499],"product_tag":[647],"class_list":{"0":"post-48179","1":"product","2":"type-product","3":"status-publish","4":"has-post-thumbnail","6":"product_brand-jiva","7":"product_cat-jiva","8":"product_cat-marki","9":"product_tag-suplementy","11":"first","12":"outofstock","13":"taxable","14":"shipping-taxable","15":"purchasable","16":"product-type-simple","17":"add-to-wishlist-before_image"},"acf":{"ilosc_sztuk_w_pudelku":"","ilosc_pudelek_w_kartonie":"","wykluczyc_z_szybkich_zakupow":["default"]},"yoast_head":"<!-- This site is optimized with the Yoast SEO plugin v23.1 - https:\/\/yoast.com\/wordpress\/plugins\/seo\/ -->\n<title>Brahmi - 120 tabletek - Deva Harmony Polska<\/title>\n<meta name=\"robots\" content=\"index, follow, max-snippet:-1, max-image-preview:large, max-video-preview:-1\" \/>\n<link rel=\"canonical\" href=\"https:\/\/devaharmony.com\/pl\/sklep\/brahmi-120-tabletek\/\" \/>\n<meta property=\"og:locale\" content=\"pl_PL\" \/>\n<meta property=\"og:type\" content=\"article\" \/>\n<meta property=\"og:title\" content=\"Brahmi - 120 tabletek - Deva Harmony Polska\" \/>\n<meta property=\"og:description\" content=\"Brahmi (Bacopa monnieri \/ Bakopa drobnolista) jest uznawane za najwa\u017cniejsze zio\u0142o dla uk\u0142adu nerwowego stosowane w ajurwedzie \u2728Wspomaga funkcje m\u00f3zguPrzydatny w okresach wzmo\u017conego stresuWywiera pozytywny wp\u0142yw na koncentracj\u0119Pozytywnie wp\u0142ywa na funkcje poznawczeWspomaga proces uczenia si\u0119 i przyswajania nowych informacjiWywiera pozytywny wp\u0142yw na prac\u0119 hipokampuPoprawia pami\u0119\u0107 kr\u00f3tko- i d\u0142ugotrwa\u0142\u0105, r\u00f3wnie\u017c u os\u00f3b starszychWspiera zdrowy sen i odpoczynek\u00a0Produkt 100% wega\u0144skiPojemno\u015b\u0107: 120 tabletki1 opakowanie wystarcza na 2 miesi\u0105ce stosowania\" \/>\n<meta property=\"og:url\" content=\"https:\/\/devaharmony.com\/pl\/sklep\/brahmi-120-tabletek\/\" \/>\n<meta property=\"og:site_name\" content=\"Deva Harmony Polska\" \/>\n<meta property=\"article:modified_time\" content=\"2026-04-26T20:10:18+00:00\" \/>\n<meta name=\"twitter:card\" content=\"summary_large_image\" \/>\n<meta name=\"twitter:label1\" content=\"Szacowany czas czytania\" \/>\n\t<meta name=\"twitter:data1\" content=\"3 minuty\" \/>\n<script type=\"application\/ld+json\" class=\"yoast-schema-graph\">{\"@context\":\"https:\/\/schema.org\",\"@graph\":[{\"@type\":\"WebPage\",\"@id\":\"https:\/\/devaharmony.com\/pl\/sklep\/brahmi-120-tabletek\/\",\"url\":\"https:\/\/devaharmony.com\/pl\/sklep\/brahmi-120-tabletek\/\",\"name\":\"Brahmi - 120 tabletek - Deva Harmony Polska\",\"isPartOf\":{\"@id\":\"https:\/\/devaharmony.com\/pl\/#website\"},\"primaryImageOfPage\":{\"@id\":\"https:\/\/devaharmony.com\/pl\/sklep\/brahmi-120-tabletek\/#primaryimage\"},\"image\":{\"@id\":\"https:\/\/devaharmony.com\/pl\/sklep\/brahmi-120-tabletek\/#primaryimage\"},\"thumbnailUrl\":\"https:\/\/devaharmony.com\/pl\/wp-content\/uploads\/2026\/04\/ecd7e0e16ae6f8df3c39e4cb583d6f31.png\",\"datePublished\":\"2026-04-26T20:05:14+00:00\",\"dateModified\":\"2026-04-26T20:10:18+00:00\",\"breadcrumb\":{\"@id\":\"https:\/\/devaharmony.com\/pl\/sklep\/brahmi-120-tabletek\/#breadcrumb\"},\"inLanguage\":\"pl-PL\",\"potentialAction\":[{\"@type\":\"ReadAction\",\"target\":[\"https:\/\/devaharmony.com\/pl\/sklep\/brahmi-120-tabletek\/\"]}]},{\"@type\":\"ImageObject\",\"inLanguage\":\"pl-PL\",\"@id\":\"https:\/\/devaharmony.com\/pl\/sklep\/brahmi-120-tabletek\/#primaryimage\",\"url\":\"https:\/\/devaharmony.com\/pl\/wp-content\/uploads\/2026\/04\/ecd7e0e16ae6f8df3c39e4cb583d6f31.png\",\"contentUrl\":\"https:\/\/devaharmony.com\/pl\/wp-content\/uploads\/2026\/04\/ecd7e0e16ae6f8df3c39e4cb583d6f31.png\",\"width\":800,\"height\":1200,\"caption\":\"e70394a480f19ad916a3c544a53bee42\"},{\"@type\":\"BreadcrumbList\",\"@id\":\"https:\/\/devaharmony.com\/pl\/sklep\/brahmi-120-tabletek\/#breadcrumb\",\"itemListElement\":[{\"@type\":\"ListItem\",\"position\":1,\"name\":\"Strona g\u0142\u00f3wna\",\"item\":\"https:\/\/devaharmony.com\/pl\/\"},{\"@type\":\"ListItem\",\"position\":2,\"name\":\"Produkty Ajurwedyjskie\",\"item\":\"https:\/\/devaharmony.com\/pl\/produkty-ajurwedyjskie\/\"},{\"@type\":\"ListItem\",\"position\":3,\"name\":\"Brahmi &#8211; 120 tabletek\"}]},{\"@type\":\"WebSite\",\"@id\":\"https:\/\/devaharmony.com\/pl\/#website\",\"url\":\"https:\/\/devaharmony.com\/pl\/\",\"name\":\"Deva Harmony Polska\",\"description\":\"Ajurwedyjskie Suplementy Diety\",\"potentialAction\":[{\"@type\":\"SearchAction\",\"target\":{\"@type\":\"EntryPoint\",\"urlTemplate\":\"https:\/\/devaharmony.com\/pl\/?s={search_term_string}\"},\"query-input\":\"required name=search_term_string\"}],\"inLanguage\":\"pl-PL\"}]}<\/script>\n<!-- \/ Yoast SEO plugin. -->","yoast_head_json":{"title":"Brahmi - 120 tabletek - Deva Harmony Polska","robots":{"index":"index","follow":"follow","max-snippet":"max-snippet:-1","max-image-preview":"max-image-preview:large","max-video-preview":"max-video-preview:-1"},"canonical":"https:\/\/devaharmony.com\/pl\/sklep\/brahmi-120-tabletek\/","og_locale":"pl_PL","og_type":"article","og_title":"Brahmi - 120 tabletek - Deva Harmony Polska","og_description":"Brahmi (Bacopa monnieri \/ Bakopa drobnolista) jest uznawane za najwa\u017cniejsze zio\u0142o dla uk\u0142adu nerwowego stosowane w ajurwedzie \u2728Wspomaga funkcje m\u00f3zguPrzydatny w okresach wzmo\u017conego stresuWywiera pozytywny wp\u0142yw na koncentracj\u0119Pozytywnie wp\u0142ywa na funkcje poznawczeWspomaga proces uczenia si\u0119 i przyswajania nowych informacjiWywiera pozytywny wp\u0142yw na prac\u0119 hipokampuPoprawia pami\u0119\u0107 kr\u00f3tko- i d\u0142ugotrwa\u0142\u0105, r\u00f3wnie\u017c u os\u00f3b starszychWspiera zdrowy sen i odpoczynek\u00a0Produkt 100% wega\u0144skiPojemno\u015b\u0107: 120 tabletki1 opakowanie wystarcza na 2 miesi\u0105ce stosowania","og_url":"https:\/\/devaharmony.com\/pl\/sklep\/brahmi-120-tabletek\/","og_site_name":"Deva Harmony Polska","article_modified_time":"2026-04-26T20:10:18+00:00","twitter_card":"summary_large_image","twitter_misc":{"Szacowany czas czytania":"3 minuty"},"schema":{"@context":"https:\/\/schema.org","@graph":[{"@type":"WebPage","@id":"https:\/\/devaharmony.com\/pl\/sklep\/brahmi-120-tabletek\/","url":"https:\/\/devaharmony.com\/pl\/sklep\/brahmi-120-tabletek\/","name":"Brahmi - 120 tabletek - Deva Harmony Polska","isPartOf":{"@id":"https:\/\/devaharmony.com\/pl\/#website"},"primaryImageOfPage":{"@id":"https:\/\/devaharmony.com\/pl\/sklep\/brahmi-120-tabletek\/#primaryimage"},"image":{"@id":"https:\/\/devaharmony.com\/pl\/sklep\/brahmi-120-tabletek\/#primaryimage"},"thumbnailUrl":"https:\/\/devaharmony.com\/pl\/wp-content\/uploads\/2026\/04\/ecd7e0e16ae6f8df3c39e4cb583d6f31.png","datePublished":"2026-04-26T20:05:14+00:00","dateModified":"2026-04-26T20:10:18+00:00","breadcrumb":{"@id":"https:\/\/devaharmony.com\/pl\/sklep\/brahmi-120-tabletek\/#breadcrumb"},"inLanguage":"pl-PL","potentialAction":[{"@type":"ReadAction","target":["https:\/\/devaharmony.com\/pl\/sklep\/brahmi-120-tabletek\/"]}]},{"@type":"ImageObject","inLanguage":"pl-PL","@id":"https:\/\/devaharmony.com\/pl\/sklep\/brahmi-120-tabletek\/#primaryimage","url":"https:\/\/devaharmony.com\/pl\/wp-content\/uploads\/2026\/04\/ecd7e0e16ae6f8df3c39e4cb583d6f31.png","contentUrl":"https:\/\/devaharmony.com\/pl\/wp-content\/uploads\/2026\/04\/ecd7e0e16ae6f8df3c39e4cb583d6f31.png","width":800,"height":1200,"caption":"e70394a480f19ad916a3c544a53bee42"},{"@type":"BreadcrumbList","@id":"https:\/\/devaharmony.com\/pl\/sklep\/brahmi-120-tabletek\/#breadcrumb","itemListElement":[{"@type":"ListItem","position":1,"name":"Strona g\u0142\u00f3wna","item":"https:\/\/devaharmony.com\/pl\/"},{"@type":"ListItem","position":2,"name":"Produkty Ajurwedyjskie","item":"https:\/\/devaharmony.com\/pl\/produkty-ajurwedyjskie\/"},{"@type":"ListItem","position":3,"name":"Brahmi &#8211; 120 tabletek"}]},{"@type":"WebSite","@id":"https:\/\/devaharmony.com\/pl\/#website","url":"https:\/\/devaharmony.com\/pl\/","name":"Deva Harmony Polska","description":"Ajurwedyjskie Suplementy Diety","potentialAction":[{"@type":"SearchAction","target":{"@type":"EntryPoint","urlTemplate":"https:\/\/devaharmony.com\/pl\/?s={search_term_string}"},"query-input":"required name=search_term_string"}],"inLanguage":"pl-PL"}]}},"_links":{"self":[{"href":"https:\/\/devaharmony.com\/pl\/wp-json\/wp\/v2\/product\/48179","targetHints":{"allow":["GET"]}}],"collection":[{"href":"https:\/\/devaharmony.com\/pl\/wp-json\/wp\/v2\/product"}],"about":[{"href":"https:\/\/devaharmony.com\/pl\/wp-json\/wp\/v2\/types\/product"}],"wp:featuredmedia":[{"embeddable":true,"href":"https:\/\/devaharmony.com\/pl\/wp-json\/wp\/v2\/media\/48176"}],"wp:attachment":[{"href":"https:\/\/devaharmony.com\/pl\/wp-json\/wp\/v2\/media?parent=48179"}],"wp:term":[{"taxonomy":"product_brand","embeddable":true,"href":"https:\/\/devaharmony.com\/pl\/wp-json\/wp\/v2\/product_brand?post=48179"},{"taxonomy":"product_cat","embeddable":true,"href":"https:\/\/devaharmony.com\/pl\/wp-json\/wp\/v2\/product_cat?post=48179"},{"taxonomy":"product_tag","embeddable":true,"href":"https:\/\/devaharmony.com\/pl\/wp-json\/wp\/v2\/product_tag?post=48179"}],"curies":[{"name":"wp","href":"https:\/\/api.w.org\/{rel}","templated":true}]}}