{"id":47739,"date":"2025-12-18T13:40:40","date_gmt":"2025-12-18T12:40:40","guid":{"rendered":"https:\/\/devaharmony.com\/pl\/sklep\/voucher-na-indywidualna-konsultacje-ajurwedyjska-z-grzegorzem-ludera\/"},"modified":"2026-01-06T11:14:38","modified_gmt":"2026-01-06T10:14:38","slug":"voucher-na-indywidualna-konsultacje-ajurwedyjska-z-grzegorzem-ludera","status":"publish","type":"product","link":"https:\/\/devaharmony.com\/pl\/sklep\/voucher-na-indywidualna-konsultacje-ajurwedyjska-z-grzegorzem-ludera\/","title":{"rendered":"Voucher na Indywidualn\u0105 konsultacj\u0119 ajurwedyjsk\u0105  z Grzegorzem Luder\u0105"},"content":{"rendered":"<h3 data-start=\"1133\" data-end=\"1159\">Co zawiera voucher?<\/h3>\n<p data-start=\"1161\" data-end=\"1236\"><strong data-start=\"1161\" data-end=\"1202\">Indywidualn\u0105 konsultacj\u0119 ajurwedyjsk\u0105<\/strong>, podczas kt\u00f3rej osoba obdarowana:<\/p>\n<ul data-start=\"1237\" data-end=\"1497\">\n<li data-start=\"1237\" data-end=\"1292\">\n<p data-start=\"1239\" data-end=\"1292\">pozna swoj\u0105 <strong data-start=\"1251\" data-end=\"1290\">konstytucj\u0119 ajurwedyjsk\u0105 (Prakriti)<\/strong><\/p>\n<\/li>\n<li data-start=\"1293\" data-end=\"1337\">\n<p data-start=\"1295\" data-end=\"1337\">zrozumie potrzeby swojego cia\u0142a i umys\u0142u<\/p>\n<\/li>\n<li data-start=\"1338\" data-end=\"1432\">\n<p data-start=\"1340\" data-end=\"1432\">otrzyma <strong data-start=\"1348\" data-end=\"1378\">spersonalizowane zalecenia<\/strong> dotycz\u0105ce stylu \u017cycia, diety i codziennych rytua\u0142\u00f3w<\/p>\n<\/li>\n<li data-start=\"1433\" data-end=\"1497\">\n<p data-start=\"1435\" data-end=\"1497\">dowie si\u0119, jak naturalnie wspiera\u0107 r\u00f3wnowag\u0119 i energi\u0119 \u017cyciow\u0105<\/p>\n<\/li>\n<\/ul>\n<p data-start=\"1499\" data-end=\"1608\"><strong data-start=\"1502\" data-end=\"1519\">Czas trwania:<\/strong> ok. 1,5\u20132 godziny<br data-start=\"1537\" data-end=\"1540\" \/><strong data-start=\"1543\" data-end=\"1553\">Forma:<\/strong> stacjonarnie (DEVA Harmony, Rzesz\u00f3w) lub online (Zoom)<\/p>\n<hr data-start=\"1610\" data-end=\"1613\" \/>\n<h3 data-start=\"1615\" data-end=\"1652\">Konsultacja prowadzona przez<\/h3>\n<p data-start=\"1653\" data-end=\"1827\"><strong data-start=\"1653\" data-end=\"1673\">Grzegorza Luder\u0119<\/strong> \u2013 certyfikowanego konsultanta Ajurwedy II stopnia (Jiva Institute, Indie), naturopat\u0119 i terapeut\u0119 TCM, z wieloletnim do\u015bwiadczeniem w pracy holistycznej.<\/p>\n<hr data-start=\"1829\" data-end=\"1832\" \/>\n<h3 data-start=\"1834\" data-end=\"1878\">Voucher \u2013 prezent, kt\u00f3ry ma znaczenie<\/h3>\n<p data-start=\"1880\" data-end=\"2038\">Podaruj <strong data-start=\"1888\" data-end=\"1913\">czas, uwag\u0119 i zdrowie<\/strong>.<br data-start=\"1914\" data-end=\"1917\" \/>To prezent, kt\u00f3ry zostaje z obdarowan\u0105 osob\u0105 na d\u0142ugo \u2013 w postaci wi\u0119kszej \u015bwiadomo\u015bci, lepszego samopoczucia i harmonii.<\/p>\n<h3 data-start=\"567\" data-end=\"602\">Dlaczego to idealny prezent?<\/h3>\n<p data-start=\"604\" data-end=\"999\">\u2714 <strong data-start=\"606\" data-end=\"639\">Uniwersalny i personalizowany<\/strong> \u2013 konsultacja jest w pe\u0142ni dostosowana do osoby obdarowanej<br data-start=\"699\" data-end=\"702\" \/>\u2714 <strong data-start=\"704\" data-end=\"724\">Bezpieczny wyb\u00f3r<\/strong> \u2013 odpowiedni dla kobiet i m\u0119\u017cczyzn w ka\u017cdym wieku<br data-start=\"774\" data-end=\"777\" \/>\u2714 <strong data-start=\"779\" data-end=\"801\">Prezent z intencj\u0105<\/strong> \u2013 daje wiedz\u0119, \u015bwiadomo\u015b\u0107 i realne wsparcie zdrowia<br data-start=\"853\" data-end=\"856\" \/>\u2714 <strong data-start=\"858\" data-end=\"902\">Do wykorzystania stacjonarnie lub online<\/strong> \u2013 pe\u0142na wygoda realizacji<br data-start=\"928\" data-end=\"931\" \/>\u2714 <strong data-start=\"933\" data-end=\"961\">Elegancka forma voucheru<\/strong> \u2013 gotowy do wr\u0119czenia bliskiej osobie<\/p>\n","protected":false},"excerpt":{"rendered":"<h3 data-start=\"317\" data-end=\"357\">\u2728 Idealny prezent dla bliskiej osoby<\/h3>\n<p data-start=\"359\" data-end=\"560\">Szukasz <strong data-start=\"367\" data-end=\"406\">wyj\u0105tkowego, warto\u015bciowego prezentu<\/strong>, kt\u00f3ry realnie wspiera zdrowie, r\u00f3wnowag\u0119 i dobre samopoczucie?<br data-start=\"470\" data-end=\"473\" \/>Ten voucher to <strong data-start=\"488\" data-end=\"510\">pi\u0119kny gest troski<\/strong> \u2013 prezent, kt\u00f3ry pokazuje, \u017ce naprawd\u0119 Ci zale\u017cy.<\/p>\n<p><b>To doskona\u0142y prezent na:<\/b><\/p>\n<ul>\n<li>urodziny<\/li>\n<li>\u015bwi\u0119ta<\/li>\n<li>imieniny<\/li>\n<li>rocznic\u0119<\/li>\n<li>\u2728<b> \u201ebez okazji\u201d \u2013 jako wyraz troski i mi\u0142o\u015bci<\/b><\/li>\n<\/ul>\n","protected":false},"featured_media":45067,"template":"","meta":{"_editorskit_title_hidden":false,"_editorskit_reading_time":0,"_editorskit_is_block_options_detached":false,"_editorskit_block_options_position":"{}"},"product_brand":[],"product_cat":[429,486,499,505,28,481,19,383,491,18],"product_tag":[],"class_list":{"0":"post-47739","1":"product","2":"type-product","3":"status-publish","4":"has-post-thumbnail","6":"product_cat-blokada","7":"product_cat-blokada-sattva","8":"product_cat-marki","9":"product_cat-nowosci","10":"product_cat-produkty-ajurwedyjskie","11":"product_cat-premium","12":"product_cat-produkty-specjalne","13":"product_cat-proponowane","14":"product_cat-przeznaczenie-produktow","15":"product_cat-suplementy","17":"first","18":"instock","19":"taxable","20":"shipping-taxable","21":"purchasable","22":"product-type-simple","23":"add-to-wishlist-before_image"},"acf":{"ilosc_sztuk_w_pudelku":"","ilosc_pudelek_w_kartonie":"","wykluczyc_z_szybkich_zakupow":""},"yoast_head":"<!-- This site is optimized with the Yoast SEO plugin v23.1 - https:\/\/yoast.com\/wordpress\/plugins\/seo\/ -->\n<title>Voucher na Indywidualn\u0105 konsultacj\u0119 ajurwedyjsk\u0105 z Grzegorzem Luder\u0105 - Deva Harmony Polska<\/title>\n<meta name=\"robots\" content=\"index, follow, max-snippet:-1, max-image-preview:large, max-video-preview:-1\" \/>\n<link rel=\"canonical\" href=\"https:\/\/devaharmony.com\/pl\/sklep\/voucher-na-indywidualna-konsultacje-ajurwedyjska-z-grzegorzem-ludera\/\" \/>\n<meta property=\"og:locale\" content=\"pl_PL\" \/>\n<meta property=\"og:type\" content=\"article\" \/>\n<meta property=\"og:title\" content=\"Voucher na Indywidualn\u0105 konsultacj\u0119 ajurwedyjsk\u0105 z Grzegorzem Luder\u0105 - Deva Harmony Polska\" \/>\n<meta property=\"og:description\" content=\"\u2728 Idealny prezent dla bliskiej osoby Szukasz wyj\u0105tkowego, warto\u015bciowego prezentu, kt\u00f3ry realnie wspiera zdrowie, r\u00f3wnowag\u0119 i dobre samopoczucie?Ten voucher to pi\u0119kny gest troski \u2013 prezent, kt\u00f3ry pokazuje, \u017ce naprawd\u0119 Ci zale\u017cy. To doskona\u0142y prezent na:   urodziny  \u015bwi\u0119ta  imieniny  rocznic\u0119  \u2728 \u201ebez okazji\u201d \u2013 jako wyraz troski i mi\u0142o\u015bci\" \/>\n<meta property=\"og:url\" content=\"https:\/\/devaharmony.com\/pl\/sklep\/voucher-na-indywidualna-konsultacje-ajurwedyjska-z-grzegorzem-ludera\/\" \/>\n<meta property=\"og:site_name\" content=\"Deva Harmony Polska\" \/>\n<meta property=\"article:modified_time\" content=\"2026-01-06T10:14:38+00:00\" \/>\n<meta property=\"og:image\" content=\"https:\/\/devaharmony.com\/pl\/wp-content\/uploads\/2023\/07\/Konsultacja-Ajurwedyjska.png\" \/>\n\t<meta property=\"og:image:width\" content=\"1080\" \/>\n\t<meta property=\"og:image:height\" content=\"1080\" \/>\n\t<meta property=\"og:image:type\" content=\"image\/png\" \/>\n<meta name=\"twitter:card\" content=\"summary_large_image\" \/>\n<meta name=\"twitter:label1\" content=\"Szacowany czas czytania\" \/>\n\t<meta name=\"twitter:data1\" content=\"2 minuty\" \/>\n<script type=\"application\/ld+json\" class=\"yoast-schema-graph\">{\"@context\":\"https:\/\/schema.org\",\"@graph\":[{\"@type\":\"WebPage\",\"@id\":\"https:\/\/devaharmony.com\/pl\/sklep\/voucher-na-indywidualna-konsultacje-ajurwedyjska-z-grzegorzem-ludera\/\",\"url\":\"https:\/\/devaharmony.com\/pl\/sklep\/voucher-na-indywidualna-konsultacje-ajurwedyjska-z-grzegorzem-ludera\/\",\"name\":\"Voucher na Indywidualn\u0105 konsultacj\u0119 ajurwedyjsk\u0105 z Grzegorzem Luder\u0105 - Deva Harmony Polska\",\"isPartOf\":{\"@id\":\"https:\/\/devaharmony.com\/pl\/#website\"},\"primaryImageOfPage\":{\"@id\":\"https:\/\/devaharmony.com\/pl\/sklep\/voucher-na-indywidualna-konsultacje-ajurwedyjska-z-grzegorzem-ludera\/#primaryimage\"},\"image\":{\"@id\":\"https:\/\/devaharmony.com\/pl\/sklep\/voucher-na-indywidualna-konsultacje-ajurwedyjska-z-grzegorzem-ludera\/#primaryimage\"},\"thumbnailUrl\":\"https:\/\/devaharmony.com\/pl\/wp-content\/uploads\/2023\/07\/Konsultacja-Ajurwedyjska.png\",\"datePublished\":\"2025-12-18T12:40:40+00:00\",\"dateModified\":\"2026-01-06T10:14:38+00:00\",\"breadcrumb\":{\"@id\":\"https:\/\/devaharmony.com\/pl\/sklep\/voucher-na-indywidualna-konsultacje-ajurwedyjska-z-grzegorzem-ludera\/#breadcrumb\"},\"inLanguage\":\"pl-PL\",\"potentialAction\":[{\"@type\":\"ReadAction\",\"target\":[\"https:\/\/devaharmony.com\/pl\/sklep\/voucher-na-indywidualna-konsultacje-ajurwedyjska-z-grzegorzem-ludera\/\"]}]},{\"@type\":\"ImageObject\",\"inLanguage\":\"pl-PL\",\"@id\":\"https:\/\/devaharmony.com\/pl\/sklep\/voucher-na-indywidualna-konsultacje-ajurwedyjska-z-grzegorzem-ludera\/#primaryimage\",\"url\":\"https:\/\/devaharmony.com\/pl\/wp-content\/uploads\/2023\/07\/Konsultacja-Ajurwedyjska.png\",\"contentUrl\":\"https:\/\/devaharmony.com\/pl\/wp-content\/uploads\/2023\/07\/Konsultacja-Ajurwedyjska.png\",\"width\":1080,\"height\":1080},{\"@type\":\"BreadcrumbList\",\"@id\":\"https:\/\/devaharmony.com\/pl\/sklep\/voucher-na-indywidualna-konsultacje-ajurwedyjska-z-grzegorzem-ludera\/#breadcrumb\",\"itemListElement\":[{\"@type\":\"ListItem\",\"position\":1,\"name\":\"Strona g\u0142\u00f3wna\",\"item\":\"https:\/\/devaharmony.com\/pl\/\"},{\"@type\":\"ListItem\",\"position\":2,\"name\":\"Produkty Ajurwedyjskie\",\"item\":\"https:\/\/devaharmony.com\/pl\/produkty-ajurwedyjskie\/\"},{\"@type\":\"ListItem\",\"position\":3,\"name\":\"Voucher na Indywidualn\u0105 konsultacj\u0119 ajurwedyjsk\u0105 z Grzegorzem Luder\u0105\"}]},{\"@type\":\"WebSite\",\"@id\":\"https:\/\/devaharmony.com\/pl\/#website\",\"url\":\"https:\/\/devaharmony.com\/pl\/\",\"name\":\"Deva Harmony Polska\",\"description\":\"Ajurwedyjskie Suplementy Diety\",\"potentialAction\":[{\"@type\":\"SearchAction\",\"target\":{\"@type\":\"EntryPoint\",\"urlTemplate\":\"https:\/\/devaharmony.com\/pl\/?s={search_term_string}\"},\"query-input\":\"required name=search_term_string\"}],\"inLanguage\":\"pl-PL\"}]}<\/script>\n<!-- \/ Yoast SEO plugin. -->","yoast_head_json":{"title":"Voucher na Indywidualn\u0105 konsultacj\u0119 ajurwedyjsk\u0105 z Grzegorzem Luder\u0105 - Deva Harmony Polska","robots":{"index":"index","follow":"follow","max-snippet":"max-snippet:-1","max-image-preview":"max-image-preview:large","max-video-preview":"max-video-preview:-1"},"canonical":"https:\/\/devaharmony.com\/pl\/sklep\/voucher-na-indywidualna-konsultacje-ajurwedyjska-z-grzegorzem-ludera\/","og_locale":"pl_PL","og_type":"article","og_title":"Voucher na Indywidualn\u0105 konsultacj\u0119 ajurwedyjsk\u0105 z Grzegorzem Luder\u0105 - Deva Harmony Polska","og_description":"\u2728 Idealny prezent dla bliskiej osoby Szukasz wyj\u0105tkowego, warto\u015bciowego prezentu, kt\u00f3ry realnie wspiera zdrowie, r\u00f3wnowag\u0119 i dobre samopoczucie?Ten voucher to pi\u0119kny gest troski \u2013 prezent, kt\u00f3ry pokazuje, \u017ce naprawd\u0119 Ci zale\u017cy. To doskona\u0142y prezent na:   urodziny  \u015bwi\u0119ta  imieniny  rocznic\u0119  \u2728 \u201ebez okazji\u201d \u2013 jako wyraz troski i mi\u0142o\u015bci","og_url":"https:\/\/devaharmony.com\/pl\/sklep\/voucher-na-indywidualna-konsultacje-ajurwedyjska-z-grzegorzem-ludera\/","og_site_name":"Deva Harmony Polska","article_modified_time":"2026-01-06T10:14:38+00:00","og_image":[{"width":1080,"height":1080,"url":"https:\/\/devaharmony.com\/pl\/wp-content\/uploads\/2023\/07\/Konsultacja-Ajurwedyjska.png","type":"image\/png"}],"twitter_card":"summary_large_image","twitter_misc":{"Szacowany czas czytania":"2 minuty"},"schema":{"@context":"https:\/\/schema.org","@graph":[{"@type":"WebPage","@id":"https:\/\/devaharmony.com\/pl\/sklep\/voucher-na-indywidualna-konsultacje-ajurwedyjska-z-grzegorzem-ludera\/","url":"https:\/\/devaharmony.com\/pl\/sklep\/voucher-na-indywidualna-konsultacje-ajurwedyjska-z-grzegorzem-ludera\/","name":"Voucher na Indywidualn\u0105 konsultacj\u0119 ajurwedyjsk\u0105 z Grzegorzem Luder\u0105 - Deva Harmony Polska","isPartOf":{"@id":"https:\/\/devaharmony.com\/pl\/#website"},"primaryImageOfPage":{"@id":"https:\/\/devaharmony.com\/pl\/sklep\/voucher-na-indywidualna-konsultacje-ajurwedyjska-z-grzegorzem-ludera\/#primaryimage"},"image":{"@id":"https:\/\/devaharmony.com\/pl\/sklep\/voucher-na-indywidualna-konsultacje-ajurwedyjska-z-grzegorzem-ludera\/#primaryimage"},"thumbnailUrl":"https:\/\/devaharmony.com\/pl\/wp-content\/uploads\/2023\/07\/Konsultacja-Ajurwedyjska.png","datePublished":"2025-12-18T12:40:40+00:00","dateModified":"2026-01-06T10:14:38+00:00","breadcrumb":{"@id":"https:\/\/devaharmony.com\/pl\/sklep\/voucher-na-indywidualna-konsultacje-ajurwedyjska-z-grzegorzem-ludera\/#breadcrumb"},"inLanguage":"pl-PL","potentialAction":[{"@type":"ReadAction","target":["https:\/\/devaharmony.com\/pl\/sklep\/voucher-na-indywidualna-konsultacje-ajurwedyjska-z-grzegorzem-ludera\/"]}]},{"@type":"ImageObject","inLanguage":"pl-PL","@id":"https:\/\/devaharmony.com\/pl\/sklep\/voucher-na-indywidualna-konsultacje-ajurwedyjska-z-grzegorzem-ludera\/#primaryimage","url":"https:\/\/devaharmony.com\/pl\/wp-content\/uploads\/2023\/07\/Konsultacja-Ajurwedyjska.png","contentUrl":"https:\/\/devaharmony.com\/pl\/wp-content\/uploads\/2023\/07\/Konsultacja-Ajurwedyjska.png","width":1080,"height":1080},{"@type":"BreadcrumbList","@id":"https:\/\/devaharmony.com\/pl\/sklep\/voucher-na-indywidualna-konsultacje-ajurwedyjska-z-grzegorzem-ludera\/#breadcrumb","itemListElement":[{"@type":"ListItem","position":1,"name":"Strona g\u0142\u00f3wna","item":"https:\/\/devaharmony.com\/pl\/"},{"@type":"ListItem","position":2,"name":"Produkty Ajurwedyjskie","item":"https:\/\/devaharmony.com\/pl\/produkty-ajurwedyjskie\/"},{"@type":"ListItem","position":3,"name":"Voucher na Indywidualn\u0105 konsultacj\u0119 ajurwedyjsk\u0105 z Grzegorzem Luder\u0105"}]},{"@type":"WebSite","@id":"https:\/\/devaharmony.com\/pl\/#website","url":"https:\/\/devaharmony.com\/pl\/","name":"Deva Harmony Polska","description":"Ajurwedyjskie Suplementy Diety","potentialAction":[{"@type":"SearchAction","target":{"@type":"EntryPoint","urlTemplate":"https:\/\/devaharmony.com\/pl\/?s={search_term_string}"},"query-input":"required name=search_term_string"}],"inLanguage":"pl-PL"}]}},"_links":{"self":[{"href":"https:\/\/devaharmony.com\/pl\/wp-json\/wp\/v2\/product\/47739","targetHints":{"allow":["GET"]}}],"collection":[{"href":"https:\/\/devaharmony.com\/pl\/wp-json\/wp\/v2\/product"}],"about":[{"href":"https:\/\/devaharmony.com\/pl\/wp-json\/wp\/v2\/types\/product"}],"wp:featuredmedia":[{"embeddable":true,"href":"https:\/\/devaharmony.com\/pl\/wp-json\/wp\/v2\/media\/45067"}],"wp:attachment":[{"href":"https:\/\/devaharmony.com\/pl\/wp-json\/wp\/v2\/media?parent=47739"}],"wp:term":[{"taxonomy":"product_brand","embeddable":true,"href":"https:\/\/devaharmony.com\/pl\/wp-json\/wp\/v2\/product_brand?post=47739"},{"taxonomy":"product_cat","embeddable":true,"href":"https:\/\/devaharmony.com\/pl\/wp-json\/wp\/v2\/product_cat?post=47739"},{"taxonomy":"product_tag","embeddable":true,"href":"https:\/\/devaharmony.com\/pl\/wp-json\/wp\/v2\/product_tag?post=47739"}],"curies":[{"name":"wp","href":"https:\/\/api.w.org\/{rel}","templated":true}]}}