{"id":47633,"date":"2025-12-08T11:27:07","date_gmt":"2025-12-08T10:27:07","guid":{"rendered":"https:\/\/devaharmony.com\/pl\/sklep\/dwupak-amla-2-x-po-120-tab\/"},"modified":"2026-03-06T11:10:43","modified_gmt":"2026-03-06T10:10:43","slug":"dwupak-amla-2-x-po-120-tab","status":"publish","type":"product","link":"https:\/\/devaharmony.com\/pl\/sklep\/dwupak-amla-2-x-po-120-tab\/","title":{"rendered":"Dwupak Amla &#8211; 2 x po 120 tab."},"content":{"rendered":"<section class=\"section\">\n<div class=\"item item-12\">\n<section class=\"text-item\"><b>Amla\u00a0<\/b>w tabletkach zawiera \u015bwie\u017cy owoc amli, aby zapewni\u0107 Ci optymalne korzy\u015bci zdrowotne. Amla jest kr\u00f3low\u0105 zi\u00f3\u0142 ze wzgl\u0119du na ca\u0142\u0105 gam\u0119 istotnych w\u0142a\u015bciwo\u015bci ajurwedyjskich, kt\u00f3re zawiera. Amla jest bardzo czczon\u0105 rasayan\u0105 (zio\u0142em odm\u0142adzaj\u0105cym) dla ca\u0142ego systemu. R\u00f3wnowa\u017cy dosha Pitta, buduje Ojas (istot\u0119 odporno\u015bci i m\u0142odo\u015bci) i ma dzia\u0142anie ch\u0142odz\u0105ce (shita virya).<\/section>\n<section><\/section>\n<section><\/section>\n<section class=\"text-item\">Poprawia trawienie i odporno\u015b\u0107 organizmu. Wywiera pozytywny wp\u0142yw na uk\u0142ad trawienny, \u017co\u0142\u0105dek oraz jelita, i uk\u0142ad odporno\u015bciowy.<\/section>\n<section><\/section>\n<section class=\"text-item\">Opr\u00f3cz zastosowania w suplementacji jest r\u00f3wnie\u017c szeroko stosowana w kosmetyce.<\/p>\n<\/section>\n<section><\/section>\n<section><\/section>\n<section><\/section>\n<section><\/section>\n<section><\/section>\n<section><\/section>\n<\/div>\n<\/section>\n<section><\/section>\n<section><\/section>\n<section class=\"section\">\n<div class=\"item item-12\">\n<section><\/section>\n<section><\/section>\n<section><\/section>\n<section><\/section>\n<section class=\"text-item\"><b>Produkt w 100% wega\u0144ski<\/p>\n<p><\/b><\/section>\n<section><\/section>\n<section class=\"text-item\"><b>Zalecana porcja dzienna:\u00a0<\/b>2 tabletki<\/section>\n<section><\/section>\n<section class=\"text-item\"><b>Pojemno\u015b\u0107<\/b>: 2&#215;120 tabletek<\/section>\n<section><\/section>\n<section class=\"text-item\"><b>Producent<\/b>: JIVA Ayurvedic Pharmacy Ltd.<\/section>\n<section><\/section>\n<section class=\"text-item\"><b>Kraj pochodzenia:\u00a0<\/b>Indie<\/p>\n<\/section>\n<section><\/section>\n<\/div>\n<\/section>\n<section class=\"section\">\n<div class=\"item item-12\">\n<h6 class=\"text-item\">*Nie nale\u017cy przekracza\u0107 zalecanej porcji dziennej do spo\u017cycia. Suplement diety nie mo\u017ce by\u0107 stosowany jako substytut (zamiennik) zr\u00f3\u017cnicowanej diety. Nale\u017cy przestrzega\u0107 zdrowego trybu \u017cycia i zr\u00f3wnowa\u017conego sposobu \u017cywienia. Nie stosowa\u0107 w przypadku nadwra\u017cliwo\u015bci na sk\u0142adniki preparatu. Produkt nie jest przeznaczony dla dzieci, kobiet w ci\u0105\u017cy ani karmi\u0105cych.<\/h6>\n<h6 class=\"text-item\">*Produkt bez GMO.<\/h6>\n<h6 class=\"text-item\">*Przechowywa\u0107 w spos\u00f3b niedost\u0119pny dla ma\u0142ych dzieci. Chroni\u0107 przed \u015bwiat\u0142em i wilgoci\u0105.<\/h6>\n<h6 class=\"text-item\">*Opisany produkt jest suplementem diety, nie jest produktem leczniczym, kt\u00f3remu przypisuje si\u0119 w\u0142a\u015bciwo\u015bci zapobiegania lub leczenie chor\u00f3b wyst\u0119puj\u0105cych u ludzi.<\/h6>\n<h6 class=\"text-item\">*Przyjmowanie preparat\u00f3w zio\u0142owych najlepiej skonsultowa\u0107 z lekarzem lub farmaceut\u0105, poniewa\u017c dob\u00f3r odpowiedniego preparatu ro\u015blinnego wymaga r\u00f3wnie du\u017cej wiedzy, co w przypadku preparatu chemicznego. Nale\u017cy pami\u0119ta\u0107, \u017ce preparaty ro\u015blinne mog\u0105 wchodzi\u0107 w interakcje z przyjmowanymi lekami i mog\u0105 stanowi\u0107 zagro\u017cenie dla zdrowia. Niekt\u00f3re preparaty zio\u0142owe mog\u0105 wywo\u0142a\u0107 silne dzia\u0142anie, dlatego nale\u017cy przestrzega\u0107 wszystkich zalece\u0144 i ogranicze\u0144 podanych przez producenta. Szczeg\u00f3ln\u0105 ostro\u017cno\u015b\u0107 przy ich stosowaniu musz\u0105 zachowa\u0107 matki karmi\u0105ce i kobiety w ci\u0105\u017cy.<\/h6>\n<section class=\"text-item\">\n<h2>Przygotowali\u015bmy dla Ciebie tabletki Amla stworzone wed\u0142ug ajurwedyjskiej receptury<\/h2>\n<p>Tylko w naszym sklepie internetowym DEVA Harmony znajdziesz tak bogaty wyb\u00f3r produkt\u00f3w bezpo\u015brednio nawi\u0105zuj\u0105cych do starohinduskiej metody leczniczej, czyli do ajurwedy. Oferowane przez nas zio\u0142a w spos\u00f3b kompleksowy wp\u0142ywaj\u0105 na popraw\u0119 podstawowych funkcji \u017cyciowych cz\u0142owieka. Dobrym tego przyk\u0142adem b\u0119d\u0105 tabletki Amla. Popularny na wschodzie agrest indyjski dedykowany jest przede wszystkim osobom borykaj\u0105cym si\u0119 z problemem trawienia, jednak tabletki Jiva Amla doskonale sprawdz\u0105 si\u0119 r\u00f3wnie\u017c w przypadku obni\u017conej odporno\u015bci. Rozbudowana gama w\u0142a\u015bciwo\u015bci sprawia, \u017ce te w pe\u0142ni naturalne zio\u0142o zaopiekuj\u0105 si\u0119 Twoj\u0105 odporno\u015bci\u0105 oraz b\u0119dzie nieocenionym wsparciem dla \u017co\u0142\u0105dka oraz jelit. Tak w\u0142a\u015bnie dzia\u0142a ajurweda!<\/p>\n<h2>Jiva Amla tabletki zr\u00f3wnowa\u017c\u0105 Twoje dosze. Pom\u00f3\u017c sobie w drodze do pe\u0142nej \u017cyciowej harmonii<\/h2>\n<p>Tradycyjna medycyna ajurwedyjska od tysi\u0119cy lat skupia si\u0119 na poprawieniu jako\u015bci \u017cycia ka\u017cdego cz\u0142owieka. Oczywi\u015bcie w spos\u00f3b naturalny, bo tylko naturalne sk\u0142adniki s\u0105 baz\u0105 do stworzenia tak wyj\u0105tkowych preparat\u00f3w. Amla tabletki, tak jak pozosta\u0142e produkty ajurwedyjskie, charakteryzuj\u0105 si\u0119 dobroczynnym oddzia\u0142ywaniem na organizm. Dzi\u0119ki temu suplement ten zyska\u0142 wysoki poziom popularno\u015bci. I to nie tylko w\u015br\u00f3d zwolennik\u00f3w holistycznego podej\u015bcia do \u017cycia. Nie od dzisiaj wiadomo, \u017ce agrest indyjski (Amla) doskonale r\u00f3wnowa\u017cy wszystkie 3 dosze. Regularne stosowanie tego typu tabletek zauwa\u017calnie zbli\u017cy Ci\u0119 do osi\u0105gni\u0119cia pe\u0142nej \u017cyciowej harmonii. Lepsze samopoczucie i przys\u0142owiowe ko\u0144skie zdrowie pomagaj\u0105 nam lepiej zrozumie\u0107 samych siebie oraz otaczaj\u0105cy nas \u015bwiat. DEVA Harmony stoi na stra\u017cy tych warto\u015bci. Sprawd\u017a na w\u0142asnej sk\u00f3rze, \u017ce skuteczno\u015b\u0107 dzia\u0142ania tabletek Amla nie jest powielanym mitem. To fakty, oparte na d\u0142ugoletniej tradycji.<\/p>\n<\/section>\n<\/div>\n<\/section>\n","protected":false},"excerpt":{"rendered":"<p><strong>Amla \/ Agrest indyjski \u2013 <\/strong><strong>kr\u00f3lowa zi\u00f3\u0142 <\/strong>\u2600\ufe0f<\/p>\n<ul>\n<li>Wspomaga uk\u0142ad odporno\u015bciowy<\/li>\n<li>Pozytywny wp\u0142yw na metabolizm i trawienie<\/li>\n<li>Wywiera dobroczynny wp\u0142yw na jelita<\/li>\n<\/ul>\n<p>\u00a0<\/p>\n<p><strong>Produkt 100% wega\u0144ski<\/strong><\/p>\n<p>\u00a0<\/p>\n<p><strong>Pojemno\u015b\u0107: 2x<\/strong>120 tabletek<\/p>\n<p>\u00a0<\/p>\n<p><strong>1 opakowanie wystarcza na 2 miesi\u0105ce stosowania\u00a0<\/strong><\/p>\n","protected":false},"featured_media":47632,"template":"","meta":{"_editorskit_title_hidden":false,"_editorskit_reading_time":0,"_editorskit_is_block_options_detached":false,"_editorskit_block_options_position":"{}"},"product_brand":[],"product_cat":[429,20],"product_tag":[],"class_list":{"0":"post-47633","1":"product","2":"type-product","3":"status-publish","4":"has-post-thumbnail","6":"product_cat-blokada","7":"product_cat-zestawy","9":"first","10":"instock","11":"sale","12":"taxable","13":"shipping-taxable","14":"purchasable","15":"product-type-simple","16":"add-to-wishlist-before_image"},"acf":{"ilosc_sztuk_w_pudelku":"","ilosc_pudelek_w_kartonie":"","wykluczyc_z_szybkich_zakupow":["default"]},"yoast_head":"<!-- This site is optimized with the Yoast SEO plugin v23.1 - https:\/\/yoast.com\/wordpress\/plugins\/seo\/ -->\n<title>Dwupak Amla - 2 x po 120 tab. - Deva Harmony Polska<\/title>\n<meta name=\"robots\" content=\"index, follow, max-snippet:-1, max-image-preview:large, max-video-preview:-1\" \/>\n<link rel=\"canonical\" href=\"https:\/\/devaharmony.com\/pl\/sklep\/dwupak-amla-2-x-po-120-tab\/\" \/>\n<meta property=\"og:locale\" content=\"pl_PL\" \/>\n<meta property=\"og:type\" content=\"article\" \/>\n<meta property=\"og:title\" content=\"Dwupak Amla - 2 x po 120 tab. - Deva Harmony Polska\" \/>\n<meta property=\"og:description\" content=\"Amla \/ Agrest indyjski \u2013 kr\u00f3lowa zi\u00f3\u0142 \u2600\ufe0fWspomaga uk\u0142ad odporno\u015bciowyPozytywny wp\u0142yw na metabolizm i trawienieWywiera dobroczynny wp\u0142yw na jelita\u00a0Produkt 100% wega\u0144ski\u00a0Pojemno\u015b\u0107: 2x120 tabletek\u00a01 opakowanie wystarcza na 2 miesi\u0105ce stosowania\u00a0\" \/>\n<meta property=\"og:url\" content=\"https:\/\/devaharmony.com\/pl\/sklep\/dwupak-amla-2-x-po-120-tab\/\" \/>\n<meta property=\"og:site_name\" content=\"Deva Harmony Polska\" \/>\n<meta property=\"article:modified_time\" content=\"2026-03-06T10:10:43+00:00\" \/>\n<meta property=\"og:image\" content=\"https:\/\/devaharmony.com\/pl\/wp-content\/uploads\/2025\/12\/934e593eb0eb85b3f5aa1e1b39b4b0df-1.png\" \/>\n\t<meta property=\"og:image:width\" content=\"800\" \/>\n\t<meta property=\"og:image:height\" content=\"1200\" \/>\n\t<meta property=\"og:image:type\" content=\"image\/png\" \/>\n<meta name=\"twitter:card\" content=\"summary_large_image\" \/>\n<meta name=\"twitter:label1\" content=\"Szacowany czas czytania\" \/>\n\t<meta name=\"twitter:data1\" content=\"3 minuty\" \/>\n<script type=\"application\/ld+json\" class=\"yoast-schema-graph\">{\"@context\":\"https:\/\/schema.org\",\"@graph\":[{\"@type\":\"WebPage\",\"@id\":\"https:\/\/devaharmony.com\/pl\/sklep\/dwupak-amla-2-x-po-120-tab\/\",\"url\":\"https:\/\/devaharmony.com\/pl\/sklep\/dwupak-amla-2-x-po-120-tab\/\",\"name\":\"Dwupak Amla - 2 x po 120 tab. - Deva Harmony Polska\",\"isPartOf\":{\"@id\":\"https:\/\/devaharmony.com\/pl\/#website\"},\"primaryImageOfPage\":{\"@id\":\"https:\/\/devaharmony.com\/pl\/sklep\/dwupak-amla-2-x-po-120-tab\/#primaryimage\"},\"image\":{\"@id\":\"https:\/\/devaharmony.com\/pl\/sklep\/dwupak-amla-2-x-po-120-tab\/#primaryimage\"},\"thumbnailUrl\":\"https:\/\/devaharmony.com\/pl\/wp-content\/uploads\/2025\/12\/934e593eb0eb85b3f5aa1e1b39b4b0df-1.png\",\"datePublished\":\"2025-12-08T10:27:07+00:00\",\"dateModified\":\"2026-03-06T10:10:43+00:00\",\"breadcrumb\":{\"@id\":\"https:\/\/devaharmony.com\/pl\/sklep\/dwupak-amla-2-x-po-120-tab\/#breadcrumb\"},\"inLanguage\":\"pl-PL\",\"potentialAction\":[{\"@type\":\"ReadAction\",\"target\":[\"https:\/\/devaharmony.com\/pl\/sklep\/dwupak-amla-2-x-po-120-tab\/\"]}]},{\"@type\":\"ImageObject\",\"inLanguage\":\"pl-PL\",\"@id\":\"https:\/\/devaharmony.com\/pl\/sklep\/dwupak-amla-2-x-po-120-tab\/#primaryimage\",\"url\":\"https:\/\/devaharmony.com\/pl\/wp-content\/uploads\/2025\/12\/934e593eb0eb85b3f5aa1e1b39b4b0df-1.png\",\"contentUrl\":\"https:\/\/devaharmony.com\/pl\/wp-content\/uploads\/2025\/12\/934e593eb0eb85b3f5aa1e1b39b4b0df-1.png\",\"width\":800,\"height\":1200},{\"@type\":\"BreadcrumbList\",\"@id\":\"https:\/\/devaharmony.com\/pl\/sklep\/dwupak-amla-2-x-po-120-tab\/#breadcrumb\",\"itemListElement\":[{\"@type\":\"ListItem\",\"position\":1,\"name\":\"Strona g\u0142\u00f3wna\",\"item\":\"https:\/\/devaharmony.com\/pl\/\"},{\"@type\":\"ListItem\",\"position\":2,\"name\":\"Produkty Ajurwedyjskie\",\"item\":\"https:\/\/devaharmony.com\/pl\/produkty-ajurwedyjskie\/\"},{\"@type\":\"ListItem\",\"position\":3,\"name\":\"Dwupak Amla &#8211; 2 x po 120 tab.\"}]},{\"@type\":\"WebSite\",\"@id\":\"https:\/\/devaharmony.com\/pl\/#website\",\"url\":\"https:\/\/devaharmony.com\/pl\/\",\"name\":\"Deva Harmony Polska\",\"description\":\"Ajurwedyjskie Suplementy Diety\",\"potentialAction\":[{\"@type\":\"SearchAction\",\"target\":{\"@type\":\"EntryPoint\",\"urlTemplate\":\"https:\/\/devaharmony.com\/pl\/?s={search_term_string}\"},\"query-input\":\"required name=search_term_string\"}],\"inLanguage\":\"pl-PL\"}]}<\/script>\n<!-- \/ Yoast SEO plugin. -->","yoast_head_json":{"title":"Dwupak Amla - 2 x po 120 tab. - Deva Harmony Polska","robots":{"index":"index","follow":"follow","max-snippet":"max-snippet:-1","max-image-preview":"max-image-preview:large","max-video-preview":"max-video-preview:-1"},"canonical":"https:\/\/devaharmony.com\/pl\/sklep\/dwupak-amla-2-x-po-120-tab\/","og_locale":"pl_PL","og_type":"article","og_title":"Dwupak Amla - 2 x po 120 tab. - Deva Harmony Polska","og_description":"Amla \/ Agrest indyjski \u2013 kr\u00f3lowa zi\u00f3\u0142 \u2600\ufe0fWspomaga uk\u0142ad odporno\u015bciowyPozytywny wp\u0142yw na metabolizm i trawienieWywiera dobroczynny wp\u0142yw na jelita\u00a0Produkt 100% wega\u0144ski\u00a0Pojemno\u015b\u0107: 2x120 tabletek\u00a01 opakowanie wystarcza na 2 miesi\u0105ce stosowania\u00a0","og_url":"https:\/\/devaharmony.com\/pl\/sklep\/dwupak-amla-2-x-po-120-tab\/","og_site_name":"Deva Harmony Polska","article_modified_time":"2026-03-06T10:10:43+00:00","og_image":[{"width":800,"height":1200,"url":"https:\/\/devaharmony.com\/pl\/wp-content\/uploads\/2025\/12\/934e593eb0eb85b3f5aa1e1b39b4b0df-1.png","type":"image\/png"}],"twitter_card":"summary_large_image","twitter_misc":{"Szacowany czas czytania":"3 minuty"},"schema":{"@context":"https:\/\/schema.org","@graph":[{"@type":"WebPage","@id":"https:\/\/devaharmony.com\/pl\/sklep\/dwupak-amla-2-x-po-120-tab\/","url":"https:\/\/devaharmony.com\/pl\/sklep\/dwupak-amla-2-x-po-120-tab\/","name":"Dwupak Amla - 2 x po 120 tab. - Deva Harmony Polska","isPartOf":{"@id":"https:\/\/devaharmony.com\/pl\/#website"},"primaryImageOfPage":{"@id":"https:\/\/devaharmony.com\/pl\/sklep\/dwupak-amla-2-x-po-120-tab\/#primaryimage"},"image":{"@id":"https:\/\/devaharmony.com\/pl\/sklep\/dwupak-amla-2-x-po-120-tab\/#primaryimage"},"thumbnailUrl":"https:\/\/devaharmony.com\/pl\/wp-content\/uploads\/2025\/12\/934e593eb0eb85b3f5aa1e1b39b4b0df-1.png","datePublished":"2025-12-08T10:27:07+00:00","dateModified":"2026-03-06T10:10:43+00:00","breadcrumb":{"@id":"https:\/\/devaharmony.com\/pl\/sklep\/dwupak-amla-2-x-po-120-tab\/#breadcrumb"},"inLanguage":"pl-PL","potentialAction":[{"@type":"ReadAction","target":["https:\/\/devaharmony.com\/pl\/sklep\/dwupak-amla-2-x-po-120-tab\/"]}]},{"@type":"ImageObject","inLanguage":"pl-PL","@id":"https:\/\/devaharmony.com\/pl\/sklep\/dwupak-amla-2-x-po-120-tab\/#primaryimage","url":"https:\/\/devaharmony.com\/pl\/wp-content\/uploads\/2025\/12\/934e593eb0eb85b3f5aa1e1b39b4b0df-1.png","contentUrl":"https:\/\/devaharmony.com\/pl\/wp-content\/uploads\/2025\/12\/934e593eb0eb85b3f5aa1e1b39b4b0df-1.png","width":800,"height":1200},{"@type":"BreadcrumbList","@id":"https:\/\/devaharmony.com\/pl\/sklep\/dwupak-amla-2-x-po-120-tab\/#breadcrumb","itemListElement":[{"@type":"ListItem","position":1,"name":"Strona g\u0142\u00f3wna","item":"https:\/\/devaharmony.com\/pl\/"},{"@type":"ListItem","position":2,"name":"Produkty Ajurwedyjskie","item":"https:\/\/devaharmony.com\/pl\/produkty-ajurwedyjskie\/"},{"@type":"ListItem","position":3,"name":"Dwupak Amla &#8211; 2 x po 120 tab."}]},{"@type":"WebSite","@id":"https:\/\/devaharmony.com\/pl\/#website","url":"https:\/\/devaharmony.com\/pl\/","name":"Deva Harmony Polska","description":"Ajurwedyjskie Suplementy Diety","potentialAction":[{"@type":"SearchAction","target":{"@type":"EntryPoint","urlTemplate":"https:\/\/devaharmony.com\/pl\/?s={search_term_string}"},"query-input":"required name=search_term_string"}],"inLanguage":"pl-PL"}]}},"_links":{"self":[{"href":"https:\/\/devaharmony.com\/pl\/wp-json\/wp\/v2\/product\/47633","targetHints":{"allow":["GET"]}}],"collection":[{"href":"https:\/\/devaharmony.com\/pl\/wp-json\/wp\/v2\/product"}],"about":[{"href":"https:\/\/devaharmony.com\/pl\/wp-json\/wp\/v2\/types\/product"}],"wp:featuredmedia":[{"embeddable":true,"href":"https:\/\/devaharmony.com\/pl\/wp-json\/wp\/v2\/media\/47632"}],"wp:attachment":[{"href":"https:\/\/devaharmony.com\/pl\/wp-json\/wp\/v2\/media?parent=47633"}],"wp:term":[{"taxonomy":"product_brand","embeddable":true,"href":"https:\/\/devaharmony.com\/pl\/wp-json\/wp\/v2\/product_brand?post=47633"},{"taxonomy":"product_cat","embeddable":true,"href":"https:\/\/devaharmony.com\/pl\/wp-json\/wp\/v2\/product_cat?post=47633"},{"taxonomy":"product_tag","embeddable":true,"href":"https:\/\/devaharmony.com\/pl\/wp-json\/wp\/v2\/product_tag?post=47633"}],"curies":[{"name":"wp","href":"https:\/\/api.w.org\/{rel}","templated":true}]}}