{"id":47518,"date":"2025-11-26T10:49:42","date_gmt":"2025-11-26T09:49:42","guid":{"rendered":"https:\/\/devaharmony.com\/pl\/sklep\/chyawanprash-500g-vanan\/"},"modified":"2026-04-16T07:40:22","modified_gmt":"2026-04-16T06:40:22","slug":"chyawanprash-500g-vanan","status":"publish","type":"product","link":"https:\/\/devaharmony.com\/pl\/sklep\/chyawanprash-500g-vanan\/","title":{"rendered":"Chyawanprash &#8211; 500g | Vanan"},"content":{"rendered":"<p data-start=\"37\" data-end=\"443\"><strong data-start=\"37\" data-end=\"95\">Chyawanprash \u2013 tradycyjny ajurwedyjski suplement diety<\/strong><br data-start=\"95\" data-end=\"98\" \/>Chyawanprash to klasyczna ajurwedyjska formu\u0142a w formie aromatycznej, g\u0119stej pasty, powsta\u0142a na bazie amli (agrestu indyjskiego), mas\u0142a klarowanego ghee, miodu, starannie dobranych ekstrakt\u00f3w zio\u0142owych oraz korzennych przypraw. Unikalna kompozycja sk\u0142adnik\u00f3w od wiek\u00f3w stosowana jest w Ajurwedzie jako wsparcie dla og\u00f3lnego dobrostanu organizmu.<\/p>\n<p data-start=\"445\" data-end=\"720\"><strong data-start=\"445\" data-end=\"467\">Naturalna moc amli<\/strong><br data-start=\"467\" data-end=\"470\" \/>Emblica officinalis, znana jako amla, s\u0142ynie z wysokiej zawarto\u015bci naturalnej witaminy C oraz w\u0142a\u015bciwo\u015bci antyoksydacyjnych. Sk\u0142adnik ten pomaga w utrzymaniu witalno\u015bci, wspiera dobre samopoczucie fizyczne oraz naturalne mechanizmy obronne organizmu.<\/p>\n<p data-start=\"722\" data-end=\"948\"><strong data-start=\"722\" data-end=\"757\">Wsparcie dla uk\u0142adu pokarmowego<\/strong><br data-start=\"757\" data-end=\"760\" \/>Zawarte w produkcie zio\u0142a i przyprawy korzystnie wp\u0142ywaj\u0105 na procesy trawienne. Chyawanprash pomaga w utrzymaniu zdrowego uk\u0142adu pokarmowego, wspiera trawienie oraz r\u00f3wnowag\u0119 metaboliczn\u0105.<\/p>\n<p data-start=\"950\" data-end=\"1157\"><strong data-start=\"950\" data-end=\"971\">Tradycja i jako\u015b\u0107<\/strong><br data-start=\"971\" data-end=\"974\" \/>Ka\u017cda porcja pasty to po\u0142\u0105czenie tradycji z wysok\u0105 jako\u015bci\u0105 surowc\u00f3w. Produkt doskonale sprawdzi si\u0119 jako codzienne uzupe\u0142nienie diety, wspieraj\u0105c energi\u0119, odporno\u015b\u0107 i og\u00f3lne zdrowie.<\/p>\n<p data-start=\"950\" data-end=\"1157\"><b>Produkt zawiera mi\u00f3d, olej sezamowy i produkty mleczne (ghee) \u2013 odpowiedni dla wegetarian, nieodpowiedni dla wegan.<\/b><\/p>\n<p data-start=\"950\" data-end=\"1157\"><b>\u00a0<\/b><\/p>\n<p data-start=\"950\" data-end=\"1157\"><span style=\"font-weight: 600; font-size: 14px;\">Pojemno\u015b\u0107:\u00a0\u00a0<\/span><span style=\"font-size: 14px;\">500g\u00a0<\/span><\/p>\n<p data-start=\"950\" data-end=\"1157\"><b>Zalecana dzienna porcja: j<\/b>edna \u0142y\u017ceczka (6 g) dwa razy dziennie.<\/p>\n<p data-start=\"624\" data-end=\"775\"><span data-start=\"624\" data-end=\"643\"><b>Przechowywanie:<\/b><\/span> Przechowywa\u0107 w ch\u0142odnym, suchym miejscu, z dala od bezpo\u015bredniego \u015bwiat\u0142a s\u0142onecznego i w miejscu niedost\u0119pnym dla ma\u0142ych dzieci.<\/p>\n<p data-start=\"777\" data-end=\"885\" data-is-last-node=\"\" data-is-only-node=\"\"><strong data-start=\"777\" data-end=\"798\">Kraj pochodzenia:<\/strong> Indie.<br data-start=\"805\" data-end=\"808\" \/><strong data-start=\"808\" data-end=\"824\">Dystrybutor:<\/strong> Vanan BV, Princes Mariellan 12, Wassenar, 2242 CK, Holandia.<\/p>\n","protected":false},"excerpt":{"rendered":"<p data-start=\"42\" data-end=\"99\"><b>Tradycyjny ajurwedyjski suplement diety w formie pasty.<\/b><b><br \/>\n<\/b><\/p>\n<ul>\n<li data-start=\"100\" data-end=\"170\">\n<p data-start=\"103\" data-end=\"170\">Zawiera aml\u0119, ghee, mi\u00f3d, ekstrakty zio\u0142owe i korzenne przyprawy.<\/p>\n<\/li>\n<li data-start=\"171\" data-end=\"217\">\n<p data-start=\"174\" data-end=\"217\">Amla wspiera dobre samopoczucie fizyczne.<\/p>\n<\/li>\n<li data-start=\"218\" data-end=\"280\">\n<p data-start=\"221\" data-end=\"280\">Zio\u0142a i przyprawy pomagaj\u0105 utrzyma\u0107 prawid\u0142owe trawienie.<\/p>\n<\/li>\n<li data-start=\"218\" data-end=\"280\">\n<p data-start=\"221\" data-end=\"280\">Idealny jako codzienne uzupe\u0142nienie diety wspieraj\u0105ce og\u00f3lny dobrostan.<\/p>\n<\/li>\n<\/ul>\n<div><strong>Termin wa\u017cno\u015bci<\/strong> 09.2027<\/div>\n<div><b>Pojemno\u015b\u0107:\u00a0\u00a0<\/b>500g<\/div>\n","protected":false},"featured_media":47517,"template":"","meta":{"_editorskit_title_hidden":false,"_editorskit_reading_time":0,"_editorskit_is_block_options_detached":false,"_editorskit_block_options_position":"{}"},"product_brand":[],"product_cat":[456,467,645,499,481,491,500,47,43,19,28,18,29],"product_tag":[],"class_list":{"0":"post-47518","1":"product","2":"type-product","3":"status-publish","4":"has-post-thumbnail","6":"product_cat-ziola-ajurwedyjskie","7":"product_cat-adaptogeny","8":"product_cat-green-week","9":"product_cat-marki","10":"product_cat-premium","11":"product_cat-przeznaczenie-produktow","12":"product_cat-vanan","13":"product_cat-dobre-samopoczucie","14":"product_cat-odpornosc","15":"product_cat-produkty-specjalne","16":"product_cat-produkty-ajurwedyjskie","17":"product_cat-suplementy","18":"product_cat-chyawanprasha","20":"first","21":"instock","22":"sale","23":"featured","24":"taxable","25":"shipping-taxable","26":"purchasable","27":"product-type-simple","28":"add-to-wishlist-before_image"},"acf":{"ilosc_sztuk_w_pudelku":"","ilosc_pudelek_w_kartonie":"","wykluczyc_z_szybkich_zakupow":""},"yoast_head":"<!-- This site is optimized with the Yoast SEO plugin v23.1 - https:\/\/yoast.com\/wordpress\/plugins\/seo\/ -->\n<title>Chyawanprash - 500g | Vanan - Deva Harmony Polska<\/title>\n<meta name=\"robots\" content=\"index, follow, max-snippet:-1, max-image-preview:large, max-video-preview:-1\" \/>\n<link rel=\"canonical\" href=\"https:\/\/devaharmony.com\/pl\/sklep\/chyawanprash-500g-vanan\/\" \/>\n<meta property=\"og:locale\" content=\"pl_PL\" \/>\n<meta property=\"og:type\" content=\"article\" \/>\n<meta property=\"og:title\" content=\"Chyawanprash - 500g | Vanan - Deva Harmony Polska\" \/>\n<meta property=\"og:description\" content=\"Tradycyjny ajurwedyjski suplement diety w formie pasty.      Zawiera aml\u0119, ghee, mi\u00f3d, ekstrakty zio\u0142owe i korzenne przyprawy.    Amla wspiera dobre samopoczucie fizyczne.    Zio\u0142a i przyprawy pomagaj\u0105 utrzyma\u0107 prawid\u0142owe trawienie.    Idealny jako codzienne uzupe\u0142nienie diety wspieraj\u0105ce og\u00f3lny dobrostan.   Termin wa\u017cno\u015bci 09.2027 Pojemno\u015b\u0107:\u00a0\u00a0500g\" \/>\n<meta property=\"og:url\" content=\"https:\/\/devaharmony.com\/pl\/sklep\/chyawanprash-500g-vanan\/\" \/>\n<meta property=\"og:site_name\" content=\"Deva Harmony Polska\" \/>\n<meta property=\"article:modified_time\" content=\"2026-04-16T06:40:22+00:00\" \/>\n<meta property=\"og:image\" content=\"https:\/\/devaharmony.com\/pl\/wp-content\/uploads\/2025\/11\/2dd30d2813b1b6e48acb7965bfb8c743.png\" \/>\n\t<meta property=\"og:image:width\" content=\"1080\" \/>\n\t<meta property=\"og:image:height\" content=\"1080\" \/>\n\t<meta property=\"og:image:type\" content=\"image\/png\" \/>\n<meta name=\"twitter:card\" content=\"summary_large_image\" \/>\n<meta name=\"twitter:label1\" content=\"Szacowany czas czytania\" \/>\n\t<meta name=\"twitter:data1\" content=\"2 minuty\" \/>\n<script type=\"application\/ld+json\" class=\"yoast-schema-graph\">{\"@context\":\"https:\/\/schema.org\",\"@graph\":[{\"@type\":\"WebPage\",\"@id\":\"https:\/\/devaharmony.com\/pl\/sklep\/chyawanprash-500g-vanan\/\",\"url\":\"https:\/\/devaharmony.com\/pl\/sklep\/chyawanprash-500g-vanan\/\",\"name\":\"Chyawanprash - 500g | Vanan - Deva Harmony Polska\",\"isPartOf\":{\"@id\":\"https:\/\/devaharmony.com\/pl\/#website\"},\"primaryImageOfPage\":{\"@id\":\"https:\/\/devaharmony.com\/pl\/sklep\/chyawanprash-500g-vanan\/#primaryimage\"},\"image\":{\"@id\":\"https:\/\/devaharmony.com\/pl\/sklep\/chyawanprash-500g-vanan\/#primaryimage\"},\"thumbnailUrl\":\"https:\/\/devaharmony.com\/pl\/wp-content\/uploads\/2025\/11\/2dd30d2813b1b6e48acb7965bfb8c743.png\",\"datePublished\":\"2025-11-26T09:49:42+00:00\",\"dateModified\":\"2026-04-16T06:40:22+00:00\",\"breadcrumb\":{\"@id\":\"https:\/\/devaharmony.com\/pl\/sklep\/chyawanprash-500g-vanan\/#breadcrumb\"},\"inLanguage\":\"pl-PL\",\"potentialAction\":[{\"@type\":\"ReadAction\",\"target\":[\"https:\/\/devaharmony.com\/pl\/sklep\/chyawanprash-500g-vanan\/\"]}]},{\"@type\":\"ImageObject\",\"inLanguage\":\"pl-PL\",\"@id\":\"https:\/\/devaharmony.com\/pl\/sklep\/chyawanprash-500g-vanan\/#primaryimage\",\"url\":\"https:\/\/devaharmony.com\/pl\/wp-content\/uploads\/2025\/11\/2dd30d2813b1b6e48acb7965bfb8c743.png\",\"contentUrl\":\"https:\/\/devaharmony.com\/pl\/wp-content\/uploads\/2025\/11\/2dd30d2813b1b6e48acb7965bfb8c743.png\",\"width\":1080,\"height\":1080},{\"@type\":\"BreadcrumbList\",\"@id\":\"https:\/\/devaharmony.com\/pl\/sklep\/chyawanprash-500g-vanan\/#breadcrumb\",\"itemListElement\":[{\"@type\":\"ListItem\",\"position\":1,\"name\":\"Strona g\u0142\u00f3wna\",\"item\":\"https:\/\/devaharmony.com\/pl\/\"},{\"@type\":\"ListItem\",\"position\":2,\"name\":\"Produkty Ajurwedyjskie\",\"item\":\"https:\/\/devaharmony.com\/pl\/produkty-ajurwedyjskie\/\"},{\"@type\":\"ListItem\",\"position\":3,\"name\":\"Chyawanprash &#8211; 500g | Vanan\"}]},{\"@type\":\"WebSite\",\"@id\":\"https:\/\/devaharmony.com\/pl\/#website\",\"url\":\"https:\/\/devaharmony.com\/pl\/\",\"name\":\"Deva Harmony Polska\",\"description\":\"Ajurwedyjskie Suplementy Diety\",\"potentialAction\":[{\"@type\":\"SearchAction\",\"target\":{\"@type\":\"EntryPoint\",\"urlTemplate\":\"https:\/\/devaharmony.com\/pl\/?s={search_term_string}\"},\"query-input\":\"required name=search_term_string\"}],\"inLanguage\":\"pl-PL\"}]}<\/script>\n<!-- \/ Yoast SEO plugin. -->","yoast_head_json":{"title":"Chyawanprash - 500g | Vanan - Deva Harmony Polska","robots":{"index":"index","follow":"follow","max-snippet":"max-snippet:-1","max-image-preview":"max-image-preview:large","max-video-preview":"max-video-preview:-1"},"canonical":"https:\/\/devaharmony.com\/pl\/sklep\/chyawanprash-500g-vanan\/","og_locale":"pl_PL","og_type":"article","og_title":"Chyawanprash - 500g | Vanan - Deva Harmony Polska","og_description":"Tradycyjny ajurwedyjski suplement diety w formie pasty.      Zawiera aml\u0119, ghee, mi\u00f3d, ekstrakty zio\u0142owe i korzenne przyprawy.    Amla wspiera dobre samopoczucie fizyczne.    Zio\u0142a i przyprawy pomagaj\u0105 utrzyma\u0107 prawid\u0142owe trawienie.    Idealny jako codzienne uzupe\u0142nienie diety wspieraj\u0105ce og\u00f3lny dobrostan.   Termin wa\u017cno\u015bci 09.2027 Pojemno\u015b\u0107:\u00a0\u00a0500g","og_url":"https:\/\/devaharmony.com\/pl\/sklep\/chyawanprash-500g-vanan\/","og_site_name":"Deva Harmony Polska","article_modified_time":"2026-04-16T06:40:22+00:00","og_image":[{"width":1080,"height":1080,"url":"https:\/\/devaharmony.com\/pl\/wp-content\/uploads\/2025\/11\/2dd30d2813b1b6e48acb7965bfb8c743.png","type":"image\/png"}],"twitter_card":"summary_large_image","twitter_misc":{"Szacowany czas czytania":"2 minuty"},"schema":{"@context":"https:\/\/schema.org","@graph":[{"@type":"WebPage","@id":"https:\/\/devaharmony.com\/pl\/sklep\/chyawanprash-500g-vanan\/","url":"https:\/\/devaharmony.com\/pl\/sklep\/chyawanprash-500g-vanan\/","name":"Chyawanprash - 500g | Vanan - Deva Harmony Polska","isPartOf":{"@id":"https:\/\/devaharmony.com\/pl\/#website"},"primaryImageOfPage":{"@id":"https:\/\/devaharmony.com\/pl\/sklep\/chyawanprash-500g-vanan\/#primaryimage"},"image":{"@id":"https:\/\/devaharmony.com\/pl\/sklep\/chyawanprash-500g-vanan\/#primaryimage"},"thumbnailUrl":"https:\/\/devaharmony.com\/pl\/wp-content\/uploads\/2025\/11\/2dd30d2813b1b6e48acb7965bfb8c743.png","datePublished":"2025-11-26T09:49:42+00:00","dateModified":"2026-04-16T06:40:22+00:00","breadcrumb":{"@id":"https:\/\/devaharmony.com\/pl\/sklep\/chyawanprash-500g-vanan\/#breadcrumb"},"inLanguage":"pl-PL","potentialAction":[{"@type":"ReadAction","target":["https:\/\/devaharmony.com\/pl\/sklep\/chyawanprash-500g-vanan\/"]}]},{"@type":"ImageObject","inLanguage":"pl-PL","@id":"https:\/\/devaharmony.com\/pl\/sklep\/chyawanprash-500g-vanan\/#primaryimage","url":"https:\/\/devaharmony.com\/pl\/wp-content\/uploads\/2025\/11\/2dd30d2813b1b6e48acb7965bfb8c743.png","contentUrl":"https:\/\/devaharmony.com\/pl\/wp-content\/uploads\/2025\/11\/2dd30d2813b1b6e48acb7965bfb8c743.png","width":1080,"height":1080},{"@type":"BreadcrumbList","@id":"https:\/\/devaharmony.com\/pl\/sklep\/chyawanprash-500g-vanan\/#breadcrumb","itemListElement":[{"@type":"ListItem","position":1,"name":"Strona g\u0142\u00f3wna","item":"https:\/\/devaharmony.com\/pl\/"},{"@type":"ListItem","position":2,"name":"Produkty Ajurwedyjskie","item":"https:\/\/devaharmony.com\/pl\/produkty-ajurwedyjskie\/"},{"@type":"ListItem","position":3,"name":"Chyawanprash &#8211; 500g | Vanan"}]},{"@type":"WebSite","@id":"https:\/\/devaharmony.com\/pl\/#website","url":"https:\/\/devaharmony.com\/pl\/","name":"Deva Harmony Polska","description":"Ajurwedyjskie Suplementy Diety","potentialAction":[{"@type":"SearchAction","target":{"@type":"EntryPoint","urlTemplate":"https:\/\/devaharmony.com\/pl\/?s={search_term_string}"},"query-input":"required name=search_term_string"}],"inLanguage":"pl-PL"}]}},"_links":{"self":[{"href":"https:\/\/devaharmony.com\/pl\/wp-json\/wp\/v2\/product\/47518","targetHints":{"allow":["GET"]}}],"collection":[{"href":"https:\/\/devaharmony.com\/pl\/wp-json\/wp\/v2\/product"}],"about":[{"href":"https:\/\/devaharmony.com\/pl\/wp-json\/wp\/v2\/types\/product"}],"wp:featuredmedia":[{"embeddable":true,"href":"https:\/\/devaharmony.com\/pl\/wp-json\/wp\/v2\/media\/47517"}],"wp:attachment":[{"href":"https:\/\/devaharmony.com\/pl\/wp-json\/wp\/v2\/media?parent=47518"}],"wp:term":[{"taxonomy":"product_brand","embeddable":true,"href":"https:\/\/devaharmony.com\/pl\/wp-json\/wp\/v2\/product_brand?post=47518"},{"taxonomy":"product_cat","embeddable":true,"href":"https:\/\/devaharmony.com\/pl\/wp-json\/wp\/v2\/product_cat?post=47518"},{"taxonomy":"product_tag","embeddable":true,"href":"https:\/\/devaharmony.com\/pl\/wp-json\/wp\/v2\/product_tag?post=47518"}],"curies":[{"name":"wp","href":"https:\/\/api.w.org\/{rel}","templated":true}]}}