{"id":47492,"date":"2025-11-24T14:19:18","date_gmt":"2025-11-24T13:19:18","guid":{"rendered":"https:\/\/devaharmony.com\/pl\/sklep\/krem-punktowy-turmeric-na-niedoskonalosci-15g-vanan\/"},"modified":"2026-04-10T20:36:21","modified_gmt":"2026-04-10T19:36:21","slug":"krem-punktowy-turmeric-na-niedoskonalosci-15g-vanan","status":"publish","type":"product","link":"https:\/\/devaharmony.com\/pl\/sklep\/krem-punktowy-turmeric-na-niedoskonalosci-15g-vanan\/","title":{"rendered":"Krem punktowy Turmeric &#8211; na niedoskona\u0142o\u015bci &#8211; 15g | Vanan"},"content":{"rendered":"<p><span style=\"font-family: Tahoma;\">Poczuj magi\u0119 Turmeric Lepam, pasty do punktowego stosowania w holistycznej piel\u0119gnacji sk\u00f3ry. Stworzona z czystych ekstrakt\u00f3w z kurkumy, o\u017cywia i oddzia\u0142uje pozytywnie na sk\u00f3r\u0119 tr\u0105dzikow\u0105. Naukowo znana ze swoich\u00a0<span style=\"font-weight: 600; color: inherit;\">w\u0142a\u015bciwo\u015bci antybakteryjnych<\/span>, kurkuma, wraz z pieprzem,\u00a0<span style=\"font-weight: 600; color: inherit;\">zapewnia naturalny blask<\/span>. Chroni sk\u00f3r\u0119 przed szkodliwym dzia\u0142aniem wolnych rodnik\u00f3w i pomaga poprawi\u0107 stan sk\u00f3ry tr\u0105dzikowej. Pomaga ukoi\u0107 i uspokoi\u0107\u00a0<span style=\"font-weight: 600; color: inherit;\">podra\u017cnion\u0105 sk\u00f3r\u0119, zmniejszaj\u0105c zaczerwienienia<\/span>\u00a0i nadaj\u0105c jej zdrowszy wygl\u0105d. Skutecznie tonizuje sk\u00f3r\u0119 i dodaje jej blasku. Delikatny i bezpieczny dla wszystkich rodzaj\u00f3w sk\u00f3ry<\/span><\/p>\n<p><span style=\"font-family: Tahoma;\">Turmeric Lepam &#8211; zio\u0142owa pasta stworzona do stosowania punktowego, zawieraj\u0105ca esencj\u0119 holistycznej i ajurwedyjskiej piel\u0119gnacji sk\u00f3ry. Stworzona z najczystszych ekstrakt\u00f3w z kurkumy, ta silna pasta jest dostosowana do potrzeb sk\u00f3ry tr\u0105dzikowej. Naukowo znana jako Curcuma longa, kurkuma odgrywa kluczow\u0105 rol\u0119 w recepturze, szczyc\u0105c si\u0119 w\u0142a\u015bciwo\u015bciami antybiotycznymi i przeciwdrobnoustrojowymi, kt\u00f3re tchn\u0105 \u017cycie w zm\u0119czon\u0105 sk\u00f3r\u0119. Naturalnie od\u015bwie\u017ca, oczyszcza i nadaje sk\u00f3rze w\u0142a\u015bciwy blask. \u017bywy \u017c\u00f3\u0142ty odcie\u0144 kurkumy Lepam jest \u015bwiadectwem obecno\u015bci kurkuminoid\u00f3w, znanych ze swoich w\u0142a\u015bciwo\u015bci przeciwstarzeniowych i poprawiaj\u0105cych kondycj\u0119 sk\u00f3ry. Aby jeszcze bardziej zwi\u0119kszy\u0107 skuteczno\u015b\u0107 formu\u0142y, znajduje si\u0119 w niej pieprz (Piper nigrum) jako bio-wzmacniacz, zwi\u0119kszaj\u0105cy wch\u0142anianie i intensyfikuj\u0105cy transformuj\u0105ce dzia\u0142anie produktu.<\/span><\/p>\n<p><span style=\"font-family: Tahoma;\">Odkryj moc natury dzi\u0119ki Turmeric Lepamowi z kurkumy &#8211; rzemie\u015blniczemu dzie\u0142u, kt\u00f3re zapewnia sk\u00f3rze piel\u0119gnacj\u0119, na jak\u0105 zas\u0142uguje.<\/span><\/p>\n<p><span style=\"font-family: Tahoma;\">\u00a0<\/span><\/p>\n<p style=\"margin-bottom: 0cm;\"><b>Produkt standaryzowany DER<\/b><\/p>\n<p style=\"margin-bottom: 0cm;\"><b>\u00a0<\/b><\/p>\n<p><span style=\"font-family: Tahoma;\"><span style=\"color: inherit; font-size: 14px; font-weight: 600;\">Pojemno\u015b\u0107:\u00a0<\/span><span style=\"font-size: 14px;\">15 ml<\/span><\/span><\/p>\n<p><span style=\"font-weight: 600; color: inherit;\"><span style=\"font-family: Tahoma;\">Producent:\u00a0<\/span><\/span><\/p>\n<p><span style=\"font-family: Tahoma;\"><span style=\"font-weight: 600; color: inherit;\">Kraj pochodzenia:\u00a0<\/span>Indie<\/span><\/p>\n<p><span style=\"font-family: Tahoma;\">\u00a0<\/span><\/p>\n<p><span style=\"font-family: Tahoma;\">*Nie stosowa\u0107 w przypadku nadwra\u017cliwo\u015bci na sk\u0142adniki preparatu.<\/span><\/p>\n<p><span style=\"font-family: Tahoma;\">*Przechowywa\u0107 w spos\u00f3b niedost\u0119pny dla ma\u0142ych dzieci. Chroni\u0107 przed \u015bwiat\u0142em i wilgoci\u0105.<\/span><\/p>\n<p><span style=\"font-family: Tahoma;\">*Opisany produkt jest kosmetykiem, nie jest produktem leczniczym, kt\u00f3remu przypisuje si\u0119 w\u0142a\u015bciwo\u015bci zapobiegania lub leczenie chor\u00f3b wyst\u0119puj\u0105cych u ludzi.<\/span><\/p>\n<p><span style=\"font-family: Tahoma;\">*Niekt\u00f3re preparaty zio\u0142owe mog\u0105 wywo\u0142ywa\u0107 silne dzia\u0142anie, dlatego nale\u017cy przestrzega\u0107 wszystkich zalece\u0144 i ogranicze\u0144 podanych przez producenta<\/span><\/p>\n","protected":false},"excerpt":{"rendered":"<p><span style=\"font-weight: 600; color: inherit;\"><span style=\"font-family: Tahoma;\">Przeciw tr\u0105dzikowi i niedoskona\u0142o\u015bciom<\/span><\/span><\/p>\n<p><span style=\"font-weight: 600; color: inherit;\"><span style=\"font-family: Tahoma;\">\u00a0<\/span><\/span><\/p>\n<ul>\n<li><span style=\"color: #424242; font-family: Tahoma;\"><span style=\"font-size: 14.6667px;\">Poprawia koloryt sk\u00f3ry<\/span><\/span><\/li>\n<li><span style=\"color: #424242; font-family: Tahoma;\"><span style=\"font-size: 14.6667px;\">Piel\u0119gnuje i od\u017cywia sk\u00f3r\u0119<\/span><\/span><\/li>\n<li><span style=\"color: #424242; font-family: Tahoma;\"><span style=\"font-size: 14.6667px;\">Pomaga w zwalczaniu tr\u0105dziku<\/span><\/span><\/li>\n<li><span style=\"color: #424242; font-family: Tahoma;\"><span style=\"font-size: 14.6667px;\">Chroni sk\u00f3r\u0119 przed szkodliwym dzia\u0142aniem wolnych rodnik\u00f3w\u00a0\u00a0<\/span><\/span><\/li>\n<li><span style=\"color: #424242; font-family: Tahoma;\"><span style=\"font-size: 14.6667px;\">Tonizuje i dodaje blasku sk\u00f3rze<\/span><\/span><\/li>\n<li><span style=\"color: #424242; font-family: Tahoma;\"><span style=\"font-size: 14.6667px;\">\u0141agodzi podra\u017cnienia, zmniejsza zaczerwienienia sk\u00f3ry<\/span><\/span><\/li>\n<li><span style=\"color: #424242; font-family: Tahoma;\"><span style=\"font-size: 14.6667px;\">Poprawia kondycj\u0119 sk\u00f3ry<\/span><\/span><\/li>\n<\/ul>\n<p><span style=\"color: #000000; font-family: Tahoma;\"><span style=\"font-size: 14.6667px;\">\u00a0<\/span><\/span><\/p>\n<div><span style=\"font-family: Tahoma;\"><span style=\"font-weight: 600; color: inherit;\">Pojemno\u015b\u0107:\u00a0<\/span>15 ml<\/span><\/div>\n<div><span style=\"font-family: Tahoma;\">\u00a0<\/span><\/div>\n<div><\/div>\n","protected":false},"featured_media":47489,"template":"","meta":{"_editorskit_title_hidden":false,"_editorskit_reading_time":0,"_editorskit_is_block_options_detached":false,"_editorskit_block_options_position":"{}"},"product_brand":[],"product_cat":[645,499,491,496,500,444,17,50,53],"product_tag":[],"class_list":{"0":"post-47492","1":"product","2":"type-product","3":"status-publish","4":"has-post-thumbnail","6":"product_cat-green-week","7":"product_cat-marki","8":"product_cat-przeznaczenie-produktow","9":"product_cat-twarz-kosmetyki","10":"product_cat-vanan","11":"product_cat-zabiegi-kosmetyczne","12":"product_cat-kosmetyki","13":"product_cat-pielegnacja-ciala","14":"product_cat-twarz","16":"first","17":"instock","18":"taxable","19":"shipping-taxable","20":"purchasable","21":"product-type-simple","22":"add-to-wishlist-before_image"},"acf":{"ilosc_sztuk_w_pudelku":"","ilosc_pudelek_w_kartonie":"","wykluczyc_z_szybkich_zakupow":""},"yoast_head":"<!-- This site is optimized with the Yoast SEO plugin v23.1 - https:\/\/yoast.com\/wordpress\/plugins\/seo\/ -->\n<title>Krem punktowy Turmeric - na niedoskona\u0142o\u015bci - 15g | Vanan - Deva Harmony Polska<\/title>\n<meta name=\"robots\" content=\"index, follow, max-snippet:-1, max-image-preview:large, max-video-preview:-1\" \/>\n<link rel=\"canonical\" href=\"https:\/\/devaharmony.com\/pl\/sklep\/krem-punktowy-turmeric-na-niedoskonalosci-15g-vanan\/\" \/>\n<meta property=\"og:locale\" content=\"pl_PL\" \/>\n<meta property=\"og:type\" content=\"article\" \/>\n<meta property=\"og:title\" content=\"Krem punktowy Turmeric - na niedoskona\u0142o\u015bci - 15g | Vanan - Deva Harmony Polska\" \/>\n<meta property=\"og:description\" content=\"Przeciw tr\u0105dzikowi i niedoskona\u0142o\u015bciom  \u00a0   Poprawia koloryt sk\u00f3ry  Piel\u0119gnuje i od\u017cywia sk\u00f3r\u0119  Pomaga w zwalczaniu tr\u0105dziku  Chroni sk\u00f3r\u0119 przed szkodliwym dzia\u0142aniem wolnych rodnik\u00f3w\u00a0\u00a0  Tonizuje i dodaje blasku sk\u00f3rze  \u0141agodzi podra\u017cnienia, zmniejsza zaczerwienienia sk\u00f3ry  Poprawia kondycj\u0119 sk\u00f3ry  \u00a0 Pojemno\u015b\u0107:\u00a015 ml \u00a0\" \/>\n<meta property=\"og:url\" content=\"https:\/\/devaharmony.com\/pl\/sklep\/krem-punktowy-turmeric-na-niedoskonalosci-15g-vanan\/\" \/>\n<meta property=\"og:site_name\" content=\"Deva Harmony Polska\" \/>\n<meta property=\"article:modified_time\" content=\"2026-04-10T19:36:21+00:00\" \/>\n<meta property=\"og:image\" content=\"https:\/\/devaharmony.com\/pl\/wp-content\/uploads\/2025\/11\/4a98c9e3c0ff17a0d1cdee901a9b686f.png\" \/>\n\t<meta property=\"og:image:width\" content=\"1080\" \/>\n\t<meta property=\"og:image:height\" content=\"1080\" \/>\n\t<meta property=\"og:image:type\" content=\"image\/png\" \/>\n<meta name=\"twitter:card\" content=\"summary_large_image\" \/>\n<meta name=\"twitter:label1\" content=\"Szacowany czas czytania\" \/>\n\t<meta name=\"twitter:data1\" content=\"2 minuty\" \/>\n<script type=\"application\/ld+json\" class=\"yoast-schema-graph\">{\"@context\":\"https:\/\/schema.org\",\"@graph\":[{\"@type\":\"WebPage\",\"@id\":\"https:\/\/devaharmony.com\/pl\/sklep\/krem-punktowy-turmeric-na-niedoskonalosci-15g-vanan\/\",\"url\":\"https:\/\/devaharmony.com\/pl\/sklep\/krem-punktowy-turmeric-na-niedoskonalosci-15g-vanan\/\",\"name\":\"Krem punktowy Turmeric - na niedoskona\u0142o\u015bci - 15g | Vanan - Deva Harmony Polska\",\"isPartOf\":{\"@id\":\"https:\/\/devaharmony.com\/pl\/#website\"},\"primaryImageOfPage\":{\"@id\":\"https:\/\/devaharmony.com\/pl\/sklep\/krem-punktowy-turmeric-na-niedoskonalosci-15g-vanan\/#primaryimage\"},\"image\":{\"@id\":\"https:\/\/devaharmony.com\/pl\/sklep\/krem-punktowy-turmeric-na-niedoskonalosci-15g-vanan\/#primaryimage\"},\"thumbnailUrl\":\"https:\/\/devaharmony.com\/pl\/wp-content\/uploads\/2025\/11\/4a98c9e3c0ff17a0d1cdee901a9b686f.png\",\"datePublished\":\"2025-11-24T13:19:18+00:00\",\"dateModified\":\"2026-04-10T19:36:21+00:00\",\"breadcrumb\":{\"@id\":\"https:\/\/devaharmony.com\/pl\/sklep\/krem-punktowy-turmeric-na-niedoskonalosci-15g-vanan\/#breadcrumb\"},\"inLanguage\":\"pl-PL\",\"potentialAction\":[{\"@type\":\"ReadAction\",\"target\":[\"https:\/\/devaharmony.com\/pl\/sklep\/krem-punktowy-turmeric-na-niedoskonalosci-15g-vanan\/\"]}]},{\"@type\":\"ImageObject\",\"inLanguage\":\"pl-PL\",\"@id\":\"https:\/\/devaharmony.com\/pl\/sklep\/krem-punktowy-turmeric-na-niedoskonalosci-15g-vanan\/#primaryimage\",\"url\":\"https:\/\/devaharmony.com\/pl\/wp-content\/uploads\/2025\/11\/4a98c9e3c0ff17a0d1cdee901a9b686f.png\",\"contentUrl\":\"https:\/\/devaharmony.com\/pl\/wp-content\/uploads\/2025\/11\/4a98c9e3c0ff17a0d1cdee901a9b686f.png\",\"width\":1080,\"height\":1080},{\"@type\":\"BreadcrumbList\",\"@id\":\"https:\/\/devaharmony.com\/pl\/sklep\/krem-punktowy-turmeric-na-niedoskonalosci-15g-vanan\/#breadcrumb\",\"itemListElement\":[{\"@type\":\"ListItem\",\"position\":1,\"name\":\"Strona g\u0142\u00f3wna\",\"item\":\"https:\/\/devaharmony.com\/pl\/\"},{\"@type\":\"ListItem\",\"position\":2,\"name\":\"Produkty Ajurwedyjskie\",\"item\":\"https:\/\/devaharmony.com\/pl\/produkty-ajurwedyjskie\/\"},{\"@type\":\"ListItem\",\"position\":3,\"name\":\"Krem punktowy Turmeric &#8211; na niedoskona\u0142o\u015bci &#8211; 15g | Vanan\"}]},{\"@type\":\"WebSite\",\"@id\":\"https:\/\/devaharmony.com\/pl\/#website\",\"url\":\"https:\/\/devaharmony.com\/pl\/\",\"name\":\"Deva Harmony Polska\",\"description\":\"Ajurwedyjskie Suplementy Diety\",\"potentialAction\":[{\"@type\":\"SearchAction\",\"target\":{\"@type\":\"EntryPoint\",\"urlTemplate\":\"https:\/\/devaharmony.com\/pl\/?s={search_term_string}\"},\"query-input\":\"required name=search_term_string\"}],\"inLanguage\":\"pl-PL\"}]}<\/script>\n<!-- \/ Yoast SEO plugin. -->","yoast_head_json":{"title":"Krem punktowy Turmeric - na niedoskona\u0142o\u015bci - 15g | Vanan - Deva Harmony Polska","robots":{"index":"index","follow":"follow","max-snippet":"max-snippet:-1","max-image-preview":"max-image-preview:large","max-video-preview":"max-video-preview:-1"},"canonical":"https:\/\/devaharmony.com\/pl\/sklep\/krem-punktowy-turmeric-na-niedoskonalosci-15g-vanan\/","og_locale":"pl_PL","og_type":"article","og_title":"Krem punktowy Turmeric - na niedoskona\u0142o\u015bci - 15g | Vanan - Deva Harmony Polska","og_description":"Przeciw tr\u0105dzikowi i niedoskona\u0142o\u015bciom  \u00a0   Poprawia koloryt sk\u00f3ry  Piel\u0119gnuje i od\u017cywia sk\u00f3r\u0119  Pomaga w zwalczaniu tr\u0105dziku  Chroni sk\u00f3r\u0119 przed szkodliwym dzia\u0142aniem wolnych rodnik\u00f3w\u00a0\u00a0  Tonizuje i dodaje blasku sk\u00f3rze  \u0141agodzi podra\u017cnienia, zmniejsza zaczerwienienia sk\u00f3ry  Poprawia kondycj\u0119 sk\u00f3ry  \u00a0 Pojemno\u015b\u0107:\u00a015 ml \u00a0","og_url":"https:\/\/devaharmony.com\/pl\/sklep\/krem-punktowy-turmeric-na-niedoskonalosci-15g-vanan\/","og_site_name":"Deva Harmony Polska","article_modified_time":"2026-04-10T19:36:21+00:00","og_image":[{"width":1080,"height":1080,"url":"https:\/\/devaharmony.com\/pl\/wp-content\/uploads\/2025\/11\/4a98c9e3c0ff17a0d1cdee901a9b686f.png","type":"image\/png"}],"twitter_card":"summary_large_image","twitter_misc":{"Szacowany czas czytania":"2 minuty"},"schema":{"@context":"https:\/\/schema.org","@graph":[{"@type":"WebPage","@id":"https:\/\/devaharmony.com\/pl\/sklep\/krem-punktowy-turmeric-na-niedoskonalosci-15g-vanan\/","url":"https:\/\/devaharmony.com\/pl\/sklep\/krem-punktowy-turmeric-na-niedoskonalosci-15g-vanan\/","name":"Krem punktowy Turmeric - na niedoskona\u0142o\u015bci - 15g | Vanan - Deva Harmony Polska","isPartOf":{"@id":"https:\/\/devaharmony.com\/pl\/#website"},"primaryImageOfPage":{"@id":"https:\/\/devaharmony.com\/pl\/sklep\/krem-punktowy-turmeric-na-niedoskonalosci-15g-vanan\/#primaryimage"},"image":{"@id":"https:\/\/devaharmony.com\/pl\/sklep\/krem-punktowy-turmeric-na-niedoskonalosci-15g-vanan\/#primaryimage"},"thumbnailUrl":"https:\/\/devaharmony.com\/pl\/wp-content\/uploads\/2025\/11\/4a98c9e3c0ff17a0d1cdee901a9b686f.png","datePublished":"2025-11-24T13:19:18+00:00","dateModified":"2026-04-10T19:36:21+00:00","breadcrumb":{"@id":"https:\/\/devaharmony.com\/pl\/sklep\/krem-punktowy-turmeric-na-niedoskonalosci-15g-vanan\/#breadcrumb"},"inLanguage":"pl-PL","potentialAction":[{"@type":"ReadAction","target":["https:\/\/devaharmony.com\/pl\/sklep\/krem-punktowy-turmeric-na-niedoskonalosci-15g-vanan\/"]}]},{"@type":"ImageObject","inLanguage":"pl-PL","@id":"https:\/\/devaharmony.com\/pl\/sklep\/krem-punktowy-turmeric-na-niedoskonalosci-15g-vanan\/#primaryimage","url":"https:\/\/devaharmony.com\/pl\/wp-content\/uploads\/2025\/11\/4a98c9e3c0ff17a0d1cdee901a9b686f.png","contentUrl":"https:\/\/devaharmony.com\/pl\/wp-content\/uploads\/2025\/11\/4a98c9e3c0ff17a0d1cdee901a9b686f.png","width":1080,"height":1080},{"@type":"BreadcrumbList","@id":"https:\/\/devaharmony.com\/pl\/sklep\/krem-punktowy-turmeric-na-niedoskonalosci-15g-vanan\/#breadcrumb","itemListElement":[{"@type":"ListItem","position":1,"name":"Strona g\u0142\u00f3wna","item":"https:\/\/devaharmony.com\/pl\/"},{"@type":"ListItem","position":2,"name":"Produkty Ajurwedyjskie","item":"https:\/\/devaharmony.com\/pl\/produkty-ajurwedyjskie\/"},{"@type":"ListItem","position":3,"name":"Krem punktowy Turmeric &#8211; na niedoskona\u0142o\u015bci &#8211; 15g | Vanan"}]},{"@type":"WebSite","@id":"https:\/\/devaharmony.com\/pl\/#website","url":"https:\/\/devaharmony.com\/pl\/","name":"Deva Harmony Polska","description":"Ajurwedyjskie Suplementy Diety","potentialAction":[{"@type":"SearchAction","target":{"@type":"EntryPoint","urlTemplate":"https:\/\/devaharmony.com\/pl\/?s={search_term_string}"},"query-input":"required name=search_term_string"}],"inLanguage":"pl-PL"}]}},"_links":{"self":[{"href":"https:\/\/devaharmony.com\/pl\/wp-json\/wp\/v2\/product\/47492","targetHints":{"allow":["GET"]}}],"collection":[{"href":"https:\/\/devaharmony.com\/pl\/wp-json\/wp\/v2\/product"}],"about":[{"href":"https:\/\/devaharmony.com\/pl\/wp-json\/wp\/v2\/types\/product"}],"wp:featuredmedia":[{"embeddable":true,"href":"https:\/\/devaharmony.com\/pl\/wp-json\/wp\/v2\/media\/47489"}],"wp:attachment":[{"href":"https:\/\/devaharmony.com\/pl\/wp-json\/wp\/v2\/media?parent=47492"}],"wp:term":[{"taxonomy":"product_brand","embeddable":true,"href":"https:\/\/devaharmony.com\/pl\/wp-json\/wp\/v2\/product_brand?post=47492"},{"taxonomy":"product_cat","embeddable":true,"href":"https:\/\/devaharmony.com\/pl\/wp-json\/wp\/v2\/product_cat?post=47492"},{"taxonomy":"product_tag","embeddable":true,"href":"https:\/\/devaharmony.com\/pl\/wp-json\/wp\/v2\/product_tag?post=47492"}],"curies":[{"name":"wp","href":"https:\/\/api.w.org\/{rel}","templated":true}]}}