{"id":47488,"date":"2025-11-24T14:18:10","date_gmt":"2025-11-24T13:18:10","guid":{"rendered":"https:\/\/devaharmony.com\/pl\/sklep\/krem-punktowy-valina-na-zmarszczki-15g-vanan\/"},"modified":"2026-04-10T20:46:25","modified_gmt":"2026-04-10T19:46:25","slug":"krem-punktowy-valina-na-zmarszczki-15g-vanan","status":"publish","type":"product","link":"https:\/\/devaharmony.com\/pl\/sklep\/krem-punktowy-valina-na-zmarszczki-15g-vanan\/","title":{"rendered":"Krem punktowy Valina &#8211; na zmarszczki &#8211; 15g | Vanan"},"content":{"rendered":"<p><span style=\"font-family: Tahoma;\">Valina Lepam to <b>skoncentrowana ajurwedyjska pasta zio\u0142owa<\/b> zawieraj\u0105ca ekstrakt z pestek winogron do precyzyjnego leczenia punktowego. Wzbogacona resweratrolem, <b>redukuje zmarszczki i poprawia og\u00f3lny stan sk\u00f3ry<\/b>. Sza\u0142wia indyjska zapewnia naturaln\u0105 ochron\u0119 przed promieniowaniem UV, a pieprz dzia\u0142a jako bio-wzmacniacz zapewniaj\u0105cy doskona\u0142e wch\u0142anianie. Valina Lepam pomaga zredukowa\u0107<b> drobne linie, ciemne plamy, zmarszczki i oznaki starzenia.<\/b> Poprawia elastyczno\u015b\u0107 sk\u00f3ry i sprawia, \u017ce staje si\u0119 ona j\u0119drna i g\u0142adka. Chroni sk\u00f3r\u0119 przed szkodliwym dzia\u0142aniem wolnych rodnik\u00f3w, przywracaj\u0105c sk\u00f3rze m\u0142odzie\u0144czy blask.<\/span><\/p>\n<p><span style=\"font-family: Tahoma;\">Valina Lepam to wyj\u0105tkowa ajurwedyjska pasta zio\u0142owa stworzona do stosowania punktowego, wykorzystuj\u0105ca naturaln\u0105 moc przeciwutleniaj\u0105c\u0105 ekstraktu z pestek winogron, Vitis Vinifera. Znana ze swoich w\u0142a\u015bciwo\u015bci goj\u0105cych rany i przeciwzapalnych. Pomaga w nawil\u017ceniu sk\u00f3ry oraz zmniejsza widoczno\u015b\u0107 zmarszczek i wyprysk\u00f3w. Ekstrakt z pestek winogron piel\u0119gnuje sk\u00f3r\u0119, jednocze\u015bnie uzupe\u0142niaj\u0105c poziom jej nawil\u017cenia. Jego wyj\u0105tkowa zdolno\u015b\u0107 do zwi\u0119kszenia wchanialno\u015bci innych sk\u0142adnik\u00f3w przyczynia si\u0119 do og\u00f3lnego zdrowia cery, z\u0142uszczania i od\u017cywiania sk\u00f3ry. Wzbogacony o resweratrol oligomeryczne procyjanidyny (OPC), silne bioflawonoidy o w\u0142a\u015bciwo\u015bciach przeciwutleniaj\u0105cych, ten dynamiczny sk\u0142adnik wzmacnia i przywraca g\u0142adk\u0105struktur\u0119 sk\u00f3ry.<\/span><\/p>\n<p><span style=\"font-family: Tahoma;\">Indian Madder, czyli Rubia cordifolia, naturalny zio\u0142owy sk\u0142adnik chroni\u0105cy przed promieniowaniem UV, posiadaj\u0105cy naturalny filtr SPF. Opr\u00f3cz ochrony przed promieniami s\u0142onecznymi, wykazuje dzia\u0142anie antybakteryjne przeciwko tr\u0105dzikowi i doskonale kontroluje opalenizn\u0119 sk\u00f3ry wynikaj\u0105c\u0105 z ekspozycji na \u015bwiat\u0142o s\u0142oneczne i promienie UV. Odgrywaj\u0105cy kluczow\u0105 rol\u0119 jako bio-wzmacniacz, pieprz (Piper nigrum) zajmuje centralne miejsce w formule, promuj\u0105c doskona\u0142e wch\u0142anianie i intensyfikuj\u0105c dzia\u0142anie produktu. Jego dzia\u0142anie antybakteryjne staje si\u0119 nieocenionym atutem w walce z tr\u0105dzikiem. Valina Lepam wykracza poza konwencjonaln\u0105 piel\u0119gnacj\u0119 sk\u00f3ry, oferuj\u0105c nie tylko leczenie, ale tak\u017ce piel\u0119gnacj\u0119, kt\u00f3ra zwi\u0119ksza poziom nawil\u017cenia, ods\u0142aniaj\u0105c m\u0142odzie\u0144czy i elastyczny wygl\u0105d. Poznaj szczyt holistycznej piel\u0119gnacji sk\u00f3ry z Valina Lepam.\u00a0<\/span><\/p>\n<p><span style=\"font-family: Tahoma;\">\u00a0<\/span><\/p>\n<p style=\"margin-bottom: 0cm;\"><b>Produkt standaryzowany DER<\/b><\/p>\n<p style=\"margin-bottom: 0cm;\"><b>\u00a0<\/b><\/p>\n<p><span style=\"font-family: Tahoma;\"><b>Pojemno\u015b\u0107:<\/b> 15 ml<\/span><\/p>\n<p><b><span style=\"font-family: Tahoma;\">Producent:\u00a0<\/span><\/b><\/p>\n<p><span style=\"font-family: Tahoma;\"><b>Kraj pochodzenia: <\/b>Indie<\/span><\/p>\n<p><span style=\"font-family: Tahoma;\">\u00a0<\/span><\/p>\n<p><span style=\"font-family: Tahoma;\">*Nie stosowa\u0107 w przypadku nadwra\u017cliwo\u015bci na sk\u0142adniki preparatu.<\/span><\/p>\n<p><span style=\"font-family: Tahoma;\">*Przechowywa\u0107 w spos\u00f3b niedost\u0119pny dla ma\u0142ych dzieci. Chroni\u0107 przed \u015bwiat\u0142em i wilgoci\u0105.<\/span><\/p>\n<p><span style=\"font-family: Tahoma;\">*Opisany produkt jest kosmetykiem, nie jest produktem leczniczym, kt\u00f3remu przypisuje si\u0119 w\u0142a\u015bciwo\u015bci zapobiegania lub leczenie chor\u00f3b wyst\u0119puj\u0105cych u ludzi.<\/span><\/p>\n<p><span style=\"font-family: Tahoma;\">*Niekt\u00f3re preparaty zio\u0142owe mog\u0105 wywo\u0142ywa\u0107 silne dzia\u0142anie, dlatego nale\u017cy przestrzega\u0107 wszystkich zalece\u0144 i ogranicze\u0144 podanych przez producenta<\/span><\/p>\n<div><\/div>\n","protected":false},"excerpt":{"rendered":"<p><b><span style=\"font-family: Tahoma;\">Redukcja zmarszczek i poprawa og\u00f3lnego stanu sk\u00f3ry<\/span><\/b><\/p>\n<ul>\n<li><span style=\"font-family: Tahoma;\">Poprawia koloryt\u00a0<\/span><\/li>\n<li><span style=\"font-family: Tahoma;\">Piel\u0119gnuje i od\u017cywia\u00a0<\/span><\/li>\n<li><span style=\"font-family: Tahoma;\">Pomaga w zwalczaniu tr\u0105dziku<\/span><\/li>\n<li><span style=\"font-family: Tahoma;\">Chroni sk\u00f3r\u0119 przed szkodliwym dzia\u0142aniem wolnych rodnik\u00f3w\u00a0\u00a0<\/span><\/li>\n<li><span style=\"font-family: Tahoma;\">Tonizuje i dodaje blasku\u00a0<\/span><\/li>\n<li><span style=\"font-family: Tahoma;\">\u0141agodzi podra\u017cnienia, zmniejsza zaczerwienienia\u00a0<\/span><\/li>\n<li><span style=\"font-family: Tahoma;\">Poprawia kondycj\u0119 sk\u00f3ry<\/span><\/li>\n<li><span style=\"font-family: Tahoma;\">Pomaga zmniejszy\u0107 widoczno\u015b\u0107 zmarszczek<\/span><\/li>\n<\/ul>\n<div><span style=\"font-family: Tahoma;\">\u00a0<\/span><\/div>\n<div><span style=\"font-family: Tahoma;\"><b>Pojemno\u015b\u0107: <\/b>15 ml<\/span><\/div>\n<p>&nbsp;<\/p>\n","protected":false},"featured_media":47486,"template":"","meta":{"_editorskit_title_hidden":false,"_editorskit_reading_time":0,"_editorskit_is_block_options_detached":false,"_editorskit_block_options_position":"{}"},"product_brand":[],"product_cat":[645,499,491,500,444,50,53],"product_tag":[],"class_list":{"0":"post-47488","1":"product","2":"type-product","3":"status-publish","4":"has-post-thumbnail","6":"product_cat-green-week","7":"product_cat-marki","8":"product_cat-przeznaczenie-produktow","9":"product_cat-vanan","10":"product_cat-zabiegi-kosmetyczne","11":"product_cat-pielegnacja-ciala","12":"product_cat-twarz","14":"first","15":"instock","16":"taxable","17":"shipping-taxable","18":"purchasable","19":"product-type-simple","20":"add-to-wishlist-before_image"},"acf":{"ilosc_sztuk_w_pudelku":"","ilosc_pudelek_w_kartonie":"","wykluczyc_z_szybkich_zakupow":""},"yoast_head":"<!-- This site is optimized with the Yoast SEO plugin v23.1 - https:\/\/yoast.com\/wordpress\/plugins\/seo\/ -->\n<title>Krem punktowy Valina - na zmarszczki - 15g | Vanan - Deva Harmony Polska<\/title>\n<meta name=\"robots\" content=\"index, follow, max-snippet:-1, max-image-preview:large, max-video-preview:-1\" \/>\n<link rel=\"canonical\" href=\"https:\/\/devaharmony.com\/pl\/sklep\/krem-punktowy-valina-na-zmarszczki-15g-vanan\/\" \/>\n<meta property=\"og:locale\" content=\"pl_PL\" \/>\n<meta property=\"og:type\" content=\"article\" \/>\n<meta property=\"og:title\" content=\"Krem punktowy Valina - na zmarszczki - 15g | Vanan - Deva Harmony Polska\" \/>\n<meta property=\"og:description\" content=\"Redukcja zmarszczek i poprawa og\u00f3lnego stanu sk\u00f3ry   Poprawia koloryt\u00a0  Piel\u0119gnuje i od\u017cywia\u00a0  Pomaga w zwalczaniu tr\u0105dziku  Chroni sk\u00f3r\u0119 przed szkodliwym dzia\u0142aniem wolnych rodnik\u00f3w\u00a0\u00a0  Tonizuje i dodaje blasku\u00a0  \u0141agodzi podra\u017cnienia, zmniejsza zaczerwienienia\u00a0  Poprawia kondycj\u0119 sk\u00f3ry  Pomaga zmniejszy\u0107 widoczno\u015b\u0107 zmarszczek  \u00a0 Pojemno\u015b\u0107: 15 ml &nbsp;\" \/>\n<meta property=\"og:url\" content=\"https:\/\/devaharmony.com\/pl\/sklep\/krem-punktowy-valina-na-zmarszczki-15g-vanan\/\" \/>\n<meta property=\"og:site_name\" content=\"Deva Harmony Polska\" \/>\n<meta property=\"article:modified_time\" content=\"2026-04-10T19:46:25+00:00\" \/>\n<meta property=\"og:image\" content=\"https:\/\/devaharmony.com\/pl\/wp-content\/uploads\/2025\/11\/dd10a2853cc23a1cdc3717d35ba2ba72.png\" \/>\n\t<meta property=\"og:image:width\" content=\"1080\" \/>\n\t<meta property=\"og:image:height\" content=\"1080\" \/>\n\t<meta property=\"og:image:type\" content=\"image\/png\" \/>\n<meta name=\"twitter:card\" content=\"summary_large_image\" \/>\n<meta name=\"twitter:label1\" content=\"Szacowany czas czytania\" \/>\n\t<meta name=\"twitter:data1\" content=\"3 minuty\" \/>\n<script type=\"application\/ld+json\" class=\"yoast-schema-graph\">{\"@context\":\"https:\/\/schema.org\",\"@graph\":[{\"@type\":\"WebPage\",\"@id\":\"https:\/\/devaharmony.com\/pl\/sklep\/krem-punktowy-valina-na-zmarszczki-15g-vanan\/\",\"url\":\"https:\/\/devaharmony.com\/pl\/sklep\/krem-punktowy-valina-na-zmarszczki-15g-vanan\/\",\"name\":\"Krem punktowy Valina - na zmarszczki - 15g | Vanan - Deva Harmony Polska\",\"isPartOf\":{\"@id\":\"https:\/\/devaharmony.com\/pl\/#website\"},\"primaryImageOfPage\":{\"@id\":\"https:\/\/devaharmony.com\/pl\/sklep\/krem-punktowy-valina-na-zmarszczki-15g-vanan\/#primaryimage\"},\"image\":{\"@id\":\"https:\/\/devaharmony.com\/pl\/sklep\/krem-punktowy-valina-na-zmarszczki-15g-vanan\/#primaryimage\"},\"thumbnailUrl\":\"https:\/\/devaharmony.com\/pl\/wp-content\/uploads\/2025\/11\/dd10a2853cc23a1cdc3717d35ba2ba72.png\",\"datePublished\":\"2025-11-24T13:18:10+00:00\",\"dateModified\":\"2026-04-10T19:46:25+00:00\",\"breadcrumb\":{\"@id\":\"https:\/\/devaharmony.com\/pl\/sklep\/krem-punktowy-valina-na-zmarszczki-15g-vanan\/#breadcrumb\"},\"inLanguage\":\"pl-PL\",\"potentialAction\":[{\"@type\":\"ReadAction\",\"target\":[\"https:\/\/devaharmony.com\/pl\/sklep\/krem-punktowy-valina-na-zmarszczki-15g-vanan\/\"]}]},{\"@type\":\"ImageObject\",\"inLanguage\":\"pl-PL\",\"@id\":\"https:\/\/devaharmony.com\/pl\/sklep\/krem-punktowy-valina-na-zmarszczki-15g-vanan\/#primaryimage\",\"url\":\"https:\/\/devaharmony.com\/pl\/wp-content\/uploads\/2025\/11\/dd10a2853cc23a1cdc3717d35ba2ba72.png\",\"contentUrl\":\"https:\/\/devaharmony.com\/pl\/wp-content\/uploads\/2025\/11\/dd10a2853cc23a1cdc3717d35ba2ba72.png\",\"width\":1080,\"height\":1080},{\"@type\":\"BreadcrumbList\",\"@id\":\"https:\/\/devaharmony.com\/pl\/sklep\/krem-punktowy-valina-na-zmarszczki-15g-vanan\/#breadcrumb\",\"itemListElement\":[{\"@type\":\"ListItem\",\"position\":1,\"name\":\"Strona g\u0142\u00f3wna\",\"item\":\"https:\/\/devaharmony.com\/pl\/\"},{\"@type\":\"ListItem\",\"position\":2,\"name\":\"Produkty Ajurwedyjskie\",\"item\":\"https:\/\/devaharmony.com\/pl\/produkty-ajurwedyjskie\/\"},{\"@type\":\"ListItem\",\"position\":3,\"name\":\"Krem punktowy Valina &#8211; na zmarszczki &#8211; 15g | Vanan\"}]},{\"@type\":\"WebSite\",\"@id\":\"https:\/\/devaharmony.com\/pl\/#website\",\"url\":\"https:\/\/devaharmony.com\/pl\/\",\"name\":\"Deva Harmony Polska\",\"description\":\"Ajurwedyjskie Suplementy Diety\",\"potentialAction\":[{\"@type\":\"SearchAction\",\"target\":{\"@type\":\"EntryPoint\",\"urlTemplate\":\"https:\/\/devaharmony.com\/pl\/?s={search_term_string}\"},\"query-input\":\"required name=search_term_string\"}],\"inLanguage\":\"pl-PL\"}]}<\/script>\n<!-- \/ Yoast SEO plugin. -->","yoast_head_json":{"title":"Krem punktowy Valina - na zmarszczki - 15g | Vanan - Deva Harmony Polska","robots":{"index":"index","follow":"follow","max-snippet":"max-snippet:-1","max-image-preview":"max-image-preview:large","max-video-preview":"max-video-preview:-1"},"canonical":"https:\/\/devaharmony.com\/pl\/sklep\/krem-punktowy-valina-na-zmarszczki-15g-vanan\/","og_locale":"pl_PL","og_type":"article","og_title":"Krem punktowy Valina - na zmarszczki - 15g | Vanan - Deva Harmony Polska","og_description":"Redukcja zmarszczek i poprawa og\u00f3lnego stanu sk\u00f3ry   Poprawia koloryt\u00a0  Piel\u0119gnuje i od\u017cywia\u00a0  Pomaga w zwalczaniu tr\u0105dziku  Chroni sk\u00f3r\u0119 przed szkodliwym dzia\u0142aniem wolnych rodnik\u00f3w\u00a0\u00a0  Tonizuje i dodaje blasku\u00a0  \u0141agodzi podra\u017cnienia, zmniejsza zaczerwienienia\u00a0  Poprawia kondycj\u0119 sk\u00f3ry  Pomaga zmniejszy\u0107 widoczno\u015b\u0107 zmarszczek  \u00a0 Pojemno\u015b\u0107: 15 ml &nbsp;","og_url":"https:\/\/devaharmony.com\/pl\/sklep\/krem-punktowy-valina-na-zmarszczki-15g-vanan\/","og_site_name":"Deva Harmony Polska","article_modified_time":"2026-04-10T19:46:25+00:00","og_image":[{"width":1080,"height":1080,"url":"https:\/\/devaharmony.com\/pl\/wp-content\/uploads\/2025\/11\/dd10a2853cc23a1cdc3717d35ba2ba72.png","type":"image\/png"}],"twitter_card":"summary_large_image","twitter_misc":{"Szacowany czas czytania":"3 minuty"},"schema":{"@context":"https:\/\/schema.org","@graph":[{"@type":"WebPage","@id":"https:\/\/devaharmony.com\/pl\/sklep\/krem-punktowy-valina-na-zmarszczki-15g-vanan\/","url":"https:\/\/devaharmony.com\/pl\/sklep\/krem-punktowy-valina-na-zmarszczki-15g-vanan\/","name":"Krem punktowy Valina - na zmarszczki - 15g | Vanan - Deva Harmony Polska","isPartOf":{"@id":"https:\/\/devaharmony.com\/pl\/#website"},"primaryImageOfPage":{"@id":"https:\/\/devaharmony.com\/pl\/sklep\/krem-punktowy-valina-na-zmarszczki-15g-vanan\/#primaryimage"},"image":{"@id":"https:\/\/devaharmony.com\/pl\/sklep\/krem-punktowy-valina-na-zmarszczki-15g-vanan\/#primaryimage"},"thumbnailUrl":"https:\/\/devaharmony.com\/pl\/wp-content\/uploads\/2025\/11\/dd10a2853cc23a1cdc3717d35ba2ba72.png","datePublished":"2025-11-24T13:18:10+00:00","dateModified":"2026-04-10T19:46:25+00:00","breadcrumb":{"@id":"https:\/\/devaharmony.com\/pl\/sklep\/krem-punktowy-valina-na-zmarszczki-15g-vanan\/#breadcrumb"},"inLanguage":"pl-PL","potentialAction":[{"@type":"ReadAction","target":["https:\/\/devaharmony.com\/pl\/sklep\/krem-punktowy-valina-na-zmarszczki-15g-vanan\/"]}]},{"@type":"ImageObject","inLanguage":"pl-PL","@id":"https:\/\/devaharmony.com\/pl\/sklep\/krem-punktowy-valina-na-zmarszczki-15g-vanan\/#primaryimage","url":"https:\/\/devaharmony.com\/pl\/wp-content\/uploads\/2025\/11\/dd10a2853cc23a1cdc3717d35ba2ba72.png","contentUrl":"https:\/\/devaharmony.com\/pl\/wp-content\/uploads\/2025\/11\/dd10a2853cc23a1cdc3717d35ba2ba72.png","width":1080,"height":1080},{"@type":"BreadcrumbList","@id":"https:\/\/devaharmony.com\/pl\/sklep\/krem-punktowy-valina-na-zmarszczki-15g-vanan\/#breadcrumb","itemListElement":[{"@type":"ListItem","position":1,"name":"Strona g\u0142\u00f3wna","item":"https:\/\/devaharmony.com\/pl\/"},{"@type":"ListItem","position":2,"name":"Produkty Ajurwedyjskie","item":"https:\/\/devaharmony.com\/pl\/produkty-ajurwedyjskie\/"},{"@type":"ListItem","position":3,"name":"Krem punktowy Valina &#8211; na zmarszczki &#8211; 15g | Vanan"}]},{"@type":"WebSite","@id":"https:\/\/devaharmony.com\/pl\/#website","url":"https:\/\/devaharmony.com\/pl\/","name":"Deva Harmony Polska","description":"Ajurwedyjskie Suplementy Diety","potentialAction":[{"@type":"SearchAction","target":{"@type":"EntryPoint","urlTemplate":"https:\/\/devaharmony.com\/pl\/?s={search_term_string}"},"query-input":"required name=search_term_string"}],"inLanguage":"pl-PL"}]}},"_links":{"self":[{"href":"https:\/\/devaharmony.com\/pl\/wp-json\/wp\/v2\/product\/47488","targetHints":{"allow":["GET"]}}],"collection":[{"href":"https:\/\/devaharmony.com\/pl\/wp-json\/wp\/v2\/product"}],"about":[{"href":"https:\/\/devaharmony.com\/pl\/wp-json\/wp\/v2\/types\/product"}],"wp:featuredmedia":[{"embeddable":true,"href":"https:\/\/devaharmony.com\/pl\/wp-json\/wp\/v2\/media\/47486"}],"wp:attachment":[{"href":"https:\/\/devaharmony.com\/pl\/wp-json\/wp\/v2\/media?parent=47488"}],"wp:term":[{"taxonomy":"product_brand","embeddable":true,"href":"https:\/\/devaharmony.com\/pl\/wp-json\/wp\/v2\/product_brand?post=47488"},{"taxonomy":"product_cat","embeddable":true,"href":"https:\/\/devaharmony.com\/pl\/wp-json\/wp\/v2\/product_cat?post=47488"},{"taxonomy":"product_tag","embeddable":true,"href":"https:\/\/devaharmony.com\/pl\/wp-json\/wp\/v2\/product_tag?post=47488"}],"curies":[{"name":"wp","href":"https:\/\/api.w.org\/{rel}","templated":true}]}}