{"id":46286,"date":"2025-08-08T12:41:50","date_gmt":"2025-08-08T11:41:50","guid":{"rendered":"https:\/\/devaharmony.com\/pl\/sklep\/balsam-do-ciala-biala-herbata-i-olej-neem-300-ml\/"},"modified":"2026-04-07T09:46:28","modified_gmt":"2026-04-07T08:46:28","slug":"balsam-do-ciala-biala-herbata-i-olej-neem-300-ml","status":"publish","type":"product","link":"https:\/\/devaharmony.com\/pl\/sklep\/balsam-do-ciala-biala-herbata-i-olej-neem-300-ml\/","title":{"rendered":"Balsam do cia\u0142a bia\u0142a &#8211; herbata i olej neem &#8211; 300 ml"},"content":{"rendered":"<p>Balsam do cia\u0142a stworzony na bazie naturalnych sk\u0142adnik\u00f3w \u2013 <b>mas\u0142a shea i olej\u00f3w ro\u015blinnych: z miodli indyjskiej (neem), pestek winogron, oliwek i rycyny <\/b>\u2013 intensywnie nawil\u017ca, regeneruje i chroni sk\u00f3r\u0119 przed przesuszeniem. Starannie opracowana formu\u0142a przywraca sk\u00f3rze mi\u0119kko\u015b\u0107, elastyczno\u015b\u0107 i zdrowy wygl\u0105d, pozostawiaj\u0105c j\u0105 jedwabi\u015bcie g\u0142adk\u0105 i od\u017cywion\u0105.<\/p>\n<p>&nbsp;<\/p>\n<p>Koj\u0105cy zapach <b>bia\u0142ej herbaty<\/b> otula zmys\u0142y, wprowadzaj\u0105c w stan odpr\u0119\u017cenia i wewn\u0119trznej lekko\u015bci. To codzienny rytua\u0142 piel\u0119gnacyjny, kt\u00f3ry dzia\u0142a nie tylko na cia\u0142o, ale i na samopoczucie.<\/p>\n<p>&nbsp;<\/p>\n<p>Balsam idealny do ca\u0142orocznego stosowania, szczeg\u00f3lnie polecany po k\u0105pieli lub prysznicu, kiedy sk\u00f3ra potrzebuje g\u0142\u0119bokiego nawil\u017cenia i ochrony. To piel\u0119gnacja oparta na harmonii, prostocie i sile natury.<\/p>\n<p>&nbsp;<\/p>\n<p><b>Pojemno\u015b\u0107: <\/b>300 ml<\/p>\n","protected":false},"excerpt":{"rendered":"<p><b>Balsam do cia\u0142a bia\u0142a herbata i olej neem.\u00a0<\/b><\/p>\n<p>&nbsp;<\/p>\n<ul>\n<li>Lekki i koj\u0105cy zapach bia\u0142ej herbaty<\/li>\n<li>Mas\u0142o shea i oleje ro\u015blinne z neem, pestek winogron, oliwek i rycyny<\/li>\n<li>96% naturalnych sk\u0142adnik\u00f3w<\/li>\n<\/ul>\n<div><\/div>\n<div><b>Pojemno\u015b\u0107:<\/b> 300 ml<\/div>\n","protected":false},"featured_media":46285,"template":"","meta":{"_editorskit_title_hidden":false,"_editorskit_reading_time":0,"_editorskit_is_block_options_detached":false,"_editorskit_block_options_position":"{}"},"product_brand":[],"product_cat":[486,488,630,645,499,443,505,491,444,429,17,50,51],"product_tag":[],"class_list":{"0":"post-46286","1":"product","2":"type-product","3":"status-publish","4":"has-post-thumbnail","6":"product_cat-blokada-sattva","7":"product_cat-cialo-kosmetyki","8":"product_cat-deva-cosmetics","9":"product_cat-green-week","10":"product_cat-marki","11":"product_cat-masaze","12":"product_cat-nowosci","13":"product_cat-przeznaczenie-produktow","14":"product_cat-zabiegi-kosmetyczne","15":"product_cat-blokada","16":"product_cat-kosmetyki","17":"product_cat-pielegnacja-ciala","18":"product_cat-skora","20":"first","21":"instock","22":"sale","23":"featured","24":"taxable","25":"shipping-taxable","26":"purchasable","27":"product-type-simple","28":"add-to-wishlist-before_image"},"acf":{"ilosc_sztuk_w_pudelku":"","ilosc_pudelek_w_kartonie":"","wykluczyc_z_szybkich_zakupow":""},"yoast_head":"<!-- This site is optimized with the Yoast SEO plugin v23.1 - https:\/\/yoast.com\/wordpress\/plugins\/seo\/ -->\n<title>Balsam do cia\u0142a bia\u0142a - herbata i olej neem - 300 ml - Deva Harmony Polska<\/title>\n<meta name=\"robots\" content=\"index, follow, max-snippet:-1, max-image-preview:large, max-video-preview:-1\" \/>\n<link rel=\"canonical\" href=\"https:\/\/devaharmony.com\/pl\/sklep\/balsam-do-ciala-biala-herbata-i-olej-neem-300-ml\/\" \/>\n<meta property=\"og:locale\" content=\"pl_PL\" \/>\n<meta property=\"og:type\" content=\"article\" \/>\n<meta property=\"og:title\" content=\"Balsam do cia\u0142a bia\u0142a - herbata i olej neem - 300 ml - Deva Harmony Polska\" \/>\n<meta property=\"og:description\" content=\"Balsam do cia\u0142a bia\u0142a herbata i olej neem.\u00a0  &nbsp;   Lekki i koj\u0105cy zapach bia\u0142ej herbaty  Mas\u0142o shea i oleje ro\u015blinne z neem, pestek winogron, oliwek i rycyny  96% naturalnych sk\u0142adnik\u00f3w   Pojemno\u015b\u0107: 300 ml\" \/>\n<meta property=\"og:url\" content=\"https:\/\/devaharmony.com\/pl\/sklep\/balsam-do-ciala-biala-herbata-i-olej-neem-300-ml\/\" \/>\n<meta property=\"og:site_name\" content=\"Deva Harmony Polska\" \/>\n<meta property=\"article:modified_time\" content=\"2026-04-07T08:46:28+00:00\" \/>\n<meta property=\"og:image\" content=\"https:\/\/devaharmony.com\/pl\/wp-content\/uploads\/2025\/08\/e30cfb2ccf248db1211a8837e0ff32d6.png\" \/>\n\t<meta property=\"og:image:width\" content=\"1080\" \/>\n\t<meta property=\"og:image:height\" content=\"1080\" \/>\n\t<meta property=\"og:image:type\" content=\"image\/png\" \/>\n<meta name=\"twitter:card\" content=\"summary_large_image\" \/>\n<meta name=\"twitter:label1\" content=\"Szacowany czas czytania\" \/>\n\t<meta name=\"twitter:data1\" content=\"1 minuta\" \/>\n<script type=\"application\/ld+json\" class=\"yoast-schema-graph\">{\"@context\":\"https:\/\/schema.org\",\"@graph\":[{\"@type\":\"WebPage\",\"@id\":\"https:\/\/devaharmony.com\/pl\/sklep\/balsam-do-ciala-biala-herbata-i-olej-neem-300-ml\/\",\"url\":\"https:\/\/devaharmony.com\/pl\/sklep\/balsam-do-ciala-biala-herbata-i-olej-neem-300-ml\/\",\"name\":\"Balsam do cia\u0142a bia\u0142a - herbata i olej neem - 300 ml - Deva Harmony Polska\",\"isPartOf\":{\"@id\":\"https:\/\/devaharmony.com\/pl\/#website\"},\"primaryImageOfPage\":{\"@id\":\"https:\/\/devaharmony.com\/pl\/sklep\/balsam-do-ciala-biala-herbata-i-olej-neem-300-ml\/#primaryimage\"},\"image\":{\"@id\":\"https:\/\/devaharmony.com\/pl\/sklep\/balsam-do-ciala-biala-herbata-i-olej-neem-300-ml\/#primaryimage\"},\"thumbnailUrl\":\"https:\/\/devaharmony.com\/pl\/wp-content\/uploads\/2025\/08\/e30cfb2ccf248db1211a8837e0ff32d6.png\",\"datePublished\":\"2025-08-08T11:41:50+00:00\",\"dateModified\":\"2026-04-07T08:46:28+00:00\",\"breadcrumb\":{\"@id\":\"https:\/\/devaharmony.com\/pl\/sklep\/balsam-do-ciala-biala-herbata-i-olej-neem-300-ml\/#breadcrumb\"},\"inLanguage\":\"pl-PL\",\"potentialAction\":[{\"@type\":\"ReadAction\",\"target\":[\"https:\/\/devaharmony.com\/pl\/sklep\/balsam-do-ciala-biala-herbata-i-olej-neem-300-ml\/\"]}]},{\"@type\":\"ImageObject\",\"inLanguage\":\"pl-PL\",\"@id\":\"https:\/\/devaharmony.com\/pl\/sklep\/balsam-do-ciala-biala-herbata-i-olej-neem-300-ml\/#primaryimage\",\"url\":\"https:\/\/devaharmony.com\/pl\/wp-content\/uploads\/2025\/08\/e30cfb2ccf248db1211a8837e0ff32d6.png\",\"contentUrl\":\"https:\/\/devaharmony.com\/pl\/wp-content\/uploads\/2025\/08\/e30cfb2ccf248db1211a8837e0ff32d6.png\",\"width\":1080,\"height\":1080},{\"@type\":\"BreadcrumbList\",\"@id\":\"https:\/\/devaharmony.com\/pl\/sklep\/balsam-do-ciala-biala-herbata-i-olej-neem-300-ml\/#breadcrumb\",\"itemListElement\":[{\"@type\":\"ListItem\",\"position\":1,\"name\":\"Strona g\u0142\u00f3wna\",\"item\":\"https:\/\/devaharmony.com\/pl\/\"},{\"@type\":\"ListItem\",\"position\":2,\"name\":\"Produkty Ajurwedyjskie\",\"item\":\"https:\/\/devaharmony.com\/pl\/produkty-ajurwedyjskie\/\"},{\"@type\":\"ListItem\",\"position\":3,\"name\":\"Balsam do cia\u0142a bia\u0142a &#8211; herbata i olej neem &#8211; 300 ml\"}]},{\"@type\":\"WebSite\",\"@id\":\"https:\/\/devaharmony.com\/pl\/#website\",\"url\":\"https:\/\/devaharmony.com\/pl\/\",\"name\":\"Deva Harmony Polska\",\"description\":\"Ajurwedyjskie Suplementy Diety\",\"potentialAction\":[{\"@type\":\"SearchAction\",\"target\":{\"@type\":\"EntryPoint\",\"urlTemplate\":\"https:\/\/devaharmony.com\/pl\/?s={search_term_string}\"},\"query-input\":\"required name=search_term_string\"}],\"inLanguage\":\"pl-PL\"}]}<\/script>\n<!-- \/ Yoast SEO plugin. -->","yoast_head_json":{"title":"Balsam do cia\u0142a bia\u0142a - herbata i olej neem - 300 ml - Deva Harmony Polska","robots":{"index":"index","follow":"follow","max-snippet":"max-snippet:-1","max-image-preview":"max-image-preview:large","max-video-preview":"max-video-preview:-1"},"canonical":"https:\/\/devaharmony.com\/pl\/sklep\/balsam-do-ciala-biala-herbata-i-olej-neem-300-ml\/","og_locale":"pl_PL","og_type":"article","og_title":"Balsam do cia\u0142a bia\u0142a - herbata i olej neem - 300 ml - Deva Harmony Polska","og_description":"Balsam do cia\u0142a bia\u0142a herbata i olej neem.\u00a0  &nbsp;   Lekki i koj\u0105cy zapach bia\u0142ej herbaty  Mas\u0142o shea i oleje ro\u015blinne z neem, pestek winogron, oliwek i rycyny  96% naturalnych sk\u0142adnik\u00f3w   Pojemno\u015b\u0107: 300 ml","og_url":"https:\/\/devaharmony.com\/pl\/sklep\/balsam-do-ciala-biala-herbata-i-olej-neem-300-ml\/","og_site_name":"Deva Harmony Polska","article_modified_time":"2026-04-07T08:46:28+00:00","og_image":[{"width":1080,"height":1080,"url":"https:\/\/devaharmony.com\/pl\/wp-content\/uploads\/2025\/08\/e30cfb2ccf248db1211a8837e0ff32d6.png","type":"image\/png"}],"twitter_card":"summary_large_image","twitter_misc":{"Szacowany czas czytania":"1 minuta"},"schema":{"@context":"https:\/\/schema.org","@graph":[{"@type":"WebPage","@id":"https:\/\/devaharmony.com\/pl\/sklep\/balsam-do-ciala-biala-herbata-i-olej-neem-300-ml\/","url":"https:\/\/devaharmony.com\/pl\/sklep\/balsam-do-ciala-biala-herbata-i-olej-neem-300-ml\/","name":"Balsam do cia\u0142a bia\u0142a - herbata i olej neem - 300 ml - Deva Harmony Polska","isPartOf":{"@id":"https:\/\/devaharmony.com\/pl\/#website"},"primaryImageOfPage":{"@id":"https:\/\/devaharmony.com\/pl\/sklep\/balsam-do-ciala-biala-herbata-i-olej-neem-300-ml\/#primaryimage"},"image":{"@id":"https:\/\/devaharmony.com\/pl\/sklep\/balsam-do-ciala-biala-herbata-i-olej-neem-300-ml\/#primaryimage"},"thumbnailUrl":"https:\/\/devaharmony.com\/pl\/wp-content\/uploads\/2025\/08\/e30cfb2ccf248db1211a8837e0ff32d6.png","datePublished":"2025-08-08T11:41:50+00:00","dateModified":"2026-04-07T08:46:28+00:00","breadcrumb":{"@id":"https:\/\/devaharmony.com\/pl\/sklep\/balsam-do-ciala-biala-herbata-i-olej-neem-300-ml\/#breadcrumb"},"inLanguage":"pl-PL","potentialAction":[{"@type":"ReadAction","target":["https:\/\/devaharmony.com\/pl\/sklep\/balsam-do-ciala-biala-herbata-i-olej-neem-300-ml\/"]}]},{"@type":"ImageObject","inLanguage":"pl-PL","@id":"https:\/\/devaharmony.com\/pl\/sklep\/balsam-do-ciala-biala-herbata-i-olej-neem-300-ml\/#primaryimage","url":"https:\/\/devaharmony.com\/pl\/wp-content\/uploads\/2025\/08\/e30cfb2ccf248db1211a8837e0ff32d6.png","contentUrl":"https:\/\/devaharmony.com\/pl\/wp-content\/uploads\/2025\/08\/e30cfb2ccf248db1211a8837e0ff32d6.png","width":1080,"height":1080},{"@type":"BreadcrumbList","@id":"https:\/\/devaharmony.com\/pl\/sklep\/balsam-do-ciala-biala-herbata-i-olej-neem-300-ml\/#breadcrumb","itemListElement":[{"@type":"ListItem","position":1,"name":"Strona g\u0142\u00f3wna","item":"https:\/\/devaharmony.com\/pl\/"},{"@type":"ListItem","position":2,"name":"Produkty Ajurwedyjskie","item":"https:\/\/devaharmony.com\/pl\/produkty-ajurwedyjskie\/"},{"@type":"ListItem","position":3,"name":"Balsam do cia\u0142a bia\u0142a &#8211; herbata i olej neem &#8211; 300 ml"}]},{"@type":"WebSite","@id":"https:\/\/devaharmony.com\/pl\/#website","url":"https:\/\/devaharmony.com\/pl\/","name":"Deva Harmony Polska","description":"Ajurwedyjskie Suplementy Diety","potentialAction":[{"@type":"SearchAction","target":{"@type":"EntryPoint","urlTemplate":"https:\/\/devaharmony.com\/pl\/?s={search_term_string}"},"query-input":"required name=search_term_string"}],"inLanguage":"pl-PL"}]}},"_links":{"self":[{"href":"https:\/\/devaharmony.com\/pl\/wp-json\/wp\/v2\/product\/46286","targetHints":{"allow":["GET"]}}],"collection":[{"href":"https:\/\/devaharmony.com\/pl\/wp-json\/wp\/v2\/product"}],"about":[{"href":"https:\/\/devaharmony.com\/pl\/wp-json\/wp\/v2\/types\/product"}],"wp:featuredmedia":[{"embeddable":true,"href":"https:\/\/devaharmony.com\/pl\/wp-json\/wp\/v2\/media\/46285"}],"wp:attachment":[{"href":"https:\/\/devaharmony.com\/pl\/wp-json\/wp\/v2\/media?parent=46286"}],"wp:term":[{"taxonomy":"product_brand","embeddable":true,"href":"https:\/\/devaharmony.com\/pl\/wp-json\/wp\/v2\/product_brand?post=46286"},{"taxonomy":"product_cat","embeddable":true,"href":"https:\/\/devaharmony.com\/pl\/wp-json\/wp\/v2\/product_cat?post=46286"},{"taxonomy":"product_tag","embeddable":true,"href":"https:\/\/devaharmony.com\/pl\/wp-json\/wp\/v2\/product_tag?post=46286"}],"curies":[{"name":"wp","href":"https:\/\/api.w.org\/{rel}","templated":true}]}}