{"id":45989,"date":"2025-07-24T09:02:48","date_gmt":"2025-07-24T08:02:48","guid":{"rendered":"https:\/\/devaharmony.com\/pl\/sklep\/plyn-miceralny-oczyszczenie-i-demakijaz-300-ml\/"},"modified":"2026-03-31T05:01:42","modified_gmt":"2026-03-31T04:01:42","slug":"plyn-miceralny-oczyszczenie-i-demakijaz-300-ml","status":"publish","type":"product","link":"https:\/\/devaharmony.com\/pl\/sklep\/plyn-miceralny-oczyszczenie-i-demakijaz-300-ml\/","title":{"rendered":"P\u0142yn Miceralny &#8211; oczyszczenie i demakija\u017c &#8211; 300 ml"},"content":{"rendered":"<p>Wysokiej jako\u015bci p\u0142yn micelarny stworzony z my\u015bl\u0105 o codziennej piel\u0119gnacji sk\u00f3ry wra\u017cliwej i delikatnej. Formu\u0142a oparta na organicznym <b>ekstrakcie z rumianku i kwiatu ja\u015bminu<\/b> skutecznie usuwa zanieczyszczenia i makija\u017c \u2013 r\u00f3wnie\u017c wodoodporny \u2013 bez naruszania naturalnej bariery lipidowej sk\u00f3ry. Micele dok\u0142adnie oczyszczaj\u0105 pory, a obecno\u015b\u0107 <b>olejku z sza\u0142wii muszkato\u0142owej<\/b> zapewnia w\u0142a\u015bciwo\u015bci antybakteryjne i \u0142agodz\u0105ce. Zapach produktu jest subtelny, ro\u015blinny i relaksuj\u0105cy. P\u0142yn nie wymaga sp\u0142ukiwania i jest bezpieczny dla os\u00f3b nosz\u0105cych soczewki kontaktowe. Dzi\u0119ki swoim w\u0142a\u015bciwo\u015bciom piel\u0119gnacyjnym p\u0142yn przygotowuje cer\u0119 do dalszych etap\u00f3w piel\u0119gnacji. Naturalne pochodzenie koloru to znak obecno\u015bci naturalnych ro\u015blinnych ekstrakt\u00f3w. Efekt? \u015awie\u017ca, oczyszczona, spokojna sk\u00f3ra.<\/p>\n<p>&nbsp;<\/p>\n<p><b>Pojemno\u015b\u0107: <\/b>300 ml<\/p>\n","protected":false},"excerpt":{"rendered":"<p><b>Ro\u015blinne oczyszczenie: sza\u0142wia muszkato\u0142owa, rumianek i kwiatu ja\u015bminu<\/b><\/p>\n<p><b>\u00a0<\/b><\/p>\n<ul>\n<li>\u015awie\u017cy, ro\u015blinny zapach<\/li>\n<li>98% naturalnych sk\u0142adnik\u00f3w<\/li>\n<li>Dla ka\u017cdego rodzaju cery<\/li>\n<\/ul>\n<div><\/div>\n<div><span style=\"font-weight: 600;\">Pojemno\u015b\u0107:\u00a0<\/span>300 ml<\/div>\n","protected":false},"featured_media":45986,"template":"","meta":{"_editorskit_title_hidden":false,"_editorskit_reading_time":0,"_editorskit_is_block_options_detached":false,"_editorskit_block_options_position":"{}"},"product_brand":[],"product_cat":[630,645,631,499,491,496,444,17,50,51,53,407],"product_tag":[],"class_list":{"0":"post-45989","1":"product","2":"type-product","3":"status-publish","4":"has-post-thumbnail","6":"product_cat-deva-cosmetics","7":"product_cat-green-week","8":"product_cat-idealne-na-lato-","9":"product_cat-marki","10":"product_cat-przeznaczenie-produktow","11":"product_cat-twarz-kosmetyki","12":"product_cat-zabiegi-kosmetyczne","13":"product_cat-kosmetyki","14":"product_cat-pielegnacja-ciala","15":"product_cat-skora","16":"product_cat-twarz","17":"product_cat-oczy","19":"first","20":"instock","21":"sale","22":"featured","23":"taxable","24":"shipping-taxable","25":"purchasable","26":"product-type-simple","27":"add-to-wishlist-before_image"},"acf":{"ilosc_sztuk_w_pudelku":"","ilosc_pudelek_w_kartonie":"","wykluczyc_z_szybkich_zakupow":""},"yoast_head":"<!-- This site is optimized with the Yoast SEO plugin v23.1 - https:\/\/yoast.com\/wordpress\/plugins\/seo\/ -->\n<title>P\u0142yn Miceralny - oczyszczenie i demakija\u017c - 300 ml - Deva Harmony Polska<\/title>\n<meta name=\"robots\" content=\"index, follow, max-snippet:-1, max-image-preview:large, max-video-preview:-1\" \/>\n<link rel=\"canonical\" href=\"https:\/\/devaharmony.com\/pl\/sklep\/plyn-miceralny-oczyszczenie-i-demakijaz-300-ml\/\" \/>\n<meta property=\"og:locale\" content=\"pl_PL\" \/>\n<meta property=\"og:type\" content=\"article\" \/>\n<meta property=\"og:title\" content=\"P\u0142yn Miceralny - oczyszczenie i demakija\u017c - 300 ml - Deva Harmony Polska\" \/>\n<meta property=\"og:description\" content=\"Ro\u015blinne oczyszczenie: sza\u0142wia muszkato\u0142owa, rumianek i kwiatu ja\u015bminu  \u00a0   \u015awie\u017cy, ro\u015blinny zapach  98% naturalnych sk\u0142adnik\u00f3w  Dla ka\u017cdego rodzaju cery   Pojemno\u015b\u0107:\u00a0300 ml\" \/>\n<meta property=\"og:url\" content=\"https:\/\/devaharmony.com\/pl\/sklep\/plyn-miceralny-oczyszczenie-i-demakijaz-300-ml\/\" \/>\n<meta property=\"og:site_name\" content=\"Deva Harmony Polska\" \/>\n<meta property=\"article:modified_time\" content=\"2026-03-31T04:01:42+00:00\" \/>\n<meta property=\"og:image\" content=\"https:\/\/devaharmony.com\/pl\/wp-content\/uploads\/2025\/07\/3e8fe9cfd8a59a0691f12970847a5c3c.png\" \/>\n\t<meta property=\"og:image:width\" content=\"1080\" \/>\n\t<meta property=\"og:image:height\" content=\"1080\" \/>\n\t<meta property=\"og:image:type\" content=\"image\/png\" \/>\n<meta name=\"twitter:card\" content=\"summary_large_image\" \/>\n<meta name=\"twitter:label1\" content=\"Szacowany czas czytania\" \/>\n\t<meta name=\"twitter:data1\" content=\"1 minuta\" \/>\n<script type=\"application\/ld+json\" class=\"yoast-schema-graph\">{\"@context\":\"https:\/\/schema.org\",\"@graph\":[{\"@type\":\"WebPage\",\"@id\":\"https:\/\/devaharmony.com\/pl\/sklep\/plyn-miceralny-oczyszczenie-i-demakijaz-300-ml\/\",\"url\":\"https:\/\/devaharmony.com\/pl\/sklep\/plyn-miceralny-oczyszczenie-i-demakijaz-300-ml\/\",\"name\":\"P\u0142yn Miceralny - oczyszczenie i demakija\u017c - 300 ml - Deva Harmony Polska\",\"isPartOf\":{\"@id\":\"https:\/\/devaharmony.com\/pl\/#website\"},\"primaryImageOfPage\":{\"@id\":\"https:\/\/devaharmony.com\/pl\/sklep\/plyn-miceralny-oczyszczenie-i-demakijaz-300-ml\/#primaryimage\"},\"image\":{\"@id\":\"https:\/\/devaharmony.com\/pl\/sklep\/plyn-miceralny-oczyszczenie-i-demakijaz-300-ml\/#primaryimage\"},\"thumbnailUrl\":\"https:\/\/devaharmony.com\/pl\/wp-content\/uploads\/2025\/07\/3e8fe9cfd8a59a0691f12970847a5c3c.png\",\"datePublished\":\"2025-07-24T08:02:48+00:00\",\"dateModified\":\"2026-03-31T04:01:42+00:00\",\"breadcrumb\":{\"@id\":\"https:\/\/devaharmony.com\/pl\/sklep\/plyn-miceralny-oczyszczenie-i-demakijaz-300-ml\/#breadcrumb\"},\"inLanguage\":\"pl-PL\",\"potentialAction\":[{\"@type\":\"ReadAction\",\"target\":[\"https:\/\/devaharmony.com\/pl\/sklep\/plyn-miceralny-oczyszczenie-i-demakijaz-300-ml\/\"]}]},{\"@type\":\"ImageObject\",\"inLanguage\":\"pl-PL\",\"@id\":\"https:\/\/devaharmony.com\/pl\/sklep\/plyn-miceralny-oczyszczenie-i-demakijaz-300-ml\/#primaryimage\",\"url\":\"https:\/\/devaharmony.com\/pl\/wp-content\/uploads\/2025\/07\/3e8fe9cfd8a59a0691f12970847a5c3c.png\",\"contentUrl\":\"https:\/\/devaharmony.com\/pl\/wp-content\/uploads\/2025\/07\/3e8fe9cfd8a59a0691f12970847a5c3c.png\",\"width\":1080,\"height\":1080},{\"@type\":\"BreadcrumbList\",\"@id\":\"https:\/\/devaharmony.com\/pl\/sklep\/plyn-miceralny-oczyszczenie-i-demakijaz-300-ml\/#breadcrumb\",\"itemListElement\":[{\"@type\":\"ListItem\",\"position\":1,\"name\":\"Strona g\u0142\u00f3wna\",\"item\":\"https:\/\/devaharmony.com\/pl\/\"},{\"@type\":\"ListItem\",\"position\":2,\"name\":\"Produkty Ajurwedyjskie\",\"item\":\"https:\/\/devaharmony.com\/pl\/produkty-ajurwedyjskie\/\"},{\"@type\":\"ListItem\",\"position\":3,\"name\":\"P\u0142yn Miceralny &#8211; oczyszczenie i demakija\u017c &#8211; 300 ml\"}]},{\"@type\":\"WebSite\",\"@id\":\"https:\/\/devaharmony.com\/pl\/#website\",\"url\":\"https:\/\/devaharmony.com\/pl\/\",\"name\":\"Deva Harmony Polska\",\"description\":\"Ajurwedyjskie Suplementy Diety\",\"potentialAction\":[{\"@type\":\"SearchAction\",\"target\":{\"@type\":\"EntryPoint\",\"urlTemplate\":\"https:\/\/devaharmony.com\/pl\/?s={search_term_string}\"},\"query-input\":\"required name=search_term_string\"}],\"inLanguage\":\"pl-PL\"}]}<\/script>\n<!-- \/ Yoast SEO plugin. -->","yoast_head_json":{"title":"P\u0142yn Miceralny - oczyszczenie i demakija\u017c - 300 ml - Deva Harmony Polska","robots":{"index":"index","follow":"follow","max-snippet":"max-snippet:-1","max-image-preview":"max-image-preview:large","max-video-preview":"max-video-preview:-1"},"canonical":"https:\/\/devaharmony.com\/pl\/sklep\/plyn-miceralny-oczyszczenie-i-demakijaz-300-ml\/","og_locale":"pl_PL","og_type":"article","og_title":"P\u0142yn Miceralny - oczyszczenie i demakija\u017c - 300 ml - Deva Harmony Polska","og_description":"Ro\u015blinne oczyszczenie: sza\u0142wia muszkato\u0142owa, rumianek i kwiatu ja\u015bminu  \u00a0   \u015awie\u017cy, ro\u015blinny zapach  98% naturalnych sk\u0142adnik\u00f3w  Dla ka\u017cdego rodzaju cery   Pojemno\u015b\u0107:\u00a0300 ml","og_url":"https:\/\/devaharmony.com\/pl\/sklep\/plyn-miceralny-oczyszczenie-i-demakijaz-300-ml\/","og_site_name":"Deva Harmony Polska","article_modified_time":"2026-03-31T04:01:42+00:00","og_image":[{"width":1080,"height":1080,"url":"https:\/\/devaharmony.com\/pl\/wp-content\/uploads\/2025\/07\/3e8fe9cfd8a59a0691f12970847a5c3c.png","type":"image\/png"}],"twitter_card":"summary_large_image","twitter_misc":{"Szacowany czas czytania":"1 minuta"},"schema":{"@context":"https:\/\/schema.org","@graph":[{"@type":"WebPage","@id":"https:\/\/devaharmony.com\/pl\/sklep\/plyn-miceralny-oczyszczenie-i-demakijaz-300-ml\/","url":"https:\/\/devaharmony.com\/pl\/sklep\/plyn-miceralny-oczyszczenie-i-demakijaz-300-ml\/","name":"P\u0142yn Miceralny - oczyszczenie i demakija\u017c - 300 ml - Deva Harmony Polska","isPartOf":{"@id":"https:\/\/devaharmony.com\/pl\/#website"},"primaryImageOfPage":{"@id":"https:\/\/devaharmony.com\/pl\/sklep\/plyn-miceralny-oczyszczenie-i-demakijaz-300-ml\/#primaryimage"},"image":{"@id":"https:\/\/devaharmony.com\/pl\/sklep\/plyn-miceralny-oczyszczenie-i-demakijaz-300-ml\/#primaryimage"},"thumbnailUrl":"https:\/\/devaharmony.com\/pl\/wp-content\/uploads\/2025\/07\/3e8fe9cfd8a59a0691f12970847a5c3c.png","datePublished":"2025-07-24T08:02:48+00:00","dateModified":"2026-03-31T04:01:42+00:00","breadcrumb":{"@id":"https:\/\/devaharmony.com\/pl\/sklep\/plyn-miceralny-oczyszczenie-i-demakijaz-300-ml\/#breadcrumb"},"inLanguage":"pl-PL","potentialAction":[{"@type":"ReadAction","target":["https:\/\/devaharmony.com\/pl\/sklep\/plyn-miceralny-oczyszczenie-i-demakijaz-300-ml\/"]}]},{"@type":"ImageObject","inLanguage":"pl-PL","@id":"https:\/\/devaharmony.com\/pl\/sklep\/plyn-miceralny-oczyszczenie-i-demakijaz-300-ml\/#primaryimage","url":"https:\/\/devaharmony.com\/pl\/wp-content\/uploads\/2025\/07\/3e8fe9cfd8a59a0691f12970847a5c3c.png","contentUrl":"https:\/\/devaharmony.com\/pl\/wp-content\/uploads\/2025\/07\/3e8fe9cfd8a59a0691f12970847a5c3c.png","width":1080,"height":1080},{"@type":"BreadcrumbList","@id":"https:\/\/devaharmony.com\/pl\/sklep\/plyn-miceralny-oczyszczenie-i-demakijaz-300-ml\/#breadcrumb","itemListElement":[{"@type":"ListItem","position":1,"name":"Strona g\u0142\u00f3wna","item":"https:\/\/devaharmony.com\/pl\/"},{"@type":"ListItem","position":2,"name":"Produkty Ajurwedyjskie","item":"https:\/\/devaharmony.com\/pl\/produkty-ajurwedyjskie\/"},{"@type":"ListItem","position":3,"name":"P\u0142yn Miceralny &#8211; oczyszczenie i demakija\u017c &#8211; 300 ml"}]},{"@type":"WebSite","@id":"https:\/\/devaharmony.com\/pl\/#website","url":"https:\/\/devaharmony.com\/pl\/","name":"Deva Harmony Polska","description":"Ajurwedyjskie Suplementy Diety","potentialAction":[{"@type":"SearchAction","target":{"@type":"EntryPoint","urlTemplate":"https:\/\/devaharmony.com\/pl\/?s={search_term_string}"},"query-input":"required name=search_term_string"}],"inLanguage":"pl-PL"}]}},"_links":{"self":[{"href":"https:\/\/devaharmony.com\/pl\/wp-json\/wp\/v2\/product\/45989","targetHints":{"allow":["GET"]}}],"collection":[{"href":"https:\/\/devaharmony.com\/pl\/wp-json\/wp\/v2\/product"}],"about":[{"href":"https:\/\/devaharmony.com\/pl\/wp-json\/wp\/v2\/types\/product"}],"wp:featuredmedia":[{"embeddable":true,"href":"https:\/\/devaharmony.com\/pl\/wp-json\/wp\/v2\/media\/45986"}],"wp:attachment":[{"href":"https:\/\/devaharmony.com\/pl\/wp-json\/wp\/v2\/media?parent=45989"}],"wp:term":[{"taxonomy":"product_brand","embeddable":true,"href":"https:\/\/devaharmony.com\/pl\/wp-json\/wp\/v2\/product_brand?post=45989"},{"taxonomy":"product_cat","embeddable":true,"href":"https:\/\/devaharmony.com\/pl\/wp-json\/wp\/v2\/product_cat?post=45989"},{"taxonomy":"product_tag","embeddable":true,"href":"https:\/\/devaharmony.com\/pl\/wp-json\/wp\/v2\/product_tag?post=45989"}],"curies":[{"name":"wp","href":"https:\/\/api.w.org\/{rel}","templated":true}]}}