{"id":45808,"date":"2025-07-09T10:45:54","date_gmt":"2025-07-09T09:45:54","guid":{"rendered":"https:\/\/devaharmony.com\/pl\/sklep\/pudelko-prezentowe-deva-dodaj-do-zestawu\/"},"modified":"2025-07-09T10:59:22","modified_gmt":"2025-07-09T09:59:22","slug":"pudelko-prezentowe-deva-dodaj-do-zestawu","status":"publish","type":"product","link":"https:\/\/devaharmony.com\/pl\/sklep\/pudelko-prezentowe-deva-dodaj-do-zestawu\/","title":{"rendered":"Pude\u0142ko Prezentowe DEVA \u2013 Dodaj do Zestawu"},"content":{"rendered":"<p><b>Pude\u0142ko prezentowe \u201ePierwsze Kroki w Ajurwedzie\u201d \u2013 Deva Harmony<\/b><\/p>\n<p>Podaruj Ajurwed\u0119 w wyj\u0105tkowej formie. Eleganckie pude\u0142ko prezentowe \u201ePierwsze Kroki w Ajurwedzie\u201d to idealna oprawa dla Twojego zestawu ajurwedyjskich produkt\u00f3w DEVA Harmony. Stworzone z my\u015bl\u0105 o tych, kt\u00f3rzy pragn\u0105 wr\u0119czy\u0107 zdrowie, harmoni\u0119 i trosk\u0119 o cia\u0142o w duchu staro\u017cytnej wiedzy.<\/p>\n<p>&nbsp;<\/p>\n<p><b>Wymiary wewn\u0119trzne: 21 \u00d7 13 \u00d7 8 cm \u2013 idealne, by pomie\u015bci\u0107:<\/b><\/p>\n<p>\u2013 dowolne 3 &#8211; 4 opakowa\u0144 kapsu\u0142ek lub tabletek<\/p>\n<p>\u2013 kosmetyki z serii Z pi\u0119kna natury &#8211; <a href=\"https:\/\/devaharmony.com\/pl\/sklep\/zestaw-z-piekna-natury-3-wybrane-produkty-deva-cosmetics\/\" target=\"_blank\" rel=\"noopener\">https:\/\/devaharmony.com\/pl\/sklep\/zestaw-z-piekna-natury-3-wybrane-produkty-deva-cosmetics\/<\/a><\/p>\n<p>\u2013 wyj\u0105tkowe pakiety promocyjne, takie jak:<\/p>\n<p>\u2013 Z\u0142oty Duet &#8211;\u00a0<a href=\"https:\/\/devaharmony.com\/pl\/sklep\/zloty-duet\/\" target=\"_blank\" rel=\"noopener\">https:\/\/devaharmony.com\/pl\/sklep\/zloty-duet\/<\/a><\/p>\n<p>\u2013 Trio Mocy Ajurwedy &#8211;\u00a0<a href=\"https:\/\/devaharmony.com\/pl\/sklep\/zestaw-w-kwiecie-wieku-zestaw-dla-seniora\/\" target=\"_blank\" rel=\"noopener\">https:\/\/devaharmony.com\/pl\/sklep\/zestaw-w-kwiecie-wieku-zestaw-dla-seniora\/<\/a><\/p>\n<p>\u2013 R\u00f3\u017cany Zestaw &#8211;\u00a0 <a href=\"https:\/\/devaharmony.com\/pl\/sklep\/%f0%9f%8c%b9-rozany-rytual-piekna-kompletny-zestaw-nawilzajacy-i-odmladzajacy-%f0%9f%8c%b9\/\" target=\"_blank\" rel=\"noopener\">https:\/\/devaharmony.com\/pl\/sklep\/%f0%9f%8c%b9-rozany-rytual-piekna-kompletny-zestaw-nawilzajacy-i-odmladzajacy-%f0%9f%8c%b9\/<\/a><\/p>\n<p>\u2013 Zestaw Oszcz\u0119dno\u015bciowy &#8211;\u00a0<a href=\"https:\/\/devaharmony.com\/pl\/sklep\/zestaw-oszczednosciowy-ashwagandha-brahmi-triphala\/\" target=\"_blank\" rel=\"noopener\">https:\/\/devaharmony.com\/pl\/sklep\/zestaw-oszczednosciowy-ashwagandha-brahmi-triphala\/<\/a><\/p>\n<p>\u2013 2+1 Vanan &#8211; <a href=\"https:\/\/devaharmony.com\/pl\/sklep\/dwa-opakowania-ziol-w-kapsulkach-trzecie-za-1-zl-vanan\/\" target=\"_blank\" rel=\"noopener\">https:\/\/devaharmony.com\/pl\/sklep\/dwa-opakowania-ziol-w-kapsulkach-trzecie-za-1-zl-vanan\/<\/a><\/p>\n<p>\u2013 3+1 Jiva &#8211;\u00a0<a href=\"https:\/\/devaharmony.com\/pl\/sklep\/trzy-wybrane-opakowania-tabletek-czwarte-za-1-zl\/\" target=\"_blank\" rel=\"noopener\">https:\/\/devaharmony.com\/pl\/sklep\/trzy-wybrane-opakowania-tabletek-czwarte-za-1-zl\/<\/a><\/p>\n<p>&nbsp;<\/p>\n<p>To pude\u0142ko mo\u017cesz doda\u0107 do swojego zam\u00f3wienia, tworz\u0105c spersonalizowany prezent dla bliskiej osoby \u2013 lub dla siebie. Estetyczne, trwa\u0142e i zaprojektowane z my\u015bl\u0105 o Ajurwedzie \u2013 pasuje do ka\u017cdego stylu \u017cycia i okazji.<\/p>\n","protected":false},"excerpt":{"rendered":"<ul>\n<li>Eleganckie pude\u0142ko prezentowe do zestaw\u00f3w DEVA Harmony<\/li>\n<li>Idealne do 4 opakowa\u0144 suplement\u00f3w lub gotowych zestaw\u00f3w (Z\u0142oty Duet, Moc Ajurwedy, Jiva 3+1, 2+1 Vanan)<\/li>\n<li>Doskona\u0142e na prezent dla bliskich lub dla siebie<\/li>\n<li>Trwa\u0142e i estetyczne \u2013 pasuje do stylu ajurwedyjskiego<\/li>\n<li>Wieczko zamykane na magnez<\/li>\n<li>Mo\u017cliwo\u015b\u0107 dokupienia przy zam\u00f3wieniu dowolnych produkt\u00f3w DEVA<\/li>\n<\/ul>\n<div><\/div>\n<div><b>Wymiary wewn\u0119trzne: <\/b>21 \u00d7 13 \u00d7 8 cm<\/div>\n","protected":false},"featured_media":45805,"template":"","meta":{"_editorskit_title_hidden":false,"_editorskit_reading_time":0,"_editorskit_is_block_options_detached":false,"_editorskit_block_options_position":"{}"},"product_brand":[],"product_cat":[486,630,631,499,505,481,429,401,19,28,20,36,37],"product_tag":[],"class_list":{"0":"post-45808","1":"product","2":"type-product","3":"status-publish","4":"has-post-thumbnail","6":"product_cat-blokada-sattva","7":"product_cat-deva-cosmetics","8":"product_cat-idealne-na-lato-","9":"product_cat-marki","10":"product_cat-nowosci","11":"product_cat-premium","12":"product_cat-blokada","13":"product_cat-wielopaki","14":"product_cat-produkty-specjalne","15":"product_cat-produkty-ajurwedyjskie","16":"product_cat-zestawy","17":"product_cat-sezonowe","18":"product_cat-specjalne","20":"first","21":"instock","22":"taxable","23":"shipping-taxable","24":"purchasable","25":"product-type-simple","26":"add-to-wishlist-before_image"},"acf":{"ilosc_sztuk_w_pudelku":"","ilosc_pudelek_w_kartonie":"","wykluczyc_z_szybkich_zakupow":""},"yoast_head":"<!-- This site is optimized with the Yoast SEO plugin v23.1 - https:\/\/yoast.com\/wordpress\/plugins\/seo\/ -->\n<title>Pude\u0142ko Prezentowe DEVA \u2013 Dodaj do Zestawu - Deva Harmony Polska<\/title>\n<meta name=\"robots\" content=\"index, follow, max-snippet:-1, max-image-preview:large, max-video-preview:-1\" \/>\n<link rel=\"canonical\" href=\"https:\/\/devaharmony.com\/pl\/sklep\/pudelko-prezentowe-deva-dodaj-do-zestawu\/\" \/>\n<meta property=\"og:locale\" content=\"pl_PL\" \/>\n<meta property=\"og:type\" content=\"article\" \/>\n<meta property=\"og:title\" content=\"Pude\u0142ko Prezentowe DEVA \u2013 Dodaj do Zestawu - Deva Harmony Polska\" \/>\n<meta property=\"og:description\" content=\"Eleganckie pude\u0142ko prezentowe do zestaw\u00f3w DEVA Harmony  Idealne do 4 opakowa\u0144 suplement\u00f3w lub gotowych zestaw\u00f3w (Z\u0142oty Duet, Moc Ajurwedy, Jiva 3+1, 2+1 Vanan)  Doskona\u0142e na prezent dla bliskich lub dla siebie  Trwa\u0142e i estetyczne \u2013 pasuje do stylu ajurwedyjskiego  Wieczko zamykane na magnez  Mo\u017cliwo\u015b\u0107 dokupienia przy zam\u00f3wieniu dowolnych produkt\u00f3w DEVA   Wymiary wewn\u0119trzne: 21 \u00d7 13 \u00d7 8 cm\" \/>\n<meta property=\"og:url\" content=\"https:\/\/devaharmony.com\/pl\/sklep\/pudelko-prezentowe-deva-dodaj-do-zestawu\/\" \/>\n<meta property=\"og:site_name\" content=\"Deva Harmony Polska\" \/>\n<meta property=\"article:modified_time\" content=\"2025-07-09T09:59:22+00:00\" \/>\n<meta property=\"og:image\" content=\"https:\/\/devaharmony.com\/pl\/wp-content\/uploads\/2025\/07\/d8e1f6350f6f8b3be2397e15eb355dd8.png\" \/>\n\t<meta property=\"og:image:width\" content=\"1080\" \/>\n\t<meta property=\"og:image:height\" content=\"1080\" \/>\n\t<meta property=\"og:image:type\" content=\"image\/png\" \/>\n<meta name=\"twitter:card\" content=\"summary_large_image\" \/>\n<meta name=\"twitter:label1\" content=\"Szacowany czas czytania\" \/>\n\t<meta name=\"twitter:data1\" content=\"1 minuta\" \/>\n<script type=\"application\/ld+json\" class=\"yoast-schema-graph\">{\"@context\":\"https:\/\/schema.org\",\"@graph\":[{\"@type\":\"WebPage\",\"@id\":\"https:\/\/devaharmony.com\/pl\/sklep\/pudelko-prezentowe-deva-dodaj-do-zestawu\/\",\"url\":\"https:\/\/devaharmony.com\/pl\/sklep\/pudelko-prezentowe-deva-dodaj-do-zestawu\/\",\"name\":\"Pude\u0142ko Prezentowe DEVA \u2013 Dodaj do Zestawu - Deva Harmony Polska\",\"isPartOf\":{\"@id\":\"https:\/\/devaharmony.com\/pl\/#website\"},\"primaryImageOfPage\":{\"@id\":\"https:\/\/devaharmony.com\/pl\/sklep\/pudelko-prezentowe-deva-dodaj-do-zestawu\/#primaryimage\"},\"image\":{\"@id\":\"https:\/\/devaharmony.com\/pl\/sklep\/pudelko-prezentowe-deva-dodaj-do-zestawu\/#primaryimage\"},\"thumbnailUrl\":\"https:\/\/devaharmony.com\/pl\/wp-content\/uploads\/2025\/07\/d8e1f6350f6f8b3be2397e15eb355dd8.png\",\"datePublished\":\"2025-07-09T09:45:54+00:00\",\"dateModified\":\"2025-07-09T09:59:22+00:00\",\"breadcrumb\":{\"@id\":\"https:\/\/devaharmony.com\/pl\/sklep\/pudelko-prezentowe-deva-dodaj-do-zestawu\/#breadcrumb\"},\"inLanguage\":\"pl-PL\",\"potentialAction\":[{\"@type\":\"ReadAction\",\"target\":[\"https:\/\/devaharmony.com\/pl\/sklep\/pudelko-prezentowe-deva-dodaj-do-zestawu\/\"]}]},{\"@type\":\"ImageObject\",\"inLanguage\":\"pl-PL\",\"@id\":\"https:\/\/devaharmony.com\/pl\/sklep\/pudelko-prezentowe-deva-dodaj-do-zestawu\/#primaryimage\",\"url\":\"https:\/\/devaharmony.com\/pl\/wp-content\/uploads\/2025\/07\/d8e1f6350f6f8b3be2397e15eb355dd8.png\",\"contentUrl\":\"https:\/\/devaharmony.com\/pl\/wp-content\/uploads\/2025\/07\/d8e1f6350f6f8b3be2397e15eb355dd8.png\",\"width\":1080,\"height\":1080},{\"@type\":\"BreadcrumbList\",\"@id\":\"https:\/\/devaharmony.com\/pl\/sklep\/pudelko-prezentowe-deva-dodaj-do-zestawu\/#breadcrumb\",\"itemListElement\":[{\"@type\":\"ListItem\",\"position\":1,\"name\":\"Strona g\u0142\u00f3wna\",\"item\":\"https:\/\/devaharmony.com\/pl\/\"},{\"@type\":\"ListItem\",\"position\":2,\"name\":\"Produkty Ajurwedyjskie\",\"item\":\"https:\/\/devaharmony.com\/pl\/produkty-ajurwedyjskie\/\"},{\"@type\":\"ListItem\",\"position\":3,\"name\":\"Pude\u0142ko Prezentowe DEVA \u2013 Dodaj do Zestawu\"}]},{\"@type\":\"WebSite\",\"@id\":\"https:\/\/devaharmony.com\/pl\/#website\",\"url\":\"https:\/\/devaharmony.com\/pl\/\",\"name\":\"Deva Harmony Polska\",\"description\":\"Ajurwedyjskie Suplementy Diety\",\"potentialAction\":[{\"@type\":\"SearchAction\",\"target\":{\"@type\":\"EntryPoint\",\"urlTemplate\":\"https:\/\/devaharmony.com\/pl\/?s={search_term_string}\"},\"query-input\":\"required name=search_term_string\"}],\"inLanguage\":\"pl-PL\"}]}<\/script>\n<!-- \/ Yoast SEO plugin. -->","yoast_head_json":{"title":"Pude\u0142ko Prezentowe DEVA \u2013 Dodaj do Zestawu - Deva Harmony Polska","robots":{"index":"index","follow":"follow","max-snippet":"max-snippet:-1","max-image-preview":"max-image-preview:large","max-video-preview":"max-video-preview:-1"},"canonical":"https:\/\/devaharmony.com\/pl\/sklep\/pudelko-prezentowe-deva-dodaj-do-zestawu\/","og_locale":"pl_PL","og_type":"article","og_title":"Pude\u0142ko Prezentowe DEVA \u2013 Dodaj do Zestawu - Deva Harmony Polska","og_description":"Eleganckie pude\u0142ko prezentowe do zestaw\u00f3w DEVA Harmony  Idealne do 4 opakowa\u0144 suplement\u00f3w lub gotowych zestaw\u00f3w (Z\u0142oty Duet, Moc Ajurwedy, Jiva 3+1, 2+1 Vanan)  Doskona\u0142e na prezent dla bliskich lub dla siebie  Trwa\u0142e i estetyczne \u2013 pasuje do stylu ajurwedyjskiego  Wieczko zamykane na magnez  Mo\u017cliwo\u015b\u0107 dokupienia przy zam\u00f3wieniu dowolnych produkt\u00f3w DEVA   Wymiary wewn\u0119trzne: 21 \u00d7 13 \u00d7 8 cm","og_url":"https:\/\/devaharmony.com\/pl\/sklep\/pudelko-prezentowe-deva-dodaj-do-zestawu\/","og_site_name":"Deva Harmony Polska","article_modified_time":"2025-07-09T09:59:22+00:00","og_image":[{"width":1080,"height":1080,"url":"https:\/\/devaharmony.com\/pl\/wp-content\/uploads\/2025\/07\/d8e1f6350f6f8b3be2397e15eb355dd8.png","type":"image\/png"}],"twitter_card":"summary_large_image","twitter_misc":{"Szacowany czas czytania":"1 minuta"},"schema":{"@context":"https:\/\/schema.org","@graph":[{"@type":"WebPage","@id":"https:\/\/devaharmony.com\/pl\/sklep\/pudelko-prezentowe-deva-dodaj-do-zestawu\/","url":"https:\/\/devaharmony.com\/pl\/sklep\/pudelko-prezentowe-deva-dodaj-do-zestawu\/","name":"Pude\u0142ko Prezentowe DEVA \u2013 Dodaj do Zestawu - Deva Harmony Polska","isPartOf":{"@id":"https:\/\/devaharmony.com\/pl\/#website"},"primaryImageOfPage":{"@id":"https:\/\/devaharmony.com\/pl\/sklep\/pudelko-prezentowe-deva-dodaj-do-zestawu\/#primaryimage"},"image":{"@id":"https:\/\/devaharmony.com\/pl\/sklep\/pudelko-prezentowe-deva-dodaj-do-zestawu\/#primaryimage"},"thumbnailUrl":"https:\/\/devaharmony.com\/pl\/wp-content\/uploads\/2025\/07\/d8e1f6350f6f8b3be2397e15eb355dd8.png","datePublished":"2025-07-09T09:45:54+00:00","dateModified":"2025-07-09T09:59:22+00:00","breadcrumb":{"@id":"https:\/\/devaharmony.com\/pl\/sklep\/pudelko-prezentowe-deva-dodaj-do-zestawu\/#breadcrumb"},"inLanguage":"pl-PL","potentialAction":[{"@type":"ReadAction","target":["https:\/\/devaharmony.com\/pl\/sklep\/pudelko-prezentowe-deva-dodaj-do-zestawu\/"]}]},{"@type":"ImageObject","inLanguage":"pl-PL","@id":"https:\/\/devaharmony.com\/pl\/sklep\/pudelko-prezentowe-deva-dodaj-do-zestawu\/#primaryimage","url":"https:\/\/devaharmony.com\/pl\/wp-content\/uploads\/2025\/07\/d8e1f6350f6f8b3be2397e15eb355dd8.png","contentUrl":"https:\/\/devaharmony.com\/pl\/wp-content\/uploads\/2025\/07\/d8e1f6350f6f8b3be2397e15eb355dd8.png","width":1080,"height":1080},{"@type":"BreadcrumbList","@id":"https:\/\/devaharmony.com\/pl\/sklep\/pudelko-prezentowe-deva-dodaj-do-zestawu\/#breadcrumb","itemListElement":[{"@type":"ListItem","position":1,"name":"Strona g\u0142\u00f3wna","item":"https:\/\/devaharmony.com\/pl\/"},{"@type":"ListItem","position":2,"name":"Produkty Ajurwedyjskie","item":"https:\/\/devaharmony.com\/pl\/produkty-ajurwedyjskie\/"},{"@type":"ListItem","position":3,"name":"Pude\u0142ko Prezentowe DEVA \u2013 Dodaj do Zestawu"}]},{"@type":"WebSite","@id":"https:\/\/devaharmony.com\/pl\/#website","url":"https:\/\/devaharmony.com\/pl\/","name":"Deva Harmony Polska","description":"Ajurwedyjskie Suplementy Diety","potentialAction":[{"@type":"SearchAction","target":{"@type":"EntryPoint","urlTemplate":"https:\/\/devaharmony.com\/pl\/?s={search_term_string}"},"query-input":"required name=search_term_string"}],"inLanguage":"pl-PL"}]}},"_links":{"self":[{"href":"https:\/\/devaharmony.com\/pl\/wp-json\/wp\/v2\/product\/45808","targetHints":{"allow":["GET"]}}],"collection":[{"href":"https:\/\/devaharmony.com\/pl\/wp-json\/wp\/v2\/product"}],"about":[{"href":"https:\/\/devaharmony.com\/pl\/wp-json\/wp\/v2\/types\/product"}],"wp:featuredmedia":[{"embeddable":true,"href":"https:\/\/devaharmony.com\/pl\/wp-json\/wp\/v2\/media\/45805"}],"wp:attachment":[{"href":"https:\/\/devaharmony.com\/pl\/wp-json\/wp\/v2\/media?parent=45808"}],"wp:term":[{"taxonomy":"product_brand","embeddable":true,"href":"https:\/\/devaharmony.com\/pl\/wp-json\/wp\/v2\/product_brand?post=45808"},{"taxonomy":"product_cat","embeddable":true,"href":"https:\/\/devaharmony.com\/pl\/wp-json\/wp\/v2\/product_cat?post=45808"},{"taxonomy":"product_tag","embeddable":true,"href":"https:\/\/devaharmony.com\/pl\/wp-json\/wp\/v2\/product_tag?post=45808"}],"curies":[{"name":"wp","href":"https:\/\/api.w.org\/{rel}","templated":true}]}}