{"id":44722,"date":"2025-04-30T14:36:01","date_gmt":"2025-04-30T13:36:01","guid":{"rendered":"https:\/\/devaharmony.com\/pl\/sklep\/szampon-witaminowy-300-ml\/"},"modified":"2026-04-07T09:46:23","modified_gmt":"2026-04-07T08:46:23","slug":"szampon-witaminowy-300-ml","status":"publish","type":"product","link":"https:\/\/devaharmony.com\/pl\/sklep\/szampon-witaminowy-300-ml\/","title":{"rendered":"Szampon tonizuj\u0105cy &#8211; 300 ml"},"content":{"rendered":"<p>Szampon witaminowy zosta\u0142 stworzony z my\u015bl\u0105 o<b> codziennej piel\u0119gnacji w\u0142os\u00f3w przet\u0142uszczaj\u0105cych si\u0119 i pozbawionych obj\u0119to\u015bci. <\/b>Dzi\u0119ki ekstraktom z zielonej herbaty, mi\u0119ty i owoc\u00f3w cytrusowych skutecznie oczyszcza sk\u00f3r\u0119 g\u0142owy, jednocze\u015bnie reguluj\u0105c wydzielanie sebum i przywracaj\u0105c w\u0142osom naturaln\u0105 \u015bwie\u017co\u015b\u0107.<\/p>\n<p>Formu\u0142a wzbogacona o<b> hydrolizowane bia\u0142ko pszeniczne i panthenol <\/b>wzmacnia struktur\u0119 w\u0142osa, poprawia jego elastyczno\u015b\u0107 i zwi\u0119ksza odporno\u015b\u0107 na uszkodzenia. Naturalne substancje myj\u0105ce delikatnie, ale skutecznie usuwaj\u0105 zanieczyszczenia, nie przesuszaj\u0105c sk\u00f3ry g\u0142owy.<\/p>\n<p>Szampon nie obci\u0105\u017ca w\u0142os\u00f3w \u2013 po ka\u017cdym myciu s\u0105 one lekkie, bardziej spr\u0119\u017cyste i widocznie pe\u0142niejsze. \u015awie\u017cy, subtelny zapach cytrus\u00f3w i mi\u0119ty sprawia, \u017ce codzienna piel\u0119gnacja staje si\u0119 przyjemnym, orze\u017awiaj\u0105cym rytua\u0142em.<\/p>\n","protected":false},"excerpt":{"rendered":"<p>\u2022 Akcja DYSCYPLINA<\/p>\n<p>\u2022 Moc owoc\u00f3w cytrusowych, mi\u0119ty i zielonej herbaty<\/p>\n<p>\u2022 Do w\u0142os\u00f3w przet\u0142uszczaj\u0105cych si\u0119 i pozbawionych obj\u0119to\u015bci<\/p>\n<p>&nbsp;<\/p>\n<p><b>Pojemno\u015b\u0107: <\/b>300 ml<\/p>\n","protected":false},"featured_media":45952,"template":"","meta":{"_editorskit_title_hidden":false,"_editorskit_reading_time":0,"_editorskit_is_block_options_detached":false,"_editorskit_block_options_position":"{}"},"product_brand":[],"product_cat":[429,486,630,645,631,52,17,499,505,50,491,497,444],"product_tag":[],"class_list":{"0":"post-44722","1":"product","2":"type-product","3":"status-publish","4":"has-post-thumbnail","6":"product_cat-blokada","7":"product_cat-blokada-sattva","8":"product_cat-deva-cosmetics","9":"product_cat-green-week","10":"product_cat-idealne-na-lato-","11":"product_cat-wlosy","12":"product_cat-kosmetyki","13":"product_cat-marki","14":"product_cat-nowosci","15":"product_cat-pielegnacja-ciala","16":"product_cat-przeznaczenie-produktow","17":"product_cat-wlosy-kosmetyki","18":"product_cat-zabiegi-kosmetyczne","20":"first","21":"instock","22":"taxable","23":"shipping-taxable","24":"purchasable","25":"product-type-simple","26":"add-to-wishlist-before_image"},"acf":{"ilosc_sztuk_w_pudelku":"","ilosc_pudelek_w_kartonie":"","wykluczyc_z_szybkich_zakupow":""},"yoast_head":"<!-- This site is optimized with the Yoast SEO plugin v23.1 - https:\/\/yoast.com\/wordpress\/plugins\/seo\/ -->\n<title>Szampon tonizuj\u0105cy - 300 ml - Deva Harmony Polska<\/title>\n<meta name=\"robots\" content=\"index, follow, max-snippet:-1, max-image-preview:large, max-video-preview:-1\" \/>\n<link rel=\"canonical\" href=\"https:\/\/devaharmony.com\/pl\/sklep\/szampon-witaminowy-300-ml\/\" \/>\n<meta property=\"og:locale\" content=\"pl_PL\" \/>\n<meta property=\"og:type\" content=\"article\" \/>\n<meta property=\"og:title\" content=\"Szampon tonizuj\u0105cy - 300 ml - Deva Harmony Polska\" \/>\n<meta property=\"og:description\" content=\"\u2022 Akcja DYSCYPLINA  \u2022 Moc owoc\u00f3w cytrusowych, mi\u0119ty i zielonej herbaty  \u2022 Do w\u0142os\u00f3w przet\u0142uszczaj\u0105cych si\u0119 i pozbawionych obj\u0119to\u015bci  &nbsp;  Pojemno\u015b\u0107: 300 ml\" \/>\n<meta property=\"og:url\" content=\"https:\/\/devaharmony.com\/pl\/sklep\/szampon-witaminowy-300-ml\/\" \/>\n<meta property=\"og:site_name\" content=\"Deva Harmony Polska\" \/>\n<meta property=\"article:modified_time\" content=\"2026-04-07T08:46:23+00:00\" \/>\n<meta property=\"og:image\" content=\"https:\/\/devaharmony.com\/pl\/wp-content\/uploads\/2025\/04\/SZAMPON-WITAMINOWY.png\" \/>\n\t<meta property=\"og:image:width\" content=\"1080\" \/>\n\t<meta property=\"og:image:height\" content=\"1080\" \/>\n\t<meta property=\"og:image:type\" content=\"image\/png\" \/>\n<meta name=\"twitter:card\" content=\"summary_large_image\" \/>\n<meta name=\"twitter:label1\" content=\"Szacowany czas czytania\" \/>\n\t<meta name=\"twitter:data1\" content=\"1 minuta\" \/>\n<script type=\"application\/ld+json\" class=\"yoast-schema-graph\">{\"@context\":\"https:\/\/schema.org\",\"@graph\":[{\"@type\":\"WebPage\",\"@id\":\"https:\/\/devaharmony.com\/pl\/sklep\/szampon-witaminowy-300-ml\/\",\"url\":\"https:\/\/devaharmony.com\/pl\/sklep\/szampon-witaminowy-300-ml\/\",\"name\":\"Szampon tonizuj\u0105cy - 300 ml - Deva Harmony Polska\",\"isPartOf\":{\"@id\":\"https:\/\/devaharmony.com\/pl\/#website\"},\"primaryImageOfPage\":{\"@id\":\"https:\/\/devaharmony.com\/pl\/sklep\/szampon-witaminowy-300-ml\/#primaryimage\"},\"image\":{\"@id\":\"https:\/\/devaharmony.com\/pl\/sklep\/szampon-witaminowy-300-ml\/#primaryimage\"},\"thumbnailUrl\":\"https:\/\/devaharmony.com\/pl\/wp-content\/uploads\/2025\/04\/SZAMPON-WITAMINOWY.png\",\"datePublished\":\"2025-04-30T13:36:01+00:00\",\"dateModified\":\"2026-04-07T08:46:23+00:00\",\"breadcrumb\":{\"@id\":\"https:\/\/devaharmony.com\/pl\/sklep\/szampon-witaminowy-300-ml\/#breadcrumb\"},\"inLanguage\":\"pl-PL\",\"potentialAction\":[{\"@type\":\"ReadAction\",\"target\":[\"https:\/\/devaharmony.com\/pl\/sklep\/szampon-witaminowy-300-ml\/\"]}]},{\"@type\":\"ImageObject\",\"inLanguage\":\"pl-PL\",\"@id\":\"https:\/\/devaharmony.com\/pl\/sklep\/szampon-witaminowy-300-ml\/#primaryimage\",\"url\":\"https:\/\/devaharmony.com\/pl\/wp-content\/uploads\/2025\/04\/SZAMPON-WITAMINOWY.png\",\"contentUrl\":\"https:\/\/devaharmony.com\/pl\/wp-content\/uploads\/2025\/04\/SZAMPON-WITAMINOWY.png\",\"width\":1080,\"height\":1080},{\"@type\":\"BreadcrumbList\",\"@id\":\"https:\/\/devaharmony.com\/pl\/sklep\/szampon-witaminowy-300-ml\/#breadcrumb\",\"itemListElement\":[{\"@type\":\"ListItem\",\"position\":1,\"name\":\"Strona g\u0142\u00f3wna\",\"item\":\"https:\/\/devaharmony.com\/pl\/\"},{\"@type\":\"ListItem\",\"position\":2,\"name\":\"Produkty Ajurwedyjskie\",\"item\":\"https:\/\/devaharmony.com\/pl\/produkty-ajurwedyjskie\/\"},{\"@type\":\"ListItem\",\"position\":3,\"name\":\"Szampon tonizuj\u0105cy &#8211; 300 ml\"}]},{\"@type\":\"WebSite\",\"@id\":\"https:\/\/devaharmony.com\/pl\/#website\",\"url\":\"https:\/\/devaharmony.com\/pl\/\",\"name\":\"Deva Harmony Polska\",\"description\":\"Ajurwedyjskie Suplementy Diety\",\"potentialAction\":[{\"@type\":\"SearchAction\",\"target\":{\"@type\":\"EntryPoint\",\"urlTemplate\":\"https:\/\/devaharmony.com\/pl\/?s={search_term_string}\"},\"query-input\":\"required name=search_term_string\"}],\"inLanguage\":\"pl-PL\"}]}<\/script>\n<!-- \/ Yoast SEO plugin. -->","yoast_head_json":{"title":"Szampon tonizuj\u0105cy - 300 ml - Deva Harmony Polska","robots":{"index":"index","follow":"follow","max-snippet":"max-snippet:-1","max-image-preview":"max-image-preview:large","max-video-preview":"max-video-preview:-1"},"canonical":"https:\/\/devaharmony.com\/pl\/sklep\/szampon-witaminowy-300-ml\/","og_locale":"pl_PL","og_type":"article","og_title":"Szampon tonizuj\u0105cy - 300 ml - Deva Harmony Polska","og_description":"\u2022 Akcja DYSCYPLINA  \u2022 Moc owoc\u00f3w cytrusowych, mi\u0119ty i zielonej herbaty  \u2022 Do w\u0142os\u00f3w przet\u0142uszczaj\u0105cych si\u0119 i pozbawionych obj\u0119to\u015bci  &nbsp;  Pojemno\u015b\u0107: 300 ml","og_url":"https:\/\/devaharmony.com\/pl\/sklep\/szampon-witaminowy-300-ml\/","og_site_name":"Deva Harmony Polska","article_modified_time":"2026-04-07T08:46:23+00:00","og_image":[{"width":1080,"height":1080,"url":"https:\/\/devaharmony.com\/pl\/wp-content\/uploads\/2025\/04\/SZAMPON-WITAMINOWY.png","type":"image\/png"}],"twitter_card":"summary_large_image","twitter_misc":{"Szacowany czas czytania":"1 minuta"},"schema":{"@context":"https:\/\/schema.org","@graph":[{"@type":"WebPage","@id":"https:\/\/devaharmony.com\/pl\/sklep\/szampon-witaminowy-300-ml\/","url":"https:\/\/devaharmony.com\/pl\/sklep\/szampon-witaminowy-300-ml\/","name":"Szampon tonizuj\u0105cy - 300 ml - Deva Harmony Polska","isPartOf":{"@id":"https:\/\/devaharmony.com\/pl\/#website"},"primaryImageOfPage":{"@id":"https:\/\/devaharmony.com\/pl\/sklep\/szampon-witaminowy-300-ml\/#primaryimage"},"image":{"@id":"https:\/\/devaharmony.com\/pl\/sklep\/szampon-witaminowy-300-ml\/#primaryimage"},"thumbnailUrl":"https:\/\/devaharmony.com\/pl\/wp-content\/uploads\/2025\/04\/SZAMPON-WITAMINOWY.png","datePublished":"2025-04-30T13:36:01+00:00","dateModified":"2026-04-07T08:46:23+00:00","breadcrumb":{"@id":"https:\/\/devaharmony.com\/pl\/sklep\/szampon-witaminowy-300-ml\/#breadcrumb"},"inLanguage":"pl-PL","potentialAction":[{"@type":"ReadAction","target":["https:\/\/devaharmony.com\/pl\/sklep\/szampon-witaminowy-300-ml\/"]}]},{"@type":"ImageObject","inLanguage":"pl-PL","@id":"https:\/\/devaharmony.com\/pl\/sklep\/szampon-witaminowy-300-ml\/#primaryimage","url":"https:\/\/devaharmony.com\/pl\/wp-content\/uploads\/2025\/04\/SZAMPON-WITAMINOWY.png","contentUrl":"https:\/\/devaharmony.com\/pl\/wp-content\/uploads\/2025\/04\/SZAMPON-WITAMINOWY.png","width":1080,"height":1080},{"@type":"BreadcrumbList","@id":"https:\/\/devaharmony.com\/pl\/sklep\/szampon-witaminowy-300-ml\/#breadcrumb","itemListElement":[{"@type":"ListItem","position":1,"name":"Strona g\u0142\u00f3wna","item":"https:\/\/devaharmony.com\/pl\/"},{"@type":"ListItem","position":2,"name":"Produkty Ajurwedyjskie","item":"https:\/\/devaharmony.com\/pl\/produkty-ajurwedyjskie\/"},{"@type":"ListItem","position":3,"name":"Szampon tonizuj\u0105cy &#8211; 300 ml"}]},{"@type":"WebSite","@id":"https:\/\/devaharmony.com\/pl\/#website","url":"https:\/\/devaharmony.com\/pl\/","name":"Deva Harmony Polska","description":"Ajurwedyjskie Suplementy Diety","potentialAction":[{"@type":"SearchAction","target":{"@type":"EntryPoint","urlTemplate":"https:\/\/devaharmony.com\/pl\/?s={search_term_string}"},"query-input":"required name=search_term_string"}],"inLanguage":"pl-PL"}]}},"_links":{"self":[{"href":"https:\/\/devaharmony.com\/pl\/wp-json\/wp\/v2\/product\/44722","targetHints":{"allow":["GET"]}}],"collection":[{"href":"https:\/\/devaharmony.com\/pl\/wp-json\/wp\/v2\/product"}],"about":[{"href":"https:\/\/devaharmony.com\/pl\/wp-json\/wp\/v2\/types\/product"}],"wp:featuredmedia":[{"embeddable":true,"href":"https:\/\/devaharmony.com\/pl\/wp-json\/wp\/v2\/media\/45952"}],"wp:attachment":[{"href":"https:\/\/devaharmony.com\/pl\/wp-json\/wp\/v2\/media?parent=44722"}],"wp:term":[{"taxonomy":"product_brand","embeddable":true,"href":"https:\/\/devaharmony.com\/pl\/wp-json\/wp\/v2\/product_brand?post=44722"},{"taxonomy":"product_cat","embeddable":true,"href":"https:\/\/devaharmony.com\/pl\/wp-json\/wp\/v2\/product_cat?post=44722"},{"taxonomy":"product_tag","embeddable":true,"href":"https:\/\/devaharmony.com\/pl\/wp-json\/wp\/v2\/product_tag?post=44722"}],"curies":[{"name":"wp","href":"https:\/\/api.w.org\/{rel}","templated":true}]}}