{"id":44718,"date":"2025-04-30T14:19:00","date_gmt":"2025-04-30T13:19:00","guid":{"rendered":"https:\/\/devaharmony.com\/pl\/sklep\/szampon-amla-neem-300-ml\/"},"modified":"2026-04-07T09:46:17","modified_gmt":"2026-04-07T08:46:17","slug":"szampon-amla-neem-300-ml","status":"publish","type":"product","link":"https:\/\/devaharmony.com\/pl\/sklep\/szampon-amla-neem-300-ml\/","title":{"rendered":"Szampon &#8211; regeneruj\u0105cy &#8211; 300 ml"},"content":{"rendered":"<p>Szampon wzbogacony ekstraktem z <b>Amli<\/b>\u00a0wzmacnia cebulki, nadaje w\u0142osom blask i wspomaga ich wzrost. <b>Neem <\/b>dzia\u0142a oczyszczaj\u0105co i \u0142agodz\u0105co, wspieraj\u0105c zdrowie sk\u00f3ry g\u0142owy. Wyg\u0142adza w\u0142osy, zatrzymuje wilgo\u0107 w ich strukturze i chroni przed przesuszeniem.<\/p>\n<p>Szampon oparty na ajurwedyjskiej recepturze delikatnie, a zarazem skutecznie oczyszcza sk\u00f3r\u0119 g\u0142owy i w\u0142osy, przywracaj\u0105c im naturaln\u0105 r\u00f3wnowag\u0119 i zdrowy wygl\u0105d. Naturalne substancje myj\u0105ce pochodz\u0105ce z kokosa usuwaj\u0105 zanieczyszczenia, nie naruszaj\u0105c bariery hydrolipidowej sk\u00f3ry.<\/p>\n<p>Formu\u0142a szamponu jest \u0142agodna, odpowiednia do codziennego stosowania, tak\u017ce przy sk\u00f3rze wra\u017cliwej. Naturalne olejki eteryczne, w tym olejek mi\u0119towy, nadaj\u0105 \u015bwie\u017cy, orze\u017awiaj\u0105cy aromat, zamieniaj\u0105c codzienne mycie w\u0142os\u00f3w w odpr\u0119\u017caj\u0105cy rytua\u0142 piel\u0119gnacyjny.<\/p>\n<p>Szampon nie obci\u0105\u017ca w\u0142os\u00f3w \u2013 po ka\u017cdym myciu staj\u0105 si\u0119 one mocniejsze, bardziej spr\u0119\u017cyste i pe\u0142ne naturalnego blasku.<\/p>\n","protected":false},"excerpt":{"rendered":"<p>\u2022 Akcja REGENERACJA<\/p>\n<p>\u2022 Pot\u0119ga Amli i Neem dla zniszczonych i przet\u0142uszczaj\u0105cych si\u0119 w\u0142os\u00f3w<\/p>\n<p>\u2022 Wyg\u0142adza i chroni w\u0142osy<\/p>\n<p>&nbsp;<\/p>\n<p><b>Pojemno\u015b\u0107: <\/b>300 ml<\/p>\n","protected":false},"featured_media":45955,"template":"","meta":{"_editorskit_title_hidden":false,"_editorskit_reading_time":0,"_editorskit_is_block_options_detached":false,"_editorskit_block_options_position":"{}"},"product_brand":[],"product_cat":[630,645,631,52,17,499,50,491,497,444],"product_tag":[],"class_list":{"0":"post-44718","1":"product","2":"type-product","3":"status-publish","4":"has-post-thumbnail","6":"product_cat-deva-cosmetics","7":"product_cat-green-week","8":"product_cat-idealne-na-lato-","9":"product_cat-wlosy","10":"product_cat-kosmetyki","11":"product_cat-marki","12":"product_cat-pielegnacja-ciala","13":"product_cat-przeznaczenie-produktow","14":"product_cat-wlosy-kosmetyki","15":"product_cat-zabiegi-kosmetyczne","17":"first","18":"instock","19":"taxable","20":"shipping-taxable","21":"purchasable","22":"product-type-simple","23":"add-to-wishlist-before_image"},"acf":{"ilosc_sztuk_w_pudelku":"","ilosc_pudelek_w_kartonie":"","wykluczyc_z_szybkich_zakupow":""},"yoast_head":"<!-- This site is optimized with the Yoast SEO plugin v23.1 - https:\/\/yoast.com\/wordpress\/plugins\/seo\/ -->\n<title>Szampon - regeneruj\u0105cy - 300 ml - Deva Harmony Polska<\/title>\n<meta name=\"robots\" content=\"index, follow, max-snippet:-1, max-image-preview:large, max-video-preview:-1\" \/>\n<link rel=\"canonical\" href=\"https:\/\/devaharmony.com\/pl\/sklep\/szampon-amla-neem-300-ml\/\" \/>\n<meta property=\"og:locale\" content=\"pl_PL\" \/>\n<meta property=\"og:type\" content=\"article\" \/>\n<meta property=\"og:title\" content=\"Szampon - regeneruj\u0105cy - 300 ml - Deva Harmony Polska\" \/>\n<meta property=\"og:description\" content=\"\u2022 Akcja REGENERACJA  \u2022 Pot\u0119ga Amli i Neem dla zniszczonych i przet\u0142uszczaj\u0105cych si\u0119 w\u0142os\u00f3w  \u2022 Wyg\u0142adza i chroni w\u0142osy  &nbsp;  Pojemno\u015b\u0107: 300 ml\" \/>\n<meta property=\"og:url\" content=\"https:\/\/devaharmony.com\/pl\/sklep\/szampon-amla-neem-300-ml\/\" \/>\n<meta property=\"og:site_name\" content=\"Deva Harmony Polska\" \/>\n<meta property=\"article:modified_time\" content=\"2026-04-07T08:46:17+00:00\" \/>\n<meta property=\"og:image\" content=\"https:\/\/devaharmony.com\/pl\/wp-content\/uploads\/2025\/04\/SZAMPON-REGENERUJACY.png\" \/>\n\t<meta property=\"og:image:width\" content=\"1080\" \/>\n\t<meta property=\"og:image:height\" content=\"1080\" \/>\n\t<meta property=\"og:image:type\" content=\"image\/png\" \/>\n<meta name=\"twitter:card\" content=\"summary_large_image\" \/>\n<meta name=\"twitter:label1\" content=\"Szacowany czas czytania\" \/>\n\t<meta name=\"twitter:data1\" content=\"1 minuta\" \/>\n<script type=\"application\/ld+json\" class=\"yoast-schema-graph\">{\"@context\":\"https:\/\/schema.org\",\"@graph\":[{\"@type\":\"WebPage\",\"@id\":\"https:\/\/devaharmony.com\/pl\/sklep\/szampon-amla-neem-300-ml\/\",\"url\":\"https:\/\/devaharmony.com\/pl\/sklep\/szampon-amla-neem-300-ml\/\",\"name\":\"Szampon - regeneruj\u0105cy - 300 ml - Deva Harmony Polska\",\"isPartOf\":{\"@id\":\"https:\/\/devaharmony.com\/pl\/#website\"},\"primaryImageOfPage\":{\"@id\":\"https:\/\/devaharmony.com\/pl\/sklep\/szampon-amla-neem-300-ml\/#primaryimage\"},\"image\":{\"@id\":\"https:\/\/devaharmony.com\/pl\/sklep\/szampon-amla-neem-300-ml\/#primaryimage\"},\"thumbnailUrl\":\"https:\/\/devaharmony.com\/pl\/wp-content\/uploads\/2025\/04\/SZAMPON-REGENERUJACY.png\",\"datePublished\":\"2025-04-30T13:19:00+00:00\",\"dateModified\":\"2026-04-07T08:46:17+00:00\",\"breadcrumb\":{\"@id\":\"https:\/\/devaharmony.com\/pl\/sklep\/szampon-amla-neem-300-ml\/#breadcrumb\"},\"inLanguage\":\"pl-PL\",\"potentialAction\":[{\"@type\":\"ReadAction\",\"target\":[\"https:\/\/devaharmony.com\/pl\/sklep\/szampon-amla-neem-300-ml\/\"]}]},{\"@type\":\"ImageObject\",\"inLanguage\":\"pl-PL\",\"@id\":\"https:\/\/devaharmony.com\/pl\/sklep\/szampon-amla-neem-300-ml\/#primaryimage\",\"url\":\"https:\/\/devaharmony.com\/pl\/wp-content\/uploads\/2025\/04\/SZAMPON-REGENERUJACY.png\",\"contentUrl\":\"https:\/\/devaharmony.com\/pl\/wp-content\/uploads\/2025\/04\/SZAMPON-REGENERUJACY.png\",\"width\":1080,\"height\":1080},{\"@type\":\"BreadcrumbList\",\"@id\":\"https:\/\/devaharmony.com\/pl\/sklep\/szampon-amla-neem-300-ml\/#breadcrumb\",\"itemListElement\":[{\"@type\":\"ListItem\",\"position\":1,\"name\":\"Strona g\u0142\u00f3wna\",\"item\":\"https:\/\/devaharmony.com\/pl\/\"},{\"@type\":\"ListItem\",\"position\":2,\"name\":\"Produkty Ajurwedyjskie\",\"item\":\"https:\/\/devaharmony.com\/pl\/produkty-ajurwedyjskie\/\"},{\"@type\":\"ListItem\",\"position\":3,\"name\":\"Szampon &#8211; regeneruj\u0105cy &#8211; 300 ml\"}]},{\"@type\":\"WebSite\",\"@id\":\"https:\/\/devaharmony.com\/pl\/#website\",\"url\":\"https:\/\/devaharmony.com\/pl\/\",\"name\":\"Deva Harmony Polska\",\"description\":\"Ajurwedyjskie Suplementy Diety\",\"potentialAction\":[{\"@type\":\"SearchAction\",\"target\":{\"@type\":\"EntryPoint\",\"urlTemplate\":\"https:\/\/devaharmony.com\/pl\/?s={search_term_string}\"},\"query-input\":\"required name=search_term_string\"}],\"inLanguage\":\"pl-PL\"}]}<\/script>\n<!-- \/ Yoast SEO plugin. -->","yoast_head_json":{"title":"Szampon - regeneruj\u0105cy - 300 ml - Deva Harmony Polska","robots":{"index":"index","follow":"follow","max-snippet":"max-snippet:-1","max-image-preview":"max-image-preview:large","max-video-preview":"max-video-preview:-1"},"canonical":"https:\/\/devaharmony.com\/pl\/sklep\/szampon-amla-neem-300-ml\/","og_locale":"pl_PL","og_type":"article","og_title":"Szampon - regeneruj\u0105cy - 300 ml - Deva Harmony Polska","og_description":"\u2022 Akcja REGENERACJA  \u2022 Pot\u0119ga Amli i Neem dla zniszczonych i przet\u0142uszczaj\u0105cych si\u0119 w\u0142os\u00f3w  \u2022 Wyg\u0142adza i chroni w\u0142osy  &nbsp;  Pojemno\u015b\u0107: 300 ml","og_url":"https:\/\/devaharmony.com\/pl\/sklep\/szampon-amla-neem-300-ml\/","og_site_name":"Deva Harmony Polska","article_modified_time":"2026-04-07T08:46:17+00:00","og_image":[{"width":1080,"height":1080,"url":"https:\/\/devaharmony.com\/pl\/wp-content\/uploads\/2025\/04\/SZAMPON-REGENERUJACY.png","type":"image\/png"}],"twitter_card":"summary_large_image","twitter_misc":{"Szacowany czas czytania":"1 minuta"},"schema":{"@context":"https:\/\/schema.org","@graph":[{"@type":"WebPage","@id":"https:\/\/devaharmony.com\/pl\/sklep\/szampon-amla-neem-300-ml\/","url":"https:\/\/devaharmony.com\/pl\/sklep\/szampon-amla-neem-300-ml\/","name":"Szampon - regeneruj\u0105cy - 300 ml - Deva Harmony Polska","isPartOf":{"@id":"https:\/\/devaharmony.com\/pl\/#website"},"primaryImageOfPage":{"@id":"https:\/\/devaharmony.com\/pl\/sklep\/szampon-amla-neem-300-ml\/#primaryimage"},"image":{"@id":"https:\/\/devaharmony.com\/pl\/sklep\/szampon-amla-neem-300-ml\/#primaryimage"},"thumbnailUrl":"https:\/\/devaharmony.com\/pl\/wp-content\/uploads\/2025\/04\/SZAMPON-REGENERUJACY.png","datePublished":"2025-04-30T13:19:00+00:00","dateModified":"2026-04-07T08:46:17+00:00","breadcrumb":{"@id":"https:\/\/devaharmony.com\/pl\/sklep\/szampon-amla-neem-300-ml\/#breadcrumb"},"inLanguage":"pl-PL","potentialAction":[{"@type":"ReadAction","target":["https:\/\/devaharmony.com\/pl\/sklep\/szampon-amla-neem-300-ml\/"]}]},{"@type":"ImageObject","inLanguage":"pl-PL","@id":"https:\/\/devaharmony.com\/pl\/sklep\/szampon-amla-neem-300-ml\/#primaryimage","url":"https:\/\/devaharmony.com\/pl\/wp-content\/uploads\/2025\/04\/SZAMPON-REGENERUJACY.png","contentUrl":"https:\/\/devaharmony.com\/pl\/wp-content\/uploads\/2025\/04\/SZAMPON-REGENERUJACY.png","width":1080,"height":1080},{"@type":"BreadcrumbList","@id":"https:\/\/devaharmony.com\/pl\/sklep\/szampon-amla-neem-300-ml\/#breadcrumb","itemListElement":[{"@type":"ListItem","position":1,"name":"Strona g\u0142\u00f3wna","item":"https:\/\/devaharmony.com\/pl\/"},{"@type":"ListItem","position":2,"name":"Produkty Ajurwedyjskie","item":"https:\/\/devaharmony.com\/pl\/produkty-ajurwedyjskie\/"},{"@type":"ListItem","position":3,"name":"Szampon &#8211; regeneruj\u0105cy &#8211; 300 ml"}]},{"@type":"WebSite","@id":"https:\/\/devaharmony.com\/pl\/#website","url":"https:\/\/devaharmony.com\/pl\/","name":"Deva Harmony Polska","description":"Ajurwedyjskie Suplementy Diety","potentialAction":[{"@type":"SearchAction","target":{"@type":"EntryPoint","urlTemplate":"https:\/\/devaharmony.com\/pl\/?s={search_term_string}"},"query-input":"required name=search_term_string"}],"inLanguage":"pl-PL"}]}},"_links":{"self":[{"href":"https:\/\/devaharmony.com\/pl\/wp-json\/wp\/v2\/product\/44718","targetHints":{"allow":["GET"]}}],"collection":[{"href":"https:\/\/devaharmony.com\/pl\/wp-json\/wp\/v2\/product"}],"about":[{"href":"https:\/\/devaharmony.com\/pl\/wp-json\/wp\/v2\/types\/product"}],"wp:featuredmedia":[{"embeddable":true,"href":"https:\/\/devaharmony.com\/pl\/wp-json\/wp\/v2\/media\/45955"}],"wp:attachment":[{"href":"https:\/\/devaharmony.com\/pl\/wp-json\/wp\/v2\/media?parent=44718"}],"wp:term":[{"taxonomy":"product_brand","embeddable":true,"href":"https:\/\/devaharmony.com\/pl\/wp-json\/wp\/v2\/product_brand?post=44718"},{"taxonomy":"product_cat","embeddable":true,"href":"https:\/\/devaharmony.com\/pl\/wp-json\/wp\/v2\/product_cat?post=44718"},{"taxonomy":"product_tag","embeddable":true,"href":"https:\/\/devaharmony.com\/pl\/wp-json\/wp\/v2\/product_tag?post=44718"}],"curies":[{"name":"wp","href":"https:\/\/api.w.org\/{rel}","templated":true}]}}