{"id":44707,"date":"2025-04-30T12:48:53","date_gmt":"2025-04-30T11:48:53","guid":{"rendered":"https:\/\/devaharmony.com\/pl\/sklep\/peeling-do-ciala-lawenda-szalwia-300ml\/"},"modified":"2026-04-13T14:20:34","modified_gmt":"2026-04-13T13:20:34","slug":"peeling-do-ciala-lawenda-szalwia-300ml","status":"publish","type":"product","link":"https:\/\/devaharmony.com\/pl\/sklep\/peeling-do-ciala-lawenda-szalwia-300ml\/","title":{"rendered":"Peeling do cia\u0142a lawenda &amp; sza\u0142wia &#8211; 300ml"},"content":{"rendered":"<p align=\"JUSTIFY\">Peeling stworzony z mieszanki <strong>cukru, miodu, mas\u0142a shea i naturalnych olej\u00f3w ro\u015blinnych \u2013 s\u0142onecznikowego, migda\u0142owego i z pestek winogron<\/strong> \u2013 dok\u0142adnie oczyszcza, z\u0142uszcza martwy nask\u00f3rek i wspiera procesy regeneracji. Pestki czarnej porzeczki intensyfikuj\u0105 masa\u017c, pobudzaj\u0105c mikrokr\u0105\u017cenie i poprawiaj\u0105c struktur\u0119 sk\u00f3ry. Bogata formu\u0142a od\u017cywia i chroni przed przesuszeniem, pozostawiaj\u0105c na ciele delikatny film ochronny.<\/p>\n<p align=\"JUSTIFY\">Dodatek naturalnych olejk\u00f3w eterycznych z <strong>lawendy i sza\u0142wii muszkato\u0142owej<\/strong> zapewnia wyj\u0105tkowe doznanie aromaterapeutyczne \u2013 uspokaja, redukuje stres i g\u0142\u0119boko odpr\u0119\u017ca zmys\u0142y. Idealny do stosowania przez ca\u0142y rok, szczeg\u00f3lnie gdy sk\u00f3ra potrzebuje regeneracji i ukojenia. Efektem jest mi\u0119kka, g\u0142adka i elastyczna sk\u00f3ra oraz\u2013 jak po wizycie w luksusowym spa.<\/p>\n<p align=\"JUSTIFY\"><b>Pojemno\u015b\u0107: <\/b>300 ml<\/p>\n","protected":false},"excerpt":{"rendered":"<p><b>Peeling lawenda &amp; sza\u0142wia muszkato\u0142owa<\/b><\/p>\n<ul>\n<li>Relaksuj\u0105cy aromat lawendy i sza\u0142wii muszkato\u0142owej<\/li>\n<li>Mi\u00f3d, cukier i pestki czarnej porzeczki<\/li>\n<li>Moc naturalnych olej\u00f3w: s\u0142onecznikowego, migda\u0142owego, z pestek winogron i drzewa r\u00f3\u017canego<\/li>\n<li>99% naturalnych sk\u0142adnik\u00f3w<\/li>\n<\/ul>\n<p>&nbsp;<\/p>\n<p><b>Pojemno\u015b\u0107: <\/b>300 ml<\/p>\n","protected":false},"featured_media":45020,"template":"","meta":{"_editorskit_title_hidden":false,"_editorskit_reading_time":0,"_editorskit_is_block_options_detached":false,"_editorskit_block_options_position":"{}"},"product_brand":[],"product_cat":[488,630,645,631,17,499,443,505,50,491,51,444],"product_tag":[],"class_list":{"0":"post-44707","1":"product","2":"type-product","3":"status-publish","4":"has-post-thumbnail","6":"product_cat-cialo-kosmetyki","7":"product_cat-deva-cosmetics","8":"product_cat-green-week","9":"product_cat-idealne-na-lato-","10":"product_cat-kosmetyki","11":"product_cat-marki","12":"product_cat-masaze","13":"product_cat-nowosci","14":"product_cat-pielegnacja-ciala","15":"product_cat-przeznaczenie-produktow","16":"product_cat-skora","17":"product_cat-zabiegi-kosmetyczne","19":"first","20":"instock","21":"taxable","22":"shipping-taxable","23":"purchasable","24":"product-type-simple","25":"add-to-wishlist-before_image"},"acf":{"ilosc_sztuk_w_pudelku":"","ilosc_pudelek_w_kartonie":"","wykluczyc_z_szybkich_zakupow":""},"yoast_head":"<!-- This site is optimized with the Yoast SEO plugin v23.1 - https:\/\/yoast.com\/wordpress\/plugins\/seo\/ -->\n<title>Peeling do cia\u0142a lawenda &amp; sza\u0142wia - 300ml - Deva Harmony Polska<\/title>\n<meta name=\"robots\" content=\"index, follow, max-snippet:-1, max-image-preview:large, max-video-preview:-1\" \/>\n<link rel=\"canonical\" href=\"https:\/\/devaharmony.com\/pl\/sklep\/peeling-do-ciala-lawenda-szalwia-300ml\/\" \/>\n<meta property=\"og:locale\" content=\"pl_PL\" \/>\n<meta property=\"og:type\" content=\"article\" \/>\n<meta property=\"og:title\" content=\"Peeling do cia\u0142a lawenda &amp; sza\u0142wia - 300ml - Deva Harmony Polska\" \/>\n<meta property=\"og:description\" content=\"Peeling lawenda &amp; sza\u0142wia muszkato\u0142owa   Relaksuj\u0105cy aromat lawendy i sza\u0142wii muszkato\u0142owej  Mi\u00f3d, cukier i pestki czarnej porzeczki  Moc naturalnych olej\u00f3w: s\u0142onecznikowego, migda\u0142owego, z pestek winogron i drzewa r\u00f3\u017canego  99% naturalnych sk\u0142adnik\u00f3w  &nbsp;  Pojemno\u015b\u0107: 300 ml\" \/>\n<meta property=\"og:url\" content=\"https:\/\/devaharmony.com\/pl\/sklep\/peeling-do-ciala-lawenda-szalwia-300ml\/\" \/>\n<meta property=\"og:site_name\" content=\"Deva Harmony Polska\" \/>\n<meta property=\"article:modified_time\" content=\"2026-04-13T13:20:34+00:00\" \/>\n<meta property=\"og:image\" content=\"https:\/\/devaharmony.com\/pl\/wp-content\/uploads\/2025\/04\/Peeling-lawenda-szalwia.png\" \/>\n\t<meta property=\"og:image:width\" content=\"1080\" \/>\n\t<meta property=\"og:image:height\" content=\"1080\" \/>\n\t<meta property=\"og:image:type\" content=\"image\/png\" \/>\n<meta name=\"twitter:card\" content=\"summary_large_image\" \/>\n<meta name=\"twitter:label1\" content=\"Szacowany czas czytania\" \/>\n\t<meta name=\"twitter:data1\" content=\"1 minuta\" \/>\n<script type=\"application\/ld+json\" class=\"yoast-schema-graph\">{\"@context\":\"https:\/\/schema.org\",\"@graph\":[{\"@type\":\"WebPage\",\"@id\":\"https:\/\/devaharmony.com\/pl\/sklep\/peeling-do-ciala-lawenda-szalwia-300ml\/\",\"url\":\"https:\/\/devaharmony.com\/pl\/sklep\/peeling-do-ciala-lawenda-szalwia-300ml\/\",\"name\":\"Peeling do cia\u0142a lawenda &amp; sza\u0142wia - 300ml - Deva Harmony Polska\",\"isPartOf\":{\"@id\":\"https:\/\/devaharmony.com\/pl\/#website\"},\"primaryImageOfPage\":{\"@id\":\"https:\/\/devaharmony.com\/pl\/sklep\/peeling-do-ciala-lawenda-szalwia-300ml\/#primaryimage\"},\"image\":{\"@id\":\"https:\/\/devaharmony.com\/pl\/sklep\/peeling-do-ciala-lawenda-szalwia-300ml\/#primaryimage\"},\"thumbnailUrl\":\"https:\/\/devaharmony.com\/pl\/wp-content\/uploads\/2025\/04\/Peeling-lawenda-szalwia.png\",\"datePublished\":\"2025-04-30T11:48:53+00:00\",\"dateModified\":\"2026-04-13T13:20:34+00:00\",\"breadcrumb\":{\"@id\":\"https:\/\/devaharmony.com\/pl\/sklep\/peeling-do-ciala-lawenda-szalwia-300ml\/#breadcrumb\"},\"inLanguage\":\"pl-PL\",\"potentialAction\":[{\"@type\":\"ReadAction\",\"target\":[\"https:\/\/devaharmony.com\/pl\/sklep\/peeling-do-ciala-lawenda-szalwia-300ml\/\"]}]},{\"@type\":\"ImageObject\",\"inLanguage\":\"pl-PL\",\"@id\":\"https:\/\/devaharmony.com\/pl\/sklep\/peeling-do-ciala-lawenda-szalwia-300ml\/#primaryimage\",\"url\":\"https:\/\/devaharmony.com\/pl\/wp-content\/uploads\/2025\/04\/Peeling-lawenda-szalwia.png\",\"contentUrl\":\"https:\/\/devaharmony.com\/pl\/wp-content\/uploads\/2025\/04\/Peeling-lawenda-szalwia.png\",\"width\":1080,\"height\":1080},{\"@type\":\"BreadcrumbList\",\"@id\":\"https:\/\/devaharmony.com\/pl\/sklep\/peeling-do-ciala-lawenda-szalwia-300ml\/#breadcrumb\",\"itemListElement\":[{\"@type\":\"ListItem\",\"position\":1,\"name\":\"Strona g\u0142\u00f3wna\",\"item\":\"https:\/\/devaharmony.com\/pl\/\"},{\"@type\":\"ListItem\",\"position\":2,\"name\":\"Produkty Ajurwedyjskie\",\"item\":\"https:\/\/devaharmony.com\/pl\/produkty-ajurwedyjskie\/\"},{\"@type\":\"ListItem\",\"position\":3,\"name\":\"Peeling do cia\u0142a lawenda &amp; sza\u0142wia &#8211; 300ml\"}]},{\"@type\":\"WebSite\",\"@id\":\"https:\/\/devaharmony.com\/pl\/#website\",\"url\":\"https:\/\/devaharmony.com\/pl\/\",\"name\":\"Deva Harmony Polska\",\"description\":\"Ajurwedyjskie Suplementy Diety\",\"potentialAction\":[{\"@type\":\"SearchAction\",\"target\":{\"@type\":\"EntryPoint\",\"urlTemplate\":\"https:\/\/devaharmony.com\/pl\/?s={search_term_string}\"},\"query-input\":\"required name=search_term_string\"}],\"inLanguage\":\"pl-PL\"}]}<\/script>\n<!-- \/ Yoast SEO plugin. -->","yoast_head_json":{"title":"Peeling do cia\u0142a lawenda &amp; sza\u0142wia - 300ml - Deva Harmony Polska","robots":{"index":"index","follow":"follow","max-snippet":"max-snippet:-1","max-image-preview":"max-image-preview:large","max-video-preview":"max-video-preview:-1"},"canonical":"https:\/\/devaharmony.com\/pl\/sklep\/peeling-do-ciala-lawenda-szalwia-300ml\/","og_locale":"pl_PL","og_type":"article","og_title":"Peeling do cia\u0142a lawenda &amp; sza\u0142wia - 300ml - Deva Harmony Polska","og_description":"Peeling lawenda &amp; sza\u0142wia muszkato\u0142owa   Relaksuj\u0105cy aromat lawendy i sza\u0142wii muszkato\u0142owej  Mi\u00f3d, cukier i pestki czarnej porzeczki  Moc naturalnych olej\u00f3w: s\u0142onecznikowego, migda\u0142owego, z pestek winogron i drzewa r\u00f3\u017canego  99% naturalnych sk\u0142adnik\u00f3w  &nbsp;  Pojemno\u015b\u0107: 300 ml","og_url":"https:\/\/devaharmony.com\/pl\/sklep\/peeling-do-ciala-lawenda-szalwia-300ml\/","og_site_name":"Deva Harmony Polska","article_modified_time":"2026-04-13T13:20:34+00:00","og_image":[{"width":1080,"height":1080,"url":"https:\/\/devaharmony.com\/pl\/wp-content\/uploads\/2025\/04\/Peeling-lawenda-szalwia.png","type":"image\/png"}],"twitter_card":"summary_large_image","twitter_misc":{"Szacowany czas czytania":"1 minuta"},"schema":{"@context":"https:\/\/schema.org","@graph":[{"@type":"WebPage","@id":"https:\/\/devaharmony.com\/pl\/sklep\/peeling-do-ciala-lawenda-szalwia-300ml\/","url":"https:\/\/devaharmony.com\/pl\/sklep\/peeling-do-ciala-lawenda-szalwia-300ml\/","name":"Peeling do cia\u0142a lawenda &amp; sza\u0142wia - 300ml - Deva Harmony Polska","isPartOf":{"@id":"https:\/\/devaharmony.com\/pl\/#website"},"primaryImageOfPage":{"@id":"https:\/\/devaharmony.com\/pl\/sklep\/peeling-do-ciala-lawenda-szalwia-300ml\/#primaryimage"},"image":{"@id":"https:\/\/devaharmony.com\/pl\/sklep\/peeling-do-ciala-lawenda-szalwia-300ml\/#primaryimage"},"thumbnailUrl":"https:\/\/devaharmony.com\/pl\/wp-content\/uploads\/2025\/04\/Peeling-lawenda-szalwia.png","datePublished":"2025-04-30T11:48:53+00:00","dateModified":"2026-04-13T13:20:34+00:00","breadcrumb":{"@id":"https:\/\/devaharmony.com\/pl\/sklep\/peeling-do-ciala-lawenda-szalwia-300ml\/#breadcrumb"},"inLanguage":"pl-PL","potentialAction":[{"@type":"ReadAction","target":["https:\/\/devaharmony.com\/pl\/sklep\/peeling-do-ciala-lawenda-szalwia-300ml\/"]}]},{"@type":"ImageObject","inLanguage":"pl-PL","@id":"https:\/\/devaharmony.com\/pl\/sklep\/peeling-do-ciala-lawenda-szalwia-300ml\/#primaryimage","url":"https:\/\/devaharmony.com\/pl\/wp-content\/uploads\/2025\/04\/Peeling-lawenda-szalwia.png","contentUrl":"https:\/\/devaharmony.com\/pl\/wp-content\/uploads\/2025\/04\/Peeling-lawenda-szalwia.png","width":1080,"height":1080},{"@type":"BreadcrumbList","@id":"https:\/\/devaharmony.com\/pl\/sklep\/peeling-do-ciala-lawenda-szalwia-300ml\/#breadcrumb","itemListElement":[{"@type":"ListItem","position":1,"name":"Strona g\u0142\u00f3wna","item":"https:\/\/devaharmony.com\/pl\/"},{"@type":"ListItem","position":2,"name":"Produkty Ajurwedyjskie","item":"https:\/\/devaharmony.com\/pl\/produkty-ajurwedyjskie\/"},{"@type":"ListItem","position":3,"name":"Peeling do cia\u0142a lawenda &amp; sza\u0142wia &#8211; 300ml"}]},{"@type":"WebSite","@id":"https:\/\/devaharmony.com\/pl\/#website","url":"https:\/\/devaharmony.com\/pl\/","name":"Deva Harmony Polska","description":"Ajurwedyjskie Suplementy Diety","potentialAction":[{"@type":"SearchAction","target":{"@type":"EntryPoint","urlTemplate":"https:\/\/devaharmony.com\/pl\/?s={search_term_string}"},"query-input":"required name=search_term_string"}],"inLanguage":"pl-PL"}]}},"_links":{"self":[{"href":"https:\/\/devaharmony.com\/pl\/wp-json\/wp\/v2\/product\/44707","targetHints":{"allow":["GET"]}}],"collection":[{"href":"https:\/\/devaharmony.com\/pl\/wp-json\/wp\/v2\/product"}],"about":[{"href":"https:\/\/devaharmony.com\/pl\/wp-json\/wp\/v2\/types\/product"}],"wp:featuredmedia":[{"embeddable":true,"href":"https:\/\/devaharmony.com\/pl\/wp-json\/wp\/v2\/media\/45020"}],"wp:attachment":[{"href":"https:\/\/devaharmony.com\/pl\/wp-json\/wp\/v2\/media?parent=44707"}],"wp:term":[{"taxonomy":"product_brand","embeddable":true,"href":"https:\/\/devaharmony.com\/pl\/wp-json\/wp\/v2\/product_brand?post=44707"},{"taxonomy":"product_cat","embeddable":true,"href":"https:\/\/devaharmony.com\/pl\/wp-json\/wp\/v2\/product_cat?post=44707"},{"taxonomy":"product_tag","embeddable":true,"href":"https:\/\/devaharmony.com\/pl\/wp-json\/wp\/v2\/product_tag?post=44707"}],"curies":[{"name":"wp","href":"https:\/\/api.w.org\/{rel}","templated":true}]}}