{"id":44702,"date":"2025-04-30T12:23:53","date_gmt":"2025-04-30T11:23:53","guid":{"rendered":"https:\/\/devaharmony.com\/pl\/sklep\/peeling-do-ciala-kokos-wanilia-300ml\/"},"modified":"2026-04-13T14:11:37","modified_gmt":"2026-04-13T13:11:37","slug":"peeling-do-ciala-kokos-wanilia-300ml","status":"publish","type":"product","link":"https:\/\/devaharmony.com\/pl\/sklep\/peeling-do-ciala-kokos-wanilia-300ml\/","title":{"rendered":"Peeling do cia\u0142a kokos &amp; wanilia &#8211; 300ml"},"content":{"rendered":"<p align=\"JUSTIFY\">Peeling na bazie <strong>cukru, mas\u0142a shea, miodu i naturalnych olej\u00f3w<\/strong> delikatnie z\u0142uszcza nask\u00f3rek, intensywnie nawil\u017caj\u0105c i zmi\u0119kczaj\u0105c sk\u00f3r\u0119. <strong>Pestki truskawek<\/strong> wzmacniaj\u0105 efekt wyg\u0142adzenia, wspomagaj\u0105c walk\u0119 z sucho\u015bci\u0105 i utrat\u0105 j\u0119drno\u015bci. Masa\u017c wykonany peelingiem pobudza mikrokr\u0105\u017cenie, wspiera regeneracj\u0119 i poprawia elastyczno\u015b\u0107 sk\u00f3ry. Luksusowy <strong>aromat kokosa i wanilii<\/strong> tworzy przyjemne, odpr\u0119\u017caj\u0105ce doznanie, idealne do domowego rytua\u0142u spa.<\/p>\n<p align=\"JUSTIFY\"><b>Pojemno\u015b\u0107:<\/b> 300ml<\/p>\n","protected":false},"excerpt":{"rendered":"<p><b>Peeling kokos &amp; wanilia<\/b><\/p>\n<p><b>\u00a0<\/b><\/p>\n<ul>\n<li>S\u0142odka \u015bwie\u017co\u015b\u0107 kokosa i wanilii<\/li>\n<li>Mi\u00f3d, cukier i pestki truskawek<\/li>\n<li>Moc naturalnych olej\u00f3w: z pestek winogron, nasion s\u0142onecznika, drzewa r\u00f3\u017canego i s\u0142odkich migda\u0142\u00f3w<\/li>\n<li>96% naturalnych sk\u0142adnik\u00f3w<\/li>\n<\/ul>\n<p>&nbsp;<\/p>\n<p><b>Pojemno\u015b\u0107:<\/b> 300ml<\/p>\n","protected":false},"featured_media":45011,"template":"","meta":{"_editorskit_title_hidden":false,"_editorskit_reading_time":0,"_editorskit_is_block_options_detached":false,"_editorskit_block_options_position":"{}"},"product_brand":[],"product_cat":[488,630,645,631,499,443,505,491,444,17,50,51],"product_tag":[],"class_list":{"0":"post-44702","1":"product","2":"type-product","3":"status-publish","4":"has-post-thumbnail","6":"product_cat-cialo-kosmetyki","7":"product_cat-deva-cosmetics","8":"product_cat-green-week","9":"product_cat-idealne-na-lato-","10":"product_cat-marki","11":"product_cat-masaze","12":"product_cat-nowosci","13":"product_cat-przeznaczenie-produktow","14":"product_cat-zabiegi-kosmetyczne","15":"product_cat-kosmetyki","16":"product_cat-pielegnacja-ciala","17":"product_cat-skora","19":"first","20":"instock","21":"taxable","22":"shipping-taxable","23":"purchasable","24":"product-type-simple","25":"add-to-wishlist-before_image"},"acf":{"ilosc_sztuk_w_pudelku":"","ilosc_pudelek_w_kartonie":"","wykluczyc_z_szybkich_zakupow":""},"yoast_head":"<!-- This site is optimized with the Yoast SEO plugin v23.1 - https:\/\/yoast.com\/wordpress\/plugins\/seo\/ -->\n<title>Peeling do cia\u0142a kokos &amp; wanilia - 300ml - Deva Harmony Polska<\/title>\n<meta name=\"robots\" content=\"index, follow, max-snippet:-1, max-image-preview:large, max-video-preview:-1\" \/>\n<link rel=\"canonical\" href=\"https:\/\/devaharmony.com\/pl\/sklep\/peeling-do-ciala-kokos-wanilia-300ml\/\" \/>\n<meta property=\"og:locale\" content=\"pl_PL\" \/>\n<meta property=\"og:type\" content=\"article\" \/>\n<meta property=\"og:title\" content=\"Peeling do cia\u0142a kokos &amp; wanilia - 300ml - Deva Harmony Polska\" \/>\n<meta property=\"og:description\" content=\"Peeling kokos &amp; wanilia  \u00a0   S\u0142odka \u015bwie\u017co\u015b\u0107 kokosa i wanilii  Mi\u00f3d, cukier i pestki truskawek  Moc naturalnych olej\u00f3w: z pestek winogron, nasion s\u0142onecznika, drzewa r\u00f3\u017canego i s\u0142odkich migda\u0142\u00f3w  96% naturalnych sk\u0142adnik\u00f3w  &nbsp;  Pojemno\u015b\u0107: 300ml\" \/>\n<meta property=\"og:url\" content=\"https:\/\/devaharmony.com\/pl\/sklep\/peeling-do-ciala-kokos-wanilia-300ml\/\" \/>\n<meta property=\"og:site_name\" content=\"Deva Harmony Polska\" \/>\n<meta property=\"article:modified_time\" content=\"2026-04-13T13:11:37+00:00\" \/>\n<meta property=\"og:image\" content=\"https:\/\/devaharmony.com\/pl\/wp-content\/uploads\/2025\/04\/Peeling-kokoswanilia.png\" \/>\n\t<meta property=\"og:image:width\" content=\"1080\" \/>\n\t<meta property=\"og:image:height\" content=\"1080\" \/>\n\t<meta property=\"og:image:type\" content=\"image\/png\" \/>\n<meta name=\"twitter:card\" content=\"summary_large_image\" \/>\n<meta name=\"twitter:label1\" content=\"Szacowany czas czytania\" \/>\n\t<meta name=\"twitter:data1\" content=\"1 minuta\" \/>\n<script type=\"application\/ld+json\" class=\"yoast-schema-graph\">{\"@context\":\"https:\/\/schema.org\",\"@graph\":[{\"@type\":\"WebPage\",\"@id\":\"https:\/\/devaharmony.com\/pl\/sklep\/peeling-do-ciala-kokos-wanilia-300ml\/\",\"url\":\"https:\/\/devaharmony.com\/pl\/sklep\/peeling-do-ciala-kokos-wanilia-300ml\/\",\"name\":\"Peeling do cia\u0142a kokos &amp; wanilia - 300ml - Deva Harmony Polska\",\"isPartOf\":{\"@id\":\"https:\/\/devaharmony.com\/pl\/#website\"},\"primaryImageOfPage\":{\"@id\":\"https:\/\/devaharmony.com\/pl\/sklep\/peeling-do-ciala-kokos-wanilia-300ml\/#primaryimage\"},\"image\":{\"@id\":\"https:\/\/devaharmony.com\/pl\/sklep\/peeling-do-ciala-kokos-wanilia-300ml\/#primaryimage\"},\"thumbnailUrl\":\"https:\/\/devaharmony.com\/pl\/wp-content\/uploads\/2025\/04\/Peeling-kokoswanilia.png\",\"datePublished\":\"2025-04-30T11:23:53+00:00\",\"dateModified\":\"2026-04-13T13:11:37+00:00\",\"breadcrumb\":{\"@id\":\"https:\/\/devaharmony.com\/pl\/sklep\/peeling-do-ciala-kokos-wanilia-300ml\/#breadcrumb\"},\"inLanguage\":\"pl-PL\",\"potentialAction\":[{\"@type\":\"ReadAction\",\"target\":[\"https:\/\/devaharmony.com\/pl\/sklep\/peeling-do-ciala-kokos-wanilia-300ml\/\"]}]},{\"@type\":\"ImageObject\",\"inLanguage\":\"pl-PL\",\"@id\":\"https:\/\/devaharmony.com\/pl\/sklep\/peeling-do-ciala-kokos-wanilia-300ml\/#primaryimage\",\"url\":\"https:\/\/devaharmony.com\/pl\/wp-content\/uploads\/2025\/04\/Peeling-kokoswanilia.png\",\"contentUrl\":\"https:\/\/devaharmony.com\/pl\/wp-content\/uploads\/2025\/04\/Peeling-kokoswanilia.png\",\"width\":1080,\"height\":1080},{\"@type\":\"BreadcrumbList\",\"@id\":\"https:\/\/devaharmony.com\/pl\/sklep\/peeling-do-ciala-kokos-wanilia-300ml\/#breadcrumb\",\"itemListElement\":[{\"@type\":\"ListItem\",\"position\":1,\"name\":\"Strona g\u0142\u00f3wna\",\"item\":\"https:\/\/devaharmony.com\/pl\/\"},{\"@type\":\"ListItem\",\"position\":2,\"name\":\"Produkty Ajurwedyjskie\",\"item\":\"https:\/\/devaharmony.com\/pl\/produkty-ajurwedyjskie\/\"},{\"@type\":\"ListItem\",\"position\":3,\"name\":\"Peeling do cia\u0142a kokos &amp; wanilia &#8211; 300ml\"}]},{\"@type\":\"WebSite\",\"@id\":\"https:\/\/devaharmony.com\/pl\/#website\",\"url\":\"https:\/\/devaharmony.com\/pl\/\",\"name\":\"Deva Harmony Polska\",\"description\":\"Ajurwedyjskie Suplementy Diety\",\"potentialAction\":[{\"@type\":\"SearchAction\",\"target\":{\"@type\":\"EntryPoint\",\"urlTemplate\":\"https:\/\/devaharmony.com\/pl\/?s={search_term_string}\"},\"query-input\":\"required name=search_term_string\"}],\"inLanguage\":\"pl-PL\"}]}<\/script>\n<!-- \/ Yoast SEO plugin. -->","yoast_head_json":{"title":"Peeling do cia\u0142a kokos &amp; wanilia - 300ml - Deva Harmony Polska","robots":{"index":"index","follow":"follow","max-snippet":"max-snippet:-1","max-image-preview":"max-image-preview:large","max-video-preview":"max-video-preview:-1"},"canonical":"https:\/\/devaharmony.com\/pl\/sklep\/peeling-do-ciala-kokos-wanilia-300ml\/","og_locale":"pl_PL","og_type":"article","og_title":"Peeling do cia\u0142a kokos &amp; wanilia - 300ml - Deva Harmony Polska","og_description":"Peeling kokos &amp; wanilia  \u00a0   S\u0142odka \u015bwie\u017co\u015b\u0107 kokosa i wanilii  Mi\u00f3d, cukier i pestki truskawek  Moc naturalnych olej\u00f3w: z pestek winogron, nasion s\u0142onecznika, drzewa r\u00f3\u017canego i s\u0142odkich migda\u0142\u00f3w  96% naturalnych sk\u0142adnik\u00f3w  &nbsp;  Pojemno\u015b\u0107: 300ml","og_url":"https:\/\/devaharmony.com\/pl\/sklep\/peeling-do-ciala-kokos-wanilia-300ml\/","og_site_name":"Deva Harmony Polska","article_modified_time":"2026-04-13T13:11:37+00:00","og_image":[{"width":1080,"height":1080,"url":"https:\/\/devaharmony.com\/pl\/wp-content\/uploads\/2025\/04\/Peeling-kokoswanilia.png","type":"image\/png"}],"twitter_card":"summary_large_image","twitter_misc":{"Szacowany czas czytania":"1 minuta"},"schema":{"@context":"https:\/\/schema.org","@graph":[{"@type":"WebPage","@id":"https:\/\/devaharmony.com\/pl\/sklep\/peeling-do-ciala-kokos-wanilia-300ml\/","url":"https:\/\/devaharmony.com\/pl\/sklep\/peeling-do-ciala-kokos-wanilia-300ml\/","name":"Peeling do cia\u0142a kokos &amp; wanilia - 300ml - Deva Harmony Polska","isPartOf":{"@id":"https:\/\/devaharmony.com\/pl\/#website"},"primaryImageOfPage":{"@id":"https:\/\/devaharmony.com\/pl\/sklep\/peeling-do-ciala-kokos-wanilia-300ml\/#primaryimage"},"image":{"@id":"https:\/\/devaharmony.com\/pl\/sklep\/peeling-do-ciala-kokos-wanilia-300ml\/#primaryimage"},"thumbnailUrl":"https:\/\/devaharmony.com\/pl\/wp-content\/uploads\/2025\/04\/Peeling-kokoswanilia.png","datePublished":"2025-04-30T11:23:53+00:00","dateModified":"2026-04-13T13:11:37+00:00","breadcrumb":{"@id":"https:\/\/devaharmony.com\/pl\/sklep\/peeling-do-ciala-kokos-wanilia-300ml\/#breadcrumb"},"inLanguage":"pl-PL","potentialAction":[{"@type":"ReadAction","target":["https:\/\/devaharmony.com\/pl\/sklep\/peeling-do-ciala-kokos-wanilia-300ml\/"]}]},{"@type":"ImageObject","inLanguage":"pl-PL","@id":"https:\/\/devaharmony.com\/pl\/sklep\/peeling-do-ciala-kokos-wanilia-300ml\/#primaryimage","url":"https:\/\/devaharmony.com\/pl\/wp-content\/uploads\/2025\/04\/Peeling-kokoswanilia.png","contentUrl":"https:\/\/devaharmony.com\/pl\/wp-content\/uploads\/2025\/04\/Peeling-kokoswanilia.png","width":1080,"height":1080},{"@type":"BreadcrumbList","@id":"https:\/\/devaharmony.com\/pl\/sklep\/peeling-do-ciala-kokos-wanilia-300ml\/#breadcrumb","itemListElement":[{"@type":"ListItem","position":1,"name":"Strona g\u0142\u00f3wna","item":"https:\/\/devaharmony.com\/pl\/"},{"@type":"ListItem","position":2,"name":"Produkty Ajurwedyjskie","item":"https:\/\/devaharmony.com\/pl\/produkty-ajurwedyjskie\/"},{"@type":"ListItem","position":3,"name":"Peeling do cia\u0142a kokos &amp; wanilia &#8211; 300ml"}]},{"@type":"WebSite","@id":"https:\/\/devaharmony.com\/pl\/#website","url":"https:\/\/devaharmony.com\/pl\/","name":"Deva Harmony Polska","description":"Ajurwedyjskie Suplementy Diety","potentialAction":[{"@type":"SearchAction","target":{"@type":"EntryPoint","urlTemplate":"https:\/\/devaharmony.com\/pl\/?s={search_term_string}"},"query-input":"required name=search_term_string"}],"inLanguage":"pl-PL"}]}},"_links":{"self":[{"href":"https:\/\/devaharmony.com\/pl\/wp-json\/wp\/v2\/product\/44702","targetHints":{"allow":["GET"]}}],"collection":[{"href":"https:\/\/devaharmony.com\/pl\/wp-json\/wp\/v2\/product"}],"about":[{"href":"https:\/\/devaharmony.com\/pl\/wp-json\/wp\/v2\/types\/product"}],"wp:featuredmedia":[{"embeddable":true,"href":"https:\/\/devaharmony.com\/pl\/wp-json\/wp\/v2\/media\/45011"}],"wp:attachment":[{"href":"https:\/\/devaharmony.com\/pl\/wp-json\/wp\/v2\/media?parent=44702"}],"wp:term":[{"taxonomy":"product_brand","embeddable":true,"href":"https:\/\/devaharmony.com\/pl\/wp-json\/wp\/v2\/product_brand?post=44702"},{"taxonomy":"product_cat","embeddable":true,"href":"https:\/\/devaharmony.com\/pl\/wp-json\/wp\/v2\/product_cat?post=44702"},{"taxonomy":"product_tag","embeddable":true,"href":"https:\/\/devaharmony.com\/pl\/wp-json\/wp\/v2\/product_tag?post=44702"}],"curies":[{"name":"wp","href":"https:\/\/api.w.org\/{rel}","templated":true}]}}