{"id":44076,"date":"2025-03-27T11:33:44","date_gmt":"2025-03-27T10:33:44","guid":{"rendered":"https:\/\/devaharmony.com\/pl\/sklep\/ashwagandha-60-kaspulek-vanan\/"},"modified":"2026-04-01T08:55:43","modified_gmt":"2026-04-01T07:55:43","slug":"ashwagandha-60-kaspulek-vanan","status":"publish","type":"product","link":"https:\/\/devaharmony.com\/pl\/sklep\/ashwagandha-60-kaspulek-vanan\/","title":{"rendered":"Ashwagandha &#8211; 60 kaspu\u0142ek | Vanan"},"content":{"rendered":"<p><b>Ashwagandha<\/b>, znana r\u00f3wnie\u017c jako indyjski \u017ce\u0144-sze\u0144, to zio\u0142o o potwierdzonym dzia\u0142aniu, stosowane od ponad 3000 lat w tradycyjnej Ajurwedzie. W dzisiejszych czasach, pe\u0142nych stresu i ci\u0105g\u0142ych bod\u017ac\u00f3w, Vanan Ashwagandha staje si\u0119 Twoim sprzymierze\u0144cem w odzyskaniu<b> spokoju i koncentracji.<\/b><\/p>\n<p>&nbsp;<\/p>\n<p>Ten silny <b>adaptogen <\/b>wspiera r\u00f3wnowag\u0119 psychiczn\u0105, redukuje poziom <b>stresu i napi\u0119cia<\/b>, a jednocze\u015bnie naturalnie<b> zwi\u0119ksza poziom energii<\/b> oraz poprawia zdolno\u015b\u0107 skupienia. Idealny dla tych, kt\u00f3rzy chc\u0105 zachowa\u0107 klarowno\u015b\u0107 umys\u0142u i wewn\u0119trzny spok\u00f3j \u2013 ka\u017cdego dnia.<\/p>\n<p>&nbsp;<\/p>\n<p>Kapsu\u0142ki Vanan Ashwagandha s\u0105 w 100% wega\u0144skie, oparte na tradycji ajurwedyjskiej i produkowane zgodnie z rygorystycznymi standardami GMP, co gwarantuje najwy\u017csz\u0105 jako\u015b\u0107 i bezpiecze\u0144stwo.<\/p>\n<p>&nbsp;<\/p>\n<p><b>Si\u0119gnij po naturalne wsparcie umys\u0142u i cia\u0142a. Odkryj wewn\u0119trzn\u0105 si\u0142\u0119 z Vanan Ashwagandha.<\/b><\/p>\n<p><b>\u00a0<\/b><\/p>\n<ul>\n<li>\u00a0 \u00a0 Ajurwedyjski<\/li>\n<li>\u00a0 \u00a0 Bez sztucznych konserwant\u00f3w, aromat\u00f3w i substancji zapachowych<\/li>\n<li>\u00a0 \u00a0 Bez cukru, soli, dro\u017cd\u017cy, pszenicy,soi, glutenu i nabia\u0142u<\/li>\n<li>\u00a0 \u00a0 Certyfikaty: Wega\u0144ski, koszerny, Halal, GMP<\/li>\n<\/ul>\n<p>&nbsp;<\/p>\n<p><b>Produkt w 100% wega\u0144ski<\/b><\/p>\n<p><b>\u00a0<\/b><\/p>\n<p><b>Produkt standaryzowany DER<\/b><\/p>\n<p><b>Zalecana porcja dzienna:<\/b> 1 kapsu\u0142ka<\/p>\n<p><b>Pojemno\u015b\u0107:<\/b> 60 kapsu\u0142ek<\/p>\n<p><b>Producent:<\/b> APEX LABORATORIES PRIVATE LTD,<\/p>\n<p><b>Kraj pochodzenia: <\/b>Indie<\/p>\n<p>&nbsp;<\/p>\n<p>*Nie nale\u017cy przekracza\u0107 zalecanej porcji dziennej do spo\u017cycia. Suplement diety nie mo\u017ce by\u0107 stosowany jako substytut (zamiennik) zr\u00f3\u017cnicowanej diety. Nale\u017cy przestrzega\u0107 zdrowego trybu \u017cycia i zr\u00f3wnowa\u017conego sposobu \u017cywienia. Nie stosowa\u0107 w przypadku nadwra\u017cliwo\u015bci na sk\u0142adniki preparatu. Produkt nie jest przeznaczony dla dzieci, kobiet w ci\u0105\u017cy ani karmi\u0105cych.<\/p>\n<p>&nbsp;<\/p>\n<p>*Produkt bez GMO.<\/p>\n<p>&nbsp;<\/p>\n<p>*Przechowywa\u0107 w spos\u00f3b niedost\u0119pnydla ma\u0142ych dzieci. Chroni\u0107 przed \u015bwiat\u0142em i wilgoci\u0105.<\/p>\n<p>&nbsp;<\/p>\n<p>*Opisany produkt jest suplementem diety, nie jest produktem leczniczym, kt\u00f3remu przypisuje si\u0119 w\u0142a\u015bciwo\u015bci zapobiegania lub leczenie chor\u00f3b wyst\u0119puj\u0105cych u ludzi.<\/p>\n<p>&nbsp;<\/p>\n<p>*Przyjmowanie preparat\u00f3w zio\u0142owych najlepiej skonsultowa\u0107 z lekarzem lub farmaceut\u0105, poniewa\u017c dob\u00f3r odpowiedniego preparatu ro\u015blinnego wymaga r\u00f3wnie du\u017cej wiedzy, co w przypadku preparatu chemicznego. Nale\u017cy pami\u0119ta\u0107, \u017ce preparaty ro\u015blinne mog\u0105 wchodzi\u0107 w interakcje z przyjmowanymi lekami i mog\u0105 stanowi\u0107 zagro\u017cenie dla zdrowia. Niekt\u00f3re preparaty zio\u0142owe mog\u0105 wywo\u0142a\u0107 silne dzia\u0142anie, dlatego nale\u017cy przestrzega\u0107 wszystkich zalece\u0144 i ogranicze\u0144 podanych przez producenta. Szczeg\u00f3ln\u0105 ostro\u017cno\u015b\u0107 przy ich stosowaniu musz\u0105 zachowa\u0107 matki karmi\u0105ce i kobiety w ci\u0105\u017cy.<\/p>\n<p><b>\u00a0<\/b><\/p>\n<p>&nbsp;<\/p>\n","protected":false},"excerpt":{"rendered":"<p><b>Vanan Ashwagandha \u2013 naturalna r\u00f3wnowaga w \u015bwiecie pe\u0142nym po\u015bpiechu\u00a0<\/b><\/p>\n<p><b>\u00a0Redukcja stresu i napi\u0119cia emocjonalnego<\/b><\/p>\n<p><b>\u00a0<\/b><\/p>\n<ul>\n<li>Wsparcie w stanach zm\u0119czenia psychicznego i fizycznego<\/li>\n<li>Poprawa koncentracji, pami\u0119ci i funkcji poznawczych<\/li>\n<li>Naturalne zwi\u0119kszenie poziomu energii i witalno\u015bci<\/li>\n<li>Wspomaganie zdrowego snu i regeneracji<\/li>\n<li>Wzmocnienie odporno\u015bci organizmu<\/li>\n<li>Regulacja poziomu stresu<\/li>\n<li>Poprawa og\u00f3lnego samopoczucia i r\u00f3wnowagi psychicznej<\/li>\n<\/ul>\n<div><\/div>\n<div><span style=\"font-size: 13px\"><b>Produkt: 100 % wega\u0144ski, bez alergen\u00f3w<\/b><\/span><\/div>\n<div>\n<div><span style=\"font-size: 13px\"><b>\u00a0<\/b><\/span><\/div>\n<div><span style=\"font-size: 13px\"><b>Pojemno\u015b\u0107:<\/b> 60 kapsu\u0142ek<\/span><\/div>\n<div><span style=\"font-size: 13px\">\u00a0<\/span><\/div>\n<div><span style=\"font-size: 13px\"><b>1 opakowanie wystarcza na 2 miesi\u0105ce stosowania\u00a0<\/b><\/span><\/div>\n<\/div>\n<p>&nbsp;<\/p>\n<p>&nbsp;<\/p>\n<p>&nbsp;<\/p>\n<p>&nbsp;<\/p>\n","protected":false},"featured_media":44782,"template":"","meta":{"_editorskit_title_hidden":false,"_editorskit_reading_time":0,"_editorskit_is_block_options_detached":false,"_editorskit_block_options_position":"{}"},"product_brand":[],"product_cat":[456,467,645,499,491,500,629,47,18,35,48],"product_tag":[],"class_list":{"0":"post-44076","1":"product","2":"type-product","3":"status-publish","4":"has-post-thumbnail","6":"product_cat-ziola-ajurwedyjskie","7":"product_cat-adaptogeny","8":"product_cat-green-week","9":"product_cat-marki","10":"product_cat-przeznaczenie-produktow","11":"product_cat-vanan","12":"product_cat-wiosenna-promocja","13":"product_cat-dobre-samopoczucie","14":"product_cat-suplementy","15":"product_cat-ziola","16":"product_cat-zdrowie-seksualne","18":"first","19":"instock","20":"taxable","21":"shipping-taxable","22":"purchasable","23":"product-type-simple","24":"add-to-wishlist-before_image"},"acf":{"ilosc_sztuk_w_pudelku":"","ilosc_pudelek_w_kartonie":"","wykluczyc_z_szybkich_zakupow":""},"yoast_head":"<!-- This site is optimized with the Yoast SEO plugin v23.1 - https:\/\/yoast.com\/wordpress\/plugins\/seo\/ -->\n<title>Ashwagandha - 60 kaspu\u0142ek | Vanan - Deva Harmony Polska<\/title>\n<meta name=\"robots\" content=\"index, follow, max-snippet:-1, max-image-preview:large, max-video-preview:-1\" \/>\n<link rel=\"canonical\" href=\"https:\/\/devaharmony.com\/pl\/sklep\/ashwagandha-60-kaspulek-vanan\/\" \/>\n<meta property=\"og:locale\" content=\"pl_PL\" \/>\n<meta property=\"og:type\" content=\"article\" \/>\n<meta property=\"og:title\" content=\"Ashwagandha - 60 kaspu\u0142ek | Vanan - Deva Harmony Polska\" \/>\n<meta property=\"og:description\" content=\"Vanan Ashwagandha \u2013 naturalna r\u00f3wnowaga w \u015bwiecie pe\u0142nym po\u015bpiechu\u00a0  \u00a0Redukcja stresu i napi\u0119cia emocjonalnego  \u00a0   Wsparcie w stanach zm\u0119czenia psychicznego i fizycznego  Poprawa koncentracji, pami\u0119ci i funkcji poznawczych  Naturalne zwi\u0119kszenie poziomu energii i witalno\u015bci  Wspomaganie zdrowego snu i regeneracji  Wzmocnienie odporno\u015bci organizmu  Regulacja poziomu stresu  Poprawa og\u00f3lnego samopoczucia i r\u00f3wnowagi psychicznej   Produkt: 100 % wega\u0144ski, bez alergen\u00f3w  \u00a0 Pojemno\u015b\u0107: 60 kapsu\u0142ek \u00a0 1 opakowanie wystarcza na 2 miesi\u0105ce stosowania\u00a0  &nbsp;  &nbsp;  &nbsp;  &nbsp;\" \/>\n<meta property=\"og:url\" content=\"https:\/\/devaharmony.com\/pl\/sklep\/ashwagandha-60-kaspulek-vanan\/\" \/>\n<meta property=\"og:site_name\" content=\"Deva Harmony Polska\" \/>\n<meta property=\"article:modified_time\" content=\"2026-04-01T07:55:43+00:00\" \/>\n<meta property=\"og:image\" content=\"https:\/\/devaharmony.com\/pl\/wp-content\/uploads\/2025\/03\/Ashwagandha-Vanan.png\" \/>\n\t<meta property=\"og:image:width\" content=\"1080\" \/>\n\t<meta property=\"og:image:height\" content=\"1080\" \/>\n\t<meta property=\"og:image:type\" content=\"image\/png\" \/>\n<meta name=\"twitter:card\" content=\"summary_large_image\" \/>\n<meta name=\"twitter:label1\" content=\"Szacowany czas czytania\" \/>\n\t<meta name=\"twitter:data1\" content=\"3 minuty\" \/>\n<script type=\"application\/ld+json\" class=\"yoast-schema-graph\">{\"@context\":\"https:\/\/schema.org\",\"@graph\":[{\"@type\":\"WebPage\",\"@id\":\"https:\/\/devaharmony.com\/pl\/sklep\/ashwagandha-60-kaspulek-vanan\/\",\"url\":\"https:\/\/devaharmony.com\/pl\/sklep\/ashwagandha-60-kaspulek-vanan\/\",\"name\":\"Ashwagandha - 60 kaspu\u0142ek | Vanan - Deva Harmony Polska\",\"isPartOf\":{\"@id\":\"https:\/\/devaharmony.com\/pl\/#website\"},\"primaryImageOfPage\":{\"@id\":\"https:\/\/devaharmony.com\/pl\/sklep\/ashwagandha-60-kaspulek-vanan\/#primaryimage\"},\"image\":{\"@id\":\"https:\/\/devaharmony.com\/pl\/sklep\/ashwagandha-60-kaspulek-vanan\/#primaryimage\"},\"thumbnailUrl\":\"https:\/\/devaharmony.com\/pl\/wp-content\/uploads\/2025\/03\/Ashwagandha-Vanan.png\",\"datePublished\":\"2025-03-27T10:33:44+00:00\",\"dateModified\":\"2026-04-01T07:55:43+00:00\",\"breadcrumb\":{\"@id\":\"https:\/\/devaharmony.com\/pl\/sklep\/ashwagandha-60-kaspulek-vanan\/#breadcrumb\"},\"inLanguage\":\"pl-PL\",\"potentialAction\":[{\"@type\":\"ReadAction\",\"target\":[\"https:\/\/devaharmony.com\/pl\/sklep\/ashwagandha-60-kaspulek-vanan\/\"]}]},{\"@type\":\"ImageObject\",\"inLanguage\":\"pl-PL\",\"@id\":\"https:\/\/devaharmony.com\/pl\/sklep\/ashwagandha-60-kaspulek-vanan\/#primaryimage\",\"url\":\"https:\/\/devaharmony.com\/pl\/wp-content\/uploads\/2025\/03\/Ashwagandha-Vanan.png\",\"contentUrl\":\"https:\/\/devaharmony.com\/pl\/wp-content\/uploads\/2025\/03\/Ashwagandha-Vanan.png\",\"width\":1080,\"height\":1080},{\"@type\":\"BreadcrumbList\",\"@id\":\"https:\/\/devaharmony.com\/pl\/sklep\/ashwagandha-60-kaspulek-vanan\/#breadcrumb\",\"itemListElement\":[{\"@type\":\"ListItem\",\"position\":1,\"name\":\"Strona g\u0142\u00f3wna\",\"item\":\"https:\/\/devaharmony.com\/pl\/\"},{\"@type\":\"ListItem\",\"position\":2,\"name\":\"Produkty Ajurwedyjskie\",\"item\":\"https:\/\/devaharmony.com\/pl\/produkty-ajurwedyjskie\/\"},{\"@type\":\"ListItem\",\"position\":3,\"name\":\"Ashwagandha &#8211; 60 kaspu\u0142ek | Vanan\"}]},{\"@type\":\"WebSite\",\"@id\":\"https:\/\/devaharmony.com\/pl\/#website\",\"url\":\"https:\/\/devaharmony.com\/pl\/\",\"name\":\"Deva Harmony Polska\",\"description\":\"Ajurwedyjskie Suplementy Diety\",\"potentialAction\":[{\"@type\":\"SearchAction\",\"target\":{\"@type\":\"EntryPoint\",\"urlTemplate\":\"https:\/\/devaharmony.com\/pl\/?s={search_term_string}\"},\"query-input\":\"required name=search_term_string\"}],\"inLanguage\":\"pl-PL\"}]}<\/script>\n<!-- \/ Yoast SEO plugin. -->","yoast_head_json":{"title":"Ashwagandha - 60 kaspu\u0142ek | Vanan - Deva Harmony Polska","robots":{"index":"index","follow":"follow","max-snippet":"max-snippet:-1","max-image-preview":"max-image-preview:large","max-video-preview":"max-video-preview:-1"},"canonical":"https:\/\/devaharmony.com\/pl\/sklep\/ashwagandha-60-kaspulek-vanan\/","og_locale":"pl_PL","og_type":"article","og_title":"Ashwagandha - 60 kaspu\u0142ek | Vanan - Deva Harmony Polska","og_description":"Vanan Ashwagandha \u2013 naturalna r\u00f3wnowaga w \u015bwiecie pe\u0142nym po\u015bpiechu\u00a0  \u00a0Redukcja stresu i napi\u0119cia emocjonalnego  \u00a0   Wsparcie w stanach zm\u0119czenia psychicznego i fizycznego  Poprawa koncentracji, pami\u0119ci i funkcji poznawczych  Naturalne zwi\u0119kszenie poziomu energii i witalno\u015bci  Wspomaganie zdrowego snu i regeneracji  Wzmocnienie odporno\u015bci organizmu  Regulacja poziomu stresu  Poprawa og\u00f3lnego samopoczucia i r\u00f3wnowagi psychicznej   Produkt: 100 % wega\u0144ski, bez alergen\u00f3w  \u00a0 Pojemno\u015b\u0107: 60 kapsu\u0142ek \u00a0 1 opakowanie wystarcza na 2 miesi\u0105ce stosowania\u00a0  &nbsp;  &nbsp;  &nbsp;  &nbsp;","og_url":"https:\/\/devaharmony.com\/pl\/sklep\/ashwagandha-60-kaspulek-vanan\/","og_site_name":"Deva Harmony Polska","article_modified_time":"2026-04-01T07:55:43+00:00","og_image":[{"width":1080,"height":1080,"url":"https:\/\/devaharmony.com\/pl\/wp-content\/uploads\/2025\/03\/Ashwagandha-Vanan.png","type":"image\/png"}],"twitter_card":"summary_large_image","twitter_misc":{"Szacowany czas czytania":"3 minuty"},"schema":{"@context":"https:\/\/schema.org","@graph":[{"@type":"WebPage","@id":"https:\/\/devaharmony.com\/pl\/sklep\/ashwagandha-60-kaspulek-vanan\/","url":"https:\/\/devaharmony.com\/pl\/sklep\/ashwagandha-60-kaspulek-vanan\/","name":"Ashwagandha - 60 kaspu\u0142ek | Vanan - Deva Harmony Polska","isPartOf":{"@id":"https:\/\/devaharmony.com\/pl\/#website"},"primaryImageOfPage":{"@id":"https:\/\/devaharmony.com\/pl\/sklep\/ashwagandha-60-kaspulek-vanan\/#primaryimage"},"image":{"@id":"https:\/\/devaharmony.com\/pl\/sklep\/ashwagandha-60-kaspulek-vanan\/#primaryimage"},"thumbnailUrl":"https:\/\/devaharmony.com\/pl\/wp-content\/uploads\/2025\/03\/Ashwagandha-Vanan.png","datePublished":"2025-03-27T10:33:44+00:00","dateModified":"2026-04-01T07:55:43+00:00","breadcrumb":{"@id":"https:\/\/devaharmony.com\/pl\/sklep\/ashwagandha-60-kaspulek-vanan\/#breadcrumb"},"inLanguage":"pl-PL","potentialAction":[{"@type":"ReadAction","target":["https:\/\/devaharmony.com\/pl\/sklep\/ashwagandha-60-kaspulek-vanan\/"]}]},{"@type":"ImageObject","inLanguage":"pl-PL","@id":"https:\/\/devaharmony.com\/pl\/sklep\/ashwagandha-60-kaspulek-vanan\/#primaryimage","url":"https:\/\/devaharmony.com\/pl\/wp-content\/uploads\/2025\/03\/Ashwagandha-Vanan.png","contentUrl":"https:\/\/devaharmony.com\/pl\/wp-content\/uploads\/2025\/03\/Ashwagandha-Vanan.png","width":1080,"height":1080},{"@type":"BreadcrumbList","@id":"https:\/\/devaharmony.com\/pl\/sklep\/ashwagandha-60-kaspulek-vanan\/#breadcrumb","itemListElement":[{"@type":"ListItem","position":1,"name":"Strona g\u0142\u00f3wna","item":"https:\/\/devaharmony.com\/pl\/"},{"@type":"ListItem","position":2,"name":"Produkty Ajurwedyjskie","item":"https:\/\/devaharmony.com\/pl\/produkty-ajurwedyjskie\/"},{"@type":"ListItem","position":3,"name":"Ashwagandha &#8211; 60 kaspu\u0142ek | Vanan"}]},{"@type":"WebSite","@id":"https:\/\/devaharmony.com\/pl\/#website","url":"https:\/\/devaharmony.com\/pl\/","name":"Deva Harmony Polska","description":"Ajurwedyjskie Suplementy Diety","potentialAction":[{"@type":"SearchAction","target":{"@type":"EntryPoint","urlTemplate":"https:\/\/devaharmony.com\/pl\/?s={search_term_string}"},"query-input":"required name=search_term_string"}],"inLanguage":"pl-PL"}]}},"_links":{"self":[{"href":"https:\/\/devaharmony.com\/pl\/wp-json\/wp\/v2\/product\/44076","targetHints":{"allow":["GET"]}}],"collection":[{"href":"https:\/\/devaharmony.com\/pl\/wp-json\/wp\/v2\/product"}],"about":[{"href":"https:\/\/devaharmony.com\/pl\/wp-json\/wp\/v2\/types\/product"}],"wp:featuredmedia":[{"embeddable":true,"href":"https:\/\/devaharmony.com\/pl\/wp-json\/wp\/v2\/media\/44782"}],"wp:attachment":[{"href":"https:\/\/devaharmony.com\/pl\/wp-json\/wp\/v2\/media?parent=44076"}],"wp:term":[{"taxonomy":"product_brand","embeddable":true,"href":"https:\/\/devaharmony.com\/pl\/wp-json\/wp\/v2\/product_brand?post=44076"},{"taxonomy":"product_cat","embeddable":true,"href":"https:\/\/devaharmony.com\/pl\/wp-json\/wp\/v2\/product_cat?post=44076"},{"taxonomy":"product_tag","embeddable":true,"href":"https:\/\/devaharmony.com\/pl\/wp-json\/wp\/v2\/product_tag?post=44076"}],"curies":[{"name":"wp","href":"https:\/\/api.w.org\/{rel}","templated":true}]}}