{"id":44074,"date":"2025-03-27T11:04:16","date_gmt":"2025-03-27T10:04:16","guid":{"rendered":"https:\/\/devaharmony.com\/pl\/sklep\/turmeric-kurkuma-60-kapsulek-vanan\/"},"modified":"2026-03-31T10:12:32","modified_gmt":"2026-03-31T09:12:32","slug":"turmeric-kurkuma-60-kapsulek-vanan","status":"publish","type":"product","link":"https:\/\/devaharmony.com\/pl\/sklep\/turmeric-kurkuma-60-kapsulek-vanan\/","title":{"rendered":"Turmeric &#8211; kurkuma &#8211; r\u00f3wnowaga &#8211; 60 kapsu\u0142ek | Vanan"},"content":{"rendered":"<p><strong data-start=\"121\" data-end=\"148\">Kapsu\u0142ki Vanan Turmeric<\/strong> wykorzystuj\u0105 moc <em data-start=\"166\" data-end=\"181\">Curcuma longa<\/em>, czyli kurkumy, znanej ze swoich wszechstronnych w\u0142a\u015bciwo\u015bci prozdrowotnych. Zawarty w kurkumie <strong data-start=\"278\" data-end=\"291\">kurkumina<\/strong> wspiera prawid\u0142owe funkcjonowanie serca, naczy\u0144 krwiono\u015bnych i uk\u0142adu trawiennego, a tak\u017ce korzystnie wp\u0142ywa na kondycj\u0119 sk\u00f3ry. Dodatek czarnego pieprzu (piperyny) znacz\u0105co zwi\u0119ksza wch\u0142anianie kurkuminy, co pot\u0119guje dzia\u0142anie suplementu. Ajurwedyjska i wega\u0144ska formu\u0142a jest wolna od sztucznych konserwant\u00f3w, aromat\u00f3w i powszechnych alergen\u00f3w. Kapsu\u0142ki posiadaj\u0105 certyfikaty <strong data-start=\"668\" data-end=\"693\">Vegan, Kosher i Halal<\/strong> i produkowane s\u0105 zgodnie z rygorystycznymi standardami <strong data-start=\"749\" data-end=\"756\">GMP<\/strong>, co czyni Vanan Turmeric bezpiecznym i skutecznym wsparciem dla zdrowia uk\u0142adu oddechowego, poziomu cholesterolu oraz sk\u00f3ry.<\/p>\n<p>&nbsp;<\/p>\n<ul>\n<li>Ajurwedyjski<\/li>\n<li>Bez sztucznych konserwant\u00f3w, aromat\u00f3w i substancji zapachowych<\/li>\n<li>Bez cukru, soli, dro\u017cd\u017cy, pszenicy,soi, glutenu i nabia\u0142u<\/li>\n<li>Certyfikaty: Wega\u0144ski, koszerny, Halal, GMP<\/li>\n<\/ul>\n<p><b>Produkt w 100% wega\u0144ski<\/b><\/p>\n<p><b>Produkt standaryzowany DER<\/b><br \/>\n<b>Zalecana porcja dzienna: <\/b>1 kapsu\u0142ka<br \/>\n<b>Pojemno\u015b\u0107<\/b>: 60 kapsu\u0142ek<br \/>\n<b>Producent:<\/b> APEX LABORATORIES PRIVATE LTD,<br \/>\n<b>Kraj pochodzenia:<\/b> Indie<\/p>\n<p>*Nie nale\u017cy przekracza\u0107 zalecanej porcji dziennej do spo\u017cycia. Suplement diety nie mo\u017ce by\u0107 stosowany jako substytut (zamiennik) zr\u00f3\u017cnicowanej diety. Nale\u017cy przestrzega\u0107 zdrowego trybu \u017cycia i zr\u00f3wnowa\u017conego sposobu \u017cywienia. Nie stosowa\u0107 w przypadku nadwra\u017cliwo\u015bci na sk\u0142adniki preparatu. Produkt nie jest przeznaczony dla dzieci, kobiet w ci\u0105\u017cy ani karmi\u0105cych.<\/p>\n<p>*Produkt bez GMO.<\/p>\n<p>*Przechowywa\u0107 w spos\u00f3b niedost\u0119pnydla ma\u0142ych dzieci. Chroni\u0107 przed \u015bwiat\u0142em i wilgoci\u0105.<\/p>\n<p>*Opisany produkt jest suplementem diety, nie jest produktem leczniczym, kt\u00f3remu przypisuje si\u0119 w\u0142a\u015bciwo\u015bci zapobiegania lub leczenie chor\u00f3b wyst\u0119puj\u0105cych u ludzi.<\/p>\n<p>*Przyjmowanie preparat\u00f3w zio\u0142owych najlepiej skonsultowa\u0107 z lekarzem lub farmaceut\u0105, poniewa\u017c dob\u00f3r odpowiedniego preparatu ro\u015blinnego wymaga r\u00f3wnie du\u017cej wiedzy, co w przypadku preparatu chemicznego. Nale\u017cy pami\u0119ta\u0107, \u017ce preparaty ro\u015blinne mog\u0105 wchodzi\u0107 w interakcje z przyjmowanymi lekami i mog\u0105 stanowi\u0107 zagro\u017cenie dla zdrowia. Niekt\u00f3re preparaty zio\u0142owe mog\u0105 wywo\u0142a\u0107 silne dzia\u0142anie, dlatego nale\u017cy przestrzega\u0107 wszystkich zalece\u0144 i ogranicze\u0144 podanych przez producenta. Szczeg\u00f3ln\u0105 ostro\u017cno\u015b\u0107 przy ich stosowaniu musz\u0105 zachowa\u0107 matki karmi\u0105ce i kobiety w ci\u0105\u017cy.<\/p>\n<p>&nbsp;<\/p>\n<p>&nbsp;<\/p>\n","protected":false},"excerpt":{"rendered":"<p><b>Z\u0142ota moc natury dla serca, sk\u00f3ry i odporno\u015bci<br \/>\n<\/b><\/p>\n<ul>\n<li class=\"\" data-start=\"866\" data-end=\"961\">\n<p class=\"\" data-start=\"868\" data-end=\"961\">Wspiera prac\u0119 serca i naczy\u0144 krwiono\u015bnych.<\/p>\n<\/li>\n<li class=\"\" data-start=\"962\" data-end=\"1058\">\n<p class=\"\" data-start=\"964\" data-end=\"1058\">Wspiera funkcj\u0119 w\u0105troby i \u0142agodzi stany zapalne przewodu pokarmowego.<\/p>\n<\/li>\n<li class=\"\" data-start=\"1059\" data-end=\"1151\">\n<p class=\"\" data-start=\"1061\" data-end=\"1151\">Dzia\u0142a przeciwzapalnie i antyoksydacyjnie<\/p>\n<\/li>\n<li class=\"\" data-start=\"1152\" data-end=\"1237\">\n<p class=\"\" data-start=\"1154\" data-end=\"1237\">Roz\u015bwietla cer\u0119, \u0142agodzi podra\u017cnienia i zmiany zapalne.<\/p>\n<\/li>\n<li class=\"\" data-start=\"1238\" data-end=\"1315\">\n<p class=\"\" data-start=\"1240\" data-end=\"1315\">Pomaga w regulacji poziomu cholesterolu<\/p>\n<\/li>\n<li class=\"\" data-start=\"1316\" data-end=\"1410\">\n<p class=\"\" data-start=\"1318\" data-end=\"1410\">Pomocny w stanach zapalnych i infekcjach.<\/p>\n<\/li>\n<li class=\"\" data-start=\"1411\" data-end=\"1502\">\n<p class=\"\" data-start=\"1413\" data-end=\"1502\">Zawiera piperyn\u0119 \u2013 dla maksymalnego wch\u0142aniania kurkuminy i zwi\u0119kszenia efektywno\u015bci<\/p>\n<\/li>\n<\/ul>\n<div><\/div>\n<div>\n<p><b>Produkt: 100 % wega\u0144ski, bezalergen\u00f3w<br \/>\nPojemno\u015b\u0107: <\/b>60 kapsu\u0142ek<br \/>\n<b>1 opakowanie wystarcza na 2 miesi\u0105ce stosowania<\/b><\/p>\n<p>&nbsp;<\/p>\n<\/div>\n<div><\/div>\n","protected":false},"featured_media":44818,"template":"","meta":{"_editorskit_title_hidden":false,"_editorskit_reading_time":0,"_editorskit_is_block_options_detached":false,"_editorskit_block_options_position":"{}"},"product_brand":[],"product_cat":[456,645,472,499,471,491,500,470,629,46,43,18,35],"product_tag":[],"class_list":{"0":"post-44074","1":"product","2":"type-product","3":"status-publish","4":"has-post-thumbnail","6":"product_cat-ziola-ajurwedyjskie","7":"product_cat-green-week","8":"product_cat-kapha","9":"product_cat-marki","10":"product_cat-pitta","11":"product_cat-przeznaczenie-produktow","12":"product_cat-vanan","13":"product_cat-vata","14":"product_cat-wiosenna-promocja","15":"product_cat-dla-diabetykow","16":"product_cat-odpornosc","17":"product_cat-suplementy","18":"product_cat-ziola","20":"first","21":"instock","22":"taxable","23":"shipping-taxable","24":"purchasable","25":"product-type-simple","26":"add-to-wishlist-before_image"},"acf":{"ilosc_sztuk_w_pudelku":"","ilosc_pudelek_w_kartonie":"","wykluczyc_z_szybkich_zakupow":""},"yoast_head":"<!-- This site is optimized with the Yoast SEO plugin v23.1 - https:\/\/yoast.com\/wordpress\/plugins\/seo\/ -->\n<title>Turmeric - kurkuma - r\u00f3wnowaga - 60 kapsu\u0142ek | Vanan - Deva Harmony Polska<\/title>\n<meta name=\"robots\" content=\"index, follow, max-snippet:-1, max-image-preview:large, max-video-preview:-1\" \/>\n<link rel=\"canonical\" href=\"https:\/\/devaharmony.com\/pl\/sklep\/turmeric-kurkuma-60-kapsulek-vanan\/\" \/>\n<meta property=\"og:locale\" content=\"pl_PL\" \/>\n<meta property=\"og:type\" content=\"article\" \/>\n<meta property=\"og:title\" content=\"Turmeric - kurkuma - r\u00f3wnowaga - 60 kapsu\u0142ek | Vanan - Deva Harmony Polska\" \/>\n<meta property=\"og:description\" content=\"Z\u0142ota moc natury dla serca, sk\u00f3ry i odporno\u015bci     Wspiera prac\u0119 serca i naczy\u0144 krwiono\u015bnych.    Wspiera funkcj\u0119 w\u0105troby i \u0142agodzi stany zapalne przewodu pokarmowego.    Dzia\u0142a przeciwzapalnie i antyoksydacyjnie    Roz\u015bwietla cer\u0119, \u0142agodzi podra\u017cnienia i zmiany zapalne.    Pomaga w regulacji poziomu cholesterolu    Pomocny w stanach zapalnych i infekcjach.    Zawiera piperyn\u0119 \u2013 dla maksymalnego wch\u0142aniania kurkuminy i zwi\u0119kszenia efektywno\u015bci      Produkt: 100 % wega\u0144ski, bezalergen\u00f3w Pojemno\u015b\u0107: 60 kapsu\u0142ek 1 opakowanie wystarcza na 2 miesi\u0105ce stosowania  &nbsp;\" \/>\n<meta property=\"og:url\" content=\"https:\/\/devaharmony.com\/pl\/sklep\/turmeric-kurkuma-60-kapsulek-vanan\/\" \/>\n<meta property=\"og:site_name\" content=\"Deva Harmony Polska\" \/>\n<meta property=\"article:modified_time\" content=\"2026-03-31T09:12:32+00:00\" \/>\n<meta property=\"og:image\" content=\"https:\/\/devaharmony.com\/pl\/wp-content\/uploads\/2025\/03\/Turmeric-Vanan.png\" \/>\n\t<meta property=\"og:image:width\" content=\"1080\" \/>\n\t<meta property=\"og:image:height\" content=\"1080\" \/>\n\t<meta property=\"og:image:type\" content=\"image\/png\" \/>\n<meta name=\"twitter:card\" content=\"summary_large_image\" \/>\n<meta name=\"twitter:label1\" content=\"Szacowany czas czytania\" \/>\n\t<meta name=\"twitter:data1\" content=\"2 minuty\" \/>\n<script type=\"application\/ld+json\" class=\"yoast-schema-graph\">{\"@context\":\"https:\/\/schema.org\",\"@graph\":[{\"@type\":\"WebPage\",\"@id\":\"https:\/\/devaharmony.com\/pl\/sklep\/turmeric-kurkuma-60-kapsulek-vanan\/\",\"url\":\"https:\/\/devaharmony.com\/pl\/sklep\/turmeric-kurkuma-60-kapsulek-vanan\/\",\"name\":\"Turmeric - kurkuma - r\u00f3wnowaga - 60 kapsu\u0142ek | Vanan - Deva Harmony Polska\",\"isPartOf\":{\"@id\":\"https:\/\/devaharmony.com\/pl\/#website\"},\"primaryImageOfPage\":{\"@id\":\"https:\/\/devaharmony.com\/pl\/sklep\/turmeric-kurkuma-60-kapsulek-vanan\/#primaryimage\"},\"image\":{\"@id\":\"https:\/\/devaharmony.com\/pl\/sklep\/turmeric-kurkuma-60-kapsulek-vanan\/#primaryimage\"},\"thumbnailUrl\":\"https:\/\/devaharmony.com\/pl\/wp-content\/uploads\/2025\/03\/Turmeric-Vanan.png\",\"datePublished\":\"2025-03-27T10:04:16+00:00\",\"dateModified\":\"2026-03-31T09:12:32+00:00\",\"breadcrumb\":{\"@id\":\"https:\/\/devaharmony.com\/pl\/sklep\/turmeric-kurkuma-60-kapsulek-vanan\/#breadcrumb\"},\"inLanguage\":\"pl-PL\",\"potentialAction\":[{\"@type\":\"ReadAction\",\"target\":[\"https:\/\/devaharmony.com\/pl\/sklep\/turmeric-kurkuma-60-kapsulek-vanan\/\"]}]},{\"@type\":\"ImageObject\",\"inLanguage\":\"pl-PL\",\"@id\":\"https:\/\/devaharmony.com\/pl\/sklep\/turmeric-kurkuma-60-kapsulek-vanan\/#primaryimage\",\"url\":\"https:\/\/devaharmony.com\/pl\/wp-content\/uploads\/2025\/03\/Turmeric-Vanan.png\",\"contentUrl\":\"https:\/\/devaharmony.com\/pl\/wp-content\/uploads\/2025\/03\/Turmeric-Vanan.png\",\"width\":1080,\"height\":1080},{\"@type\":\"BreadcrumbList\",\"@id\":\"https:\/\/devaharmony.com\/pl\/sklep\/turmeric-kurkuma-60-kapsulek-vanan\/#breadcrumb\",\"itemListElement\":[{\"@type\":\"ListItem\",\"position\":1,\"name\":\"Strona g\u0142\u00f3wna\",\"item\":\"https:\/\/devaharmony.com\/pl\/\"},{\"@type\":\"ListItem\",\"position\":2,\"name\":\"Produkty Ajurwedyjskie\",\"item\":\"https:\/\/devaharmony.com\/pl\/produkty-ajurwedyjskie\/\"},{\"@type\":\"ListItem\",\"position\":3,\"name\":\"Turmeric &#8211; kurkuma &#8211; r\u00f3wnowaga &#8211; 60 kapsu\u0142ek | Vanan\"}]},{\"@type\":\"WebSite\",\"@id\":\"https:\/\/devaharmony.com\/pl\/#website\",\"url\":\"https:\/\/devaharmony.com\/pl\/\",\"name\":\"Deva Harmony Polska\",\"description\":\"Ajurwedyjskie Suplementy Diety\",\"potentialAction\":[{\"@type\":\"SearchAction\",\"target\":{\"@type\":\"EntryPoint\",\"urlTemplate\":\"https:\/\/devaharmony.com\/pl\/?s={search_term_string}\"},\"query-input\":\"required name=search_term_string\"}],\"inLanguage\":\"pl-PL\"}]}<\/script>\n<!-- \/ Yoast SEO plugin. -->","yoast_head_json":{"title":"Turmeric - kurkuma - r\u00f3wnowaga - 60 kapsu\u0142ek | Vanan - Deva Harmony Polska","robots":{"index":"index","follow":"follow","max-snippet":"max-snippet:-1","max-image-preview":"max-image-preview:large","max-video-preview":"max-video-preview:-1"},"canonical":"https:\/\/devaharmony.com\/pl\/sklep\/turmeric-kurkuma-60-kapsulek-vanan\/","og_locale":"pl_PL","og_type":"article","og_title":"Turmeric - kurkuma - r\u00f3wnowaga - 60 kapsu\u0142ek | Vanan - Deva Harmony Polska","og_description":"Z\u0142ota moc natury dla serca, sk\u00f3ry i odporno\u015bci     Wspiera prac\u0119 serca i naczy\u0144 krwiono\u015bnych.    Wspiera funkcj\u0119 w\u0105troby i \u0142agodzi stany zapalne przewodu pokarmowego.    Dzia\u0142a przeciwzapalnie i antyoksydacyjnie    Roz\u015bwietla cer\u0119, \u0142agodzi podra\u017cnienia i zmiany zapalne.    Pomaga w regulacji poziomu cholesterolu    Pomocny w stanach zapalnych i infekcjach.    Zawiera piperyn\u0119 \u2013 dla maksymalnego wch\u0142aniania kurkuminy i zwi\u0119kszenia efektywno\u015bci      Produkt: 100 % wega\u0144ski, bezalergen\u00f3w Pojemno\u015b\u0107: 60 kapsu\u0142ek 1 opakowanie wystarcza na 2 miesi\u0105ce stosowania  &nbsp;","og_url":"https:\/\/devaharmony.com\/pl\/sklep\/turmeric-kurkuma-60-kapsulek-vanan\/","og_site_name":"Deva Harmony Polska","article_modified_time":"2026-03-31T09:12:32+00:00","og_image":[{"width":1080,"height":1080,"url":"https:\/\/devaharmony.com\/pl\/wp-content\/uploads\/2025\/03\/Turmeric-Vanan.png","type":"image\/png"}],"twitter_card":"summary_large_image","twitter_misc":{"Szacowany czas czytania":"2 minuty"},"schema":{"@context":"https:\/\/schema.org","@graph":[{"@type":"WebPage","@id":"https:\/\/devaharmony.com\/pl\/sklep\/turmeric-kurkuma-60-kapsulek-vanan\/","url":"https:\/\/devaharmony.com\/pl\/sklep\/turmeric-kurkuma-60-kapsulek-vanan\/","name":"Turmeric - kurkuma - r\u00f3wnowaga - 60 kapsu\u0142ek | Vanan - Deva Harmony Polska","isPartOf":{"@id":"https:\/\/devaharmony.com\/pl\/#website"},"primaryImageOfPage":{"@id":"https:\/\/devaharmony.com\/pl\/sklep\/turmeric-kurkuma-60-kapsulek-vanan\/#primaryimage"},"image":{"@id":"https:\/\/devaharmony.com\/pl\/sklep\/turmeric-kurkuma-60-kapsulek-vanan\/#primaryimage"},"thumbnailUrl":"https:\/\/devaharmony.com\/pl\/wp-content\/uploads\/2025\/03\/Turmeric-Vanan.png","datePublished":"2025-03-27T10:04:16+00:00","dateModified":"2026-03-31T09:12:32+00:00","breadcrumb":{"@id":"https:\/\/devaharmony.com\/pl\/sklep\/turmeric-kurkuma-60-kapsulek-vanan\/#breadcrumb"},"inLanguage":"pl-PL","potentialAction":[{"@type":"ReadAction","target":["https:\/\/devaharmony.com\/pl\/sklep\/turmeric-kurkuma-60-kapsulek-vanan\/"]}]},{"@type":"ImageObject","inLanguage":"pl-PL","@id":"https:\/\/devaharmony.com\/pl\/sklep\/turmeric-kurkuma-60-kapsulek-vanan\/#primaryimage","url":"https:\/\/devaharmony.com\/pl\/wp-content\/uploads\/2025\/03\/Turmeric-Vanan.png","contentUrl":"https:\/\/devaharmony.com\/pl\/wp-content\/uploads\/2025\/03\/Turmeric-Vanan.png","width":1080,"height":1080},{"@type":"BreadcrumbList","@id":"https:\/\/devaharmony.com\/pl\/sklep\/turmeric-kurkuma-60-kapsulek-vanan\/#breadcrumb","itemListElement":[{"@type":"ListItem","position":1,"name":"Strona g\u0142\u00f3wna","item":"https:\/\/devaharmony.com\/pl\/"},{"@type":"ListItem","position":2,"name":"Produkty Ajurwedyjskie","item":"https:\/\/devaharmony.com\/pl\/produkty-ajurwedyjskie\/"},{"@type":"ListItem","position":3,"name":"Turmeric &#8211; kurkuma &#8211; r\u00f3wnowaga &#8211; 60 kapsu\u0142ek | Vanan"}]},{"@type":"WebSite","@id":"https:\/\/devaharmony.com\/pl\/#website","url":"https:\/\/devaharmony.com\/pl\/","name":"Deva Harmony Polska","description":"Ajurwedyjskie Suplementy Diety","potentialAction":[{"@type":"SearchAction","target":{"@type":"EntryPoint","urlTemplate":"https:\/\/devaharmony.com\/pl\/?s={search_term_string}"},"query-input":"required name=search_term_string"}],"inLanguage":"pl-PL"}]}},"_links":{"self":[{"href":"https:\/\/devaharmony.com\/pl\/wp-json\/wp\/v2\/product\/44074","targetHints":{"allow":["GET"]}}],"collection":[{"href":"https:\/\/devaharmony.com\/pl\/wp-json\/wp\/v2\/product"}],"about":[{"href":"https:\/\/devaharmony.com\/pl\/wp-json\/wp\/v2\/types\/product"}],"wp:featuredmedia":[{"embeddable":true,"href":"https:\/\/devaharmony.com\/pl\/wp-json\/wp\/v2\/media\/44818"}],"wp:attachment":[{"href":"https:\/\/devaharmony.com\/pl\/wp-json\/wp\/v2\/media?parent=44074"}],"wp:term":[{"taxonomy":"product_brand","embeddable":true,"href":"https:\/\/devaharmony.com\/pl\/wp-json\/wp\/v2\/product_brand?post=44074"},{"taxonomy":"product_cat","embeddable":true,"href":"https:\/\/devaharmony.com\/pl\/wp-json\/wp\/v2\/product_cat?post=44074"},{"taxonomy":"product_tag","embeddable":true,"href":"https:\/\/devaharmony.com\/pl\/wp-json\/wp\/v2\/product_tag?post=44074"}],"curies":[{"name":"wp","href":"https:\/\/api.w.org\/{rel}","templated":true}]}}