{"id":44060,"date":"2025-03-26T15:34:51","date_gmt":"2025-03-26T14:34:51","guid":{"rendered":"https:\/\/devaharmony.com\/pl\/sklep\/shatavari-uklad-rozrodczy-i-hormonalny-60-kapsulek-vanan\/"},"modified":"2026-04-13T10:46:32","modified_gmt":"2026-04-13T09:46:32","slug":"shatavari-uklad-rozrodczy-i-hormonalny-60-kapsulek-vanan","status":"publish","type":"product","link":"https:\/\/devaharmony.com\/pl\/sklep\/shatavari-uklad-rozrodczy-i-hormonalny-60-kapsulek-vanan\/","title":{"rendered":"Shatavari &#8211; uk\u0142ad rozrodczy i hormonalny &#8211; 60 kapsu\u0142ek | Vanan"},"content":{"rendered":"<p>Kapsu\u0142ki <b>Vanan Shatavari <\/b>zawieraj\u0105 Asparagus racemosus, znan\u0105 w Ajurwedzie jako Shatavari \u2013 zio\u0142o wspieraj\u0105ce r\u00f3<b>wnowag\u0119 hormonaln\u0105 i \u0142agodz\u0105ce objawy menopauzy.<\/b> Bogata w fitoestrogeny i saponiny steroidowe, Shatavari pomaga redukowa\u0107 <b>uderzenia gor\u0105ca, nocne poty, stany l\u0119kowe oraz obni\u017cony nastr\u00f3j,<\/b> jednocze\u015bnie wspieraj\u0105c zdrowie fizyczne, psychiczne i seksualne. Dzi\u0119ki w\u0142a\u015bciwo\u015bciom adaptogennym wspomaga regulacj\u0119 pracy uk\u0142adu hormonalnego i zwi\u0119ksza odporno\u015b\u0107 na stres. Skuteczno\u015b\u0107 Shatavari w leczeniu zaburze\u0144 hormonalnych, w tym zespo\u0142u policystycznych jajnik\u00f3w (PCOS), potwierdzaj\u0105 liczne badania kliniczne. Kapsu\u0142ki Vanan Shatavari wyr\u00f3\u017cniaj\u0105 si\u0119 precyzyjnym dawkowaniem \u2013 ka\u017cda kapsu\u0142ka zawiera a\u017c 1,2 g sproszkowanego korzenia Shatavari. Ka\u017cda partia produktu poddawana jest szczeg\u00f3\u0142owym testom analitycznym, w tym technikom chromatograficznym, co gwarantuje jako\u015b\u0107 i czysto\u015b\u0107 suplementu.<\/p>\n<p>&nbsp;<\/p>\n<p><b>\u00a0<\/b><\/p>\n<p><b>Bez sztucznych konserwant\u00f3w, aromat\u00f3wi substancji zapachowych<\/b><\/p>\n<p><b>Bez cukru, soli, dro\u017cd\u017cy, pszenicy,soi, glutenu i nabia\u0142u<\/b><\/p>\n<p><b>Certyfikaty: Wega\u0144ski, koszerny, Halal, GMP<\/b><\/p>\n<p>&nbsp;<\/p>\n<p><b>Produkt w 100% wega\u0144ski<\/b><\/p>\n<p><b>\u00a0<\/b><\/p>\n<p><b>Produkt standaryzowany DER<\/b><\/p>\n<p><b>Zalecana porcja dzienna: <\/b>1 kapsu\u0142ka<\/p>\n<p><b>Pojemno\u015b\u0107:<\/b> 60 kapsu\u0142ek<\/p>\n<p><b>Producent: <\/b>APEX LABORATORIES PRIVATE LTD,<\/p>\n<p><b>Kraj pochodzenia:<\/b> Indie<\/p>\n<p><b>\u00a0<\/b><\/p>\n<p>&nbsp;<\/p>\n<p>*Nie nale\u017cy przekracza\u0107 zalecanej porcji dziennej do spo\u017cycia. Suplement diety nie mo\u017ce by\u0107 stosowany jako substytut (zamiennik) zr\u00f3\u017cnicowanej diety. Nale\u017cy przestrzega\u0107 zdrowego trybu \u017cycia i zr\u00f3wnowa\u017conego sposobu \u017cywienia. Nie stosowa\u0107 w przypadku nadwra\u017cliwo\u015bci na sk\u0142adniki preparatu. Produkt nie jest przeznaczony dla dzieci, kobiet w ci\u0105\u017cy ani karmi\u0105cych.<\/p>\n<p>&nbsp;<\/p>\n<p>*Produkt bez GMO.<\/p>\n<p>&nbsp;<\/p>\n<p>*Przechowywa\u0107 w spos\u00f3b niedost\u0119pnydla ma\u0142ych dzieci. Chroni\u0107 przed \u015bwiat\u0142em i wilgoci\u0105.<\/p>\n<p>&nbsp;<\/p>\n<p>*Opisany produkt jest suplementem diety, nie jest produktem leczniczym, kt\u00f3remu przypisuje si\u0119 w\u0142a\u015bciwo\u015bci zapobiegania lub leczenie chor\u00f3b wyst\u0119puj\u0105cych u ludzi.<\/p>\n<p>&nbsp;<\/p>\n<p>*Przyjmowanie preparat\u00f3w zio\u0142owych najlepiej skonsultowa\u0107 z lekarzem lub farmaceut\u0105, poniewa\u017c dob\u00f3r odpowiedniego preparatu ro\u015blinnego wymaga r\u00f3wnie du\u017cej wiedzy, co w przypadku preparatu chemicznego. Nale\u017cy pami\u0119ta\u0107, \u017ce preparaty ro\u015blinne mog\u0105 wchodzi\u0107 w interakcje z przyjmowanymi lekami i mog\u0105 stanowi\u0107 zagro\u017cenie dla zdrowia. Niekt\u00f3re preparaty zio\u0142owe mog\u0105 wywo\u0142a\u0107 silne dzia\u0142anie, dlatego nale\u017cy przestrzega\u0107 wszystkich zalece\u0144 i ogranicze\u0144 podanych przez producenta. Szczeg\u00f3ln\u0105 ostro\u017cno\u015b\u0107 przy ich stosowaniu musz\u0105 zachowa\u0107 matki karmi\u0105ce i kobiety w ci\u0105\u017cy.<\/p>\n<p>&nbsp;<\/p>\n<p>*Opisany<br \/>\nprodukt jest suplementem diety, nie jest produktem leczniczym, kt\u00f3remu przypisuje si\u0119 w\u0142a\u015bciwo\u015bci zapobiegania lub leczenie chor\u00f3b wyst\u0119puj\u0105cych u ludzi.<\/p>\n<p>&nbsp;<\/p>\n<p>*Przyjmowanie preparat\u00f3w zio\u0142owych najlepiej skonsultowa\u0107 z lekarzem lub farmaceut\u0105, poniewa\u017c dob\u00f3r odpowiedniego preparatu ro\u015blinnego wymaga r\u00f3wnie du\u017cej wiedzy, co w przypadku preparatu chemicznego. Nale\u017cy pami\u0119ta\u0107, \u017ce preparaty ro\u015blinne mog\u0105 wchodzi\u0107 w interakcje z przyjmowanymi lekami i mog\u0105 stanowi\u0107 zagro\u017cenie dla zdrowia. Niekt\u00f3re preparaty zio\u0142owe mog\u0105 wywo\u0142a\u0107 silne dzia\u0142anie, dlatego nale\u017cy przestrzega\u0107 wszystkich zalece\u0144 i ogranicze\u0144 podanych przez producenta. Szczeg\u00f3ln\u0105 ostro\u017cno\u015b\u0107 przy ich stosowaniu musz\u0105 zachowa\u0107 matki karmi\u0105ce i kobiety w ci\u0105\u017cy.<\/p>\n<p>&nbsp;<\/p>\n","protected":false},"excerpt":{"rendered":"<p><strong>Shatavari \u2013 kobieca moc natury w ka\u017cdej kapsu\u0142ce<\/strong><\/p>\n<p>&nbsp;<\/p>\n<ul style=\"font-size: 13px;\">\n<li>Wspiera r\u00f3wnowag\u0119 hormonaln\u0105<\/li>\n<li><span style=\"color: var(--gray-800);\">Redukuje objawy menopauzy<\/span><\/li>\n<li><span style=\"color: var(--gray-800);\">Pomaga w zaburzeniach hormonalnych<\/span><\/li>\n<li><span style=\"color: var(--gray-800);\">Poprawia nastr\u00f3j i zmniejsza napi\u0119cie\u00a0<\/span><\/li>\n<li><span style=\"color: var(--gray-800);\">Wspiera libido i zdrowie seksualne\u00a0<\/span><\/li>\n<li><span style=\"color: var(--gray-800);\">Wzmacnia odporno\u015b\u0107 na stres\u00a0<\/span><\/li>\n<li><span style=\"color: var(--gray-800);\">Posiada dzia\u0142anie tonizuj\u0105ce\u00a0<\/span><\/li>\n<\/ul>\n<div><span style=\"font-size: 13px;\">\u00a0<\/span><\/div>\n<div>\n<div><span style=\"font-size: 13px;\"><b>Produkt: 100 % wega\u0144ski, bez alergen\u00f3w<\/b><\/span><\/div>\n<div><span style=\"font-size: 13px;\"><b>Pojemno\u015b\u0107:<\/b> 60 kapsu\u0142ek<\/span><\/div>\n<div><span style=\"font-size: 13px;\"><b>1 opakowanie wystarcza na 2 miesi\u0105ce stosowania<\/b><\/span><\/div>\n<div><span style=\"font-size: 13px;\">\u00a0<\/span><\/div>\n<div><span style=\"font-size: 13px;\">\u00a0<\/span><\/div>\n<div style=\"font-size: 13px;\"><\/div>\n<\/div>\n<p>&nbsp;<\/p>\n<p>&nbsp;<\/p>\n","protected":false},"featured_media":44810,"template":"","meta":{"_editorskit_title_hidden":false,"_editorskit_reading_time":0,"_editorskit_is_block_options_detached":false,"_editorskit_block_options_position":"{}"},"product_brand":[],"product_cat":[456,645,499,505,471,491,500,470,629,46,18,35,48],"product_tag":[],"class_list":{"0":"post-44060","1":"product","2":"type-product","3":"status-publish","4":"has-post-thumbnail","6":"product_cat-ziola-ajurwedyjskie","7":"product_cat-green-week","8":"product_cat-marki","9":"product_cat-nowosci","10":"product_cat-pitta","11":"product_cat-przeznaczenie-produktow","12":"product_cat-vanan","13":"product_cat-vata","14":"product_cat-wiosenna-promocja","15":"product_cat-dla-diabetykow","16":"product_cat-suplementy","17":"product_cat-ziola","18":"product_cat-zdrowie-seksualne","20":"first","21":"instock","22":"taxable","23":"shipping-taxable","24":"purchasable","25":"product-type-simple","26":"add-to-wishlist-before_image"},"acf":{"ilosc_sztuk_w_pudelku":"","ilosc_pudelek_w_kartonie":"","wykluczyc_z_szybkich_zakupow":""},"yoast_head":"<!-- This site is optimized with the Yoast SEO plugin v23.1 - https:\/\/yoast.com\/wordpress\/plugins\/seo\/ -->\n<title>Shatavari - uk\u0142ad rozrodczy i hormonalny - 60 kapsu\u0142ek | Vanan - Deva Harmony Polska<\/title>\n<meta name=\"robots\" content=\"index, follow, max-snippet:-1, max-image-preview:large, max-video-preview:-1\" \/>\n<link rel=\"canonical\" href=\"https:\/\/devaharmony.com\/pl\/sklep\/shatavari-uklad-rozrodczy-i-hormonalny-60-kapsulek-vanan\/\" \/>\n<meta property=\"og:locale\" content=\"pl_PL\" \/>\n<meta property=\"og:type\" content=\"article\" \/>\n<meta property=\"og:title\" content=\"Shatavari - uk\u0142ad rozrodczy i hormonalny - 60 kapsu\u0142ek | Vanan - Deva Harmony Polska\" \/>\n<meta property=\"og:description\" content=\"Shatavari \u2013 kobieca moc natury w ka\u017cdej kapsu\u0142ce  &nbsp;   Wspiera r\u00f3wnowag\u0119 hormonaln\u0105  Redukuje objawy menopauzy  Pomaga w zaburzeniach hormonalnych  Poprawia nastr\u00f3j i zmniejsza napi\u0119cie\u00a0  Wspiera libido i zdrowie seksualne\u00a0  Wzmacnia odporno\u015b\u0107 na stres\u00a0  Posiada dzia\u0142anie tonizuj\u0105ce\u00a0  \u00a0  Produkt: 100 % wega\u0144ski, bez alergen\u00f3w Pojemno\u015b\u0107: 60 kapsu\u0142ek 1 opakowanie wystarcza na 2 miesi\u0105ce stosowania \u00a0 \u00a0   &nbsp;  &nbsp;\" \/>\n<meta property=\"og:url\" content=\"https:\/\/devaharmony.com\/pl\/sklep\/shatavari-uklad-rozrodczy-i-hormonalny-60-kapsulek-vanan\/\" \/>\n<meta property=\"og:site_name\" content=\"Deva Harmony Polska\" \/>\n<meta property=\"article:modified_time\" content=\"2026-04-13T09:46:32+00:00\" \/>\n<meta property=\"og:image\" content=\"https:\/\/devaharmony.com\/pl\/wp-content\/uploads\/2025\/03\/Shatavari-Vanan.png\" \/>\n\t<meta property=\"og:image:width\" content=\"1080\" \/>\n\t<meta property=\"og:image:height\" content=\"1080\" \/>\n\t<meta property=\"og:image:type\" content=\"image\/png\" \/>\n<meta name=\"twitter:card\" content=\"summary_large_image\" \/>\n<meta name=\"twitter:label1\" content=\"Szacowany czas czytania\" \/>\n\t<meta name=\"twitter:data1\" content=\"3 minuty\" \/>\n<script type=\"application\/ld+json\" class=\"yoast-schema-graph\">{\"@context\":\"https:\/\/schema.org\",\"@graph\":[{\"@type\":\"WebPage\",\"@id\":\"https:\/\/devaharmony.com\/pl\/sklep\/shatavari-uklad-rozrodczy-i-hormonalny-60-kapsulek-vanan\/\",\"url\":\"https:\/\/devaharmony.com\/pl\/sklep\/shatavari-uklad-rozrodczy-i-hormonalny-60-kapsulek-vanan\/\",\"name\":\"Shatavari - uk\u0142ad rozrodczy i hormonalny - 60 kapsu\u0142ek | Vanan - Deva Harmony Polska\",\"isPartOf\":{\"@id\":\"https:\/\/devaharmony.com\/pl\/#website\"},\"primaryImageOfPage\":{\"@id\":\"https:\/\/devaharmony.com\/pl\/sklep\/shatavari-uklad-rozrodczy-i-hormonalny-60-kapsulek-vanan\/#primaryimage\"},\"image\":{\"@id\":\"https:\/\/devaharmony.com\/pl\/sklep\/shatavari-uklad-rozrodczy-i-hormonalny-60-kapsulek-vanan\/#primaryimage\"},\"thumbnailUrl\":\"https:\/\/devaharmony.com\/pl\/wp-content\/uploads\/2025\/03\/Shatavari-Vanan.png\",\"datePublished\":\"2025-03-26T14:34:51+00:00\",\"dateModified\":\"2026-04-13T09:46:32+00:00\",\"breadcrumb\":{\"@id\":\"https:\/\/devaharmony.com\/pl\/sklep\/shatavari-uklad-rozrodczy-i-hormonalny-60-kapsulek-vanan\/#breadcrumb\"},\"inLanguage\":\"pl-PL\",\"potentialAction\":[{\"@type\":\"ReadAction\",\"target\":[\"https:\/\/devaharmony.com\/pl\/sklep\/shatavari-uklad-rozrodczy-i-hormonalny-60-kapsulek-vanan\/\"]}]},{\"@type\":\"ImageObject\",\"inLanguage\":\"pl-PL\",\"@id\":\"https:\/\/devaharmony.com\/pl\/sklep\/shatavari-uklad-rozrodczy-i-hormonalny-60-kapsulek-vanan\/#primaryimage\",\"url\":\"https:\/\/devaharmony.com\/pl\/wp-content\/uploads\/2025\/03\/Shatavari-Vanan.png\",\"contentUrl\":\"https:\/\/devaharmony.com\/pl\/wp-content\/uploads\/2025\/03\/Shatavari-Vanan.png\",\"width\":1080,\"height\":1080},{\"@type\":\"BreadcrumbList\",\"@id\":\"https:\/\/devaharmony.com\/pl\/sklep\/shatavari-uklad-rozrodczy-i-hormonalny-60-kapsulek-vanan\/#breadcrumb\",\"itemListElement\":[{\"@type\":\"ListItem\",\"position\":1,\"name\":\"Strona g\u0142\u00f3wna\",\"item\":\"https:\/\/devaharmony.com\/pl\/\"},{\"@type\":\"ListItem\",\"position\":2,\"name\":\"Produkty Ajurwedyjskie\",\"item\":\"https:\/\/devaharmony.com\/pl\/produkty-ajurwedyjskie\/\"},{\"@type\":\"ListItem\",\"position\":3,\"name\":\"Shatavari &#8211; uk\u0142ad rozrodczy i hormonalny &#8211; 60 kapsu\u0142ek | Vanan\"}]},{\"@type\":\"WebSite\",\"@id\":\"https:\/\/devaharmony.com\/pl\/#website\",\"url\":\"https:\/\/devaharmony.com\/pl\/\",\"name\":\"Deva Harmony Polska\",\"description\":\"Ajurwedyjskie Suplementy Diety\",\"potentialAction\":[{\"@type\":\"SearchAction\",\"target\":{\"@type\":\"EntryPoint\",\"urlTemplate\":\"https:\/\/devaharmony.com\/pl\/?s={search_term_string}\"},\"query-input\":\"required name=search_term_string\"}],\"inLanguage\":\"pl-PL\"}]}<\/script>\n<!-- \/ Yoast SEO plugin. -->","yoast_head_json":{"title":"Shatavari - uk\u0142ad rozrodczy i hormonalny - 60 kapsu\u0142ek | Vanan - Deva Harmony Polska","robots":{"index":"index","follow":"follow","max-snippet":"max-snippet:-1","max-image-preview":"max-image-preview:large","max-video-preview":"max-video-preview:-1"},"canonical":"https:\/\/devaharmony.com\/pl\/sklep\/shatavari-uklad-rozrodczy-i-hormonalny-60-kapsulek-vanan\/","og_locale":"pl_PL","og_type":"article","og_title":"Shatavari - uk\u0142ad rozrodczy i hormonalny - 60 kapsu\u0142ek | Vanan - Deva Harmony Polska","og_description":"Shatavari \u2013 kobieca moc natury w ka\u017cdej kapsu\u0142ce  &nbsp;   Wspiera r\u00f3wnowag\u0119 hormonaln\u0105  Redukuje objawy menopauzy  Pomaga w zaburzeniach hormonalnych  Poprawia nastr\u00f3j i zmniejsza napi\u0119cie\u00a0  Wspiera libido i zdrowie seksualne\u00a0  Wzmacnia odporno\u015b\u0107 na stres\u00a0  Posiada dzia\u0142anie tonizuj\u0105ce\u00a0  \u00a0  Produkt: 100 % wega\u0144ski, bez alergen\u00f3w Pojemno\u015b\u0107: 60 kapsu\u0142ek 1 opakowanie wystarcza na 2 miesi\u0105ce stosowania \u00a0 \u00a0   &nbsp;  &nbsp;","og_url":"https:\/\/devaharmony.com\/pl\/sklep\/shatavari-uklad-rozrodczy-i-hormonalny-60-kapsulek-vanan\/","og_site_name":"Deva Harmony Polska","article_modified_time":"2026-04-13T09:46:32+00:00","og_image":[{"width":1080,"height":1080,"url":"https:\/\/devaharmony.com\/pl\/wp-content\/uploads\/2025\/03\/Shatavari-Vanan.png","type":"image\/png"}],"twitter_card":"summary_large_image","twitter_misc":{"Szacowany czas czytania":"3 minuty"},"schema":{"@context":"https:\/\/schema.org","@graph":[{"@type":"WebPage","@id":"https:\/\/devaharmony.com\/pl\/sklep\/shatavari-uklad-rozrodczy-i-hormonalny-60-kapsulek-vanan\/","url":"https:\/\/devaharmony.com\/pl\/sklep\/shatavari-uklad-rozrodczy-i-hormonalny-60-kapsulek-vanan\/","name":"Shatavari - uk\u0142ad rozrodczy i hormonalny - 60 kapsu\u0142ek | Vanan - Deva Harmony Polska","isPartOf":{"@id":"https:\/\/devaharmony.com\/pl\/#website"},"primaryImageOfPage":{"@id":"https:\/\/devaharmony.com\/pl\/sklep\/shatavari-uklad-rozrodczy-i-hormonalny-60-kapsulek-vanan\/#primaryimage"},"image":{"@id":"https:\/\/devaharmony.com\/pl\/sklep\/shatavari-uklad-rozrodczy-i-hormonalny-60-kapsulek-vanan\/#primaryimage"},"thumbnailUrl":"https:\/\/devaharmony.com\/pl\/wp-content\/uploads\/2025\/03\/Shatavari-Vanan.png","datePublished":"2025-03-26T14:34:51+00:00","dateModified":"2026-04-13T09:46:32+00:00","breadcrumb":{"@id":"https:\/\/devaharmony.com\/pl\/sklep\/shatavari-uklad-rozrodczy-i-hormonalny-60-kapsulek-vanan\/#breadcrumb"},"inLanguage":"pl-PL","potentialAction":[{"@type":"ReadAction","target":["https:\/\/devaharmony.com\/pl\/sklep\/shatavari-uklad-rozrodczy-i-hormonalny-60-kapsulek-vanan\/"]}]},{"@type":"ImageObject","inLanguage":"pl-PL","@id":"https:\/\/devaharmony.com\/pl\/sklep\/shatavari-uklad-rozrodczy-i-hormonalny-60-kapsulek-vanan\/#primaryimage","url":"https:\/\/devaharmony.com\/pl\/wp-content\/uploads\/2025\/03\/Shatavari-Vanan.png","contentUrl":"https:\/\/devaharmony.com\/pl\/wp-content\/uploads\/2025\/03\/Shatavari-Vanan.png","width":1080,"height":1080},{"@type":"BreadcrumbList","@id":"https:\/\/devaharmony.com\/pl\/sklep\/shatavari-uklad-rozrodczy-i-hormonalny-60-kapsulek-vanan\/#breadcrumb","itemListElement":[{"@type":"ListItem","position":1,"name":"Strona g\u0142\u00f3wna","item":"https:\/\/devaharmony.com\/pl\/"},{"@type":"ListItem","position":2,"name":"Produkty Ajurwedyjskie","item":"https:\/\/devaharmony.com\/pl\/produkty-ajurwedyjskie\/"},{"@type":"ListItem","position":3,"name":"Shatavari &#8211; uk\u0142ad rozrodczy i hormonalny &#8211; 60 kapsu\u0142ek | Vanan"}]},{"@type":"WebSite","@id":"https:\/\/devaharmony.com\/pl\/#website","url":"https:\/\/devaharmony.com\/pl\/","name":"Deva Harmony Polska","description":"Ajurwedyjskie Suplementy Diety","potentialAction":[{"@type":"SearchAction","target":{"@type":"EntryPoint","urlTemplate":"https:\/\/devaharmony.com\/pl\/?s={search_term_string}"},"query-input":"required name=search_term_string"}],"inLanguage":"pl-PL"}]}},"_links":{"self":[{"href":"https:\/\/devaharmony.com\/pl\/wp-json\/wp\/v2\/product\/44060","targetHints":{"allow":["GET"]}}],"collection":[{"href":"https:\/\/devaharmony.com\/pl\/wp-json\/wp\/v2\/product"}],"about":[{"href":"https:\/\/devaharmony.com\/pl\/wp-json\/wp\/v2\/types\/product"}],"wp:featuredmedia":[{"embeddable":true,"href":"https:\/\/devaharmony.com\/pl\/wp-json\/wp\/v2\/media\/44810"}],"wp:attachment":[{"href":"https:\/\/devaharmony.com\/pl\/wp-json\/wp\/v2\/media?parent=44060"}],"wp:term":[{"taxonomy":"product_brand","embeddable":true,"href":"https:\/\/devaharmony.com\/pl\/wp-json\/wp\/v2\/product_brand?post=44060"},{"taxonomy":"product_cat","embeddable":true,"href":"https:\/\/devaharmony.com\/pl\/wp-json\/wp\/v2\/product_cat?post=44060"},{"taxonomy":"product_tag","embeddable":true,"href":"https:\/\/devaharmony.com\/pl\/wp-json\/wp\/v2\/product_tag?post=44060"}],"curies":[{"name":"wp","href":"https:\/\/api.w.org\/{rel}","templated":true}]}}