{"id":44056,"date":"2025-03-26T14:54:44","date_gmt":"2025-03-26T13:54:44","guid":{"rendered":"https:\/\/devaharmony.com\/pl\/sklep\/bonduc-nut-menopauza-60-kapsulek-vanan\/"},"modified":"2026-04-07T19:41:34","modified_gmt":"2026-04-07T18:41:34","slug":"bonduc-nut-menopauza-60-kapsulek-vanan","status":"publish","type":"product","link":"https:\/\/devaharmony.com\/pl\/sklep\/bonduc-nut-menopauza-60-kapsulek-vanan\/","title":{"rendered":"Bonduc Nut &#8211; menopauza &#8211; 60 kapsu\u0142ek | Vanan"},"content":{"rendered":"<p><strong data-start=\"156\" data-end=\"185\">Kapsu\u0142ki Vanan Bonduc Nut<\/strong> czerpi\u0105 z tradycyjnych ajurwedyjskich w\u0142a\u015bciwo\u015bci <em data-start=\"236\" data-end=\"256\">Caesalpinia bonduc<\/em> \u2013 ro\u015bliny cenionej za dzia\u0142anie <b>antybakteryjne <\/b>oraz wsparcie <b>zdrowia kobiet<\/b>. Suplement ten pomaga w utrzymaniu harmonii organizmu, \u0142agodz\u0105c <b>dolegliwo\u015bci \u017co\u0142\u0105dkowo-jelitowe<\/b> oraz objawy zwi\u0105zane z <b>menopauz\u0105<\/b>.<\/p>\n<p>&nbsp;<\/p>\n<p>&nbsp;<\/p>\n<p><span style=\"font-weight: 600; color: inherit;\">Bez sztucznych konserwant\u00f3w, aromat\u00f3wi substancji zapachowych<\/span><\/p>\n<p><span style=\"font-weight: 600; color: inherit;\">Bez cukru, soli, dro\u017cd\u017cy, pszenicy,soi, glutenu i nabia\u0142u<\/span><\/p>\n<p><span style=\"font-weight: 600; color: inherit;\">Certyfikaty: Wega\u0144ski, koszerny, Halal, GMP<\/span><\/p>\n<p>&nbsp;<\/p>\n<p><span style=\"font-weight: 600; color: inherit;\">Produkt w 100% wega\u0144ski<\/span><\/p>\n<p><span style=\"font-weight: 600; color: inherit;\">Produkt standaryzowany DER<\/span><\/p>\n<p><span style=\"font-weight: 600; color: inherit;\">Zalecana porcja dzienna:\u00a0<\/span>1 kapsu\u0142ka<\/p>\n<p><span style=\"font-weight: 600; color: inherit;\">Pojemno\u015b\u0107:\u00a0<\/span>60 kapsu\u0142ek<\/p>\n<p><span style=\"font-weight: 600; color: inherit;\">Producent:<\/span>\u00a0APEX LABORATORIES PRIVATE LTD,<\/p>\n<p><span style=\"font-weight: 600; color: inherit;\">Kraj pochodzenia:<\/span>\u00a0Indie<\/p>\n<p>&nbsp;<\/p>\n<p>*Nie nale\u017cy przekracza\u0107 zalecanej porcji dziennej do spo\u017cycia. Suplement diety nie mo\u017ce by\u0107 stosowany jako substytut (zamiennik) zr\u00f3\u017cnicowanej diety. Nale\u017cy przestrzega\u0107 zdrowego trybu \u017cycia i zr\u00f3wnowa\u017conego sposobu \u017cywienia. Nie stosowa\u0107 w przypadku nadwra\u017cliwo\u015bci na sk\u0142adniki preparatu. Produkt nie jest przeznaczony dla dzieci, kobiet w ci\u0105\u017cy ani karmi\u0105cych.<\/p>\n<p>*Produkt bez GMO.<\/p>\n<p>*Przechowywa\u0107 w spos\u00f3b niedost\u0119pnydla ma\u0142ych dzieci. Chroni\u0107 przed \u015bwiat\u0142em i wilgoci\u0105.<\/p>\n<p>*Opisany produkt jest suplementem diety, nie jest produktem leczniczym, kt\u00f3remu przypisuje si\u0119 w\u0142a\u015bciwo\u015bci zapobiegania lub leczenie chor\u00f3b wyst\u0119puj\u0105cych u ludzi.<\/p>\n<p>*Przyjmowanie preparat\u00f3w zio\u0142owych najlepiej skonsultowa\u0107 z lekarzem lub farmaceut\u0105, poniewa\u017c dob\u00f3r odpowiedniego preparatu ro\u015blinnego wymaga r\u00f3wnie du\u017cej wiedzy, co w przypadku preparatu chemicznego. Nale\u017cy pami\u0119ta\u0107, \u017ce preparaty ro\u015blinne mog\u0105 wchodzi\u0107 w interakcje z przyjmowanymi lekami i mog\u0105 stanowi\u0107 zagro\u017cenie dla zdrowia. Niekt\u00f3re preparaty zio\u0142owe mog\u0105 wywo\u0142a\u0107 silne dzia\u0142anie, dlatego nale\u017cy przestrzega\u0107 wszystkich zalece\u0144 i ogranicze\u0144 podanych przez producenta. Szczeg\u00f3ln\u0105 ostro\u017cno\u015b\u0107 przy ich stosowaniu musz\u0105 zachowa\u0107 matki karmi\u0105ce i kobiety w ci\u0105\u017cy.<\/p>\n<p>&nbsp;<\/p>\n","protected":false},"excerpt":{"rendered":"<p><b>Bonduc Nut \u2013 naturalna harmonia dla kobiecego cia\u0142a i umys\u0142u<\/b><\/p>\n<p>&nbsp;<\/p>\n<ul style=\"font-size: 13px;\">\n<li>\u0141agodzi objawy menopauzy<\/li>\n<li>Wspomaga r\u00f3wnowag\u0119 hormonaln\u0105<\/li>\n<li><span style=\"color: var(--gray-800);\">Dzia\u0142a przeciwbakteryjnie\u00a0<\/span><\/li>\n<li><span style=\"color: var(--gray-800);\">\u0141agodzi dolegliwo\u015bci trawienne\u00a0<\/span><\/li>\n<li>Redukuje wzd\u0119cia, b\u00f3le brzucha i dyskomfort jelitowy.<\/li>\n<\/ul>\n<p>&nbsp;<\/p>\n<p><b>Produkt: 100 % wega\u0144ski, bez alergen\u00f3w<\/b><br \/>\n<b>Pojemno\u015b\u0107: <\/b>60 kapsu\u0142ek<\/p>\n<p><strong>Termin wa\u017cno\u015bci do 03.2026<\/strong><b>1 opakowanie wystarcza na 2 miesi\u0105ce stosowania<\/b><\/p>\n","protected":false},"featured_media":44816,"template":"","meta":{"_editorskit_title_hidden":false,"_editorskit_reading_time":0,"_editorskit_is_block_options_detached":false,"_editorskit_block_options_position":"{}"},"product_brand":[],"product_cat":[456,645,472,499,505,471,491,500,629,46,18,35,44,48],"product_tag":[],"class_list":{"0":"post-44056","1":"product","2":"type-product","3":"status-publish","4":"has-post-thumbnail","6":"product_cat-ziola-ajurwedyjskie","7":"product_cat-green-week","8":"product_cat-kapha","9":"product_cat-marki","10":"product_cat-nowosci","11":"product_cat-pitta","12":"product_cat-przeznaczenie-produktow","13":"product_cat-vanan","14":"product_cat-wiosenna-promocja","15":"product_cat-dla-diabetykow","16":"product_cat-suplementy","17":"product_cat-ziola","18":"product_cat-trawienie","19":"product_cat-zdrowie-seksualne","21":"first","22":"instock","23":"taxable","24":"shipping-taxable","25":"purchasable","26":"product-type-simple","27":"add-to-wishlist-before_image"},"acf":{"ilosc_sztuk_w_pudelku":"","ilosc_pudelek_w_kartonie":"","wykluczyc_z_szybkich_zakupow":""},"yoast_head":"<!-- This site is optimized with the Yoast SEO plugin v23.1 - https:\/\/yoast.com\/wordpress\/plugins\/seo\/ -->\n<title>Bonduc Nut - menopauza - 60 kapsu\u0142ek | Vanan - Deva Harmony Polska<\/title>\n<meta name=\"robots\" content=\"index, follow, max-snippet:-1, max-image-preview:large, max-video-preview:-1\" \/>\n<link rel=\"canonical\" href=\"https:\/\/devaharmony.com\/pl\/sklep\/bonduc-nut-menopauza-60-kapsulek-vanan\/\" \/>\n<meta property=\"og:locale\" content=\"pl_PL\" \/>\n<meta property=\"og:type\" content=\"article\" \/>\n<meta property=\"og:title\" content=\"Bonduc Nut - menopauza - 60 kapsu\u0142ek | Vanan - Deva Harmony Polska\" \/>\n<meta property=\"og:description\" content=\"Bonduc Nut \u2013 naturalna harmonia dla kobiecego cia\u0142a i umys\u0142u  &nbsp;   \u0141agodzi objawy menopauzy  Wspomaga r\u00f3wnowag\u0119 hormonaln\u0105  Dzia\u0142a przeciwbakteryjnie\u00a0  \u0141agodzi dolegliwo\u015bci trawienne\u00a0  Redukuje wzd\u0119cia, b\u00f3le brzucha i dyskomfort jelitowy.  &nbsp;  Produkt: 100 % wega\u0144ski, bez alergen\u00f3w Pojemno\u015b\u0107: 60 kapsu\u0142ek  Termin wa\u017cno\u015bci do 03.20261 opakowanie wystarcza na 2 miesi\u0105ce stosowania\" \/>\n<meta property=\"og:url\" content=\"https:\/\/devaharmony.com\/pl\/sklep\/bonduc-nut-menopauza-60-kapsulek-vanan\/\" \/>\n<meta property=\"og:site_name\" content=\"Deva Harmony Polska\" \/>\n<meta property=\"article:modified_time\" content=\"2026-04-07T18:41:34+00:00\" \/>\n<meta property=\"og:image\" content=\"https:\/\/devaharmony.com\/pl\/wp-content\/uploads\/2025\/03\/Bonduc-nut.png\" \/>\n\t<meta property=\"og:image:width\" content=\"1080\" \/>\n\t<meta property=\"og:image:height\" content=\"1080\" \/>\n\t<meta property=\"og:image:type\" content=\"image\/png\" \/>\n<meta name=\"twitter:card\" content=\"summary_large_image\" \/>\n<meta name=\"twitter:label1\" content=\"Szacowany czas czytania\" \/>\n\t<meta name=\"twitter:data1\" content=\"2 minuty\" \/>\n<script type=\"application\/ld+json\" class=\"yoast-schema-graph\">{\"@context\":\"https:\/\/schema.org\",\"@graph\":[{\"@type\":\"WebPage\",\"@id\":\"https:\/\/devaharmony.com\/pl\/sklep\/bonduc-nut-menopauza-60-kapsulek-vanan\/\",\"url\":\"https:\/\/devaharmony.com\/pl\/sklep\/bonduc-nut-menopauza-60-kapsulek-vanan\/\",\"name\":\"Bonduc Nut - menopauza - 60 kapsu\u0142ek | Vanan - Deva Harmony Polska\",\"isPartOf\":{\"@id\":\"https:\/\/devaharmony.com\/pl\/#website\"},\"primaryImageOfPage\":{\"@id\":\"https:\/\/devaharmony.com\/pl\/sklep\/bonduc-nut-menopauza-60-kapsulek-vanan\/#primaryimage\"},\"image\":{\"@id\":\"https:\/\/devaharmony.com\/pl\/sklep\/bonduc-nut-menopauza-60-kapsulek-vanan\/#primaryimage\"},\"thumbnailUrl\":\"https:\/\/devaharmony.com\/pl\/wp-content\/uploads\/2025\/03\/Bonduc-nut.png\",\"datePublished\":\"2025-03-26T13:54:44+00:00\",\"dateModified\":\"2026-04-07T18:41:34+00:00\",\"breadcrumb\":{\"@id\":\"https:\/\/devaharmony.com\/pl\/sklep\/bonduc-nut-menopauza-60-kapsulek-vanan\/#breadcrumb\"},\"inLanguage\":\"pl-PL\",\"potentialAction\":[{\"@type\":\"ReadAction\",\"target\":[\"https:\/\/devaharmony.com\/pl\/sklep\/bonduc-nut-menopauza-60-kapsulek-vanan\/\"]}]},{\"@type\":\"ImageObject\",\"inLanguage\":\"pl-PL\",\"@id\":\"https:\/\/devaharmony.com\/pl\/sklep\/bonduc-nut-menopauza-60-kapsulek-vanan\/#primaryimage\",\"url\":\"https:\/\/devaharmony.com\/pl\/wp-content\/uploads\/2025\/03\/Bonduc-nut.png\",\"contentUrl\":\"https:\/\/devaharmony.com\/pl\/wp-content\/uploads\/2025\/03\/Bonduc-nut.png\",\"width\":1080,\"height\":1080},{\"@type\":\"BreadcrumbList\",\"@id\":\"https:\/\/devaharmony.com\/pl\/sklep\/bonduc-nut-menopauza-60-kapsulek-vanan\/#breadcrumb\",\"itemListElement\":[{\"@type\":\"ListItem\",\"position\":1,\"name\":\"Strona g\u0142\u00f3wna\",\"item\":\"https:\/\/devaharmony.com\/pl\/\"},{\"@type\":\"ListItem\",\"position\":2,\"name\":\"Produkty Ajurwedyjskie\",\"item\":\"https:\/\/devaharmony.com\/pl\/produkty-ajurwedyjskie\/\"},{\"@type\":\"ListItem\",\"position\":3,\"name\":\"Bonduc Nut &#8211; menopauza &#8211; 60 kapsu\u0142ek | Vanan\"}]},{\"@type\":\"WebSite\",\"@id\":\"https:\/\/devaharmony.com\/pl\/#website\",\"url\":\"https:\/\/devaharmony.com\/pl\/\",\"name\":\"Deva Harmony Polska\",\"description\":\"Ajurwedyjskie Suplementy Diety\",\"potentialAction\":[{\"@type\":\"SearchAction\",\"target\":{\"@type\":\"EntryPoint\",\"urlTemplate\":\"https:\/\/devaharmony.com\/pl\/?s={search_term_string}\"},\"query-input\":\"required name=search_term_string\"}],\"inLanguage\":\"pl-PL\"}]}<\/script>\n<!-- \/ Yoast SEO plugin. -->","yoast_head_json":{"title":"Bonduc Nut - menopauza - 60 kapsu\u0142ek | Vanan - Deva Harmony Polska","robots":{"index":"index","follow":"follow","max-snippet":"max-snippet:-1","max-image-preview":"max-image-preview:large","max-video-preview":"max-video-preview:-1"},"canonical":"https:\/\/devaharmony.com\/pl\/sklep\/bonduc-nut-menopauza-60-kapsulek-vanan\/","og_locale":"pl_PL","og_type":"article","og_title":"Bonduc Nut - menopauza - 60 kapsu\u0142ek | Vanan - Deva Harmony Polska","og_description":"Bonduc Nut \u2013 naturalna harmonia dla kobiecego cia\u0142a i umys\u0142u  &nbsp;   \u0141agodzi objawy menopauzy  Wspomaga r\u00f3wnowag\u0119 hormonaln\u0105  Dzia\u0142a przeciwbakteryjnie\u00a0  \u0141agodzi dolegliwo\u015bci trawienne\u00a0  Redukuje wzd\u0119cia, b\u00f3le brzucha i dyskomfort jelitowy.  &nbsp;  Produkt: 100 % wega\u0144ski, bez alergen\u00f3w Pojemno\u015b\u0107: 60 kapsu\u0142ek  Termin wa\u017cno\u015bci do 03.20261 opakowanie wystarcza na 2 miesi\u0105ce stosowania","og_url":"https:\/\/devaharmony.com\/pl\/sklep\/bonduc-nut-menopauza-60-kapsulek-vanan\/","og_site_name":"Deva Harmony Polska","article_modified_time":"2026-04-07T18:41:34+00:00","og_image":[{"width":1080,"height":1080,"url":"https:\/\/devaharmony.com\/pl\/wp-content\/uploads\/2025\/03\/Bonduc-nut.png","type":"image\/png"}],"twitter_card":"summary_large_image","twitter_misc":{"Szacowany czas czytania":"2 minuty"},"schema":{"@context":"https:\/\/schema.org","@graph":[{"@type":"WebPage","@id":"https:\/\/devaharmony.com\/pl\/sklep\/bonduc-nut-menopauza-60-kapsulek-vanan\/","url":"https:\/\/devaharmony.com\/pl\/sklep\/bonduc-nut-menopauza-60-kapsulek-vanan\/","name":"Bonduc Nut - menopauza - 60 kapsu\u0142ek | Vanan - Deva Harmony Polska","isPartOf":{"@id":"https:\/\/devaharmony.com\/pl\/#website"},"primaryImageOfPage":{"@id":"https:\/\/devaharmony.com\/pl\/sklep\/bonduc-nut-menopauza-60-kapsulek-vanan\/#primaryimage"},"image":{"@id":"https:\/\/devaharmony.com\/pl\/sklep\/bonduc-nut-menopauza-60-kapsulek-vanan\/#primaryimage"},"thumbnailUrl":"https:\/\/devaharmony.com\/pl\/wp-content\/uploads\/2025\/03\/Bonduc-nut.png","datePublished":"2025-03-26T13:54:44+00:00","dateModified":"2026-04-07T18:41:34+00:00","breadcrumb":{"@id":"https:\/\/devaharmony.com\/pl\/sklep\/bonduc-nut-menopauza-60-kapsulek-vanan\/#breadcrumb"},"inLanguage":"pl-PL","potentialAction":[{"@type":"ReadAction","target":["https:\/\/devaharmony.com\/pl\/sklep\/bonduc-nut-menopauza-60-kapsulek-vanan\/"]}]},{"@type":"ImageObject","inLanguage":"pl-PL","@id":"https:\/\/devaharmony.com\/pl\/sklep\/bonduc-nut-menopauza-60-kapsulek-vanan\/#primaryimage","url":"https:\/\/devaharmony.com\/pl\/wp-content\/uploads\/2025\/03\/Bonduc-nut.png","contentUrl":"https:\/\/devaharmony.com\/pl\/wp-content\/uploads\/2025\/03\/Bonduc-nut.png","width":1080,"height":1080},{"@type":"BreadcrumbList","@id":"https:\/\/devaharmony.com\/pl\/sklep\/bonduc-nut-menopauza-60-kapsulek-vanan\/#breadcrumb","itemListElement":[{"@type":"ListItem","position":1,"name":"Strona g\u0142\u00f3wna","item":"https:\/\/devaharmony.com\/pl\/"},{"@type":"ListItem","position":2,"name":"Produkty Ajurwedyjskie","item":"https:\/\/devaharmony.com\/pl\/produkty-ajurwedyjskie\/"},{"@type":"ListItem","position":3,"name":"Bonduc Nut &#8211; menopauza &#8211; 60 kapsu\u0142ek | Vanan"}]},{"@type":"WebSite","@id":"https:\/\/devaharmony.com\/pl\/#website","url":"https:\/\/devaharmony.com\/pl\/","name":"Deva Harmony Polska","description":"Ajurwedyjskie Suplementy Diety","potentialAction":[{"@type":"SearchAction","target":{"@type":"EntryPoint","urlTemplate":"https:\/\/devaharmony.com\/pl\/?s={search_term_string}"},"query-input":"required name=search_term_string"}],"inLanguage":"pl-PL"}]}},"_links":{"self":[{"href":"https:\/\/devaharmony.com\/pl\/wp-json\/wp\/v2\/product\/44056","targetHints":{"allow":["GET"]}}],"collection":[{"href":"https:\/\/devaharmony.com\/pl\/wp-json\/wp\/v2\/product"}],"about":[{"href":"https:\/\/devaharmony.com\/pl\/wp-json\/wp\/v2\/types\/product"}],"wp:featuredmedia":[{"embeddable":true,"href":"https:\/\/devaharmony.com\/pl\/wp-json\/wp\/v2\/media\/44816"}],"wp:attachment":[{"href":"https:\/\/devaharmony.com\/pl\/wp-json\/wp\/v2\/media?parent=44056"}],"wp:term":[{"taxonomy":"product_brand","embeddable":true,"href":"https:\/\/devaharmony.com\/pl\/wp-json\/wp\/v2\/product_brand?post=44056"},{"taxonomy":"product_cat","embeddable":true,"href":"https:\/\/devaharmony.com\/pl\/wp-json\/wp\/v2\/product_cat?post=44056"},{"taxonomy":"product_tag","embeddable":true,"href":"https:\/\/devaharmony.com\/pl\/wp-json\/wp\/v2\/product_tag?post=44056"}],"curies":[{"name":"wp","href":"https:\/\/api.w.org\/{rel}","templated":true}]}}