{"id":44051,"date":"2025-03-26T13:03:30","date_gmt":"2025-03-26T12:03:30","guid":{"rendered":"https:\/\/devaharmony.com\/pl\/sklep\/amla-60-kapsulek-vanan\/"},"modified":"2026-04-02T08:20:39","modified_gmt":"2026-04-02T07:20:39","slug":"amla-60-kapsulek-vanan","status":"publish","type":"product","link":"https:\/\/devaharmony.com\/pl\/sklep\/amla-60-kapsulek-vanan\/","title":{"rendered":"Amla &#8211; trawienie i odporno\u015b\u0107 &#8211; 60 kapsu\u0142ek"},"content":{"rendered":"<p><strong data-start=\"140\" data-end=\"163\">Kapsu\u0142ki Vanan Amla<\/strong> wykorzystuj\u0105 moc <span data-start=\"181\" data-end=\"187\">Amla<\/span> (<i>Amalaki<\/i>), znanej r\u00f3wnie\u017c jako indyjska agrest, aby wspiera\u0107 og\u00f3lne<b> samopoczucie i zdrowie uk\u0142adu trawiennego<\/b>. Amla to bogate \u017ar\u00f3d\u0142o naturalnej <b>witaminy C<\/b> i silnych przeciwutleniaczy, kt\u00f3re wspieraj\u0105 o<b>dporno\u015b\u0107 i wspomagaj\u0105 zdrowy wygl\u0105d sk\u00f3ry<\/b>. Poprawia trawienie poprzez stymulacj\u0119 wydzielania enzym\u00f3w trawiennych oraz \u0142agodzi <b>nadkwasot\u0119<\/b>. Wspiera tak\u017ce osoby zmagaj\u0105ce si\u0119 z cukrzyc\u0105, pomagaj\u0105c w <b>regulacji poziomu glukozy we krwi<\/b>. Kapsu\u0142ki Vanan Amla wyr\u00f3\u017cniaj\u0105 si\u0119 precyzyjnym dawkowaniem, co zwi\u0119ksza skuteczno\u015b\u0107 i minimalizuje ryzyko dzia\u0142a\u0144 niepo\u017c\u0105danych. Ka\u017cda partia suplementu poddawana jest rygorystycznym badaniom analitycznym, w tym metodom chromatograficznym, gwarantuj\u0105cym najwy\u017csz\u0105 jako\u015b\u0107 i czysto\u015b\u0107 produktu.<\/p>\n<p>&nbsp;<\/p>\n<p>&nbsp;<\/p>\n<p><span style=\"font-weight: 600; color: inherit;\">Bez sztucznych konserwant\u00f3w, aromat\u00f3wi substancji zapachowych<\/span><\/p>\n<p><span style=\"font-weight: 600; color: inherit;\">Bez cukru, soli, dro\u017cd\u017cy, pszenicy,soi, glutenu i nabia\u0142u<\/span><\/p>\n<p><span style=\"font-weight: 600; color: inherit;\">Certyfikaty: Wega\u0144ski, koszerny, Halal, GMP<\/span><\/p>\n<p>&nbsp;<\/p>\n<p><span style=\"font-weight: 600; color: inherit;\">Produkt w 100% wega\u0144ski<\/span><\/p>\n<p><span style=\"font-weight: 600; color: inherit;\">Produkt standaryzowany DER<\/span><\/p>\n<p><span style=\"font-weight: 600; color: inherit;\">Zalecana porcja dzienna:\u00a0<\/span>1 kapsu\u0142ka<\/p>\n<p><span style=\"font-weight: 600; color: inherit;\">Pojemno\u015b\u0107:\u00a0<\/span>60 kapsu\u0142ek<\/p>\n<p><span style=\"font-weight: 600; color: inherit;\">Producent:<\/span>\u00a0APEX LABORATORIES PRIVATE LTD,<\/p>\n<p><span style=\"font-weight: 600; color: inherit;\">Kraj pochodzenia:<\/span>\u00a0Indie<\/p>\n<p>&nbsp;<\/p>\n<p>*Nie<br \/>\nnale\u017cy przekracza\u0107 zalecanej porcji dziennej do spo\u017cycia. Suplement<br \/>\ndiety nie mo\u017ce by\u0107 stosowany jako substytut (zamiennik) zr\u00f3\u017cnicowanej<br \/>\ndiety. Nale\u017cy przestrzega\u0107 zdrowego trybu \u017cycia i zr\u00f3wnowa\u017conego sposobu<br \/>\n\u017cywienia. Nie stosowa\u0107 w przypadku nadwra\u017cliwo\u015bci na sk\u0142adniki<br \/>\npreparatu. Produkt nie jest przeznaczony dla dzieci, kobiet w ci\u0105\u017cy ani<br \/>\nkarmi\u0105cych.<\/p>\n<p>&nbsp;<\/p>\n<p>*Produkt bez GMO.<\/p>\n<p>&nbsp;<\/p>\n<p>*Przechowywa\u0107 w spos\u00f3b niedost\u0119pnydla ma\u0142ych dzieci. Chroni\u0107 przed \u015bwiat\u0142em i wilgoci\u0105.<\/p>\n<p>&nbsp;<\/p>\n<p>*Opisany<br \/>\nprodukt jest suplementem diety, nie jest produktem leczniczym, kt\u00f3remu<br \/>\nprzypisuje si\u0119 w\u0142a\u015bciwo\u015bci zapobiegania lub leczenie chor\u00f3b<br \/>\nwyst\u0119puj\u0105cych u ludzi.<\/p>\n<p>&nbsp;<\/p>\n<p>*Przyjmowanie<br \/>\npreparat\u00f3w zio\u0142owych najlepiej skonsultowa\u0107 z lekarzem lub farmaceut\u0105,<br \/>\nponiewa\u017c dob\u00f3r odpowiedniego preparatu ro\u015blinnego wymaga r\u00f3wnie du\u017cej<br \/>\nwiedzy, co w przypadku preparatu chemicznego. Nale\u017cy pami\u0119ta\u0107, \u017ce<br \/>\npreparaty ro\u015blinne mog\u0105 wchodzi\u0107 w interakcje z przyjmowanymi lekami i<br \/>\nmog\u0105 stanowi\u0107 zagro\u017cenie dla zdrowia. Niekt\u00f3re preparaty zio\u0142owe mog\u0105<br \/>\nwywo\u0142a\u0107 silne dzia\u0142anie, dlatego nale\u017cy przestrzega\u0107 wszystkich zalece\u0144 i<br \/>\nogranicze\u0144 podanych przez producenta. Szczeg\u00f3ln\u0105 ostro\u017cno\u015b\u0107 przy ich<br \/>\nstosowaniu musz\u0105 zachowa\u0107 matki karmi\u0105ce i kobiety w ci\u0105\u017cy.<\/p>\n<p>&nbsp;<\/p>\n","protected":false},"excerpt":{"rendered":"<p><b>Naturalna si\u0142a odporno\u015bci, pi\u0119kna i r\u00f3wnowagi od wewn\u0105trz<\/b><\/p>\n<p>&nbsp;<\/p>\n<ul>\n<li>Wzmacnia odporno\u015b\u0107<\/li>\n<li><span style=\"color: var(--gray-800);\">Spowalnia procesy starzenia, nadaje sk\u00f3rze blask i elastyczno\u015b\u0107.<\/span><\/li>\n<li><span style=\"color: var(--gray-800);\">Stymuluje wydzielanie enzym\u00f3w trawiennych i \u0142agodzi objawy nadkwasoty.<\/span><\/li>\n<li><span style=\"color: var(--gray-800);\">Reguluje poziom cukru we krwi<\/span><\/li>\n<li><span style=\"color: var(--gray-800);\">Dzia\u0142a oczyszczaj\u0105co<\/span><\/li>\n<li><span style=\"color: var(--gray-800);\">Wspomaga funkcje w\u0105troby\u00a0<\/span><\/li>\n<\/ul>\n<p>&nbsp;<\/p>\n<p><b>Produkt: 100 % wega\u0144ski, bez alergen\u00f3w<\/b><br \/>\n<b>Pojemno\u015b\u0107: <\/b>60 kapsu\u0142ek<br \/>\n<b>1 opakowanie wystarcza na 2 miesi\u0105ce stosowania<\/b><\/p>\n","protected":false},"featured_media":45532,"template":"","meta":{"_editorskit_title_hidden":false,"_editorskit_reading_time":0,"_editorskit_is_block_options_detached":false,"_editorskit_block_options_position":"{}"},"product_brand":[],"product_cat":[456,645,631,499,491,500,43,18,44],"product_tag":[],"class_list":{"0":"post-44051","1":"product","2":"type-product","3":"status-publish","4":"has-post-thumbnail","6":"product_cat-ziola-ajurwedyjskie","7":"product_cat-green-week","8":"product_cat-idealne-na-lato-","9":"product_cat-marki","10":"product_cat-przeznaczenie-produktow","11":"product_cat-vanan","12":"product_cat-odpornosc","13":"product_cat-suplementy","14":"product_cat-trawienie","16":"first","17":"instock","18":"taxable","19":"shipping-taxable","20":"purchasable","21":"product-type-simple","22":"add-to-wishlist-before_image"},"acf":{"ilosc_sztuk_w_pudelku":"","ilosc_pudelek_w_kartonie":"","wykluczyc_z_szybkich_zakupow":""},"yoast_head":"<!-- This site is optimized with the Yoast SEO plugin v23.1 - https:\/\/yoast.com\/wordpress\/plugins\/seo\/ -->\n<title>Amla - trawienie i odporno\u015b\u0107 - 60 kapsu\u0142ek - Deva Harmony Polska<\/title>\n<meta name=\"robots\" content=\"index, follow, max-snippet:-1, max-image-preview:large, max-video-preview:-1\" \/>\n<link rel=\"canonical\" href=\"https:\/\/devaharmony.com\/pl\/sklep\/amla-60-kapsulek-vanan\/\" \/>\n<meta property=\"og:locale\" content=\"pl_PL\" \/>\n<meta property=\"og:type\" content=\"article\" \/>\n<meta property=\"og:title\" content=\"Amla - trawienie i odporno\u015b\u0107 - 60 kapsu\u0142ek - Deva Harmony Polska\" \/>\n<meta property=\"og:description\" content=\"Naturalna si\u0142a odporno\u015bci, pi\u0119kna i r\u00f3wnowagi od wewn\u0105trz  &nbsp;   Wzmacnia odporno\u015b\u0107  Spowalnia procesy starzenia, nadaje sk\u00f3rze blask i elastyczno\u015b\u0107.  Stymuluje wydzielanie enzym\u00f3w trawiennych i \u0142agodzi objawy nadkwasoty.  Reguluje poziom cukru we krwi  Dzia\u0142a oczyszczaj\u0105co  Wspomaga funkcje w\u0105troby\u00a0  &nbsp;  Produkt: 100 % wega\u0144ski, bez alergen\u00f3w Pojemno\u015b\u0107: 60 kapsu\u0142ek 1 opakowanie wystarcza na 2 miesi\u0105ce stosowania\" \/>\n<meta property=\"og:url\" content=\"https:\/\/devaharmony.com\/pl\/sklep\/amla-60-kapsulek-vanan\/\" \/>\n<meta property=\"og:site_name\" content=\"Deva Harmony Polska\" \/>\n<meta property=\"article:modified_time\" content=\"2026-04-02T07:20:39+00:00\" \/>\n<meta property=\"og:image\" content=\"https:\/\/devaharmony.com\/pl\/wp-content\/uploads\/2025\/06\/1c222cb86ef98ed092c94dba2644d4b7.png\" \/>\n\t<meta property=\"og:image:width\" content=\"1080\" \/>\n\t<meta property=\"og:image:height\" content=\"1080\" \/>\n\t<meta property=\"og:image:type\" content=\"image\/png\" \/>\n<meta name=\"twitter:card\" content=\"summary_large_image\" \/>\n<meta name=\"twitter:label1\" content=\"Szacowany czas czytania\" \/>\n\t<meta name=\"twitter:data1\" content=\"2 minuty\" \/>\n<script type=\"application\/ld+json\" class=\"yoast-schema-graph\">{\"@context\":\"https:\/\/schema.org\",\"@graph\":[{\"@type\":\"WebPage\",\"@id\":\"https:\/\/devaharmony.com\/pl\/sklep\/amla-60-kapsulek-vanan\/\",\"url\":\"https:\/\/devaharmony.com\/pl\/sklep\/amla-60-kapsulek-vanan\/\",\"name\":\"Amla - trawienie i odporno\u015b\u0107 - 60 kapsu\u0142ek - Deva Harmony Polska\",\"isPartOf\":{\"@id\":\"https:\/\/devaharmony.com\/pl\/#website\"},\"primaryImageOfPage\":{\"@id\":\"https:\/\/devaharmony.com\/pl\/sklep\/amla-60-kapsulek-vanan\/#primaryimage\"},\"image\":{\"@id\":\"https:\/\/devaharmony.com\/pl\/sklep\/amla-60-kapsulek-vanan\/#primaryimage\"},\"thumbnailUrl\":\"https:\/\/devaharmony.com\/pl\/wp-content\/uploads\/2025\/06\/1c222cb86ef98ed092c94dba2644d4b7.png\",\"datePublished\":\"2025-03-26T12:03:30+00:00\",\"dateModified\":\"2026-04-02T07:20:39+00:00\",\"breadcrumb\":{\"@id\":\"https:\/\/devaharmony.com\/pl\/sklep\/amla-60-kapsulek-vanan\/#breadcrumb\"},\"inLanguage\":\"pl-PL\",\"potentialAction\":[{\"@type\":\"ReadAction\",\"target\":[\"https:\/\/devaharmony.com\/pl\/sklep\/amla-60-kapsulek-vanan\/\"]}]},{\"@type\":\"ImageObject\",\"inLanguage\":\"pl-PL\",\"@id\":\"https:\/\/devaharmony.com\/pl\/sklep\/amla-60-kapsulek-vanan\/#primaryimage\",\"url\":\"https:\/\/devaharmony.com\/pl\/wp-content\/uploads\/2025\/06\/1c222cb86ef98ed092c94dba2644d4b7.png\",\"contentUrl\":\"https:\/\/devaharmony.com\/pl\/wp-content\/uploads\/2025\/06\/1c222cb86ef98ed092c94dba2644d4b7.png\",\"width\":1080,\"height\":1080},{\"@type\":\"BreadcrumbList\",\"@id\":\"https:\/\/devaharmony.com\/pl\/sklep\/amla-60-kapsulek-vanan\/#breadcrumb\",\"itemListElement\":[{\"@type\":\"ListItem\",\"position\":1,\"name\":\"Strona g\u0142\u00f3wna\",\"item\":\"https:\/\/devaharmony.com\/pl\/\"},{\"@type\":\"ListItem\",\"position\":2,\"name\":\"Produkty Ajurwedyjskie\",\"item\":\"https:\/\/devaharmony.com\/pl\/produkty-ajurwedyjskie\/\"},{\"@type\":\"ListItem\",\"position\":3,\"name\":\"Amla &#8211; trawienie i odporno\u015b\u0107 &#8211; 60 kapsu\u0142ek\"}]},{\"@type\":\"WebSite\",\"@id\":\"https:\/\/devaharmony.com\/pl\/#website\",\"url\":\"https:\/\/devaharmony.com\/pl\/\",\"name\":\"Deva Harmony Polska\",\"description\":\"Ajurwedyjskie Suplementy Diety\",\"potentialAction\":[{\"@type\":\"SearchAction\",\"target\":{\"@type\":\"EntryPoint\",\"urlTemplate\":\"https:\/\/devaharmony.com\/pl\/?s={search_term_string}\"},\"query-input\":\"required name=search_term_string\"}],\"inLanguage\":\"pl-PL\"}]}<\/script>\n<!-- \/ Yoast SEO plugin. -->","yoast_head_json":{"title":"Amla - trawienie i odporno\u015b\u0107 - 60 kapsu\u0142ek - Deva Harmony Polska","robots":{"index":"index","follow":"follow","max-snippet":"max-snippet:-1","max-image-preview":"max-image-preview:large","max-video-preview":"max-video-preview:-1"},"canonical":"https:\/\/devaharmony.com\/pl\/sklep\/amla-60-kapsulek-vanan\/","og_locale":"pl_PL","og_type":"article","og_title":"Amla - trawienie i odporno\u015b\u0107 - 60 kapsu\u0142ek - Deva Harmony Polska","og_description":"Naturalna si\u0142a odporno\u015bci, pi\u0119kna i r\u00f3wnowagi od wewn\u0105trz  &nbsp;   Wzmacnia odporno\u015b\u0107  Spowalnia procesy starzenia, nadaje sk\u00f3rze blask i elastyczno\u015b\u0107.  Stymuluje wydzielanie enzym\u00f3w trawiennych i \u0142agodzi objawy nadkwasoty.  Reguluje poziom cukru we krwi  Dzia\u0142a oczyszczaj\u0105co  Wspomaga funkcje w\u0105troby\u00a0  &nbsp;  Produkt: 100 % wega\u0144ski, bez alergen\u00f3w Pojemno\u015b\u0107: 60 kapsu\u0142ek 1 opakowanie wystarcza na 2 miesi\u0105ce stosowania","og_url":"https:\/\/devaharmony.com\/pl\/sklep\/amla-60-kapsulek-vanan\/","og_site_name":"Deva Harmony Polska","article_modified_time":"2026-04-02T07:20:39+00:00","og_image":[{"width":1080,"height":1080,"url":"https:\/\/devaharmony.com\/pl\/wp-content\/uploads\/2025\/06\/1c222cb86ef98ed092c94dba2644d4b7.png","type":"image\/png"}],"twitter_card":"summary_large_image","twitter_misc":{"Szacowany czas czytania":"2 minuty"},"schema":{"@context":"https:\/\/schema.org","@graph":[{"@type":"WebPage","@id":"https:\/\/devaharmony.com\/pl\/sklep\/amla-60-kapsulek-vanan\/","url":"https:\/\/devaharmony.com\/pl\/sklep\/amla-60-kapsulek-vanan\/","name":"Amla - trawienie i odporno\u015b\u0107 - 60 kapsu\u0142ek - Deva Harmony Polska","isPartOf":{"@id":"https:\/\/devaharmony.com\/pl\/#website"},"primaryImageOfPage":{"@id":"https:\/\/devaharmony.com\/pl\/sklep\/amla-60-kapsulek-vanan\/#primaryimage"},"image":{"@id":"https:\/\/devaharmony.com\/pl\/sklep\/amla-60-kapsulek-vanan\/#primaryimage"},"thumbnailUrl":"https:\/\/devaharmony.com\/pl\/wp-content\/uploads\/2025\/06\/1c222cb86ef98ed092c94dba2644d4b7.png","datePublished":"2025-03-26T12:03:30+00:00","dateModified":"2026-04-02T07:20:39+00:00","breadcrumb":{"@id":"https:\/\/devaharmony.com\/pl\/sklep\/amla-60-kapsulek-vanan\/#breadcrumb"},"inLanguage":"pl-PL","potentialAction":[{"@type":"ReadAction","target":["https:\/\/devaharmony.com\/pl\/sklep\/amla-60-kapsulek-vanan\/"]}]},{"@type":"ImageObject","inLanguage":"pl-PL","@id":"https:\/\/devaharmony.com\/pl\/sklep\/amla-60-kapsulek-vanan\/#primaryimage","url":"https:\/\/devaharmony.com\/pl\/wp-content\/uploads\/2025\/06\/1c222cb86ef98ed092c94dba2644d4b7.png","contentUrl":"https:\/\/devaharmony.com\/pl\/wp-content\/uploads\/2025\/06\/1c222cb86ef98ed092c94dba2644d4b7.png","width":1080,"height":1080},{"@type":"BreadcrumbList","@id":"https:\/\/devaharmony.com\/pl\/sklep\/amla-60-kapsulek-vanan\/#breadcrumb","itemListElement":[{"@type":"ListItem","position":1,"name":"Strona g\u0142\u00f3wna","item":"https:\/\/devaharmony.com\/pl\/"},{"@type":"ListItem","position":2,"name":"Produkty Ajurwedyjskie","item":"https:\/\/devaharmony.com\/pl\/produkty-ajurwedyjskie\/"},{"@type":"ListItem","position":3,"name":"Amla &#8211; trawienie i odporno\u015b\u0107 &#8211; 60 kapsu\u0142ek"}]},{"@type":"WebSite","@id":"https:\/\/devaharmony.com\/pl\/#website","url":"https:\/\/devaharmony.com\/pl\/","name":"Deva Harmony Polska","description":"Ajurwedyjskie Suplementy Diety","potentialAction":[{"@type":"SearchAction","target":{"@type":"EntryPoint","urlTemplate":"https:\/\/devaharmony.com\/pl\/?s={search_term_string}"},"query-input":"required name=search_term_string"}],"inLanguage":"pl-PL"}]}},"_links":{"self":[{"href":"https:\/\/devaharmony.com\/pl\/wp-json\/wp\/v2\/product\/44051","targetHints":{"allow":["GET"]}}],"collection":[{"href":"https:\/\/devaharmony.com\/pl\/wp-json\/wp\/v2\/product"}],"about":[{"href":"https:\/\/devaharmony.com\/pl\/wp-json\/wp\/v2\/types\/product"}],"wp:featuredmedia":[{"embeddable":true,"href":"https:\/\/devaharmony.com\/pl\/wp-json\/wp\/v2\/media\/45532"}],"wp:attachment":[{"href":"https:\/\/devaharmony.com\/pl\/wp-json\/wp\/v2\/media?parent=44051"}],"wp:term":[{"taxonomy":"product_brand","embeddable":true,"href":"https:\/\/devaharmony.com\/pl\/wp-json\/wp\/v2\/product_brand?post=44051"},{"taxonomy":"product_cat","embeddable":true,"href":"https:\/\/devaharmony.com\/pl\/wp-json\/wp\/v2\/product_cat?post=44051"},{"taxonomy":"product_tag","embeddable":true,"href":"https:\/\/devaharmony.com\/pl\/wp-json\/wp\/v2\/product_tag?post=44051"}],"curies":[{"name":"wp","href":"https:\/\/api.w.org\/{rel}","templated":true}]}}