{"id":44041,"date":"2025-03-26T11:41:23","date_gmt":"2025-03-26T10:41:23","guid":{"rendered":"https:\/\/devaharmony.com\/pl\/sklep\/ginger-odpornosc-60-kapsulek-vanan\/"},"modified":"2026-03-31T10:12:17","modified_gmt":"2026-03-31T09:12:17","slug":"ginger-odpornosc-60-kapsulek-vanan","status":"publish","type":"product","link":"https:\/\/devaharmony.com\/pl\/sklep\/ginger-odpornosc-60-kapsulek-vanan\/","title":{"rendered":"Ginger &#8211; imbir &#8211; odporno\u015b\u0107 &#8211; 60 kapsu\u0142ek | Vanan"},"content":{"rendered":"<p><b>Kapsu\u0142ki Vanan Ginger<\/b> zawieraj\u0105<i> Zingiber officinale<\/i>, czyli imbir, znany ze swojego dobroczynnego wp\u0142ywu na <b>uk\u0142ad trawienny<\/b> oraz w\u0142a\u015bciwo\u015bci wzmacniaj\u0105ce <b>odporno\u015b\u0107<\/b>. Imbir jest bogaty w gingerol \u2013 silny przeciwutleniacz, dzi\u0119ki czemu stanowi istotny element zdrowego stylu \u017cycia. Ten ajurwedyjski, wega\u0144ski suplement nie zawiera sztucznych konserwant\u00f3w, aromat\u00f3w ani powszechnych alergen\u00f3w, co gwarantuje jego czysto\u015b\u0107 i naturalno\u015b\u0107. Produkt posiada certyfikaty: Vegan, Kosher i Halal, a jego produkcja odbywa si\u0119 zgodnie z normami GMP (Dobrej Praktyki Produkcyjnej), co czyni Vanan Ginger bezpiecznym i skutecznym wyborem dla os\u00f3b, kt\u00f3re chc\u0105 zadba\u0107 o trawienie i odporno\u015b\u0107 w zgodzie z Ajurwed\u0105<\/p>\n<p>&nbsp;<\/p>\n<p><b>Bez sztucznych konserwant\u00f3w, aromat\u00f3wi substancji zapachowych<\/b><\/p>\n<p><b>Bez cukru, soli, dro\u017cd\u017cy, pszenicy,soi, glutenu i nabia\u0142u<\/b><\/p>\n<p><b>Certyfikaty: Wega\u0144ski, koszerny, Halal, GMP<\/b><\/p>\n<p>&nbsp;<\/p>\n<p><b>Produkt w 100% wega\u0144ski<\/b><\/p>\n<p><b>Produkt standaryzowany DER<\/b><\/p>\n<p><b>Zalecana porcja dzienna: <\/b>1 kapsu\u0142ka<\/p>\n<p><b>Pojemno\u015b\u0107: <\/b>60 kapsu\u0142ek<\/p>\n<p><b>Producent:<\/b> APEX LABORATORIES PRIVATE LTD,<\/p>\n<p><b>Kraj pochodzenia:<\/b> Indie<\/p>\n<p>&nbsp;<\/p>\n<p>*Nie nale\u017cy przekracza\u0107 zalecanej porcji dziennej do spo\u017cycia. Suplement diety nie mo\u017ce by\u0107 stosowany jako substytut (zamiennik) zr\u00f3\u017cnicowanej diety. Nale\u017cy przestrzega\u0107 zdrowego trybu \u017cycia i zr\u00f3wnowa\u017conego sposobu \u017cywienia. Nie stosowa\u0107 w przypadku nadwra\u017cliwo\u015bci na sk\u0142adniki preparatu. Produkt nie jest przeznaczony dla dzieci, kobiet w ci\u0105\u017cy ani karmi\u0105cych.<\/p>\n<p>&nbsp;<\/p>\n<p>*Produkt bez GMO.<\/p>\n<p>&nbsp;<\/p>\n<p>*Przechowywa\u0107 w spos\u00f3b niedost\u0119pnydla ma\u0142ych dzieci. Chroni\u0107 przed \u015bwiat\u0142em i wilgoci\u0105.<\/p>\n<p>&nbsp;<\/p>\n<p>*Opisany produkt jest suplementem diety, nie jest produktem leczniczym, kt\u00f3remu przypisuje si\u0119 w\u0142a\u015bciwo\u015bci zapobiegania lub leczenie chor\u00f3b wyst\u0119puj\u0105cych u ludzi.<\/p>\n<p>&nbsp;<\/p>\n<p>*Przyjmowanie preparat\u00f3w zio\u0142owych najlepiej skonsultowa\u0107 z lekarzem lub farmaceut\u0105, poniewa\u017c dob\u00f3r odpowiedniego preparatu ro\u015blinnego wymaga r\u00f3wnie du\u017cej wiedzy, co w przypadku preparatu chemicznego. Nale\u017cy pami\u0119ta\u0107, \u017ce preparaty ro\u015blinne mog\u0105 wchodzi\u0107 w interakcje z przyjmowanymi lekami i mog\u0105 stanowi\u0107 zagro\u017cenie dla zdrowia. Niekt\u00f3re preparaty zio\u0142owe mog\u0105 wywo\u0142a\u0107 silne dzia\u0142anie, dlatego nale\u017cy przestrzega\u0107 wszystkich zalece\u0144 i ogranicze\u0144 podanych przez producenta. Szczeg\u00f3ln\u0105 ostro\u017cno\u015b\u0107 przy ich stosowaniu musz\u0105 zachowa\u0107 matki karmi\u0105ce i kobiety w ci\u0105\u017cy.<\/p>\n","protected":false},"excerpt":{"rendered":"<p><span style=\"font-weight: 600;\">Dodaj energii, wzmocnij odporno\u015b\u0107 \u2013 wybierz Vanan Ginger.<\/span><\/p>\n<p><span style=\"font-weight: 600;\">\u00a0<\/span><\/p>\n<ul>\n<li>Wspomaga trawienie<\/li>\n<li>Wzmacnia odporno\u015b\u0107<\/li>\n<li>\u0141agodzi md\u0142o\u015bci<\/li>\n<li>Wspiera uk\u0142ad oddechowy<\/li>\n<li>Reguluje poziom cukru we krwi<\/li>\n<li>Oczyszcza organizm<\/li>\n<li>Poprawia kr\u0105\u017cenie<\/li>\n<\/ul>\n<div>\n<h3><span style=\"color: #555555; font-family: Montserrat, sans-serif;\"><span style=\"font-size: 13px; letter-spacing: 0.5px;\"><b>Produkt: 100 % wega\u0144ski, bez alergen\u00f3w<\/b><\/span><\/span><\/h3>\n<h3><span style=\"color: #555555; font-family: Montserrat, sans-serif;\"><span style=\"font-size: 13px; letter-spacing: 0.5px;\"><b>Pojemno\u015b\u0107:<\/b> 60 kapsu\u0142ek<\/span><\/span><\/h3>\n<h3><span style=\"color: #555555; font-family: Montserrat, sans-serif;\"><span style=\"font-size: 13px; letter-spacing: 0.5px;\"><b>1 opakowanie wystarcza na 2 miesi\u0105ce stosowania<\/b><\/span><\/span><\/h3>\n<div><span style=\"color: #555555; font-family: Montserrat, sans-serif;\"><span style=\"font-size: 13px; letter-spacing: 0.5px;\"><b>\u00a0<\/b><\/span><\/span><\/div>\n<div style=\"font-family: Montserrat, sans-serif; font-size: 16px; letter-spacing: 0.5px;\"><\/div>\n<\/div>\n","protected":false},"featured_media":45066,"template":"","meta":{"_editorskit_title_hidden":false,"_editorskit_reading_time":0,"_editorskit_is_block_options_detached":false,"_editorskit_block_options_position":"{}"},"product_brand":[],"product_cat":[46,645,472,499,43,491,18,44,500,470,456,35,629],"product_tag":[],"class_list":{"0":"post-44041","1":"product","2":"type-product","3":"status-publish","4":"has-post-thumbnail","6":"product_cat-dla-diabetykow","7":"product_cat-green-week","8":"product_cat-kapha","9":"product_cat-marki","10":"product_cat-odpornosc","11":"product_cat-przeznaczenie-produktow","12":"product_cat-suplementy","13":"product_cat-trawienie","14":"product_cat-vanan","15":"product_cat-vata","16":"product_cat-ziola-ajurwedyjskie","17":"product_cat-ziola","18":"product_cat-wiosenna-promocja","20":"first","21":"instock","22":"taxable","23":"shipping-taxable","24":"purchasable","25":"product-type-simple","26":"add-to-wishlist-before_image"},"acf":{"ilosc_sztuk_w_pudelku":"","ilosc_pudelek_w_kartonie":"","wykluczyc_z_szybkich_zakupow":""},"yoast_head":"<!-- This site is optimized with the Yoast SEO plugin v23.1 - https:\/\/yoast.com\/wordpress\/plugins\/seo\/ -->\n<title>Ginger - imbir - odporno\u015b\u0107 - 60 kapsu\u0142ek | Vanan - Deva Harmony Polska<\/title>\n<meta name=\"robots\" content=\"index, follow, max-snippet:-1, max-image-preview:large, max-video-preview:-1\" \/>\n<link rel=\"canonical\" href=\"https:\/\/devaharmony.com\/pl\/sklep\/ginger-odpornosc-60-kapsulek-vanan\/\" \/>\n<meta property=\"og:locale\" content=\"pl_PL\" \/>\n<meta property=\"og:type\" content=\"article\" \/>\n<meta property=\"og:title\" content=\"Ginger - imbir - odporno\u015b\u0107 - 60 kapsu\u0142ek | Vanan - Deva Harmony Polska\" \/>\n<meta property=\"og:description\" content=\"Dodaj energii, wzmocnij odporno\u015b\u0107 \u2013 wybierz Vanan Ginger.  \u00a0   Wspomaga trawienie  Wzmacnia odporno\u015b\u0107  \u0141agodzi md\u0142o\u015bci  Wspiera uk\u0142ad oddechowy  Reguluje poziom cukru we krwi  Oczyszcza organizm  Poprawia kr\u0105\u017cenie   Produkt: 100 % wega\u0144ski, bez alergen\u00f3w Pojemno\u015b\u0107: 60 kapsu\u0142ek 1 opakowanie wystarcza na 2 miesi\u0105ce stosowania \u00a0\" \/>\n<meta property=\"og:url\" content=\"https:\/\/devaharmony.com\/pl\/sklep\/ginger-odpornosc-60-kapsulek-vanan\/\" \/>\n<meta property=\"og:site_name\" content=\"Deva Harmony Polska\" \/>\n<meta property=\"article:modified_time\" content=\"2026-03-31T09:12:17+00:00\" \/>\n<meta property=\"og:image\" content=\"https:\/\/devaharmony.com\/pl\/wp-content\/uploads\/2025\/03\/Ginger-Vanan.png\" \/>\n\t<meta property=\"og:image:width\" content=\"1080\" \/>\n\t<meta property=\"og:image:height\" content=\"1080\" \/>\n\t<meta property=\"og:image:type\" content=\"image\/png\" \/>\n<meta name=\"twitter:card\" content=\"summary_large_image\" \/>\n<meta name=\"twitter:label1\" content=\"Szacowany czas czytania\" \/>\n\t<meta name=\"twitter:data1\" content=\"2 minuty\" \/>\n<script type=\"application\/ld+json\" class=\"yoast-schema-graph\">{\"@context\":\"https:\/\/schema.org\",\"@graph\":[{\"@type\":\"WebPage\",\"@id\":\"https:\/\/devaharmony.com\/pl\/sklep\/ginger-odpornosc-60-kapsulek-vanan\/\",\"url\":\"https:\/\/devaharmony.com\/pl\/sklep\/ginger-odpornosc-60-kapsulek-vanan\/\",\"name\":\"Ginger - imbir - odporno\u015b\u0107 - 60 kapsu\u0142ek | Vanan - Deva Harmony Polska\",\"isPartOf\":{\"@id\":\"https:\/\/devaharmony.com\/pl\/#website\"},\"primaryImageOfPage\":{\"@id\":\"https:\/\/devaharmony.com\/pl\/sklep\/ginger-odpornosc-60-kapsulek-vanan\/#primaryimage\"},\"image\":{\"@id\":\"https:\/\/devaharmony.com\/pl\/sklep\/ginger-odpornosc-60-kapsulek-vanan\/#primaryimage\"},\"thumbnailUrl\":\"https:\/\/devaharmony.com\/pl\/wp-content\/uploads\/2025\/03\/Ginger-Vanan.png\",\"datePublished\":\"2025-03-26T10:41:23+00:00\",\"dateModified\":\"2026-03-31T09:12:17+00:00\",\"breadcrumb\":{\"@id\":\"https:\/\/devaharmony.com\/pl\/sklep\/ginger-odpornosc-60-kapsulek-vanan\/#breadcrumb\"},\"inLanguage\":\"pl-PL\",\"potentialAction\":[{\"@type\":\"ReadAction\",\"target\":[\"https:\/\/devaharmony.com\/pl\/sklep\/ginger-odpornosc-60-kapsulek-vanan\/\"]}]},{\"@type\":\"ImageObject\",\"inLanguage\":\"pl-PL\",\"@id\":\"https:\/\/devaharmony.com\/pl\/sklep\/ginger-odpornosc-60-kapsulek-vanan\/#primaryimage\",\"url\":\"https:\/\/devaharmony.com\/pl\/wp-content\/uploads\/2025\/03\/Ginger-Vanan.png\",\"contentUrl\":\"https:\/\/devaharmony.com\/pl\/wp-content\/uploads\/2025\/03\/Ginger-Vanan.png\",\"width\":1080,\"height\":1080},{\"@type\":\"BreadcrumbList\",\"@id\":\"https:\/\/devaharmony.com\/pl\/sklep\/ginger-odpornosc-60-kapsulek-vanan\/#breadcrumb\",\"itemListElement\":[{\"@type\":\"ListItem\",\"position\":1,\"name\":\"Strona g\u0142\u00f3wna\",\"item\":\"https:\/\/devaharmony.com\/pl\/\"},{\"@type\":\"ListItem\",\"position\":2,\"name\":\"Produkty Ajurwedyjskie\",\"item\":\"https:\/\/devaharmony.com\/pl\/produkty-ajurwedyjskie\/\"},{\"@type\":\"ListItem\",\"position\":3,\"name\":\"Ginger &#8211; imbir &#8211; odporno\u015b\u0107 &#8211; 60 kapsu\u0142ek | Vanan\"}]},{\"@type\":\"WebSite\",\"@id\":\"https:\/\/devaharmony.com\/pl\/#website\",\"url\":\"https:\/\/devaharmony.com\/pl\/\",\"name\":\"Deva Harmony Polska\",\"description\":\"Ajurwedyjskie Suplementy Diety\",\"potentialAction\":[{\"@type\":\"SearchAction\",\"target\":{\"@type\":\"EntryPoint\",\"urlTemplate\":\"https:\/\/devaharmony.com\/pl\/?s={search_term_string}\"},\"query-input\":\"required name=search_term_string\"}],\"inLanguage\":\"pl-PL\"}]}<\/script>\n<!-- \/ Yoast SEO plugin. -->","yoast_head_json":{"title":"Ginger - imbir - odporno\u015b\u0107 - 60 kapsu\u0142ek | Vanan - Deva Harmony Polska","robots":{"index":"index","follow":"follow","max-snippet":"max-snippet:-1","max-image-preview":"max-image-preview:large","max-video-preview":"max-video-preview:-1"},"canonical":"https:\/\/devaharmony.com\/pl\/sklep\/ginger-odpornosc-60-kapsulek-vanan\/","og_locale":"pl_PL","og_type":"article","og_title":"Ginger - imbir - odporno\u015b\u0107 - 60 kapsu\u0142ek | Vanan - Deva Harmony Polska","og_description":"Dodaj energii, wzmocnij odporno\u015b\u0107 \u2013 wybierz Vanan Ginger.  \u00a0   Wspomaga trawienie  Wzmacnia odporno\u015b\u0107  \u0141agodzi md\u0142o\u015bci  Wspiera uk\u0142ad oddechowy  Reguluje poziom cukru we krwi  Oczyszcza organizm  Poprawia kr\u0105\u017cenie   Produkt: 100 % wega\u0144ski, bez alergen\u00f3w Pojemno\u015b\u0107: 60 kapsu\u0142ek 1 opakowanie wystarcza na 2 miesi\u0105ce stosowania \u00a0","og_url":"https:\/\/devaharmony.com\/pl\/sklep\/ginger-odpornosc-60-kapsulek-vanan\/","og_site_name":"Deva Harmony Polska","article_modified_time":"2026-03-31T09:12:17+00:00","og_image":[{"width":1080,"height":1080,"url":"https:\/\/devaharmony.com\/pl\/wp-content\/uploads\/2025\/03\/Ginger-Vanan.png","type":"image\/png"}],"twitter_card":"summary_large_image","twitter_misc":{"Szacowany czas czytania":"2 minuty"},"schema":{"@context":"https:\/\/schema.org","@graph":[{"@type":"WebPage","@id":"https:\/\/devaharmony.com\/pl\/sklep\/ginger-odpornosc-60-kapsulek-vanan\/","url":"https:\/\/devaharmony.com\/pl\/sklep\/ginger-odpornosc-60-kapsulek-vanan\/","name":"Ginger - imbir - odporno\u015b\u0107 - 60 kapsu\u0142ek | Vanan - Deva Harmony Polska","isPartOf":{"@id":"https:\/\/devaharmony.com\/pl\/#website"},"primaryImageOfPage":{"@id":"https:\/\/devaharmony.com\/pl\/sklep\/ginger-odpornosc-60-kapsulek-vanan\/#primaryimage"},"image":{"@id":"https:\/\/devaharmony.com\/pl\/sklep\/ginger-odpornosc-60-kapsulek-vanan\/#primaryimage"},"thumbnailUrl":"https:\/\/devaharmony.com\/pl\/wp-content\/uploads\/2025\/03\/Ginger-Vanan.png","datePublished":"2025-03-26T10:41:23+00:00","dateModified":"2026-03-31T09:12:17+00:00","breadcrumb":{"@id":"https:\/\/devaharmony.com\/pl\/sklep\/ginger-odpornosc-60-kapsulek-vanan\/#breadcrumb"},"inLanguage":"pl-PL","potentialAction":[{"@type":"ReadAction","target":["https:\/\/devaharmony.com\/pl\/sklep\/ginger-odpornosc-60-kapsulek-vanan\/"]}]},{"@type":"ImageObject","inLanguage":"pl-PL","@id":"https:\/\/devaharmony.com\/pl\/sklep\/ginger-odpornosc-60-kapsulek-vanan\/#primaryimage","url":"https:\/\/devaharmony.com\/pl\/wp-content\/uploads\/2025\/03\/Ginger-Vanan.png","contentUrl":"https:\/\/devaharmony.com\/pl\/wp-content\/uploads\/2025\/03\/Ginger-Vanan.png","width":1080,"height":1080},{"@type":"BreadcrumbList","@id":"https:\/\/devaharmony.com\/pl\/sklep\/ginger-odpornosc-60-kapsulek-vanan\/#breadcrumb","itemListElement":[{"@type":"ListItem","position":1,"name":"Strona g\u0142\u00f3wna","item":"https:\/\/devaharmony.com\/pl\/"},{"@type":"ListItem","position":2,"name":"Produkty Ajurwedyjskie","item":"https:\/\/devaharmony.com\/pl\/produkty-ajurwedyjskie\/"},{"@type":"ListItem","position":3,"name":"Ginger &#8211; imbir &#8211; odporno\u015b\u0107 &#8211; 60 kapsu\u0142ek | Vanan"}]},{"@type":"WebSite","@id":"https:\/\/devaharmony.com\/pl\/#website","url":"https:\/\/devaharmony.com\/pl\/","name":"Deva Harmony Polska","description":"Ajurwedyjskie Suplementy Diety","potentialAction":[{"@type":"SearchAction","target":{"@type":"EntryPoint","urlTemplate":"https:\/\/devaharmony.com\/pl\/?s={search_term_string}"},"query-input":"required name=search_term_string"}],"inLanguage":"pl-PL"}]}},"_links":{"self":[{"href":"https:\/\/devaharmony.com\/pl\/wp-json\/wp\/v2\/product\/44041","targetHints":{"allow":["GET"]}}],"collection":[{"href":"https:\/\/devaharmony.com\/pl\/wp-json\/wp\/v2\/product"}],"about":[{"href":"https:\/\/devaharmony.com\/pl\/wp-json\/wp\/v2\/types\/product"}],"wp:featuredmedia":[{"embeddable":true,"href":"https:\/\/devaharmony.com\/pl\/wp-json\/wp\/v2\/media\/45066"}],"wp:attachment":[{"href":"https:\/\/devaharmony.com\/pl\/wp-json\/wp\/v2\/media?parent=44041"}],"wp:term":[{"taxonomy":"product_brand","embeddable":true,"href":"https:\/\/devaharmony.com\/pl\/wp-json\/wp\/v2\/product_brand?post=44041"},{"taxonomy":"product_cat","embeddable":true,"href":"https:\/\/devaharmony.com\/pl\/wp-json\/wp\/v2\/product_cat?post=44041"},{"taxonomy":"product_tag","embeddable":true,"href":"https:\/\/devaharmony.com\/pl\/wp-json\/wp\/v2\/product_tag?post=44041"}],"curies":[{"name":"wp","href":"https:\/\/api.w.org\/{rel}","templated":true}]}}