{"id":44036,"date":"2025-03-25T14:05:15","date_gmt":"2025-03-25T13:05:15","guid":{"rendered":"https:\/\/devaharmony.com\/pl\/sklep\/moringa-uklad-ruchu-i-regenracja-60-sztuk-vanan\/"},"modified":"2026-04-15T11:22:13","modified_gmt":"2026-04-15T10:22:13","slug":"moringa-uklad-ruchu-i-regenracja-60-sztuk-vanan","status":"publish","type":"product","link":"https:\/\/devaharmony.com\/pl\/sklep\/moringa-uklad-ruchu-i-regenracja-60-sztuk-vanan\/","title":{"rendered":"Moringa &#8211; uk\u0142ad ruchu i regeneracja &#8211; 60 kapsu\u0142ek | Vanan"},"content":{"rendered":"<p>Poznaj si\u0142\u0119 Moringa oleifera \u2013 nazywanej \u201edrzewem \u017cycia\u201d \u2013 w wygodnej formie kapsu\u0142ek od Vanan! Ten superfood to prawdziwa skarbnica witamin, minera\u0142\u00f3w, aminokwas\u00f3w, beta-karotenu oraz niezb\u0119dnych kwas\u00f3w t\u0142uszczowych Omega-3 i Omega-6.<\/p>\n<p>&nbsp;<\/p>\n<p>Kapsu\u0142ki Vanan Moringa to wszechstronne wsparcie dla zdrowia \u2013 od wzmocnienia ko\u015bci dzi\u0119ki wysokiej zawarto\u015bci wapnia, po ulg\u0119 w b\u00f3lach staw\u00f3w dzi\u0119ki dzia\u0142aniu przeciwzapalnemu i antyoksydacyjnemu.<\/p>\n<p>&nbsp;<\/p>\n<p>Ka\u017cda kapsu\u0142ka zosta\u0142a opracowana z precyzj\u0105 \u2013 gwarantuj\u0105c idealn\u0105 porcj\u0119 sk\u0142adnik\u00f3w od\u017cywczych, a ka\u017cda partia produktu przechodzi zaawansowane testy jako\u015bci, w tym chromatografi\u0119, by zapewni\u0107 czysto\u015b\u0107, skuteczno\u015b\u0107 i pe\u0142ne bezpiecze\u0144stwo stosowania.<\/p>\n<p>&nbsp;<\/p>\n<p><b>Dodaj energii, wzmocnij odporno\u015b\u0107 \u2013 wybierz Vanan Moringa.<\/b><\/p>\n<p>&nbsp;<\/p>\n<p><b>Bez sztucznych konserwant\u00f3w, aromat\u00f3wi substancji zapachowych<\/b><\/p>\n<p><b>Bez cukru, soli, dro\u017cd\u017cy, pszenicy,soi, glutenu i nabia\u0142u<\/b><\/p>\n<p><b>Certyfikaty: Wega\u0144ski, koszerny, Halal, GMP<\/b><\/p>\n<p>&nbsp;<\/p>\n<p><b>\u00a0<\/b><\/p>\n<p><b>Produkt w 100% wega\u0144ski<\/b><\/p>\n<p><b>Produkt standaryzowany DER<\/b><\/p>\n<p><b>Zalecana porcja dzienna:<\/b> 1 kapsu\u0142ka<\/p>\n<p><b>Pojemno\u015b\u0107:<\/b> 60 kapsu\u0142ek<\/p>\n<p><b>\u00a0<\/b><\/p>\n<p><b>Producent: APEX LABORATORIES PRIVATE LTD,<\/b><\/p>\n<p><b>Kraj pochodzenia: Indie<\/b><\/p>\n<p>&nbsp;<\/p>\n<p>*Nie nale\u017cy przekracza\u0107 zalecanej porcji dziennej do spo\u017cycia. Suplement diety nie mo\u017ce by\u0107 stosowany jako substytut (zamiennik) zr\u00f3\u017cnicowanej diety. Nale\u017cy przestrzega\u0107 zdrowego trybu \u017cycia i zr\u00f3wnowa\u017conego sposobu \u017cywienia. Nie stosowa\u0107 w przypadku nadwra\u017cliwo\u015bci na sk\u0142adniki preparatu. Produkt nie jest przeznaczony dla dzieci, kobiet w ci\u0105\u017cy ani karmi\u0105cych.<\/p>\n<p>*Produkt bez GMO.<\/p>\n<p>*Przechowywa\u0107 w spos\u00f3b niedost\u0119pnydla ma\u0142ych dzieci. Chroni\u0107 przed \u015bwiat\u0142em i wilgoci\u0105.<\/p>\n<p>*Opisany produkt jest suplementem diety, nie jest produktem leczniczym, kt\u00f3remu przypisuje si\u0119 w\u0142a\u015bciwo\u015bci zapobiegania lub leczenie chor\u00f3b wyst\u0119puj\u0105cych u ludzi.<\/p>\n<p>*Przyjmowanie preparat\u00f3w zio\u0142owych najlepiej skonsultowa\u0107 z lekarzem lub farmaceut\u0105, poniewa\u017c dob\u00f3r odpowiedniego preparatu ro\u015blinnego wymaga r\u00f3wnie du\u017cej wiedzy, co w przypadku preparatu chemicznego. Nale\u017cy pami\u0119ta\u0107, \u017ce preparaty ro\u015blinne mog\u0105 wchodzi\u0107 w interakcje z przyjmowanymi lekami i mog\u0105 stanowi\u0107 zagro\u017cenie dla zdrowia. Niekt\u00f3re preparaty zio\u0142owe mog\u0105 wywo\u0142a\u0107 silne dzia\u0142anie, dlatego nale\u017cy przestrzega\u0107 wszystkich zalece\u0144 i ogranicze\u0144 podanych przez producenta. Szczeg\u00f3ln\u0105 ostro\u017cno\u015b\u0107 przy ich stosowaniu musz\u0105 zachowa\u0107 matki karmi\u0105ce i kobiety w ci\u0105\u017cy.<\/p>\n","protected":false},"excerpt":{"rendered":"<p><b>Moringa \u2013 naturalna bomba od\u017cywcza dla Twojego organizmu!<\/b><\/p>\n<ul>\n<li>Wzmocnienie odporno\u015bci<\/li>\n<li>\u00a0Poprawa koncentracji i og\u00f3lnego samopoczucia<\/li>\n<li>\u00a0Dzia\u0142anie przeciwzapalne<\/li>\n<li>Wspomaganie metabolizmu<\/li>\n<\/ul>\n<div><\/div>\n<div><span style=\"font-size: 13px;\"><b>Produkt: 100 % wega\u0144ski, bez alergen\u00f3w<\/b><\/span><\/div>\n<div>\n<div><span style=\"font-size: 13px;\"><b>Pojemno\u015b\u0107: <\/b>60 kapsu\u0142ek<\/span><\/div>\n<div><span style=\"font-size: 13px;\"><b>1 opakowanie wystarcza na 2 miesi\u0105ce stosowania\u00a0<\/b><\/span><\/div>\n<\/div>\n<p>&nbsp;<\/p>\n","protected":false},"featured_media":44787,"template":"","meta":{"_editorskit_title_hidden":false,"_editorskit_reading_time":0,"_editorskit_is_block_options_detached":false,"_editorskit_block_options_position":"{}"},"product_brand":[],"product_cat":[46,47,645,631,472,499,505,491,18,500,470,456,35,629],"product_tag":[],"class_list":{"0":"post-44036","1":"product","2":"type-product","3":"status-publish","4":"has-post-thumbnail","6":"product_cat-dla-diabetykow","7":"product_cat-dobre-samopoczucie","8":"product_cat-green-week","9":"product_cat-idealne-na-lato-","10":"product_cat-kapha","11":"product_cat-marki","12":"product_cat-nowosci","13":"product_cat-przeznaczenie-produktow","14":"product_cat-suplementy","15":"product_cat-vanan","16":"product_cat-vata","17":"product_cat-ziola-ajurwedyjskie","18":"product_cat-ziola","19":"product_cat-wiosenna-promocja","21":"first","22":"instock","23":"taxable","24":"shipping-taxable","25":"purchasable","26":"product-type-simple","27":"add-to-wishlist-before_image"},"acf":{"ilosc_sztuk_w_pudelku":"","ilosc_pudelek_w_kartonie":"","wykluczyc_z_szybkich_zakupow":""},"yoast_head":"<!-- This site is optimized with the Yoast SEO plugin v23.1 - https:\/\/yoast.com\/wordpress\/plugins\/seo\/ -->\n<title>Moringa - uk\u0142ad ruchu i regeneracja - 60 kapsu\u0142ek | Vanan - Deva Harmony Polska<\/title>\n<meta name=\"robots\" content=\"index, follow, max-snippet:-1, max-image-preview:large, max-video-preview:-1\" \/>\n<link rel=\"canonical\" href=\"https:\/\/devaharmony.com\/pl\/sklep\/moringa-uklad-ruchu-i-regenracja-60-sztuk-vanan\/\" \/>\n<meta property=\"og:locale\" content=\"pl_PL\" \/>\n<meta property=\"og:type\" content=\"article\" \/>\n<meta property=\"og:title\" content=\"Moringa - uk\u0142ad ruchu i regeneracja - 60 kapsu\u0142ek | Vanan - Deva Harmony Polska\" \/>\n<meta property=\"og:description\" content=\"Moringa \u2013 naturalna bomba od\u017cywcza dla Twojego organizmu!   Wzmocnienie odporno\u015bci  \u00a0Poprawa koncentracji i og\u00f3lnego samopoczucia  \u00a0Dzia\u0142anie przeciwzapalne  Wspomaganie metabolizmu   Produkt: 100 % wega\u0144ski, bez alergen\u00f3w  Pojemno\u015b\u0107: 60 kapsu\u0142ek 1 opakowanie wystarcza na 2 miesi\u0105ce stosowania\u00a0  &nbsp;\" \/>\n<meta property=\"og:url\" content=\"https:\/\/devaharmony.com\/pl\/sklep\/moringa-uklad-ruchu-i-regenracja-60-sztuk-vanan\/\" \/>\n<meta property=\"og:site_name\" content=\"Deva Harmony Polska\" \/>\n<meta property=\"article:modified_time\" content=\"2026-04-15T10:22:13+00:00\" \/>\n<meta property=\"og:image\" content=\"https:\/\/devaharmony.com\/pl\/wp-content\/uploads\/2025\/03\/Moringa-Vanan.png\" \/>\n\t<meta property=\"og:image:width\" content=\"1080\" \/>\n\t<meta property=\"og:image:height\" content=\"1080\" \/>\n\t<meta property=\"og:image:type\" content=\"image\/png\" \/>\n<meta name=\"twitter:card\" content=\"summary_large_image\" \/>\n<meta name=\"twitter:label1\" content=\"Szacowany czas czytania\" \/>\n\t<meta name=\"twitter:data1\" content=\"2 minuty\" \/>\n<script type=\"application\/ld+json\" class=\"yoast-schema-graph\">{\"@context\":\"https:\/\/schema.org\",\"@graph\":[{\"@type\":\"WebPage\",\"@id\":\"https:\/\/devaharmony.com\/pl\/sklep\/moringa-uklad-ruchu-i-regenracja-60-sztuk-vanan\/\",\"url\":\"https:\/\/devaharmony.com\/pl\/sklep\/moringa-uklad-ruchu-i-regenracja-60-sztuk-vanan\/\",\"name\":\"Moringa - uk\u0142ad ruchu i regeneracja - 60 kapsu\u0142ek | Vanan - Deva Harmony Polska\",\"isPartOf\":{\"@id\":\"https:\/\/devaharmony.com\/pl\/#website\"},\"primaryImageOfPage\":{\"@id\":\"https:\/\/devaharmony.com\/pl\/sklep\/moringa-uklad-ruchu-i-regenracja-60-sztuk-vanan\/#primaryimage\"},\"image\":{\"@id\":\"https:\/\/devaharmony.com\/pl\/sklep\/moringa-uklad-ruchu-i-regenracja-60-sztuk-vanan\/#primaryimage\"},\"thumbnailUrl\":\"https:\/\/devaharmony.com\/pl\/wp-content\/uploads\/2025\/03\/Moringa-Vanan.png\",\"datePublished\":\"2025-03-25T13:05:15+00:00\",\"dateModified\":\"2026-04-15T10:22:13+00:00\",\"breadcrumb\":{\"@id\":\"https:\/\/devaharmony.com\/pl\/sklep\/moringa-uklad-ruchu-i-regenracja-60-sztuk-vanan\/#breadcrumb\"},\"inLanguage\":\"pl-PL\",\"potentialAction\":[{\"@type\":\"ReadAction\",\"target\":[\"https:\/\/devaharmony.com\/pl\/sklep\/moringa-uklad-ruchu-i-regenracja-60-sztuk-vanan\/\"]}]},{\"@type\":\"ImageObject\",\"inLanguage\":\"pl-PL\",\"@id\":\"https:\/\/devaharmony.com\/pl\/sklep\/moringa-uklad-ruchu-i-regenracja-60-sztuk-vanan\/#primaryimage\",\"url\":\"https:\/\/devaharmony.com\/pl\/wp-content\/uploads\/2025\/03\/Moringa-Vanan.png\",\"contentUrl\":\"https:\/\/devaharmony.com\/pl\/wp-content\/uploads\/2025\/03\/Moringa-Vanan.png\",\"width\":1080,\"height\":1080},{\"@type\":\"BreadcrumbList\",\"@id\":\"https:\/\/devaharmony.com\/pl\/sklep\/moringa-uklad-ruchu-i-regenracja-60-sztuk-vanan\/#breadcrumb\",\"itemListElement\":[{\"@type\":\"ListItem\",\"position\":1,\"name\":\"Strona g\u0142\u00f3wna\",\"item\":\"https:\/\/devaharmony.com\/pl\/\"},{\"@type\":\"ListItem\",\"position\":2,\"name\":\"Produkty Ajurwedyjskie\",\"item\":\"https:\/\/devaharmony.com\/pl\/produkty-ajurwedyjskie\/\"},{\"@type\":\"ListItem\",\"position\":3,\"name\":\"Moringa &#8211; uk\u0142ad ruchu i regeneracja &#8211; 60 kapsu\u0142ek | Vanan\"}]},{\"@type\":\"WebSite\",\"@id\":\"https:\/\/devaharmony.com\/pl\/#website\",\"url\":\"https:\/\/devaharmony.com\/pl\/\",\"name\":\"Deva Harmony Polska\",\"description\":\"Ajurwedyjskie Suplementy Diety\",\"potentialAction\":[{\"@type\":\"SearchAction\",\"target\":{\"@type\":\"EntryPoint\",\"urlTemplate\":\"https:\/\/devaharmony.com\/pl\/?s={search_term_string}\"},\"query-input\":\"required name=search_term_string\"}],\"inLanguage\":\"pl-PL\"}]}<\/script>\n<!-- \/ Yoast SEO plugin. -->","yoast_head_json":{"title":"Moringa - uk\u0142ad ruchu i regeneracja - 60 kapsu\u0142ek | Vanan - Deva Harmony Polska","robots":{"index":"index","follow":"follow","max-snippet":"max-snippet:-1","max-image-preview":"max-image-preview:large","max-video-preview":"max-video-preview:-1"},"canonical":"https:\/\/devaharmony.com\/pl\/sklep\/moringa-uklad-ruchu-i-regenracja-60-sztuk-vanan\/","og_locale":"pl_PL","og_type":"article","og_title":"Moringa - uk\u0142ad ruchu i regeneracja - 60 kapsu\u0142ek | Vanan - Deva Harmony Polska","og_description":"Moringa \u2013 naturalna bomba od\u017cywcza dla Twojego organizmu!   Wzmocnienie odporno\u015bci  \u00a0Poprawa koncentracji i og\u00f3lnego samopoczucia  \u00a0Dzia\u0142anie przeciwzapalne  Wspomaganie metabolizmu   Produkt: 100 % wega\u0144ski, bez alergen\u00f3w  Pojemno\u015b\u0107: 60 kapsu\u0142ek 1 opakowanie wystarcza na 2 miesi\u0105ce stosowania\u00a0  &nbsp;","og_url":"https:\/\/devaharmony.com\/pl\/sklep\/moringa-uklad-ruchu-i-regenracja-60-sztuk-vanan\/","og_site_name":"Deva Harmony Polska","article_modified_time":"2026-04-15T10:22:13+00:00","og_image":[{"width":1080,"height":1080,"url":"https:\/\/devaharmony.com\/pl\/wp-content\/uploads\/2025\/03\/Moringa-Vanan.png","type":"image\/png"}],"twitter_card":"summary_large_image","twitter_misc":{"Szacowany czas czytania":"2 minuty"},"schema":{"@context":"https:\/\/schema.org","@graph":[{"@type":"WebPage","@id":"https:\/\/devaharmony.com\/pl\/sklep\/moringa-uklad-ruchu-i-regenracja-60-sztuk-vanan\/","url":"https:\/\/devaharmony.com\/pl\/sklep\/moringa-uklad-ruchu-i-regenracja-60-sztuk-vanan\/","name":"Moringa - uk\u0142ad ruchu i regeneracja - 60 kapsu\u0142ek | Vanan - Deva Harmony Polska","isPartOf":{"@id":"https:\/\/devaharmony.com\/pl\/#website"},"primaryImageOfPage":{"@id":"https:\/\/devaharmony.com\/pl\/sklep\/moringa-uklad-ruchu-i-regenracja-60-sztuk-vanan\/#primaryimage"},"image":{"@id":"https:\/\/devaharmony.com\/pl\/sklep\/moringa-uklad-ruchu-i-regenracja-60-sztuk-vanan\/#primaryimage"},"thumbnailUrl":"https:\/\/devaharmony.com\/pl\/wp-content\/uploads\/2025\/03\/Moringa-Vanan.png","datePublished":"2025-03-25T13:05:15+00:00","dateModified":"2026-04-15T10:22:13+00:00","breadcrumb":{"@id":"https:\/\/devaharmony.com\/pl\/sklep\/moringa-uklad-ruchu-i-regenracja-60-sztuk-vanan\/#breadcrumb"},"inLanguage":"pl-PL","potentialAction":[{"@type":"ReadAction","target":["https:\/\/devaharmony.com\/pl\/sklep\/moringa-uklad-ruchu-i-regenracja-60-sztuk-vanan\/"]}]},{"@type":"ImageObject","inLanguage":"pl-PL","@id":"https:\/\/devaharmony.com\/pl\/sklep\/moringa-uklad-ruchu-i-regenracja-60-sztuk-vanan\/#primaryimage","url":"https:\/\/devaharmony.com\/pl\/wp-content\/uploads\/2025\/03\/Moringa-Vanan.png","contentUrl":"https:\/\/devaharmony.com\/pl\/wp-content\/uploads\/2025\/03\/Moringa-Vanan.png","width":1080,"height":1080},{"@type":"BreadcrumbList","@id":"https:\/\/devaharmony.com\/pl\/sklep\/moringa-uklad-ruchu-i-regenracja-60-sztuk-vanan\/#breadcrumb","itemListElement":[{"@type":"ListItem","position":1,"name":"Strona g\u0142\u00f3wna","item":"https:\/\/devaharmony.com\/pl\/"},{"@type":"ListItem","position":2,"name":"Produkty Ajurwedyjskie","item":"https:\/\/devaharmony.com\/pl\/produkty-ajurwedyjskie\/"},{"@type":"ListItem","position":3,"name":"Moringa &#8211; uk\u0142ad ruchu i regeneracja &#8211; 60 kapsu\u0142ek | Vanan"}]},{"@type":"WebSite","@id":"https:\/\/devaharmony.com\/pl\/#website","url":"https:\/\/devaharmony.com\/pl\/","name":"Deva Harmony Polska","description":"Ajurwedyjskie Suplementy Diety","potentialAction":[{"@type":"SearchAction","target":{"@type":"EntryPoint","urlTemplate":"https:\/\/devaharmony.com\/pl\/?s={search_term_string}"},"query-input":"required name=search_term_string"}],"inLanguage":"pl-PL"}]}},"_links":{"self":[{"href":"https:\/\/devaharmony.com\/pl\/wp-json\/wp\/v2\/product\/44036","targetHints":{"allow":["GET"]}}],"collection":[{"href":"https:\/\/devaharmony.com\/pl\/wp-json\/wp\/v2\/product"}],"about":[{"href":"https:\/\/devaharmony.com\/pl\/wp-json\/wp\/v2\/types\/product"}],"wp:featuredmedia":[{"embeddable":true,"href":"https:\/\/devaharmony.com\/pl\/wp-json\/wp\/v2\/media\/44787"}],"wp:attachment":[{"href":"https:\/\/devaharmony.com\/pl\/wp-json\/wp\/v2\/media?parent=44036"}],"wp:term":[{"taxonomy":"product_brand","embeddable":true,"href":"https:\/\/devaharmony.com\/pl\/wp-json\/wp\/v2\/product_brand?post=44036"},{"taxonomy":"product_cat","embeddable":true,"href":"https:\/\/devaharmony.com\/pl\/wp-json\/wp\/v2\/product_cat?post=44036"},{"taxonomy":"product_tag","embeddable":true,"href":"https:\/\/devaharmony.com\/pl\/wp-json\/wp\/v2\/product_tag?post=44036"}],"curies":[{"name":"wp","href":"https:\/\/api.w.org\/{rel}","templated":true}]}}