{"id":44034,"date":"2025-03-25T13:12:56","date_gmt":"2025-03-25T12:12:56","guid":{"rendered":"https:\/\/devaharmony.com\/pl\/sklep\/aloe-vera-odpornosc-i-trawienie-60-kapsulek-vanan\/"},"modified":"2026-03-11T07:05:21","modified_gmt":"2026-03-11T06:05:21","slug":"aloe-vera-odpornosc-i-trawienie-60-kapsulek-vanan","status":"publish","type":"product","link":"https:\/\/devaharmony.com\/pl\/sklep\/aloe-vera-odpornosc-i-trawienie-60-kapsulek-vanan\/","title":{"rendered":"Aloe Vera &#8211; Aloes &#8211; odporno\u015b\u0107 i trawienie &#8211; 60 kapsu\u0142ek | Vanan"},"content":{"rendered":"<p>Odkryj moc natury zamkni\u0119t\u0105 w kapsu\u0142kach <b>Vanan Aloe Vera <\/b>\u2013 suplementu, kt\u00f3ry wspiera Tw\u00f3j organizm od wewn\u0105trz, ka\u017cdego dnia! Dzi\u0119ki wyj\u0105tkowym w\u0142a\u015bciwo\u015bciom aloesu, nasze kapsu\u0142ki dzia\u0142aj\u0105 przeciwzapalnie, wspomagaj\u0105 trawienie, chroni\u0105 uk\u0142ad pokarmowy i naturalnie reguluj\u0105 poziom cukru we krwi. Dodatkowo wspieraj\u0105 oczyszczanie w\u0105troby i nerek \u2013 wszystko to w jednej, wygodnej formie!<\/p>\n<p>&nbsp;<\/p>\n<p>To, co wyr\u00f3\u017cnia Vanan Aloe Vera, to nie tylko jako\u015b\u0107, ale i technologia. Dzi\u0119ki zaawansowanemu procesowi ekstrakcji zachowujemy maksimum cennych fitosk\u0142adnik\u00f3w, a ka\u017cda partia produktu przechodzi rygorystyczne testy jako\u015bci \u2013 w tym nowoczesne analizy chromatograficzne \u2013 kt\u00f3re gwarantuj\u0105 skuteczno\u015b\u0107, czysto\u015b\u0107 i bezpiecze\u0144stwo.<\/p>\n<p>Wzbogacone o naturalne przeciwutleniacze kapsu\u0142ki Vanan pomagaj\u0105 w walce z wolnymi rodnikami, wzmacniaj\u0105 odporno\u015b\u0107 i wspieraj\u0105 organizm w codziennych wyzwaniach.<\/p>\n<p>&nbsp;<\/p>\n<p><b>Poczuj r\u00f3\u017cnic\u0119. Zadbaj o siebie z Vanan Aloe Vera. Naturalnie.\u00a0<\/b><\/p>\n<p><b>\u00a0<\/b><\/p>\n<p><b>Bez sztucznych konserwant\u00f3w, aromat\u00f3wi substancji zapachowych<\/b><\/p>\n<p><b>Bez cukru, soli, dro\u017cd\u017cy, pszenicy,soi, glutenu i nabia\u0142u<\/b><\/p>\n<p><b>Certyfikaty: Wega\u0144ski, koszerny, Halal, GMP<\/b><\/p>\n<p>&nbsp;<\/p>\n<p><b>Produkt w 100% wega\u0144ski<\/b><\/p>\n<p>&nbsp;<\/p>\n<p><b>Produkt standaryzowany DER<\/b><\/p>\n<p><b>Zalecana porcja dzienna: 1 kapsu\u0142ka<\/b><\/p>\n<p><b>Pojemno\u015b\u0107: 60 kapsu\u0142ek<\/b><\/p>\n<p><b>Producent:\u00a0<\/b>APEX LABORATORIES PRIVATE LTD,<\/p>\n<p><b>Kraj pochodzenia: Indie<\/b><\/p>\n<p>&nbsp;<\/p>\n<p>*Nie nale\u017cy przekracza\u0107 zalecanej porcji dziennej do spo\u017cycia. Suplement diety nie mo\u017ce by\u0107 stosowany jako substytut (zamiennik) zr\u00f3\u017cnicowanej diety. Nale\u017cy przestrzega\u0107 zdrowego trybu \u017cycia i zr\u00f3wnowa\u017conego sposobu \u017cywienia. Nie stosowa\u0107 w przypadku nadwra\u017cliwo\u015bci na sk\u0142adniki preparatu. Produkt nie jest przeznaczony dla dzieci, kobiet w ci\u0105\u017cy ani karmi\u0105cych.<\/p>\n<p>&nbsp;<\/p>\n<p>*Produkt bez GMO.<\/p>\n<p>&nbsp;<\/p>\n<p>*Przechowywa\u0107 w spos\u00f3b niedost\u0119pnydla ma\u0142ych dzieci. Chroni\u0107 przed \u015bwiat\u0142em i wilgoci\u0105.<\/p>\n<p>&nbsp;<\/p>\n<p>*Opisany produkt jest suplementem diety, nie jest produktem leczniczym, kt\u00f3remu przypisuje si\u0119 w\u0142a\u015bciwo\u015bci zapobiegania lub leczenie chor\u00f3b wyst\u0119puj\u0105cych u ludzi.<\/p>\n<p>&nbsp;<\/p>\n<p>*Przyjmowanie preparat\u00f3w zio\u0142owych najlepiej skonsultowa\u0107 z lekarzem lub farmaceut\u0105, poniewa\u017c dob\u00f3r odpowiedniego preparatu ro\u015blinnego wymaga r\u00f3wnie du\u017cej wiedzy, co w przypadku preparatu chemicznego. Nale\u017cy pami\u0119ta\u0107, \u017ce preparaty ro\u015blinne mog\u0105 wchodzi\u0107 w interakcje z przyjmowanymi lekami i mog\u0105 stanowi\u0107 zagro\u017cenie dla zdrowia. Niekt\u00f3re preparaty zio\u0142owe mog\u0105 wywo\u0142a\u0107 silne dzia\u0142anie, dlatego nale\u017cy przestrzega\u0107 wszystkich zalece\u0144 i ogranicze\u0144 podanych przez producenta. Szczeg\u00f3ln\u0105 ostro\u017cno\u015b\u0107 przy ich stosowaniu musz\u0105 zachowa\u0107 matki karmi\u0105ce i kobiety w ci\u0105\u017cy.<\/p>\n","protected":false},"excerpt":{"rendered":"<p><b>Vanan Aloe Vera \u2013 Twoja codzienna dawka natury i witalno\u015bci!<\/b><\/p>\n<ul>\n<li>Naturalna regulacja poziomu cukru we krwi<\/li>\n<li>Wsparcie pracy w\u0105troby i naturalne oczyszczanie organizmu<\/li>\n<li>Wspomaganie trawienia i zdrowia uk\u0142adu pokarmowego<\/li>\n<\/ul>\n<p>&nbsp;<\/p>\n<p><b>Produkt: 100 % wega\u0144ski, bez alergen\u00f3w<\/b><\/p>\n<p><b>Pojemno\u015b\u0107:<\/b> 60 kapsu\u0142ek<\/p>\n<p><b>1 opakowanie wystarcza na 2 miesi\u0105ce stosowania\u00a0<\/b><\/p>\n","protected":false},"featured_media":44789,"template":"","meta":{"_editorskit_title_hidden":false,"_editorskit_reading_time":0,"_editorskit_is_block_options_detached":false,"_editorskit_block_options_position":"{}"},"product_brand":[],"product_cat":[46,645,631,472,499,505,43,471,491,18,44,500,470,456,35,629],"product_tag":[],"class_list":{"0":"post-44034","1":"product","2":"type-product","3":"status-publish","4":"has-post-thumbnail","6":"product_cat-dla-diabetykow","7":"product_cat-green-week","8":"product_cat-idealne-na-lato-","9":"product_cat-kapha","10":"product_cat-marki","11":"product_cat-nowosci","12":"product_cat-odpornosc","13":"product_cat-pitta","14":"product_cat-przeznaczenie-produktow","15":"product_cat-suplementy","16":"product_cat-trawienie","17":"product_cat-vanan","18":"product_cat-vata","19":"product_cat-ziola-ajurwedyjskie","20":"product_cat-ziola","21":"product_cat-wiosenna-promocja","23":"first","24":"instock","25":"taxable","26":"shipping-taxable","27":"purchasable","28":"product-type-simple","29":"add-to-wishlist-before_image"},"acf":{"ilosc_sztuk_w_pudelku":"","ilosc_pudelek_w_kartonie":"","wykluczyc_z_szybkich_zakupow":""},"yoast_head":"<!-- This site is optimized with the Yoast SEO plugin v23.1 - https:\/\/yoast.com\/wordpress\/plugins\/seo\/ -->\n<title>Aloe Vera - Aloes - odporno\u015b\u0107 i trawienie - 60 kapsu\u0142ek | Vanan - Deva Harmony Polska<\/title>\n<meta name=\"robots\" content=\"index, follow, max-snippet:-1, max-image-preview:large, max-video-preview:-1\" \/>\n<link rel=\"canonical\" href=\"https:\/\/devaharmony.com\/pl\/sklep\/aloe-vera-odpornosc-i-trawienie-60-kapsulek-vanan\/\" \/>\n<meta property=\"og:locale\" content=\"pl_PL\" \/>\n<meta property=\"og:type\" content=\"article\" \/>\n<meta property=\"og:title\" content=\"Aloe Vera - Aloes - odporno\u015b\u0107 i trawienie - 60 kapsu\u0142ek | Vanan - Deva Harmony Polska\" \/>\n<meta property=\"og:description\" content=\"Vanan Aloe Vera \u2013 Twoja codzienna dawka natury i witalno\u015bci!   Naturalna regulacja poziomu cukru we krwi  Wsparcie pracy w\u0105troby i naturalne oczyszczanie organizmu  Wspomaganie trawienia i zdrowia uk\u0142adu pokarmowego  &nbsp;  Produkt: 100 % wega\u0144ski, bez alergen\u00f3w  Pojemno\u015b\u0107: 60 kapsu\u0142ek  1 opakowanie wystarcza na 2 miesi\u0105ce stosowania\u00a0\" \/>\n<meta property=\"og:url\" content=\"https:\/\/devaharmony.com\/pl\/sklep\/aloe-vera-odpornosc-i-trawienie-60-kapsulek-vanan\/\" \/>\n<meta property=\"og:site_name\" content=\"Deva Harmony Polska\" \/>\n<meta property=\"article:modified_time\" content=\"2026-03-11T06:05:21+00:00\" \/>\n<meta property=\"og:image\" content=\"https:\/\/devaharmony.com\/pl\/wp-content\/uploads\/2025\/03\/Aloe-Vera.png\" \/>\n\t<meta property=\"og:image:width\" content=\"1080\" \/>\n\t<meta property=\"og:image:height\" content=\"1080\" \/>\n\t<meta property=\"og:image:type\" content=\"image\/png\" \/>\n<meta name=\"twitter:card\" content=\"summary_large_image\" \/>\n<meta name=\"twitter:label1\" content=\"Szacowany czas czytania\" \/>\n\t<meta name=\"twitter:data1\" content=\"3 minuty\" \/>\n<script type=\"application\/ld+json\" class=\"yoast-schema-graph\">{\"@context\":\"https:\/\/schema.org\",\"@graph\":[{\"@type\":\"WebPage\",\"@id\":\"https:\/\/devaharmony.com\/pl\/sklep\/aloe-vera-odpornosc-i-trawienie-60-kapsulek-vanan\/\",\"url\":\"https:\/\/devaharmony.com\/pl\/sklep\/aloe-vera-odpornosc-i-trawienie-60-kapsulek-vanan\/\",\"name\":\"Aloe Vera - Aloes - odporno\u015b\u0107 i trawienie - 60 kapsu\u0142ek | Vanan - Deva Harmony Polska\",\"isPartOf\":{\"@id\":\"https:\/\/devaharmony.com\/pl\/#website\"},\"primaryImageOfPage\":{\"@id\":\"https:\/\/devaharmony.com\/pl\/sklep\/aloe-vera-odpornosc-i-trawienie-60-kapsulek-vanan\/#primaryimage\"},\"image\":{\"@id\":\"https:\/\/devaharmony.com\/pl\/sklep\/aloe-vera-odpornosc-i-trawienie-60-kapsulek-vanan\/#primaryimage\"},\"thumbnailUrl\":\"https:\/\/devaharmony.com\/pl\/wp-content\/uploads\/2025\/03\/Aloe-Vera.png\",\"datePublished\":\"2025-03-25T12:12:56+00:00\",\"dateModified\":\"2026-03-11T06:05:21+00:00\",\"breadcrumb\":{\"@id\":\"https:\/\/devaharmony.com\/pl\/sklep\/aloe-vera-odpornosc-i-trawienie-60-kapsulek-vanan\/#breadcrumb\"},\"inLanguage\":\"pl-PL\",\"potentialAction\":[{\"@type\":\"ReadAction\",\"target\":[\"https:\/\/devaharmony.com\/pl\/sklep\/aloe-vera-odpornosc-i-trawienie-60-kapsulek-vanan\/\"]}]},{\"@type\":\"ImageObject\",\"inLanguage\":\"pl-PL\",\"@id\":\"https:\/\/devaharmony.com\/pl\/sklep\/aloe-vera-odpornosc-i-trawienie-60-kapsulek-vanan\/#primaryimage\",\"url\":\"https:\/\/devaharmony.com\/pl\/wp-content\/uploads\/2025\/03\/Aloe-Vera.png\",\"contentUrl\":\"https:\/\/devaharmony.com\/pl\/wp-content\/uploads\/2025\/03\/Aloe-Vera.png\",\"width\":1080,\"height\":1080},{\"@type\":\"BreadcrumbList\",\"@id\":\"https:\/\/devaharmony.com\/pl\/sklep\/aloe-vera-odpornosc-i-trawienie-60-kapsulek-vanan\/#breadcrumb\",\"itemListElement\":[{\"@type\":\"ListItem\",\"position\":1,\"name\":\"Strona g\u0142\u00f3wna\",\"item\":\"https:\/\/devaharmony.com\/pl\/\"},{\"@type\":\"ListItem\",\"position\":2,\"name\":\"Produkty Ajurwedyjskie\",\"item\":\"https:\/\/devaharmony.com\/pl\/produkty-ajurwedyjskie\/\"},{\"@type\":\"ListItem\",\"position\":3,\"name\":\"Aloe Vera &#8211; Aloes &#8211; odporno\u015b\u0107 i trawienie &#8211; 60 kapsu\u0142ek | Vanan\"}]},{\"@type\":\"WebSite\",\"@id\":\"https:\/\/devaharmony.com\/pl\/#website\",\"url\":\"https:\/\/devaharmony.com\/pl\/\",\"name\":\"Deva Harmony Polska\",\"description\":\"Ajurwedyjskie Suplementy Diety\",\"potentialAction\":[{\"@type\":\"SearchAction\",\"target\":{\"@type\":\"EntryPoint\",\"urlTemplate\":\"https:\/\/devaharmony.com\/pl\/?s={search_term_string}\"},\"query-input\":\"required name=search_term_string\"}],\"inLanguage\":\"pl-PL\"}]}<\/script>\n<!-- \/ Yoast SEO plugin. -->","yoast_head_json":{"title":"Aloe Vera - Aloes - odporno\u015b\u0107 i trawienie - 60 kapsu\u0142ek | Vanan - Deva Harmony Polska","robots":{"index":"index","follow":"follow","max-snippet":"max-snippet:-1","max-image-preview":"max-image-preview:large","max-video-preview":"max-video-preview:-1"},"canonical":"https:\/\/devaharmony.com\/pl\/sklep\/aloe-vera-odpornosc-i-trawienie-60-kapsulek-vanan\/","og_locale":"pl_PL","og_type":"article","og_title":"Aloe Vera - Aloes - odporno\u015b\u0107 i trawienie - 60 kapsu\u0142ek | Vanan - Deva Harmony Polska","og_description":"Vanan Aloe Vera \u2013 Twoja codzienna dawka natury i witalno\u015bci!   Naturalna regulacja poziomu cukru we krwi  Wsparcie pracy w\u0105troby i naturalne oczyszczanie organizmu  Wspomaganie trawienia i zdrowia uk\u0142adu pokarmowego  &nbsp;  Produkt: 100 % wega\u0144ski, bez alergen\u00f3w  Pojemno\u015b\u0107: 60 kapsu\u0142ek  1 opakowanie wystarcza na 2 miesi\u0105ce stosowania\u00a0","og_url":"https:\/\/devaharmony.com\/pl\/sklep\/aloe-vera-odpornosc-i-trawienie-60-kapsulek-vanan\/","og_site_name":"Deva Harmony Polska","article_modified_time":"2026-03-11T06:05:21+00:00","og_image":[{"width":1080,"height":1080,"url":"https:\/\/devaharmony.com\/pl\/wp-content\/uploads\/2025\/03\/Aloe-Vera.png","type":"image\/png"}],"twitter_card":"summary_large_image","twitter_misc":{"Szacowany czas czytania":"3 minuty"},"schema":{"@context":"https:\/\/schema.org","@graph":[{"@type":"WebPage","@id":"https:\/\/devaharmony.com\/pl\/sklep\/aloe-vera-odpornosc-i-trawienie-60-kapsulek-vanan\/","url":"https:\/\/devaharmony.com\/pl\/sklep\/aloe-vera-odpornosc-i-trawienie-60-kapsulek-vanan\/","name":"Aloe Vera - Aloes - odporno\u015b\u0107 i trawienie - 60 kapsu\u0142ek | Vanan - Deva Harmony Polska","isPartOf":{"@id":"https:\/\/devaharmony.com\/pl\/#website"},"primaryImageOfPage":{"@id":"https:\/\/devaharmony.com\/pl\/sklep\/aloe-vera-odpornosc-i-trawienie-60-kapsulek-vanan\/#primaryimage"},"image":{"@id":"https:\/\/devaharmony.com\/pl\/sklep\/aloe-vera-odpornosc-i-trawienie-60-kapsulek-vanan\/#primaryimage"},"thumbnailUrl":"https:\/\/devaharmony.com\/pl\/wp-content\/uploads\/2025\/03\/Aloe-Vera.png","datePublished":"2025-03-25T12:12:56+00:00","dateModified":"2026-03-11T06:05:21+00:00","breadcrumb":{"@id":"https:\/\/devaharmony.com\/pl\/sklep\/aloe-vera-odpornosc-i-trawienie-60-kapsulek-vanan\/#breadcrumb"},"inLanguage":"pl-PL","potentialAction":[{"@type":"ReadAction","target":["https:\/\/devaharmony.com\/pl\/sklep\/aloe-vera-odpornosc-i-trawienie-60-kapsulek-vanan\/"]}]},{"@type":"ImageObject","inLanguage":"pl-PL","@id":"https:\/\/devaharmony.com\/pl\/sklep\/aloe-vera-odpornosc-i-trawienie-60-kapsulek-vanan\/#primaryimage","url":"https:\/\/devaharmony.com\/pl\/wp-content\/uploads\/2025\/03\/Aloe-Vera.png","contentUrl":"https:\/\/devaharmony.com\/pl\/wp-content\/uploads\/2025\/03\/Aloe-Vera.png","width":1080,"height":1080},{"@type":"BreadcrumbList","@id":"https:\/\/devaharmony.com\/pl\/sklep\/aloe-vera-odpornosc-i-trawienie-60-kapsulek-vanan\/#breadcrumb","itemListElement":[{"@type":"ListItem","position":1,"name":"Strona g\u0142\u00f3wna","item":"https:\/\/devaharmony.com\/pl\/"},{"@type":"ListItem","position":2,"name":"Produkty Ajurwedyjskie","item":"https:\/\/devaharmony.com\/pl\/produkty-ajurwedyjskie\/"},{"@type":"ListItem","position":3,"name":"Aloe Vera &#8211; Aloes &#8211; odporno\u015b\u0107 i trawienie &#8211; 60 kapsu\u0142ek | Vanan"}]},{"@type":"WebSite","@id":"https:\/\/devaharmony.com\/pl\/#website","url":"https:\/\/devaharmony.com\/pl\/","name":"Deva Harmony Polska","description":"Ajurwedyjskie Suplementy Diety","potentialAction":[{"@type":"SearchAction","target":{"@type":"EntryPoint","urlTemplate":"https:\/\/devaharmony.com\/pl\/?s={search_term_string}"},"query-input":"required name=search_term_string"}],"inLanguage":"pl-PL"}]}},"_links":{"self":[{"href":"https:\/\/devaharmony.com\/pl\/wp-json\/wp\/v2\/product\/44034","targetHints":{"allow":["GET"]}}],"collection":[{"href":"https:\/\/devaharmony.com\/pl\/wp-json\/wp\/v2\/product"}],"about":[{"href":"https:\/\/devaharmony.com\/pl\/wp-json\/wp\/v2\/types\/product"}],"wp:featuredmedia":[{"embeddable":true,"href":"https:\/\/devaharmony.com\/pl\/wp-json\/wp\/v2\/media\/44789"}],"wp:attachment":[{"href":"https:\/\/devaharmony.com\/pl\/wp-json\/wp\/v2\/media?parent=44034"}],"wp:term":[{"taxonomy":"product_brand","embeddable":true,"href":"https:\/\/devaharmony.com\/pl\/wp-json\/wp\/v2\/product_brand?post=44034"},{"taxonomy":"product_cat","embeddable":true,"href":"https:\/\/devaharmony.com\/pl\/wp-json\/wp\/v2\/product_cat?post=44034"},{"taxonomy":"product_tag","embeddable":true,"href":"https:\/\/devaharmony.com\/pl\/wp-json\/wp\/v2\/product_tag?post=44034"}],"curies":[{"name":"wp","href":"https:\/\/api.w.org\/{rel}","templated":true}]}}