{"id":43724,"date":"2025-03-05T11:58:12","date_gmt":"2025-03-05T10:58:12","guid":{"rendered":"https:\/\/devaharmony.com\/pl\/sklep\/pannir-rose-zel-do-mycia-twarzy-delikatne-nawilzenie-i-blask-100-ml-vanan\/"},"modified":"2026-03-24T11:05:56","modified_gmt":"2026-03-24T10:05:56","slug":"pannir-rose-zel-do-mycia-twarzy-delikatne-nawilzenie-i-blask-100-ml-vanan","status":"publish","type":"product","link":"https:\/\/devaharmony.com\/pl\/sklep\/pannir-rose-zel-do-mycia-twarzy-delikatne-nawilzenie-i-blask-100-ml-vanan\/","title":{"rendered":"Pannir Rose \u017cel do mycia twarzy  &#8211; delikatne nawil\u017cenie i blask &#8211; 100 ml | Vanan"},"content":{"rendered":"<p>Poznaj Pannir Rose Face Wash, delikatny produkt oczyszczaj\u0105cy, kt\u00f3ry zachowuje naturalne oleje sk\u00f3ry, pozostawiaj\u0105c j\u0105 nawil\u017con\u0105 i od\u015bwie\u017con\u0105. Wzbogacony kwasem hialuronowym, r\u00f3\u017c\u0105 i og\u00f3rkiem, \u0142agodzi, nawil\u017ca i rewitalizuje sk\u00f3r\u0119. P\u0142yn do mycia twarzy nie zawiera agresywnych substancji chemicznych, dzi\u0119ki czemu zapewnia skuteczne oczyszczanie ka\u017cdego rodzaju sk\u00f3ry.<\/p>\n<p>&nbsp;<\/p>\n<p>Pannir Rose Face Wash zapewnia delikatne, ale skuteczne oczyszczanie, usuwaj\u0105c zanieczyszczenia bez zak\u0142\u00f3cania naturalnej r\u00f3wnowagi nawil\u017cenia sk\u00f3ry. R\u00f3\u017ca damasce\u0144ska, pozyskiwana z bujnych ogrod\u00f3w r\u00f3\u017canych w Indiach, nawil\u017ca i koi sk\u00f3r\u0119, zapewniaj\u0105c uczucie zdrowego od\u015bwie\u017cenia. Kwas hialuronowy g\u0142\u0119boko nawil\u017ca, zapewniaj\u0105c sk\u00f3rze nawil\u017cenie nawet po oczyszczeniu. Opracowany, aby pozostawi\u0107 sk\u00f3r\u0119 mi\u0119kk\u0105 i promienn\u0105, ten p\u0142yn do mycia twarzy zapobiega wysuszeniu lub \u015bci\u0105gni\u0119ciu, dzi\u0119ki czemu jest idealny do codziennego u\u017cytku. Nie zawiera agresywnych chemikali\u00f3w, zapewnia delikatne, nie wysuszaj\u0105ce oczyszczanie, pozostawiaj\u0105c sk\u00f3r\u0119 zr\u00f3wnowa\u017con\u0105 i od\u017cywion\u0105 przy ka\u017cdym u\u017cyciu. Idealny dla os\u00f3b poszukuj\u0105cych czystej, nawil\u017conej i promiennej cery, ten produkt do mycia twarzy jest niezb\u0119dnym dodatkiem do codziennej piel\u0119gnacji sk\u00f3ry.<\/p>\n<p>&nbsp;<\/p>\n<p><b>Pojemno\u015b\u0107:<\/b>\u00a0100 ml<\/p>\n<p><b>Producent:<\/b> apex Laboratories Private Limited,<\/p>\n<p>SIDCO Garment Complex, Guindy,<\/p>\n<p>Chennai\/Tamil Nadu 600032, India<\/p>\n<p><b>Kraj pochodzenia: <\/b>Indie<\/p>\n<p>&nbsp;<\/p>\n<p><span style=\"color: var(--gray-800);\">*Nie stosowa\u0107 w przypadku nadwra\u017cliwo\u015bci na sk\u0142adniki preparatu.<\/span><\/p>\n<p>*Przechowywa\u0107 w spos\u00f3b niedost\u0119pny dla ma\u0142ych dzieci. Chroni\u0107 przed \u015bwiat\u0142em i wilgoci\u0105.<\/p>\n<p>*Opisany produkt jest kosmetykiem, nie jest produktem leczniczym, kt\u00f3remu przypisuje si\u0119 w\u0142a\u015bciwo\u015bci zapobiegania lub leczenie chor\u00f3b wyst\u0119puj\u0105cych u ludzi.<\/p>\n<p>*Niekt\u00f3re preparaty zio\u0142owe mog\u0105 wywo\u0142ywa\u0107 silne dzia\u0142anie, dlatego nale\u017cy przestrzega\u0107 wszystkich zalece\u0144 i ogranicze\u0144 podanych przez producenta<\/p>\n<p>&nbsp;<\/p>\n","protected":false},"excerpt":{"rendered":"<p><b>Delikatne oczyszczanie i intensywne nawil\u017cenie<\/b><\/p>\n<ul>\n<li>Oczyszcza<\/li>\n<li>Nawil\u017ca<\/li>\n<li>\u0141agodzi<\/li>\n<\/ul>\n<div><\/div>\n<div><span style=\"font-weight: 600;\">Pojemno\u015b\u0107:<\/span>\u00a0100 ml<\/div>\n","protected":false},"featured_media":44795,"template":"","meta":{"_editorskit_title_hidden":false,"_editorskit_reading_time":0,"_editorskit_is_block_options_detached":false,"_editorskit_block_options_position":"{}"},"product_brand":[],"product_cat":[645,499,505,491,496,500,444,629,17],"product_tag":[],"class_list":{"0":"post-43724","1":"product","2":"type-product","3":"status-publish","4":"has-post-thumbnail","6":"product_cat-green-week","7":"product_cat-marki","8":"product_cat-nowosci","9":"product_cat-przeznaczenie-produktow","10":"product_cat-twarz-kosmetyki","11":"product_cat-vanan","12":"product_cat-zabiegi-kosmetyczne","13":"product_cat-wiosenna-promocja","14":"product_cat-kosmetyki","16":"first","17":"instock","18":"taxable","19":"shipping-taxable","20":"purchasable","21":"product-type-simple","22":"add-to-wishlist-before_image"},"acf":{"ilosc_sztuk_w_pudelku":"","ilosc_pudelek_w_kartonie":"","wykluczyc_z_szybkich_zakupow":""},"yoast_head":"<!-- This site is optimized with the Yoast SEO plugin v23.1 - https:\/\/yoast.com\/wordpress\/plugins\/seo\/ -->\n<title>Pannir Rose \u017cel do mycia twarzy - delikatne nawil\u017cenie i blask - 100 ml | Vanan - Deva Harmony Polska<\/title>\n<meta name=\"robots\" content=\"index, follow, max-snippet:-1, max-image-preview:large, max-video-preview:-1\" \/>\n<link rel=\"canonical\" href=\"https:\/\/devaharmony.com\/pl\/sklep\/pannir-rose-zel-do-mycia-twarzy-delikatne-nawilzenie-i-blask-100-ml-vanan\/\" \/>\n<meta property=\"og:locale\" content=\"pl_PL\" \/>\n<meta property=\"og:type\" content=\"article\" \/>\n<meta property=\"og:title\" content=\"Pannir Rose \u017cel do mycia twarzy - delikatne nawil\u017cenie i blask - 100 ml | Vanan - Deva Harmony Polska\" \/>\n<meta property=\"og:description\" content=\"Delikatne oczyszczanie i intensywne nawil\u017cenie   Oczyszcza  Nawil\u017ca  \u0141agodzi   Pojemno\u015b\u0107:\u00a0100 ml\" \/>\n<meta property=\"og:url\" content=\"https:\/\/devaharmony.com\/pl\/sklep\/pannir-rose-zel-do-mycia-twarzy-delikatne-nawilzenie-i-blask-100-ml-vanan\/\" \/>\n<meta property=\"og:site_name\" content=\"Deva Harmony Polska\" \/>\n<meta property=\"article:modified_time\" content=\"2026-03-24T10:05:56+00:00\" \/>\n<meta property=\"og:image\" content=\"https:\/\/devaharmony.com\/pl\/wp-content\/uploads\/2025\/03\/Rose-zel-do-mycia.png\" \/>\n\t<meta property=\"og:image:width\" content=\"1080\" \/>\n\t<meta property=\"og:image:height\" content=\"1080\" \/>\n\t<meta property=\"og:image:type\" content=\"image\/png\" \/>\n<meta name=\"twitter:card\" content=\"summary_large_image\" \/>\n<meta name=\"twitter:label1\" content=\"Szacowany czas czytania\" \/>\n\t<meta name=\"twitter:data1\" content=\"2 minuty\" \/>\n<script type=\"application\/ld+json\" class=\"yoast-schema-graph\">{\"@context\":\"https:\/\/schema.org\",\"@graph\":[{\"@type\":\"WebPage\",\"@id\":\"https:\/\/devaharmony.com\/pl\/sklep\/pannir-rose-zel-do-mycia-twarzy-delikatne-nawilzenie-i-blask-100-ml-vanan\/\",\"url\":\"https:\/\/devaharmony.com\/pl\/sklep\/pannir-rose-zel-do-mycia-twarzy-delikatne-nawilzenie-i-blask-100-ml-vanan\/\",\"name\":\"Pannir Rose \u017cel do mycia twarzy - delikatne nawil\u017cenie i blask - 100 ml | Vanan - Deva Harmony Polska\",\"isPartOf\":{\"@id\":\"https:\/\/devaharmony.com\/pl\/#website\"},\"primaryImageOfPage\":{\"@id\":\"https:\/\/devaharmony.com\/pl\/sklep\/pannir-rose-zel-do-mycia-twarzy-delikatne-nawilzenie-i-blask-100-ml-vanan\/#primaryimage\"},\"image\":{\"@id\":\"https:\/\/devaharmony.com\/pl\/sklep\/pannir-rose-zel-do-mycia-twarzy-delikatne-nawilzenie-i-blask-100-ml-vanan\/#primaryimage\"},\"thumbnailUrl\":\"https:\/\/devaharmony.com\/pl\/wp-content\/uploads\/2025\/03\/Rose-zel-do-mycia.png\",\"datePublished\":\"2025-03-05T10:58:12+00:00\",\"dateModified\":\"2026-03-24T10:05:56+00:00\",\"breadcrumb\":{\"@id\":\"https:\/\/devaharmony.com\/pl\/sklep\/pannir-rose-zel-do-mycia-twarzy-delikatne-nawilzenie-i-blask-100-ml-vanan\/#breadcrumb\"},\"inLanguage\":\"pl-PL\",\"potentialAction\":[{\"@type\":\"ReadAction\",\"target\":[\"https:\/\/devaharmony.com\/pl\/sklep\/pannir-rose-zel-do-mycia-twarzy-delikatne-nawilzenie-i-blask-100-ml-vanan\/\"]}]},{\"@type\":\"ImageObject\",\"inLanguage\":\"pl-PL\",\"@id\":\"https:\/\/devaharmony.com\/pl\/sklep\/pannir-rose-zel-do-mycia-twarzy-delikatne-nawilzenie-i-blask-100-ml-vanan\/#primaryimage\",\"url\":\"https:\/\/devaharmony.com\/pl\/wp-content\/uploads\/2025\/03\/Rose-zel-do-mycia.png\",\"contentUrl\":\"https:\/\/devaharmony.com\/pl\/wp-content\/uploads\/2025\/03\/Rose-zel-do-mycia.png\",\"width\":1080,\"height\":1080},{\"@type\":\"BreadcrumbList\",\"@id\":\"https:\/\/devaharmony.com\/pl\/sklep\/pannir-rose-zel-do-mycia-twarzy-delikatne-nawilzenie-i-blask-100-ml-vanan\/#breadcrumb\",\"itemListElement\":[{\"@type\":\"ListItem\",\"position\":1,\"name\":\"Strona g\u0142\u00f3wna\",\"item\":\"https:\/\/devaharmony.com\/pl\/\"},{\"@type\":\"ListItem\",\"position\":2,\"name\":\"Produkty Ajurwedyjskie\",\"item\":\"https:\/\/devaharmony.com\/pl\/produkty-ajurwedyjskie\/\"},{\"@type\":\"ListItem\",\"position\":3,\"name\":\"Pannir Rose \u017cel do mycia twarzy &#8211; delikatne nawil\u017cenie i blask &#8211; 100 ml | Vanan\"}]},{\"@type\":\"WebSite\",\"@id\":\"https:\/\/devaharmony.com\/pl\/#website\",\"url\":\"https:\/\/devaharmony.com\/pl\/\",\"name\":\"Deva Harmony Polska\",\"description\":\"Ajurwedyjskie Suplementy Diety\",\"potentialAction\":[{\"@type\":\"SearchAction\",\"target\":{\"@type\":\"EntryPoint\",\"urlTemplate\":\"https:\/\/devaharmony.com\/pl\/?s={search_term_string}\"},\"query-input\":\"required name=search_term_string\"}],\"inLanguage\":\"pl-PL\"}]}<\/script>\n<!-- \/ Yoast SEO plugin. -->","yoast_head_json":{"title":"Pannir Rose \u017cel do mycia twarzy - delikatne nawil\u017cenie i blask - 100 ml | Vanan - Deva Harmony Polska","robots":{"index":"index","follow":"follow","max-snippet":"max-snippet:-1","max-image-preview":"max-image-preview:large","max-video-preview":"max-video-preview:-1"},"canonical":"https:\/\/devaharmony.com\/pl\/sklep\/pannir-rose-zel-do-mycia-twarzy-delikatne-nawilzenie-i-blask-100-ml-vanan\/","og_locale":"pl_PL","og_type":"article","og_title":"Pannir Rose \u017cel do mycia twarzy - delikatne nawil\u017cenie i blask - 100 ml | Vanan - Deva Harmony Polska","og_description":"Delikatne oczyszczanie i intensywne nawil\u017cenie   Oczyszcza  Nawil\u017ca  \u0141agodzi   Pojemno\u015b\u0107:\u00a0100 ml","og_url":"https:\/\/devaharmony.com\/pl\/sklep\/pannir-rose-zel-do-mycia-twarzy-delikatne-nawilzenie-i-blask-100-ml-vanan\/","og_site_name":"Deva Harmony Polska","article_modified_time":"2026-03-24T10:05:56+00:00","og_image":[{"width":1080,"height":1080,"url":"https:\/\/devaharmony.com\/pl\/wp-content\/uploads\/2025\/03\/Rose-zel-do-mycia.png","type":"image\/png"}],"twitter_card":"summary_large_image","twitter_misc":{"Szacowany czas czytania":"2 minuty"},"schema":{"@context":"https:\/\/schema.org","@graph":[{"@type":"WebPage","@id":"https:\/\/devaharmony.com\/pl\/sklep\/pannir-rose-zel-do-mycia-twarzy-delikatne-nawilzenie-i-blask-100-ml-vanan\/","url":"https:\/\/devaharmony.com\/pl\/sklep\/pannir-rose-zel-do-mycia-twarzy-delikatne-nawilzenie-i-blask-100-ml-vanan\/","name":"Pannir Rose \u017cel do mycia twarzy - delikatne nawil\u017cenie i blask - 100 ml | Vanan - Deva Harmony Polska","isPartOf":{"@id":"https:\/\/devaharmony.com\/pl\/#website"},"primaryImageOfPage":{"@id":"https:\/\/devaharmony.com\/pl\/sklep\/pannir-rose-zel-do-mycia-twarzy-delikatne-nawilzenie-i-blask-100-ml-vanan\/#primaryimage"},"image":{"@id":"https:\/\/devaharmony.com\/pl\/sklep\/pannir-rose-zel-do-mycia-twarzy-delikatne-nawilzenie-i-blask-100-ml-vanan\/#primaryimage"},"thumbnailUrl":"https:\/\/devaharmony.com\/pl\/wp-content\/uploads\/2025\/03\/Rose-zel-do-mycia.png","datePublished":"2025-03-05T10:58:12+00:00","dateModified":"2026-03-24T10:05:56+00:00","breadcrumb":{"@id":"https:\/\/devaharmony.com\/pl\/sklep\/pannir-rose-zel-do-mycia-twarzy-delikatne-nawilzenie-i-blask-100-ml-vanan\/#breadcrumb"},"inLanguage":"pl-PL","potentialAction":[{"@type":"ReadAction","target":["https:\/\/devaharmony.com\/pl\/sklep\/pannir-rose-zel-do-mycia-twarzy-delikatne-nawilzenie-i-blask-100-ml-vanan\/"]}]},{"@type":"ImageObject","inLanguage":"pl-PL","@id":"https:\/\/devaharmony.com\/pl\/sklep\/pannir-rose-zel-do-mycia-twarzy-delikatne-nawilzenie-i-blask-100-ml-vanan\/#primaryimage","url":"https:\/\/devaharmony.com\/pl\/wp-content\/uploads\/2025\/03\/Rose-zel-do-mycia.png","contentUrl":"https:\/\/devaharmony.com\/pl\/wp-content\/uploads\/2025\/03\/Rose-zel-do-mycia.png","width":1080,"height":1080},{"@type":"BreadcrumbList","@id":"https:\/\/devaharmony.com\/pl\/sklep\/pannir-rose-zel-do-mycia-twarzy-delikatne-nawilzenie-i-blask-100-ml-vanan\/#breadcrumb","itemListElement":[{"@type":"ListItem","position":1,"name":"Strona g\u0142\u00f3wna","item":"https:\/\/devaharmony.com\/pl\/"},{"@type":"ListItem","position":2,"name":"Produkty Ajurwedyjskie","item":"https:\/\/devaharmony.com\/pl\/produkty-ajurwedyjskie\/"},{"@type":"ListItem","position":3,"name":"Pannir Rose \u017cel do mycia twarzy &#8211; delikatne nawil\u017cenie i blask &#8211; 100 ml | Vanan"}]},{"@type":"WebSite","@id":"https:\/\/devaharmony.com\/pl\/#website","url":"https:\/\/devaharmony.com\/pl\/","name":"Deva Harmony Polska","description":"Ajurwedyjskie Suplementy Diety","potentialAction":[{"@type":"SearchAction","target":{"@type":"EntryPoint","urlTemplate":"https:\/\/devaharmony.com\/pl\/?s={search_term_string}"},"query-input":"required name=search_term_string"}],"inLanguage":"pl-PL"}]}},"_links":{"self":[{"href":"https:\/\/devaharmony.com\/pl\/wp-json\/wp\/v2\/product\/43724","targetHints":{"allow":["GET"]}}],"collection":[{"href":"https:\/\/devaharmony.com\/pl\/wp-json\/wp\/v2\/product"}],"about":[{"href":"https:\/\/devaharmony.com\/pl\/wp-json\/wp\/v2\/types\/product"}],"wp:featuredmedia":[{"embeddable":true,"href":"https:\/\/devaharmony.com\/pl\/wp-json\/wp\/v2\/media\/44795"}],"wp:attachment":[{"href":"https:\/\/devaharmony.com\/pl\/wp-json\/wp\/v2\/media?parent=43724"}],"wp:term":[{"taxonomy":"product_brand","embeddable":true,"href":"https:\/\/devaharmony.com\/pl\/wp-json\/wp\/v2\/product_brand?post=43724"},{"taxonomy":"product_cat","embeddable":true,"href":"https:\/\/devaharmony.com\/pl\/wp-json\/wp\/v2\/product_cat?post=43724"},{"taxonomy":"product_tag","embeddable":true,"href":"https:\/\/devaharmony.com\/pl\/wp-json\/wp\/v2\/product_tag?post=43724"}],"curies":[{"name":"wp","href":"https:\/\/api.w.org\/{rel}","templated":true}]}}