{"id":43720,"date":"2025-03-05T11:21:55","date_gmt":"2025-03-05T10:21:55","guid":{"rendered":"https:\/\/devaharmony.com\/pl\/sklep\/pannir-rose-lekki-krem-zel-nawilzenie-i-blask-vanan\/"},"modified":"2026-03-24T11:17:01","modified_gmt":"2026-03-24T10:17:01","slug":"pannir-rose-lekki-krem-zel-nawilzenie-i-blask-vanan","status":"publish","type":"product","link":"https:\/\/devaharmony.com\/pl\/sklep\/pannir-rose-lekki-krem-zel-nawilzenie-i-blask-vanan\/","title":{"rendered":"Pannir Rose lekki krem &#8211; nawil\u017cenie i blask &#8211; 50 ml | Vanan"},"content":{"rendered":"<p>Odkryj Pannir Rose &#8211; lekki, bezt\u0142uszczowy krem &#8211; \u017cel nawil\u017caj\u0105cy z kompleksem HYALU-ROSA.<br \/>\n\u0141\u0105cz\u0105c nawil\u017caj\u0105c\u0105 moc kwasu hialuronowego i r\u00f3\u017cy Pannir, od\u015bwie\u017ca i rewitalizuje sk\u00f3r\u0119.<\/p>\n<p>Pannir Rose Gel Cream to lekki, bezt\u0142uszczowy krem nawil\u017caj\u0105cy na bazie r\u00f3\u017cy damasce\u0144skiej, pozyskiwanej z bujnych ogrod\u00f3w r\u00f3\u017canych w Indiach, oraz kwasu hialuronowego. Nawil\u017ca i od\u015bwie\u017ca sk\u00f3r\u0119, \u0142agodz\u0105c podra\u017cnienia i dodaj\u0105c jej blasku. \u017belowa konsystencja szybko si\u0119 wch\u0142ania, zapewniaj\u0105c d\u0142ugotrwa\u0142e nawil\u017cenie bez uczucia t\u0142usto\u015bci, dzi\u0119ki czemu idealnie nadaje si\u0119 do sk\u00f3ry t\u0142ustej lub mieszanej. Idealny zar\u00f3wno rano, jak i wieczorem, zatrzymuje wilgo\u0107 i przywraca sk\u00f3rze naturaln\u0105 r\u00f3wnowag\u0119. Wolny od paraben\u00f3w i agresywnych substancji chemicznych, ten \u017cel-krem jest delikatny i odpowiedni dla ka\u017cdego rodzaju sk\u00f3ry. Niezale\u017cnie od tego, czy potrzebujesz nawil\u017cenia, czy promiennego wzmocnienia, zapewnia idealn\u0105 r\u00f3wnowag\u0119 nawil\u017cenia i \u015bwie\u017co\u015bci, pozostawiaj\u0105c twarz mi\u0119kk\u0105 i g\u0142adk\u0105 z \u015bwie\u017cym, zroszonym blaskiem.<\/p>\n<p>&nbsp;<\/p>\n<p><b>Pojemno\u015b\u0107:<\/b> 50 ml<\/p>\n<p><b>Producent:<\/b> apex Laboratories Private Limited,<\/p>\n<p>SIDCO Garment Complex, Guindy,<\/p>\n<p>Chennai\/Tamil Nadu 600032, India<\/p>\n<p><b>Kraj pochodzenia: <\/b>Indie<\/p>\n<p>&nbsp;<\/p>\n<p><span style=\"color: var(--gray-800)\">*Nie stosowa\u0107 w przypadku nadwra\u017cliwo\u015bci na sk\u0142adniki preparatu.<\/span><\/p>\n<p>*Przechowywa\u0107 w spos\u00f3b niedost\u0119pny dla ma\u0142ych dzieci. Chroni\u0107 przed \u015bwiat\u0142em i wilgoci\u0105.<\/p>\n<p>*Opisany produkt jest kosmetykiem, nie jest produktem leczniczym, kt\u00f3remu przypisuje si\u0119 w\u0142a\u015bciwo\u015bci zapobiegania lub leczenie chor\u00f3b wyst\u0119puj\u0105cych u ludzi.<\/p>\n<p>*Niekt\u00f3re preparaty zio\u0142owe mog\u0105 wywo\u0142ywa\u0107 silne dzia\u0142anie, dlatego nale\u017cy przestrzega\u0107 wszystkich zalece\u0144 i ogranicze\u0144 podanych przez producenta<\/p>\n<p>&nbsp;<\/p>\n","protected":false},"excerpt":{"rendered":"<div>\n<div><span style=\"font-weight: 600;color: inherit\">Lekka formu\u0142a wzbogacona kwasem hialuronowym i Niacynamidem<\/span><\/div>\n<div><span style=\"font-weight: 600;color: inherit\">\u00a0<\/span><\/div>\n<div>\n<ul>\n<li><span style=\"color: inherit\">Intensywnie nawil\u017ca<\/span><\/li>\n<li><span style=\"color: inherit\">Od\u015bwie\u017ca<\/span><\/li>\n<li><span style=\"color: inherit\">\u0141agodzi podra\u017cnienia<\/span><\/li>\n<li><span style=\"color: inherit\">Dodaje blasku<\/span><\/li>\n<\/ul>\n<div><b>\u00a0<\/b><\/div>\n<\/div>\n<div><span style=\"font-weight: 600;font-size: 13px\">Pojemno\u015b\u0107:<\/span><span style=\"font-size: 13px\"> 50 ml<\/span><b><\/b><\/div>\n<\/div>\n","protected":false},"featured_media":44792,"template":"","meta":{"_editorskit_title_hidden":false,"_editorskit_reading_time":0,"_editorskit_is_block_options_detached":false,"_editorskit_block_options_position":"{}"},"product_brand":[],"product_cat":[645,499,505,491,496,500,444,629,17,50,53],"product_tag":[],"class_list":{"0":"post-43720","1":"product","2":"type-product","3":"status-publish","4":"has-post-thumbnail","6":"product_cat-green-week","7":"product_cat-marki","8":"product_cat-nowosci","9":"product_cat-przeznaczenie-produktow","10":"product_cat-twarz-kosmetyki","11":"product_cat-vanan","12":"product_cat-zabiegi-kosmetyczne","13":"product_cat-wiosenna-promocja","14":"product_cat-kosmetyki","15":"product_cat-pielegnacja-ciala","16":"product_cat-twarz","18":"first","19":"instock","20":"sale","21":"taxable","22":"shipping-taxable","23":"purchasable","24":"product-type-simple","25":"add-to-wishlist-before_image"},"acf":{"ilosc_sztuk_w_pudelku":"","ilosc_pudelek_w_kartonie":"","wykluczyc_z_szybkich_zakupow":""},"yoast_head":"<!-- This site is optimized with the Yoast SEO plugin v23.1 - https:\/\/yoast.com\/wordpress\/plugins\/seo\/ -->\n<title>Pannir Rose lekki krem - nawil\u017cenie i blask - 50 ml | Vanan - Deva Harmony Polska<\/title>\n<meta name=\"robots\" content=\"index, follow, max-snippet:-1, max-image-preview:large, max-video-preview:-1\" \/>\n<link rel=\"canonical\" href=\"https:\/\/devaharmony.com\/pl\/sklep\/pannir-rose-lekki-krem-zel-nawilzenie-i-blask-vanan\/\" \/>\n<meta property=\"og:locale\" content=\"pl_PL\" \/>\n<meta property=\"og:type\" content=\"article\" \/>\n<meta property=\"og:title\" content=\"Pannir Rose lekki krem - nawil\u017cenie i blask - 50 ml | Vanan - Deva Harmony Polska\" \/>\n<meta property=\"og:description\" content=\"Lekka formu\u0142a wzbogacona kwasem hialuronowym i Niacynamidem \u00a0    Intensywnie nawil\u017ca  Od\u015bwie\u017ca  \u0141agodzi podra\u017cnienia  Dodaje blasku  \u00a0  Pojemno\u015b\u0107: 50 ml\" \/>\n<meta property=\"og:url\" content=\"https:\/\/devaharmony.com\/pl\/sklep\/pannir-rose-lekki-krem-zel-nawilzenie-i-blask-vanan\/\" \/>\n<meta property=\"og:site_name\" content=\"Deva Harmony Polska\" \/>\n<meta property=\"article:modified_time\" content=\"2026-03-24T10:17:01+00:00\" \/>\n<meta property=\"og:image\" content=\"https:\/\/devaharmony.com\/pl\/wp-content\/uploads\/2025\/03\/rose-krem-do-twarzy.png\" \/>\n\t<meta property=\"og:image:width\" content=\"1080\" \/>\n\t<meta property=\"og:image:height\" content=\"1080\" \/>\n\t<meta property=\"og:image:type\" content=\"image\/png\" \/>\n<meta name=\"twitter:card\" content=\"summary_large_image\" \/>\n<meta name=\"twitter:label1\" content=\"Szacowany czas czytania\" \/>\n\t<meta name=\"twitter:data1\" content=\"2 minuty\" \/>\n<script type=\"application\/ld+json\" class=\"yoast-schema-graph\">{\"@context\":\"https:\/\/schema.org\",\"@graph\":[{\"@type\":\"WebPage\",\"@id\":\"https:\/\/devaharmony.com\/pl\/sklep\/pannir-rose-lekki-krem-zel-nawilzenie-i-blask-vanan\/\",\"url\":\"https:\/\/devaharmony.com\/pl\/sklep\/pannir-rose-lekki-krem-zel-nawilzenie-i-blask-vanan\/\",\"name\":\"Pannir Rose lekki krem - nawil\u017cenie i blask - 50 ml | Vanan - Deva Harmony Polska\",\"isPartOf\":{\"@id\":\"https:\/\/devaharmony.com\/pl\/#website\"},\"primaryImageOfPage\":{\"@id\":\"https:\/\/devaharmony.com\/pl\/sklep\/pannir-rose-lekki-krem-zel-nawilzenie-i-blask-vanan\/#primaryimage\"},\"image\":{\"@id\":\"https:\/\/devaharmony.com\/pl\/sklep\/pannir-rose-lekki-krem-zel-nawilzenie-i-blask-vanan\/#primaryimage\"},\"thumbnailUrl\":\"https:\/\/devaharmony.com\/pl\/wp-content\/uploads\/2025\/03\/rose-krem-do-twarzy.png\",\"datePublished\":\"2025-03-05T10:21:55+00:00\",\"dateModified\":\"2026-03-24T10:17:01+00:00\",\"breadcrumb\":{\"@id\":\"https:\/\/devaharmony.com\/pl\/sklep\/pannir-rose-lekki-krem-zel-nawilzenie-i-blask-vanan\/#breadcrumb\"},\"inLanguage\":\"pl-PL\",\"potentialAction\":[{\"@type\":\"ReadAction\",\"target\":[\"https:\/\/devaharmony.com\/pl\/sklep\/pannir-rose-lekki-krem-zel-nawilzenie-i-blask-vanan\/\"]}]},{\"@type\":\"ImageObject\",\"inLanguage\":\"pl-PL\",\"@id\":\"https:\/\/devaharmony.com\/pl\/sklep\/pannir-rose-lekki-krem-zel-nawilzenie-i-blask-vanan\/#primaryimage\",\"url\":\"https:\/\/devaharmony.com\/pl\/wp-content\/uploads\/2025\/03\/rose-krem-do-twarzy.png\",\"contentUrl\":\"https:\/\/devaharmony.com\/pl\/wp-content\/uploads\/2025\/03\/rose-krem-do-twarzy.png\",\"width\":1080,\"height\":1080},{\"@type\":\"BreadcrumbList\",\"@id\":\"https:\/\/devaharmony.com\/pl\/sklep\/pannir-rose-lekki-krem-zel-nawilzenie-i-blask-vanan\/#breadcrumb\",\"itemListElement\":[{\"@type\":\"ListItem\",\"position\":1,\"name\":\"Strona g\u0142\u00f3wna\",\"item\":\"https:\/\/devaharmony.com\/pl\/\"},{\"@type\":\"ListItem\",\"position\":2,\"name\":\"Produkty Ajurwedyjskie\",\"item\":\"https:\/\/devaharmony.com\/pl\/produkty-ajurwedyjskie\/\"},{\"@type\":\"ListItem\",\"position\":3,\"name\":\"Pannir Rose lekki krem &#8211; nawil\u017cenie i blask &#8211; 50 ml | Vanan\"}]},{\"@type\":\"WebSite\",\"@id\":\"https:\/\/devaharmony.com\/pl\/#website\",\"url\":\"https:\/\/devaharmony.com\/pl\/\",\"name\":\"Deva Harmony Polska\",\"description\":\"Ajurwedyjskie Suplementy Diety\",\"potentialAction\":[{\"@type\":\"SearchAction\",\"target\":{\"@type\":\"EntryPoint\",\"urlTemplate\":\"https:\/\/devaharmony.com\/pl\/?s={search_term_string}\"},\"query-input\":\"required name=search_term_string\"}],\"inLanguage\":\"pl-PL\"}]}<\/script>\n<!-- \/ Yoast SEO plugin. -->","yoast_head_json":{"title":"Pannir Rose lekki krem - nawil\u017cenie i blask - 50 ml | Vanan - Deva Harmony Polska","robots":{"index":"index","follow":"follow","max-snippet":"max-snippet:-1","max-image-preview":"max-image-preview:large","max-video-preview":"max-video-preview:-1"},"canonical":"https:\/\/devaharmony.com\/pl\/sklep\/pannir-rose-lekki-krem-zel-nawilzenie-i-blask-vanan\/","og_locale":"pl_PL","og_type":"article","og_title":"Pannir Rose lekki krem - nawil\u017cenie i blask - 50 ml | Vanan - Deva Harmony Polska","og_description":"Lekka formu\u0142a wzbogacona kwasem hialuronowym i Niacynamidem \u00a0    Intensywnie nawil\u017ca  Od\u015bwie\u017ca  \u0141agodzi podra\u017cnienia  Dodaje blasku  \u00a0  Pojemno\u015b\u0107: 50 ml","og_url":"https:\/\/devaharmony.com\/pl\/sklep\/pannir-rose-lekki-krem-zel-nawilzenie-i-blask-vanan\/","og_site_name":"Deva Harmony Polska","article_modified_time":"2026-03-24T10:17:01+00:00","og_image":[{"width":1080,"height":1080,"url":"https:\/\/devaharmony.com\/pl\/wp-content\/uploads\/2025\/03\/rose-krem-do-twarzy.png","type":"image\/png"}],"twitter_card":"summary_large_image","twitter_misc":{"Szacowany czas czytania":"2 minuty"},"schema":{"@context":"https:\/\/schema.org","@graph":[{"@type":"WebPage","@id":"https:\/\/devaharmony.com\/pl\/sklep\/pannir-rose-lekki-krem-zel-nawilzenie-i-blask-vanan\/","url":"https:\/\/devaharmony.com\/pl\/sklep\/pannir-rose-lekki-krem-zel-nawilzenie-i-blask-vanan\/","name":"Pannir Rose lekki krem - nawil\u017cenie i blask - 50 ml | Vanan - Deva Harmony Polska","isPartOf":{"@id":"https:\/\/devaharmony.com\/pl\/#website"},"primaryImageOfPage":{"@id":"https:\/\/devaharmony.com\/pl\/sklep\/pannir-rose-lekki-krem-zel-nawilzenie-i-blask-vanan\/#primaryimage"},"image":{"@id":"https:\/\/devaharmony.com\/pl\/sklep\/pannir-rose-lekki-krem-zel-nawilzenie-i-blask-vanan\/#primaryimage"},"thumbnailUrl":"https:\/\/devaharmony.com\/pl\/wp-content\/uploads\/2025\/03\/rose-krem-do-twarzy.png","datePublished":"2025-03-05T10:21:55+00:00","dateModified":"2026-03-24T10:17:01+00:00","breadcrumb":{"@id":"https:\/\/devaharmony.com\/pl\/sklep\/pannir-rose-lekki-krem-zel-nawilzenie-i-blask-vanan\/#breadcrumb"},"inLanguage":"pl-PL","potentialAction":[{"@type":"ReadAction","target":["https:\/\/devaharmony.com\/pl\/sklep\/pannir-rose-lekki-krem-zel-nawilzenie-i-blask-vanan\/"]}]},{"@type":"ImageObject","inLanguage":"pl-PL","@id":"https:\/\/devaharmony.com\/pl\/sklep\/pannir-rose-lekki-krem-zel-nawilzenie-i-blask-vanan\/#primaryimage","url":"https:\/\/devaharmony.com\/pl\/wp-content\/uploads\/2025\/03\/rose-krem-do-twarzy.png","contentUrl":"https:\/\/devaharmony.com\/pl\/wp-content\/uploads\/2025\/03\/rose-krem-do-twarzy.png","width":1080,"height":1080},{"@type":"BreadcrumbList","@id":"https:\/\/devaharmony.com\/pl\/sklep\/pannir-rose-lekki-krem-zel-nawilzenie-i-blask-vanan\/#breadcrumb","itemListElement":[{"@type":"ListItem","position":1,"name":"Strona g\u0142\u00f3wna","item":"https:\/\/devaharmony.com\/pl\/"},{"@type":"ListItem","position":2,"name":"Produkty Ajurwedyjskie","item":"https:\/\/devaharmony.com\/pl\/produkty-ajurwedyjskie\/"},{"@type":"ListItem","position":3,"name":"Pannir Rose lekki krem &#8211; nawil\u017cenie i blask &#8211; 50 ml | Vanan"}]},{"@type":"WebSite","@id":"https:\/\/devaharmony.com\/pl\/#website","url":"https:\/\/devaharmony.com\/pl\/","name":"Deva Harmony Polska","description":"Ajurwedyjskie Suplementy Diety","potentialAction":[{"@type":"SearchAction","target":{"@type":"EntryPoint","urlTemplate":"https:\/\/devaharmony.com\/pl\/?s={search_term_string}"},"query-input":"required name=search_term_string"}],"inLanguage":"pl-PL"}]}},"_links":{"self":[{"href":"https:\/\/devaharmony.com\/pl\/wp-json\/wp\/v2\/product\/43720","targetHints":{"allow":["GET"]}}],"collection":[{"href":"https:\/\/devaharmony.com\/pl\/wp-json\/wp\/v2\/product"}],"about":[{"href":"https:\/\/devaharmony.com\/pl\/wp-json\/wp\/v2\/types\/product"}],"wp:featuredmedia":[{"embeddable":true,"href":"https:\/\/devaharmony.com\/pl\/wp-json\/wp\/v2\/media\/44792"}],"wp:attachment":[{"href":"https:\/\/devaharmony.com\/pl\/wp-json\/wp\/v2\/media?parent=43720"}],"wp:term":[{"taxonomy":"product_brand","embeddable":true,"href":"https:\/\/devaharmony.com\/pl\/wp-json\/wp\/v2\/product_brand?post=43720"},{"taxonomy":"product_cat","embeddable":true,"href":"https:\/\/devaharmony.com\/pl\/wp-json\/wp\/v2\/product_cat?post=43720"},{"taxonomy":"product_tag","embeddable":true,"href":"https:\/\/devaharmony.com\/pl\/wp-json\/wp\/v2\/product_tag?post=43720"}],"curies":[{"name":"wp","href":"https:\/\/api.w.org\/{rel}","templated":true}]}}