{"id":43713,"date":"2025-03-05T10:35:18","date_gmt":"2025-03-05T09:35:18","guid":{"rendered":"https:\/\/devaharmony.com\/pl\/sklep\/serum-do-twarzy-pannir-rose-nawilzenie-i-blask-30-ml-vanan\/"},"modified":"2026-03-24T11:16:58","modified_gmt":"2026-03-24T10:16:58","slug":"serum-do-twarzy-pannir-rose-nawilzenie-i-blask-30-ml-vanan","status":"publish","type":"product","link":"https:\/\/devaharmony.com\/pl\/sklep\/serum-do-twarzy-pannir-rose-nawilzenie-i-blask-30-ml-vanan\/","title":{"rendered":"Serum do twarzy Pannir Rose &#8211; nawil\u017cenie i blask &#8211; 30 ml | Vanan"},"content":{"rendered":"<p>Do\u015bwiadcz odm\u0142adzaj\u0105cej mocy serum do twarzy Pannir Rose, wzbogaconego kompleksem HYALU-ROSA z kwasem hialuronowym i r\u00f3\u017c\u0105 Pannir. Serum g\u0142\u0119boko nawil\u017ca i rewitalizuje sk\u00f3r\u0119, nadaj\u0105c jej promienny, m\u0142odzie\u0144czy blask.<\/p>\n<p>&nbsp;<\/p>\n<p>Serum do twarzy Pannir Rose \u0142\u0105czy w sobie silne w\u0142a\u015bciwo\u015bci r\u00f3\u017cy damasce\u0144skiej, pozyskiwanej z bujnych ogrod\u00f3w r\u00f3\u017canych w Indiach, z g\u0142\u0119boko nawil\u017caj\u0105cymi w\u0142a\u015bciwo\u015bciami kwasu hialuronowego. To lekkie serum szybko si\u0119 wch\u0142ania, zapewniaj\u0105c sk\u00f3rze intensywne nawil\u017cenie. R\u00f3\u017ca pomaga uspokoi\u0107 i ukoi\u0107 sk\u00f3r\u0119, zmniejszaj\u0105c zaczerwienienia i podra\u017cnienia, jednocze\u015bnie zwi\u0119kszaj\u0105c jej blask. Kwas hialuronowy dzia\u0142a uj\u0119drniaj\u0105co i nawil\u017caj\u0105co, pozostawiaj\u0105c sk\u00f3r\u0119 g\u0142adk\u0105 i od\u015bwie\u017con\u0105. Serum pomaga zmniejszy\u0107 widoczno\u015b\u0107 drobnych linii i zmarszczek, promuj\u0105c m\u0142odzie\u0144cz\u0105 cer\u0119. Jego formu\u0142a poprawia tekstur\u0119 sk\u00f3ry i zapewnia d\u0142ugotrwa\u0142e nawil\u017cenie. Idealne do przywracania zdrowego, promiennego kolorytu sk\u00f3ry, serum od\u017cywia i rewitalizuje. Wolne od szkodliwych substancji chemicznych, jest bezpieczne dla wszystkich rodzaj\u00f3w sk\u00f3ry i stanowi skuteczny dodatek do ka\u017cdej rutyny piel\u0119gnacyjnej. Stosuj codziennie, aby uzyska\u0107 \u015bwie\u017cy, m\u0142odzie\u0144czy blask dzi\u0119ki po\u0142\u0105czonej mocy r\u00f3\u017cy i kwasu hialuronowego. Po ka\u017cdym u\u017cyciu sk\u00f3ra b\u0119dzie mi\u0119kka, g\u0142adka i g\u0142\u0119boko nawil\u017cona.<\/p>\n<p>&nbsp;<\/p>\n<p>&nbsp;<\/p>\n<p><b>Pojemno\u015b\u0107:<\/b>\u00a030 ml<\/p>\n<p><b>Producent:<\/b> apex Laboratories Private Limited,<\/p>\n<p>SIDCO Garment Complex, Guindy,<\/p>\n<p>Chennai\/Tamil Nadu 600032, India<\/p>\n<p><b>Kraj pochodzenia: <\/b>Indie<\/p>\n<p>&nbsp;<\/p>\n<p><span style=\"color: var(--gray-800);\">*Nie stosowa\u0107 w przypadku nadwra\u017cliwo\u015bci na sk\u0142adniki preparatu.<\/span><\/p>\n<p>*Przechowywa\u0107 w spos\u00f3b niedost\u0119pny dla ma\u0142ych dzieci. Chroni\u0107 przed \u015bwiat\u0142em i wilgoci\u0105.<\/p>\n<p>*Opisany produkt jest kosmetykiem, nie jest produktem leczniczym, kt\u00f3remu przypisuje si\u0119 w\u0142a\u015bciwo\u015bci zapobiegania lub leczenie chor\u00f3b wyst\u0119puj\u0105cych u ludzi.<\/p>\n<p>*Niekt\u00f3re preparaty zio\u0142owe mog\u0105 wywo\u0142ywa\u0107 silne dzia\u0142anie, dlatego nale\u017cy przestrzega\u0107 wszystkich zalece\u0144 i ogranicze\u0144 podanych przez producenta<\/p>\n","protected":false},"excerpt":{"rendered":"<p><b>R\u00f3\u017cano &#8211; miodowe serum g\u0142\u0119boko nawil\u017caj\u0105ce<\/b><\/p>\n<ul>\n<li>intensywnie nawil\u017ca<\/li>\n<li>zmniejsza podra\u017cnienia i zaczerwienienia<\/li>\n<li>uj\u0119drnia<\/li>\n<li>rewitalizuje<\/li>\n<li>od\u017cywia<\/li>\n<\/ul>\n<div><\/div>\n<div><span style=\"font-weight: 600;\">Pojemno\u015b\u0107:<\/span>\u00a030 ml<\/div>\n","protected":false},"featured_media":44793,"template":"","meta":{"_editorskit_title_hidden":false,"_editorskit_reading_time":0,"_editorskit_is_block_options_detached":false,"_editorskit_block_options_position":"{}"},"product_brand":[],"product_cat":[645,499,443,505,491,496,500,444,629,17,50,53],"product_tag":[],"class_list":{"0":"post-43713","1":"product","2":"type-product","3":"status-publish","4":"has-post-thumbnail","6":"product_cat-green-week","7":"product_cat-marki","8":"product_cat-masaze","9":"product_cat-nowosci","10":"product_cat-przeznaczenie-produktow","11":"product_cat-twarz-kosmetyki","12":"product_cat-vanan","13":"product_cat-zabiegi-kosmetyczne","14":"product_cat-wiosenna-promocja","15":"product_cat-kosmetyki","16":"product_cat-pielegnacja-ciala","17":"product_cat-twarz","19":"first","20":"instock","21":"taxable","22":"shipping-taxable","23":"purchasable","24":"product-type-simple","25":"add-to-wishlist-before_image"},"acf":{"ilosc_sztuk_w_pudelku":"","ilosc_pudelek_w_kartonie":"","wykluczyc_z_szybkich_zakupow":""},"yoast_head":"<!-- This site is optimized with the Yoast SEO plugin v23.1 - https:\/\/yoast.com\/wordpress\/plugins\/seo\/ -->\n<title>Serum do twarzy Pannir Rose - nawil\u017cenie i blask - 30 ml | Vanan - Deva Harmony Polska<\/title>\n<meta name=\"robots\" content=\"index, follow, max-snippet:-1, max-image-preview:large, max-video-preview:-1\" \/>\n<link rel=\"canonical\" href=\"https:\/\/devaharmony.com\/pl\/sklep\/serum-do-twarzy-pannir-rose-nawilzenie-i-blask-30-ml-vanan\/\" \/>\n<meta property=\"og:locale\" content=\"pl_PL\" \/>\n<meta property=\"og:type\" content=\"article\" \/>\n<meta property=\"og:title\" content=\"Serum do twarzy Pannir Rose - nawil\u017cenie i blask - 30 ml | Vanan - Deva Harmony Polska\" \/>\n<meta property=\"og:description\" content=\"R\u00f3\u017cano - miodowe serum g\u0142\u0119boko nawil\u017caj\u0105ce   intensywnie nawil\u017ca  zmniejsza podra\u017cnienia i zaczerwienienia  uj\u0119drnia  rewitalizuje  od\u017cywia   Pojemno\u015b\u0107:\u00a030 ml\" \/>\n<meta property=\"og:url\" content=\"https:\/\/devaharmony.com\/pl\/sklep\/serum-do-twarzy-pannir-rose-nawilzenie-i-blask-30-ml-vanan\/\" \/>\n<meta property=\"og:site_name\" content=\"Deva Harmony Polska\" \/>\n<meta property=\"article:modified_time\" content=\"2026-03-24T10:16:58+00:00\" \/>\n<meta property=\"og:image\" content=\"https:\/\/devaharmony.com\/pl\/wp-content\/uploads\/2025\/03\/Rose-serum.png\" \/>\n\t<meta property=\"og:image:width\" content=\"1080\" \/>\n\t<meta property=\"og:image:height\" content=\"1080\" \/>\n\t<meta property=\"og:image:type\" content=\"image\/png\" \/>\n<meta name=\"twitter:card\" content=\"summary_large_image\" \/>\n<meta name=\"twitter:label1\" content=\"Szacowany czas czytania\" \/>\n\t<meta name=\"twitter:data1\" content=\"2 minuty\" \/>\n<script type=\"application\/ld+json\" class=\"yoast-schema-graph\">{\"@context\":\"https:\/\/schema.org\",\"@graph\":[{\"@type\":\"WebPage\",\"@id\":\"https:\/\/devaharmony.com\/pl\/sklep\/serum-do-twarzy-pannir-rose-nawilzenie-i-blask-30-ml-vanan\/\",\"url\":\"https:\/\/devaharmony.com\/pl\/sklep\/serum-do-twarzy-pannir-rose-nawilzenie-i-blask-30-ml-vanan\/\",\"name\":\"Serum do twarzy Pannir Rose - nawil\u017cenie i blask - 30 ml | Vanan - Deva Harmony Polska\",\"isPartOf\":{\"@id\":\"https:\/\/devaharmony.com\/pl\/#website\"},\"primaryImageOfPage\":{\"@id\":\"https:\/\/devaharmony.com\/pl\/sklep\/serum-do-twarzy-pannir-rose-nawilzenie-i-blask-30-ml-vanan\/#primaryimage\"},\"image\":{\"@id\":\"https:\/\/devaharmony.com\/pl\/sklep\/serum-do-twarzy-pannir-rose-nawilzenie-i-blask-30-ml-vanan\/#primaryimage\"},\"thumbnailUrl\":\"https:\/\/devaharmony.com\/pl\/wp-content\/uploads\/2025\/03\/Rose-serum.png\",\"datePublished\":\"2025-03-05T09:35:18+00:00\",\"dateModified\":\"2026-03-24T10:16:58+00:00\",\"breadcrumb\":{\"@id\":\"https:\/\/devaharmony.com\/pl\/sklep\/serum-do-twarzy-pannir-rose-nawilzenie-i-blask-30-ml-vanan\/#breadcrumb\"},\"inLanguage\":\"pl-PL\",\"potentialAction\":[{\"@type\":\"ReadAction\",\"target\":[\"https:\/\/devaharmony.com\/pl\/sklep\/serum-do-twarzy-pannir-rose-nawilzenie-i-blask-30-ml-vanan\/\"]}]},{\"@type\":\"ImageObject\",\"inLanguage\":\"pl-PL\",\"@id\":\"https:\/\/devaharmony.com\/pl\/sklep\/serum-do-twarzy-pannir-rose-nawilzenie-i-blask-30-ml-vanan\/#primaryimage\",\"url\":\"https:\/\/devaharmony.com\/pl\/wp-content\/uploads\/2025\/03\/Rose-serum.png\",\"contentUrl\":\"https:\/\/devaharmony.com\/pl\/wp-content\/uploads\/2025\/03\/Rose-serum.png\",\"width\":1080,\"height\":1080},{\"@type\":\"BreadcrumbList\",\"@id\":\"https:\/\/devaharmony.com\/pl\/sklep\/serum-do-twarzy-pannir-rose-nawilzenie-i-blask-30-ml-vanan\/#breadcrumb\",\"itemListElement\":[{\"@type\":\"ListItem\",\"position\":1,\"name\":\"Strona g\u0142\u00f3wna\",\"item\":\"https:\/\/devaharmony.com\/pl\/\"},{\"@type\":\"ListItem\",\"position\":2,\"name\":\"Produkty Ajurwedyjskie\",\"item\":\"https:\/\/devaharmony.com\/pl\/produkty-ajurwedyjskie\/\"},{\"@type\":\"ListItem\",\"position\":3,\"name\":\"Serum do twarzy Pannir Rose &#8211; nawil\u017cenie i blask &#8211; 30 ml | Vanan\"}]},{\"@type\":\"WebSite\",\"@id\":\"https:\/\/devaharmony.com\/pl\/#website\",\"url\":\"https:\/\/devaharmony.com\/pl\/\",\"name\":\"Deva Harmony Polska\",\"description\":\"Ajurwedyjskie Suplementy Diety\",\"potentialAction\":[{\"@type\":\"SearchAction\",\"target\":{\"@type\":\"EntryPoint\",\"urlTemplate\":\"https:\/\/devaharmony.com\/pl\/?s={search_term_string}\"},\"query-input\":\"required name=search_term_string\"}],\"inLanguage\":\"pl-PL\"}]}<\/script>\n<!-- \/ Yoast SEO plugin. -->","yoast_head_json":{"title":"Serum do twarzy Pannir Rose - nawil\u017cenie i blask - 30 ml | Vanan - Deva Harmony Polska","robots":{"index":"index","follow":"follow","max-snippet":"max-snippet:-1","max-image-preview":"max-image-preview:large","max-video-preview":"max-video-preview:-1"},"canonical":"https:\/\/devaharmony.com\/pl\/sklep\/serum-do-twarzy-pannir-rose-nawilzenie-i-blask-30-ml-vanan\/","og_locale":"pl_PL","og_type":"article","og_title":"Serum do twarzy Pannir Rose - nawil\u017cenie i blask - 30 ml | Vanan - Deva Harmony Polska","og_description":"R\u00f3\u017cano - miodowe serum g\u0142\u0119boko nawil\u017caj\u0105ce   intensywnie nawil\u017ca  zmniejsza podra\u017cnienia i zaczerwienienia  uj\u0119drnia  rewitalizuje  od\u017cywia   Pojemno\u015b\u0107:\u00a030 ml","og_url":"https:\/\/devaharmony.com\/pl\/sklep\/serum-do-twarzy-pannir-rose-nawilzenie-i-blask-30-ml-vanan\/","og_site_name":"Deva Harmony Polska","article_modified_time":"2026-03-24T10:16:58+00:00","og_image":[{"width":1080,"height":1080,"url":"https:\/\/devaharmony.com\/pl\/wp-content\/uploads\/2025\/03\/Rose-serum.png","type":"image\/png"}],"twitter_card":"summary_large_image","twitter_misc":{"Szacowany czas czytania":"2 minuty"},"schema":{"@context":"https:\/\/schema.org","@graph":[{"@type":"WebPage","@id":"https:\/\/devaharmony.com\/pl\/sklep\/serum-do-twarzy-pannir-rose-nawilzenie-i-blask-30-ml-vanan\/","url":"https:\/\/devaharmony.com\/pl\/sklep\/serum-do-twarzy-pannir-rose-nawilzenie-i-blask-30-ml-vanan\/","name":"Serum do twarzy Pannir Rose - nawil\u017cenie i blask - 30 ml | Vanan - Deva Harmony Polska","isPartOf":{"@id":"https:\/\/devaharmony.com\/pl\/#website"},"primaryImageOfPage":{"@id":"https:\/\/devaharmony.com\/pl\/sklep\/serum-do-twarzy-pannir-rose-nawilzenie-i-blask-30-ml-vanan\/#primaryimage"},"image":{"@id":"https:\/\/devaharmony.com\/pl\/sklep\/serum-do-twarzy-pannir-rose-nawilzenie-i-blask-30-ml-vanan\/#primaryimage"},"thumbnailUrl":"https:\/\/devaharmony.com\/pl\/wp-content\/uploads\/2025\/03\/Rose-serum.png","datePublished":"2025-03-05T09:35:18+00:00","dateModified":"2026-03-24T10:16:58+00:00","breadcrumb":{"@id":"https:\/\/devaharmony.com\/pl\/sklep\/serum-do-twarzy-pannir-rose-nawilzenie-i-blask-30-ml-vanan\/#breadcrumb"},"inLanguage":"pl-PL","potentialAction":[{"@type":"ReadAction","target":["https:\/\/devaharmony.com\/pl\/sklep\/serum-do-twarzy-pannir-rose-nawilzenie-i-blask-30-ml-vanan\/"]}]},{"@type":"ImageObject","inLanguage":"pl-PL","@id":"https:\/\/devaharmony.com\/pl\/sklep\/serum-do-twarzy-pannir-rose-nawilzenie-i-blask-30-ml-vanan\/#primaryimage","url":"https:\/\/devaharmony.com\/pl\/wp-content\/uploads\/2025\/03\/Rose-serum.png","contentUrl":"https:\/\/devaharmony.com\/pl\/wp-content\/uploads\/2025\/03\/Rose-serum.png","width":1080,"height":1080},{"@type":"BreadcrumbList","@id":"https:\/\/devaharmony.com\/pl\/sklep\/serum-do-twarzy-pannir-rose-nawilzenie-i-blask-30-ml-vanan\/#breadcrumb","itemListElement":[{"@type":"ListItem","position":1,"name":"Strona g\u0142\u00f3wna","item":"https:\/\/devaharmony.com\/pl\/"},{"@type":"ListItem","position":2,"name":"Produkty Ajurwedyjskie","item":"https:\/\/devaharmony.com\/pl\/produkty-ajurwedyjskie\/"},{"@type":"ListItem","position":3,"name":"Serum do twarzy Pannir Rose &#8211; nawil\u017cenie i blask &#8211; 30 ml | Vanan"}]},{"@type":"WebSite","@id":"https:\/\/devaharmony.com\/pl\/#website","url":"https:\/\/devaharmony.com\/pl\/","name":"Deva Harmony Polska","description":"Ajurwedyjskie Suplementy Diety","potentialAction":[{"@type":"SearchAction","target":{"@type":"EntryPoint","urlTemplate":"https:\/\/devaharmony.com\/pl\/?s={search_term_string}"},"query-input":"required name=search_term_string"}],"inLanguage":"pl-PL"}]}},"_links":{"self":[{"href":"https:\/\/devaharmony.com\/pl\/wp-json\/wp\/v2\/product\/43713","targetHints":{"allow":["GET"]}}],"collection":[{"href":"https:\/\/devaharmony.com\/pl\/wp-json\/wp\/v2\/product"}],"about":[{"href":"https:\/\/devaharmony.com\/pl\/wp-json\/wp\/v2\/types\/product"}],"wp:featuredmedia":[{"embeddable":true,"href":"https:\/\/devaharmony.com\/pl\/wp-json\/wp\/v2\/media\/44793"}],"wp:attachment":[{"href":"https:\/\/devaharmony.com\/pl\/wp-json\/wp\/v2\/media?parent=43713"}],"wp:term":[{"taxonomy":"product_brand","embeddable":true,"href":"https:\/\/devaharmony.com\/pl\/wp-json\/wp\/v2\/product_brand?post=43713"},{"taxonomy":"product_cat","embeddable":true,"href":"https:\/\/devaharmony.com\/pl\/wp-json\/wp\/v2\/product_cat?post=43713"},{"taxonomy":"product_tag","embeddable":true,"href":"https:\/\/devaharmony.com\/pl\/wp-json\/wp\/v2\/product_tag?post=43713"}],"curies":[{"name":"wp","href":"https:\/\/api.w.org\/{rel}","templated":true}]}}