{"id":43228,"date":"2025-01-28T14:00:19","date_gmt":"2025-01-28T13:00:19","guid":{"rendered":"https:\/\/devaharmony.com\/pl\/sklep\/vidanga-jelita-i-zoladek-60-kapsulek-vanan\/"},"modified":"2026-04-02T08:20:36","modified_gmt":"2026-04-02T07:20:36","slug":"vidanga-jelita-i-zoladek-60-kapsulek-vanan","status":"publish","type":"product","link":"https:\/\/devaharmony.com\/pl\/sklep\/vidanga-jelita-i-zoladek-60-kapsulek-vanan\/","title":{"rendered":"Vidanga &#8211; jelita i \u017co\u0142\u0105dek &#8211; 60 kapsu\u0142ek | Vanan"},"content":{"rendered":"<p style=\"margin-bottom: 0cm;\"><span style=\"font-family: Tahoma;\">Vanan Vidanga to doskona\u0142y suplement wspomagaj\u0105cy prac\u0119 jelit, zwalczaj\u0105cy robaki i paso\u017cyty oraz \u0142agodz\u0105cy dolegliwo\u015bci \u017co\u0142\u0105dkowe. Ta ajurwedyjska formu\u0142a zawiera vidang\u0119 (Embelia ribes), znan\u0105 r\u00f3wnie\u017c jako fa\u0142szywy czarny pieprz, s\u0142yn\u0105c\u0105 ze swoich w\u0142a\u015bciwo\u015bci przeciwzapalnych i zdolno\u015bci do promowania zdrowych jelit. Vanan Vidanga to produkt wega\u0144ski, wolny od sztucznych konserwant\u00f3w, aromat\u00f3w i powszechnych alergen\u00f3w. Certyfikowany wega\u0144ski, koszerny, halal i produkowany zgodnie ze standardami GMP, jest zaufanym wyborem dla utrzymania optymalnej pracy jelit, zwalczania robak\u00f3w i \u0142agodzenia dolegliwo\u015bci \u017co\u0142\u0105dkowych.&lt;br Jelita, w szczeg\u00f3lno\u015bci flora jelitowa, odgrywaj\u0105 kluczow\u0105 rol\u0119 w trawieniu i naszym zdrowiu. Vanan Vidanga, produkt ajurwedyjski i wega\u0144ski, wykorzystuje niesamowite w\u0142a\u015bciwo\u015bci vidangi, znanej r\u00f3wnie\u017c jako fa\u0142szywym czarnym pieprzem. To niezwyk\u0142e zio\u0142o s\u0142u\u017cy jako naturalny \u015brodek przeciwzapalny, kt\u00f3ry wspiera zdrowe funkcjonowanie jelit. W medycynie ajurwedyjskiej vidanga jest znana ze swojej skuteczno\u015bci w zwalczaniu robak\u00f3w, paso\u017cyt\u00f3w, a tak\u017ce w \u0142agodzeniu dolegliwo\u015bci \u017co\u0142\u0105dkowych i jelitowych.<\/span><\/p>\n<p><strong><span style=\"font-family: Tahoma;\">Ajurwedyjski<\/span><\/strong><\/p>\n<p style=\"margin-bottom: 0cm;\"><strong><span style=\"font-family: Tahoma;\">Bez sztucznych konserwant\u00f3w, aromat\u00f3wi substancji zapachowych<\/span><\/strong><\/p>\n<p style=\"margin-bottom: 0cm;\"><strong><span style=\"font-family: Tahoma;\">Bez cukru, soli, dro\u017cd\u017cy, pszenicy,soi, glutenu i nabia\u0142u<\/span><\/strong><\/p>\n<p style=\"margin-bottom: 0cm;\"><strong><span style=\"font-family: Tahoma;\">Certyfikaty: Wega\u0144ski, koszerny, Halal, GMP<\/span><\/strong><\/p>\n<p><span style=\"font-family: Tahoma;\">\u00a0<\/span><\/p>\n<p style=\"margin-bottom: 0cm;\"><b><span style=\"font-family: Tahoma;\">Produkt w 100% wega\u0144ski<\/span><\/b><\/p>\n<p style=\"margin-bottom: 0cm;\"><span style=\"font-family: Tahoma;\">\u00a0<\/span><\/p>\n<p style=\"margin-bottom: 0cm;\"><b><span style=\"font-family: Tahoma;\">Produkt standaryzowany DER<\/span><\/b><\/p>\n<p style=\"margin-bottom: 0cm;\"><span style=\"font-family: Tahoma;\"><b>Zalecana porcja dzienna:<\/b> 1 kapsu\u0142ka<\/span><\/p>\n<p style=\"margin-bottom: 0cm;\"><span style=\"font-family: Tahoma;\"><b>Pojemno\u015b\u0107:<\/b>\u00a060 kapsu\u0142ek<\/span><\/p>\n<p style=\"margin-bottom: 0cm;\"><b><span style=\"font-family: Tahoma;\">Producent: <\/span><\/b><span style=\"font-family: Tahoma;\">APEX LABORATORIES PRIVATE LTD,<\/span><\/p>\n<p style=\"margin-bottom: 0cm;\"><span style=\"font-family: Tahoma;\"><b>Kraj pochodzenia:\u00a0<\/b>Indie<\/span><\/p>\n<p>&nbsp;<\/p>\n<p style=\"margin-bottom: 0cm;\"><span style=\"font-family: Verdana;\">*Nie nale\u017cy przekracza\u0107 zalecanej porcji dziennej do spo\u017cycia. Suplement diety nie mo\u017ce by\u0107 stosowany jako substytut (zamiennik) zr\u00f3\u017cnicowanej diety. Nale\u017cy przestrzega\u0107 zdrowego trybu \u017cycia i zr\u00f3wnowa\u017conego sposobu \u017cywienia. Nie stosowa\u0107 w przypadku nadwra\u017cliwo\u015bci na sk\u0142adniki preparatu. Produkt nie jest przeznaczony dla dzieci, kobiet w ci\u0105\u017cy ani karmi\u0105cych.<\/span><\/p>\n<p style=\"margin-bottom: 0cm;\"><span style=\"font-family: Verdana;\">*Produkt bez GMO.<\/span><\/p>\n<p style=\"margin-bottom: 0cm;\"><span style=\"font-family: Verdana;\">*Przechowywa\u0107 w spos\u00f3b niedost\u0119pnydla ma\u0142ych dzieci. Chroni\u0107 przed \u015bwiat\u0142em i wilgoci\u0105.<\/span><\/p>\n<p style=\"margin-bottom: 0cm;\"><span style=\"font-family: Verdana;\">*Opisany produkt jest suplementem diety, nie jest produktem leczniczym, kt\u00f3remu przypisuje si\u0119 w\u0142a\u015bciwo\u015bci zapobiegania lub leczenie chor\u00f3b wyst\u0119puj\u0105cych u ludzi.<\/span><\/p>\n<p style=\"margin-bottom: 0cm;\"><span style=\"font-family: Verdana;\">*Przyjmowanie preparat\u00f3w zio\u0142owych najlepiej skonsultowa\u0107 z lekarzem lub farmaceut\u0105, poniewa\u017c dob\u00f3r odpowiedniego preparatu ro\u015blinnego wymaga r\u00f3wnie du\u017cej wiedzy, co w przypadku preparatu chemicznego. Nale\u017cy pami\u0119ta\u0107, \u017ce preparaty ro\u015blinne mog\u0105 wchodzi\u0107 w interakcje z przyjmowanymi lekami i mog\u0105 stanowi\u0107 zagro\u017cenie dla zdrowia. Niekt\u00f3re preparaty zio\u0142owe mog\u0105 wywo\u0142a\u0107 silne dzia\u0142anie, dlatego nale\u017cy przestrzega\u0107 wszystkich zalece\u0144 i ogranicze\u0144 podanych przez producenta. Szczeg\u00f3ln\u0105 ostro\u017cno\u015b\u0107 przy ich stosowaniu musz\u0105 zachowa\u0107 matki karmi\u0105ce i kobiety w ci\u0105\u017cy.<\/span><\/p>\n<p style=\"margin-bottom: 0cm;\">\n","protected":false},"excerpt":{"rendered":"<p><b><span style=\"font-family: Tahoma;\">Dla wsparcia prawid\u0142owej pracy jelit i \u0142agodzenia dolegliwo\u015bci \u017co\u0142\u0105dkowych.\u00a0<\/span><\/b><\/p>\n<ul>\n<li><span style=\"font-family: Tahoma;\">\u0141agodzi dolegliwo\u015bci \u017co\u0142\u0105dkowe<\/span><\/li>\n<li><span style=\"font-family: Tahoma;\">Pomaga zwalcza\u0107 robaki, paso\u017cyty<\/span><\/li>\n<li><span style=\"font-family: Tahoma;\">Przyczynia si\u0119 do prawid\u0142owej pracy jelit<\/span><\/li>\n<\/ul>\n<p><span style=\"font-family: Tahoma;\">\u00a0<\/span><img decoding=\"async\" class=\"alignnone wp-image-45166 size-thumbnail\" src=\"https:\/\/devaharmony.com\/pl\/wp-content\/uploads\/2025\/01\/Projekt-bez-nazwy-8-150x150.png\" alt=\"\" width=\"150\" height=\"150\" srcset=\"https:\/\/devaharmony.com\/pl\/wp-content\/uploads\/2025\/01\/Projekt-bez-nazwy-8-150x150.png 150w, https:\/\/devaharmony.com\/pl\/wp-content\/uploads\/2025\/01\/Projekt-bez-nazwy-8-300x300.png 300w, https:\/\/devaharmony.com\/pl\/wp-content\/uploads\/2025\/01\/Projekt-bez-nazwy-8-768x768.png 768w, https:\/\/devaharmony.com\/pl\/wp-content\/uploads\/2025\/01\/Projekt-bez-nazwy-8-600x600.png 600w, https:\/\/devaharmony.com\/pl\/wp-content\/uploads\/2025\/01\/Projekt-bez-nazwy-8-100x100.png 100w, https:\/\/devaharmony.com\/pl\/wp-content\/uploads\/2025\/01\/Projekt-bez-nazwy-8-64x64.png 64w, https:\/\/devaharmony.com\/pl\/wp-content\/uploads\/2025\/01\/Projekt-bez-nazwy-8.png 1024w\" sizes=\"(max-width: 150px) 100vw, 150px\" \/><\/p>\n<p><b><span style=\"font-family: Tahoma;\">Produkt: 100 % wega\u0144ski, bez alergen\u00f3w<\/span><\/b><\/p>\n<p><span style=\"font-family: Tahoma;\"><b>Pojemno\u015b\u0107:<\/b> 60 kapsu\u0142ek<\/span><\/p>\n<p><b><span style=\"font-family: Tahoma;\">1 opakowanie wystarcza na 2 miesi\u0105ce stosowania\u00a0<\/span><\/b><\/p>\n<div><\/div>\n","protected":false},"featured_media":44809,"template":"","meta":{"_editorskit_title_hidden":false,"_editorskit_reading_time":0,"_editorskit_is_block_options_detached":false,"_editorskit_block_options_position":"{}"},"product_brand":[],"product_cat":[46,645,631,472,499,505,491,18,44,500,470,456,35,629],"product_tag":[],"class_list":{"0":"post-43228","1":"product","2":"type-product","3":"status-publish","4":"has-post-thumbnail","6":"product_cat-dla-diabetykow","7":"product_cat-green-week","8":"product_cat-idealne-na-lato-","9":"product_cat-kapha","10":"product_cat-marki","11":"product_cat-nowosci","12":"product_cat-przeznaczenie-produktow","13":"product_cat-suplementy","14":"product_cat-trawienie","15":"product_cat-vanan","16":"product_cat-vata","17":"product_cat-ziola-ajurwedyjskie","18":"product_cat-ziola","19":"product_cat-wiosenna-promocja","21":"first","22":"instock","23":"taxable","24":"shipping-taxable","25":"purchasable","26":"product-type-simple","27":"add-to-wishlist-before_image"},"acf":{"ilosc_sztuk_w_pudelku":"","ilosc_pudelek_w_kartonie":"","wykluczyc_z_szybkich_zakupow":""},"yoast_head":"<!-- This site is optimized with the Yoast SEO plugin v23.1 - https:\/\/yoast.com\/wordpress\/plugins\/seo\/ -->\n<title>Vidanga - jelita i \u017co\u0142\u0105dek - 60 kapsu\u0142ek | Vanan - Deva Harmony Polska<\/title>\n<meta name=\"robots\" content=\"index, follow, max-snippet:-1, max-image-preview:large, max-video-preview:-1\" \/>\n<link rel=\"canonical\" href=\"https:\/\/devaharmony.com\/pl\/sklep\/vidanga-jelita-i-zoladek-60-kapsulek-vanan\/\" \/>\n<meta property=\"og:locale\" content=\"pl_PL\" \/>\n<meta property=\"og:type\" content=\"article\" \/>\n<meta property=\"og:title\" content=\"Vidanga - jelita i \u017co\u0142\u0105dek - 60 kapsu\u0142ek | Vanan - Deva Harmony Polska\" \/>\n<meta property=\"og:description\" content=\"Dla wsparcia prawid\u0142owej pracy jelit i \u0142agodzenia dolegliwo\u015bci \u017co\u0142\u0105dkowych.\u00a0   \u0141agodzi dolegliwo\u015bci \u017co\u0142\u0105dkowe  Pomaga zwalcza\u0107 robaki, paso\u017cyty  Przyczynia si\u0119 do prawid\u0142owej pracy jelit  \u00a0  Produkt: 100 % wega\u0144ski, bez alergen\u00f3w  Pojemno\u015b\u0107: 60 kapsu\u0142ek  1 opakowanie wystarcza na 2 miesi\u0105ce stosowania\u00a0\" \/>\n<meta property=\"og:url\" content=\"https:\/\/devaharmony.com\/pl\/sklep\/vidanga-jelita-i-zoladek-60-kapsulek-vanan\/\" \/>\n<meta property=\"og:site_name\" content=\"Deva Harmony Polska\" \/>\n<meta property=\"article:modified_time\" content=\"2026-04-02T07:20:36+00:00\" \/>\n<meta property=\"og:image\" content=\"https:\/\/devaharmony.com\/pl\/wp-content\/uploads\/2025\/01\/Vidanga.png\" \/>\n\t<meta property=\"og:image:width\" content=\"1080\" \/>\n\t<meta property=\"og:image:height\" content=\"1080\" \/>\n\t<meta property=\"og:image:type\" content=\"image\/png\" \/>\n<meta name=\"twitter:card\" content=\"summary_large_image\" \/>\n<meta name=\"twitter:label1\" content=\"Szacowany czas czytania\" \/>\n\t<meta name=\"twitter:data1\" content=\"2 minuty\" \/>\n<script type=\"application\/ld+json\" class=\"yoast-schema-graph\">{\"@context\":\"https:\/\/schema.org\",\"@graph\":[{\"@type\":\"WebPage\",\"@id\":\"https:\/\/devaharmony.com\/pl\/sklep\/vidanga-jelita-i-zoladek-60-kapsulek-vanan\/\",\"url\":\"https:\/\/devaharmony.com\/pl\/sklep\/vidanga-jelita-i-zoladek-60-kapsulek-vanan\/\",\"name\":\"Vidanga - jelita i \u017co\u0142\u0105dek - 60 kapsu\u0142ek | Vanan - Deva Harmony Polska\",\"isPartOf\":{\"@id\":\"https:\/\/devaharmony.com\/pl\/#website\"},\"primaryImageOfPage\":{\"@id\":\"https:\/\/devaharmony.com\/pl\/sklep\/vidanga-jelita-i-zoladek-60-kapsulek-vanan\/#primaryimage\"},\"image\":{\"@id\":\"https:\/\/devaharmony.com\/pl\/sklep\/vidanga-jelita-i-zoladek-60-kapsulek-vanan\/#primaryimage\"},\"thumbnailUrl\":\"https:\/\/devaharmony.com\/pl\/wp-content\/uploads\/2025\/01\/Vidanga.png\",\"datePublished\":\"2025-01-28T13:00:19+00:00\",\"dateModified\":\"2026-04-02T07:20:36+00:00\",\"breadcrumb\":{\"@id\":\"https:\/\/devaharmony.com\/pl\/sklep\/vidanga-jelita-i-zoladek-60-kapsulek-vanan\/#breadcrumb\"},\"inLanguage\":\"pl-PL\",\"potentialAction\":[{\"@type\":\"ReadAction\",\"target\":[\"https:\/\/devaharmony.com\/pl\/sklep\/vidanga-jelita-i-zoladek-60-kapsulek-vanan\/\"]}]},{\"@type\":\"ImageObject\",\"inLanguage\":\"pl-PL\",\"@id\":\"https:\/\/devaharmony.com\/pl\/sklep\/vidanga-jelita-i-zoladek-60-kapsulek-vanan\/#primaryimage\",\"url\":\"https:\/\/devaharmony.com\/pl\/wp-content\/uploads\/2025\/01\/Vidanga.png\",\"contentUrl\":\"https:\/\/devaharmony.com\/pl\/wp-content\/uploads\/2025\/01\/Vidanga.png\",\"width\":1080,\"height\":1080},{\"@type\":\"BreadcrumbList\",\"@id\":\"https:\/\/devaharmony.com\/pl\/sklep\/vidanga-jelita-i-zoladek-60-kapsulek-vanan\/#breadcrumb\",\"itemListElement\":[{\"@type\":\"ListItem\",\"position\":1,\"name\":\"Strona g\u0142\u00f3wna\",\"item\":\"https:\/\/devaharmony.com\/pl\/\"},{\"@type\":\"ListItem\",\"position\":2,\"name\":\"Produkty Ajurwedyjskie\",\"item\":\"https:\/\/devaharmony.com\/pl\/produkty-ajurwedyjskie\/\"},{\"@type\":\"ListItem\",\"position\":3,\"name\":\"Vidanga &#8211; jelita i \u017co\u0142\u0105dek &#8211; 60 kapsu\u0142ek | Vanan\"}]},{\"@type\":\"WebSite\",\"@id\":\"https:\/\/devaharmony.com\/pl\/#website\",\"url\":\"https:\/\/devaharmony.com\/pl\/\",\"name\":\"Deva Harmony Polska\",\"description\":\"Ajurwedyjskie Suplementy Diety\",\"potentialAction\":[{\"@type\":\"SearchAction\",\"target\":{\"@type\":\"EntryPoint\",\"urlTemplate\":\"https:\/\/devaharmony.com\/pl\/?s={search_term_string}\"},\"query-input\":\"required name=search_term_string\"}],\"inLanguage\":\"pl-PL\"}]}<\/script>\n<!-- \/ Yoast SEO plugin. -->","yoast_head_json":{"title":"Vidanga - jelita i \u017co\u0142\u0105dek - 60 kapsu\u0142ek | Vanan - Deva Harmony Polska","robots":{"index":"index","follow":"follow","max-snippet":"max-snippet:-1","max-image-preview":"max-image-preview:large","max-video-preview":"max-video-preview:-1"},"canonical":"https:\/\/devaharmony.com\/pl\/sklep\/vidanga-jelita-i-zoladek-60-kapsulek-vanan\/","og_locale":"pl_PL","og_type":"article","og_title":"Vidanga - jelita i \u017co\u0142\u0105dek - 60 kapsu\u0142ek | Vanan - Deva Harmony Polska","og_description":"Dla wsparcia prawid\u0142owej pracy jelit i \u0142agodzenia dolegliwo\u015bci \u017co\u0142\u0105dkowych.\u00a0   \u0141agodzi dolegliwo\u015bci \u017co\u0142\u0105dkowe  Pomaga zwalcza\u0107 robaki, paso\u017cyty  Przyczynia si\u0119 do prawid\u0142owej pracy jelit  \u00a0  Produkt: 100 % wega\u0144ski, bez alergen\u00f3w  Pojemno\u015b\u0107: 60 kapsu\u0142ek  1 opakowanie wystarcza na 2 miesi\u0105ce stosowania\u00a0","og_url":"https:\/\/devaharmony.com\/pl\/sklep\/vidanga-jelita-i-zoladek-60-kapsulek-vanan\/","og_site_name":"Deva Harmony Polska","article_modified_time":"2026-04-02T07:20:36+00:00","og_image":[{"width":1080,"height":1080,"url":"https:\/\/devaharmony.com\/pl\/wp-content\/uploads\/2025\/01\/Vidanga.png","type":"image\/png"}],"twitter_card":"summary_large_image","twitter_misc":{"Szacowany czas czytania":"2 minuty"},"schema":{"@context":"https:\/\/schema.org","@graph":[{"@type":"WebPage","@id":"https:\/\/devaharmony.com\/pl\/sklep\/vidanga-jelita-i-zoladek-60-kapsulek-vanan\/","url":"https:\/\/devaharmony.com\/pl\/sklep\/vidanga-jelita-i-zoladek-60-kapsulek-vanan\/","name":"Vidanga - jelita i \u017co\u0142\u0105dek - 60 kapsu\u0142ek | Vanan - Deva Harmony Polska","isPartOf":{"@id":"https:\/\/devaharmony.com\/pl\/#website"},"primaryImageOfPage":{"@id":"https:\/\/devaharmony.com\/pl\/sklep\/vidanga-jelita-i-zoladek-60-kapsulek-vanan\/#primaryimage"},"image":{"@id":"https:\/\/devaharmony.com\/pl\/sklep\/vidanga-jelita-i-zoladek-60-kapsulek-vanan\/#primaryimage"},"thumbnailUrl":"https:\/\/devaharmony.com\/pl\/wp-content\/uploads\/2025\/01\/Vidanga.png","datePublished":"2025-01-28T13:00:19+00:00","dateModified":"2026-04-02T07:20:36+00:00","breadcrumb":{"@id":"https:\/\/devaharmony.com\/pl\/sklep\/vidanga-jelita-i-zoladek-60-kapsulek-vanan\/#breadcrumb"},"inLanguage":"pl-PL","potentialAction":[{"@type":"ReadAction","target":["https:\/\/devaharmony.com\/pl\/sklep\/vidanga-jelita-i-zoladek-60-kapsulek-vanan\/"]}]},{"@type":"ImageObject","inLanguage":"pl-PL","@id":"https:\/\/devaharmony.com\/pl\/sklep\/vidanga-jelita-i-zoladek-60-kapsulek-vanan\/#primaryimage","url":"https:\/\/devaharmony.com\/pl\/wp-content\/uploads\/2025\/01\/Vidanga.png","contentUrl":"https:\/\/devaharmony.com\/pl\/wp-content\/uploads\/2025\/01\/Vidanga.png","width":1080,"height":1080},{"@type":"BreadcrumbList","@id":"https:\/\/devaharmony.com\/pl\/sklep\/vidanga-jelita-i-zoladek-60-kapsulek-vanan\/#breadcrumb","itemListElement":[{"@type":"ListItem","position":1,"name":"Strona g\u0142\u00f3wna","item":"https:\/\/devaharmony.com\/pl\/"},{"@type":"ListItem","position":2,"name":"Produkty Ajurwedyjskie","item":"https:\/\/devaharmony.com\/pl\/produkty-ajurwedyjskie\/"},{"@type":"ListItem","position":3,"name":"Vidanga &#8211; jelita i \u017co\u0142\u0105dek &#8211; 60 kapsu\u0142ek | Vanan"}]},{"@type":"WebSite","@id":"https:\/\/devaharmony.com\/pl\/#website","url":"https:\/\/devaharmony.com\/pl\/","name":"Deva Harmony Polska","description":"Ajurwedyjskie Suplementy Diety","potentialAction":[{"@type":"SearchAction","target":{"@type":"EntryPoint","urlTemplate":"https:\/\/devaharmony.com\/pl\/?s={search_term_string}"},"query-input":"required name=search_term_string"}],"inLanguage":"pl-PL"}]}},"_links":{"self":[{"href":"https:\/\/devaharmony.com\/pl\/wp-json\/wp\/v2\/product\/43228","targetHints":{"allow":["GET"]}}],"collection":[{"href":"https:\/\/devaharmony.com\/pl\/wp-json\/wp\/v2\/product"}],"about":[{"href":"https:\/\/devaharmony.com\/pl\/wp-json\/wp\/v2\/types\/product"}],"wp:featuredmedia":[{"embeddable":true,"href":"https:\/\/devaharmony.com\/pl\/wp-json\/wp\/v2\/media\/44809"}],"wp:attachment":[{"href":"https:\/\/devaharmony.com\/pl\/wp-json\/wp\/v2\/media?parent=43228"}],"wp:term":[{"taxonomy":"product_brand","embeddable":true,"href":"https:\/\/devaharmony.com\/pl\/wp-json\/wp\/v2\/product_brand?post=43228"},{"taxonomy":"product_cat","embeddable":true,"href":"https:\/\/devaharmony.com\/pl\/wp-json\/wp\/v2\/product_cat?post=43228"},{"taxonomy":"product_tag","embeddable":true,"href":"https:\/\/devaharmony.com\/pl\/wp-json\/wp\/v2\/product_tag?post=43228"}],"curies":[{"name":"wp","href":"https:\/\/api.w.org\/{rel}","templated":true}]}}