{"id":43103,"date":"2025-01-23T15:08:47","date_gmt":"2025-01-23T14:08:47","guid":{"rendered":"https:\/\/devaharmony.com\/pl\/sklep\/boswellia-stawy-miesnie-kosci-60-kapsulek-vanan\/"},"modified":"2026-04-05T15:31:16","modified_gmt":"2026-04-05T14:31:16","slug":"boswellia-stawy-miesnie-kosci-60-kapsulek-vanan","status":"publish","type":"product","link":"https:\/\/devaharmony.com\/pl\/sklep\/boswellia-stawy-miesnie-kosci-60-kapsulek-vanan\/","title":{"rendered":"Boswellia &#8211; zdrowie staw\u00f3w i oczyszczanie &#8211; 60 kapsu\u0142ek | Vanan"},"content":{"rendered":"<div><span style=\"font-size: 14px; font-family: Verdana;\">\u2728 <b>Produkt premium<\/b>\u00a0\u2728<\/span><\/div>\n<div><span style=\"font-size: 14px; font-family: Verdana;\">\u00a0<\/span><\/div>\n<div>\n<p style=\"margin-bottom: 0cm;\"><span style=\"font-size: 14px; font-family: Verdana;\">Vanan Boswellia <b>wzmacnia ko\u015bci i stawy<\/b> oraz poprawia <b>elastyczno\u015b\u0107 mi\u0119\u015bni i staw\u00f3w<\/b>. Ta ajurwedyjska mieszanka zi\u00f3\u0142 jest wolna od sztucznych konserwant\u00f3w, aromat\u00f3w i alergen\u00f3w. Vanan Boswellia jest certyfikowanym produktem wega\u0144skim, koszernym, halal i zgodnym ze standardami GMP.<br \/>\n<\/span><\/p>\n<p style=\"margin-bottom: 0cm;\"><span style=\"font-size: 14px; font-family: Verdana;\">\u00a0<\/span><\/p>\n<p style=\"margin-bottom: 0cm;\"><span style=\"font-size: 14px; font-family: Verdana;\">Codzienne \u0107wiczenia i zdrowe od\u017cywianie s\u0105 niezb\u0119dne dla mocnych ko\u015bci, kt\u00f3re z wiekiem trac\u0105 swoj\u0105 g\u0119sto\u015b\u0107 oraz elastycznych mi\u0119\u015bni, kt\u00f3re mog\u0105 si\u0119 rozlu\u017ania\u0107, co cz\u0119sto prowadzi do ich sztywno\u015bci. Vanan Boswellia zawiera ekstrakt z <b>Kadzid\u0142owca indyjskiego<\/b> (<i>Boswellia serrata<\/i>), kt\u00f3ry pomaga utrzyma\u0107 mocne ko\u015bci i elastyczne stawy. \u017bywica zekstraktu Boswellia jest od <\/span><span style=\"font-size: 14px; font-family: Verdana;\">wiek\u00f3w stosowana w azjatyckiej i afryka\u0144skiej medycynie ludowej. Kapsu\u0142ki Boswellia s\u0105 w 100% ajurwedyjskie i wega\u0144skie.<\/span><\/p>\n<\/div>\n<div>\n<p>&nbsp;<\/p>\n<p>&nbsp;<\/p>\n<\/div>\n<div>\n<div><b><span style=\"font-size: 14px; font-family: Verdana;\">Produkt w 100% wega\u0144ski<\/span><\/b><\/div>\n<div><b><span style=\"font-size: 14px; font-family: Verdana;\">\u00a0<\/span><\/b><\/div>\n<div><b><span style=\"font-size: 14px; font-family: Verdana;\">Produkt standaryzowany DER<\/span><\/b><\/div>\n<div><span style=\"font-size: 14px; font-family: Verdana;\"><b>Zalecana porcja dzienna:<\/b> 1 kapsu\u0142ka<\/span><\/div>\n<div><span style=\"font-size: 14px; font-family: Verdana;\"><b>Pojemno\u015b\u0107:<\/b> 60 kapsu\u0142ek<\/span><\/div>\n<div><b><span style=\"font-size: 14px; font-family: Verdana;\">Producent:\u00a0<\/span><\/b><\/div>\n<div><span style=\"font-size: 14px; font-family: Verdana;\"><b>Kraj pochodzenia: <\/b>Indie<\/span><\/div>\n<\/div>\n<div><span style=\"font-size: 14px; font-family: Verdana;\">\u00a0<\/span><\/div>\n<div>\n<div><b><span style=\"font-size: 14px; font-family: Verdana;\">Produkt bez sztucznych konserwant\u00f3w, aromat\u00f3w i substancji zapachowych.<\/span><\/b><\/div>\n<div><b><span style=\"font-size: 14px; font-family: Verdana;\">Bez cukru, soli, dro\u017cd\u017cy, pszenicy, soi, glutenu i nabia\u0142u<\/span><\/b><\/div>\n<\/div>\n<div><span style=\"font-size: 14px; font-family: Verdana;\">\u00a0<\/span><\/div>\n<div><span style=\"font-size: 14px; font-family: Verdana;\">\u00a0<\/span><\/div>\n<div>\n<div>\n<p style=\"margin-bottom: 0cm;\"><span style=\"font-family: Verdana;\">*Nie nale\u017cy przekracza\u0107 zalecanej porcji dziennej do spo\u017cycia. Suplement diety nie mo\u017ce by\u0107 stosowany jako substytut (zamiennik) zr\u00f3\u017cnicowanej diety. Nale\u017cy przestrzega\u0107 zdrowego trybu \u017cycia i zr\u00f3wnowa\u017conego sposobu \u017cywienia. Nie stosowa\u0107 w przypadku nadwra\u017cliwo\u015bci na sk\u0142adniki preparatu. Produkt nie jest przeznaczony dla dzieci, kobiet w ci\u0105\u017cy ani karmi\u0105cych.<\/span><\/p>\n<p style=\"margin-bottom: 0cm;\"><span style=\"font-family: Verdana;\">*Produkt bez GMO.<\/span><\/p>\n<p style=\"margin-bottom: 0cm;\"><span style=\"font-family: Verdana;\">*Przechowywa\u0107 w spos\u00f3b niedost\u0119pnydla ma\u0142ych dzieci. Chroni\u0107 przed \u015bwiat\u0142em i wilgoci\u0105.<\/span><\/p>\n<p style=\"margin-bottom: 0cm;\"><span style=\"font-family: Verdana;\">*Opisany produkt jest suplementem diety, nie jest produktem leczniczym, kt\u00f3remu przypisuje si\u0119 w\u0142a\u015bciwo\u015bci zapobiegania lub leczenie chor\u00f3b wyst\u0119puj\u0105cych u ludzi.<\/span><\/p>\n<p style=\"margin-bottom: 0cm;\"><span style=\"font-family: Verdana;\">*Przyjmowanie preparat\u00f3w zio\u0142owych najlepiej skonsultowa\u0107 z lekarzem lub farmaceut\u0105, poniewa\u017c dob\u00f3r odpowiedniego preparatu ro\u015blinnego wymaga r\u00f3wnie du\u017cej wiedzy, co w przypadku preparatu chemicznego. Nale\u017cy pami\u0119ta\u0107, \u017ce preparaty ro\u015blinne mog\u0105 wchodzi\u0107 w interakcje z przyjmowanymi lekami i mog\u0105 stanowi\u0107 zagro\u017cenie dla zdrowia. Niekt\u00f3re preparaty zio\u0142owe mog\u0105 wywo\u0142a\u0107 silne dzia\u0142anie, dlatego nale\u017cy przestrzega\u0107 wszystkich zalece\u0144 i ogranicze\u0144 podanych przez producenta. Szczeg\u00f3ln\u0105 ostro\u017cno\u015b\u0107 przy ich stosowaniu musz\u0105 zachowa\u0107 matki karmi\u0105ce i kobiety w ci\u0105\u017cy.<\/span><\/p>\n<\/div>\n<div><span style=\"font-size: 14px; font-family: Verdana;\">\u00a0<\/span><\/div>\n<\/div>\n<div><span style=\"font-size: 14px; font-family: Verdana;\">\u00a0<\/span><\/div>\n<div><\/div>\n","protected":false},"excerpt":{"rendered":"<p><span style=\"color: inherit;\"><b><span style=\"font-size: 14px; font-family: Verdana;\">Dla elastycznych staw\u00f3w i mocnych ko\u015bci<\/span><\/b><\/span><\/p>\n<p><span style=\"font-weight: 600; color: inherit;\"><span style=\"font-size: 14px; font-family: Verdana;\">\u00a0<\/span><\/span><\/p>\n<ul>\n<li><span style=\"font-size: 14px; font-family: Verdana;\">Zwi\u0119ksza elastyczno\u015b\u0107 mi\u0119\u015bni i staw\u00f3w<\/span><\/li>\n<li><span style=\"font-size: 14px; font-family: Verdana;\">Wzmacnia ko\u015bci<\/span><\/li>\n<li><span style=\"font-size: 14px; font-family: Verdana;\">Wspiera uk\u0142ad oddechowy<\/span><\/li>\n<li><span style=\"font-size: 14px; font-family: Verdana;\">Poprawia mobilno\u015b\u0107 ruchow\u0105 staw\u00f3w<\/span><\/li>\n<\/ul>\n<p><span style=\"font-size: 14px; font-family: Verdana;\"><br \/>\n\u2728\u00a0<span style=\"font-weight: 600;\">Produkt premium<\/span>\u00a0\u2728<\/span><\/p>\n<p><span style=\"font-weight: 600; color: inherit;\"><span style=\"font-size: 14px; font-family: Verdana;\">Produkt 100% wega\u0144ski<\/span><\/span><\/p>\n<p><span style=\"color: var(--gray-800);\"><span style=\"font-size: 14px; font-family: Verdana;\"><span style=\"font-weight: 600; color: inherit;\">Pojemno\u015b\u0107:\u00a0<\/span>60 kapsu\u0142ek<\/span><\/span><\/p>\n<p><span style=\"font-weight: 600; color: inherit;\"><span style=\"font-size: 14px; font-family: Verdana;\">1 opakowanie wystarcza na 2 miesi\u0105ce stosowania\u00a0<\/span><\/span><\/p>\n","protected":false},"featured_media":44815,"template":"","meta":{"_editorskit_title_hidden":false,"_editorskit_reading_time":0,"_editorskit_is_block_options_detached":false,"_editorskit_block_options_position":"{}"},"product_brand":[],"product_cat":[645,472,499,471,500,470,629,46],"product_tag":[],"class_list":{"0":"post-43103","1":"product","2":"type-product","3":"status-publish","4":"has-post-thumbnail","6":"product_cat-green-week","7":"product_cat-kapha","8":"product_cat-marki","9":"product_cat-pitta","10":"product_cat-vanan","11":"product_cat-vata","12":"product_cat-wiosenna-promocja","13":"product_cat-dla-diabetykow","15":"first","16":"instock","17":"taxable","18":"shipping-taxable","19":"purchasable","20":"product-type-simple","21":"add-to-wishlist-before_image"},"acf":{"ilosc_sztuk_w_pudelku":"","ilosc_pudelek_w_kartonie":"","wykluczyc_z_szybkich_zakupow":""},"yoast_head":"<!-- This site is optimized with the Yoast SEO plugin v23.1 - https:\/\/yoast.com\/wordpress\/plugins\/seo\/ -->\n<title>Boswellia - zdrowie staw\u00f3w i oczyszczanie - 60 kapsu\u0142ek | Vanan - Deva Harmony Polska<\/title>\n<meta name=\"robots\" content=\"index, follow, max-snippet:-1, max-image-preview:large, max-video-preview:-1\" \/>\n<link rel=\"canonical\" href=\"https:\/\/devaharmony.com\/pl\/sklep\/boswellia-stawy-miesnie-kosci-60-kapsulek-vanan\/\" \/>\n<meta property=\"og:locale\" content=\"pl_PL\" \/>\n<meta property=\"og:type\" content=\"article\" \/>\n<meta property=\"og:title\" content=\"Boswellia - zdrowie staw\u00f3w i oczyszczanie - 60 kapsu\u0142ek | Vanan - Deva Harmony Polska\" \/>\n<meta property=\"og:description\" content=\"Dla elastycznych staw\u00f3w i mocnych ko\u015bci  \u00a0   Zwi\u0119ksza elastyczno\u015b\u0107 mi\u0119\u015bni i staw\u00f3w  Wzmacnia ko\u015bci  Wspiera uk\u0142ad oddechowy  Poprawia mobilno\u015b\u0107 ruchow\u0105 staw\u00f3w   \u2728\u00a0Produkt premium\u00a0\u2728  Produkt 100% wega\u0144ski  Pojemno\u015b\u0107:\u00a060 kapsu\u0142ek  1 opakowanie wystarcza na 2 miesi\u0105ce stosowania\u00a0\" \/>\n<meta property=\"og:url\" content=\"https:\/\/devaharmony.com\/pl\/sklep\/boswellia-stawy-miesnie-kosci-60-kapsulek-vanan\/\" \/>\n<meta property=\"og:site_name\" content=\"Deva Harmony Polska\" \/>\n<meta property=\"article:modified_time\" content=\"2026-04-05T14:31:16+00:00\" \/>\n<meta property=\"og:image\" content=\"https:\/\/devaharmony.com\/pl\/wp-content\/uploads\/2025\/01\/Boswellia.png\" \/>\n\t<meta property=\"og:image:width\" content=\"1080\" \/>\n\t<meta property=\"og:image:height\" content=\"1080\" \/>\n\t<meta property=\"og:image:type\" content=\"image\/png\" \/>\n<meta name=\"twitter:card\" content=\"summary_large_image\" \/>\n<meta name=\"twitter:label1\" content=\"Szacowany czas czytania\" \/>\n\t<meta name=\"twitter:data1\" content=\"2 minuty\" \/>\n<script type=\"application\/ld+json\" class=\"yoast-schema-graph\">{\"@context\":\"https:\/\/schema.org\",\"@graph\":[{\"@type\":\"WebPage\",\"@id\":\"https:\/\/devaharmony.com\/pl\/sklep\/boswellia-stawy-miesnie-kosci-60-kapsulek-vanan\/\",\"url\":\"https:\/\/devaharmony.com\/pl\/sklep\/boswellia-stawy-miesnie-kosci-60-kapsulek-vanan\/\",\"name\":\"Boswellia - zdrowie staw\u00f3w i oczyszczanie - 60 kapsu\u0142ek | Vanan - Deva Harmony Polska\",\"isPartOf\":{\"@id\":\"https:\/\/devaharmony.com\/pl\/#website\"},\"primaryImageOfPage\":{\"@id\":\"https:\/\/devaharmony.com\/pl\/sklep\/boswellia-stawy-miesnie-kosci-60-kapsulek-vanan\/#primaryimage\"},\"image\":{\"@id\":\"https:\/\/devaharmony.com\/pl\/sklep\/boswellia-stawy-miesnie-kosci-60-kapsulek-vanan\/#primaryimage\"},\"thumbnailUrl\":\"https:\/\/devaharmony.com\/pl\/wp-content\/uploads\/2025\/01\/Boswellia.png\",\"datePublished\":\"2025-01-23T14:08:47+00:00\",\"dateModified\":\"2026-04-05T14:31:16+00:00\",\"breadcrumb\":{\"@id\":\"https:\/\/devaharmony.com\/pl\/sklep\/boswellia-stawy-miesnie-kosci-60-kapsulek-vanan\/#breadcrumb\"},\"inLanguage\":\"pl-PL\",\"potentialAction\":[{\"@type\":\"ReadAction\",\"target\":[\"https:\/\/devaharmony.com\/pl\/sklep\/boswellia-stawy-miesnie-kosci-60-kapsulek-vanan\/\"]}]},{\"@type\":\"ImageObject\",\"inLanguage\":\"pl-PL\",\"@id\":\"https:\/\/devaharmony.com\/pl\/sklep\/boswellia-stawy-miesnie-kosci-60-kapsulek-vanan\/#primaryimage\",\"url\":\"https:\/\/devaharmony.com\/pl\/wp-content\/uploads\/2025\/01\/Boswellia.png\",\"contentUrl\":\"https:\/\/devaharmony.com\/pl\/wp-content\/uploads\/2025\/01\/Boswellia.png\",\"width\":1080,\"height\":1080},{\"@type\":\"BreadcrumbList\",\"@id\":\"https:\/\/devaharmony.com\/pl\/sklep\/boswellia-stawy-miesnie-kosci-60-kapsulek-vanan\/#breadcrumb\",\"itemListElement\":[{\"@type\":\"ListItem\",\"position\":1,\"name\":\"Strona g\u0142\u00f3wna\",\"item\":\"https:\/\/devaharmony.com\/pl\/\"},{\"@type\":\"ListItem\",\"position\":2,\"name\":\"Produkty Ajurwedyjskie\",\"item\":\"https:\/\/devaharmony.com\/pl\/produkty-ajurwedyjskie\/\"},{\"@type\":\"ListItem\",\"position\":3,\"name\":\"Boswellia &#8211; zdrowie staw\u00f3w i oczyszczanie &#8211; 60 kapsu\u0142ek | Vanan\"}]},{\"@type\":\"WebSite\",\"@id\":\"https:\/\/devaharmony.com\/pl\/#website\",\"url\":\"https:\/\/devaharmony.com\/pl\/\",\"name\":\"Deva Harmony Polska\",\"description\":\"Ajurwedyjskie Suplementy Diety\",\"potentialAction\":[{\"@type\":\"SearchAction\",\"target\":{\"@type\":\"EntryPoint\",\"urlTemplate\":\"https:\/\/devaharmony.com\/pl\/?s={search_term_string}\"},\"query-input\":\"required name=search_term_string\"}],\"inLanguage\":\"pl-PL\"}]}<\/script>\n<!-- \/ Yoast SEO plugin. -->","yoast_head_json":{"title":"Boswellia - zdrowie staw\u00f3w i oczyszczanie - 60 kapsu\u0142ek | Vanan - Deva Harmony Polska","robots":{"index":"index","follow":"follow","max-snippet":"max-snippet:-1","max-image-preview":"max-image-preview:large","max-video-preview":"max-video-preview:-1"},"canonical":"https:\/\/devaharmony.com\/pl\/sklep\/boswellia-stawy-miesnie-kosci-60-kapsulek-vanan\/","og_locale":"pl_PL","og_type":"article","og_title":"Boswellia - zdrowie staw\u00f3w i oczyszczanie - 60 kapsu\u0142ek | Vanan - Deva Harmony Polska","og_description":"Dla elastycznych staw\u00f3w i mocnych ko\u015bci  \u00a0   Zwi\u0119ksza elastyczno\u015b\u0107 mi\u0119\u015bni i staw\u00f3w  Wzmacnia ko\u015bci  Wspiera uk\u0142ad oddechowy  Poprawia mobilno\u015b\u0107 ruchow\u0105 staw\u00f3w   \u2728\u00a0Produkt premium\u00a0\u2728  Produkt 100% wega\u0144ski  Pojemno\u015b\u0107:\u00a060 kapsu\u0142ek  1 opakowanie wystarcza na 2 miesi\u0105ce stosowania\u00a0","og_url":"https:\/\/devaharmony.com\/pl\/sklep\/boswellia-stawy-miesnie-kosci-60-kapsulek-vanan\/","og_site_name":"Deva Harmony Polska","article_modified_time":"2026-04-05T14:31:16+00:00","og_image":[{"width":1080,"height":1080,"url":"https:\/\/devaharmony.com\/pl\/wp-content\/uploads\/2025\/01\/Boswellia.png","type":"image\/png"}],"twitter_card":"summary_large_image","twitter_misc":{"Szacowany czas czytania":"2 minuty"},"schema":{"@context":"https:\/\/schema.org","@graph":[{"@type":"WebPage","@id":"https:\/\/devaharmony.com\/pl\/sklep\/boswellia-stawy-miesnie-kosci-60-kapsulek-vanan\/","url":"https:\/\/devaharmony.com\/pl\/sklep\/boswellia-stawy-miesnie-kosci-60-kapsulek-vanan\/","name":"Boswellia - zdrowie staw\u00f3w i oczyszczanie - 60 kapsu\u0142ek | Vanan - Deva Harmony Polska","isPartOf":{"@id":"https:\/\/devaharmony.com\/pl\/#website"},"primaryImageOfPage":{"@id":"https:\/\/devaharmony.com\/pl\/sklep\/boswellia-stawy-miesnie-kosci-60-kapsulek-vanan\/#primaryimage"},"image":{"@id":"https:\/\/devaharmony.com\/pl\/sklep\/boswellia-stawy-miesnie-kosci-60-kapsulek-vanan\/#primaryimage"},"thumbnailUrl":"https:\/\/devaharmony.com\/pl\/wp-content\/uploads\/2025\/01\/Boswellia.png","datePublished":"2025-01-23T14:08:47+00:00","dateModified":"2026-04-05T14:31:16+00:00","breadcrumb":{"@id":"https:\/\/devaharmony.com\/pl\/sklep\/boswellia-stawy-miesnie-kosci-60-kapsulek-vanan\/#breadcrumb"},"inLanguage":"pl-PL","potentialAction":[{"@type":"ReadAction","target":["https:\/\/devaharmony.com\/pl\/sklep\/boswellia-stawy-miesnie-kosci-60-kapsulek-vanan\/"]}]},{"@type":"ImageObject","inLanguage":"pl-PL","@id":"https:\/\/devaharmony.com\/pl\/sklep\/boswellia-stawy-miesnie-kosci-60-kapsulek-vanan\/#primaryimage","url":"https:\/\/devaharmony.com\/pl\/wp-content\/uploads\/2025\/01\/Boswellia.png","contentUrl":"https:\/\/devaharmony.com\/pl\/wp-content\/uploads\/2025\/01\/Boswellia.png","width":1080,"height":1080},{"@type":"BreadcrumbList","@id":"https:\/\/devaharmony.com\/pl\/sklep\/boswellia-stawy-miesnie-kosci-60-kapsulek-vanan\/#breadcrumb","itemListElement":[{"@type":"ListItem","position":1,"name":"Strona g\u0142\u00f3wna","item":"https:\/\/devaharmony.com\/pl\/"},{"@type":"ListItem","position":2,"name":"Produkty Ajurwedyjskie","item":"https:\/\/devaharmony.com\/pl\/produkty-ajurwedyjskie\/"},{"@type":"ListItem","position":3,"name":"Boswellia &#8211; zdrowie staw\u00f3w i oczyszczanie &#8211; 60 kapsu\u0142ek | Vanan"}]},{"@type":"WebSite","@id":"https:\/\/devaharmony.com\/pl\/#website","url":"https:\/\/devaharmony.com\/pl\/","name":"Deva Harmony Polska","description":"Ajurwedyjskie Suplementy Diety","potentialAction":[{"@type":"SearchAction","target":{"@type":"EntryPoint","urlTemplate":"https:\/\/devaharmony.com\/pl\/?s={search_term_string}"},"query-input":"required name=search_term_string"}],"inLanguage":"pl-PL"}]}},"_links":{"self":[{"href":"https:\/\/devaharmony.com\/pl\/wp-json\/wp\/v2\/product\/43103","targetHints":{"allow":["GET"]}}],"collection":[{"href":"https:\/\/devaharmony.com\/pl\/wp-json\/wp\/v2\/product"}],"about":[{"href":"https:\/\/devaharmony.com\/pl\/wp-json\/wp\/v2\/types\/product"}],"wp:featuredmedia":[{"embeddable":true,"href":"https:\/\/devaharmony.com\/pl\/wp-json\/wp\/v2\/media\/44815"}],"wp:attachment":[{"href":"https:\/\/devaharmony.com\/pl\/wp-json\/wp\/v2\/media?parent=43103"}],"wp:term":[{"taxonomy":"product_brand","embeddable":true,"href":"https:\/\/devaharmony.com\/pl\/wp-json\/wp\/v2\/product_brand?post=43103"},{"taxonomy":"product_cat","embeddable":true,"href":"https:\/\/devaharmony.com\/pl\/wp-json\/wp\/v2\/product_cat?post=43103"},{"taxonomy":"product_tag","embeddable":true,"href":"https:\/\/devaharmony.com\/pl\/wp-json\/wp\/v2\/product_tag?post=43103"}],"curies":[{"name":"wp","href":"https:\/\/api.w.org\/{rel}","templated":true}]}}