{"id":42158,"date":"2024-12-11T11:56:18","date_gmt":"2024-12-11T10:56:18","guid":{"rendered":"https:\/\/devaharmony.com\/pl\/sklep\/ajurweda-a-uroda-jak-byc-pieknym\/"},"modified":"2026-02-06T13:16:31","modified_gmt":"2026-02-06T12:16:31","slug":"ajurweda-a-uroda-jak-byc-pieknym","status":"publish","type":"product","link":"https:\/\/devaharmony.com\/pl\/sklep\/ajurweda-a-uroda-jak-byc-pieknym\/","title":{"rendered":"Ajurweda a uroda. Jak by\u0107 pi\u0119knym."},"content":{"rendered":"<p>Ksi\u0105\u017cka adresowana jest do ka\u017cdego, kto w m\u0105dry spos\u00f3b chce dba\u0107 o siebie.<\/p>\n<p>\u00a0<\/p>\n<p>Osoby zainteresowane zabiegami upi\u0119kszaj\u0105cymi lub przeprowadzaj\u0105ce takie zabiegi mog\u0105 same skorzysta\u0107 z ajurwedyjskich receptur b\u0105d\u017a zaoferowa\u0107 je swoim klientom. Ajurweda, uwa\u017cana za \u201ematk\u0119 wszelkiej medycyny\u201d, naucza, \u017ce zdrowie i pi\u0119kno to efekt utrzymywania r\u00f3wnowagi pomi\u0119dzy trzema energiami znanymi jako Vata, Pitta i Kapha. Ich indywidualne po\u0142\u0105czenie tworzy niepowtarzaln\u0105 r\u00f3wnowag\u0119 w ka\u017cdym z nas. Odpowiednia, codzienna troska o siebie pomo\u017ce nam w jej utrzymaniu i wydob\u0119dzie ukryte w nas pi\u0119kno.<\/p>\n<p>Niniejsza ksi\u0105\u017cka zawiera szczeg\u00f3\u0142owe informacje o tym, jak poradzi\u0107 sobie z wieloma aspektami wsp\u00f3\u0142czesnego \u017cycia, aby zachowa\u0107 r\u00f3wnowag\u0119.<\/p>\n<p>Mo\u017cna tu znale\u017a\u0107 wiele szczeg\u00f3\u0142owych wskaz\u00f3wek, jak:<\/p>\n<ul>\n<li>oczyszcza\u0107 i nawil\u017ca\u0107 cer\u0119,<\/li>\n<li>piel\u0119gnowa\u0107 cia\u0142o,<\/li>\n<li>przygotowa\u0107 naturalne kosmetyki,<\/li>\n<li>skomponowa\u0107 prawid\u0142ow\u0105 diet\u0119,<\/li>\n<li>wykona\u0107 masa\u017c poszczeg\u00f3lnych cz\u0119\u015bci cia\u0142a,<\/li>\n<li>korzysta\u0107 z zi\u00f3\u0142 i olejk\u00f3w,<\/li>\n<li>dobiera\u0107 bi\u017cuteri\u0119,<\/li>\n<li>przywr\u00f3ci\u0107 witalno\u015b\u0107 przy pomocy ajurwedyjskich terapii odm\u0142adzaj\u0105cych.<\/li>\n<\/ul>\n<p>Proponowane w ksi\u0105\u017cce zasady nale\u017cy dopasowa\u0107 do siebie, tak aby uwydatni\u0107 swoje naturalne pi\u0119kno na co dzie\u0144.<\/p>\n<p>\u00a0<\/p>\n<p><strong>O autorze<\/strong><\/p>\n<p><strong>Melanie Sachs<\/strong> jest znan\u0105 na \u015bwiecie dzia\u0142aczk\u0105 na rzecz zdrowia i urody. Zdoby\u0142a wykszta\u0142cenie jako terapeuta zaj\u0119ciowy. Nast\u0119pnie kszta\u0142ci\u0142a si\u0119 u wybitnych praktyk\u00f3w w zakresie alternatywnych metod leczenia, w szczeg\u00f3lno\u015bci makrobiotyki i ajurwedy. Od 1995 r. prowadzi warsztaty i seminaria na temat zastosowania ajurwedy w zabiegach upi\u0119kszaj\u0105cych. Jest dyplomowanym doradc\u0105 do spraw ajurwedy i konsultantem w takich organizacjach jak Greenhouse Group, International Dermal Institute. Razem z m\u0119\u017cem zarz\u0105dza Diamond Way Health Associates. Jest autork\u0105 wielu publikacji z dziedziny ajurwedyjskich terapii upi\u0119kszaj\u0105cych.<\/p>\n","protected":false},"excerpt":{"rendered":"<p>Ksi\u0105\u017cka adresowana jest do ka\u017cdego, kto w m\u0105dry spos\u00f3b chce dba\u0107 o siebie. W publikacji znajdziecie wiele cennych wskaz\u00f3wek dotycz\u0105cych zdrowia i urody.<\/p>\n<table border=\"0\" cellspacing=\"0\" cellpadding=\"0\" align=\"left\">\n<tbody>\n<tr>\n<td valign=\"top\" width=\"121\"><b>Oprawa:<\/b><\/td>\n<td valign=\"top\" width=\"180\">mi\u0119kka ze skrzyde\u0142kami<\/td>\n<\/tr>\n<tr>\n<td valign=\"top\" width=\"121\"><b>Format:<\/b><\/td>\n<td valign=\"top\" width=\"180\">165 mm x 235 mm<\/td>\n<\/tr>\n<tr>\n<td valign=\"top\" width=\"121\"><b>Liczba stron:<\/b><\/td>\n<td valign=\"top\" width=\"180\">280<\/td>\n<\/tr>\n<\/tbody>\n<\/table>\n","protected":false},"featured_media":42157,"template":"","meta":{"_editorskit_title_hidden":false,"_editorskit_reading_time":0,"_editorskit_is_block_options_detached":false,"_editorskit_block_options_position":"{}"},"product_brand":[],"product_cat":[238],"product_tag":[],"class_list":{"0":"post-42158","1":"product","2":"type-product","3":"status-publish","4":"has-post-thumbnail","6":"product_cat-ksiazki","8":"first","9":"instock","10":"taxable","11":"shipping-taxable","12":"purchasable","13":"product-type-simple","14":"add-to-wishlist-before_image"},"acf":{"ilosc_sztuk_w_pudelku":"","ilosc_pudelek_w_kartonie":"","wykluczyc_z_szybkich_zakupow":["default"]},"yoast_head":"<!-- This site is optimized with the Yoast SEO plugin v23.1 - https:\/\/yoast.com\/wordpress\/plugins\/seo\/ -->\n<title>Ajurweda a uroda. Jak by\u0107 pi\u0119knym. - Deva Harmony Polska<\/title>\n<meta name=\"robots\" content=\"index, follow, max-snippet:-1, max-image-preview:large, max-video-preview:-1\" \/>\n<link rel=\"canonical\" href=\"https:\/\/devaharmony.com\/pl\/sklep\/ajurweda-a-uroda-jak-byc-pieknym\/\" \/>\n<meta property=\"og:locale\" content=\"pl_PL\" \/>\n<meta property=\"og:type\" content=\"article\" \/>\n<meta property=\"og:title\" content=\"Ajurweda a uroda. Jak by\u0107 pi\u0119knym. - Deva Harmony Polska\" \/>\n<meta property=\"og:description\" content=\"Ksi\u0105\u017cka adresowana jest do ka\u017cdego, kto w m\u0105dry spos\u00f3b chce dba\u0107 o siebie. W publikacji znajdziecie wiele cennych wskaz\u00f3wek dotycz\u0105cych zdrowia i urody.  Oprawa: mi\u0119kka ze skrzyde\u0142kami  Format: 165 mm x 235 mm  Liczba stron: 280\" \/>\n<meta property=\"og:url\" content=\"https:\/\/devaharmony.com\/pl\/sklep\/ajurweda-a-uroda-jak-byc-pieknym\/\" \/>\n<meta property=\"og:site_name\" content=\"Deva Harmony Polska\" \/>\n<meta property=\"article:modified_time\" content=\"2026-02-06T12:16:31+00:00\" \/>\n<meta property=\"og:image\" content=\"https:\/\/devaharmony.com\/pl\/wp-content\/uploads\/2024\/12\/f7b82a74b6016d48d80b6423818cfae4.png\" \/>\n\t<meta property=\"og:image:width\" content=\"800\" \/>\n\t<meta property=\"og:image:height\" content=\"1200\" \/>\n\t<meta property=\"og:image:type\" content=\"image\/png\" \/>\n<meta name=\"twitter:card\" content=\"summary_large_image\" \/>\n<meta name=\"twitter:label1\" content=\"Szacowany czas czytania\" \/>\n\t<meta name=\"twitter:data1\" content=\"1 minuta\" \/>\n<script type=\"application\/ld+json\" class=\"yoast-schema-graph\">{\"@context\":\"https:\/\/schema.org\",\"@graph\":[{\"@type\":\"WebPage\",\"@id\":\"https:\/\/devaharmony.com\/pl\/sklep\/ajurweda-a-uroda-jak-byc-pieknym\/\",\"url\":\"https:\/\/devaharmony.com\/pl\/sklep\/ajurweda-a-uroda-jak-byc-pieknym\/\",\"name\":\"Ajurweda a uroda. Jak by\u0107 pi\u0119knym. - Deva Harmony Polska\",\"isPartOf\":{\"@id\":\"https:\/\/devaharmony.com\/pl\/#website\"},\"primaryImageOfPage\":{\"@id\":\"https:\/\/devaharmony.com\/pl\/sklep\/ajurweda-a-uroda-jak-byc-pieknym\/#primaryimage\"},\"image\":{\"@id\":\"https:\/\/devaharmony.com\/pl\/sklep\/ajurweda-a-uroda-jak-byc-pieknym\/#primaryimage\"},\"thumbnailUrl\":\"https:\/\/devaharmony.com\/pl\/wp-content\/uploads\/2024\/12\/f7b82a74b6016d48d80b6423818cfae4.png\",\"datePublished\":\"2024-12-11T10:56:18+00:00\",\"dateModified\":\"2026-02-06T12:16:31+00:00\",\"breadcrumb\":{\"@id\":\"https:\/\/devaharmony.com\/pl\/sklep\/ajurweda-a-uroda-jak-byc-pieknym\/#breadcrumb\"},\"inLanguage\":\"pl-PL\",\"potentialAction\":[{\"@type\":\"ReadAction\",\"target\":[\"https:\/\/devaharmony.com\/pl\/sklep\/ajurweda-a-uroda-jak-byc-pieknym\/\"]}]},{\"@type\":\"ImageObject\",\"inLanguage\":\"pl-PL\",\"@id\":\"https:\/\/devaharmony.com\/pl\/sklep\/ajurweda-a-uroda-jak-byc-pieknym\/#primaryimage\",\"url\":\"https:\/\/devaharmony.com\/pl\/wp-content\/uploads\/2024\/12\/f7b82a74b6016d48d80b6423818cfae4.png\",\"contentUrl\":\"https:\/\/devaharmony.com\/pl\/wp-content\/uploads\/2024\/12\/f7b82a74b6016d48d80b6423818cfae4.png\",\"width\":800,\"height\":1200},{\"@type\":\"BreadcrumbList\",\"@id\":\"https:\/\/devaharmony.com\/pl\/sklep\/ajurweda-a-uroda-jak-byc-pieknym\/#breadcrumb\",\"itemListElement\":[{\"@type\":\"ListItem\",\"position\":1,\"name\":\"Strona g\u0142\u00f3wna\",\"item\":\"https:\/\/devaharmony.com\/pl\/\"},{\"@type\":\"ListItem\",\"position\":2,\"name\":\"Produkty Ajurwedyjskie\",\"item\":\"https:\/\/devaharmony.com\/pl\/produkty-ajurwedyjskie\/\"},{\"@type\":\"ListItem\",\"position\":3,\"name\":\"Ajurweda a uroda. Jak by\u0107 pi\u0119knym.\"}]},{\"@type\":\"WebSite\",\"@id\":\"https:\/\/devaharmony.com\/pl\/#website\",\"url\":\"https:\/\/devaharmony.com\/pl\/\",\"name\":\"Deva Harmony Polska\",\"description\":\"Ajurwedyjskie Suplementy Diety\",\"potentialAction\":[{\"@type\":\"SearchAction\",\"target\":{\"@type\":\"EntryPoint\",\"urlTemplate\":\"https:\/\/devaharmony.com\/pl\/?s={search_term_string}\"},\"query-input\":\"required name=search_term_string\"}],\"inLanguage\":\"pl-PL\"}]}<\/script>\n<!-- \/ Yoast SEO plugin. -->","yoast_head_json":{"title":"Ajurweda a uroda. Jak by\u0107 pi\u0119knym. - Deva Harmony Polska","robots":{"index":"index","follow":"follow","max-snippet":"max-snippet:-1","max-image-preview":"max-image-preview:large","max-video-preview":"max-video-preview:-1"},"canonical":"https:\/\/devaharmony.com\/pl\/sklep\/ajurweda-a-uroda-jak-byc-pieknym\/","og_locale":"pl_PL","og_type":"article","og_title":"Ajurweda a uroda. Jak by\u0107 pi\u0119knym. - Deva Harmony Polska","og_description":"Ksi\u0105\u017cka adresowana jest do ka\u017cdego, kto w m\u0105dry spos\u00f3b chce dba\u0107 o siebie. W publikacji znajdziecie wiele cennych wskaz\u00f3wek dotycz\u0105cych zdrowia i urody.  Oprawa: mi\u0119kka ze skrzyde\u0142kami  Format: 165 mm x 235 mm  Liczba stron: 280","og_url":"https:\/\/devaharmony.com\/pl\/sklep\/ajurweda-a-uroda-jak-byc-pieknym\/","og_site_name":"Deva Harmony Polska","article_modified_time":"2026-02-06T12:16:31+00:00","og_image":[{"width":800,"height":1200,"url":"https:\/\/devaharmony.com\/pl\/wp-content\/uploads\/2024\/12\/f7b82a74b6016d48d80b6423818cfae4.png","type":"image\/png"}],"twitter_card":"summary_large_image","twitter_misc":{"Szacowany czas czytania":"1 minuta"},"schema":{"@context":"https:\/\/schema.org","@graph":[{"@type":"WebPage","@id":"https:\/\/devaharmony.com\/pl\/sklep\/ajurweda-a-uroda-jak-byc-pieknym\/","url":"https:\/\/devaharmony.com\/pl\/sklep\/ajurweda-a-uroda-jak-byc-pieknym\/","name":"Ajurweda a uroda. Jak by\u0107 pi\u0119knym. - Deva Harmony Polska","isPartOf":{"@id":"https:\/\/devaharmony.com\/pl\/#website"},"primaryImageOfPage":{"@id":"https:\/\/devaharmony.com\/pl\/sklep\/ajurweda-a-uroda-jak-byc-pieknym\/#primaryimage"},"image":{"@id":"https:\/\/devaharmony.com\/pl\/sklep\/ajurweda-a-uroda-jak-byc-pieknym\/#primaryimage"},"thumbnailUrl":"https:\/\/devaharmony.com\/pl\/wp-content\/uploads\/2024\/12\/f7b82a74b6016d48d80b6423818cfae4.png","datePublished":"2024-12-11T10:56:18+00:00","dateModified":"2026-02-06T12:16:31+00:00","breadcrumb":{"@id":"https:\/\/devaharmony.com\/pl\/sklep\/ajurweda-a-uroda-jak-byc-pieknym\/#breadcrumb"},"inLanguage":"pl-PL","potentialAction":[{"@type":"ReadAction","target":["https:\/\/devaharmony.com\/pl\/sklep\/ajurweda-a-uroda-jak-byc-pieknym\/"]}]},{"@type":"ImageObject","inLanguage":"pl-PL","@id":"https:\/\/devaharmony.com\/pl\/sklep\/ajurweda-a-uroda-jak-byc-pieknym\/#primaryimage","url":"https:\/\/devaharmony.com\/pl\/wp-content\/uploads\/2024\/12\/f7b82a74b6016d48d80b6423818cfae4.png","contentUrl":"https:\/\/devaharmony.com\/pl\/wp-content\/uploads\/2024\/12\/f7b82a74b6016d48d80b6423818cfae4.png","width":800,"height":1200},{"@type":"BreadcrumbList","@id":"https:\/\/devaharmony.com\/pl\/sklep\/ajurweda-a-uroda-jak-byc-pieknym\/#breadcrumb","itemListElement":[{"@type":"ListItem","position":1,"name":"Strona g\u0142\u00f3wna","item":"https:\/\/devaharmony.com\/pl\/"},{"@type":"ListItem","position":2,"name":"Produkty Ajurwedyjskie","item":"https:\/\/devaharmony.com\/pl\/produkty-ajurwedyjskie\/"},{"@type":"ListItem","position":3,"name":"Ajurweda a uroda. Jak by\u0107 pi\u0119knym."}]},{"@type":"WebSite","@id":"https:\/\/devaharmony.com\/pl\/#website","url":"https:\/\/devaharmony.com\/pl\/","name":"Deva Harmony Polska","description":"Ajurwedyjskie Suplementy Diety","potentialAction":[{"@type":"SearchAction","target":{"@type":"EntryPoint","urlTemplate":"https:\/\/devaharmony.com\/pl\/?s={search_term_string}"},"query-input":"required name=search_term_string"}],"inLanguage":"pl-PL"}]}},"_links":{"self":[{"href":"https:\/\/devaharmony.com\/pl\/wp-json\/wp\/v2\/product\/42158","targetHints":{"allow":["GET"]}}],"collection":[{"href":"https:\/\/devaharmony.com\/pl\/wp-json\/wp\/v2\/product"}],"about":[{"href":"https:\/\/devaharmony.com\/pl\/wp-json\/wp\/v2\/types\/product"}],"wp:featuredmedia":[{"embeddable":true,"href":"https:\/\/devaharmony.com\/pl\/wp-json\/wp\/v2\/media\/42157"}],"wp:attachment":[{"href":"https:\/\/devaharmony.com\/pl\/wp-json\/wp\/v2\/media?parent=42158"}],"wp:term":[{"taxonomy":"product_brand","embeddable":true,"href":"https:\/\/devaharmony.com\/pl\/wp-json\/wp\/v2\/product_brand?post=42158"},{"taxonomy":"product_cat","embeddable":true,"href":"https:\/\/devaharmony.com\/pl\/wp-json\/wp\/v2\/product_cat?post=42158"},{"taxonomy":"product_tag","embeddable":true,"href":"https:\/\/devaharmony.com\/pl\/wp-json\/wp\/v2\/product_tag?post=42158"}],"curies":[{"name":"wp","href":"https:\/\/api.w.org\/{rel}","templated":true}]}}