{"id":36780,"date":"2024-07-19T09:48:17","date_gmt":"2024-07-19T08:48:17","guid":{"rendered":"https:\/\/devaharmony.com\/pl\/sklep\/sattva-arjuna-60-kapsulek\/"},"modified":"2026-03-18T21:50:22","modified_gmt":"2026-03-18T20:50:22","slug":"sattva-arjuna-60-kapsulek","status":"publish","type":"product","link":"https:\/\/devaharmony.com\/pl\/sklep\/sattva-arjuna-60-kapsulek\/","title":{"rendered":"Sattva Arjuna &#8211; uk\u0142ad sercowo &#8211; naczyniowy &#8211; 60 kapsu\u0142ek"},"content":{"rendered":"<p>Migda\u0142ecznik arjuna wspiera zdrowie uk\u0142adu sercowo &#8211; naczyniowego.<\/p>\n<p><b><br \/>\nProdukt w 100% wega\u0144ski \u2728<\/b><\/p>\n<p><b><br \/>\nZalecana porcja dzienna:<\/b>\u00a01 kapsu\u0142ka<\/p>\n<p><b>Pojemno\u015b\u0107:\u00a0<\/b>60 kapsu\u0142ek<\/p>\n<p><b>Producent:<\/b>\u00a0Sattva Ayurveda Sp. z o.o.<\/p>\n<p><b>Kraj pochodzenia:\u00a0<\/b>Indie<\/p>\n<p>&nbsp;<\/p>\n<div>\n<p>*Nie nale\u017cy przekracza\u0107 zalecanej porcji dziennej do spo\u017cycia. Suplement diety nie mo\u017ce by\u0107 stosowany jako substytut (zamiennik) zr\u00f3\u017cnicowanej diety. Nale\u017cy przestrzega\u0107 zdrowego trybu \u017cycia i zr\u00f3wnowa\u017conego sposobu \u017cywienia. Nie stosowa\u0107 w przypadku nadwra\u017cliwo\u015bci na sk\u0142adniki preparatu. Produkt nie jest przeznaczony dla kobiet w ci\u0105\u017cy ani karmi\u0105cych oraz dzieci. Produkt nie powinien by\u0107 przyjmowany wraz z lekami o dzia\u0142aniu uspokajaj\u0105cym, nasennym, przeciwpadaczkowym.<\/p>\n<\/div>\n<div><\/div>\n<div>\n<p>*Produkt\u00a0BEZ GMO.<\/p>\n<\/div>\n<div><\/div>\n<div>\n<p>*Przechowywa\u0107 w spos\u00f3b niedost\u0119pny dla ma\u0142ych dzieci. Chroni\u0107 przed \u015bwiat\u0142em i wilgoci\u0105.<\/p>\n<\/div>\n<div><\/div>\n<div>\n<p>*Opisany produkt jest suplementem diety, nie jest produktem leczniczym, kt\u00f3remu przypisuje si\u0119 w\u0142a\u015bciwo\u015bci zapobiegania lub leczenie chor\u00f3b wyst\u0119puj\u0105cych u ludzi.<\/p>\n<\/div>\n<div><\/div>\n<p>*Przyjmowanie preparat\u00f3w zio\u0142owych najlepiej skonsultowa\u0107 z lekarzem lub farmaceut\u0105, poniewa\u017c dob\u00f3r odpowiedniego preparatu ro\u015blinnego wymaga r\u00f3wnie du\u017cej wiedzy, co w przypadku preparatu chemicznego. Nale\u017cy pami\u0119ta\u0107, \u017ce preparaty ro\u015blinne mog\u0105 wchodzi\u0107 w interakcje z przyjmowanymi lekami i mog\u0105 stanowi\u0107 zagro\u017cenie dla zdrowia. Niekt\u00f3re preparaty zio\u0142owe mog\u0105 wywo\u0142a\u0107 silne dzia\u0142anie, dlatego nale\u017cy przestrzega\u0107 wszystkich zalece\u0144 i ogranicze\u0144 podanych przez producenta.<\/p>\n","protected":false},"excerpt":{"rendered":"<p><b>Arjuna (migda\u0142ecznik arjuna) &#8211; uk\u0142ad sercowo-naczyniowy \u2728<br \/>\n<\/b><\/p>\n<p><b><br \/>\n<\/b>Arjuna pomaga zachowa\u0107 r\u00f3wnowag\u0119 i zdrowie uk\u0142adu sercowo-naczyniowego.<\/p>\n<p>&nbsp;<\/p>\n<p><b>Produkt 100% wega\u0144ski <\/b>\u2728<\/p>\n<p>&nbsp;<\/p>\n<p><b>Pojemno\u015b\u0107: <\/b>\u00a060 kapsu\u0142ek<\/p>\n<p>&nbsp;<\/p>\n<p><b>1 opakowanie wystarcza na 2 miesi\u0105ce stosowania<\/b><\/p>\n","protected":false},"featured_media":44837,"template":"","meta":{"_editorskit_title_hidden":false,"_editorskit_reading_time":0,"_editorskit_is_block_options_detached":false,"_editorskit_block_options_position":"{}"},"product_brand":[],"product_cat":[467,472,499,471,501,429,46,18,35],"product_tag":[],"class_list":{"0":"post-36780","1":"product","2":"type-product","3":"status-publish","4":"has-post-thumbnail","6":"product_cat-adaptogeny","7":"product_cat-kapha","8":"product_cat-marki","9":"product_cat-pitta","10":"product_cat-sattva","11":"product_cat-blokada","12":"product_cat-dla-diabetykow","13":"product_cat-suplementy","14":"product_cat-ziola","16":"first","17":"instock","18":"sale","19":"taxable","20":"shipping-taxable","21":"purchasable","22":"product-type-simple","23":"add-to-wishlist-before_image"},"acf":{"ilosc_sztuk_w_pudelku":"","ilosc_pudelek_w_kartonie":"","wykluczyc_z_szybkich_zakupow":""},"yoast_head":"<!-- This site is optimized with the Yoast SEO plugin v23.1 - https:\/\/yoast.com\/wordpress\/plugins\/seo\/ -->\n<title>Sattva Arjuna - uk\u0142ad sercowo - naczyniowy - 60 kapsu\u0142ek - Deva Harmony Polska<\/title>\n<meta name=\"robots\" content=\"index, follow, max-snippet:-1, max-image-preview:large, max-video-preview:-1\" \/>\n<link rel=\"canonical\" href=\"https:\/\/devaharmony.com\/pl\/sklep\/sattva-arjuna-60-kapsulek\/\" \/>\n<meta property=\"og:locale\" content=\"pl_PL\" \/>\n<meta property=\"og:type\" content=\"article\" \/>\n<meta property=\"og:title\" content=\"Sattva Arjuna - uk\u0142ad sercowo - naczyniowy - 60 kapsu\u0142ek - Deva Harmony Polska\" \/>\n<meta property=\"og:description\" content=\"Arjuna (migda\u0142ecznik arjuna) - uk\u0142ad sercowo-naczyniowy \u2728    Arjuna pomaga zachowa\u0107 r\u00f3wnowag\u0119 i zdrowie uk\u0142adu sercowo-naczyniowego.  &nbsp;  Produkt 100% wega\u0144ski \u2728  &nbsp;  Pojemno\u015b\u0107: \u00a060 kapsu\u0142ek  &nbsp;  1 opakowanie wystarcza na 2 miesi\u0105ce stosowania\" \/>\n<meta property=\"og:url\" content=\"https:\/\/devaharmony.com\/pl\/sklep\/sattva-arjuna-60-kapsulek\/\" \/>\n<meta property=\"og:site_name\" content=\"Deva Harmony Polska\" \/>\n<meta property=\"article:modified_time\" content=\"2026-03-18T20:50:22+00:00\" \/>\n<meta property=\"og:image\" content=\"https:\/\/devaharmony.com\/pl\/wp-content\/uploads\/2024\/07\/Arjuna-Sattva.png\" \/>\n\t<meta property=\"og:image:width\" content=\"1080\" \/>\n\t<meta property=\"og:image:height\" content=\"1080\" \/>\n\t<meta property=\"og:image:type\" content=\"image\/png\" \/>\n<meta name=\"twitter:card\" content=\"summary_large_image\" \/>\n<meta name=\"twitter:label1\" content=\"Szacowany czas czytania\" \/>\n\t<meta name=\"twitter:data1\" content=\"2 minuty\" \/>\n<script type=\"application\/ld+json\" class=\"yoast-schema-graph\">{\"@context\":\"https:\/\/schema.org\",\"@graph\":[{\"@type\":\"WebPage\",\"@id\":\"https:\/\/devaharmony.com\/pl\/sklep\/sattva-arjuna-60-kapsulek\/\",\"url\":\"https:\/\/devaharmony.com\/pl\/sklep\/sattva-arjuna-60-kapsulek\/\",\"name\":\"Sattva Arjuna - uk\u0142ad sercowo - naczyniowy - 60 kapsu\u0142ek - Deva Harmony Polska\",\"isPartOf\":{\"@id\":\"https:\/\/devaharmony.com\/pl\/#website\"},\"primaryImageOfPage\":{\"@id\":\"https:\/\/devaharmony.com\/pl\/sklep\/sattva-arjuna-60-kapsulek\/#primaryimage\"},\"image\":{\"@id\":\"https:\/\/devaharmony.com\/pl\/sklep\/sattva-arjuna-60-kapsulek\/#primaryimage\"},\"thumbnailUrl\":\"https:\/\/devaharmony.com\/pl\/wp-content\/uploads\/2024\/07\/Arjuna-Sattva.png\",\"datePublished\":\"2024-07-19T08:48:17+00:00\",\"dateModified\":\"2026-03-18T20:50:22+00:00\",\"breadcrumb\":{\"@id\":\"https:\/\/devaharmony.com\/pl\/sklep\/sattva-arjuna-60-kapsulek\/#breadcrumb\"},\"inLanguage\":\"pl-PL\",\"potentialAction\":[{\"@type\":\"ReadAction\",\"target\":[\"https:\/\/devaharmony.com\/pl\/sklep\/sattva-arjuna-60-kapsulek\/\"]}]},{\"@type\":\"ImageObject\",\"inLanguage\":\"pl-PL\",\"@id\":\"https:\/\/devaharmony.com\/pl\/sklep\/sattva-arjuna-60-kapsulek\/#primaryimage\",\"url\":\"https:\/\/devaharmony.com\/pl\/wp-content\/uploads\/2024\/07\/Arjuna-Sattva.png\",\"contentUrl\":\"https:\/\/devaharmony.com\/pl\/wp-content\/uploads\/2024\/07\/Arjuna-Sattva.png\",\"width\":1080,\"height\":1080},{\"@type\":\"BreadcrumbList\",\"@id\":\"https:\/\/devaharmony.com\/pl\/sklep\/sattva-arjuna-60-kapsulek\/#breadcrumb\",\"itemListElement\":[{\"@type\":\"ListItem\",\"position\":1,\"name\":\"Strona g\u0142\u00f3wna\",\"item\":\"https:\/\/devaharmony.com\/pl\/\"},{\"@type\":\"ListItem\",\"position\":2,\"name\":\"Produkty Ajurwedyjskie\",\"item\":\"https:\/\/devaharmony.com\/pl\/produkty-ajurwedyjskie\/\"},{\"@type\":\"ListItem\",\"position\":3,\"name\":\"Sattva Arjuna &#8211; uk\u0142ad sercowo &#8211; naczyniowy &#8211; 60 kapsu\u0142ek\"}]},{\"@type\":\"WebSite\",\"@id\":\"https:\/\/devaharmony.com\/pl\/#website\",\"url\":\"https:\/\/devaharmony.com\/pl\/\",\"name\":\"Deva Harmony Polska\",\"description\":\"Ajurwedyjskie Suplementy Diety\",\"potentialAction\":[{\"@type\":\"SearchAction\",\"target\":{\"@type\":\"EntryPoint\",\"urlTemplate\":\"https:\/\/devaharmony.com\/pl\/?s={search_term_string}\"},\"query-input\":\"required name=search_term_string\"}],\"inLanguage\":\"pl-PL\"}]}<\/script>\n<!-- \/ Yoast SEO plugin. -->","yoast_head_json":{"title":"Sattva Arjuna - uk\u0142ad sercowo - naczyniowy - 60 kapsu\u0142ek - Deva Harmony Polska","robots":{"index":"index","follow":"follow","max-snippet":"max-snippet:-1","max-image-preview":"max-image-preview:large","max-video-preview":"max-video-preview:-1"},"canonical":"https:\/\/devaharmony.com\/pl\/sklep\/sattva-arjuna-60-kapsulek\/","og_locale":"pl_PL","og_type":"article","og_title":"Sattva Arjuna - uk\u0142ad sercowo - naczyniowy - 60 kapsu\u0142ek - Deva Harmony Polska","og_description":"Arjuna (migda\u0142ecznik arjuna) - uk\u0142ad sercowo-naczyniowy \u2728    Arjuna pomaga zachowa\u0107 r\u00f3wnowag\u0119 i zdrowie uk\u0142adu sercowo-naczyniowego.  &nbsp;  Produkt 100% wega\u0144ski \u2728  &nbsp;  Pojemno\u015b\u0107: \u00a060 kapsu\u0142ek  &nbsp;  1 opakowanie wystarcza na 2 miesi\u0105ce stosowania","og_url":"https:\/\/devaharmony.com\/pl\/sklep\/sattva-arjuna-60-kapsulek\/","og_site_name":"Deva Harmony Polska","article_modified_time":"2026-03-18T20:50:22+00:00","og_image":[{"width":1080,"height":1080,"url":"https:\/\/devaharmony.com\/pl\/wp-content\/uploads\/2024\/07\/Arjuna-Sattva.png","type":"image\/png"}],"twitter_card":"summary_large_image","twitter_misc":{"Szacowany czas czytania":"2 minuty"},"schema":{"@context":"https:\/\/schema.org","@graph":[{"@type":"WebPage","@id":"https:\/\/devaharmony.com\/pl\/sklep\/sattva-arjuna-60-kapsulek\/","url":"https:\/\/devaharmony.com\/pl\/sklep\/sattva-arjuna-60-kapsulek\/","name":"Sattva Arjuna - uk\u0142ad sercowo - naczyniowy - 60 kapsu\u0142ek - Deva Harmony Polska","isPartOf":{"@id":"https:\/\/devaharmony.com\/pl\/#website"},"primaryImageOfPage":{"@id":"https:\/\/devaharmony.com\/pl\/sklep\/sattva-arjuna-60-kapsulek\/#primaryimage"},"image":{"@id":"https:\/\/devaharmony.com\/pl\/sklep\/sattva-arjuna-60-kapsulek\/#primaryimage"},"thumbnailUrl":"https:\/\/devaharmony.com\/pl\/wp-content\/uploads\/2024\/07\/Arjuna-Sattva.png","datePublished":"2024-07-19T08:48:17+00:00","dateModified":"2026-03-18T20:50:22+00:00","breadcrumb":{"@id":"https:\/\/devaharmony.com\/pl\/sklep\/sattva-arjuna-60-kapsulek\/#breadcrumb"},"inLanguage":"pl-PL","potentialAction":[{"@type":"ReadAction","target":["https:\/\/devaharmony.com\/pl\/sklep\/sattva-arjuna-60-kapsulek\/"]}]},{"@type":"ImageObject","inLanguage":"pl-PL","@id":"https:\/\/devaharmony.com\/pl\/sklep\/sattva-arjuna-60-kapsulek\/#primaryimage","url":"https:\/\/devaharmony.com\/pl\/wp-content\/uploads\/2024\/07\/Arjuna-Sattva.png","contentUrl":"https:\/\/devaharmony.com\/pl\/wp-content\/uploads\/2024\/07\/Arjuna-Sattva.png","width":1080,"height":1080},{"@type":"BreadcrumbList","@id":"https:\/\/devaharmony.com\/pl\/sklep\/sattva-arjuna-60-kapsulek\/#breadcrumb","itemListElement":[{"@type":"ListItem","position":1,"name":"Strona g\u0142\u00f3wna","item":"https:\/\/devaharmony.com\/pl\/"},{"@type":"ListItem","position":2,"name":"Produkty Ajurwedyjskie","item":"https:\/\/devaharmony.com\/pl\/produkty-ajurwedyjskie\/"},{"@type":"ListItem","position":3,"name":"Sattva Arjuna &#8211; uk\u0142ad sercowo &#8211; naczyniowy &#8211; 60 kapsu\u0142ek"}]},{"@type":"WebSite","@id":"https:\/\/devaharmony.com\/pl\/#website","url":"https:\/\/devaharmony.com\/pl\/","name":"Deva Harmony Polska","description":"Ajurwedyjskie Suplementy Diety","potentialAction":[{"@type":"SearchAction","target":{"@type":"EntryPoint","urlTemplate":"https:\/\/devaharmony.com\/pl\/?s={search_term_string}"},"query-input":"required name=search_term_string"}],"inLanguage":"pl-PL"}]}},"_links":{"self":[{"href":"https:\/\/devaharmony.com\/pl\/wp-json\/wp\/v2\/product\/36780","targetHints":{"allow":["GET"]}}],"collection":[{"href":"https:\/\/devaharmony.com\/pl\/wp-json\/wp\/v2\/product"}],"about":[{"href":"https:\/\/devaharmony.com\/pl\/wp-json\/wp\/v2\/types\/product"}],"wp:featuredmedia":[{"embeddable":true,"href":"https:\/\/devaharmony.com\/pl\/wp-json\/wp\/v2\/media\/44837"}],"wp:attachment":[{"href":"https:\/\/devaharmony.com\/pl\/wp-json\/wp\/v2\/media?parent=36780"}],"wp:term":[{"taxonomy":"product_brand","embeddable":true,"href":"https:\/\/devaharmony.com\/pl\/wp-json\/wp\/v2\/product_brand?post=36780"},{"taxonomy":"product_cat","embeddable":true,"href":"https:\/\/devaharmony.com\/pl\/wp-json\/wp\/v2\/product_cat?post=36780"},{"taxonomy":"product_tag","embeddable":true,"href":"https:\/\/devaharmony.com\/pl\/wp-json\/wp\/v2\/product_tag?post=36780"}],"curies":[{"name":"wp","href":"https:\/\/api.w.org\/{rel}","templated":true}]}}