{"id":20394,"date":"2023-07-21T09:15:11","date_gmt":"2023-07-21T08:15:11","guid":{"rendered":"https:\/\/devaharmony.com\/pl\/sklep\/ajurweda-medycyna-natury-edycja-2020\/"},"modified":"2026-04-09T08:50:33","modified_gmt":"2026-04-09T07:50:33","slug":"ajurweda-medycyna-natury-edycja-2020","status":"publish","type":"product","link":"https:\/\/devaharmony.com\/pl\/sklep\/ajurweda-medycyna-natury-edycja-2020\/","title":{"rendered":"Ajurweda medycyn\u0105 natury edycja 2020"},"content":{"rendered":"<div id=\"tab-1\" class=\"tab-pane fade in active\">\n<div class=\"product-description\">\n<p>\u201eAjurweda medycyn\u0105 natury\u201d to podr\u0119cznik wykorzystywany na dwuletnich kursach medycyny ajurwedyjskiej na uniwersytetach w Indiach i Europie. Jest lektur\u0105 obowi\u0105zkow\u0105 na podyplomowych studiach ajurwedy dla lekarzy medycyny zachodniej.<\/p>\n<p>Ksi\u0105\u017cka zawiera pe\u0142en opis wszystkich aspekt\u00f3w ajurwedy, pocz\u0105wszy od diety i zi\u00f3\u0142, a sko\u0144czywszy na jodze i medytacji. Odpowiada na pytanie, czym jest zdrowie i choroba w uj\u0119ciu ajurwedyjskim. Obja\u015bnia sposoby diagnozowania i leczenia oraz omawia poszczeg\u00f3lne receptury i zabiegi kliniczne, kt\u00f3re zapewniaj\u0105 zdrowie i witalno\u015b\u0107. Wyja\u015bnia kluczowe zasady dotycz\u0105ce odpowiedniego od\u017cywiania, aktywno\u015bci fizycznej, sfery seksualnej oraz procesu odm\u0142adzania i stosowania afrodyzjak\u00f3w. Opisuje szczeg\u00f3\u0142owe zalecenia wynikaj\u0105ce z rytmu dnia, p\u00f3r roku oraz warunk\u00f3w klimatycznych, maj\u0105ce korzystny wp\u0142yw na jako\u015b\u0107 naszego \u017cycia. Podaje szczeg\u00f3\u0142ow\u0105 charakterystyk\u0119 zio\u0142olecznictwa ajurwedyjskiego oraz zalecenia dotycz\u0105ce zdrowego od\u017cywiania.<\/p>\n<p>Cennym dodatkiem jest s\u0142ownik termin\u00f3w sanskryckich oraz s\u0142ownik zi\u00f3\u0142 i lek\u00f3w ze szczeg\u00f3\u0142owych opisem ich dzia\u0142ania. Autorzy opracowali r\u00f3wnie\u017c tabele zalecanych i niezalecanych produkt\u00f3w \u017cywno\u015bciowych dla poszczeg\u00f3lnych konstytucji. Publikacja spe\u0142ni oczekiwania wszystkich, kt\u00f3rzy szukaj\u0105 rzetelnej wiedzy na temat staro\u017cytnej medycyny hinduskiej i chc\u0105 j\u0105 dog\u0142\u0119bnie pozna\u0107 i zrozumie\u0107.<\/p>\n<p><strong>O autorach:<\/strong><\/p>\n<p><strong>Dr David Frawley<\/strong> jest jednym z najbardziej cenionych zar\u00f3wno w Indiach, jak i na Zachodzie ekspert\u00f3w z zakresu nauk wedyjskich, w tym ajurwedy, astrologii oraz jogi. Pe\u0142ni funkcj\u0119 dyrektora Ameryka\u0144skiego Instytutu Studi\u00f3w Wedyjskich i prezesa Ameryka\u0144skiej Rady Astrologii Wedyjskiej (ACVA). Nale\u017cy do rady wydawc\u00f3w czasopisma \u201eYoga International\u201d.<\/p>\n<p>Zosta\u0142 uznany przez magazyn \u201eYoga Journal\u201d za jednego z 25 najbardziej wp\u0142ywowych nauczycieli jogi we wsp\u00f3\u0142czesnej Ameryce. Prowadzi szkolenia na temat ajurwedy oraz astrologii wedyjskiej na ca\u0142ym \u015bwiecie. Jest autorem kilkunastu ksi\u0105\u017cek po\u015bwi\u0119conym r\u00f3\u017cnym aspektom ajurwedy.<\/p>\n<p><strong>Prof. dr Subhash Ranade<\/strong> jest uznanym wyk\u0142adowc\u0105 i lekarzem ajurwedyjskim. Pe\u0142ni funkcj\u0119 dyrektora oraz wyk\u0142adowcy na Wydziale Ajurwedy Uniwersytetu w Punie w Indiach. Jest prezesem Mi\u0119dzynarodowej Akademii Ajurwedy w Punie oraz honorowym cz\u0142onkiem Akademii Ajurwedy w Kerali. Wyk\u0142ada w Ashtang Ayurveda College w Punie.<\/p>\n<p>Od 1981 roku naucza ajurwedy i prowadzi go\u015bcinne wyk\u0142ady w Europie, Stanach Zjednoczonych, Kanadzie oraz Japonii. Jest prezesem Mi\u0119dzynarodowego Towarzystwa Ajurwedy w Japonii. Nagrywa p\u0142yty edukacyjne po\u015bwi\u0119cone masa\u017cowi ajurwedyjskiemu i terapii marm. Napisa\u0142 wiele podr\u0119cznik\u00f3w i artyku\u0142\u00f3w na temat ajurwedy.<br \/>\nObaj autorzy \u0142\u0105cz\u0105 to, co najlepsze na Wschodzie i na Zachodzie, obja\u015bniaj\u0105c ajurwed\u0119 z punktu widzenia potrzeb wsp\u00f3\u0142czesnego cz\u0142owieka.<\/p>\n<\/div>\n<\/div>\n","protected":false},"excerpt":{"rendered":"<p>Ksi\u0105\u017cka zawiera pe\u0142en opis wszystkich aspekt\u00f3w ajurwedy, pocz\u0105wszy od diety i zi\u00f3\u0142, a sko\u0144czywszy na jodze i medytacji.<\/p>\n<table border=\"0\" cellspacing=\"0\" cellpadding=\"0\" align=\"left\">\n<tbody>\n<tr>\n<td valign=\"top\" width=\"121\"><b>Oprawa:<\/b><\/td>\n<td valign=\"top\" width=\"180\">mi\u0119kka ze skrzyde\u0142kami<\/td>\n<\/tr>\n<tr>\n<td valign=\"top\" width=\"121\"><b>Format:<\/b><\/td>\n<td valign=\"top\" width=\"180\">165 mm x 235 mm<\/td>\n<\/tr>\n<tr>\n<td valign=\"top\" width=\"121\"><b>Liczba stron:<\/b><\/td>\n<td valign=\"top\" width=\"180\">317<\/td>\n<\/tr>\n<\/tbody>\n<\/table>\n","protected":false},"featured_media":8077,"template":"","meta":{"_editorskit_title_hidden":false,"_editorskit_reading_time":0,"_editorskit_is_block_options_detached":false,"_editorskit_block_options_position":"{}"},"product_brand":[],"product_cat":[238],"product_tag":[],"class_list":{"0":"post-20394","1":"product","2":"type-product","3":"status-publish","4":"has-post-thumbnail","6":"product_cat-ksiazki","8":"first","9":"instock","10":"taxable","11":"shipping-taxable","12":"purchasable","13":"product-type-simple","14":"add-to-wishlist-before_image"},"acf":{"ilosc_sztuk_w_pudelku":"","ilosc_pudelek_w_kartonie":"","wykluczyc_z_szybkich_zakupow":""},"yoast_head":"<!-- This site is optimized with the Yoast SEO plugin v23.1 - https:\/\/yoast.com\/wordpress\/plugins\/seo\/ -->\n<title>Ajurweda medycyn\u0105 natury edycja 2020 - Deva Harmony Polska<\/title>\n<meta name=\"robots\" content=\"index, follow, max-snippet:-1, max-image-preview:large, max-video-preview:-1\" \/>\n<link rel=\"canonical\" href=\"https:\/\/devaharmony.com\/pl\/sklep\/ajurweda-medycyna-natury-edycja-2020\/\" \/>\n<meta property=\"og:locale\" content=\"pl_PL\" \/>\n<meta property=\"og:type\" content=\"article\" \/>\n<meta property=\"og:title\" content=\"Ajurweda medycyn\u0105 natury edycja 2020 - Deva Harmony Polska\" \/>\n<meta property=\"og:description\" content=\"Ksi\u0105\u017cka zawiera pe\u0142en opis wszystkich aspekt\u00f3w ajurwedy, pocz\u0105wszy od diety i zi\u00f3\u0142, a sko\u0144czywszy na jodze i medytacji.    Oprawa: mi\u0119kka ze skrzyde\u0142kami   Format: 165 mm x 235 mm   Liczba stron: 317\" \/>\n<meta property=\"og:url\" content=\"https:\/\/devaharmony.com\/pl\/sklep\/ajurweda-medycyna-natury-edycja-2020\/\" \/>\n<meta property=\"og:site_name\" content=\"Deva Harmony Polska\" \/>\n<meta property=\"article:modified_time\" content=\"2026-04-09T07:50:33+00:00\" \/>\n<meta property=\"og:image\" content=\"https:\/\/devaharmony.com\/pl\/wp-content\/uploads\/2021\/06\/Ajurweda-medycyna-natury-edycja-2020-Dr-David-FrawleyProf.-dr-Subhash-Ranade.png\" \/>\n\t<meta property=\"og:image:width\" content=\"800\" \/>\n\t<meta property=\"og:image:height\" content=\"1200\" \/>\n\t<meta property=\"og:image:type\" content=\"image\/png\" \/>\n<meta name=\"twitter:card\" content=\"summary_large_image\" \/>\n<meta name=\"twitter:label1\" content=\"Szacowany czas czytania\" \/>\n\t<meta name=\"twitter:data1\" content=\"3 minuty\" \/>\n<script type=\"application\/ld+json\" class=\"yoast-schema-graph\">{\"@context\":\"https:\/\/schema.org\",\"@graph\":[{\"@type\":\"WebPage\",\"@id\":\"https:\/\/devaharmony.com\/pl\/sklep\/ajurweda-medycyna-natury-edycja-2020\/\",\"url\":\"https:\/\/devaharmony.com\/pl\/sklep\/ajurweda-medycyna-natury-edycja-2020\/\",\"name\":\"Ajurweda medycyn\u0105 natury edycja 2020 - Deva Harmony Polska\",\"isPartOf\":{\"@id\":\"https:\/\/devaharmony.com\/pl\/#website\"},\"primaryImageOfPage\":{\"@id\":\"https:\/\/devaharmony.com\/pl\/sklep\/ajurweda-medycyna-natury-edycja-2020\/#primaryimage\"},\"image\":{\"@id\":\"https:\/\/devaharmony.com\/pl\/sklep\/ajurweda-medycyna-natury-edycja-2020\/#primaryimage\"},\"thumbnailUrl\":\"https:\/\/devaharmony.com\/pl\/wp-content\/uploads\/2021\/06\/Ajurweda-medycyna-natury-edycja-2020-Dr-David-FrawleyProf.-dr-Subhash-Ranade.png\",\"datePublished\":\"2023-07-21T08:15:11+00:00\",\"dateModified\":\"2026-04-09T07:50:33+00:00\",\"breadcrumb\":{\"@id\":\"https:\/\/devaharmony.com\/pl\/sklep\/ajurweda-medycyna-natury-edycja-2020\/#breadcrumb\"},\"inLanguage\":\"pl-PL\",\"potentialAction\":[{\"@type\":\"ReadAction\",\"target\":[\"https:\/\/devaharmony.com\/pl\/sklep\/ajurweda-medycyna-natury-edycja-2020\/\"]}]},{\"@type\":\"ImageObject\",\"inLanguage\":\"pl-PL\",\"@id\":\"https:\/\/devaharmony.com\/pl\/sklep\/ajurweda-medycyna-natury-edycja-2020\/#primaryimage\",\"url\":\"https:\/\/devaharmony.com\/pl\/wp-content\/uploads\/2021\/06\/Ajurweda-medycyna-natury-edycja-2020-Dr-David-FrawleyProf.-dr-Subhash-Ranade.png\",\"contentUrl\":\"https:\/\/devaharmony.com\/pl\/wp-content\/uploads\/2021\/06\/Ajurweda-medycyna-natury-edycja-2020-Dr-David-FrawleyProf.-dr-Subhash-Ranade.png\",\"width\":800,\"height\":1200},{\"@type\":\"BreadcrumbList\",\"@id\":\"https:\/\/devaharmony.com\/pl\/sklep\/ajurweda-medycyna-natury-edycja-2020\/#breadcrumb\",\"itemListElement\":[{\"@type\":\"ListItem\",\"position\":1,\"name\":\"Strona g\u0142\u00f3wna\",\"item\":\"https:\/\/devaharmony.com\/pl\/\"},{\"@type\":\"ListItem\",\"position\":2,\"name\":\"Produkty Ajurwedyjskie\",\"item\":\"https:\/\/devaharmony.com\/pl\/produkty-ajurwedyjskie\/\"},{\"@type\":\"ListItem\",\"position\":3,\"name\":\"Ajurweda medycyn\u0105 natury edycja 2020\"}]},{\"@type\":\"WebSite\",\"@id\":\"https:\/\/devaharmony.com\/pl\/#website\",\"url\":\"https:\/\/devaharmony.com\/pl\/\",\"name\":\"Deva Harmony Polska\",\"description\":\"Ajurwedyjskie Suplementy Diety\",\"potentialAction\":[{\"@type\":\"SearchAction\",\"target\":{\"@type\":\"EntryPoint\",\"urlTemplate\":\"https:\/\/devaharmony.com\/pl\/?s={search_term_string}\"},\"query-input\":\"required name=search_term_string\"}],\"inLanguage\":\"pl-PL\"}]}<\/script>\n<!-- \/ Yoast SEO plugin. -->","yoast_head_json":{"title":"Ajurweda medycyn\u0105 natury edycja 2020 - Deva Harmony Polska","robots":{"index":"index","follow":"follow","max-snippet":"max-snippet:-1","max-image-preview":"max-image-preview:large","max-video-preview":"max-video-preview:-1"},"canonical":"https:\/\/devaharmony.com\/pl\/sklep\/ajurweda-medycyna-natury-edycja-2020\/","og_locale":"pl_PL","og_type":"article","og_title":"Ajurweda medycyn\u0105 natury edycja 2020 - Deva Harmony Polska","og_description":"Ksi\u0105\u017cka zawiera pe\u0142en opis wszystkich aspekt\u00f3w ajurwedy, pocz\u0105wszy od diety i zi\u00f3\u0142, a sko\u0144czywszy na jodze i medytacji.    Oprawa: mi\u0119kka ze skrzyde\u0142kami   Format: 165 mm x 235 mm   Liczba stron: 317","og_url":"https:\/\/devaharmony.com\/pl\/sklep\/ajurweda-medycyna-natury-edycja-2020\/","og_site_name":"Deva Harmony Polska","article_modified_time":"2026-04-09T07:50:33+00:00","og_image":[{"width":800,"height":1200,"url":"https:\/\/devaharmony.com\/pl\/wp-content\/uploads\/2021\/06\/Ajurweda-medycyna-natury-edycja-2020-Dr-David-FrawleyProf.-dr-Subhash-Ranade.png","type":"image\/png"}],"twitter_card":"summary_large_image","twitter_misc":{"Szacowany czas czytania":"3 minuty"},"schema":{"@context":"https:\/\/schema.org","@graph":[{"@type":"WebPage","@id":"https:\/\/devaharmony.com\/pl\/sklep\/ajurweda-medycyna-natury-edycja-2020\/","url":"https:\/\/devaharmony.com\/pl\/sklep\/ajurweda-medycyna-natury-edycja-2020\/","name":"Ajurweda medycyn\u0105 natury edycja 2020 - Deva Harmony Polska","isPartOf":{"@id":"https:\/\/devaharmony.com\/pl\/#website"},"primaryImageOfPage":{"@id":"https:\/\/devaharmony.com\/pl\/sklep\/ajurweda-medycyna-natury-edycja-2020\/#primaryimage"},"image":{"@id":"https:\/\/devaharmony.com\/pl\/sklep\/ajurweda-medycyna-natury-edycja-2020\/#primaryimage"},"thumbnailUrl":"https:\/\/devaharmony.com\/pl\/wp-content\/uploads\/2021\/06\/Ajurweda-medycyna-natury-edycja-2020-Dr-David-FrawleyProf.-dr-Subhash-Ranade.png","datePublished":"2023-07-21T08:15:11+00:00","dateModified":"2026-04-09T07:50:33+00:00","breadcrumb":{"@id":"https:\/\/devaharmony.com\/pl\/sklep\/ajurweda-medycyna-natury-edycja-2020\/#breadcrumb"},"inLanguage":"pl-PL","potentialAction":[{"@type":"ReadAction","target":["https:\/\/devaharmony.com\/pl\/sklep\/ajurweda-medycyna-natury-edycja-2020\/"]}]},{"@type":"ImageObject","inLanguage":"pl-PL","@id":"https:\/\/devaharmony.com\/pl\/sklep\/ajurweda-medycyna-natury-edycja-2020\/#primaryimage","url":"https:\/\/devaharmony.com\/pl\/wp-content\/uploads\/2021\/06\/Ajurweda-medycyna-natury-edycja-2020-Dr-David-FrawleyProf.-dr-Subhash-Ranade.png","contentUrl":"https:\/\/devaharmony.com\/pl\/wp-content\/uploads\/2021\/06\/Ajurweda-medycyna-natury-edycja-2020-Dr-David-FrawleyProf.-dr-Subhash-Ranade.png","width":800,"height":1200},{"@type":"BreadcrumbList","@id":"https:\/\/devaharmony.com\/pl\/sklep\/ajurweda-medycyna-natury-edycja-2020\/#breadcrumb","itemListElement":[{"@type":"ListItem","position":1,"name":"Strona g\u0142\u00f3wna","item":"https:\/\/devaharmony.com\/pl\/"},{"@type":"ListItem","position":2,"name":"Produkty Ajurwedyjskie","item":"https:\/\/devaharmony.com\/pl\/produkty-ajurwedyjskie\/"},{"@type":"ListItem","position":3,"name":"Ajurweda medycyn\u0105 natury edycja 2020"}]},{"@type":"WebSite","@id":"https:\/\/devaharmony.com\/pl\/#website","url":"https:\/\/devaharmony.com\/pl\/","name":"Deva Harmony Polska","description":"Ajurwedyjskie Suplementy Diety","potentialAction":[{"@type":"SearchAction","target":{"@type":"EntryPoint","urlTemplate":"https:\/\/devaharmony.com\/pl\/?s={search_term_string}"},"query-input":"required name=search_term_string"}],"inLanguage":"pl-PL"}]}},"_links":{"self":[{"href":"https:\/\/devaharmony.com\/pl\/wp-json\/wp\/v2\/product\/20394","targetHints":{"allow":["GET"]}}],"collection":[{"href":"https:\/\/devaharmony.com\/pl\/wp-json\/wp\/v2\/product"}],"about":[{"href":"https:\/\/devaharmony.com\/pl\/wp-json\/wp\/v2\/types\/product"}],"wp:featuredmedia":[{"embeddable":true,"href":"https:\/\/devaharmony.com\/pl\/wp-json\/wp\/v2\/media\/8077"}],"wp:attachment":[{"href":"https:\/\/devaharmony.com\/pl\/wp-json\/wp\/v2\/media?parent=20394"}],"wp:term":[{"taxonomy":"product_brand","embeddable":true,"href":"https:\/\/devaharmony.com\/pl\/wp-json\/wp\/v2\/product_brand?post=20394"},{"taxonomy":"product_cat","embeddable":true,"href":"https:\/\/devaharmony.com\/pl\/wp-json\/wp\/v2\/product_cat?post=20394"},{"taxonomy":"product_tag","embeddable":true,"href":"https:\/\/devaharmony.com\/pl\/wp-json\/wp\/v2\/product_tag?post=20394"}],"curies":[{"name":"wp","href":"https:\/\/api.w.org\/{rel}","templated":true}]}}