{"id":20382,"date":"2023-07-21T09:13:31","date_gmt":"2023-07-21T08:13:31","guid":{"rendered":"https:\/\/devaharmony.com\/pl\/sklep\/ajurweda-i-piekno\/"},"modified":"2026-01-01T03:44:22","modified_gmt":"2026-01-01T02:44:22","slug":"ajurweda-i-piekno","status":"publish","type":"product","link":"https:\/\/devaharmony.com\/pl\/sklep\/ajurweda-i-piekno\/","title":{"rendered":"AJURWEDA I PI\u0118KNO"},"content":{"rendered":"<p>Ajurweda to wiedza o funkcjonowaniu cz\u0142owieka, swoista \u201einstrukcja&#8221; obs\u0142ugi cia\u0142a, umys\u0142u i ducha spisana tysi\u0105ce lat temu. Dr Partap Chauhan, jeden z najs\u0142ynniejszych obecnie doktor\u00f3w ajurwedyjskich na \u015bwiecie pisze zar\u00f3wno o tym, jak mo\u017cna dba\u0107 o urod\u0119 naturalnymi sposobami, i jak osi\u0105gn\u0105\u0107 pi\u0119kno wewn\u0119trzne.<\/p>\n<p>Kiedy wprowadzisz w \u017cycie proste zasady ajurwedy, szybko si\u0119 oka\u017ce, \u017ce w og\u00f3le ju\u017c nie potrzebujesz drogich kosmetyk\u00f3w. Ajurwedyjskie przepisy mo\u017ce stosowa\u0107 ka\u017cdy. Wiele wspania\u0142ych, zdrowych kosmetyk\u00f3w mo\u017cna szybko przygotowa\u0107 z og\u00f3lnie dost\u0119pnych zi\u00f3\u0142 i produkt\u00f3w, kt\u00f3re na co dzie\u0144 masz w swojej kuchni.<\/p>\n<p>Ta ksi\u0105\u017cka zawiera sporo przepis\u00f3w. Wypr\u00f3buj wszystko, co tylko si\u0119 da! Nie tylko b\u0119dziesz wygl\u0105da\u0107 lepiej, ale te\u017c b\u0119dziesz mie\u0107 wi\u0119cej energii i wewn\u0119trznego spokoju.<\/p>\n<p>Celem tej ksi\u0105\u017cki jest wyja\u015bnienie podstaw ajurwedyjskiej koncepcji pi\u0119kna i zasad ajurwedyjskiego stylu \u017cycia. Przedstawia ona w prosty spos\u00f3b oryginaln\u0105 wiedz\u0119 praktyczn\u0105, efektywn\u0105 i \u0142atw\u0105 do zastosowania. Porady zawarte w tej ksi\u0105\u017cce zosta\u0142y zaczerpni\u0119te z oryginalnych tekst\u00f3w ajurwedyjskich i dostosowane do wsp\u00f3\u0142czesnego stylu \u017cycia i preferencji \u017cywieniowych.<\/p>\n<p>Pierwsze dwa rozdzia\u0142y zawieraj\u0105 podstawowe, og\u00f3lne informacje, kt\u00f3re pomog\u0105 Ci lepiej zrozumie\u0107 koncepcj\u0119 pi\u0119kna w my\u015bli Zachodu i Wschodu oraz pozna\u0107 podstawy fizjologii w uj\u0119ciu ajurwedyjskim. Zawieraj\u0105 te\u017c podstawowe informacje, co zrobi\u0107, by by\u0107 pi\u0119kn\u0105 i zdrow\u0105.<\/p>\n<p>Nast\u0119pne cztery rozdzia\u0142y pokazuj\u0105, jak wprowadzi\u0107 zasady ajurwedy do \u017cycia codziennego: zapoznaj\u0105 z codziennymi ajurwedyjskimi zabiegami piel\u0119gnacyjnymi, zasadami od\u017cywiania, instrukcjami dotycz\u0105cymi \u0107wicze\u0144 fizycznych oraz zasadami detoksykacji i oczyszczania.<\/p>\n<p>W kolejnych sze\u015bciu rozdzia\u0142ach przedstawione zostan\u0105 zar\u00f3wno praktyki o charakterze og\u00f3lnym, jak i porady szczeg\u00f3\u0142owe dla os\u00f3b <em>vata, pitta <\/em>i <em>kapha<\/em> dotycz\u0105ce piel\u0119gnacji urody, a tak\u017ce obja\u015bnienia podstaw wewn\u0119trznego pi\u0119kna &#8211; mowa o umy\u015ble i duszy oraz o ajurwedyjskim odm\u0142adzaniu. Znajdziesz tak\u017ce przepisy na pyszne zdrowe potrawy oraz podsumowanie, kt\u00f3re pomo\u017ce Ci po\u0142\u0105czy\u0107 i lepiej zrozumie\u0107 to, czego si\u0119 nauczy\u0142a\u015b.<\/p>\n<p>Ksi\u0105\u017ck\u0119 zamyka praktyczny <em>S\u0142ownik zi\u00f3\u0142 i sk\u0142adnik\u00f3w <\/em>oraz pomocna bibliografia.<\/p>\n<p><strong>Autor:<\/strong> Partap Chauhan<br \/>\n<strong>Przek\u0142ad:<\/strong> Przemys\u0142aw Skwarczy\u0144ski, El\u017cbieta \u017buk-Widma\u0144ska<br \/>\n<strong>Waga:<\/strong> 560 g<br \/>\n<strong>Format<\/strong>: 155 x 214 mm<br \/>\n<strong>Ilo\u015b\u0107 stron<\/strong>: 320<br \/>\n<strong>Wydanie<\/strong>: I, 2017<br \/>\n<strong>ISBN<\/strong>: 978-83-65400-09-3<\/p>\n","protected":false},"excerpt":{"rendered":"<p>Autor: Dr. <strong>Partap Chauhan<\/strong><\/p>\n<p>Ajurwedyjskie receptury dr. Partapa Chauhana na pi\u0119kn\u0105 cer\u0119, sk\u00f3r\u0119 i w\u0142osy. Szybkie i \u0142atwe przepisy na maseczki i domowe naturalne kremy. Kwestie dziennej rutyny, od\u017cywiania, piel\u0119gnacji i zdrowia dobrane do osobistego typu konstytucji. Dowiemy si\u0119 tak\u017ce, czym jest prawdziwe pi\u0119kno wed\u0142ug ajurwedy, dlaczego niekt\u00f3rzy ludzie s\u0105 bardziej promienni ni\u017c inni i jak wzmacnia\u0107 w sobie ten wewn\u0119trzny blask.<\/p>\n","protected":false},"featured_media":8041,"template":"","meta":{"_editorskit_title_hidden":false,"_editorskit_reading_time":0,"_editorskit_is_block_options_detached":false,"_editorskit_block_options_position":"{}"},"product_brand":[],"product_cat":[238],"product_tag":[],"class_list":{"0":"post-20382","1":"product","2":"type-product","3":"status-publish","4":"has-post-thumbnail","6":"product_cat-ksiazki","8":"first","9":"instock","10":"taxable","11":"shipping-taxable","12":"purchasable","13":"product-type-simple","14":"add-to-wishlist-before_image"},"acf":{"ilosc_sztuk_w_pudelku":"","ilosc_pudelek_w_kartonie":"","wykluczyc_z_szybkich_zakupow":""},"yoast_head":"<!-- This site is optimized with the Yoast SEO plugin v23.1 - https:\/\/yoast.com\/wordpress\/plugins\/seo\/ -->\n<title>AJURWEDA I PI\u0118KNO - Deva Harmony Polska<\/title>\n<meta name=\"robots\" content=\"index, follow, max-snippet:-1, max-image-preview:large, max-video-preview:-1\" \/>\n<link rel=\"canonical\" href=\"https:\/\/devaharmony.com\/pl\/sklep\/ajurweda-i-piekno\/\" \/>\n<meta property=\"og:locale\" content=\"pl_PL\" \/>\n<meta property=\"og:type\" content=\"article\" \/>\n<meta property=\"og:title\" content=\"AJURWEDA I PI\u0118KNO - Deva Harmony Polska\" \/>\n<meta property=\"og:description\" content=\"Autor: Dr. Partap Chauhan  Ajurwedyjskie receptury dr. Partapa Chauhana na pi\u0119kn\u0105 cer\u0119, sk\u00f3r\u0119 i w\u0142osy. Szybkie i \u0142atwe przepisy na maseczki i domowe naturalne kremy. Kwestie dziennej rutyny, od\u017cywiania, piel\u0119gnacji i zdrowia dobrane do osobistego typu konstytucji. Dowiemy si\u0119 tak\u017ce, czym jest prawdziwe pi\u0119kno wed\u0142ug ajurwedy, dlaczego niekt\u00f3rzy ludzie s\u0105 bardziej promienni ni\u017c inni i jak wzmacnia\u0107 w sobie ten wewn\u0119trzny blask.\" \/>\n<meta property=\"og:url\" content=\"https:\/\/devaharmony.com\/pl\/sklep\/ajurweda-i-piekno\/\" \/>\n<meta property=\"og:site_name\" content=\"Deva Harmony Polska\" \/>\n<meta property=\"article:modified_time\" content=\"2026-01-01T02:44:22+00:00\" \/>\n<meta property=\"og:image\" content=\"https:\/\/devaharmony.com\/pl\/wp-content\/uploads\/2021\/02\/Ajurweda-i-piekno-\u2013-dr-Partap-Chauhan.png\" \/>\n\t<meta property=\"og:image:width\" content=\"800\" \/>\n\t<meta property=\"og:image:height\" content=\"1200\" \/>\n\t<meta property=\"og:image:type\" content=\"image\/png\" \/>\n<meta name=\"twitter:card\" content=\"summary_large_image\" \/>\n<meta name=\"twitter:label1\" content=\"Szacowany czas czytania\" \/>\n\t<meta name=\"twitter:data1\" content=\"2 minuty\" \/>\n<script type=\"application\/ld+json\" class=\"yoast-schema-graph\">{\"@context\":\"https:\/\/schema.org\",\"@graph\":[{\"@type\":\"WebPage\",\"@id\":\"https:\/\/devaharmony.com\/pl\/sklep\/ajurweda-i-piekno\/\",\"url\":\"https:\/\/devaharmony.com\/pl\/sklep\/ajurweda-i-piekno\/\",\"name\":\"AJURWEDA I PI\u0118KNO - Deva Harmony Polska\",\"isPartOf\":{\"@id\":\"https:\/\/devaharmony.com\/pl\/#website\"},\"primaryImageOfPage\":{\"@id\":\"https:\/\/devaharmony.com\/pl\/sklep\/ajurweda-i-piekno\/#primaryimage\"},\"image\":{\"@id\":\"https:\/\/devaharmony.com\/pl\/sklep\/ajurweda-i-piekno\/#primaryimage\"},\"thumbnailUrl\":\"https:\/\/devaharmony.com\/pl\/wp-content\/uploads\/2021\/02\/Ajurweda-i-piekno-\u2013-dr-Partap-Chauhan.png\",\"datePublished\":\"2023-07-21T08:13:31+00:00\",\"dateModified\":\"2026-01-01T02:44:22+00:00\",\"breadcrumb\":{\"@id\":\"https:\/\/devaharmony.com\/pl\/sklep\/ajurweda-i-piekno\/#breadcrumb\"},\"inLanguage\":\"pl-PL\",\"potentialAction\":[{\"@type\":\"ReadAction\",\"target\":[\"https:\/\/devaharmony.com\/pl\/sklep\/ajurweda-i-piekno\/\"]}]},{\"@type\":\"ImageObject\",\"inLanguage\":\"pl-PL\",\"@id\":\"https:\/\/devaharmony.com\/pl\/sklep\/ajurweda-i-piekno\/#primaryimage\",\"url\":\"https:\/\/devaharmony.com\/pl\/wp-content\/uploads\/2021\/02\/Ajurweda-i-piekno-\u2013-dr-Partap-Chauhan.png\",\"contentUrl\":\"https:\/\/devaharmony.com\/pl\/wp-content\/uploads\/2021\/02\/Ajurweda-i-piekno-\u2013-dr-Partap-Chauhan.png\",\"width\":800,\"height\":1200},{\"@type\":\"BreadcrumbList\",\"@id\":\"https:\/\/devaharmony.com\/pl\/sklep\/ajurweda-i-piekno\/#breadcrumb\",\"itemListElement\":[{\"@type\":\"ListItem\",\"position\":1,\"name\":\"Strona g\u0142\u00f3wna\",\"item\":\"https:\/\/devaharmony.com\/pl\/\"},{\"@type\":\"ListItem\",\"position\":2,\"name\":\"Produkty Ajurwedyjskie\",\"item\":\"https:\/\/devaharmony.com\/pl\/produkty-ajurwedyjskie\/\"},{\"@type\":\"ListItem\",\"position\":3,\"name\":\"AJURWEDA I PI\u0118KNO\"}]},{\"@type\":\"WebSite\",\"@id\":\"https:\/\/devaharmony.com\/pl\/#website\",\"url\":\"https:\/\/devaharmony.com\/pl\/\",\"name\":\"Deva Harmony Polska\",\"description\":\"Ajurwedyjskie Suplementy Diety\",\"potentialAction\":[{\"@type\":\"SearchAction\",\"target\":{\"@type\":\"EntryPoint\",\"urlTemplate\":\"https:\/\/devaharmony.com\/pl\/?s={search_term_string}\"},\"query-input\":\"required name=search_term_string\"}],\"inLanguage\":\"pl-PL\"}]}<\/script>\n<!-- \/ Yoast SEO plugin. -->","yoast_head_json":{"title":"AJURWEDA I PI\u0118KNO - Deva Harmony Polska","robots":{"index":"index","follow":"follow","max-snippet":"max-snippet:-1","max-image-preview":"max-image-preview:large","max-video-preview":"max-video-preview:-1"},"canonical":"https:\/\/devaharmony.com\/pl\/sklep\/ajurweda-i-piekno\/","og_locale":"pl_PL","og_type":"article","og_title":"AJURWEDA I PI\u0118KNO - Deva Harmony Polska","og_description":"Autor: Dr. Partap Chauhan  Ajurwedyjskie receptury dr. Partapa Chauhana na pi\u0119kn\u0105 cer\u0119, sk\u00f3r\u0119 i w\u0142osy. Szybkie i \u0142atwe przepisy na maseczki i domowe naturalne kremy. Kwestie dziennej rutyny, od\u017cywiania, piel\u0119gnacji i zdrowia dobrane do osobistego typu konstytucji. Dowiemy si\u0119 tak\u017ce, czym jest prawdziwe pi\u0119kno wed\u0142ug ajurwedy, dlaczego niekt\u00f3rzy ludzie s\u0105 bardziej promienni ni\u017c inni i jak wzmacnia\u0107 w sobie ten wewn\u0119trzny blask.","og_url":"https:\/\/devaharmony.com\/pl\/sklep\/ajurweda-i-piekno\/","og_site_name":"Deva Harmony Polska","article_modified_time":"2026-01-01T02:44:22+00:00","og_image":[{"width":800,"height":1200,"url":"https:\/\/devaharmony.com\/pl\/wp-content\/uploads\/2021\/02\/Ajurweda-i-piekno-\u2013-dr-Partap-Chauhan.png","type":"image\/png"}],"twitter_card":"summary_large_image","twitter_misc":{"Szacowany czas czytania":"2 minuty"},"schema":{"@context":"https:\/\/schema.org","@graph":[{"@type":"WebPage","@id":"https:\/\/devaharmony.com\/pl\/sklep\/ajurweda-i-piekno\/","url":"https:\/\/devaharmony.com\/pl\/sklep\/ajurweda-i-piekno\/","name":"AJURWEDA I PI\u0118KNO - Deva Harmony Polska","isPartOf":{"@id":"https:\/\/devaharmony.com\/pl\/#website"},"primaryImageOfPage":{"@id":"https:\/\/devaharmony.com\/pl\/sklep\/ajurweda-i-piekno\/#primaryimage"},"image":{"@id":"https:\/\/devaharmony.com\/pl\/sklep\/ajurweda-i-piekno\/#primaryimage"},"thumbnailUrl":"https:\/\/devaharmony.com\/pl\/wp-content\/uploads\/2021\/02\/Ajurweda-i-piekno-\u2013-dr-Partap-Chauhan.png","datePublished":"2023-07-21T08:13:31+00:00","dateModified":"2026-01-01T02:44:22+00:00","breadcrumb":{"@id":"https:\/\/devaharmony.com\/pl\/sklep\/ajurweda-i-piekno\/#breadcrumb"},"inLanguage":"pl-PL","potentialAction":[{"@type":"ReadAction","target":["https:\/\/devaharmony.com\/pl\/sklep\/ajurweda-i-piekno\/"]}]},{"@type":"ImageObject","inLanguage":"pl-PL","@id":"https:\/\/devaharmony.com\/pl\/sklep\/ajurweda-i-piekno\/#primaryimage","url":"https:\/\/devaharmony.com\/pl\/wp-content\/uploads\/2021\/02\/Ajurweda-i-piekno-\u2013-dr-Partap-Chauhan.png","contentUrl":"https:\/\/devaharmony.com\/pl\/wp-content\/uploads\/2021\/02\/Ajurweda-i-piekno-\u2013-dr-Partap-Chauhan.png","width":800,"height":1200},{"@type":"BreadcrumbList","@id":"https:\/\/devaharmony.com\/pl\/sklep\/ajurweda-i-piekno\/#breadcrumb","itemListElement":[{"@type":"ListItem","position":1,"name":"Strona g\u0142\u00f3wna","item":"https:\/\/devaharmony.com\/pl\/"},{"@type":"ListItem","position":2,"name":"Produkty Ajurwedyjskie","item":"https:\/\/devaharmony.com\/pl\/produkty-ajurwedyjskie\/"},{"@type":"ListItem","position":3,"name":"AJURWEDA I PI\u0118KNO"}]},{"@type":"WebSite","@id":"https:\/\/devaharmony.com\/pl\/#website","url":"https:\/\/devaharmony.com\/pl\/","name":"Deva Harmony Polska","description":"Ajurwedyjskie Suplementy Diety","potentialAction":[{"@type":"SearchAction","target":{"@type":"EntryPoint","urlTemplate":"https:\/\/devaharmony.com\/pl\/?s={search_term_string}"},"query-input":"required name=search_term_string"}],"inLanguage":"pl-PL"}]}},"_links":{"self":[{"href":"https:\/\/devaharmony.com\/pl\/wp-json\/wp\/v2\/product\/20382","targetHints":{"allow":["GET"]}}],"collection":[{"href":"https:\/\/devaharmony.com\/pl\/wp-json\/wp\/v2\/product"}],"about":[{"href":"https:\/\/devaharmony.com\/pl\/wp-json\/wp\/v2\/types\/product"}],"wp:featuredmedia":[{"embeddable":true,"href":"https:\/\/devaharmony.com\/pl\/wp-json\/wp\/v2\/media\/8041"}],"wp:attachment":[{"href":"https:\/\/devaharmony.com\/pl\/wp-json\/wp\/v2\/media?parent=20382"}],"wp:term":[{"taxonomy":"product_brand","embeddable":true,"href":"https:\/\/devaharmony.com\/pl\/wp-json\/wp\/v2\/product_brand?post=20382"},{"taxonomy":"product_cat","embeddable":true,"href":"https:\/\/devaharmony.com\/pl\/wp-json\/wp\/v2\/product_cat?post=20382"},{"taxonomy":"product_tag","embeddable":true,"href":"https:\/\/devaharmony.com\/pl\/wp-json\/wp\/v2\/product_tag?post=20382"}],"curies":[{"name":"wp","href":"https:\/\/api.w.org\/{rel}","templated":true}]}}