{"id":20356,"date":"2023-07-21T09:09:50","date_gmt":"2023-07-21T08:09:50","guid":{"rendered":"https:\/\/devaharmony.com\/pl\/sklep\/pure-shilajit-60-kapsulek-450mg\/"},"modified":"2026-04-04T23:01:14","modified_gmt":"2026-04-04T22:01:14","slug":"shilajeet-kapsulki","status":"publish","type":"product","link":"https:\/\/devaharmony.com\/pl\/sklep\/shilajeet-kapsulki\/","title":{"rendered":"Pure Shilajit &#8211; Mumio &#8211; 60 kapsu\u0142ek (450mg) Autentic Ayurveda"},"content":{"rendered":"<p>Kapsu\u0142ki Pure Shilajeet s\u0105 pozyskiwane z Himalaj\u00f3w i oferuj\u0105 Mumio w czystej postaci. Shilajit jest <strong>stosowany w tradycji ajurwedyjskiej, jak i chi\u0144skiej<\/strong>, od wiek\u00f3w.<\/p>\n<p>Shilajit to lepka substancja wyst\u0119puj\u0105ca g\u0142\u00f3wnie w ska\u0142ach Himalaj\u00f3w. Powstaje ona na przestrzeni wiek\u00f3w w wyniku powolnego rozk\u0142adu ro\u015blin.<\/p>\n<p><strong>Produkt 100% wega\u0144ski\u00a0<\/strong><\/p>\n<p><strong>Zalecana porcja dzienna:<\/strong> 2 kapsu\u0142ki<\/p>\n<p style=\"text-align: justify;\"><strong>Pojemno\u015b\u0107:<\/strong> 60 kapsu\u0142ek<\/p>\n<p><strong>Producent:<\/strong> JIVA Ayurvedic Pharmacy Ltd.<\/p>\n<p><strong>Kraj pochodzenia:<\/strong> Indie Autentic Ayurveda<\/p>\n<p><span style=\"font-size: 12px; line-height: 13px;\">*Nie nale\u017cy przekracza\u0107 zalecanej porcji dziennej do spo\u017cycia. Suplement diety nie mo\u017ce by\u0107 stosowany jako substytut (zamiennik) zr\u00f3\u017cnicowanej diety. Nale\u017cy przestrzega\u0107 zdrowego trybu \u017cycia i zr\u00f3wnowa\u017conego sposobu \u017cywienia. Nie stosowa\u0107 w przypadku nadwra\u017cliwo\u015bci na sk\u0142adniki preparatu. Produkt nie jest przeznaczony dla kobiet w ci\u0105\u017cy ani karmi\u0105cych oraz dzieci. <\/span><\/p>\n<p><span style=\"font-size: 12px; line-height: 13px;\">*Przechowywa\u0107 w spos\u00f3b niedost\u0119pny dla ma\u0142ych dzieci. Chroni\u0107 przed \u015bwiat\u0142em i wilgoci\u0105.<\/span><\/p>\n<p><span style=\"font-size: 12px; line-height: 13px;\">*Opisany produkt jest suplementem diety, nie jest produktem leczniczym, kt\u00f3remu przypisuje si\u0119 w\u0142a\u015bciwo\u015bci zapobiegania lub leczenie chor\u00f3b wyst\u0119puj\u0105cych u ludzi. <\/span><\/p>\n<p><span style=\"font-size: 12px; line-height: 13px;\">*Przyjmowanie preparat\u00f3w zio\u0142owych najlepiej skonsultowa\u0107 z lekarzem lub farmaceut\u0105, poniewa\u017c dob\u00f3r odpowiedniego preparatu ro\u015blinnego wymaga r\u00f3wnie du\u017cej wiedzy, co w przypadku preparatu chemicznego. Nale\u017cy pami\u0119ta\u0107, \u017ce preparaty ro\u015blinne mog\u0105 wchodzi\u0107 w interakcje z przyjmowanymi lekami i mog\u0105 stanowi\u0107 zagro\u017cenie dla zdrowia. Niekt\u00f3re preparaty zio\u0142owe mog\u0105 wywo\u0142a\u0107 silne dzia\u0142anie, dlatego nale\u017cy przestrzega\u0107 wszystkich zalece\u0144 i ogranicze\u0144 podanych przez producenta. Szczeg\u00f3ln\u0105 ostro\u017cno\u015b\u0107 przy ich stosowaniu musz\u0105 zachowa\u0107 matki karmi\u0105ce i kobiety w ci\u0105\u017cy.<\/span><\/p>\n<h2>Preparat Shilajit Mumio to starohinduska odpowied\u017a na trudy codziennego \u017cycia<\/h2>\n<p>Ju\u017c stosowanie jednej kapsu\u0142ki Jiva Shilajeet Mumio dziennie, podczas regularnego stosowania, potrafi przynie\u015b\u0107 zauwa\u017calnie efekty. Wybierz skuteczne w dzia\u0142aniu <a href=\"https:\/\/devaharmony.com\/pl\/produkty-ajurwedyjskie\/suplementy\/\">suplementy ajurwedyjskie<\/a>. Starohinduska wiedza przygotowa\u0142a dla Ciebie kilka sprawdzonych rozwi\u0105za\u0144. Kapsu\u0142ki Shilajit Jiva <em><strong>to jeden z najpopularniejszych wybor\u00f3w<\/strong><\/em>. I to nie tylko w\u015br\u00f3d os\u00f3b powi\u0105zanych ze wschodni\u0105, tradycyjn\u0105 m\u0105dro\u015bci\u0105. Liczne produkty proponowane na naszej stronie internetowej ciesz\u0105 si\u0119 uznaniem tak\u017ce w Europie!<\/p>\n<h2>Wysokiej jako\u015bci Mumio Shilajit Jiva, w wygodnym opakowaniu i wega\u0144skiej kapsu\u0142ce!<\/h2>\n<p>Je\u015bli przejawiasz holistyczne podej\u015bcie do \u017cycia i temat starohinduskiej wiedzy <a href=\"https:\/\/devaharmony.com\/pl\/medycyna-ajurwedyjska\/\">ajurwedyjskiej<\/a> nie jest Ci obcy, prawdopodobnie ju\u017c wiesz, \u017ce r\u00f3\u017cnego rodzaju preparaty oraz suplementy proponowane w naszym sklepie cechuj\u0105 si\u0119 przede wszystkim <em><strong>maksymalnie wysok\u0105 jako\u015bci\u0105<\/strong><\/em>. Tak\u0105 jako\u015bci\u0105 wyr\u00f3\u017cnia si\u0119 r\u00f3wnie\u017c produkt Shilajit marki Jiva, tak jak na podej\u015bcie ajurwedyjskie przysta\u0142o!<\/p>\n","protected":false},"excerpt":{"rendered":"<p><strong>Shilajit | Mumio \u2013 pot\u0119ga Himalaj\u00f3w \u2600\ufe0f<\/strong><\/p>\n<ul>\n<li>Naturalne<\/li>\n<li>Wysokiej jako\u015bci<\/li>\n<li>Prosto z indyjskich Himalaj\u00f3w!<\/li>\n<\/ul>\n<p><strong>Produkt 100% wega\u0144ski<\/strong><\/p>\n<p><strong>Pojemno\u015b\u0107:<\/strong> 60 kapsu\u0142ek<\/p>\n<p><strong>1 opakowanie wystarcza na 1 \u2013 2 miesi\u0119cy stosowania\u00a0<\/strong><\/p>\n","protected":false},"featured_media":45529,"template":"","meta":{"_editorskit_title_hidden":false,"_editorskit_reading_time":0,"_editorskit_is_block_options_detached":false,"_editorskit_block_options_position":"{}"},"product_brand":[],"product_cat":[467,645,498,472,499,471,481,491,470,47,19,28,18,35],"product_tag":[],"class_list":{"0":"post-20356","1":"product","2":"type-product","3":"status-publish","4":"has-post-thumbnail","6":"product_cat-adaptogeny","7":"product_cat-green-week","8":"product_cat-jiva","9":"product_cat-kapha","10":"product_cat-marki","11":"product_cat-pitta","12":"product_cat-premium","13":"product_cat-przeznaczenie-produktow","14":"product_cat-vata","15":"product_cat-dobre-samopoczucie","16":"product_cat-produkty-specjalne","17":"product_cat-produkty-ajurwedyjskie","18":"product_cat-suplementy","19":"product_cat-ziola","21":"first","22":"instock","23":"taxable","24":"shipping-taxable","25":"purchasable","26":"product-type-simple","27":"add-to-wishlist-before_image"},"acf":{"ilosc_sztuk_w_pudelku":"","ilosc_pudelek_w_kartonie":"","wykluczyc_z_szybkich_zakupow":""},"yoast_head":"<!-- This site is optimized with the Yoast SEO plugin v23.1 - https:\/\/yoast.com\/wordpress\/plugins\/seo\/ -->\n<title>Pure Shilajit - Mumio - 60 kapsu\u0142ek (450mg) Autentic Ayurveda - Deva Harmony Polska<\/title>\n<meta name=\"robots\" content=\"index, follow, max-snippet:-1, max-image-preview:large, max-video-preview:-1\" \/>\n<link rel=\"canonical\" href=\"https:\/\/devaharmony.com\/pl\/sklep\/shilajeet-kapsulki\/\" \/>\n<meta property=\"og:locale\" content=\"pl_PL\" \/>\n<meta property=\"og:type\" content=\"article\" \/>\n<meta property=\"og:title\" content=\"Pure Shilajit - Mumio - 60 kapsu\u0142ek (450mg) Autentic Ayurveda - Deva Harmony Polska\" \/>\n<meta property=\"og:description\" content=\"Shilajit | Mumio \u2013 pot\u0119ga Himalaj\u00f3w \u2600\ufe0f   Naturalne  Wysokiej jako\u015bci  Prosto z indyjskich Himalaj\u00f3w!  Produkt 100% wega\u0144ski  Pojemno\u015b\u0107: 60 kapsu\u0142ek  1 opakowanie wystarcza na 1 \u2013 2 miesi\u0119cy stosowania\u00a0\" \/>\n<meta property=\"og:url\" content=\"https:\/\/devaharmony.com\/pl\/sklep\/shilajeet-kapsulki\/\" \/>\n<meta property=\"og:site_name\" content=\"Deva Harmony Polska\" \/>\n<meta property=\"article:modified_time\" content=\"2026-04-04T22:01:14+00:00\" \/>\n<meta property=\"og:image\" content=\"https:\/\/devaharmony.com\/pl\/wp-content\/uploads\/2025\/06\/ed55d0ae137ed3f96d78fcb1bfbc857c.png\" \/>\n\t<meta property=\"og:image:width\" content=\"1080\" \/>\n\t<meta property=\"og:image:height\" content=\"1080\" \/>\n\t<meta property=\"og:image:type\" content=\"image\/png\" \/>\n<meta name=\"twitter:card\" content=\"summary_large_image\" \/>\n<meta name=\"twitter:label1\" content=\"Szacowany czas czytania\" \/>\n\t<meta name=\"twitter:data1\" content=\"3 minuty\" \/>\n<script type=\"application\/ld+json\" class=\"yoast-schema-graph\">{\"@context\":\"https:\/\/schema.org\",\"@graph\":[{\"@type\":\"WebPage\",\"@id\":\"https:\/\/devaharmony.com\/pl\/sklep\/shilajeet-kapsulki\/\",\"url\":\"https:\/\/devaharmony.com\/pl\/sklep\/shilajeet-kapsulki\/\",\"name\":\"Pure Shilajit - Mumio - 60 kapsu\u0142ek (450mg) Autentic Ayurveda - Deva Harmony Polska\",\"isPartOf\":{\"@id\":\"https:\/\/devaharmony.com\/pl\/#website\"},\"primaryImageOfPage\":{\"@id\":\"https:\/\/devaharmony.com\/pl\/sklep\/shilajeet-kapsulki\/#primaryimage\"},\"image\":{\"@id\":\"https:\/\/devaharmony.com\/pl\/sklep\/shilajeet-kapsulki\/#primaryimage\"},\"thumbnailUrl\":\"https:\/\/devaharmony.com\/pl\/wp-content\/uploads\/2025\/06\/ed55d0ae137ed3f96d78fcb1bfbc857c.png\",\"datePublished\":\"2023-07-21T08:09:50+00:00\",\"dateModified\":\"2026-04-04T22:01:14+00:00\",\"breadcrumb\":{\"@id\":\"https:\/\/devaharmony.com\/pl\/sklep\/shilajeet-kapsulki\/#breadcrumb\"},\"inLanguage\":\"pl-PL\",\"potentialAction\":[{\"@type\":\"ReadAction\",\"target\":[\"https:\/\/devaharmony.com\/pl\/sklep\/shilajeet-kapsulki\/\"]}]},{\"@type\":\"ImageObject\",\"inLanguage\":\"pl-PL\",\"@id\":\"https:\/\/devaharmony.com\/pl\/sklep\/shilajeet-kapsulki\/#primaryimage\",\"url\":\"https:\/\/devaharmony.com\/pl\/wp-content\/uploads\/2025\/06\/ed55d0ae137ed3f96d78fcb1bfbc857c.png\",\"contentUrl\":\"https:\/\/devaharmony.com\/pl\/wp-content\/uploads\/2025\/06\/ed55d0ae137ed3f96d78fcb1bfbc857c.png\",\"width\":1080,\"height\":1080},{\"@type\":\"BreadcrumbList\",\"@id\":\"https:\/\/devaharmony.com\/pl\/sklep\/shilajeet-kapsulki\/#breadcrumb\",\"itemListElement\":[{\"@type\":\"ListItem\",\"position\":1,\"name\":\"Strona g\u0142\u00f3wna\",\"item\":\"https:\/\/devaharmony.com\/pl\/\"},{\"@type\":\"ListItem\",\"position\":2,\"name\":\"Produkty Ajurwedyjskie\",\"item\":\"https:\/\/devaharmony.com\/pl\/produkty-ajurwedyjskie\/\"},{\"@type\":\"ListItem\",\"position\":3,\"name\":\"Pure Shilajit &#8211; Mumio &#8211; 60 kapsu\u0142ek (450mg) Autentic Ayurveda\"}]},{\"@type\":\"WebSite\",\"@id\":\"https:\/\/devaharmony.com\/pl\/#website\",\"url\":\"https:\/\/devaharmony.com\/pl\/\",\"name\":\"Deva Harmony Polska\",\"description\":\"Ajurwedyjskie Suplementy Diety\",\"potentialAction\":[{\"@type\":\"SearchAction\",\"target\":{\"@type\":\"EntryPoint\",\"urlTemplate\":\"https:\/\/devaharmony.com\/pl\/?s={search_term_string}\"},\"query-input\":\"required name=search_term_string\"}],\"inLanguage\":\"pl-PL\"}]}<\/script>\n<!-- \/ Yoast SEO plugin. -->","yoast_head_json":{"title":"Pure Shilajit - Mumio - 60 kapsu\u0142ek (450mg) Autentic Ayurveda - Deva Harmony Polska","robots":{"index":"index","follow":"follow","max-snippet":"max-snippet:-1","max-image-preview":"max-image-preview:large","max-video-preview":"max-video-preview:-1"},"canonical":"https:\/\/devaharmony.com\/pl\/sklep\/shilajeet-kapsulki\/","og_locale":"pl_PL","og_type":"article","og_title":"Pure Shilajit - Mumio - 60 kapsu\u0142ek (450mg) Autentic Ayurveda - Deva Harmony Polska","og_description":"Shilajit | Mumio \u2013 pot\u0119ga Himalaj\u00f3w \u2600\ufe0f   Naturalne  Wysokiej jako\u015bci  Prosto z indyjskich Himalaj\u00f3w!  Produkt 100% wega\u0144ski  Pojemno\u015b\u0107: 60 kapsu\u0142ek  1 opakowanie wystarcza na 1 \u2013 2 miesi\u0119cy stosowania\u00a0","og_url":"https:\/\/devaharmony.com\/pl\/sklep\/shilajeet-kapsulki\/","og_site_name":"Deva Harmony Polska","article_modified_time":"2026-04-04T22:01:14+00:00","og_image":[{"width":1080,"height":1080,"url":"https:\/\/devaharmony.com\/pl\/wp-content\/uploads\/2025\/06\/ed55d0ae137ed3f96d78fcb1bfbc857c.png","type":"image\/png"}],"twitter_card":"summary_large_image","twitter_misc":{"Szacowany czas czytania":"3 minuty"},"schema":{"@context":"https:\/\/schema.org","@graph":[{"@type":"WebPage","@id":"https:\/\/devaharmony.com\/pl\/sklep\/shilajeet-kapsulki\/","url":"https:\/\/devaharmony.com\/pl\/sklep\/shilajeet-kapsulki\/","name":"Pure Shilajit - Mumio - 60 kapsu\u0142ek (450mg) Autentic Ayurveda - Deva Harmony Polska","isPartOf":{"@id":"https:\/\/devaharmony.com\/pl\/#website"},"primaryImageOfPage":{"@id":"https:\/\/devaharmony.com\/pl\/sklep\/shilajeet-kapsulki\/#primaryimage"},"image":{"@id":"https:\/\/devaharmony.com\/pl\/sklep\/shilajeet-kapsulki\/#primaryimage"},"thumbnailUrl":"https:\/\/devaharmony.com\/pl\/wp-content\/uploads\/2025\/06\/ed55d0ae137ed3f96d78fcb1bfbc857c.png","datePublished":"2023-07-21T08:09:50+00:00","dateModified":"2026-04-04T22:01:14+00:00","breadcrumb":{"@id":"https:\/\/devaharmony.com\/pl\/sklep\/shilajeet-kapsulki\/#breadcrumb"},"inLanguage":"pl-PL","potentialAction":[{"@type":"ReadAction","target":["https:\/\/devaharmony.com\/pl\/sklep\/shilajeet-kapsulki\/"]}]},{"@type":"ImageObject","inLanguage":"pl-PL","@id":"https:\/\/devaharmony.com\/pl\/sklep\/shilajeet-kapsulki\/#primaryimage","url":"https:\/\/devaharmony.com\/pl\/wp-content\/uploads\/2025\/06\/ed55d0ae137ed3f96d78fcb1bfbc857c.png","contentUrl":"https:\/\/devaharmony.com\/pl\/wp-content\/uploads\/2025\/06\/ed55d0ae137ed3f96d78fcb1bfbc857c.png","width":1080,"height":1080},{"@type":"BreadcrumbList","@id":"https:\/\/devaharmony.com\/pl\/sklep\/shilajeet-kapsulki\/#breadcrumb","itemListElement":[{"@type":"ListItem","position":1,"name":"Strona g\u0142\u00f3wna","item":"https:\/\/devaharmony.com\/pl\/"},{"@type":"ListItem","position":2,"name":"Produkty Ajurwedyjskie","item":"https:\/\/devaharmony.com\/pl\/produkty-ajurwedyjskie\/"},{"@type":"ListItem","position":3,"name":"Pure Shilajit &#8211; Mumio &#8211; 60 kapsu\u0142ek (450mg) Autentic Ayurveda"}]},{"@type":"WebSite","@id":"https:\/\/devaharmony.com\/pl\/#website","url":"https:\/\/devaharmony.com\/pl\/","name":"Deva Harmony Polska","description":"Ajurwedyjskie Suplementy Diety","potentialAction":[{"@type":"SearchAction","target":{"@type":"EntryPoint","urlTemplate":"https:\/\/devaharmony.com\/pl\/?s={search_term_string}"},"query-input":"required name=search_term_string"}],"inLanguage":"pl-PL"}]}},"_links":{"self":[{"href":"https:\/\/devaharmony.com\/pl\/wp-json\/wp\/v2\/product\/20356","targetHints":{"allow":["GET"]}}],"collection":[{"href":"https:\/\/devaharmony.com\/pl\/wp-json\/wp\/v2\/product"}],"about":[{"href":"https:\/\/devaharmony.com\/pl\/wp-json\/wp\/v2\/types\/product"}],"wp:featuredmedia":[{"embeddable":true,"href":"https:\/\/devaharmony.com\/pl\/wp-json\/wp\/v2\/media\/45529"}],"wp:attachment":[{"href":"https:\/\/devaharmony.com\/pl\/wp-json\/wp\/v2\/media?parent=20356"}],"wp:term":[{"taxonomy":"product_brand","embeddable":true,"href":"https:\/\/devaharmony.com\/pl\/wp-json\/wp\/v2\/product_brand?post=20356"},{"taxonomy":"product_cat","embeddable":true,"href":"https:\/\/devaharmony.com\/pl\/wp-json\/wp\/v2\/product_cat?post=20356"},{"taxonomy":"product_tag","embeddable":true,"href":"https:\/\/devaharmony.com\/pl\/wp-json\/wp\/v2\/product_tag?post=20356"}],"curies":[{"name":"wp","href":"https:\/\/api.w.org\/{rel}","templated":true}]}}