{"id":20346,"date":"2023-07-21T09:08:06","date_gmt":"2023-07-21T08:08:06","guid":{"rendered":"https:\/\/devaharmony.com\/pl\/sklep\/turmeric-60-kapsulek-450mg\/"},"modified":"2026-04-18T15:42:17","modified_gmt":"2026-04-18T14:42:17","slug":"turmeric-60-kapsulek-450mg","status":"publish","type":"product","link":"https:\/\/devaharmony.com\/pl\/sklep\/turmeric-60-kapsulek-450mg\/","title":{"rendered":"Turmeric &#8211; legendarna kurkuma z dodatkiem Amla &#8211; 60 kapsu\u0142ek (450mg)"},"content":{"rendered":"<p><strong>Turmeric w kapsu\u0142kach<\/strong> jest wykonany z pot\u0119\u017cnej mieszanki najczystszej formy Haldi i Amla. G\u0142\u00f3wnym sk\u0142adnikiem aktywnym kurkuminoidy &#8211; pochodz\u0105ce z Hali (Kurkuma), kt\u00f3ra zapewnia liczne korzy\u015bci zdrowotne, podczas gdy Amla (Agrest indyjski) zwi\u0119ksza wch\u0142anianie sk\u0142adnik\u00f3w od\u017cywczych. Ta kapsu\u0142ka zawiera kurkumin\u0119 &#8211; ekstrakt z kurkumy, kt\u00f3ra <strong>chroni serce, m\u00f3zg, stawy i wzmacnia funkcje m\u00f3zgu<\/strong>. Kurkuma posiada w\u0142a\u015bciwo\u015bci wspieraj\u0105ce w stanach zapalnych organizmu. Poprzez d\u0142ugotrwa\u0142e stosowanie pomaga w <strong>zwi\u0119kszeniu odporno\u015bci i zapobiega post\u0119powi chor\u00f3b<\/strong> w organizmie. Dodatkowo, jego w\u0142a\u015bciwo\u015bci r\u00f3wnowa\u017c\u0105ce tridosha zwi\u0119kszaj\u0105 naturaln\u0105 zdolno\u015b\u0107 uzdrawiania organizmu. Kapsu\u0142ki Turmeric chroni\u0105 r\u00f3wnie\u017c sk\u00f3r\u0119 przed <strong>tr\u0105dzikiem, infekcjami i alergiami<\/strong> oraz zapewniaj\u0105 <strong>wsparcie przeciwstarzeniowe<\/strong>, dzi\u0119ki czemu wygl\u0105dasz m\u0142odzie\u0144czo.<\/p>\n<p><strong>Kurkuma<\/strong> jest u\u017cywana w Ajurwedzie do zr\u00f3wnowa\u017cenia dosza Vata, Pitta i Kapha. Ma wiele korzystnych skutk\u00f3w dla krwi, osocza i uk\u0142adu kr\u0105\u017cenia (rasa i rakta dhatus). Rozpala r\u00f3wnie\u017c agni (ogie\u0144 trawienny), pomagaj\u0105c zredukowa\u0107 Kapha dosha i usun\u0105\u0107 z organizmu toksyny (ama). W\u0142a\u015bciwo\u015bci <strong>przeciwzapalne i przeciwutleniaj\u0105ce<\/strong> Haldi pomagaj\u0105 zapobiega\u0107 post\u0119powi chor\u00f3b w organizmie, zwi\u0119kszaj\u0105c <strong>naturaln\u0105 zdolno\u015b\u0107 gojenia organizmu i wzmacniaj\u0105c uk\u0142ad odporno\u015bciowy<\/strong> od wewn\u0105trz. Pomaga r\u00f3wnie\u017c <strong>zmniejszy\u0107 powik\u0142ania zwi\u0105zane z cukrzyc\u0105, takie jak wrzody, rany i uszkodzenia nerek<\/strong>.<\/p>\n<p><strong>Produkt 100% wega\u0144ski\u00a0<\/strong><\/p>\n<p><strong>Zalecana porcja dzienna:<\/strong>\u00a02 kapsu\u0142ki<\/p>\n<p><strong>Pojemno\u015b\u0107:<\/strong> 60 kapsu\u0142ek<\/p>\n<p><strong>Producent:<\/strong> JIVA Ayurvedic Pharmacy Ltd.<\/p>\n<p><strong>Kraj pochodzenia:<\/strong> Indie<\/p>\n<p><span style=\"font-size: 12px; line-height: 13px;\">*Nie nale\u017cy przekracza\u0107 zalecanej porcji dziennej do spo\u017cycia. Suplement diety nie mo\u017ce by\u0107 stosowany jako substytut (zamiennik) zr\u00f3\u017cnicowanej diety. Nale\u017cy przestrzega\u0107 zdrowego trybu \u017cycia i zr\u00f3wnowa\u017conego sposobu \u017cywienia. Nie stosowa\u0107 w przypadku nadwra\u017cliwo\u015bci na sk\u0142adniki preparatu. Produkt nie jest przeznaczony dla kobiet w ci\u0105\u017cy ani karmi\u0105cych oraz dzieci. <\/span><\/p>\n<p><span style=\"font-size: 12px; line-height: 13px;\">*Przechowywa\u0107 w spos\u00f3b niedost\u0119pny dla ma\u0142ych dzieci. Chroni\u0107 przed \u015bwiat\u0142em i wilgoci\u0105.<\/span><\/p>\n<p><span style=\"font-size: 12px; line-height: 13px;\">*Opisany produkt jest suplementem diety, nie jest produktem leczniczym, kt\u00f3remu przypisuje si\u0119 w\u0142a\u015bciwo\u015bci zapobiegania lub leczenie chor\u00f3b wyst\u0119puj\u0105cych u ludzi. <\/span><\/p>\n<p><span style=\"font-size: 12px; line-height: 13px;\">*Przyjmowanie preparat\u00f3w zio\u0142owych najlepiej skonsultowa\u0107 z lekarzem lub farmaceut\u0105, poniewa\u017c dob\u00f3r odpowiedniego preparatu ro\u015blinnego wymaga r\u00f3wnie du\u017cej wiedzy, co w przypadku preparatu chemicznego. Nale\u017cy pami\u0119ta\u0107, \u017ce preparaty ro\u015blinne mog\u0105 wchodzi\u0107 w interakcje z przyjmowanymi lekami i mog\u0105 stanowi\u0107 zagro\u017cenie dla zdrowia. Niekt\u00f3re preparaty zio\u0142owe mog\u0105 wywo\u0142a\u0107 silne dzia\u0142anie, dlatego nale\u017cy przestrzega\u0107 wszystkich zalece\u0144 i ogranicze\u0144 podanych przez producenta. Szczeg\u00f3ln\u0105 ostro\u017cno\u015b\u0107 przy ich stosowaniu musz\u0105 zachowa\u0107 matki karmi\u0105ce i kobiety w ci\u0105\u017cy.<\/span><\/p>\n","protected":false},"excerpt":{"rendered":"<p><strong>Klasyczna, legendarna kurkuma \u2013 obok niej \u2013 kr\u00f3lowa zi\u00f3\u0142 Amla<\/strong> \u2600\ufe0f<\/p>\n<ul>\n<li>Oczyszcza i detoksykuje organizm<\/li>\n<li>Utrzymuje sk\u00f3r\u0119 woln\u0105 od tr\u0105dziku i zapale\u0144 sk\u00f3ry<\/li>\n<li>Stosowany w leczeniu alergii<\/li>\n<li>R\u00f3wnowa\u017cy poziom cukru we krwi<\/li>\n<li>S\u0142aba odporno\u015b\u0107 \/ infekcje<\/li>\n<li>Pomaga w problemach ze stawami<\/li>\n<li>Spowalnia proces starzenia si\u0119<\/li>\n<\/ul>\n<p><strong>Produkt 100% wega\u0144ski<\/strong><\/p>\n<p><strong>Pojemno\u015b\u0107:<\/strong> 60 kapsu\u0142ek<\/p>\n<p><strong>Termin wa\u017cno\u015bci\u00a0 09.2026<\/strong><\/p>\n<p><strong>1 opakowanie wystarcza na 1 miesi\u0105c stosowania\u00a0<\/strong><\/p>\n","protected":false},"featured_media":44829,"template":"","meta":{"_editorskit_title_hidden":false,"_editorskit_reading_time":0,"_editorskit_is_block_options_detached":false,"_editorskit_block_options_position":"{}"},"product_brand":[],"product_cat":[645,498,472,499,471,629,46,47,43,18,35],"product_tag":[],"class_list":{"0":"post-20346","1":"product","2":"type-product","3":"status-publish","4":"has-post-thumbnail","6":"product_cat-green-week","7":"product_cat-jiva","8":"product_cat-kapha","9":"product_cat-marki","10":"product_cat-pitta","11":"product_cat-wiosenna-promocja","12":"product_cat-dla-diabetykow","13":"product_cat-dobre-samopoczucie","14":"product_cat-odpornosc","15":"product_cat-suplementy","16":"product_cat-ziola","18":"first","19":"instock","20":"taxable","21":"shipping-taxable","22":"purchasable","23":"product-type-simple","24":"add-to-wishlist-before_image"},"acf":{"ilosc_sztuk_w_pudelku":"","ilosc_pudelek_w_kartonie":"","wykluczyc_z_szybkich_zakupow":""},"yoast_head":"<!-- This site is optimized with the Yoast SEO plugin v23.1 - https:\/\/yoast.com\/wordpress\/plugins\/seo\/ -->\n<title>Turmeric - legendarna kurkuma z dodatkiem Amla - 60 kapsu\u0142ek (450mg) - Deva Harmony Polska<\/title>\n<meta name=\"robots\" content=\"index, follow, max-snippet:-1, max-image-preview:large, max-video-preview:-1\" \/>\n<link rel=\"canonical\" href=\"https:\/\/devaharmony.com\/pl\/sklep\/turmeric-60-kapsulek-450mg\/\" \/>\n<meta property=\"og:locale\" content=\"pl_PL\" \/>\n<meta property=\"og:type\" content=\"article\" \/>\n<meta property=\"og:title\" content=\"Turmeric - legendarna kurkuma z dodatkiem Amla - 60 kapsu\u0142ek (450mg) - Deva Harmony Polska\" \/>\n<meta property=\"og:description\" content=\"Klasyczna, legendarna kurkuma \u2013 obok niej \u2013 kr\u00f3lowa zi\u00f3\u0142 Amla \u2600\ufe0f   Oczyszcza i detoksykuje organizm  Utrzymuje sk\u00f3r\u0119 woln\u0105 od tr\u0105dziku i zapale\u0144 sk\u00f3ry  Stosowany w leczeniu alergii  R\u00f3wnowa\u017cy poziom cukru we krwi  S\u0142aba odporno\u015b\u0107 \/ infekcje  Pomaga w problemach ze stawami  Spowalnia proces starzenia si\u0119  Produkt 100% wega\u0144ski  Pojemno\u015b\u0107: 60 kapsu\u0142ek  Termin wa\u017cno\u015bci\u00a0 09.2026  1 opakowanie wystarcza na 1 miesi\u0105c stosowania\u00a0\" \/>\n<meta property=\"og:url\" content=\"https:\/\/devaharmony.com\/pl\/sklep\/turmeric-60-kapsulek-450mg\/\" \/>\n<meta property=\"og:site_name\" content=\"Deva Harmony Polska\" \/>\n<meta property=\"article:modified_time\" content=\"2026-04-18T14:42:17+00:00\" \/>\n<meta property=\"og:image\" content=\"https:\/\/devaharmony.com\/pl\/wp-content\/uploads\/2023\/07\/Turmeric-Jiva-1.png\" \/>\n\t<meta property=\"og:image:width\" content=\"1080\" \/>\n\t<meta property=\"og:image:height\" content=\"1080\" \/>\n\t<meta property=\"og:image:type\" content=\"image\/png\" \/>\n<meta name=\"twitter:card\" content=\"summary_large_image\" \/>\n<meta name=\"twitter:label1\" content=\"Szacowany czas czytania\" \/>\n\t<meta name=\"twitter:data1\" content=\"3 minuty\" \/>\n<script type=\"application\/ld+json\" class=\"yoast-schema-graph\">{\"@context\":\"https:\/\/schema.org\",\"@graph\":[{\"@type\":\"WebPage\",\"@id\":\"https:\/\/devaharmony.com\/pl\/sklep\/turmeric-60-kapsulek-450mg\/\",\"url\":\"https:\/\/devaharmony.com\/pl\/sklep\/turmeric-60-kapsulek-450mg\/\",\"name\":\"Turmeric - legendarna kurkuma z dodatkiem Amla - 60 kapsu\u0142ek (450mg) - Deva Harmony Polska\",\"isPartOf\":{\"@id\":\"https:\/\/devaharmony.com\/pl\/#website\"},\"primaryImageOfPage\":{\"@id\":\"https:\/\/devaharmony.com\/pl\/sklep\/turmeric-60-kapsulek-450mg\/#primaryimage\"},\"image\":{\"@id\":\"https:\/\/devaharmony.com\/pl\/sklep\/turmeric-60-kapsulek-450mg\/#primaryimage\"},\"thumbnailUrl\":\"https:\/\/devaharmony.com\/pl\/wp-content\/uploads\/2023\/07\/Turmeric-Jiva-1.png\",\"datePublished\":\"2023-07-21T08:08:06+00:00\",\"dateModified\":\"2026-04-18T14:42:17+00:00\",\"breadcrumb\":{\"@id\":\"https:\/\/devaharmony.com\/pl\/sklep\/turmeric-60-kapsulek-450mg\/#breadcrumb\"},\"inLanguage\":\"pl-PL\",\"potentialAction\":[{\"@type\":\"ReadAction\",\"target\":[\"https:\/\/devaharmony.com\/pl\/sklep\/turmeric-60-kapsulek-450mg\/\"]}]},{\"@type\":\"ImageObject\",\"inLanguage\":\"pl-PL\",\"@id\":\"https:\/\/devaharmony.com\/pl\/sklep\/turmeric-60-kapsulek-450mg\/#primaryimage\",\"url\":\"https:\/\/devaharmony.com\/pl\/wp-content\/uploads\/2023\/07\/Turmeric-Jiva-1.png\",\"contentUrl\":\"https:\/\/devaharmony.com\/pl\/wp-content\/uploads\/2023\/07\/Turmeric-Jiva-1.png\",\"width\":1080,\"height\":1080},{\"@type\":\"BreadcrumbList\",\"@id\":\"https:\/\/devaharmony.com\/pl\/sklep\/turmeric-60-kapsulek-450mg\/#breadcrumb\",\"itemListElement\":[{\"@type\":\"ListItem\",\"position\":1,\"name\":\"Strona g\u0142\u00f3wna\",\"item\":\"https:\/\/devaharmony.com\/pl\/\"},{\"@type\":\"ListItem\",\"position\":2,\"name\":\"Produkty Ajurwedyjskie\",\"item\":\"https:\/\/devaharmony.com\/pl\/produkty-ajurwedyjskie\/\"},{\"@type\":\"ListItem\",\"position\":3,\"name\":\"Turmeric &#8211; legendarna kurkuma z dodatkiem Amla &#8211; 60 kapsu\u0142ek (450mg)\"}]},{\"@type\":\"WebSite\",\"@id\":\"https:\/\/devaharmony.com\/pl\/#website\",\"url\":\"https:\/\/devaharmony.com\/pl\/\",\"name\":\"Deva Harmony Polska\",\"description\":\"Ajurwedyjskie Suplementy Diety\",\"potentialAction\":[{\"@type\":\"SearchAction\",\"target\":{\"@type\":\"EntryPoint\",\"urlTemplate\":\"https:\/\/devaharmony.com\/pl\/?s={search_term_string}\"},\"query-input\":\"required name=search_term_string\"}],\"inLanguage\":\"pl-PL\"}]}<\/script>\n<!-- \/ Yoast SEO plugin. -->","yoast_head_json":{"title":"Turmeric - legendarna kurkuma z dodatkiem Amla - 60 kapsu\u0142ek (450mg) - Deva Harmony Polska","robots":{"index":"index","follow":"follow","max-snippet":"max-snippet:-1","max-image-preview":"max-image-preview:large","max-video-preview":"max-video-preview:-1"},"canonical":"https:\/\/devaharmony.com\/pl\/sklep\/turmeric-60-kapsulek-450mg\/","og_locale":"pl_PL","og_type":"article","og_title":"Turmeric - legendarna kurkuma z dodatkiem Amla - 60 kapsu\u0142ek (450mg) - Deva Harmony Polska","og_description":"Klasyczna, legendarna kurkuma \u2013 obok niej \u2013 kr\u00f3lowa zi\u00f3\u0142 Amla \u2600\ufe0f   Oczyszcza i detoksykuje organizm  Utrzymuje sk\u00f3r\u0119 woln\u0105 od tr\u0105dziku i zapale\u0144 sk\u00f3ry  Stosowany w leczeniu alergii  R\u00f3wnowa\u017cy poziom cukru we krwi  S\u0142aba odporno\u015b\u0107 \/ infekcje  Pomaga w problemach ze stawami  Spowalnia proces starzenia si\u0119  Produkt 100% wega\u0144ski  Pojemno\u015b\u0107: 60 kapsu\u0142ek  Termin wa\u017cno\u015bci\u00a0 09.2026  1 opakowanie wystarcza na 1 miesi\u0105c stosowania\u00a0","og_url":"https:\/\/devaharmony.com\/pl\/sklep\/turmeric-60-kapsulek-450mg\/","og_site_name":"Deva Harmony Polska","article_modified_time":"2026-04-18T14:42:17+00:00","og_image":[{"width":1080,"height":1080,"url":"https:\/\/devaharmony.com\/pl\/wp-content\/uploads\/2023\/07\/Turmeric-Jiva-1.png","type":"image\/png"}],"twitter_card":"summary_large_image","twitter_misc":{"Szacowany czas czytania":"3 minuty"},"schema":{"@context":"https:\/\/schema.org","@graph":[{"@type":"WebPage","@id":"https:\/\/devaharmony.com\/pl\/sklep\/turmeric-60-kapsulek-450mg\/","url":"https:\/\/devaharmony.com\/pl\/sklep\/turmeric-60-kapsulek-450mg\/","name":"Turmeric - legendarna kurkuma z dodatkiem Amla - 60 kapsu\u0142ek (450mg) - Deva Harmony Polska","isPartOf":{"@id":"https:\/\/devaharmony.com\/pl\/#website"},"primaryImageOfPage":{"@id":"https:\/\/devaharmony.com\/pl\/sklep\/turmeric-60-kapsulek-450mg\/#primaryimage"},"image":{"@id":"https:\/\/devaharmony.com\/pl\/sklep\/turmeric-60-kapsulek-450mg\/#primaryimage"},"thumbnailUrl":"https:\/\/devaharmony.com\/pl\/wp-content\/uploads\/2023\/07\/Turmeric-Jiva-1.png","datePublished":"2023-07-21T08:08:06+00:00","dateModified":"2026-04-18T14:42:17+00:00","breadcrumb":{"@id":"https:\/\/devaharmony.com\/pl\/sklep\/turmeric-60-kapsulek-450mg\/#breadcrumb"},"inLanguage":"pl-PL","potentialAction":[{"@type":"ReadAction","target":["https:\/\/devaharmony.com\/pl\/sklep\/turmeric-60-kapsulek-450mg\/"]}]},{"@type":"ImageObject","inLanguage":"pl-PL","@id":"https:\/\/devaharmony.com\/pl\/sklep\/turmeric-60-kapsulek-450mg\/#primaryimage","url":"https:\/\/devaharmony.com\/pl\/wp-content\/uploads\/2023\/07\/Turmeric-Jiva-1.png","contentUrl":"https:\/\/devaharmony.com\/pl\/wp-content\/uploads\/2023\/07\/Turmeric-Jiva-1.png","width":1080,"height":1080},{"@type":"BreadcrumbList","@id":"https:\/\/devaharmony.com\/pl\/sklep\/turmeric-60-kapsulek-450mg\/#breadcrumb","itemListElement":[{"@type":"ListItem","position":1,"name":"Strona g\u0142\u00f3wna","item":"https:\/\/devaharmony.com\/pl\/"},{"@type":"ListItem","position":2,"name":"Produkty Ajurwedyjskie","item":"https:\/\/devaharmony.com\/pl\/produkty-ajurwedyjskie\/"},{"@type":"ListItem","position":3,"name":"Turmeric &#8211; legendarna kurkuma z dodatkiem Amla &#8211; 60 kapsu\u0142ek (450mg)"}]},{"@type":"WebSite","@id":"https:\/\/devaharmony.com\/pl\/#website","url":"https:\/\/devaharmony.com\/pl\/","name":"Deva Harmony Polska","description":"Ajurwedyjskie Suplementy Diety","potentialAction":[{"@type":"SearchAction","target":{"@type":"EntryPoint","urlTemplate":"https:\/\/devaharmony.com\/pl\/?s={search_term_string}"},"query-input":"required name=search_term_string"}],"inLanguage":"pl-PL"}]}},"_links":{"self":[{"href":"https:\/\/devaharmony.com\/pl\/wp-json\/wp\/v2\/product\/20346","targetHints":{"allow":["GET"]}}],"collection":[{"href":"https:\/\/devaharmony.com\/pl\/wp-json\/wp\/v2\/product"}],"about":[{"href":"https:\/\/devaharmony.com\/pl\/wp-json\/wp\/v2\/types\/product"}],"wp:featuredmedia":[{"embeddable":true,"href":"https:\/\/devaharmony.com\/pl\/wp-json\/wp\/v2\/media\/44829"}],"wp:attachment":[{"href":"https:\/\/devaharmony.com\/pl\/wp-json\/wp\/v2\/media?parent=20346"}],"wp:term":[{"taxonomy":"product_brand","embeddable":true,"href":"https:\/\/devaharmony.com\/pl\/wp-json\/wp\/v2\/product_brand?post=20346"},{"taxonomy":"product_cat","embeddable":true,"href":"https:\/\/devaharmony.com\/pl\/wp-json\/wp\/v2\/product_cat?post=20346"},{"taxonomy":"product_tag","embeddable":true,"href":"https:\/\/devaharmony.com\/pl\/wp-json\/wp\/v2\/product_tag?post=20346"}],"curies":[{"name":"wp","href":"https:\/\/api.w.org\/{rel}","templated":true}]}}