{"id":20330,"date":"2023-07-21T09:05:07","date_gmt":"2023-07-21T08:05:07","guid":{"rendered":"https:\/\/devaharmony.com\/pl\/sklep\/giloy-60-kapsulek\/"},"modified":"2026-04-04T05:01:17","modified_gmt":"2026-04-04T04:01:17","slug":"giloy-60-kapsulek","status":"publish","type":"product","link":"https:\/\/devaharmony.com\/pl\/sklep\/giloy-60-kapsulek\/","title":{"rendered":"Giloy &#8211; uk\u0142ad oddechowy &#8211; 60 kapsu\u0142ek"},"content":{"rendered":"<p>Kapsu\u0142ki Giloy posiadaj\u0105 liczne w\u0142a\u015bciwo\u015bci zdrowotne ajurwedyjskiego cudownego zio\u0142a Guduchi. <strong>Wzmacnia naturaln\u0105 odporno\u015b\u0107 organizmu<\/strong>. Giloy ma r\u00f3wnie\u017c w\u0142a\u015bciwo\u015bci pomagaj\u0105ce w utrzymaniu naturalnych mechanizm\u00f3w obronnych organizmu. Pomaga w utrzymaniu <strong>zdrowia p\u0142uc.<\/strong> Wspiera<strong> zdrowie, oczyszczanie <\/strong>oraz zdolno\u015b\u0107 do<strong> samoregeneracji w\u0105troby.<\/strong><\/p>\n<p>Ponadto posiada w\u0142a\u015bciwo\u015bci wspieraj\u0105ce<strong> zdrowie uk\u0142adu moczowego <\/strong>oraz regulacj\u0119<strong> poziom cukru i cholesterolu<\/strong> w organizmie.<\/p>\n<p><strong>Wspomaga w okresach stresu<\/strong>, poprzez dzia\u0142anie uspokajaj\u0105ce. W dodatku\u00a0wspiera zdrowie sk\u00f3ry.<\/p>\n<p>Giloy (Guduchi) to ajurwedyjskie zio\u0142o, kt\u00f3re od wiek\u00f3w jest stosowane i zalecane w Indiach. W sanskrycie Giloy znany jest jako &#8220;Amrita&#8221;, co w dos\u0142ownym t\u0142umaczeniu oznacza <strong>&#8220;korze\u0144 nie\u015bmiertelno\u015bci&#8221;<\/strong>, ze wzgl\u0119du na swoje bogate w\u0142a\u015bciwo\u015bci prozdrowotne. W &#8220;Charak Samhita&#8221; jest opisana jako jedna z Medhya Rasayanas (odm\u0142adzanie umys\u0142u) o w\u0142a\u015bciwo\u015bciach zi\u00f3\u0142 nazwanych &#8220;Rasayana&#8221;.<\/p>\n<p><strong>Produkt 100% wega\u0144ski\u00a0<\/strong><\/p>\n<p><strong>Zalecana porcja dzienna:<\/strong> 2 kapsu\u0142ki<\/p>\n<p style=\"text-align: justify;\"><strong>Pojemno\u015b\u0107:<\/strong> 60 kapsu\u0142ek<\/p>\n<p><strong>Producent:<\/strong> JIVA Ayurvedic Pharmacy Ltd.<\/p>\n<p><strong>Kraj pochodzenia:<\/strong> Indie<\/p>\n<p><span style=\"font-size: 12px; line-height: 13px;\">*Nie nale\u017cy przekracza\u0107 zalecanej porcji dziennej do spo\u017cycia. Suplement diety nie mo\u017ce by\u0107 stosowany jako substytut (zamiennik) zr\u00f3\u017cnicowanej diety. Nale\u017cy przestrzega\u0107 zdrowego trybu \u017cycia i zr\u00f3wnowa\u017conego sposobu \u017cywienia. Nie stosowa\u0107 w przypadku nadwra\u017cliwo\u015bci na sk\u0142adniki preparatu. Produkt nie jest przeznaczony dla kobiet w ci\u0105\u017cy ani karmi\u0105cych oraz dzieci. <\/span><\/p>\n<p><span style=\"font-size: 12px; line-height: 13px;\">*Przechowywa\u0107 w spos\u00f3b niedost\u0119pny dla ma\u0142ych dzieci. Chroni\u0107 przed \u015bwiat\u0142em i wilgoci\u0105.<\/span><\/p>\n<p><span style=\"font-size: 12px; line-height: 13px;\">*Opisany produkt jest suplementem diety, nie jest produktem leczniczym, kt\u00f3remu przypisuje si\u0119 w\u0142a\u015bciwo\u015bci zapobiegania lub leczenie chor\u00f3b wyst\u0119puj\u0105cych u ludzi. <\/span><\/p>\n<p><span style=\"font-size: 12px; line-height: 13px;\">*Przyjmowanie preparat\u00f3w zio\u0142owych najlepiej skonsultowa\u0107 z lekarzem lub farmaceut\u0105, poniewa\u017c dob\u00f3r odpowiedniego preparatu ro\u015blinnego wymaga r\u00f3wnie du\u017cej wiedzy, co w przypadku preparatu chemicznego. Nale\u017cy pami\u0119ta\u0107, \u017ce preparaty ro\u015blinne mog\u0105 wchodzi\u0107 w interakcje z przyjmowanymi lekami i mog\u0105 stanowi\u0107 zagro\u017cenie dla zdrowia. Niekt\u00f3re preparaty zio\u0142owe mog\u0105 wywo\u0142a\u0107 silne dzia\u0142anie, dlatego nale\u017cy przestrzega\u0107 wszystkich zalece\u0144 i ogranicze\u0144 podanych przez producenta. Szczeg\u00f3ln\u0105 ostro\u017cno\u015b\u0107 przy ich stosowaniu musz\u0105 zachowa\u0107 matki karmi\u0105ce i kobiety w ci\u0105\u017cy.<\/span><\/p>\n","protected":false},"excerpt":{"rendered":"<p><strong>Guduchi \u2013 nazywany \u201ckorzeniem nie\u015bmiertelno\u015bci\u201d \u2600\ufe0f<\/strong><\/p>\n<ul>\n<li>Wzmacnia naturaln\u0105 odporno\u015b\u0107 oraz\u00a0mechanizmy obronne organizmu<\/li>\n<li>Pomaga zachowa\u0107 zdrowie p\u0142uc, w\u0105troby i uk\u0142adu moczowego<\/li>\n<li>Wspomaga w okresach stresu, wywiera dzia\u0142anie uspokajaj\u0105ce<\/li>\n<li>Pomaga w utrzymaniu prawid\u0142owego poziomu cholesterolu<\/li>\n<li>Wykazuje pozytywny wp\u0142yw na stan sk\u00f3ry<\/li>\n<\/ul>\n<p><strong>Produkt 100% wega\u0144ski<\/strong><\/p>\n<p><strong>Termin wa\u017cno\u015bci 09.2026<\/strong><\/p>\n<p><strong>Pojemno\u015b\u0107:<\/strong> 60 kapsu\u0142ek<\/p>\n<p><strong>1 opakowanie wystarcza na 1 miesi\u0105ce stosowania<\/strong><\/p>\n","protected":false},"featured_media":45425,"template":"","meta":{"_editorskit_title_hidden":false,"_editorskit_reading_time":0,"_editorskit_is_block_options_detached":false,"_editorskit_block_options_position":"{}"},"product_brand":[],"product_cat":[645,498,472,499,505,471,491,470,46,43,18,35],"product_tag":[],"class_list":{"0":"post-20330","1":"product","2":"type-product","3":"status-publish","4":"has-post-thumbnail","6":"product_cat-green-week","7":"product_cat-jiva","8":"product_cat-kapha","9":"product_cat-marki","10":"product_cat-nowosci","11":"product_cat-pitta","12":"product_cat-przeznaczenie-produktow","13":"product_cat-vata","14":"product_cat-dla-diabetykow","15":"product_cat-odpornosc","16":"product_cat-suplementy","17":"product_cat-ziola","19":"first","20":"instock","21":"taxable","22":"shipping-taxable","23":"purchasable","24":"product-type-simple","25":"add-to-wishlist-before_image"},"acf":{"ilosc_sztuk_w_pudelku":"","ilosc_pudelek_w_kartonie":"","wykluczyc_z_szybkich_zakupow":""},"yoast_head":"<!-- This site is optimized with the Yoast SEO plugin v23.1 - https:\/\/yoast.com\/wordpress\/plugins\/seo\/ -->\n<title>Giloy - uk\u0142ad oddechowy - 60 kapsu\u0142ek - Deva Harmony Polska<\/title>\n<meta name=\"robots\" content=\"index, follow, max-snippet:-1, max-image-preview:large, max-video-preview:-1\" \/>\n<link rel=\"canonical\" href=\"https:\/\/devaharmony.com\/pl\/sklep\/giloy-60-kapsulek\/\" \/>\n<meta property=\"og:locale\" content=\"pl_PL\" \/>\n<meta property=\"og:type\" content=\"article\" \/>\n<meta property=\"og:title\" content=\"Giloy - uk\u0142ad oddechowy - 60 kapsu\u0142ek - Deva Harmony Polska\" \/>\n<meta property=\"og:description\" content=\"Guduchi \u2013 nazywany \u201ckorzeniem nie\u015bmiertelno\u015bci\u201d \u2600\ufe0f   Wzmacnia naturaln\u0105 odporno\u015b\u0107 oraz\u00a0mechanizmy obronne organizmu  Pomaga zachowa\u0107 zdrowie p\u0142uc, w\u0105troby i uk\u0142adu moczowego  Wspomaga w okresach stresu, wywiera dzia\u0142anie uspokajaj\u0105ce  Pomaga w utrzymaniu prawid\u0142owego poziomu cholesterolu  Wykazuje pozytywny wp\u0142yw na stan sk\u00f3ry  Produkt 100% wega\u0144ski  Termin wa\u017cno\u015bci 09.2026  Pojemno\u015b\u0107: 60 kapsu\u0142ek  1 opakowanie wystarcza na 1 miesi\u0105ce stosowania\" \/>\n<meta property=\"og:url\" content=\"https:\/\/devaharmony.com\/pl\/sklep\/giloy-60-kapsulek\/\" \/>\n<meta property=\"og:site_name\" content=\"Deva Harmony Polska\" \/>\n<meta property=\"article:modified_time\" content=\"2026-04-04T04:01:17+00:00\" \/>\n<meta property=\"og:image\" content=\"https:\/\/devaharmony.com\/pl\/wp-content\/uploads\/2023\/07\/Giloy-Jiva-1.png\" \/>\n\t<meta property=\"og:image:width\" content=\"1080\" \/>\n\t<meta property=\"og:image:height\" content=\"1080\" \/>\n\t<meta property=\"og:image:type\" content=\"image\/png\" \/>\n<meta name=\"twitter:card\" content=\"summary_large_image\" \/>\n<meta name=\"twitter:label1\" content=\"Szacowany czas czytania\" \/>\n\t<meta name=\"twitter:data1\" content=\"2 minuty\" \/>\n<script type=\"application\/ld+json\" class=\"yoast-schema-graph\">{\"@context\":\"https:\/\/schema.org\",\"@graph\":[{\"@type\":\"WebPage\",\"@id\":\"https:\/\/devaharmony.com\/pl\/sklep\/giloy-60-kapsulek\/\",\"url\":\"https:\/\/devaharmony.com\/pl\/sklep\/giloy-60-kapsulek\/\",\"name\":\"Giloy - uk\u0142ad oddechowy - 60 kapsu\u0142ek - Deva Harmony Polska\",\"isPartOf\":{\"@id\":\"https:\/\/devaharmony.com\/pl\/#website\"},\"primaryImageOfPage\":{\"@id\":\"https:\/\/devaharmony.com\/pl\/sklep\/giloy-60-kapsulek\/#primaryimage\"},\"image\":{\"@id\":\"https:\/\/devaharmony.com\/pl\/sklep\/giloy-60-kapsulek\/#primaryimage\"},\"thumbnailUrl\":\"https:\/\/devaharmony.com\/pl\/wp-content\/uploads\/2023\/07\/Giloy-Jiva-1.png\",\"datePublished\":\"2023-07-21T08:05:07+00:00\",\"dateModified\":\"2026-04-04T04:01:17+00:00\",\"breadcrumb\":{\"@id\":\"https:\/\/devaharmony.com\/pl\/sklep\/giloy-60-kapsulek\/#breadcrumb\"},\"inLanguage\":\"pl-PL\",\"potentialAction\":[{\"@type\":\"ReadAction\",\"target\":[\"https:\/\/devaharmony.com\/pl\/sklep\/giloy-60-kapsulek\/\"]}]},{\"@type\":\"ImageObject\",\"inLanguage\":\"pl-PL\",\"@id\":\"https:\/\/devaharmony.com\/pl\/sklep\/giloy-60-kapsulek\/#primaryimage\",\"url\":\"https:\/\/devaharmony.com\/pl\/wp-content\/uploads\/2023\/07\/Giloy-Jiva-1.png\",\"contentUrl\":\"https:\/\/devaharmony.com\/pl\/wp-content\/uploads\/2023\/07\/Giloy-Jiva-1.png\",\"width\":1080,\"height\":1080},{\"@type\":\"BreadcrumbList\",\"@id\":\"https:\/\/devaharmony.com\/pl\/sklep\/giloy-60-kapsulek\/#breadcrumb\",\"itemListElement\":[{\"@type\":\"ListItem\",\"position\":1,\"name\":\"Strona g\u0142\u00f3wna\",\"item\":\"https:\/\/devaharmony.com\/pl\/\"},{\"@type\":\"ListItem\",\"position\":2,\"name\":\"Produkty Ajurwedyjskie\",\"item\":\"https:\/\/devaharmony.com\/pl\/produkty-ajurwedyjskie\/\"},{\"@type\":\"ListItem\",\"position\":3,\"name\":\"Giloy &#8211; uk\u0142ad oddechowy &#8211; 60 kapsu\u0142ek\"}]},{\"@type\":\"WebSite\",\"@id\":\"https:\/\/devaharmony.com\/pl\/#website\",\"url\":\"https:\/\/devaharmony.com\/pl\/\",\"name\":\"Deva Harmony Polska\",\"description\":\"Ajurwedyjskie Suplementy Diety\",\"potentialAction\":[{\"@type\":\"SearchAction\",\"target\":{\"@type\":\"EntryPoint\",\"urlTemplate\":\"https:\/\/devaharmony.com\/pl\/?s={search_term_string}\"},\"query-input\":\"required name=search_term_string\"}],\"inLanguage\":\"pl-PL\"}]}<\/script>\n<!-- \/ Yoast SEO plugin. -->","yoast_head_json":{"title":"Giloy - uk\u0142ad oddechowy - 60 kapsu\u0142ek - Deva Harmony Polska","robots":{"index":"index","follow":"follow","max-snippet":"max-snippet:-1","max-image-preview":"max-image-preview:large","max-video-preview":"max-video-preview:-1"},"canonical":"https:\/\/devaharmony.com\/pl\/sklep\/giloy-60-kapsulek\/","og_locale":"pl_PL","og_type":"article","og_title":"Giloy - uk\u0142ad oddechowy - 60 kapsu\u0142ek - Deva Harmony Polska","og_description":"Guduchi \u2013 nazywany \u201ckorzeniem nie\u015bmiertelno\u015bci\u201d \u2600\ufe0f   Wzmacnia naturaln\u0105 odporno\u015b\u0107 oraz\u00a0mechanizmy obronne organizmu  Pomaga zachowa\u0107 zdrowie p\u0142uc, w\u0105troby i uk\u0142adu moczowego  Wspomaga w okresach stresu, wywiera dzia\u0142anie uspokajaj\u0105ce  Pomaga w utrzymaniu prawid\u0142owego poziomu cholesterolu  Wykazuje pozytywny wp\u0142yw na stan sk\u00f3ry  Produkt 100% wega\u0144ski  Termin wa\u017cno\u015bci 09.2026  Pojemno\u015b\u0107: 60 kapsu\u0142ek  1 opakowanie wystarcza na 1 miesi\u0105ce stosowania","og_url":"https:\/\/devaharmony.com\/pl\/sklep\/giloy-60-kapsulek\/","og_site_name":"Deva Harmony Polska","article_modified_time":"2026-04-04T04:01:17+00:00","og_image":[{"width":1080,"height":1080,"url":"https:\/\/devaharmony.com\/pl\/wp-content\/uploads\/2023\/07\/Giloy-Jiva-1.png","type":"image\/png"}],"twitter_card":"summary_large_image","twitter_misc":{"Szacowany czas czytania":"2 minuty"},"schema":{"@context":"https:\/\/schema.org","@graph":[{"@type":"WebPage","@id":"https:\/\/devaharmony.com\/pl\/sklep\/giloy-60-kapsulek\/","url":"https:\/\/devaharmony.com\/pl\/sklep\/giloy-60-kapsulek\/","name":"Giloy - uk\u0142ad oddechowy - 60 kapsu\u0142ek - Deva Harmony Polska","isPartOf":{"@id":"https:\/\/devaharmony.com\/pl\/#website"},"primaryImageOfPage":{"@id":"https:\/\/devaharmony.com\/pl\/sklep\/giloy-60-kapsulek\/#primaryimage"},"image":{"@id":"https:\/\/devaharmony.com\/pl\/sklep\/giloy-60-kapsulek\/#primaryimage"},"thumbnailUrl":"https:\/\/devaharmony.com\/pl\/wp-content\/uploads\/2023\/07\/Giloy-Jiva-1.png","datePublished":"2023-07-21T08:05:07+00:00","dateModified":"2026-04-04T04:01:17+00:00","breadcrumb":{"@id":"https:\/\/devaharmony.com\/pl\/sklep\/giloy-60-kapsulek\/#breadcrumb"},"inLanguage":"pl-PL","potentialAction":[{"@type":"ReadAction","target":["https:\/\/devaharmony.com\/pl\/sklep\/giloy-60-kapsulek\/"]}]},{"@type":"ImageObject","inLanguage":"pl-PL","@id":"https:\/\/devaharmony.com\/pl\/sklep\/giloy-60-kapsulek\/#primaryimage","url":"https:\/\/devaharmony.com\/pl\/wp-content\/uploads\/2023\/07\/Giloy-Jiva-1.png","contentUrl":"https:\/\/devaharmony.com\/pl\/wp-content\/uploads\/2023\/07\/Giloy-Jiva-1.png","width":1080,"height":1080},{"@type":"BreadcrumbList","@id":"https:\/\/devaharmony.com\/pl\/sklep\/giloy-60-kapsulek\/#breadcrumb","itemListElement":[{"@type":"ListItem","position":1,"name":"Strona g\u0142\u00f3wna","item":"https:\/\/devaharmony.com\/pl\/"},{"@type":"ListItem","position":2,"name":"Produkty Ajurwedyjskie","item":"https:\/\/devaharmony.com\/pl\/produkty-ajurwedyjskie\/"},{"@type":"ListItem","position":3,"name":"Giloy &#8211; uk\u0142ad oddechowy &#8211; 60 kapsu\u0142ek"}]},{"@type":"WebSite","@id":"https:\/\/devaharmony.com\/pl\/#website","url":"https:\/\/devaharmony.com\/pl\/","name":"Deva Harmony Polska","description":"Ajurwedyjskie Suplementy Diety","potentialAction":[{"@type":"SearchAction","target":{"@type":"EntryPoint","urlTemplate":"https:\/\/devaharmony.com\/pl\/?s={search_term_string}"},"query-input":"required name=search_term_string"}],"inLanguage":"pl-PL"}]}},"_links":{"self":[{"href":"https:\/\/devaharmony.com\/pl\/wp-json\/wp\/v2\/product\/20330","targetHints":{"allow":["GET"]}}],"collection":[{"href":"https:\/\/devaharmony.com\/pl\/wp-json\/wp\/v2\/product"}],"about":[{"href":"https:\/\/devaharmony.com\/pl\/wp-json\/wp\/v2\/types\/product"}],"wp:featuredmedia":[{"embeddable":true,"href":"https:\/\/devaharmony.com\/pl\/wp-json\/wp\/v2\/media\/45425"}],"wp:attachment":[{"href":"https:\/\/devaharmony.com\/pl\/wp-json\/wp\/v2\/media?parent=20330"}],"wp:term":[{"taxonomy":"product_brand","embeddable":true,"href":"https:\/\/devaharmony.com\/pl\/wp-json\/wp\/v2\/product_brand?post=20330"},{"taxonomy":"product_cat","embeddable":true,"href":"https:\/\/devaharmony.com\/pl\/wp-json\/wp\/v2\/product_cat?post=20330"},{"taxonomy":"product_tag","embeddable":true,"href":"https:\/\/devaharmony.com\/pl\/wp-json\/wp\/v2\/product_tag?post=20330"}],"curies":[{"name":"wp","href":"https:\/\/api.w.org\/{rel}","templated":true}]}}