{"id":20310,"date":"2023-07-21T09:02:54","date_gmt":"2023-07-21T08:02:54","guid":{"rendered":"https:\/\/devaharmony.com\/pl\/sklep\/kutki-60-kapsulek\/"},"modified":"2026-04-02T08:14:28","modified_gmt":"2026-04-02T07:14:28","slug":"kutki-kapsulki","status":"publish","type":"product","link":"https:\/\/devaharmony.com\/pl\/sklep\/kutki-kapsulki\/","title":{"rendered":"Kutki &#8211; na w\u0105trob\u0119 &#8211; 60 kapsu\u0142ek"},"content":{"rendered":"<p style=\"text-align: justify;\">Pochodz\u0105ce z pod Himalaj\u00f3w kapsu\u0142ki Kutki to autentyczny produkt, kt\u00f3ry zawiera w sobie dobro\u0107 Ajurwedy. Kapsu\u0142ki te reprezentuj\u0105 30 lat naszej ajurwedyjskiej doskona\u0142o\u015bci i do\u015bwiadczenia. Tradycyjne zio\u0142o &#8220;Kutki&#8221; ma ogromne w\u0142a\u015bciwo\u015bci zdrowotne, kt\u00f3rymi s\u0105 g\u0142\u00f3wnie w\u0142a\u015bciwo\u015bci <strong>hepatoprotekcyjne, <\/strong>wspieraj\u0105ce ochron\u0119 w\u0105troby. Wspomaga <b>prawid\u0142owe funkcjonowanie w\u0105troby, trawienie, a tak\u017ce uk\u0142adu odporno\u015bciowego.<\/b><\/p>\n<p style=\"text-align: justify;\">W\u0142a\u015bciwo\u015bci te wspieraj\u0105 <strong>oczyszczanie i detox <\/strong>organizmu.<\/p>\n<p style=\"text-align: justify;\">Ma zdolno\u015b\u0107 pobudzania i regulowania <strong>ognia trawiennego (agni)<\/strong>,<strong> r\u00f3wnowa\u017cenia dosha Pitta i Kapha, oraz wspierania uk\u0142adu odporno\u015bciowego<\/strong>. Kutki maj\u0105 wspania\u0142e w\u0142a\u015bciwo\u015bci uspokajaj\u0105ce dosha Pitta i Kapha.<\/p>\n<p><strong>Produkt 100% wega\u0144ski\u00a0<\/strong><\/p>\n<p><strong>Zalecana porcja dzienna:<\/strong> 2 kapsu\u0142ki<\/p>\n<p style=\"text-align: justify;\"><strong>Pojemno\u015b\u0107:<\/strong> 60 kapsu\u0142ek<\/p>\n<p><strong>Producent:<\/strong> JIVA Ayurvedic Pharmacy Ltd.<\/p>\n<p><strong>Kraj pochodzenia:<\/strong> Indie<\/p>\n<p><span style=\"font-size: 12px; line-height: 13px;\">*Nie nale\u017cy przekracza\u0107 zalecanej porcji dziennej do spo\u017cycia. Suplement diety nie mo\u017ce by\u0107 stosowany jako substytut (zamiennik) zr\u00f3\u017cnicowanej diety. Nale\u017cy przestrzega\u0107 zdrowego trybu \u017cycia i zr\u00f3wnowa\u017conego sposobu \u017cywienia. Nie stosowa\u0107 w przypadku nadwra\u017cliwo\u015bci na sk\u0142adniki preparatu. Produkt nie jest przeznaczony dla kobiet w ci\u0105\u017cy ani karmi\u0105cych oraz dzieci. <\/span><\/p>\n<p><span style=\"font-size: 12px; line-height: 13px;\">*Przechowywa\u0107 w spos\u00f3b niedost\u0119pny dla ma\u0142ych dzieci. Chroni\u0107 przed \u015bwiat\u0142em i wilgoci\u0105.<\/span><\/p>\n<p><span style=\"font-size: 12px; line-height: 13px;\">*Opisany produkt jest suplementem diety, nie jest produktem leczniczym, kt\u00f3remu przypisuje si\u0119 w\u0142a\u015bciwo\u015bci zapobiegania lub leczenie chor\u00f3b wyst\u0119puj\u0105cych u ludzi. <\/span><\/p>\n<p><span style=\"font-size: 12px; line-height: 13px;\">*Przyjmowanie preparat\u00f3w zio\u0142owych najlepiej skonsultowa\u0107 z lekarzem lub farmaceut\u0105, poniewa\u017c dob\u00f3r odpowiedniego preparatu ro\u015blinnego wymaga r\u00f3wnie du\u017cej wiedzy, co w przypadku preparatu chemicznego. Nale\u017cy pami\u0119ta\u0107, \u017ce preparaty ro\u015blinne mog\u0105 wchodzi\u0107 w interakcje z przyjmowanymi lekami i mog\u0105 stanowi\u0107 zagro\u017cenie dla zdrowia. Niekt\u00f3re preparaty zio\u0142owe mog\u0105 wywo\u0142a\u0107 silne dzia\u0142anie, dlatego nale\u017cy przestrzega\u0107 wszystkich zalece\u0144 i ogranicze\u0144 podanych przez producenta. Szczeg\u00f3ln\u0105 ostro\u017cno\u015b\u0107 przy ich stosowaniu musz\u0105 zachowa\u0107 matki karmi\u0105ce i kobiety w ci\u0105\u017cy.<\/span><\/p>\n<h2>W pe\u0142ni zdrowa oraz silna w\u0105troba? Rozpocznij kuracj\u0119 kapsu\u0142kami Kutki Jiva!<\/h2>\n<p style=\"text-align: justify;\">Praktycznie do tysi\u0105cleci <a href=\"https:\/\/devaharmony.com\/pl\/produkty-ajurwedyjskie\/\"><strong>produkty ajurwedyjskie<\/strong><\/a> ciesz\u0105 si\u0119 ogromn\u0105 popularno\u015bci\u0105 w\u015br\u00f3d os\u00f3b, kt\u00f3re poszukuj\u0105 pe\u0142nej harmonii w codziennym funkcjonowaniu. Staranie wyselekcjonowane preparaty u\u0142atwiaj\u0105 <strong><em>pozostanie w pe\u0142ni zdrowia.<\/em><\/strong> Idealnym tego przyk\u0142adem s\u0105 Kutki kapsu\u0142ki oferowane w naszym sklepie internetowym DEVA Harmony. Jedna z najstarszych ro\u015blin na \u015bwiecie skutecznie wspiera organizm cz\u0142owieka zmagaj\u0105cego si\u0119 z problemami z w\u0105trob\u0105. Katuka to bardzo uniwersalna ro\u015blina, a <strong><em>dzi\u0119ki jej w\u0142a\u015bciwo\u015bciom<\/em><\/strong> mo\u017cesz wesprze\u0107 si\u0119 i zadba\u0107 o kondycj\u0119 organu mocno nara\u017conego na wyst\u0119powanie zaburze\u0144. Sprawd\u017a, jak\u0105 ofert\u0119 przygotowali\u015bmy dla zwolennik\u00f3w holistycznego podej\u015bcia do \u017cycia! Nie od dzisiaj przecie\u017c wiadomo, \u017ce profilaktyczne podej\u015bcie do zdrowia przynosi niesamowite efekty.<\/p>\n<h2>Jeden preparat do wielu zastosowa\u0144. Tabletki Kutki to bardzo uniwersalny produkt!<\/h2>\n<p style=\"text-align: justify;\">Kutki kapsu\u0142ki doskonale wpisuj\u0105 si\u0119 w tradycj\u0119 ajurwedy. Ro\u015blina pochodz\u0105ca z Himalaj\u00f3w wykazuj\u0105c dzia\u0142anie wspomagaj\u0105ce prawid\u0142owe funkcjonowanie w\u0105troby i w konsekwencji <strong><em>usprawnia proces oczyszczania cia\u0142a cz\u0142owieka<\/em><\/strong>. Kutki wykazuj\u0105 funkcj\u0119 wspieraj\u0105c\u0105 trawienie. Udowodnione <strong><em>wspieranie uk\u0142adu odporno\u015bciowego organizmu<\/em><\/strong> sprawia, \u017ce wielozadaniowo\u015b\u0107 Kutki doceniane jest nie tylko na wschodzie. Proponowane przez nasz sklep kapsu\u0142ki Kutki s\u0105 przystosowane do przyjmowania przez wegan i wegetarian!<\/p>\n","protected":false},"excerpt":{"rendered":"<p><strong>Naturalne zdrowie w\u0105troby \u2600\ufe0f<\/strong><\/p>\n<ul>\n<li>Wspomaga prawid\u0142owe dzia\u0142anie w\u0105troby<\/li>\n<li>Wspiera trawienie<\/li>\n<li>Poprzez pozytywny wp\u0142yw na w\u0105trob\u0119 wspiera oczyszczanie\/detox cia\u0142a<\/li>\n<li>Wykazuje dzia\u0142anie ochronne na w\u0105trob\u0119<\/li>\n<li>Wspiera uk\u0142ad odporno\u015bciowy<\/li>\n<\/ul>\n<p><strong>Produkt 100% wega\u0144ski<\/strong><\/p>\n<p><strong>Termin wa\u017cno\u015bci 12.2026<\/strong><\/p>\n<p><strong>Pojemno\u015b\u0107:<\/strong> 60 kapsu\u0142ek<\/p>\n<p><strong>1 opakowanie wystarcza na 1 miesi\u0105ce stosowania\u00a0<\/strong><\/p>\n","protected":false},"featured_media":45617,"template":"","meta":{"_editorskit_title_hidden":false,"_editorskit_reading_time":0,"_editorskit_is_block_options_detached":false,"_editorskit_block_options_position":"{}"},"product_brand":[],"product_cat":[645,498,472,499,491,18,35,44],"product_tag":[],"class_list":{"0":"post-20310","1":"product","2":"type-product","3":"status-publish","4":"has-post-thumbnail","6":"product_cat-green-week","7":"product_cat-jiva","8":"product_cat-kapha","9":"product_cat-marki","10":"product_cat-przeznaczenie-produktow","11":"product_cat-suplementy","12":"product_cat-ziola","13":"product_cat-trawienie","15":"first","16":"instock","17":"taxable","18":"shipping-taxable","19":"purchasable","20":"product-type-simple","21":"add-to-wishlist-before_image"},"acf":{"ilosc_sztuk_w_pudelku":"","ilosc_pudelek_w_kartonie":"","wykluczyc_z_szybkich_zakupow":""},"yoast_head":"<!-- This site is optimized with the Yoast SEO plugin v23.1 - https:\/\/yoast.com\/wordpress\/plugins\/seo\/ -->\n<title>Kutki - na w\u0105trob\u0119 - 60 kapsu\u0142ek - Deva Harmony Polska<\/title>\n<meta name=\"robots\" content=\"index, follow, max-snippet:-1, max-image-preview:large, max-video-preview:-1\" \/>\n<link rel=\"canonical\" href=\"https:\/\/devaharmony.com\/pl\/sklep\/kutki-kapsulki\/\" \/>\n<meta property=\"og:locale\" content=\"pl_PL\" \/>\n<meta property=\"og:type\" content=\"article\" \/>\n<meta property=\"og:title\" content=\"Kutki - na w\u0105trob\u0119 - 60 kapsu\u0142ek - Deva Harmony Polska\" \/>\n<meta property=\"og:description\" content=\"Naturalne zdrowie w\u0105troby \u2600\ufe0f   Wspomaga prawid\u0142owe dzia\u0142anie w\u0105troby  Wspiera trawienie  Poprzez pozytywny wp\u0142yw na w\u0105trob\u0119 wspiera oczyszczanie\/detox cia\u0142a  Wykazuje dzia\u0142anie ochronne na w\u0105trob\u0119  Wspiera uk\u0142ad odporno\u015bciowy  Produkt 100% wega\u0144ski  Termin wa\u017cno\u015bci 12.2026  Pojemno\u015b\u0107: 60 kapsu\u0142ek  1 opakowanie wystarcza na 1 miesi\u0105ce stosowania\u00a0\" \/>\n<meta property=\"og:url\" content=\"https:\/\/devaharmony.com\/pl\/sklep\/kutki-kapsulki\/\" \/>\n<meta property=\"og:site_name\" content=\"Deva Harmony Polska\" \/>\n<meta property=\"article:modified_time\" content=\"2026-04-02T07:14:28+00:00\" \/>\n<meta property=\"og:image\" content=\"https:\/\/devaharmony.com\/pl\/wp-content\/uploads\/2025\/06\/55422ef609d47d78d85668b5c3b4f87d.png\" \/>\n\t<meta property=\"og:image:width\" content=\"1080\" \/>\n\t<meta property=\"og:image:height\" content=\"1080\" \/>\n\t<meta property=\"og:image:type\" content=\"image\/png\" \/>\n<meta name=\"twitter:card\" content=\"summary_large_image\" \/>\n<meta name=\"twitter:label1\" content=\"Szacowany czas czytania\" \/>\n\t<meta name=\"twitter:data1\" content=\"3 minuty\" \/>\n<script type=\"application\/ld+json\" class=\"yoast-schema-graph\">{\"@context\":\"https:\/\/schema.org\",\"@graph\":[{\"@type\":\"WebPage\",\"@id\":\"https:\/\/devaharmony.com\/pl\/sklep\/kutki-kapsulki\/\",\"url\":\"https:\/\/devaharmony.com\/pl\/sklep\/kutki-kapsulki\/\",\"name\":\"Kutki - na w\u0105trob\u0119 - 60 kapsu\u0142ek - Deva Harmony Polska\",\"isPartOf\":{\"@id\":\"https:\/\/devaharmony.com\/pl\/#website\"},\"primaryImageOfPage\":{\"@id\":\"https:\/\/devaharmony.com\/pl\/sklep\/kutki-kapsulki\/#primaryimage\"},\"image\":{\"@id\":\"https:\/\/devaharmony.com\/pl\/sklep\/kutki-kapsulki\/#primaryimage\"},\"thumbnailUrl\":\"https:\/\/devaharmony.com\/pl\/wp-content\/uploads\/2025\/06\/55422ef609d47d78d85668b5c3b4f87d.png\",\"datePublished\":\"2023-07-21T08:02:54+00:00\",\"dateModified\":\"2026-04-02T07:14:28+00:00\",\"breadcrumb\":{\"@id\":\"https:\/\/devaharmony.com\/pl\/sklep\/kutki-kapsulki\/#breadcrumb\"},\"inLanguage\":\"pl-PL\",\"potentialAction\":[{\"@type\":\"ReadAction\",\"target\":[\"https:\/\/devaharmony.com\/pl\/sklep\/kutki-kapsulki\/\"]}]},{\"@type\":\"ImageObject\",\"inLanguage\":\"pl-PL\",\"@id\":\"https:\/\/devaharmony.com\/pl\/sklep\/kutki-kapsulki\/#primaryimage\",\"url\":\"https:\/\/devaharmony.com\/pl\/wp-content\/uploads\/2025\/06\/55422ef609d47d78d85668b5c3b4f87d.png\",\"contentUrl\":\"https:\/\/devaharmony.com\/pl\/wp-content\/uploads\/2025\/06\/55422ef609d47d78d85668b5c3b4f87d.png\",\"width\":1080,\"height\":1080},{\"@type\":\"BreadcrumbList\",\"@id\":\"https:\/\/devaharmony.com\/pl\/sklep\/kutki-kapsulki\/#breadcrumb\",\"itemListElement\":[{\"@type\":\"ListItem\",\"position\":1,\"name\":\"Strona g\u0142\u00f3wna\",\"item\":\"https:\/\/devaharmony.com\/pl\/\"},{\"@type\":\"ListItem\",\"position\":2,\"name\":\"Produkty Ajurwedyjskie\",\"item\":\"https:\/\/devaharmony.com\/pl\/produkty-ajurwedyjskie\/\"},{\"@type\":\"ListItem\",\"position\":3,\"name\":\"Kutki &#8211; na w\u0105trob\u0119 &#8211; 60 kapsu\u0142ek\"}]},{\"@type\":\"WebSite\",\"@id\":\"https:\/\/devaharmony.com\/pl\/#website\",\"url\":\"https:\/\/devaharmony.com\/pl\/\",\"name\":\"Deva Harmony Polska\",\"description\":\"Ajurwedyjskie Suplementy Diety\",\"potentialAction\":[{\"@type\":\"SearchAction\",\"target\":{\"@type\":\"EntryPoint\",\"urlTemplate\":\"https:\/\/devaharmony.com\/pl\/?s={search_term_string}\"},\"query-input\":\"required name=search_term_string\"}],\"inLanguage\":\"pl-PL\"}]}<\/script>\n<!-- \/ Yoast SEO plugin. -->","yoast_head_json":{"title":"Kutki - na w\u0105trob\u0119 - 60 kapsu\u0142ek - Deva Harmony Polska","robots":{"index":"index","follow":"follow","max-snippet":"max-snippet:-1","max-image-preview":"max-image-preview:large","max-video-preview":"max-video-preview:-1"},"canonical":"https:\/\/devaharmony.com\/pl\/sklep\/kutki-kapsulki\/","og_locale":"pl_PL","og_type":"article","og_title":"Kutki - na w\u0105trob\u0119 - 60 kapsu\u0142ek - Deva Harmony Polska","og_description":"Naturalne zdrowie w\u0105troby \u2600\ufe0f   Wspomaga prawid\u0142owe dzia\u0142anie w\u0105troby  Wspiera trawienie  Poprzez pozytywny wp\u0142yw na w\u0105trob\u0119 wspiera oczyszczanie\/detox cia\u0142a  Wykazuje dzia\u0142anie ochronne na w\u0105trob\u0119  Wspiera uk\u0142ad odporno\u015bciowy  Produkt 100% wega\u0144ski  Termin wa\u017cno\u015bci 12.2026  Pojemno\u015b\u0107: 60 kapsu\u0142ek  1 opakowanie wystarcza na 1 miesi\u0105ce stosowania\u00a0","og_url":"https:\/\/devaharmony.com\/pl\/sklep\/kutki-kapsulki\/","og_site_name":"Deva Harmony Polska","article_modified_time":"2026-04-02T07:14:28+00:00","og_image":[{"width":1080,"height":1080,"url":"https:\/\/devaharmony.com\/pl\/wp-content\/uploads\/2025\/06\/55422ef609d47d78d85668b5c3b4f87d.png","type":"image\/png"}],"twitter_card":"summary_large_image","twitter_misc":{"Szacowany czas czytania":"3 minuty"},"schema":{"@context":"https:\/\/schema.org","@graph":[{"@type":"WebPage","@id":"https:\/\/devaharmony.com\/pl\/sklep\/kutki-kapsulki\/","url":"https:\/\/devaharmony.com\/pl\/sklep\/kutki-kapsulki\/","name":"Kutki - na w\u0105trob\u0119 - 60 kapsu\u0142ek - Deva Harmony Polska","isPartOf":{"@id":"https:\/\/devaharmony.com\/pl\/#website"},"primaryImageOfPage":{"@id":"https:\/\/devaharmony.com\/pl\/sklep\/kutki-kapsulki\/#primaryimage"},"image":{"@id":"https:\/\/devaharmony.com\/pl\/sklep\/kutki-kapsulki\/#primaryimage"},"thumbnailUrl":"https:\/\/devaharmony.com\/pl\/wp-content\/uploads\/2025\/06\/55422ef609d47d78d85668b5c3b4f87d.png","datePublished":"2023-07-21T08:02:54+00:00","dateModified":"2026-04-02T07:14:28+00:00","breadcrumb":{"@id":"https:\/\/devaharmony.com\/pl\/sklep\/kutki-kapsulki\/#breadcrumb"},"inLanguage":"pl-PL","potentialAction":[{"@type":"ReadAction","target":["https:\/\/devaharmony.com\/pl\/sklep\/kutki-kapsulki\/"]}]},{"@type":"ImageObject","inLanguage":"pl-PL","@id":"https:\/\/devaharmony.com\/pl\/sklep\/kutki-kapsulki\/#primaryimage","url":"https:\/\/devaharmony.com\/pl\/wp-content\/uploads\/2025\/06\/55422ef609d47d78d85668b5c3b4f87d.png","contentUrl":"https:\/\/devaharmony.com\/pl\/wp-content\/uploads\/2025\/06\/55422ef609d47d78d85668b5c3b4f87d.png","width":1080,"height":1080},{"@type":"BreadcrumbList","@id":"https:\/\/devaharmony.com\/pl\/sklep\/kutki-kapsulki\/#breadcrumb","itemListElement":[{"@type":"ListItem","position":1,"name":"Strona g\u0142\u00f3wna","item":"https:\/\/devaharmony.com\/pl\/"},{"@type":"ListItem","position":2,"name":"Produkty Ajurwedyjskie","item":"https:\/\/devaharmony.com\/pl\/produkty-ajurwedyjskie\/"},{"@type":"ListItem","position":3,"name":"Kutki &#8211; na w\u0105trob\u0119 &#8211; 60 kapsu\u0142ek"}]},{"@type":"WebSite","@id":"https:\/\/devaharmony.com\/pl\/#website","url":"https:\/\/devaharmony.com\/pl\/","name":"Deva Harmony Polska","description":"Ajurwedyjskie Suplementy Diety","potentialAction":[{"@type":"SearchAction","target":{"@type":"EntryPoint","urlTemplate":"https:\/\/devaharmony.com\/pl\/?s={search_term_string}"},"query-input":"required name=search_term_string"}],"inLanguage":"pl-PL"}]}},"_links":{"self":[{"href":"https:\/\/devaharmony.com\/pl\/wp-json\/wp\/v2\/product\/20310","targetHints":{"allow":["GET"]}}],"collection":[{"href":"https:\/\/devaharmony.com\/pl\/wp-json\/wp\/v2\/product"}],"about":[{"href":"https:\/\/devaharmony.com\/pl\/wp-json\/wp\/v2\/types\/product"}],"wp:featuredmedia":[{"embeddable":true,"href":"https:\/\/devaharmony.com\/pl\/wp-json\/wp\/v2\/media\/45617"}],"wp:attachment":[{"href":"https:\/\/devaharmony.com\/pl\/wp-json\/wp\/v2\/media?parent=20310"}],"wp:term":[{"taxonomy":"product_brand","embeddable":true,"href":"https:\/\/devaharmony.com\/pl\/wp-json\/wp\/v2\/product_brand?post=20310"},{"taxonomy":"product_cat","embeddable":true,"href":"https:\/\/devaharmony.com\/pl\/wp-json\/wp\/v2\/product_cat?post=20310"},{"taxonomy":"product_tag","embeddable":true,"href":"https:\/\/devaharmony.com\/pl\/wp-json\/wp\/v2\/product_tag?post=20310"}],"curies":[{"name":"wp","href":"https:\/\/api.w.org\/{rel}","templated":true}]}}