{"id":20285,"date":"2023-07-21T08:58:48","date_gmt":"2023-07-21T07:58:48","guid":{"rendered":"https:\/\/devaharmony.com\/pl\/sklep\/triphala-proszek-100g\/"},"modified":"2026-04-16T20:36:20","modified_gmt":"2026-04-16T19:36:20","slug":"triphala-proszek-oczyszczanie-jelit-100g","status":"publish","type":"product","link":"https:\/\/devaharmony.com\/pl\/sklep\/triphala-proszek-oczyszczanie-jelit-100g\/","title":{"rendered":"Triphala Proszek &#8211; trawienie i jelita &#8211; 100g"},"content":{"rendered":"<div>\n<p>Triphala jest ajurwedyjsk\u0105 mieszank\u0105 trzech owoc\u00f3w:<\/p>\n<\/div>\n<div>\n<p>\u2013<span class=\"apple-converted-space\">\u00a0<\/span><strong>Amla<\/strong><span class=\"apple-converted-space\">\u00a0<\/span>(Emblica Officinalis) &#8211; Agrest Indyjski \/ Li\u015bciokwiat garbnikowy<br \/>\n\u2013<span class=\"apple-converted-space\">\u00a0<\/span><strong>Bibhitaki<\/strong><span class=\"apple-converted-space\">\u00a0<\/span>(Terminalia Bellirica) &#8211; Migda\u0142ecznik Bellrica<br \/>\n\u2013<span class=\"apple-converted-space\">\u00a0<\/span><strong>Haritaki<\/strong><span class=\"apple-converted-space\">\u00a0<\/span>(Terminalia Chebula) &#8211; Migda\u0142ecznik Chebu\u0142owiec<\/p>\n<\/div>\n<div>\n<p>Ta wyj\u0105tkowa i dobrze znana mieszanka ajurwedyjska pomaga w utrzymaniu zdrowia uk\u0142adu trawiennego. Pomaga zachowa\u0107<span class=\"apple-converted-space\">\u00a0<\/span><strong>zdrowie sk\u00f3ry<\/strong><span class=\"apple-converted-space\">\u00a0<\/span>(migda\u0142ecznik chebu\u0142owiec) oraz<span class=\"apple-converted-space\">\u00a0<\/span><strong>w\u0142os\u00f3w<\/strong><span class=\"apple-converted-space\">\u00a0<\/span>i posiada pozytywny wp\u0142yw<span class=\"apple-converted-space\">\u00a0<\/span><strong>zdrowie oczu<\/strong>(migda\u0142ecznik bellrica). Li\u015bciowkwiat garbnikowy i migda\u0142ecznik bellrica<span class=\"apple-converted-space\">\u00a0<\/span><strong>wspieraj\u0105 prac\u0119 w\u0105troby i posiadaj\u0105 pozytywny wp\u0142yw na prawid\u0142owy pasa\u017c jelit<\/strong>.<\/p>\n<\/div>\n<div>\n<p>Li\u015bciowkwiat garbnikowy (Amla) ponadto wspiera<span class=\"apple-converted-space\">\u00a0<\/span><strong>regularno\u015b\u0107 wypr\u00f3\u017cnie\u0144 i wspomaga prac\u0119 jelit<\/strong>.<\/p>\n<\/div>\n<div>\n<p>Migda\u0142ecznik chebu\u0142owiec to kompleksowe zio\u0142o o dzia\u0142aniu wywieraj\u0105cym dzia\u0142anie<span class=\"apple-converted-space\">\u00a0<\/span><strong>anty-aging<\/strong><span class=\"apple-converted-space\">\u00a0<\/span>\/ spowalniaj\u0105cym procesy starzeniowe .<\/p>\n<\/div>\n<div>\n<p>Z kolei migda\u0142ecznik bellrica wspomaga prawid\u0142owe dzia\u0142anie<span class=\"apple-converted-space\">\u00a0<\/span><strong>uk\u0142adu odporno\u015bciowego<\/strong><span class=\"apple-converted-space\">\u00a0<\/span>i posiada<span class=\"apple-converted-space\">\u00a0<\/span><strong>pozytywne dzia\u0142anie na b\u0142ony \u015bluzowe uk\u0142adu pokarmowego<\/strong>.<\/p>\n<\/div>\n<div>\n<p>Triphala to rozwi\u0105zanie dla os\u00f3b, kt\u00f3re chc\u0105 szczeg\u00f3lnie zadba\u0107 o swoje zdrowie. Doskona\u0142a kombinacja znanych zi\u00f3\u0142, kt\u00f3ra<span class=\"apple-converted-space\">\u00a0<\/span><strong>r\u00f3wnowa\u017cy wszystkie 3 dosha (vata, pitta, kapha) w organizmie<\/strong>.<\/p>\n<\/div>\n<div>\n<p><strong>Od wiek\u00f3w uznana i ceniona w ajurwedzie!<\/strong><\/p>\n<\/div>\n<div>\n<p>&nbsp;<\/p>\n<\/div>\n<p><strong>Produkt 100% wega\u0144ski\u00a0<\/strong><\/p>\n<p><strong>Zalecana porcja dzienna:<\/strong> 2-6 g<\/p>\n<p><strong>Pojemno\u015b\u0107:<\/strong> 100 g<\/p>\n<p><strong>Producent:<\/strong> JIVA Ayurvedic Pharmacy Ltd.<\/p>\n<p><strong>Kraj pochodzenia:<\/strong> Indie<\/p>\n<p>&nbsp;<\/p>\n<p><span style=\"font-size: 12px; line-height: 13px;\">*Nie nale\u017cy przekracza\u0107 zalecanej porcji dziennej do spo\u017cycia. Suplement diety nie mo\u017ce by\u0107 stosowany jako substytut (zamiennik) zr\u00f3\u017cnicowanej diety. Nale\u017cy przestrzega\u0107 zdrowego trybu \u017cycia i zr\u00f3wnowa\u017conego sposobu \u017cywienia. Nie stosowa\u0107 w przypadku nadwra\u017cliwo\u015bci na sk\u0142adniki preparatu. Produkt nie jest przeznaczony dla kobiet w ci\u0105\u017cy ani karmi\u0105cych oraz dzieci. <\/span><\/p>\n<p><span style=\"font-size: 12px; line-height: 13px;\">*Przechowywa\u0107 w spos\u00f3b niedost\u0119pny dla ma\u0142ych dzieci. Chroni\u0107 przed \u015bwiat\u0142em i wilgoci\u0105.<\/span><\/p>\n<p><span style=\"font-size: 12px; line-height: 13px;\">*Opisany produkt jest suplementem diety, nie jest produktem leczniczym, kt\u00f3remu przypisuje si\u0119 w\u0142a\u015bciwo\u015bci zapobiegania lub leczenie chor\u00f3b wyst\u0119puj\u0105cych u ludzi. <\/span><\/p>\n<p><span style=\"font-size: 12px; line-height: 13px;\">*Przyjmowanie preparat\u00f3w zio\u0142owych najlepiej skonsultowa\u0107 z lekarzem lub farmaceut\u0105, poniewa\u017c dob\u00f3r odpowiedniego preparatu ro\u015blinnego wymaga r\u00f3wnie du\u017cej wiedzy, co w przypadku preparatu chemicznego. Nale\u017cy pami\u0119ta\u0107, \u017ce preparaty ro\u015blinne mog\u0105 wchodzi\u0107 w interakcje z przyjmowanymi lekami i mog\u0105 stanowi\u0107 zagro\u017cenie dla zdrowia. Niekt\u00f3re preparaty zio\u0142owe mog\u0105 wywo\u0142a\u0107 silne dzia\u0142anie, dlatego nale\u017cy przestrzega\u0107 wszystkich zalece\u0144 i ogranicze\u0144 podanych przez producenta. Szczeg\u00f3ln\u0105 ostro\u017cno\u015b\u0107 przy ich stosowaniu musz\u0105 zachowa\u0107 matki karmi\u0105ce i kobiety w ci\u0105\u017cy.<\/span><\/p>\n","protected":false},"excerpt":{"rendered":"<p style=\"font-weight: 400;\"><strong>Sprawdzona w czasie naturalna mieszanka wspomagaj\u0105ca zdrowie uk\u0142adu trawiennego <\/strong><strong>\u2600\ufe0f<\/strong><\/p>\n<ul style=\"font-weight: 400;\">\n<li>Wspomaga trawienie i uk\u0142ad pokarmowy (migda\u0142ecznik chebu\u0142owiec, li\u015bciokwiat garbnikowy, migda\u0142ecznik bellerica)<\/li>\n<li>Wywiera pozytywny wp\u0142yw na w\u0105trob\u0119 (li\u015bciokwiat garbnikowy, migda\u0142ecznik bellerica)<\/li>\n<li>Wspiera regularno\u015b\u0107 wypr\u00f3\u017cnie\u0144 (li\u015bciokwiat garbnikowy)<\/li>\n<li>Ma pozytywne dzia\u0142anie na b\u0142ony \u015bluzowe uk\u0142adu pokarmowego (migda\u0142ecznik bellerica)<\/li>\n<li>Wspomaga dzia\u0142anie jelit i pasa\u017c jelitowy (li\u015bciokwiat garbnikowy, migda\u0142ecznik bellerica)<\/li>\n<li>Wspomaga uk\u0142ad odporno\u015bciowy (migda\u0142ecznik bellerica)<\/li>\n<li>Pomaga zachowa\u0107 zdrow\u0105 sk\u00f3r\u0119 (migda\u0142ecznik chebu\u0142owiec) oraz w\u0142osy (migda\u0142ecznik bellerica)<\/li>\n<li>Ma pozytywny wp\u0142yw na oczy (migda\u0142ecznik bellerica)<\/li>\n<\/ul>\n<p>&nbsp;<\/p>\n<p><strong>Produkt 100% wega\u0144ski<\/strong><\/p>\n<p><strong>Pojemno\u015b\u0107: <\/strong>100g<\/p>\n<p><strong>Termin wa\u017cno\u015bci\u00a0 02.2027<\/strong><\/p>\n<p><strong>1 opakowanie wystarcza na 2 miesi\u0105ce stosowania.<\/strong><\/p>\n","protected":false},"featured_media":44849,"template":"","meta":{"_editorskit_title_hidden":false,"_editorskit_reading_time":0,"_editorskit_is_block_options_detached":false,"_editorskit_block_options_position":"{}"},"product_brand":[],"product_cat":[456,645,498,472,499,471,470,415,46,43,407,18,44],"product_tag":[],"class_list":{"0":"post-20285","1":"product","2":"type-product","3":"status-publish","4":"has-post-thumbnail","6":"product_cat-ziola-ajurwedyjskie","7":"product_cat-green-week","8":"product_cat-jiva","9":"product_cat-kapha","10":"product_cat-marki","11":"product_cat-pitta","12":"product_cat-vata","13":"product_cat-ziola-w-proszku","14":"product_cat-dla-diabetykow","15":"product_cat-odpornosc","16":"product_cat-oczy","17":"product_cat-suplementy","18":"product_cat-trawienie","20":"first","21":"instock","22":"sale","23":"taxable","24":"shipping-taxable","25":"purchasable","26":"product-type-simple","27":"add-to-wishlist-before_image"},"acf":{"ilosc_sztuk_w_pudelku":"","ilosc_pudelek_w_kartonie":"","wykluczyc_z_szybkich_zakupow":""},"yoast_head":"<!-- This site is optimized with the Yoast SEO plugin v23.1 - https:\/\/yoast.com\/wordpress\/plugins\/seo\/ -->\n<title>Triphala Proszek - trawienie i jelita - 100g - Deva Harmony Polska<\/title>\n<meta name=\"robots\" content=\"index, follow, max-snippet:-1, max-image-preview:large, max-video-preview:-1\" \/>\n<link rel=\"canonical\" href=\"https:\/\/devaharmony.com\/pl\/sklep\/triphala-proszek-oczyszczanie-jelit-100g\/\" \/>\n<meta property=\"og:locale\" content=\"pl_PL\" \/>\n<meta property=\"og:type\" content=\"article\" \/>\n<meta property=\"og:title\" content=\"Triphala Proszek - trawienie i jelita - 100g - Deva Harmony Polska\" \/>\n<meta property=\"og:description\" content=\"Sprawdzona w czasie naturalna mieszanka wspomagaj\u0105ca zdrowie uk\u0142adu trawiennego \u2600\ufe0f    Wspomaga trawienie i uk\u0142ad pokarmowy (migda\u0142ecznik chebu\u0142owiec, li\u015bciokwiat garbnikowy, migda\u0142ecznik bellerica)  Wywiera pozytywny wp\u0142yw na w\u0105trob\u0119 (li\u015bciokwiat garbnikowy, migda\u0142ecznik bellerica)  Wspiera regularno\u015b\u0107 wypr\u00f3\u017cnie\u0144 (li\u015bciokwiat garbnikowy)  Ma pozytywne dzia\u0142anie na b\u0142ony \u015bluzowe uk\u0142adu pokarmowego (migda\u0142ecznik bellerica)  Wspomaga dzia\u0142anie jelit i pasa\u017c jelitowy (li\u015bciokwiat garbnikowy, migda\u0142ecznik bellerica)  Wspomaga uk\u0142ad odporno\u015bciowy (migda\u0142ecznik bellerica)  Pomaga zachowa\u0107 zdrow\u0105 sk\u00f3r\u0119 (migda\u0142ecznik chebu\u0142owiec) oraz w\u0142osy (migda\u0142ecznik bellerica)  Ma pozytywny wp\u0142yw na oczy (migda\u0142ecznik bellerica)  &nbsp;  Produkt 100% wega\u0144ski  Pojemno\u015b\u0107: 100g  Termin wa\u017cno\u015bci\u00a0 02.2027  1 opakowanie wystarcza na 2 miesi\u0105ce stosowania.\" \/>\n<meta property=\"og:url\" content=\"https:\/\/devaharmony.com\/pl\/sklep\/triphala-proszek-oczyszczanie-jelit-100g\/\" \/>\n<meta property=\"og:site_name\" content=\"Deva Harmony Polska\" \/>\n<meta property=\"article:modified_time\" content=\"2026-04-16T19:36:20+00:00\" \/>\n<meta property=\"og:image\" content=\"https:\/\/devaharmony.com\/pl\/wp-content\/uploads\/2023\/07\/TROPHALA-JIVA.png\" \/>\n\t<meta property=\"og:image:width\" content=\"1080\" \/>\n\t<meta property=\"og:image:height\" content=\"1080\" \/>\n\t<meta property=\"og:image:type\" content=\"image\/png\" \/>\n<meta name=\"twitter:card\" content=\"summary_large_image\" \/>\n<meta name=\"twitter:label1\" content=\"Szacowany czas czytania\" \/>\n\t<meta name=\"twitter:data1\" content=\"3 minuty\" \/>\n<script type=\"application\/ld+json\" class=\"yoast-schema-graph\">{\"@context\":\"https:\/\/schema.org\",\"@graph\":[{\"@type\":\"WebPage\",\"@id\":\"https:\/\/devaharmony.com\/pl\/sklep\/triphala-proszek-oczyszczanie-jelit-100g\/\",\"url\":\"https:\/\/devaharmony.com\/pl\/sklep\/triphala-proszek-oczyszczanie-jelit-100g\/\",\"name\":\"Triphala Proszek - trawienie i jelita - 100g - Deva Harmony Polska\",\"isPartOf\":{\"@id\":\"https:\/\/devaharmony.com\/pl\/#website\"},\"primaryImageOfPage\":{\"@id\":\"https:\/\/devaharmony.com\/pl\/sklep\/triphala-proszek-oczyszczanie-jelit-100g\/#primaryimage\"},\"image\":{\"@id\":\"https:\/\/devaharmony.com\/pl\/sklep\/triphala-proszek-oczyszczanie-jelit-100g\/#primaryimage\"},\"thumbnailUrl\":\"https:\/\/devaharmony.com\/pl\/wp-content\/uploads\/2023\/07\/TROPHALA-JIVA.png\",\"datePublished\":\"2023-07-21T07:58:48+00:00\",\"dateModified\":\"2026-04-16T19:36:20+00:00\",\"breadcrumb\":{\"@id\":\"https:\/\/devaharmony.com\/pl\/sklep\/triphala-proszek-oczyszczanie-jelit-100g\/#breadcrumb\"},\"inLanguage\":\"pl-PL\",\"potentialAction\":[{\"@type\":\"ReadAction\",\"target\":[\"https:\/\/devaharmony.com\/pl\/sklep\/triphala-proszek-oczyszczanie-jelit-100g\/\"]}]},{\"@type\":\"ImageObject\",\"inLanguage\":\"pl-PL\",\"@id\":\"https:\/\/devaharmony.com\/pl\/sklep\/triphala-proszek-oczyszczanie-jelit-100g\/#primaryimage\",\"url\":\"https:\/\/devaharmony.com\/pl\/wp-content\/uploads\/2023\/07\/TROPHALA-JIVA.png\",\"contentUrl\":\"https:\/\/devaharmony.com\/pl\/wp-content\/uploads\/2023\/07\/TROPHALA-JIVA.png\",\"width\":1080,\"height\":1080},{\"@type\":\"BreadcrumbList\",\"@id\":\"https:\/\/devaharmony.com\/pl\/sklep\/triphala-proszek-oczyszczanie-jelit-100g\/#breadcrumb\",\"itemListElement\":[{\"@type\":\"ListItem\",\"position\":1,\"name\":\"Strona g\u0142\u00f3wna\",\"item\":\"https:\/\/devaharmony.com\/pl\/\"},{\"@type\":\"ListItem\",\"position\":2,\"name\":\"Produkty Ajurwedyjskie\",\"item\":\"https:\/\/devaharmony.com\/pl\/produkty-ajurwedyjskie\/\"},{\"@type\":\"ListItem\",\"position\":3,\"name\":\"Triphala Proszek &#8211; trawienie i jelita &#8211; 100g\"}]},{\"@type\":\"WebSite\",\"@id\":\"https:\/\/devaharmony.com\/pl\/#website\",\"url\":\"https:\/\/devaharmony.com\/pl\/\",\"name\":\"Deva Harmony Polska\",\"description\":\"Ajurwedyjskie Suplementy Diety\",\"potentialAction\":[{\"@type\":\"SearchAction\",\"target\":{\"@type\":\"EntryPoint\",\"urlTemplate\":\"https:\/\/devaharmony.com\/pl\/?s={search_term_string}\"},\"query-input\":\"required name=search_term_string\"}],\"inLanguage\":\"pl-PL\"}]}<\/script>\n<!-- \/ Yoast SEO plugin. -->","yoast_head_json":{"title":"Triphala Proszek - trawienie i jelita - 100g - Deva Harmony Polska","robots":{"index":"index","follow":"follow","max-snippet":"max-snippet:-1","max-image-preview":"max-image-preview:large","max-video-preview":"max-video-preview:-1"},"canonical":"https:\/\/devaharmony.com\/pl\/sklep\/triphala-proszek-oczyszczanie-jelit-100g\/","og_locale":"pl_PL","og_type":"article","og_title":"Triphala Proszek - trawienie i jelita - 100g - Deva Harmony Polska","og_description":"Sprawdzona w czasie naturalna mieszanka wspomagaj\u0105ca zdrowie uk\u0142adu trawiennego \u2600\ufe0f    Wspomaga trawienie i uk\u0142ad pokarmowy (migda\u0142ecznik chebu\u0142owiec, li\u015bciokwiat garbnikowy, migda\u0142ecznik bellerica)  Wywiera pozytywny wp\u0142yw na w\u0105trob\u0119 (li\u015bciokwiat garbnikowy, migda\u0142ecznik bellerica)  Wspiera regularno\u015b\u0107 wypr\u00f3\u017cnie\u0144 (li\u015bciokwiat garbnikowy)  Ma pozytywne dzia\u0142anie na b\u0142ony \u015bluzowe uk\u0142adu pokarmowego (migda\u0142ecznik bellerica)  Wspomaga dzia\u0142anie jelit i pasa\u017c jelitowy (li\u015bciokwiat garbnikowy, migda\u0142ecznik bellerica)  Wspomaga uk\u0142ad odporno\u015bciowy (migda\u0142ecznik bellerica)  Pomaga zachowa\u0107 zdrow\u0105 sk\u00f3r\u0119 (migda\u0142ecznik chebu\u0142owiec) oraz w\u0142osy (migda\u0142ecznik bellerica)  Ma pozytywny wp\u0142yw na oczy (migda\u0142ecznik bellerica)  &nbsp;  Produkt 100% wega\u0144ski  Pojemno\u015b\u0107: 100g  Termin wa\u017cno\u015bci\u00a0 02.2027  1 opakowanie wystarcza na 2 miesi\u0105ce stosowania.","og_url":"https:\/\/devaharmony.com\/pl\/sklep\/triphala-proszek-oczyszczanie-jelit-100g\/","og_site_name":"Deva Harmony Polska","article_modified_time":"2026-04-16T19:36:20+00:00","og_image":[{"width":1080,"height":1080,"url":"https:\/\/devaharmony.com\/pl\/wp-content\/uploads\/2023\/07\/TROPHALA-JIVA.png","type":"image\/png"}],"twitter_card":"summary_large_image","twitter_misc":{"Szacowany czas czytania":"3 minuty"},"schema":{"@context":"https:\/\/schema.org","@graph":[{"@type":"WebPage","@id":"https:\/\/devaharmony.com\/pl\/sklep\/triphala-proszek-oczyszczanie-jelit-100g\/","url":"https:\/\/devaharmony.com\/pl\/sklep\/triphala-proszek-oczyszczanie-jelit-100g\/","name":"Triphala Proszek - trawienie i jelita - 100g - Deva Harmony Polska","isPartOf":{"@id":"https:\/\/devaharmony.com\/pl\/#website"},"primaryImageOfPage":{"@id":"https:\/\/devaharmony.com\/pl\/sklep\/triphala-proszek-oczyszczanie-jelit-100g\/#primaryimage"},"image":{"@id":"https:\/\/devaharmony.com\/pl\/sklep\/triphala-proszek-oczyszczanie-jelit-100g\/#primaryimage"},"thumbnailUrl":"https:\/\/devaharmony.com\/pl\/wp-content\/uploads\/2023\/07\/TROPHALA-JIVA.png","datePublished":"2023-07-21T07:58:48+00:00","dateModified":"2026-04-16T19:36:20+00:00","breadcrumb":{"@id":"https:\/\/devaharmony.com\/pl\/sklep\/triphala-proszek-oczyszczanie-jelit-100g\/#breadcrumb"},"inLanguage":"pl-PL","potentialAction":[{"@type":"ReadAction","target":["https:\/\/devaharmony.com\/pl\/sklep\/triphala-proszek-oczyszczanie-jelit-100g\/"]}]},{"@type":"ImageObject","inLanguage":"pl-PL","@id":"https:\/\/devaharmony.com\/pl\/sklep\/triphala-proszek-oczyszczanie-jelit-100g\/#primaryimage","url":"https:\/\/devaharmony.com\/pl\/wp-content\/uploads\/2023\/07\/TROPHALA-JIVA.png","contentUrl":"https:\/\/devaharmony.com\/pl\/wp-content\/uploads\/2023\/07\/TROPHALA-JIVA.png","width":1080,"height":1080},{"@type":"BreadcrumbList","@id":"https:\/\/devaharmony.com\/pl\/sklep\/triphala-proszek-oczyszczanie-jelit-100g\/#breadcrumb","itemListElement":[{"@type":"ListItem","position":1,"name":"Strona g\u0142\u00f3wna","item":"https:\/\/devaharmony.com\/pl\/"},{"@type":"ListItem","position":2,"name":"Produkty Ajurwedyjskie","item":"https:\/\/devaharmony.com\/pl\/produkty-ajurwedyjskie\/"},{"@type":"ListItem","position":3,"name":"Triphala Proszek &#8211; trawienie i jelita &#8211; 100g"}]},{"@type":"WebSite","@id":"https:\/\/devaharmony.com\/pl\/#website","url":"https:\/\/devaharmony.com\/pl\/","name":"Deva Harmony Polska","description":"Ajurwedyjskie Suplementy Diety","potentialAction":[{"@type":"SearchAction","target":{"@type":"EntryPoint","urlTemplate":"https:\/\/devaharmony.com\/pl\/?s={search_term_string}"},"query-input":"required name=search_term_string"}],"inLanguage":"pl-PL"}]}},"_links":{"self":[{"href":"https:\/\/devaharmony.com\/pl\/wp-json\/wp\/v2\/product\/20285","targetHints":{"allow":["GET"]}}],"collection":[{"href":"https:\/\/devaharmony.com\/pl\/wp-json\/wp\/v2\/product"}],"about":[{"href":"https:\/\/devaharmony.com\/pl\/wp-json\/wp\/v2\/types\/product"}],"wp:featuredmedia":[{"embeddable":true,"href":"https:\/\/devaharmony.com\/pl\/wp-json\/wp\/v2\/media\/44849"}],"wp:attachment":[{"href":"https:\/\/devaharmony.com\/pl\/wp-json\/wp\/v2\/media?parent=20285"}],"wp:term":[{"taxonomy":"product_brand","embeddable":true,"href":"https:\/\/devaharmony.com\/pl\/wp-json\/wp\/v2\/product_brand?post=20285"},{"taxonomy":"product_cat","embeddable":true,"href":"https:\/\/devaharmony.com\/pl\/wp-json\/wp\/v2\/product_cat?post=20285"},{"taxonomy":"product_tag","embeddable":true,"href":"https:\/\/devaharmony.com\/pl\/wp-json\/wp\/v2\/product_tag?post=20285"}],"curies":[{"name":"wp","href":"https:\/\/api.w.org\/{rel}","templated":true}]}}