{"id":20265,"date":"2023-07-21T08:56:21","date_gmt":"2023-07-21T07:56:21","guid":{"rendered":"https:\/\/devaharmony.com\/pl\/sklep\/shatavari-120-tabletek\/"},"modified":"2026-03-31T10:11:59","modified_gmt":"2026-03-31T09:11:59","slug":"shatavari-tabletki1","status":"publish","type":"product","link":"https:\/\/devaharmony.com\/pl\/sklep\/shatavari-tabletki1\/","title":{"rendered":"Shatavari &#8211; menopauza &#8211; 120 tabletek"},"content":{"rendered":"<p>Shatavari to wszechstronny <strong>tonik <\/strong>i zio\u0142o wspomagaj\u0105ce w utrzymaniu <strong>r\u00f3wnowagi uk\u0142adu rozrodczego<\/strong>, kt\u00f3re mo\u017ce by\u0107 podane osobie o ka\u017cdym rodzaju konstytucji ajurwedyjskiej, m\u0119\u017cczyzn lub kobiet.<\/p>\n<p><strong>Wspiera prawid\u0142owe dzia\u0142anie<\/strong> \u017ce\u0144skich narz\u0105d\u00f3w rozrodczych i jest tradycyjnie stosowany przy trudno\u015bciach w utrzymaniu prawid\u0142owego miesi\u0105czkowania i okresie oko\u0142omenopauzalnym.<\/p>\n<p>Ma<strong> pozytywny wp\u0142yw na seksualno\u015b\u0107<\/strong> kobiet i m\u0119\u017cczyzn. Wykazuje dzia\u0142anie <strong>wyciszaj\u0105ce oraz chroni\u0105ce uk\u0142ad nerwowy<\/strong>, wspieraj\u0105c go w stanach podwy\u017cszonego stresu.<\/p>\n<p>Wspomaga laktacj\u0119 u kobiet, prawid\u0142owy proces trawienia oraz funkcjonowanie uk\u0142adu sercowo-naczyniowego.<\/p>\n<p>Wg. ajurwedy Shatavari <strong>jest ch\u0142odz\u0105cym i od\u017cywczym zio\u0142em<\/strong>, kt\u00f3re<strong> wspiera i kobiety, i m\u0119\u017cczyzn<\/strong>.<\/p>\n<p>M\u0119\u017cczy\u017ani mog\u0105 stosowa\u0107 go jako tonik, kt\u00f3ry<strong> poprawia m\u0119sk\u0105 seksualno\u015b\u0107.<\/strong><\/p>\n<p><strong>Produkt w 100% wega\u0144ski<\/strong><\/p>\n<p><strong>Zalecana porcja dzienna:<\/strong> 2 tabletki<\/p>\n<p style=\"text-align: justify;\"><strong>Pojemno\u015b\u0107:<\/strong> 120 tabletek<\/p>\n<p><strong>Producent:<\/strong> JIVA Ayurvedic Pharmacy Ltd.<\/p>\n<p><strong>Kraj pochodzenia:<\/strong> Indie<\/p>\n<p><span style=\"font-size: 12px; line-height: 13px;\">*Nie nale\u017cy przekracza\u0107 zalecanej porcji dziennej do spo\u017cycia. Suplement diety nie mo\u017ce by\u0107 stosowany jako substytut (zamiennik) zr\u00f3\u017cnicowanej diety. Nale\u017cy przestrzega\u0107 zdrowego trybu \u017cycia i zr\u00f3wnowa\u017conego sposobu \u017cywienia. Nie stosowa\u0107 w przypadku nadwra\u017cliwo\u015bci na sk\u0142adniki preparatu. Produkt nie jest przeznaczony dla dzieci, kobiet w ci\u0105\u017cy ani karmi\u0105cych.<\/span><\/p>\n<p><span style=\"font-size: 12px; line-height: 13px;\">*Produkt bez GMO.<\/span><\/p>\n<p><span style=\"font-size: 12px; line-height: 13px;\">*Przechowywa\u0107 w spos\u00f3b niedost\u0119pny dla ma\u0142ych dzieci. Chroni\u0107 przed \u015bwiat\u0142em i wilgoci\u0105.<\/span><\/p>\n<p><span style=\"font-size: 12px; line-height: 13px;\">*Opisany produkt jest suplementem diety, nie jest produktem leczniczym, kt\u00f3remu przypisuje si\u0119 w\u0142a\u015bciwo\u015bci zapobiegania lub leczenie chor\u00f3b wyst\u0119puj\u0105cych u ludzi. <\/span><\/p>\n<p><span style=\"font-size: 12px; line-height: 13px;\">*Przyjmowanie preparat\u00f3w zio\u0142owych najlepiej skonsultowa\u0107 z lekarzem lub farmaceut\u0105, poniewa\u017c dob\u00f3r odpowiedniego preparatu ro\u015blinnego wymaga r\u00f3wnie du\u017cej wiedzy, co w przypadku preparatu chemicznego. Nale\u017cy pami\u0119ta\u0107, \u017ce preparaty ro\u015blinne mog\u0105 wchodzi\u0107 w interakcje z przyjmowanymi lekami i mog\u0105 stanowi\u0107 zagro\u017cenie dla zdrowia. Niekt\u00f3re preparaty zio\u0142owe mog\u0105 wywo\u0142a\u0107 silne dzia\u0142anie, dlatego nale\u017cy przestrzega\u0107 wszystkich zalece\u0144 i ogranicze\u0144 podanych przez producenta. Szczeg\u00f3ln\u0105 ostro\u017cno\u015b\u0107 przy ich stosowaniu musz\u0105 zachowa\u0107 matki karmi\u0105ce i kobiety w ci\u0105\u017cy.<\/span><\/p>\n<h2>Preparat Shatavari, czyli kompleksowe wsparcie kobiet!<\/h2>\n<p>Przez tysi\u0105ce lat funkcjonowania ajurweda udowodni\u0142a, \u017ce zdrowie cz\u0142owieka oraz poprawna praca organizmu jest <strong><em>g\u0142\u00f3wnym celem<\/em><\/strong> wielu preparat\u00f3w, wywodz\u0105cych si\u0119 ze wschodniej kultury. Starohinduska metoda wykorzystuje wy\u0142\u0105cznie naturalne i przetestowane <a href=\"https:\/\/devaharmony.com\/pl\/produkty-ajurwedyjskie\/suplementy\/ziola\/\">zio\u0142a ajurwedyjskie<\/a>, kt\u00f3re s\u0105 podstaw\u0105 sk\u0142adu chocia\u017cby tabletek Shatavari Jiva. Produkt oferowany przez nasz sklep DEVA Harmony powinien znale\u017a\u0107 si\u0119 na <strong><em>li\u015bcie obowi\u0105zkowych zakup\u00f3w ka\u017cdej kobiety<\/em><\/strong>. Nie od dzisiaj wiadomo, \u017ce wspieranie licznych kobiecych problem\u00f3w wymaga stosowania skutecznych \u015brodk\u00f3w. Jiva Shatavari tabletki wpieraj\u0105 przy laktacji, okresie oko\u0142omenopauzalnym, wspomagaj\u0105 uk\u0142ad rozrodczy kobiet oraz m\u0119sk\u0105 seksualno\u015b\u0107. Zadbaj o w\u0142asne zdrowie i samopoczucie z Ajurwed\u0105!<\/p>\n<h2>Atrakcyjna cena i efektywne dzia\u0142anie. Tak wygl\u0105da nasza oferta na tabletki Shatavari<\/h2>\n<p>Czy wcze\u015bniej wspomniana skuteczno\u015b\u0107 oraz wielozadaniowo\u015b\u0107 sprawia, \u017ce tabletki Jiva Shatavari b\u0119d\u0105 znacz\u0105cym obci\u0105\u017ceniem bud\u017cetu osoby staraj\u0105cej si\u0119 o popraw\u0119 stanu zdrowia? Nic bardziej mylnego. Nasz sklep internetowy DEVA Harmony przygotowa\u0142 naprawd\u0119 wyj\u0105tkow\u0105 ofert\u0119 na liczne <a href=\"https:\/\/devaharmony.com\/pl\/produkty-ajurwedyjskie\/\">produkty ajurwedyjskie<\/a>. U nas naturalny preparat Shatavari wyr\u00f3\u017cnia cena przyst\u0119pna na dos\u0142ownie ka\u017cdy portfel. Dodatkowo, ju\u017c jedno opakowanie produktu umo\u017cliwia <strong><em>regularn\u0105 suplementacj\u0119 przez okres dw\u00f3ch miesi\u0119cy<\/em><\/strong>. Mocno zbawienne dzia\u0142anie na wiele popularnych w\u015br\u00f3d kobiet trudno\u015bci sprawia, \u017ce w tym czasie tabletki Shatavari zauwa\u017calnie <strong><em>poprawi\u0105 jako\u015b\u0107 dotychczasowego \u017cycia<\/em><\/strong>. Daj sobie szans\u0119 i zobacz, dlaczego starohinduska metoda lecznicza cieszy si\u0119 ogromn\u0105 skuteczno\u015bci\u0105 od 3000 lat.<\/p>\n","protected":false},"excerpt":{"rendered":"<p><strong>Od\u017cywione cia\u0142o i silny uk\u0142ad rozrodczy \u2600\ufe0f<\/strong><\/p>\n<ul>\n<li>Dobre dla \u017ce\u0144skiego uk\u0142adu rozrodczego<\/li>\n<li>Wspomaga p\u0142odno\u015b\u0107 u m\u0119\u017cczyzn i kobiet<\/li>\n<li>Wspomaga utrzymanie prawid\u0142owego cyklu menstruacyjnego<\/li>\n<li>Os\u0142abienie \u2013 pomaga w utrzymaniu si\u0142y i energii<\/li>\n<li>Wspiera okres oko\u0142omenopauzalny<\/li>\n<li>Wspiera prawid\u0142ow\u0105 laktacj\u0119 u kobiet<\/li>\n<li>Wywiera pozytywny wp\u0142yw na \u017ce\u0144sk\u0105 i m\u0119sk\u0105 seksualno\u015b\u0107<\/li>\n<li>Wykazuje dzia\u0142anie wyciszaj\u0105ce i ochronne dla uk\u0142adu nerwowego<\/li>\n<li>Pomocne w okresach stresu<\/li>\n<\/ul>\n<p><strong>Produkt 100% wega\u0144ski<\/strong><\/p>\n<p><strong>Pojemno\u015b\u0107:<\/strong> 120 tab.<\/p>\n<p><strong>1 opakowanie wystarcza na 2 miesi\u0105ce stosowania<\/strong><\/p>\n","protected":false},"featured_media":44847,"template":"","meta":{"_editorskit_title_hidden":false,"_editorskit_reading_time":0,"_editorskit_is_block_options_detached":false,"_editorskit_block_options_position":"{}"},"product_brand":[],"product_cat":[456,645,631,498,472,499,471,481,491,470,18,35,48],"product_tag":[],"class_list":{"0":"post-20265","1":"product","2":"type-product","3":"status-publish","4":"has-post-thumbnail","6":"product_cat-ziola-ajurwedyjskie","7":"product_cat-green-week","8":"product_cat-idealne-na-lato-","9":"product_cat-jiva","10":"product_cat-kapha","11":"product_cat-marki","12":"product_cat-pitta","13":"product_cat-premium","14":"product_cat-przeznaczenie-produktow","15":"product_cat-vata","16":"product_cat-suplementy","17":"product_cat-ziola","18":"product_cat-zdrowie-seksualne","20":"first","21":"instock","22":"taxable","23":"shipping-taxable","24":"purchasable","25":"product-type-simple","26":"add-to-wishlist-before_image"},"acf":{"ilosc_sztuk_w_pudelku":"","ilosc_pudelek_w_kartonie":"","wykluczyc_z_szybkich_zakupow":""},"yoast_head":"<!-- This site is optimized with the Yoast SEO plugin v23.1 - https:\/\/yoast.com\/wordpress\/plugins\/seo\/ -->\n<title>Shatavari - menopauza - 120 tabletek - Deva Harmony Polska<\/title>\n<meta name=\"robots\" content=\"index, follow, max-snippet:-1, max-image-preview:large, max-video-preview:-1\" \/>\n<link rel=\"canonical\" href=\"https:\/\/devaharmony.com\/pl\/sklep\/shatavari-tabletki1\/\" \/>\n<meta property=\"og:locale\" content=\"pl_PL\" \/>\n<meta property=\"og:type\" content=\"article\" \/>\n<meta property=\"og:title\" content=\"Shatavari - menopauza - 120 tabletek - Deva Harmony Polska\" \/>\n<meta property=\"og:description\" content=\"Od\u017cywione cia\u0142o i silny uk\u0142ad rozrodczy \u2600\ufe0f   Dobre dla \u017ce\u0144skiego uk\u0142adu rozrodczego  Wspomaga p\u0142odno\u015b\u0107 u m\u0119\u017cczyzn i kobiet  Wspomaga utrzymanie prawid\u0142owego cyklu menstruacyjnego  Os\u0142abienie \u2013 pomaga w utrzymaniu si\u0142y i energii  Wspiera okres oko\u0142omenopauzalny  Wspiera prawid\u0142ow\u0105 laktacj\u0119 u kobiet  Wywiera pozytywny wp\u0142yw na \u017ce\u0144sk\u0105 i m\u0119sk\u0105 seksualno\u015b\u0107  Wykazuje dzia\u0142anie wyciszaj\u0105ce i ochronne dla uk\u0142adu nerwowego  Pomocne w okresach stresu  Produkt 100% wega\u0144ski  Pojemno\u015b\u0107: 120 tab.  1 opakowanie wystarcza na 2 miesi\u0105ce stosowania\" \/>\n<meta property=\"og:url\" content=\"https:\/\/devaharmony.com\/pl\/sklep\/shatavari-tabletki1\/\" \/>\n<meta property=\"og:site_name\" content=\"Deva Harmony Polska\" \/>\n<meta property=\"article:modified_time\" content=\"2026-03-31T09:11:59+00:00\" \/>\n<meta property=\"og:image\" content=\"https:\/\/devaharmony.com\/pl\/wp-content\/uploads\/2023\/07\/Shatavari-Jiva.png\" \/>\n\t<meta property=\"og:image:width\" content=\"1080\" \/>\n\t<meta property=\"og:image:height\" content=\"1080\" \/>\n\t<meta property=\"og:image:type\" content=\"image\/png\" \/>\n<meta name=\"twitter:card\" content=\"summary_large_image\" \/>\n<meta name=\"twitter:label1\" content=\"Szacowany czas czytania\" \/>\n\t<meta name=\"twitter:data1\" content=\"4 minuty\" \/>\n<script type=\"application\/ld+json\" class=\"yoast-schema-graph\">{\"@context\":\"https:\/\/schema.org\",\"@graph\":[{\"@type\":\"WebPage\",\"@id\":\"https:\/\/devaharmony.com\/pl\/sklep\/shatavari-tabletki1\/\",\"url\":\"https:\/\/devaharmony.com\/pl\/sklep\/shatavari-tabletki1\/\",\"name\":\"Shatavari - menopauza - 120 tabletek - Deva Harmony Polska\",\"isPartOf\":{\"@id\":\"https:\/\/devaharmony.com\/pl\/#website\"},\"primaryImageOfPage\":{\"@id\":\"https:\/\/devaharmony.com\/pl\/sklep\/shatavari-tabletki1\/#primaryimage\"},\"image\":{\"@id\":\"https:\/\/devaharmony.com\/pl\/sklep\/shatavari-tabletki1\/#primaryimage\"},\"thumbnailUrl\":\"https:\/\/devaharmony.com\/pl\/wp-content\/uploads\/2023\/07\/Shatavari-Jiva.png\",\"datePublished\":\"2023-07-21T07:56:21+00:00\",\"dateModified\":\"2026-03-31T09:11:59+00:00\",\"breadcrumb\":{\"@id\":\"https:\/\/devaharmony.com\/pl\/sklep\/shatavari-tabletki1\/#breadcrumb\"},\"inLanguage\":\"pl-PL\",\"potentialAction\":[{\"@type\":\"ReadAction\",\"target\":[\"https:\/\/devaharmony.com\/pl\/sklep\/shatavari-tabletki1\/\"]}]},{\"@type\":\"ImageObject\",\"inLanguage\":\"pl-PL\",\"@id\":\"https:\/\/devaharmony.com\/pl\/sklep\/shatavari-tabletki1\/#primaryimage\",\"url\":\"https:\/\/devaharmony.com\/pl\/wp-content\/uploads\/2023\/07\/Shatavari-Jiva.png\",\"contentUrl\":\"https:\/\/devaharmony.com\/pl\/wp-content\/uploads\/2023\/07\/Shatavari-Jiva.png\",\"width\":1080,\"height\":1080},{\"@type\":\"BreadcrumbList\",\"@id\":\"https:\/\/devaharmony.com\/pl\/sklep\/shatavari-tabletki1\/#breadcrumb\",\"itemListElement\":[{\"@type\":\"ListItem\",\"position\":1,\"name\":\"Strona g\u0142\u00f3wna\",\"item\":\"https:\/\/devaharmony.com\/pl\/\"},{\"@type\":\"ListItem\",\"position\":2,\"name\":\"Produkty Ajurwedyjskie\",\"item\":\"https:\/\/devaharmony.com\/pl\/produkty-ajurwedyjskie\/\"},{\"@type\":\"ListItem\",\"position\":3,\"name\":\"Shatavari &#8211; menopauza &#8211; 120 tabletek\"}]},{\"@type\":\"WebSite\",\"@id\":\"https:\/\/devaharmony.com\/pl\/#website\",\"url\":\"https:\/\/devaharmony.com\/pl\/\",\"name\":\"Deva Harmony Polska\",\"description\":\"Ajurwedyjskie Suplementy Diety\",\"potentialAction\":[{\"@type\":\"SearchAction\",\"target\":{\"@type\":\"EntryPoint\",\"urlTemplate\":\"https:\/\/devaharmony.com\/pl\/?s={search_term_string}\"},\"query-input\":\"required name=search_term_string\"}],\"inLanguage\":\"pl-PL\"}]}<\/script>\n<!-- \/ Yoast SEO plugin. -->","yoast_head_json":{"title":"Shatavari - menopauza - 120 tabletek - Deva Harmony Polska","robots":{"index":"index","follow":"follow","max-snippet":"max-snippet:-1","max-image-preview":"max-image-preview:large","max-video-preview":"max-video-preview:-1"},"canonical":"https:\/\/devaharmony.com\/pl\/sklep\/shatavari-tabletki1\/","og_locale":"pl_PL","og_type":"article","og_title":"Shatavari - menopauza - 120 tabletek - Deva Harmony Polska","og_description":"Od\u017cywione cia\u0142o i silny uk\u0142ad rozrodczy \u2600\ufe0f   Dobre dla \u017ce\u0144skiego uk\u0142adu rozrodczego  Wspomaga p\u0142odno\u015b\u0107 u m\u0119\u017cczyzn i kobiet  Wspomaga utrzymanie prawid\u0142owego cyklu menstruacyjnego  Os\u0142abienie \u2013 pomaga w utrzymaniu si\u0142y i energii  Wspiera okres oko\u0142omenopauzalny  Wspiera prawid\u0142ow\u0105 laktacj\u0119 u kobiet  Wywiera pozytywny wp\u0142yw na \u017ce\u0144sk\u0105 i m\u0119sk\u0105 seksualno\u015b\u0107  Wykazuje dzia\u0142anie wyciszaj\u0105ce i ochronne dla uk\u0142adu nerwowego  Pomocne w okresach stresu  Produkt 100% wega\u0144ski  Pojemno\u015b\u0107: 120 tab.  1 opakowanie wystarcza na 2 miesi\u0105ce stosowania","og_url":"https:\/\/devaharmony.com\/pl\/sklep\/shatavari-tabletki1\/","og_site_name":"Deva Harmony Polska","article_modified_time":"2026-03-31T09:11:59+00:00","og_image":[{"width":1080,"height":1080,"url":"https:\/\/devaharmony.com\/pl\/wp-content\/uploads\/2023\/07\/Shatavari-Jiva.png","type":"image\/png"}],"twitter_card":"summary_large_image","twitter_misc":{"Szacowany czas czytania":"4 minuty"},"schema":{"@context":"https:\/\/schema.org","@graph":[{"@type":"WebPage","@id":"https:\/\/devaharmony.com\/pl\/sklep\/shatavari-tabletki1\/","url":"https:\/\/devaharmony.com\/pl\/sklep\/shatavari-tabletki1\/","name":"Shatavari - menopauza - 120 tabletek - Deva Harmony Polska","isPartOf":{"@id":"https:\/\/devaharmony.com\/pl\/#website"},"primaryImageOfPage":{"@id":"https:\/\/devaharmony.com\/pl\/sklep\/shatavari-tabletki1\/#primaryimage"},"image":{"@id":"https:\/\/devaharmony.com\/pl\/sklep\/shatavari-tabletki1\/#primaryimage"},"thumbnailUrl":"https:\/\/devaharmony.com\/pl\/wp-content\/uploads\/2023\/07\/Shatavari-Jiva.png","datePublished":"2023-07-21T07:56:21+00:00","dateModified":"2026-03-31T09:11:59+00:00","breadcrumb":{"@id":"https:\/\/devaharmony.com\/pl\/sklep\/shatavari-tabletki1\/#breadcrumb"},"inLanguage":"pl-PL","potentialAction":[{"@type":"ReadAction","target":["https:\/\/devaharmony.com\/pl\/sklep\/shatavari-tabletki1\/"]}]},{"@type":"ImageObject","inLanguage":"pl-PL","@id":"https:\/\/devaharmony.com\/pl\/sklep\/shatavari-tabletki1\/#primaryimage","url":"https:\/\/devaharmony.com\/pl\/wp-content\/uploads\/2023\/07\/Shatavari-Jiva.png","contentUrl":"https:\/\/devaharmony.com\/pl\/wp-content\/uploads\/2023\/07\/Shatavari-Jiva.png","width":1080,"height":1080},{"@type":"BreadcrumbList","@id":"https:\/\/devaharmony.com\/pl\/sklep\/shatavari-tabletki1\/#breadcrumb","itemListElement":[{"@type":"ListItem","position":1,"name":"Strona g\u0142\u00f3wna","item":"https:\/\/devaharmony.com\/pl\/"},{"@type":"ListItem","position":2,"name":"Produkty Ajurwedyjskie","item":"https:\/\/devaharmony.com\/pl\/produkty-ajurwedyjskie\/"},{"@type":"ListItem","position":3,"name":"Shatavari &#8211; menopauza &#8211; 120 tabletek"}]},{"@type":"WebSite","@id":"https:\/\/devaharmony.com\/pl\/#website","url":"https:\/\/devaharmony.com\/pl\/","name":"Deva Harmony Polska","description":"Ajurwedyjskie Suplementy Diety","potentialAction":[{"@type":"SearchAction","target":{"@type":"EntryPoint","urlTemplate":"https:\/\/devaharmony.com\/pl\/?s={search_term_string}"},"query-input":"required name=search_term_string"}],"inLanguage":"pl-PL"}]}},"_links":{"self":[{"href":"https:\/\/devaharmony.com\/pl\/wp-json\/wp\/v2\/product\/20265","targetHints":{"allow":["GET"]}}],"collection":[{"href":"https:\/\/devaharmony.com\/pl\/wp-json\/wp\/v2\/product"}],"about":[{"href":"https:\/\/devaharmony.com\/pl\/wp-json\/wp\/v2\/types\/product"}],"wp:featuredmedia":[{"embeddable":true,"href":"https:\/\/devaharmony.com\/pl\/wp-json\/wp\/v2\/media\/44847"}],"wp:attachment":[{"href":"https:\/\/devaharmony.com\/pl\/wp-json\/wp\/v2\/media?parent=20265"}],"wp:term":[{"taxonomy":"product_brand","embeddable":true,"href":"https:\/\/devaharmony.com\/pl\/wp-json\/wp\/v2\/product_brand?post=20265"},{"taxonomy":"product_cat","embeddable":true,"href":"https:\/\/devaharmony.com\/pl\/wp-json\/wp\/v2\/product_cat?post=20265"},{"taxonomy":"product_tag","embeddable":true,"href":"https:\/\/devaharmony.com\/pl\/wp-json\/wp\/v2\/product_tag?post=20265"}],"curies":[{"name":"wp","href":"https:\/\/api.w.org\/{rel}","templated":true}]}}