{"id":20249,"date":"2023-07-21T08:54:10","date_gmt":"2023-07-21T07:54:10","guid":{"rendered":"https:\/\/devaharmony.com\/pl\/sklep\/ashwagandha-120-tabletek\/"},"modified":"2026-03-31T10:11:56","modified_gmt":"2026-03-31T09:11:56","slug":"ashwagandha-120-tabletek","status":"publish","type":"product","link":"https:\/\/devaharmony.com\/pl\/sklep\/ashwagandha-120-tabletek\/","title":{"rendered":"Ashwagandha &#8211; 120 tabletek"},"content":{"rendered":"<p>Zio\u0142o Ashwagandha jest stosowane od czas\u00f3w staro\u017cytnych, a Jiva Ayurveda stara si\u0119 kontynuowa\u0107 to dziedzictwo. Tabletki Jiva Ashwagandha zosta\u0142y wyprodukowane z czystego korzenia Ashwagandhy, zawieraj\u0105cego aktywny zwi\u0105zek znany jako &#8220;withanolid&#8221;.<\/p>\n<p>To zio\u0142o r\u00f3wnowa\u017cy Dosza Kapha i Vata, co zapewnia og\u00f3lny dobrostan umys\u0142u i cia\u0142a.<\/p>\n<p>Ashwagandha to jeden z najlepszych, szeroko znanych i sprawdzonych adaptogen\u00f3w &#8211; czyli zi\u00f3\u0142, kt\u00f3re pomagaj\u0105 organizmowi i umys\u0142owi w <strong>adaptacji do otaczaj\u0105cych go warunk\u00f3w<\/strong>, dzi\u0119ki czemu wp\u0142ywa pozytywnie na <strong>obni\u017cenie poziomu stresu i niepokoju<\/strong> w umy\u015ble organizmie i pomaga <strong>wprowadzi\u0107 stan spokoju i relaksu<\/strong>.<\/p>\n<p>M\u00f3wi si\u0119, \u017ce przyjmowana przez d\u0142u\u017cszy czas Ashwagandha daje &#8220;si\u0142\u0119 konia&#8221; i pomaga <strong>utrzyma\u0107 prawid\u0142owy poziom si\u0142y, energii i witalno\u015bci<\/strong>. Jest r\u00f3wnie\u017c skuteczna w przypadku <strong>wspierania prawid\u0142owych wzorc\u00f3w snu.<\/strong><\/p>\n<p>Ashwagandha jest jedn\u0105 z najpot\u0119\u017cniejszych Rasajan znanych w staro\u017cytnych Indiach. <strong>O<\/strong><strong>\u017cywia umys\u0142 i cia\u0142o<\/strong>. Ashwagandha od wiek\u00f3w by\u0142a stosowana jako zio\u0142o na codzienne dolegliwo\u015bci, takie jak stres, niepok\u00f3j, wyczerpanie, brak snu itp. Ashwagandha <strong>wzmacnia uk\u0142ad oddechowy i kr\u0105\u017cenia<\/strong>\u00a0i jest znana z tego, \u017ce <strong>pozwala zachowa\u0107 spok\u00f3j i opanowanie<\/strong>.<\/p>\n<p><strong>Ashwagandha<\/strong> tabletki s\u0105 popularnym zio\u0142owym produktem, kt\u00f3ry pomaga w czasie zm\u0119czenia Twojego organizmu oraz wspiera w przypadku wielu problem\u00f3w o wyd\u017awi\u0119ku seksualnym. Witania ospa\u0142a (Ashwagandha) jest <strong>naturalnym suplementem<\/strong>, dzia\u0142aj\u0105cym kompleksowo w wielu obszarach funkcjonowania organizmu. Produkt wykazuje r\u00f3wnie\u017c w\u0142a\u015bciwo\u015bci <strong>wzmacniaj\u0105ce wytrzyma\u0142o\u015b\u0107<\/strong>.<\/p>\n<p>Nasz sklep oferuje wysokiej jako\u015bci tabletki ashwagandha.<\/p>\n<p>Si\u0119gnij po nie tak\u017ce w kryzysowych sytuacjach, kiedy Twoim \u017cyciem panuje stres i zaburzenia wywo\u0142ane tak\u0105 reakcj\u0105 uk\u0142adu nerwowego. Ashwagandha o\u017cywia cia\u0142o i umys\u0142, pomagaj\u0105c przej\u015b\u0107 przez objawy zm\u0119czenia. Tabletki Ashwagandha <strong>zapobiega zachodzeniu przedwczesnych proces\u00f3w starzenia si\u0119<\/strong>. Tabletki Jiva ashwagandha dzia\u0142aj\u0105 na organizm cz\u0142owieka niczym bariera ochronna, dbaj\u0105c holistyczny dobrostan i chroni\u0105c przed szkodliwymi czynnikami zewn\u0119trznymi.<\/p>\n<p>&nbsp;<\/p>\n<p><strong>Produkt w 100% wega\u0144ski\u00a0<\/strong><\/p>\n<p><strong>Zalecana porcja dzienna:<\/strong> 2 tabletki<\/p>\n<p style=\"text-align: justify;\"><strong>Pojemno\u015b\u0107:<\/strong> 120 tabletek<\/p>\n<p><strong>Producent:<\/strong> JIVA Ayurvedic Pharmacy Ltd.<\/p>\n<p><strong>Kraj pochodzenia:<\/strong> Indie<\/p>\n<div>\n<p>&nbsp;<\/p>\n<\/div>\n<div>\n<h6>*Nie nale\u017cy przekracza\u0107 zalecanej porcji dziennej do spo\u017cycia. Suplement diety nie mo\u017ce by\u0107 stosowany jako substytut (zamiennik) zr\u00f3\u017cnicowanej diety. Nale\u017cy przestrzega\u0107 zdrowego trybu \u017cycia i zr\u00f3wnowa\u017conego sposobu \u017cywienia. Nie stosowa\u0107 w przypadku nadwra\u017cliwo\u015bci na sk\u0142adniki preparatu. Produkt nie jest przeznaczony dla kobiet w ci\u0105\u017cy ani karmi\u0105cych oraz dzieci.Produkt nie powinien by\u0107 przyjmowany wraz z lekami o dzia\u0142aniu uspokajaj\u0105cym, nasennym, przeciwpadaczkowym.<\/h6>\n<h6><span class=\"apple-converted-space\"><span lang=\"PL\">*Produkt <b>BEZ GMO.<\/b><\/span><\/span><\/h6>\n<h6>*Przechowywa\u0107 w spos\u00f3b niedost\u0119pny dla ma\u0142ych dzieci. Chroni\u0107 przed \u015bwiat\u0142em i wilgoci\u0105.<\/h6>\n<h6>*Opisany produkt jest suplementem diety, nie jest produktem leczniczym, kt\u00f3remu przypisuje si\u0119 w\u0142a\u015bciwo\u015bci zapobiegania lub leczenie chor\u00f3b wyst\u0119puj\u0105cych u ludzi.<\/h6>\n<h6>*Przyjmowanie preparat\u00f3w zio\u0142owych najlepiej skonsultowa\u0107 z lekarzem lub farmaceut\u0105, poniewa\u017c dob\u00f3r odpowiedniego preparatu ro\u015blinnego wymaga r\u00f3wnie du\u017cej wiedzy, co w przypadku preparatu chemicznego. Nale\u017cy pami\u0119ta\u0107, \u017ce preparaty ro\u015blinne mog\u0105 wchodzi\u0107 w interakcje z przyjmowanymi lekami i mog\u0105 stanowi\u0107 zagro\u017cenie dla zdrowia. Niekt\u00f3re preparaty zio\u0142owe mog\u0105 wywo\u0142a\u0107 silne dzia\u0142anie, dlatego nale\u017cy przestrzega\u0107 wszystkich zalece\u0144 i ogranicze\u0144 podanych przez producenta.<\/h6>\n<\/div>\n<p>&nbsp;<\/p>\n","protected":false},"excerpt":{"rendered":"<p><strong>O\u017cyw cia\u0142o i umys\u0142 z najlepszym adaptogenem \u2600\ufe0f<\/strong><\/p>\n<ul>\n<li>O\u017cywia umys\u0142 i cia\u0142o<\/li>\n<li>Pomaga zachowa\u0107 stabilno\u015b\u0107 emocjonaln\u0105<\/li>\n<li>Wspomaga w czasie stresu, napi\u0119cia nerwowego i niepokoju<\/li>\n<li>Wspomaga zdrowy uk\u0142ad oddechowy i uk\u0142ad kr\u0105\u017cenia<\/li>\n<li>Pomaga utrzyma\u0107 prawid\u0142owy poziom energii i witalno\u015bci<\/li>\n<li>Przyczynia si\u0119 do osi\u0105gni\u0119cia stanu spokoju i relaksu<\/li>\n<li>Wspiera prawid\u0142owy wzorzec snu<\/li>\n<li>Pomaga utrzyma\u0107 sprawno\u015b\u0107 fizyczn\u0105 i psychiczn\u0105 w przypadkach os\u0142abienia, wyczerpania, znu\u017cenia i utraty koncentracji<\/li>\n<li>Wspiera funkcje poznawcze i umys\u0142owe, r\u00f3wnie\u017c w p\u00f3\u017aniejszym wieku<\/li>\n<li>Ma pozytywny wp\u0142yw na funkcje seksualne i uk\u0142ad rozrodczy<\/li>\n<\/ul>\n<p>&nbsp;<\/p>\n<p><strong>Produkt 100% wega\u0144ski\u00a0<\/strong><\/p>\n<p><strong>Pojemno\u015b\u0107:<\/strong> 120 tab.<\/p>\n<p><strong>Termin wa\u017cno\u015bci\u00a0 02.2027<\/strong><\/p>\n<p><strong>1 opakowanie wystarcza na 2 miesi\u0105ce stosowania\u00a0<\/strong><\/p>\n","protected":false},"featured_media":44821,"template":"","meta":{"_editorskit_title_hidden":false,"_editorskit_reading_time":0,"_editorskit_is_block_options_detached":false,"_editorskit_block_options_position":"{}"},"product_brand":[],"product_cat":[467,47,645,498,472,499,469,491,45,18,470,48,35],"product_tag":[],"class_list":{"0":"post-20249","1":"product","2":"type-product","3":"status-publish","4":"has-post-thumbnail","6":"product_cat-adaptogeny","7":"product_cat-dobre-samopoczucie","8":"product_cat-green-week","9":"product_cat-jiva","10":"product_cat-kapha","11":"product_cat-marki","12":"product_cat-pamiec-i-koncentracja","13":"product_cat-przeznaczenie-produktow","14":"product_cat-stres-i-pamiec","15":"product_cat-suplementy","16":"product_cat-vata","17":"product_cat-zdrowie-seksualne","18":"product_cat-ziola","20":"first","21":"instock","22":"taxable","23":"shipping-taxable","24":"purchasable","25":"product-type-simple","26":"add-to-wishlist-before_image"},"acf":{"ilosc_sztuk_w_pudelku":"","ilosc_pudelek_w_kartonie":"","wykluczyc_z_szybkich_zakupow":""},"yoast_head":"<!-- This site is optimized with the Yoast SEO plugin v23.1 - https:\/\/yoast.com\/wordpress\/plugins\/seo\/ -->\n<title>Ashwagandha - 120 tabletek - Deva Harmony Polska<\/title>\n<meta name=\"robots\" content=\"index, follow, max-snippet:-1, max-image-preview:large, max-video-preview:-1\" \/>\n<link rel=\"canonical\" href=\"https:\/\/devaharmony.com\/pl\/sklep\/ashwagandha-120-tabletek\/\" \/>\n<meta property=\"og:locale\" content=\"pl_PL\" \/>\n<meta property=\"og:type\" content=\"article\" \/>\n<meta property=\"og:title\" content=\"Ashwagandha - 120 tabletek - Deva Harmony Polska\" \/>\n<meta property=\"og:description\" content=\"O\u017cyw cia\u0142o i umys\u0142 z najlepszym adaptogenem \u2600\ufe0f   O\u017cywia umys\u0142 i cia\u0142o  Pomaga zachowa\u0107 stabilno\u015b\u0107 emocjonaln\u0105  Wspomaga w czasie stresu, napi\u0119cia nerwowego i niepokoju  Wspomaga zdrowy uk\u0142ad oddechowy i uk\u0142ad kr\u0105\u017cenia  Pomaga utrzyma\u0107 prawid\u0142owy poziom energii i witalno\u015bci  Przyczynia si\u0119 do osi\u0105gni\u0119cia stanu spokoju i relaksu  Wspiera prawid\u0142owy wzorzec snu  Pomaga utrzyma\u0107 sprawno\u015b\u0107 fizyczn\u0105 i psychiczn\u0105 w przypadkach os\u0142abienia, wyczerpania, znu\u017cenia i utraty koncentracji  Wspiera funkcje poznawcze i umys\u0142owe, r\u00f3wnie\u017c w p\u00f3\u017aniejszym wieku  Ma pozytywny wp\u0142yw na funkcje seksualne i uk\u0142ad rozrodczy  &nbsp;  Produkt 100% wega\u0144ski\u00a0  Pojemno\u015b\u0107: 120 tab.  Termin wa\u017cno\u015bci\u00a0 02.2027  1 opakowanie wystarcza na 2 miesi\u0105ce stosowania\u00a0\" \/>\n<meta property=\"og:url\" content=\"https:\/\/devaharmony.com\/pl\/sklep\/ashwagandha-120-tabletek\/\" \/>\n<meta property=\"og:site_name\" content=\"Deva Harmony Polska\" \/>\n<meta property=\"article:modified_time\" content=\"2026-03-31T09:11:56+00:00\" \/>\n<meta property=\"og:image\" content=\"https:\/\/devaharmony.com\/pl\/wp-content\/uploads\/2023\/07\/Ashwagandha-Jiva.png\" \/>\n\t<meta property=\"og:image:width\" content=\"1080\" \/>\n\t<meta property=\"og:image:height\" content=\"1080\" \/>\n\t<meta property=\"og:image:type\" content=\"image\/png\" \/>\n<meta name=\"twitter:card\" content=\"summary_large_image\" \/>\n<meta name=\"twitter:label1\" content=\"Szacowany czas czytania\" \/>\n\t<meta name=\"twitter:data1\" content=\"3 minuty\" \/>\n<script type=\"application\/ld+json\" class=\"yoast-schema-graph\">{\"@context\":\"https:\/\/schema.org\",\"@graph\":[{\"@type\":\"WebPage\",\"@id\":\"https:\/\/devaharmony.com\/pl\/sklep\/ashwagandha-120-tabletek\/\",\"url\":\"https:\/\/devaharmony.com\/pl\/sklep\/ashwagandha-120-tabletek\/\",\"name\":\"Ashwagandha - 120 tabletek - Deva Harmony Polska\",\"isPartOf\":{\"@id\":\"https:\/\/devaharmony.com\/pl\/#website\"},\"primaryImageOfPage\":{\"@id\":\"https:\/\/devaharmony.com\/pl\/sklep\/ashwagandha-120-tabletek\/#primaryimage\"},\"image\":{\"@id\":\"https:\/\/devaharmony.com\/pl\/sklep\/ashwagandha-120-tabletek\/#primaryimage\"},\"thumbnailUrl\":\"https:\/\/devaharmony.com\/pl\/wp-content\/uploads\/2023\/07\/Ashwagandha-Jiva.png\",\"datePublished\":\"2023-07-21T07:54:10+00:00\",\"dateModified\":\"2026-03-31T09:11:56+00:00\",\"breadcrumb\":{\"@id\":\"https:\/\/devaharmony.com\/pl\/sklep\/ashwagandha-120-tabletek\/#breadcrumb\"},\"inLanguage\":\"pl-PL\",\"potentialAction\":[{\"@type\":\"ReadAction\",\"target\":[\"https:\/\/devaharmony.com\/pl\/sklep\/ashwagandha-120-tabletek\/\"]}]},{\"@type\":\"ImageObject\",\"inLanguage\":\"pl-PL\",\"@id\":\"https:\/\/devaharmony.com\/pl\/sklep\/ashwagandha-120-tabletek\/#primaryimage\",\"url\":\"https:\/\/devaharmony.com\/pl\/wp-content\/uploads\/2023\/07\/Ashwagandha-Jiva.png\",\"contentUrl\":\"https:\/\/devaharmony.com\/pl\/wp-content\/uploads\/2023\/07\/Ashwagandha-Jiva.png\",\"width\":1080,\"height\":1080},{\"@type\":\"BreadcrumbList\",\"@id\":\"https:\/\/devaharmony.com\/pl\/sklep\/ashwagandha-120-tabletek\/#breadcrumb\",\"itemListElement\":[{\"@type\":\"ListItem\",\"position\":1,\"name\":\"Strona g\u0142\u00f3wna\",\"item\":\"https:\/\/devaharmony.com\/pl\/\"},{\"@type\":\"ListItem\",\"position\":2,\"name\":\"Produkty Ajurwedyjskie\",\"item\":\"https:\/\/devaharmony.com\/pl\/produkty-ajurwedyjskie\/\"},{\"@type\":\"ListItem\",\"position\":3,\"name\":\"Ashwagandha &#8211; 120 tabletek\"}]},{\"@type\":\"WebSite\",\"@id\":\"https:\/\/devaharmony.com\/pl\/#website\",\"url\":\"https:\/\/devaharmony.com\/pl\/\",\"name\":\"Deva Harmony Polska\",\"description\":\"Ajurwedyjskie Suplementy Diety\",\"potentialAction\":[{\"@type\":\"SearchAction\",\"target\":{\"@type\":\"EntryPoint\",\"urlTemplate\":\"https:\/\/devaharmony.com\/pl\/?s={search_term_string}\"},\"query-input\":\"required name=search_term_string\"}],\"inLanguage\":\"pl-PL\"}]}<\/script>\n<!-- \/ Yoast SEO plugin. -->","yoast_head_json":{"title":"Ashwagandha - 120 tabletek - Deva Harmony Polska","robots":{"index":"index","follow":"follow","max-snippet":"max-snippet:-1","max-image-preview":"max-image-preview:large","max-video-preview":"max-video-preview:-1"},"canonical":"https:\/\/devaharmony.com\/pl\/sklep\/ashwagandha-120-tabletek\/","og_locale":"pl_PL","og_type":"article","og_title":"Ashwagandha - 120 tabletek - Deva Harmony Polska","og_description":"O\u017cyw cia\u0142o i umys\u0142 z najlepszym adaptogenem \u2600\ufe0f   O\u017cywia umys\u0142 i cia\u0142o  Pomaga zachowa\u0107 stabilno\u015b\u0107 emocjonaln\u0105  Wspomaga w czasie stresu, napi\u0119cia nerwowego i niepokoju  Wspomaga zdrowy uk\u0142ad oddechowy i uk\u0142ad kr\u0105\u017cenia  Pomaga utrzyma\u0107 prawid\u0142owy poziom energii i witalno\u015bci  Przyczynia si\u0119 do osi\u0105gni\u0119cia stanu spokoju i relaksu  Wspiera prawid\u0142owy wzorzec snu  Pomaga utrzyma\u0107 sprawno\u015b\u0107 fizyczn\u0105 i psychiczn\u0105 w przypadkach os\u0142abienia, wyczerpania, znu\u017cenia i utraty koncentracji  Wspiera funkcje poznawcze i umys\u0142owe, r\u00f3wnie\u017c w p\u00f3\u017aniejszym wieku  Ma pozytywny wp\u0142yw na funkcje seksualne i uk\u0142ad rozrodczy  &nbsp;  Produkt 100% wega\u0144ski\u00a0  Pojemno\u015b\u0107: 120 tab.  Termin wa\u017cno\u015bci\u00a0 02.2027  1 opakowanie wystarcza na 2 miesi\u0105ce stosowania\u00a0","og_url":"https:\/\/devaharmony.com\/pl\/sklep\/ashwagandha-120-tabletek\/","og_site_name":"Deva Harmony Polska","article_modified_time":"2026-03-31T09:11:56+00:00","og_image":[{"width":1080,"height":1080,"url":"https:\/\/devaharmony.com\/pl\/wp-content\/uploads\/2023\/07\/Ashwagandha-Jiva.png","type":"image\/png"}],"twitter_card":"summary_large_image","twitter_misc":{"Szacowany czas czytania":"3 minuty"},"schema":{"@context":"https:\/\/schema.org","@graph":[{"@type":"WebPage","@id":"https:\/\/devaharmony.com\/pl\/sklep\/ashwagandha-120-tabletek\/","url":"https:\/\/devaharmony.com\/pl\/sklep\/ashwagandha-120-tabletek\/","name":"Ashwagandha - 120 tabletek - Deva Harmony Polska","isPartOf":{"@id":"https:\/\/devaharmony.com\/pl\/#website"},"primaryImageOfPage":{"@id":"https:\/\/devaharmony.com\/pl\/sklep\/ashwagandha-120-tabletek\/#primaryimage"},"image":{"@id":"https:\/\/devaharmony.com\/pl\/sklep\/ashwagandha-120-tabletek\/#primaryimage"},"thumbnailUrl":"https:\/\/devaharmony.com\/pl\/wp-content\/uploads\/2023\/07\/Ashwagandha-Jiva.png","datePublished":"2023-07-21T07:54:10+00:00","dateModified":"2026-03-31T09:11:56+00:00","breadcrumb":{"@id":"https:\/\/devaharmony.com\/pl\/sklep\/ashwagandha-120-tabletek\/#breadcrumb"},"inLanguage":"pl-PL","potentialAction":[{"@type":"ReadAction","target":["https:\/\/devaharmony.com\/pl\/sklep\/ashwagandha-120-tabletek\/"]}]},{"@type":"ImageObject","inLanguage":"pl-PL","@id":"https:\/\/devaharmony.com\/pl\/sklep\/ashwagandha-120-tabletek\/#primaryimage","url":"https:\/\/devaharmony.com\/pl\/wp-content\/uploads\/2023\/07\/Ashwagandha-Jiva.png","contentUrl":"https:\/\/devaharmony.com\/pl\/wp-content\/uploads\/2023\/07\/Ashwagandha-Jiva.png","width":1080,"height":1080},{"@type":"BreadcrumbList","@id":"https:\/\/devaharmony.com\/pl\/sklep\/ashwagandha-120-tabletek\/#breadcrumb","itemListElement":[{"@type":"ListItem","position":1,"name":"Strona g\u0142\u00f3wna","item":"https:\/\/devaharmony.com\/pl\/"},{"@type":"ListItem","position":2,"name":"Produkty Ajurwedyjskie","item":"https:\/\/devaharmony.com\/pl\/produkty-ajurwedyjskie\/"},{"@type":"ListItem","position":3,"name":"Ashwagandha &#8211; 120 tabletek"}]},{"@type":"WebSite","@id":"https:\/\/devaharmony.com\/pl\/#website","url":"https:\/\/devaharmony.com\/pl\/","name":"Deva Harmony Polska","description":"Ajurwedyjskie Suplementy Diety","potentialAction":[{"@type":"SearchAction","target":{"@type":"EntryPoint","urlTemplate":"https:\/\/devaharmony.com\/pl\/?s={search_term_string}"},"query-input":"required name=search_term_string"}],"inLanguage":"pl-PL"}]}},"_links":{"self":[{"href":"https:\/\/devaharmony.com\/pl\/wp-json\/wp\/v2\/product\/20249","targetHints":{"allow":["GET"]}}],"collection":[{"href":"https:\/\/devaharmony.com\/pl\/wp-json\/wp\/v2\/product"}],"about":[{"href":"https:\/\/devaharmony.com\/pl\/wp-json\/wp\/v2\/types\/product"}],"wp:featuredmedia":[{"embeddable":true,"href":"https:\/\/devaharmony.com\/pl\/wp-json\/wp\/v2\/media\/44821"}],"wp:attachment":[{"href":"https:\/\/devaharmony.com\/pl\/wp-json\/wp\/v2\/media?parent=20249"}],"wp:term":[{"taxonomy":"product_brand","embeddable":true,"href":"https:\/\/devaharmony.com\/pl\/wp-json\/wp\/v2\/product_brand?post=20249"},{"taxonomy":"product_cat","embeddable":true,"href":"https:\/\/devaharmony.com\/pl\/wp-json\/wp\/v2\/product_cat?post=20249"},{"taxonomy":"product_tag","embeddable":true,"href":"https:\/\/devaharmony.com\/pl\/wp-json\/wp\/v2\/product_tag?post=20249"}],"curies":[{"name":"wp","href":"https:\/\/api.w.org\/{rel}","templated":true}]}}