{"id":20247,"date":"2023-07-21T08:53:56","date_gmt":"2023-07-21T07:53:56","guid":{"rendered":"https:\/\/devaharmony.com\/pl\/sklep\/arjuna-120-tabletek\/"},"modified":"2026-04-04T05:01:29","modified_gmt":"2026-04-04T04:01:29","slug":"arjuna-tabletki","status":"publish","type":"product","link":"https:\/\/devaharmony.com\/pl\/sklep\/arjuna-tabletki\/","title":{"rendered":"Arjuna  &#8211; 120 tabletek"},"content":{"rendered":"<p>Arjuna od wiek\u00f3w jest znana i zalecana przez lekarzy ajurwedyjskich. <strong>Arjuna jest niezwykle korzystna dla zdrowia serca<\/strong>.<\/p>\n<p>Migda\u0142ecznik Arjuna pomaga utrzyma\u0107 <strong>prawid\u0142ow\u0105 <\/strong><b>prac\u0119 serca\u00a0<\/b>i wspiera <strong>prawid\u0142owe dzia\u0142a w\u0105troby<\/strong>.<\/p>\n<p>Wzmacnia apetyt sprzyjaj\u0105c zdrowiu.<\/p>\n<p>Tabletka r\u00f3wnowa\u017cy Kapha i Vata dosha i przywraca r\u00f3wnowag\u0119 organizmu.<\/p>\n<p>Przygotowujemy produkty ze sk\u0142adnik\u00f3w uzyskanych z natury i sortowanych przez rygorystyczn\u0105 procedur\u0119 kontroli jako\u015bci. Sk\u0142adniki s\u0105 przetwarzane w wyrafinowanym zak\u0142adzie, kt\u00f3ry zachowuje ich potencja\u0142 i zapobiega zanieczyszczeniu, przynosz\u0105c Ci to, co najlepsze z klasycznego bogactwa Ajurwedy.<\/p>\n<p>W medycynie ajurwedyjskiej\u00a0<strong>wsp\u00f3lne stosowanie Arjuna i Brahmi<\/strong> &#8211; <a href=\"https:\/\/devaharmony.com\/pl\/sklep\/brahmi-uklad-nerwowy-120-tabletek\/\">https:\/\/devaharmony.com\/pl\/sklep\/brahmi-uklad-nerwowy-120-tabletek\/\u00a0<\/a>&#8211; dzia\u0142aj\u0105 na poziomie subtelnym, pot\u0119guj\u0105c swoje w\u0142a\u015bciwo\u015bci i dzia\u0142ania.<\/p>\n<p><strong>Produkt w 100% wega\u0144ski\u00a0<\/strong><\/p>\n<p><strong>Zalecana porcja dzienna:<\/strong>\u00a02 tabletki<\/p>\n<p><strong>Pojemno\u015b\u0107:<\/strong>\u00a0120 tabletek<\/p>\n<p><strong>Producent:<\/strong>\u00a0JIVA Ayurvedic Pharmacy Ltd.<\/p>\n<p><strong>Kraj pochodzenia:<\/strong>\u00a0Indie<\/p>\n<h5 style=\"font-weight: 400;\"><strong>*Nie nale\u017cy przekracza\u0107 zalecanej porcji dziennej do spo\u017cycia. Suplement diety nie mo\u017ce by\u0107 stosowany jako substytut (zamiennik) zr\u00f3\u017cnicowanej diety. Nale\u017cy przestrzega\u0107 zdrowego trybu \u017cycia i zr\u00f3wnowa\u017conego sposobu \u017cywienia. Nie stosowa\u0107 w przypadku nadwra\u017cliwo\u015bci na sk\u0142adniki preparatu. Produkt nie jest przeznaczony dla dzieci, kobiet w ci\u0105\u017cy ani karmi\u0105cych.<\/strong><\/h5>\n<h5 style=\"font-weight: 400;\"><strong>*Produkt bez GMO.<\/strong><\/h5>\n<h5 style=\"font-weight: 400;\"><strong>*Przechowywa\u0107 w spos\u00f3b niedost\u0119pny dla ma\u0142ych dzieci. Chroni\u0107 przed \u015bwiat\u0142em i wilgoci\u0105.<\/strong><\/h5>\n<h5 style=\"font-weight: 400;\"><strong>*Opisany produkt jest suplementem diety, nie jest produktem leczniczym, kt\u00f3remu przypisuje si\u0119 w\u0142a\u015bciwo\u015bci zapobiegania lub leczenie chor\u00f3b wyst\u0119puj\u0105cych u ludzi.<\/strong><\/h5>\n<h5 style=\"font-weight: 400;\"><strong>*Przyjmowanie preparat\u00f3w zio\u0142owych najlepiej skonsultowa\u0107 z lekarzem lub farmaceut\u0105, poniewa\u017c dob\u00f3r odpowiedniego preparatu ro\u015blinnego wymaga r\u00f3wnie du\u017cej wiedzy, co w przypadku preparatu chemicznego. Nale\u017cy pami\u0119ta\u0107, \u017ce preparaty ro\u015blinne mog\u0105 wchodzi\u0107 w interakcje z przyjmowanymi lekami i mog\u0105 stanowi\u0107 zagro\u017cenie dla zdrowia. Niekt\u00f3re preparaty zio\u0142owe mog\u0105 wywo\u0142a\u0107 silne dzia\u0142anie, dlatego nale\u017cy przestrzega\u0107 wszystkich zalece\u0144 i ogranicze\u0144 podanych przez producenta. Szczeg\u00f3ln\u0105 ostro\u017cno\u015b\u0107 przy ich stosowaniu musz\u0105 zachowa\u0107 matki karmi\u0105ce i kobiety w ci\u0105\u017cy.<\/strong><\/h5>\n<h5><\/h5>\n<h2>Twoje serce jest dla nas priorytetem. Tabletki Arjuna pozwol\u0105 Ci zachowa\u0107 jego dobr\u0105 kondycj\u0119<\/h2>\n<p>Starohinduski system medycyny, kt\u00f3ry zosta\u0142 rozwini\u0119ty ju\u017c w staro\u017cytno\u015bci, od zawsze stawia na kompleksowe wspieranie organizmu. Przy zastosowaniu unikalnych mieszanek naturalnych zi\u00f3\u0142 jeste\u015b w stanie\u00a0<strong><em>w relatywnie szybki oraz ca\u0142kowicie bezpieczny spos\u00f3b<\/em><\/strong>\u00a0zadba\u0107 o w\u0142asne zdrowie i lepsze samopoczucie. Proponowana przez nasz sklep internetowy DEVA Harmony Arjuna stanowi suplement wspomagaj\u0105cy prawid\u0142ow\u0105 prac\u0119 serca. To zdecydowanie najwa\u017cniejszy organ w ciele ka\u017cdego cz\u0142owieka. Z tego powodu\u00a0<strong><em>warto stosowa\u0107 wy\u0142\u0105czne sprawdzone rozwi\u0105zania<\/em><\/strong>, a do takich nale\u017c\u0105 tabletki Arjuna. Zw\u0142aszcza, \u017ce jedna z najpopularniejszych ro\u015blin w tego typu medycynie jest maksymalnie uniwersalna w swoim dzia\u0142aniu. Arjuna tabletki, opr\u00f3cz wzmocnienia mi\u0119\u015bnia serca oraz wspomagania uk\u0142adu kr\u0105\u017cenia,\u00a0<strong><em>wspomaga prawid\u0142owe funkcjonowanie w\u0105troby.<\/em><\/strong><\/p>\n<h2>Naturalna Arjuna to preparat, kt\u00f3rego cena zadowoli ka\u017cd\u0105 kiesze\u0144<\/h2>\n<p>Naturalne wsparcie dotycz\u0105ce problem\u00f3w z sercem i pozytywne wspieranie pozosta\u0142ych kluczowych proces\u00f3w w funkcjonowaniu organizmu tj. prawid\u0142owa praca w\u0105troby, czy regulacja apetytu, to tylko kilka z wielu wymiernych zalet, jakie mo\u017ce dostarczy\u0107 Ci <strong><em>naturalny produkt Arjuna<\/em><\/strong>. Tabletki stworzone na bazie migda\u0142ecznika to prosta droga do osi\u0105gni\u0119cia wewn\u0119trznej harmonii, do kt\u00f3rej przecie\u017c d\u0105\u017cy ka\u017cda osoba wyznaj\u0105ca holistyczne podej\u015bcie do \u017cycia. Koniec ze stosowaniem preparat\u00f3w pochodz\u0105cych z r\u00f3\u017cnych \u017ar\u00f3de\u0142. Proponowane przez nasz sklep Arjuna tabletki\u00a0<strong><em>w odpowiedni spos\u00f3b zaopiekuj\u0105 si\u0119 Twoim organizmem.<\/em><\/strong><\/p>\n","protected":false},"excerpt":{"rendered":"<p><strong>Zdrowe serce i uk\u0142ad sercowo-naczyniowy \u2600\ufe0f<\/strong><\/p>\n<ul>\n<li>Wspiera zdrowie serca<\/li>\n<li>Wywiera pozytywny wp\u0142yw na prac\u0119 uk\u0142adu krwiono\u015bnego kr\u0105\u017cenia<\/li>\n<li>Pomaga utrzyma\u0107 prawid\u0142ow\u0105 prace serca<\/li>\n<li>Wspiera dzia\u0142anie w\u0105troby<\/li>\n<li>Wzmacnia apetyt<\/li>\n<\/ul>\n<p><strong>Produkt 100% wega\u0144ski\u00a0<\/strong><\/p>\n<p><strong>Pojemno\u015b\u0107:<\/strong>\u00a0120 tab.<\/p>\n<p><strong>1 opakowanie wystarcza na 2 miesi\u0105ce stosowania<\/strong><\/p>\n","protected":false},"featured_media":47652,"template":"","meta":{"_editorskit_title_hidden":false,"_editorskit_reading_time":0,"_editorskit_is_block_options_detached":false,"_editorskit_block_options_position":"{}"},"product_brand":[],"product_cat":[429,498],"product_tag":[],"class_list":{"0":"post-20247","1":"product","2":"type-product","3":"status-publish","4":"has-post-thumbnail","6":"product_cat-blokada","7":"product_cat-jiva","9":"first","10":"instock","11":"taxable","12":"shipping-taxable","13":"purchasable","14":"product-type-simple","15":"add-to-wishlist-before_image"},"acf":{"ilosc_sztuk_w_pudelku":"","ilosc_pudelek_w_kartonie":"","wykluczyc_z_szybkich_zakupow":""},"yoast_head":"<!-- This site is optimized with the Yoast SEO plugin v23.1 - https:\/\/yoast.com\/wordpress\/plugins\/seo\/ -->\n<title>Arjuna - 120 tabletek - Deva Harmony Polska<\/title>\n<meta name=\"robots\" content=\"index, follow, max-snippet:-1, max-image-preview:large, max-video-preview:-1\" \/>\n<link rel=\"canonical\" href=\"https:\/\/devaharmony.com\/pl\/sklep\/arjuna-tabletki\/\" \/>\n<meta property=\"og:locale\" content=\"pl_PL\" \/>\n<meta property=\"og:type\" content=\"article\" \/>\n<meta property=\"og:title\" content=\"Arjuna - 120 tabletek - Deva Harmony Polska\" \/>\n<meta property=\"og:description\" content=\"Zdrowe serce i uk\u0142ad sercowo-naczyniowy \u2600\ufe0f   Wspiera zdrowie serca  Wywiera pozytywny wp\u0142yw na prac\u0119 uk\u0142adu krwiono\u015bnego kr\u0105\u017cenia  Pomaga utrzyma\u0107 prawid\u0142ow\u0105 prace serca  Wspiera dzia\u0142anie w\u0105troby  Wzmacnia apetyt  Produkt 100% wega\u0144ski\u00a0  Pojemno\u015b\u0107:\u00a0120 tab.  1 opakowanie wystarcza na 2 miesi\u0105ce stosowania\" \/>\n<meta property=\"og:url\" content=\"https:\/\/devaharmony.com\/pl\/sklep\/arjuna-tabletki\/\" \/>\n<meta property=\"og:site_name\" content=\"Deva Harmony Polska\" \/>\n<meta property=\"article:modified_time\" content=\"2026-04-04T04:01:29+00:00\" \/>\n<meta property=\"og:image\" content=\"https:\/\/devaharmony.com\/pl\/wp-content\/uploads\/2025\/12\/d6555d102735dec500910d2d7caf6eb4.png\" \/>\n\t<meta property=\"og:image:width\" content=\"1080\" \/>\n\t<meta property=\"og:image:height\" content=\"1080\" \/>\n\t<meta property=\"og:image:type\" content=\"image\/png\" \/>\n<meta name=\"twitter:card\" content=\"summary_large_image\" \/>\n<meta name=\"twitter:label1\" content=\"Szacowany czas czytania\" \/>\n\t<meta name=\"twitter:data1\" content=\"4 minuty\" \/>\n<script type=\"application\/ld+json\" class=\"yoast-schema-graph\">{\"@context\":\"https:\/\/schema.org\",\"@graph\":[{\"@type\":\"WebPage\",\"@id\":\"https:\/\/devaharmony.com\/pl\/sklep\/arjuna-tabletki\/\",\"url\":\"https:\/\/devaharmony.com\/pl\/sklep\/arjuna-tabletki\/\",\"name\":\"Arjuna - 120 tabletek - Deva Harmony Polska\",\"isPartOf\":{\"@id\":\"https:\/\/devaharmony.com\/pl\/#website\"},\"primaryImageOfPage\":{\"@id\":\"https:\/\/devaharmony.com\/pl\/sklep\/arjuna-tabletki\/#primaryimage\"},\"image\":{\"@id\":\"https:\/\/devaharmony.com\/pl\/sklep\/arjuna-tabletki\/#primaryimage\"},\"thumbnailUrl\":\"https:\/\/devaharmony.com\/pl\/wp-content\/uploads\/2025\/12\/d6555d102735dec500910d2d7caf6eb4.png\",\"datePublished\":\"2023-07-21T07:53:56+00:00\",\"dateModified\":\"2026-04-04T04:01:29+00:00\",\"breadcrumb\":{\"@id\":\"https:\/\/devaharmony.com\/pl\/sklep\/arjuna-tabletki\/#breadcrumb\"},\"inLanguage\":\"pl-PL\",\"potentialAction\":[{\"@type\":\"ReadAction\",\"target\":[\"https:\/\/devaharmony.com\/pl\/sklep\/arjuna-tabletki\/\"]}]},{\"@type\":\"ImageObject\",\"inLanguage\":\"pl-PL\",\"@id\":\"https:\/\/devaharmony.com\/pl\/sklep\/arjuna-tabletki\/#primaryimage\",\"url\":\"https:\/\/devaharmony.com\/pl\/wp-content\/uploads\/2025\/12\/d6555d102735dec500910d2d7caf6eb4.png\",\"contentUrl\":\"https:\/\/devaharmony.com\/pl\/wp-content\/uploads\/2025\/12\/d6555d102735dec500910d2d7caf6eb4.png\",\"width\":1080,\"height\":1080},{\"@type\":\"BreadcrumbList\",\"@id\":\"https:\/\/devaharmony.com\/pl\/sklep\/arjuna-tabletki\/#breadcrumb\",\"itemListElement\":[{\"@type\":\"ListItem\",\"position\":1,\"name\":\"Strona g\u0142\u00f3wna\",\"item\":\"https:\/\/devaharmony.com\/pl\/\"},{\"@type\":\"ListItem\",\"position\":2,\"name\":\"Produkty Ajurwedyjskie\",\"item\":\"https:\/\/devaharmony.com\/pl\/produkty-ajurwedyjskie\/\"},{\"@type\":\"ListItem\",\"position\":3,\"name\":\"Arjuna &#8211; 120 tabletek\"}]},{\"@type\":\"WebSite\",\"@id\":\"https:\/\/devaharmony.com\/pl\/#website\",\"url\":\"https:\/\/devaharmony.com\/pl\/\",\"name\":\"Deva Harmony Polska\",\"description\":\"Ajurwedyjskie Suplementy Diety\",\"potentialAction\":[{\"@type\":\"SearchAction\",\"target\":{\"@type\":\"EntryPoint\",\"urlTemplate\":\"https:\/\/devaharmony.com\/pl\/?s={search_term_string}\"},\"query-input\":\"required name=search_term_string\"}],\"inLanguage\":\"pl-PL\"}]}<\/script>\n<!-- \/ Yoast SEO plugin. -->","yoast_head_json":{"title":"Arjuna - 120 tabletek - Deva Harmony Polska","robots":{"index":"index","follow":"follow","max-snippet":"max-snippet:-1","max-image-preview":"max-image-preview:large","max-video-preview":"max-video-preview:-1"},"canonical":"https:\/\/devaharmony.com\/pl\/sklep\/arjuna-tabletki\/","og_locale":"pl_PL","og_type":"article","og_title":"Arjuna - 120 tabletek - Deva Harmony Polska","og_description":"Zdrowe serce i uk\u0142ad sercowo-naczyniowy \u2600\ufe0f   Wspiera zdrowie serca  Wywiera pozytywny wp\u0142yw na prac\u0119 uk\u0142adu krwiono\u015bnego kr\u0105\u017cenia  Pomaga utrzyma\u0107 prawid\u0142ow\u0105 prace serca  Wspiera dzia\u0142anie w\u0105troby  Wzmacnia apetyt  Produkt 100% wega\u0144ski\u00a0  Pojemno\u015b\u0107:\u00a0120 tab.  1 opakowanie wystarcza na 2 miesi\u0105ce stosowania","og_url":"https:\/\/devaharmony.com\/pl\/sklep\/arjuna-tabletki\/","og_site_name":"Deva Harmony Polska","article_modified_time":"2026-04-04T04:01:29+00:00","og_image":[{"width":1080,"height":1080,"url":"https:\/\/devaharmony.com\/pl\/wp-content\/uploads\/2025\/12\/d6555d102735dec500910d2d7caf6eb4.png","type":"image\/png"}],"twitter_card":"summary_large_image","twitter_misc":{"Szacowany czas czytania":"4 minuty"},"schema":{"@context":"https:\/\/schema.org","@graph":[{"@type":"WebPage","@id":"https:\/\/devaharmony.com\/pl\/sklep\/arjuna-tabletki\/","url":"https:\/\/devaharmony.com\/pl\/sklep\/arjuna-tabletki\/","name":"Arjuna - 120 tabletek - Deva Harmony Polska","isPartOf":{"@id":"https:\/\/devaharmony.com\/pl\/#website"},"primaryImageOfPage":{"@id":"https:\/\/devaharmony.com\/pl\/sklep\/arjuna-tabletki\/#primaryimage"},"image":{"@id":"https:\/\/devaharmony.com\/pl\/sklep\/arjuna-tabletki\/#primaryimage"},"thumbnailUrl":"https:\/\/devaharmony.com\/pl\/wp-content\/uploads\/2025\/12\/d6555d102735dec500910d2d7caf6eb4.png","datePublished":"2023-07-21T07:53:56+00:00","dateModified":"2026-04-04T04:01:29+00:00","breadcrumb":{"@id":"https:\/\/devaharmony.com\/pl\/sklep\/arjuna-tabletki\/#breadcrumb"},"inLanguage":"pl-PL","potentialAction":[{"@type":"ReadAction","target":["https:\/\/devaharmony.com\/pl\/sklep\/arjuna-tabletki\/"]}]},{"@type":"ImageObject","inLanguage":"pl-PL","@id":"https:\/\/devaharmony.com\/pl\/sklep\/arjuna-tabletki\/#primaryimage","url":"https:\/\/devaharmony.com\/pl\/wp-content\/uploads\/2025\/12\/d6555d102735dec500910d2d7caf6eb4.png","contentUrl":"https:\/\/devaharmony.com\/pl\/wp-content\/uploads\/2025\/12\/d6555d102735dec500910d2d7caf6eb4.png","width":1080,"height":1080},{"@type":"BreadcrumbList","@id":"https:\/\/devaharmony.com\/pl\/sklep\/arjuna-tabletki\/#breadcrumb","itemListElement":[{"@type":"ListItem","position":1,"name":"Strona g\u0142\u00f3wna","item":"https:\/\/devaharmony.com\/pl\/"},{"@type":"ListItem","position":2,"name":"Produkty Ajurwedyjskie","item":"https:\/\/devaharmony.com\/pl\/produkty-ajurwedyjskie\/"},{"@type":"ListItem","position":3,"name":"Arjuna &#8211; 120 tabletek"}]},{"@type":"WebSite","@id":"https:\/\/devaharmony.com\/pl\/#website","url":"https:\/\/devaharmony.com\/pl\/","name":"Deva Harmony Polska","description":"Ajurwedyjskie Suplementy Diety","potentialAction":[{"@type":"SearchAction","target":{"@type":"EntryPoint","urlTemplate":"https:\/\/devaharmony.com\/pl\/?s={search_term_string}"},"query-input":"required name=search_term_string"}],"inLanguage":"pl-PL"}]}},"_links":{"self":[{"href":"https:\/\/devaharmony.com\/pl\/wp-json\/wp\/v2\/product\/20247","targetHints":{"allow":["GET"]}}],"collection":[{"href":"https:\/\/devaharmony.com\/pl\/wp-json\/wp\/v2\/product"}],"about":[{"href":"https:\/\/devaharmony.com\/pl\/wp-json\/wp\/v2\/types\/product"}],"wp:featuredmedia":[{"embeddable":true,"href":"https:\/\/devaharmony.com\/pl\/wp-json\/wp\/v2\/media\/47652"}],"wp:attachment":[{"href":"https:\/\/devaharmony.com\/pl\/wp-json\/wp\/v2\/media?parent=20247"}],"wp:term":[{"taxonomy":"product_brand","embeddable":true,"href":"https:\/\/devaharmony.com\/pl\/wp-json\/wp\/v2\/product_brand?post=20247"},{"taxonomy":"product_cat","embeddable":true,"href":"https:\/\/devaharmony.com\/pl\/wp-json\/wp\/v2\/product_cat?post=20247"},{"taxonomy":"product_tag","embeddable":true,"href":"https:\/\/devaharmony.com\/pl\/wp-json\/wp\/v2\/product_tag?post=20247"}],"curies":[{"name":"wp","href":"https:\/\/api.w.org\/{rel}","templated":true}]}}