{"id":20234,"date":"2023-07-21T08:51:53","date_gmt":"2023-07-21T07:51:53","guid":{"rendered":"https:\/\/devaharmony.com\/pl\/sklep\/triphala-120-tabletek\/"},"modified":"2026-05-04T11:07:01","modified_gmt":"2026-05-04T10:07:01","slug":"triphala-oczyszczanie-jelit-120-tabletek","status":"publish","type":"product","link":"https:\/\/devaharmony.com\/pl\/sklep\/triphala-oczyszczanie-jelit-120-tabletek\/","title":{"rendered":"Triphala &#8211; trawienie i jelita &#8211; 120 tab."},"content":{"rendered":"<div>\n<p>Triphala jest ajurwedyjsk\u0105 mieszank\u0105 trzech owoc\u00f3w:<\/p>\n<\/div>\n<div>\n<p>\u2013<span class=\"apple-converted-space\">\u00a0<\/span><strong>Amla<\/strong><span class=\"apple-converted-space\">\u00a0<\/span>(Emblica Officinalis) &#8211; Agrest Indyjski \/ Li\u015bciokwiat garbnikowy<br \/>\n\u2013<span class=\"apple-converted-space\">\u00a0<\/span><strong>Bibhitaki<\/strong><span class=\"apple-converted-space\">\u00a0<\/span>(Terminalia Bellirica) &#8211; Migda\u0142ecznik Bellrica<br \/>\n\u2013<span class=\"apple-converted-space\">\u00a0<\/span><strong>Haritaki<\/strong><span class=\"apple-converted-space\">\u00a0<\/span>(Terminalia Chebula) &#8211; Migda\u0142ecznik Chebu\u0142owiec<\/p>\n<\/div>\n<div>\n<p>Ta wyj\u0105tkowa i dobrze znana mieszanka ajurwedyjska pomaga w utrzymaniu zdrowia uk\u0142adu trawiennego. Pomaga zachowa\u0107<span class=\"apple-converted-space\">\u00a0<\/span><strong>zdrowie sk\u00f3ry<\/strong><span class=\"apple-converted-space\">\u00a0<\/span>(migda\u0142ecznik chebu\u0142owiec) oraz<span class=\"apple-converted-space\">\u00a0<\/span><strong>w\u0142os\u00f3w<\/strong><span class=\"apple-converted-space\">\u00a0<\/span>i posiada pozytywny wp\u0142yw<span class=\"apple-converted-space\">\u00a0<\/span><strong>zdrowie oczu<\/strong>(migda\u0142ecznik bellrica). Li\u015bciowkwiat garbnikowy i migda\u0142ecznik bellrica<span class=\"apple-converted-space\">\u00a0<\/span><strong>wspieraj\u0105 prac\u0119 w\u0105troby i posiadaj\u0105 pozytywny wp\u0142yw na prawid\u0142owy pasa\u017c jelit<\/strong>.<\/p>\n<\/div>\n<div>\n<p>Li\u015bciowkwiat garbnikowy (Amla) ponadto wspiera<span class=\"apple-converted-space\">\u00a0<\/span><strong>regularno\u015b\u0107 wypr\u00f3\u017cnie\u0144 i wspomaga prac\u0119 jelit<\/strong>.<\/p>\n<\/div>\n<div>\n<p>Migda\u0142ecznik chebu\u0142owiec to kompleksowe zio\u0142o o dzia\u0142aniu wywieraj\u0105cym dzia\u0142anie<span class=\"apple-converted-space\">\u00a0<\/span><strong>anty-aging<\/strong><span class=\"apple-converted-space\">\u00a0<\/span>\/ spowalniaj\u0105cym procesy starzeniowe .<\/p>\n<\/div>\n<div>\n<p>Z kolei migda\u0142ecznik bellrica wspomaga prawid\u0142owe dzia\u0142anie<span class=\"apple-converted-space\">\u00a0<\/span><strong>uk\u0142adu odporno\u015bciowego<\/strong><span class=\"apple-converted-space\">\u00a0<\/span>i posiada<span class=\"apple-converted-space\">\u00a0<\/span><strong>pozytywne dzia\u0142anie na b\u0142ony \u015bluzowe uk\u0142adu pokarmowego<\/strong>.<\/p>\n<\/div>\n<div>\n<p>Triphala to rozwi\u0105zanie dla os\u00f3b, kt\u00f3re chc\u0105 szczeg\u00f3lnie zadba\u0107 o swoje zdrowie. Doskona\u0142a kombinacja znanych zi\u00f3\u0142, kt\u00f3ra<span class=\"apple-converted-space\">\u00a0<\/span><strong>r\u00f3wnowa\u017cy wszystkie 3 dosha (vata, pitta, kapha) w organizmie<\/strong>.<\/p>\n<\/div>\n<div>\n<p><strong>Od wiek\u00f3w uznana i ceniona w ajurwedzie!<\/strong><\/p>\n<\/div>\n<div>\n<p>&nbsp;<\/p>\n<\/div>\n<div>\n<p><strong>Produkt w 100% wega\u0144ski\u00a0<\/strong><\/p>\n<\/div>\n<div>\n<p><strong>Zalecana porcja dzienna:<\/strong><span class=\"apple-converted-space\">\u00a0<\/span>2 tabletki<\/p>\n<\/div>\n<div>\n<p><strong>Pojemno\u015b\u0107:<\/strong><span class=\"apple-converted-space\">\u00a0<\/span>120 tabletek<\/p>\n<\/div>\n<div>\n<p><strong>Producent:<\/strong><span class=\"apple-converted-space\">\u00a0<\/span>JIVA Ayurvedic Pharmacy Ltd.<\/p>\n<\/div>\n<div>\n<p><strong>Kraj pochodzenia:<\/strong><span class=\"apple-converted-space\">\u00a0<\/span>Indie<\/p>\n<\/div>\n<div>\n<p>&nbsp;<\/p>\n<\/div>\n<div>\n<p>*Nie nale\u017cy przekracza\u0107 zalecanej porcji dziennej do spo\u017cycia. Suplement diety nie mo\u017ce by\u0107 stosowany jako substytut (zamiennik) zr\u00f3\u017cnicowanej diety. Nale\u017cy przestrzega\u0107 zdrowego trybu \u017cycia i zr\u00f3wnowa\u017conego sposobu \u017cywienia. Nie stosowa\u0107 w przypadku nadwra\u017cliwo\u015bci na sk\u0142adniki preparatu. Produkt nie jest przeznaczony dla dzieci, kobiet w ci\u0105\u017cy ani karmi\u0105cych.<\/p>\n<\/div>\n<div>\n<p>*Produkt bez GMO.<\/p>\n<\/div>\n<div>\n<p>*Przechowywa\u0107 w spos\u00f3b niedost\u0119pny dla ma\u0142ych dzieci. Chroni\u0107 przed \u015bwiat\u0142em i wilgoci\u0105.<\/p>\n<\/div>\n<div>\n<p>*Opisany produkt jest suplementem diety, nie jest produktem leczniczym, kt\u00f3remu przypisuje si\u0119 w\u0142a\u015bciwo\u015bci zapobiegania lub leczenie chor\u00f3b wyst\u0119puj\u0105cych u ludzi.<span class=\"apple-converted-space\">\u00a0<\/span><\/p>\n<\/div>\n<div>\n<p>*Przyjmowanie preparat\u00f3w zio\u0142owych najlepiej skonsultowa\u0107 z lekarzem lub farmaceut\u0105, poniewa\u017c dob\u00f3r odpowiedniego preparatu ro\u015blinnego wymaga r\u00f3wnie du\u017cej wiedzy, co w przypadku preparatu chemicznego. Nale\u017cy pami\u0119ta\u0107, \u017ce preparaty ro\u015blinne mog\u0105 wchodzi\u0107 w interakcje z przyjmowanymi lekami i mog\u0105 stanowi\u0107 zagro\u017cenie dla zdrowia. Niekt\u00f3re preparaty zio\u0142owe mog\u0105 wywo\u0142a\u0107 silne dzia\u0142anie, dlatego nale\u017cy przestrzega\u0107 wszystkich zalece\u0144 i ogranicze\u0144 podanych przez producenta. Szczeg\u00f3ln\u0105 ostro\u017cno\u015b\u0107 przy ich stosowaniu musz\u0105 zachowa\u0107 matki karmi\u0105ce i kobiety w ci\u0105\u017cy.<\/p>\n<p>&nbsp;<\/p>\n<\/div>\n<h2>Prezentujemy tabletki Triphala, czyli preparat kompleksowo wspieraj\u0105cy Tw\u00f3j organizm<\/h2>\n<p style=\"text-align: justify;\">Przez tysi\u0105ce lat regularnego stosowania unikalnej mieszanki zi\u00f3\u0142 z owocami uda\u0142o si\u0119 potwierdzi\u0107 niezwykle wysok\u0105 skuteczno\u015b\u0107 dzia\u0142ania wielozadaniowych tabletek Triphala. Je\u015bli znajdujesz si\u0119 na samym pocz\u0105tku drogi ku poprawie jako\u015bci dotychczasowego \u017cycia, warto zaufa\u0107 produktom oferowanym przez nasz sklep internetowy. Tabletki Triphala wytwarzane przez rozpoznawaln\u0105 na ca\u0142ym \u015bwiecie mark\u0119 Jiva Ayurveda stanowi\u0105 <strong><em>kompleksowe wsparcie organizmu podczas proces\u00f3w trawiennych<\/em><\/strong>. Proponowane na tej stronie Triphala tabletki charakteryzuj\u0105 si\u0119 szerokim zakresem dzia\u0142ania, a ich prawid\u0142owe dawkowanie zauwa\u017calnie przybli\u017cy Ci\u0119 do osi\u0105gni\u0119cia pe\u0142nej harmonii \u017cyciowej. Na w\u0142asnej sk\u00f3rze przekonaj si\u0119, jak efektywna jest medycyna ajurwedyjska.<\/p>\n<h2>Tabletki Triphala jako doskona\u0142y spos\u00f3b na na unikni\u0119cie wielu dolegliwo\u015bci<\/h2>\n<p style=\"text-align: justify;\">Lista potwierdzonych w\u0142a\u015bciwo\u015bci, jakimi wyr\u00f3\u017cniaj\u0105 si\u0119 tabletki Triphala, jest d\u0142uga. Oferowany w asortymencie naszego sklepu internetowego DEVA Harmony produkt w zdecydowanej wi\u0119kszo\u015bci trafia do os\u00f3b, kt\u00f3re <strong><em>poszukuj\u0105 sprawdzonego sposobu na popraw\u0119 trawienia<\/em><\/strong>. Tabletki Triphala ch\u0119tnie stosowane s\u0105 r\u00f3wnie\u017c przez Klient\u00f3w borykaj\u0105cych si\u0119 z problemami natury estetycznej. Unikalna mieszanka suplementu <strong><em>pozytywnie wp\u0142ywa na zdrowie w\u0142os\u00f3w, sk\u00f3ry<\/em><\/strong>, popraw\u0119 wzroku i na odm\u0142odzenie ca\u0142ego organizmu. Jedno z najpopularniejszych rozwi\u0105za\u0144, jakie dostarczane s\u0105 przez tradycyjn\u0105 <a href=\"https:\/\/devaharmony.com\/pl\/medycyna-ajurwedyjska\/\"><strong>medycyn\u0119 ajurwedyjsk\u0105<\/strong><\/a>, nie ogranicza si\u0119 wi\u0119c do jednego problemu, kompleksowo sprawuj\u0105c piecz\u0119 nad zdrowiem cz\u0142owieka.<\/p>\n","protected":false},"excerpt":{"rendered":"<p style=\"font-weight: 400;\"><strong>Sprawdzona w czasie naturalna mieszanka wspomagaj\u0105ca zdrowie uk\u0142adu trawiennego <\/strong><strong>\u2600\ufe0f<\/strong><\/p>\n<ul style=\"font-weight: 400;\">\n<li>Wspomaga trawienie i uk\u0142ad pokarmowy (migda\u0142ecznik chebu\u0142owiec, li\u015bciokwiat garbnikowy, migda\u0142ecznik bellerica)<\/li>\n<li>Wywiera pozytywny wp\u0142yw na w\u0105trob\u0119 (li\u015bciokwiat garbnikowy, migda\u0142ecznik bellerica)<\/li>\n<li>Wspiera regularno\u015b\u0107 wypr\u00f3\u017cnie\u0144 (li\u015bciokwiat garbnikowy)<\/li>\n<li>Ma pozytywne dzia\u0142anie na b\u0142ony \u015bluzowe uk\u0142adu pokarmowego (migda\u0142ecznik bellerica)<\/li>\n<li>Wspomaga dzia\u0142anie jelit i pasa\u017c jelitowy (li\u015bciokwiat garbnikowy, migda\u0142ecznik bellerica)<\/li>\n<li>Wspomaga uk\u0142ad odporno\u015bciowy (migda\u0142ecznik bellerica)<\/li>\n<li>Pomaga zachowa\u0107 zdrow\u0105 sk\u00f3r\u0119 (migda\u0142ecznik chebu\u0142owiec) oraz w\u0142osy (migda\u0142ecznik bellerica)<\/li>\n<li>Ma pozytywny wp\u0142yw na oczy (migda\u0142ecznik bellerica)<\/li>\n<\/ul>\n<p>&nbsp;<\/p>\n<p><strong>Produkt 100% wega\u0144ski<\/strong><\/p>\n<p><strong>Pojemno\u015b\u0107: <\/strong>120 tabletek<\/p>\n<p><strong>Termin wa\u017cno\u015bci\u00a0 01.2027<\/strong><\/p>\n<p><strong>1 opakowanie wystarcza na 2 miesi\u0105ce stosowania.<\/strong><\/p>\n","protected":false},"featured_media":44852,"template":"","meta":{"_editorskit_title_hidden":false,"_editorskit_reading_time":0,"_editorskit_is_block_options_detached":false,"_editorskit_block_options_position":"{}"},"product_brand":[],"product_cat":[456,467,645,631,498,472,499,502,471,470,46,43,50,51,407,18,35,44],"product_tag":[],"class_list":{"0":"post-20234","1":"product","2":"type-product","3":"status-publish","4":"has-post-thumbnail","6":"product_cat-ziola-ajurwedyjskie","7":"product_cat-adaptogeny","8":"product_cat-green-week","9":"product_cat-idealne-na-lato-","10":"product_cat-jiva","11":"product_cat-kapha","12":"product_cat-marki","13":"product_cat-ostatnie-sztuki","14":"product_cat-pitta","15":"product_cat-vata","16":"product_cat-dla-diabetykow","17":"product_cat-odpornosc","18":"product_cat-pielegnacja-ciala","19":"product_cat-skora","20":"product_cat-oczy","21":"product_cat-suplementy","22":"product_cat-ziola","23":"product_cat-trawienie","25":"first","26":"outofstock","27":"taxable","28":"shipping-taxable","29":"purchasable","30":"product-type-simple","31":"add-to-wishlist-before_image"},"acf":{"ilosc_sztuk_w_pudelku":"","ilosc_pudelek_w_kartonie":"","wykluczyc_z_szybkich_zakupow":""},"yoast_head":"<!-- This site is optimized with the Yoast SEO plugin v23.1 - https:\/\/yoast.com\/wordpress\/plugins\/seo\/ -->\n<title>Triphala - trawienie i jelita - 120 tab. - Deva Harmony Polska<\/title>\n<meta name=\"robots\" content=\"index, follow, max-snippet:-1, max-image-preview:large, max-video-preview:-1\" \/>\n<link rel=\"canonical\" href=\"https:\/\/devaharmony.com\/pl\/sklep\/triphala-oczyszczanie-jelit-120-tabletek\/\" \/>\n<meta property=\"og:locale\" content=\"pl_PL\" \/>\n<meta property=\"og:type\" content=\"article\" \/>\n<meta property=\"og:title\" content=\"Triphala - trawienie i jelita - 120 tab. - Deva Harmony Polska\" \/>\n<meta property=\"og:description\" content=\"Sprawdzona w czasie naturalna mieszanka wspomagaj\u0105ca zdrowie uk\u0142adu trawiennego \u2600\ufe0f    Wspomaga trawienie i uk\u0142ad pokarmowy (migda\u0142ecznik chebu\u0142owiec, li\u015bciokwiat garbnikowy, migda\u0142ecznik bellerica)  Wywiera pozytywny wp\u0142yw na w\u0105trob\u0119 (li\u015bciokwiat garbnikowy, migda\u0142ecznik bellerica)  Wspiera regularno\u015b\u0107 wypr\u00f3\u017cnie\u0144 (li\u015bciokwiat garbnikowy)  Ma pozytywne dzia\u0142anie na b\u0142ony \u015bluzowe uk\u0142adu pokarmowego (migda\u0142ecznik bellerica)  Wspomaga dzia\u0142anie jelit i pasa\u017c jelitowy (li\u015bciokwiat garbnikowy, migda\u0142ecznik bellerica)  Wspomaga uk\u0142ad odporno\u015bciowy (migda\u0142ecznik bellerica)  Pomaga zachowa\u0107 zdrow\u0105 sk\u00f3r\u0119 (migda\u0142ecznik chebu\u0142owiec) oraz w\u0142osy (migda\u0142ecznik bellerica)  Ma pozytywny wp\u0142yw na oczy (migda\u0142ecznik bellerica)  &nbsp;  Produkt 100% wega\u0144ski  Pojemno\u015b\u0107: 120 tabletek  Termin wa\u017cno\u015bci\u00a0 01.2027  1 opakowanie wystarcza na 2 miesi\u0105ce stosowania.\" \/>\n<meta property=\"og:url\" content=\"https:\/\/devaharmony.com\/pl\/sklep\/triphala-oczyszczanie-jelit-120-tabletek\/\" \/>\n<meta property=\"og:site_name\" content=\"Deva Harmony Polska\" \/>\n<meta property=\"article:modified_time\" content=\"2026-05-04T10:07:01+00:00\" \/>\n<meta property=\"og:image\" content=\"https:\/\/devaharmony.com\/pl\/wp-content\/uploads\/2023\/07\/Triphala-JivaJIVA.png\" \/>\n\t<meta property=\"og:image:width\" content=\"1080\" \/>\n\t<meta property=\"og:image:height\" content=\"1080\" \/>\n\t<meta property=\"og:image:type\" content=\"image\/png\" \/>\n<meta name=\"twitter:card\" content=\"summary_large_image\" \/>\n<meta name=\"twitter:label1\" content=\"Szacowany czas czytania\" \/>\n\t<meta name=\"twitter:data1\" content=\"4 minuty\" \/>\n<script type=\"application\/ld+json\" class=\"yoast-schema-graph\">{\"@context\":\"https:\/\/schema.org\",\"@graph\":[{\"@type\":\"WebPage\",\"@id\":\"https:\/\/devaharmony.com\/pl\/sklep\/triphala-oczyszczanie-jelit-120-tabletek\/\",\"url\":\"https:\/\/devaharmony.com\/pl\/sklep\/triphala-oczyszczanie-jelit-120-tabletek\/\",\"name\":\"Triphala - trawienie i jelita - 120 tab. - Deva Harmony Polska\",\"isPartOf\":{\"@id\":\"https:\/\/devaharmony.com\/pl\/#website\"},\"primaryImageOfPage\":{\"@id\":\"https:\/\/devaharmony.com\/pl\/sklep\/triphala-oczyszczanie-jelit-120-tabletek\/#primaryimage\"},\"image\":{\"@id\":\"https:\/\/devaharmony.com\/pl\/sklep\/triphala-oczyszczanie-jelit-120-tabletek\/#primaryimage\"},\"thumbnailUrl\":\"https:\/\/devaharmony.com\/pl\/wp-content\/uploads\/2023\/07\/Triphala-JivaJIVA.png\",\"datePublished\":\"2023-07-21T07:51:53+00:00\",\"dateModified\":\"2026-05-04T10:07:01+00:00\",\"breadcrumb\":{\"@id\":\"https:\/\/devaharmony.com\/pl\/sklep\/triphala-oczyszczanie-jelit-120-tabletek\/#breadcrumb\"},\"inLanguage\":\"pl-PL\",\"potentialAction\":[{\"@type\":\"ReadAction\",\"target\":[\"https:\/\/devaharmony.com\/pl\/sklep\/triphala-oczyszczanie-jelit-120-tabletek\/\"]}]},{\"@type\":\"ImageObject\",\"inLanguage\":\"pl-PL\",\"@id\":\"https:\/\/devaharmony.com\/pl\/sklep\/triphala-oczyszczanie-jelit-120-tabletek\/#primaryimage\",\"url\":\"https:\/\/devaharmony.com\/pl\/wp-content\/uploads\/2023\/07\/Triphala-JivaJIVA.png\",\"contentUrl\":\"https:\/\/devaharmony.com\/pl\/wp-content\/uploads\/2023\/07\/Triphala-JivaJIVA.png\",\"width\":1080,\"height\":1080},{\"@type\":\"BreadcrumbList\",\"@id\":\"https:\/\/devaharmony.com\/pl\/sklep\/triphala-oczyszczanie-jelit-120-tabletek\/#breadcrumb\",\"itemListElement\":[{\"@type\":\"ListItem\",\"position\":1,\"name\":\"Strona g\u0142\u00f3wna\",\"item\":\"https:\/\/devaharmony.com\/pl\/\"},{\"@type\":\"ListItem\",\"position\":2,\"name\":\"Produkty Ajurwedyjskie\",\"item\":\"https:\/\/devaharmony.com\/pl\/produkty-ajurwedyjskie\/\"},{\"@type\":\"ListItem\",\"position\":3,\"name\":\"Triphala &#8211; trawienie i jelita &#8211; 120 tab.\"}]},{\"@type\":\"WebSite\",\"@id\":\"https:\/\/devaharmony.com\/pl\/#website\",\"url\":\"https:\/\/devaharmony.com\/pl\/\",\"name\":\"Deva Harmony Polska\",\"description\":\"Ajurwedyjskie Suplementy Diety\",\"potentialAction\":[{\"@type\":\"SearchAction\",\"target\":{\"@type\":\"EntryPoint\",\"urlTemplate\":\"https:\/\/devaharmony.com\/pl\/?s={search_term_string}\"},\"query-input\":\"required name=search_term_string\"}],\"inLanguage\":\"pl-PL\"}]}<\/script>\n<!-- \/ Yoast SEO plugin. -->","yoast_head_json":{"title":"Triphala - trawienie i jelita - 120 tab. - Deva Harmony Polska","robots":{"index":"index","follow":"follow","max-snippet":"max-snippet:-1","max-image-preview":"max-image-preview:large","max-video-preview":"max-video-preview:-1"},"canonical":"https:\/\/devaharmony.com\/pl\/sklep\/triphala-oczyszczanie-jelit-120-tabletek\/","og_locale":"pl_PL","og_type":"article","og_title":"Triphala - trawienie i jelita - 120 tab. - Deva Harmony Polska","og_description":"Sprawdzona w czasie naturalna mieszanka wspomagaj\u0105ca zdrowie uk\u0142adu trawiennego \u2600\ufe0f    Wspomaga trawienie i uk\u0142ad pokarmowy (migda\u0142ecznik chebu\u0142owiec, li\u015bciokwiat garbnikowy, migda\u0142ecznik bellerica)  Wywiera pozytywny wp\u0142yw na w\u0105trob\u0119 (li\u015bciokwiat garbnikowy, migda\u0142ecznik bellerica)  Wspiera regularno\u015b\u0107 wypr\u00f3\u017cnie\u0144 (li\u015bciokwiat garbnikowy)  Ma pozytywne dzia\u0142anie na b\u0142ony \u015bluzowe uk\u0142adu pokarmowego (migda\u0142ecznik bellerica)  Wspomaga dzia\u0142anie jelit i pasa\u017c jelitowy (li\u015bciokwiat garbnikowy, migda\u0142ecznik bellerica)  Wspomaga uk\u0142ad odporno\u015bciowy (migda\u0142ecznik bellerica)  Pomaga zachowa\u0107 zdrow\u0105 sk\u00f3r\u0119 (migda\u0142ecznik chebu\u0142owiec) oraz w\u0142osy (migda\u0142ecznik bellerica)  Ma pozytywny wp\u0142yw na oczy (migda\u0142ecznik bellerica)  &nbsp;  Produkt 100% wega\u0144ski  Pojemno\u015b\u0107: 120 tabletek  Termin wa\u017cno\u015bci\u00a0 01.2027  1 opakowanie wystarcza na 2 miesi\u0105ce stosowania.","og_url":"https:\/\/devaharmony.com\/pl\/sklep\/triphala-oczyszczanie-jelit-120-tabletek\/","og_site_name":"Deva Harmony Polska","article_modified_time":"2026-05-04T10:07:01+00:00","og_image":[{"width":1080,"height":1080,"url":"https:\/\/devaharmony.com\/pl\/wp-content\/uploads\/2023\/07\/Triphala-JivaJIVA.png","type":"image\/png"}],"twitter_card":"summary_large_image","twitter_misc":{"Szacowany czas czytania":"4 minuty"},"schema":{"@context":"https:\/\/schema.org","@graph":[{"@type":"WebPage","@id":"https:\/\/devaharmony.com\/pl\/sklep\/triphala-oczyszczanie-jelit-120-tabletek\/","url":"https:\/\/devaharmony.com\/pl\/sklep\/triphala-oczyszczanie-jelit-120-tabletek\/","name":"Triphala - trawienie i jelita - 120 tab. - Deva Harmony Polska","isPartOf":{"@id":"https:\/\/devaharmony.com\/pl\/#website"},"primaryImageOfPage":{"@id":"https:\/\/devaharmony.com\/pl\/sklep\/triphala-oczyszczanie-jelit-120-tabletek\/#primaryimage"},"image":{"@id":"https:\/\/devaharmony.com\/pl\/sklep\/triphala-oczyszczanie-jelit-120-tabletek\/#primaryimage"},"thumbnailUrl":"https:\/\/devaharmony.com\/pl\/wp-content\/uploads\/2023\/07\/Triphala-JivaJIVA.png","datePublished":"2023-07-21T07:51:53+00:00","dateModified":"2026-05-04T10:07:01+00:00","breadcrumb":{"@id":"https:\/\/devaharmony.com\/pl\/sklep\/triphala-oczyszczanie-jelit-120-tabletek\/#breadcrumb"},"inLanguage":"pl-PL","potentialAction":[{"@type":"ReadAction","target":["https:\/\/devaharmony.com\/pl\/sklep\/triphala-oczyszczanie-jelit-120-tabletek\/"]}]},{"@type":"ImageObject","inLanguage":"pl-PL","@id":"https:\/\/devaharmony.com\/pl\/sklep\/triphala-oczyszczanie-jelit-120-tabletek\/#primaryimage","url":"https:\/\/devaharmony.com\/pl\/wp-content\/uploads\/2023\/07\/Triphala-JivaJIVA.png","contentUrl":"https:\/\/devaharmony.com\/pl\/wp-content\/uploads\/2023\/07\/Triphala-JivaJIVA.png","width":1080,"height":1080},{"@type":"BreadcrumbList","@id":"https:\/\/devaharmony.com\/pl\/sklep\/triphala-oczyszczanie-jelit-120-tabletek\/#breadcrumb","itemListElement":[{"@type":"ListItem","position":1,"name":"Strona g\u0142\u00f3wna","item":"https:\/\/devaharmony.com\/pl\/"},{"@type":"ListItem","position":2,"name":"Produkty Ajurwedyjskie","item":"https:\/\/devaharmony.com\/pl\/produkty-ajurwedyjskie\/"},{"@type":"ListItem","position":3,"name":"Triphala &#8211; trawienie i jelita &#8211; 120 tab."}]},{"@type":"WebSite","@id":"https:\/\/devaharmony.com\/pl\/#website","url":"https:\/\/devaharmony.com\/pl\/","name":"Deva Harmony Polska","description":"Ajurwedyjskie Suplementy Diety","potentialAction":[{"@type":"SearchAction","target":{"@type":"EntryPoint","urlTemplate":"https:\/\/devaharmony.com\/pl\/?s={search_term_string}"},"query-input":"required name=search_term_string"}],"inLanguage":"pl-PL"}]}},"_links":{"self":[{"href":"https:\/\/devaharmony.com\/pl\/wp-json\/wp\/v2\/product\/20234","targetHints":{"allow":["GET"]}}],"collection":[{"href":"https:\/\/devaharmony.com\/pl\/wp-json\/wp\/v2\/product"}],"about":[{"href":"https:\/\/devaharmony.com\/pl\/wp-json\/wp\/v2\/types\/product"}],"wp:featuredmedia":[{"embeddable":true,"href":"https:\/\/devaharmony.com\/pl\/wp-json\/wp\/v2\/media\/44852"}],"wp:attachment":[{"href":"https:\/\/devaharmony.com\/pl\/wp-json\/wp\/v2\/media?parent=20234"}],"wp:term":[{"taxonomy":"product_brand","embeddable":true,"href":"https:\/\/devaharmony.com\/pl\/wp-json\/wp\/v2\/product_brand?post=20234"},{"taxonomy":"product_cat","embeddable":true,"href":"https:\/\/devaharmony.com\/pl\/wp-json\/wp\/v2\/product_cat?post=20234"},{"taxonomy":"product_tag","embeddable":true,"href":"https:\/\/devaharmony.com\/pl\/wp-json\/wp\/v2\/product_tag?post=20234"}],"curies":[{"name":"wp","href":"https:\/\/api.w.org\/{rel}","templated":true}]}}