{"id":20200,"date":"2023-07-21T08:47:35","date_gmt":"2023-07-21T07:47:35","guid":{"rendered":"https:\/\/devaharmony.com\/pl\/sklep\/lyzeczka-dozownik-do-ziol\/"},"modified":"2026-02-02T19:57:41","modified_gmt":"2026-02-02T18:57:41","slug":"lyzeczka-dozownik-do-ziol","status":"publish","type":"product","link":"https:\/\/devaharmony.com\/pl\/sklep\/lyzeczka-dozownik-do-ziol\/","title":{"rendered":"\u0141y\u017ceczka\/dozownik do zi\u00f3l"},"content":{"rendered":"<p>\u0141y\u017ceczka\/miarka do dozowania zi\u00f3\u0142 w proszku dost\u0119pnych w ofercie sklepu.<\/p>\n<p><strong>Miarka gratis przy zam\u00f3wieniu zi\u00f3\u0142 w proszku.<\/strong><\/p>\n","protected":false},"excerpt":{"rendered":"<p>\u0141y\u017ceczka\/miarka do dozowania zi\u00f3\u0142 w proszku dost\u0119pnych w ofercie sklepu.<\/p>\n<p><strong>Miarka gratis przy zam\u00f3wieniu zi\u00f3\u0142 w proszku.<\/strong><\/p>\n","protected":false},"featured_media":20199,"template":"","meta":{"_editorskit_title_hidden":false,"_editorskit_reading_time":0,"_editorskit_is_block_options_detached":false,"_editorskit_block_options_position":"{}"},"product_brand":[],"product_cat":[415],"product_tag":[],"class_list":{"0":"post-20200","1":"product","2":"type-product","3":"status-publish","4":"has-post-thumbnail","6":"product_cat-ziola-w-proszku","8":"first","9":"instock","10":"taxable","11":"shipping-taxable","12":"purchasable","13":"product-type-simple","14":"add-to-wishlist-before_image"},"acf":{"ilosc_sztuk_w_pudelku":"","ilosc_pudelek_w_kartonie":"","wykluczyc_z_szybkich_zakupow":""},"yoast_head":"<!-- This site is optimized with the Yoast SEO plugin v23.1 - https:\/\/yoast.com\/wordpress\/plugins\/seo\/ -->\n<title>\u0141y\u017ceczka\/dozownik do zi\u00f3l - Deva Harmony Polska<\/title>\n<meta name=\"robots\" content=\"index, follow, max-snippet:-1, max-image-preview:large, max-video-preview:-1\" \/>\n<link rel=\"canonical\" href=\"https:\/\/devaharmony.com\/pl\/sklep\/lyzeczka-dozownik-do-ziol\/\" \/>\n<meta property=\"og:locale\" content=\"pl_PL\" \/>\n<meta property=\"og:type\" content=\"article\" \/>\n<meta property=\"og:title\" content=\"\u0141y\u017ceczka\/dozownik do zi\u00f3l - Deva Harmony Polska\" \/>\n<meta property=\"og:description\" content=\"\u0141y\u017ceczka\/miarka do dozowania zi\u00f3\u0142 w proszku dost\u0119pnych w ofercie sklepu.  Miarka gratis przy zam\u00f3wieniu zi\u00f3\u0142 w proszku.\" \/>\n<meta property=\"og:url\" content=\"https:\/\/devaharmony.com\/pl\/sklep\/lyzeczka-dozownik-do-ziol\/\" \/>\n<meta property=\"og:site_name\" content=\"Deva Harmony Polska\" \/>\n<meta property=\"article:modified_time\" content=\"2026-02-02T18:57:41+00:00\" \/>\n<meta property=\"og:image\" content=\"https:\/\/devaharmony.com\/pl\/wp-content\/uploads\/2023\/07\/lyzeczka-miarka-jiva-ayurveda-deva-harmony.jpg\" \/>\n\t<meta property=\"og:image:width\" content=\"800\" \/>\n\t<meta property=\"og:image:height\" content=\"1200\" \/>\n\t<meta property=\"og:image:type\" content=\"image\/jpeg\" \/>\n<meta name=\"twitter:card\" content=\"summary_large_image\" \/>\n<script type=\"application\/ld+json\" class=\"yoast-schema-graph\">{\"@context\":\"https:\/\/schema.org\",\"@graph\":[{\"@type\":\"WebPage\",\"@id\":\"https:\/\/devaharmony.com\/pl\/sklep\/lyzeczka-dozownik-do-ziol\/\",\"url\":\"https:\/\/devaharmony.com\/pl\/sklep\/lyzeczka-dozownik-do-ziol\/\",\"name\":\"\u0141y\u017ceczka\/dozownik do zi\u00f3l - Deva Harmony Polska\",\"isPartOf\":{\"@id\":\"https:\/\/devaharmony.com\/pl\/#website\"},\"primaryImageOfPage\":{\"@id\":\"https:\/\/devaharmony.com\/pl\/sklep\/lyzeczka-dozownik-do-ziol\/#primaryimage\"},\"image\":{\"@id\":\"https:\/\/devaharmony.com\/pl\/sklep\/lyzeczka-dozownik-do-ziol\/#primaryimage\"},\"thumbnailUrl\":\"https:\/\/devaharmony.com\/pl\/wp-content\/uploads\/2023\/07\/lyzeczka-miarka-jiva-ayurveda-deva-harmony.jpg\",\"datePublished\":\"2023-07-21T07:47:35+00:00\",\"dateModified\":\"2026-02-02T18:57:41+00:00\",\"breadcrumb\":{\"@id\":\"https:\/\/devaharmony.com\/pl\/sklep\/lyzeczka-dozownik-do-ziol\/#breadcrumb\"},\"inLanguage\":\"pl-PL\",\"potentialAction\":[{\"@type\":\"ReadAction\",\"target\":[\"https:\/\/devaharmony.com\/pl\/sklep\/lyzeczka-dozownik-do-ziol\/\"]}]},{\"@type\":\"ImageObject\",\"inLanguage\":\"pl-PL\",\"@id\":\"https:\/\/devaharmony.com\/pl\/sklep\/lyzeczka-dozownik-do-ziol\/#primaryimage\",\"url\":\"https:\/\/devaharmony.com\/pl\/wp-content\/uploads\/2023\/07\/lyzeczka-miarka-jiva-ayurveda-deva-harmony.jpg\",\"contentUrl\":\"https:\/\/devaharmony.com\/pl\/wp-content\/uploads\/2023\/07\/lyzeczka-miarka-jiva-ayurveda-deva-harmony.jpg\",\"width\":800,\"height\":1200},{\"@type\":\"BreadcrumbList\",\"@id\":\"https:\/\/devaharmony.com\/pl\/sklep\/lyzeczka-dozownik-do-ziol\/#breadcrumb\",\"itemListElement\":[{\"@type\":\"ListItem\",\"position\":1,\"name\":\"Strona g\u0142\u00f3wna\",\"item\":\"https:\/\/devaharmony.com\/pl\/\"},{\"@type\":\"ListItem\",\"position\":2,\"name\":\"Produkty Ajurwedyjskie\",\"item\":\"https:\/\/devaharmony.com\/pl\/produkty-ajurwedyjskie\/\"},{\"@type\":\"ListItem\",\"position\":3,\"name\":\"\u0141y\u017ceczka\/dozownik do zi\u00f3l\"}]},{\"@type\":\"WebSite\",\"@id\":\"https:\/\/devaharmony.com\/pl\/#website\",\"url\":\"https:\/\/devaharmony.com\/pl\/\",\"name\":\"Deva Harmony Polska\",\"description\":\"Ajurwedyjskie Suplementy Diety\",\"potentialAction\":[{\"@type\":\"SearchAction\",\"target\":{\"@type\":\"EntryPoint\",\"urlTemplate\":\"https:\/\/devaharmony.com\/pl\/?s={search_term_string}\"},\"query-input\":\"required name=search_term_string\"}],\"inLanguage\":\"pl-PL\"}]}<\/script>\n<!-- \/ Yoast SEO plugin. -->","yoast_head_json":{"title":"\u0141y\u017ceczka\/dozownik do zi\u00f3l - Deva Harmony Polska","robots":{"index":"index","follow":"follow","max-snippet":"max-snippet:-1","max-image-preview":"max-image-preview:large","max-video-preview":"max-video-preview:-1"},"canonical":"https:\/\/devaharmony.com\/pl\/sklep\/lyzeczka-dozownik-do-ziol\/","og_locale":"pl_PL","og_type":"article","og_title":"\u0141y\u017ceczka\/dozownik do zi\u00f3l - Deva Harmony Polska","og_description":"\u0141y\u017ceczka\/miarka do dozowania zi\u00f3\u0142 w proszku dost\u0119pnych w ofercie sklepu.  Miarka gratis przy zam\u00f3wieniu zi\u00f3\u0142 w proszku.","og_url":"https:\/\/devaharmony.com\/pl\/sklep\/lyzeczka-dozownik-do-ziol\/","og_site_name":"Deva Harmony Polska","article_modified_time":"2026-02-02T18:57:41+00:00","og_image":[{"width":800,"height":1200,"url":"https:\/\/devaharmony.com\/pl\/wp-content\/uploads\/2023\/07\/lyzeczka-miarka-jiva-ayurveda-deva-harmony.jpg","type":"image\/jpeg"}],"twitter_card":"summary_large_image","schema":{"@context":"https:\/\/schema.org","@graph":[{"@type":"WebPage","@id":"https:\/\/devaharmony.com\/pl\/sklep\/lyzeczka-dozownik-do-ziol\/","url":"https:\/\/devaharmony.com\/pl\/sklep\/lyzeczka-dozownik-do-ziol\/","name":"\u0141y\u017ceczka\/dozownik do zi\u00f3l - Deva Harmony Polska","isPartOf":{"@id":"https:\/\/devaharmony.com\/pl\/#website"},"primaryImageOfPage":{"@id":"https:\/\/devaharmony.com\/pl\/sklep\/lyzeczka-dozownik-do-ziol\/#primaryimage"},"image":{"@id":"https:\/\/devaharmony.com\/pl\/sklep\/lyzeczka-dozownik-do-ziol\/#primaryimage"},"thumbnailUrl":"https:\/\/devaharmony.com\/pl\/wp-content\/uploads\/2023\/07\/lyzeczka-miarka-jiva-ayurveda-deva-harmony.jpg","datePublished":"2023-07-21T07:47:35+00:00","dateModified":"2026-02-02T18:57:41+00:00","breadcrumb":{"@id":"https:\/\/devaharmony.com\/pl\/sklep\/lyzeczka-dozownik-do-ziol\/#breadcrumb"},"inLanguage":"pl-PL","potentialAction":[{"@type":"ReadAction","target":["https:\/\/devaharmony.com\/pl\/sklep\/lyzeczka-dozownik-do-ziol\/"]}]},{"@type":"ImageObject","inLanguage":"pl-PL","@id":"https:\/\/devaharmony.com\/pl\/sklep\/lyzeczka-dozownik-do-ziol\/#primaryimage","url":"https:\/\/devaharmony.com\/pl\/wp-content\/uploads\/2023\/07\/lyzeczka-miarka-jiva-ayurveda-deva-harmony.jpg","contentUrl":"https:\/\/devaharmony.com\/pl\/wp-content\/uploads\/2023\/07\/lyzeczka-miarka-jiva-ayurveda-deva-harmony.jpg","width":800,"height":1200},{"@type":"BreadcrumbList","@id":"https:\/\/devaharmony.com\/pl\/sklep\/lyzeczka-dozownik-do-ziol\/#breadcrumb","itemListElement":[{"@type":"ListItem","position":1,"name":"Strona g\u0142\u00f3wna","item":"https:\/\/devaharmony.com\/pl\/"},{"@type":"ListItem","position":2,"name":"Produkty Ajurwedyjskie","item":"https:\/\/devaharmony.com\/pl\/produkty-ajurwedyjskie\/"},{"@type":"ListItem","position":3,"name":"\u0141y\u017ceczka\/dozownik do zi\u00f3l"}]},{"@type":"WebSite","@id":"https:\/\/devaharmony.com\/pl\/#website","url":"https:\/\/devaharmony.com\/pl\/","name":"Deva Harmony Polska","description":"Ajurwedyjskie Suplementy Diety","potentialAction":[{"@type":"SearchAction","target":{"@type":"EntryPoint","urlTemplate":"https:\/\/devaharmony.com\/pl\/?s={search_term_string}"},"query-input":"required name=search_term_string"}],"inLanguage":"pl-PL"}]}},"_links":{"self":[{"href":"https:\/\/devaharmony.com\/pl\/wp-json\/wp\/v2\/product\/20200","targetHints":{"allow":["GET"]}}],"collection":[{"href":"https:\/\/devaharmony.com\/pl\/wp-json\/wp\/v2\/product"}],"about":[{"href":"https:\/\/devaharmony.com\/pl\/wp-json\/wp\/v2\/types\/product"}],"wp:featuredmedia":[{"embeddable":true,"href":"https:\/\/devaharmony.com\/pl\/wp-json\/wp\/v2\/media\/20199"}],"wp:attachment":[{"href":"https:\/\/devaharmony.com\/pl\/wp-json\/wp\/v2\/media?parent=20200"}],"wp:term":[{"taxonomy":"product_brand","embeddable":true,"href":"https:\/\/devaharmony.com\/pl\/wp-json\/wp\/v2\/product_brand?post=20200"},{"taxonomy":"product_cat","embeddable":true,"href":"https:\/\/devaharmony.com\/pl\/wp-json\/wp\/v2\/product_cat?post=20200"},{"taxonomy":"product_tag","embeddable":true,"href":"https:\/\/devaharmony.com\/pl\/wp-json\/wp\/v2\/product_tag?post=20200"}],"curies":[{"name":"wp","href":"https:\/\/api.w.org\/{rel}","templated":true}]}}