{"id":20085,"date":"2023-07-21T08:32:20","date_gmt":"2023-07-21T07:32:20","guid":{"rendered":"https:\/\/devaharmony.com\/pl\/sklep\/koszulka-z-dosha\/"},"modified":"2026-04-22T12:33:44","modified_gmt":"2026-04-22T11:33:44","slug":"koszulka-z-dosha","status":"publish","type":"product","link":"https:\/\/devaharmony.com\/pl\/sklep\/koszulka-z-dosha\/","title":{"rendered":"Koszulka z Dosha"},"content":{"rendered":"<p><strong>Ajurwedyjski t-shirt z grafik\u0105 DOSHA 100 % bawe\u0142na<\/strong><\/p>\n<p>&nbsp;<\/p>\n<p style=\"font-weight: 400;\">Autorska grafika 5 \u017cywio\u0142\u00f3w <strong>DEVA Harmony<\/strong><\/p>\n<p>Sk\u0142ad: <strong>100% bawe\u0142na<\/strong><\/p>\n<p style=\"font-weight: 400;\">Model<strong>: Unisex<\/strong><\/p>\n<p style=\"font-weight: 400;\">Dost\u0119pne rozmiary: <strong>\u00a0S, M<\/strong><\/p>\n<p style=\"font-weight: 400;\"><em>Przy zam\u00f3wieniu prosimy poda\u0107 wybrany rozmiar w rubryce \u201eUwagi\u201d. W przypadku braku podania rozmiaru wysy\u0142ka rozmiaru losowa.<br \/>\n<\/em><\/p>\n","protected":false},"excerpt":{"rendered":"<p><strong>Ajurwedyjski t-shirt z grafik\u0105 DOSHA 100 % bawe\u0142na<\/strong><\/p>\n<p>&nbsp;<\/p>\n<p>Autorska grafika 5 \u017cywio\u0142\u00f3w DEVA Harmony<\/p>\n<p>&nbsp;<\/p>\n<p>Sk\u0142ad: <strong>100% bawe\u0142na<\/strong><\/p>\n<p>Model: <strong>Unisex<\/strong><\/p>\n<p>Dost\u0119pne rozmiary: <strong>\u00a0S, M<\/strong><\/p>\n<p>&nbsp;<\/p>\n<p>Przy zam\u00f3wieniu prosimy poda\u0107 wybrany rozmiar w rubryce \u201eUwagi\u201d<em>W przypadku braku podania rozmiaru wysy\u0142ka rozmiaru losowa.<\/em>.<\/p>\n","protected":false},"featured_media":26091,"template":"","meta":{"_editorskit_title_hidden":false,"_editorskit_reading_time":0,"_editorskit_is_block_options_detached":false,"_editorskit_block_options_position":"{}"},"product_brand":[],"product_cat":[645,502,28,481,19,483],"product_tag":[],"class_list":{"0":"post-20085","1":"product","2":"type-product","3":"status-publish","4":"has-post-thumbnail","6":"product_cat-green-week","7":"product_cat-ostatnie-sztuki","8":"product_cat-produkty-ajurwedyjskie","9":"product_cat-premium","10":"product_cat-produkty-specjalne","11":"product_cat-deva-promocje","13":"first","14":"instock","15":"sale","16":"taxable","17":"shipping-taxable","18":"purchasable","19":"product-type-simple","20":"add-to-wishlist-before_image"},"acf":{"ilosc_sztuk_w_pudelku":"","ilosc_pudelek_w_kartonie":"","wykluczyc_z_szybkich_zakupow":""},"yoast_head":"<!-- This site is optimized with the Yoast SEO plugin v23.1 - https:\/\/yoast.com\/wordpress\/plugins\/seo\/ -->\n<title>Koszulka z Dosha - Deva Harmony Polska<\/title>\n<meta name=\"robots\" content=\"index, follow, max-snippet:-1, max-image-preview:large, max-video-preview:-1\" \/>\n<link rel=\"canonical\" href=\"https:\/\/devaharmony.com\/pl\/sklep\/koszulka-z-dosha\/\" \/>\n<meta property=\"og:locale\" content=\"pl_PL\" \/>\n<meta property=\"og:type\" content=\"article\" \/>\n<meta property=\"og:title\" content=\"Koszulka z Dosha - Deva Harmony Polska\" \/>\n<meta property=\"og:description\" content=\"Ajurwedyjski t-shirt z grafik\u0105 DOSHA 100 % bawe\u0142na  &nbsp;  Autorska grafika 5 \u017cywio\u0142\u00f3w DEVA Harmony  &nbsp;  Sk\u0142ad: 100% bawe\u0142na  Model: Unisex  Dost\u0119pne rozmiary: \u00a0S, M  &nbsp;  Przy zam\u00f3wieniu prosimy poda\u0107 wybrany rozmiar w rubryce \u201eUwagi\u201dW przypadku braku podania rozmiaru wysy\u0142ka rozmiaru losowa..\" \/>\n<meta property=\"og:url\" content=\"https:\/\/devaharmony.com\/pl\/sklep\/koszulka-z-dosha\/\" \/>\n<meta property=\"og:site_name\" content=\"Deva Harmony Polska\" \/>\n<meta property=\"article:modified_time\" content=\"2026-04-22T11:33:44+00:00\" \/>\n<meta property=\"og:image\" content=\"https:\/\/devaharmony.com\/pl\/wp-content\/uploads\/2023\/07\/koszulka.webp\" \/>\n\t<meta property=\"og:image:width\" content=\"683\" \/>\n\t<meta property=\"og:image:height\" content=\"1024\" \/>\n\t<meta property=\"og:image:type\" content=\"image\/webp\" \/>\n<meta name=\"twitter:card\" content=\"summary_large_image\" \/>\n<meta name=\"twitter:label1\" content=\"Szacowany czas czytania\" \/>\n\t<meta name=\"twitter:data1\" content=\"1 minuta\" \/>\n<script type=\"application\/ld+json\" class=\"yoast-schema-graph\">{\"@context\":\"https:\/\/schema.org\",\"@graph\":[{\"@type\":\"WebPage\",\"@id\":\"https:\/\/devaharmony.com\/pl\/sklep\/koszulka-z-dosha\/\",\"url\":\"https:\/\/devaharmony.com\/pl\/sklep\/koszulka-z-dosha\/\",\"name\":\"Koszulka z Dosha - Deva Harmony Polska\",\"isPartOf\":{\"@id\":\"https:\/\/devaharmony.com\/pl\/#website\"},\"primaryImageOfPage\":{\"@id\":\"https:\/\/devaharmony.com\/pl\/sklep\/koszulka-z-dosha\/#primaryimage\"},\"image\":{\"@id\":\"https:\/\/devaharmony.com\/pl\/sklep\/koszulka-z-dosha\/#primaryimage\"},\"thumbnailUrl\":\"https:\/\/devaharmony.com\/pl\/wp-content\/uploads\/2023\/07\/koszulka.webp\",\"datePublished\":\"2023-07-21T07:32:20+00:00\",\"dateModified\":\"2026-04-22T11:33:44+00:00\",\"breadcrumb\":{\"@id\":\"https:\/\/devaharmony.com\/pl\/sklep\/koszulka-z-dosha\/#breadcrumb\"},\"inLanguage\":\"pl-PL\",\"potentialAction\":[{\"@type\":\"ReadAction\",\"target\":[\"https:\/\/devaharmony.com\/pl\/sklep\/koszulka-z-dosha\/\"]}]},{\"@type\":\"ImageObject\",\"inLanguage\":\"pl-PL\",\"@id\":\"https:\/\/devaharmony.com\/pl\/sklep\/koszulka-z-dosha\/#primaryimage\",\"url\":\"https:\/\/devaharmony.com\/pl\/wp-content\/uploads\/2023\/07\/koszulka.webp\",\"contentUrl\":\"https:\/\/devaharmony.com\/pl\/wp-content\/uploads\/2023\/07\/koszulka.webp\",\"width\":683,\"height\":1024},{\"@type\":\"BreadcrumbList\",\"@id\":\"https:\/\/devaharmony.com\/pl\/sklep\/koszulka-z-dosha\/#breadcrumb\",\"itemListElement\":[{\"@type\":\"ListItem\",\"position\":1,\"name\":\"Strona g\u0142\u00f3wna\",\"item\":\"https:\/\/devaharmony.com\/pl\/\"},{\"@type\":\"ListItem\",\"position\":2,\"name\":\"Produkty Ajurwedyjskie\",\"item\":\"https:\/\/devaharmony.com\/pl\/produkty-ajurwedyjskie\/\"},{\"@type\":\"ListItem\",\"position\":3,\"name\":\"Koszulka z Dosha\"}]},{\"@type\":\"WebSite\",\"@id\":\"https:\/\/devaharmony.com\/pl\/#website\",\"url\":\"https:\/\/devaharmony.com\/pl\/\",\"name\":\"Deva Harmony Polska\",\"description\":\"Ajurwedyjskie Suplementy Diety\",\"potentialAction\":[{\"@type\":\"SearchAction\",\"target\":{\"@type\":\"EntryPoint\",\"urlTemplate\":\"https:\/\/devaharmony.com\/pl\/?s={search_term_string}\"},\"query-input\":\"required name=search_term_string\"}],\"inLanguage\":\"pl-PL\"}]}<\/script>\n<!-- \/ Yoast SEO plugin. -->","yoast_head_json":{"title":"Koszulka z Dosha - Deva Harmony Polska","robots":{"index":"index","follow":"follow","max-snippet":"max-snippet:-1","max-image-preview":"max-image-preview:large","max-video-preview":"max-video-preview:-1"},"canonical":"https:\/\/devaharmony.com\/pl\/sklep\/koszulka-z-dosha\/","og_locale":"pl_PL","og_type":"article","og_title":"Koszulka z Dosha - Deva Harmony Polska","og_description":"Ajurwedyjski t-shirt z grafik\u0105 DOSHA 100 % bawe\u0142na  &nbsp;  Autorska grafika 5 \u017cywio\u0142\u00f3w DEVA Harmony  &nbsp;  Sk\u0142ad: 100% bawe\u0142na  Model: Unisex  Dost\u0119pne rozmiary: \u00a0S, M  &nbsp;  Przy zam\u00f3wieniu prosimy poda\u0107 wybrany rozmiar w rubryce \u201eUwagi\u201dW przypadku braku podania rozmiaru wysy\u0142ka rozmiaru losowa..","og_url":"https:\/\/devaharmony.com\/pl\/sklep\/koszulka-z-dosha\/","og_site_name":"Deva Harmony Polska","article_modified_time":"2026-04-22T11:33:44+00:00","og_image":[{"width":683,"height":1024,"url":"https:\/\/devaharmony.com\/pl\/wp-content\/uploads\/2023\/07\/koszulka.webp","type":"image\/webp"}],"twitter_card":"summary_large_image","twitter_misc":{"Szacowany czas czytania":"1 minuta"},"schema":{"@context":"https:\/\/schema.org","@graph":[{"@type":"WebPage","@id":"https:\/\/devaharmony.com\/pl\/sklep\/koszulka-z-dosha\/","url":"https:\/\/devaharmony.com\/pl\/sklep\/koszulka-z-dosha\/","name":"Koszulka z Dosha - Deva Harmony Polska","isPartOf":{"@id":"https:\/\/devaharmony.com\/pl\/#website"},"primaryImageOfPage":{"@id":"https:\/\/devaharmony.com\/pl\/sklep\/koszulka-z-dosha\/#primaryimage"},"image":{"@id":"https:\/\/devaharmony.com\/pl\/sklep\/koszulka-z-dosha\/#primaryimage"},"thumbnailUrl":"https:\/\/devaharmony.com\/pl\/wp-content\/uploads\/2023\/07\/koszulka.webp","datePublished":"2023-07-21T07:32:20+00:00","dateModified":"2026-04-22T11:33:44+00:00","breadcrumb":{"@id":"https:\/\/devaharmony.com\/pl\/sklep\/koszulka-z-dosha\/#breadcrumb"},"inLanguage":"pl-PL","potentialAction":[{"@type":"ReadAction","target":["https:\/\/devaharmony.com\/pl\/sklep\/koszulka-z-dosha\/"]}]},{"@type":"ImageObject","inLanguage":"pl-PL","@id":"https:\/\/devaharmony.com\/pl\/sklep\/koszulka-z-dosha\/#primaryimage","url":"https:\/\/devaharmony.com\/pl\/wp-content\/uploads\/2023\/07\/koszulka.webp","contentUrl":"https:\/\/devaharmony.com\/pl\/wp-content\/uploads\/2023\/07\/koszulka.webp","width":683,"height":1024},{"@type":"BreadcrumbList","@id":"https:\/\/devaharmony.com\/pl\/sklep\/koszulka-z-dosha\/#breadcrumb","itemListElement":[{"@type":"ListItem","position":1,"name":"Strona g\u0142\u00f3wna","item":"https:\/\/devaharmony.com\/pl\/"},{"@type":"ListItem","position":2,"name":"Produkty Ajurwedyjskie","item":"https:\/\/devaharmony.com\/pl\/produkty-ajurwedyjskie\/"},{"@type":"ListItem","position":3,"name":"Koszulka z Dosha"}]},{"@type":"WebSite","@id":"https:\/\/devaharmony.com\/pl\/#website","url":"https:\/\/devaharmony.com\/pl\/","name":"Deva Harmony Polska","description":"Ajurwedyjskie Suplementy Diety","potentialAction":[{"@type":"SearchAction","target":{"@type":"EntryPoint","urlTemplate":"https:\/\/devaharmony.com\/pl\/?s={search_term_string}"},"query-input":"required name=search_term_string"}],"inLanguage":"pl-PL"}]}},"_links":{"self":[{"href":"https:\/\/devaharmony.com\/pl\/wp-json\/wp\/v2\/product\/20085","targetHints":{"allow":["GET"]}}],"collection":[{"href":"https:\/\/devaharmony.com\/pl\/wp-json\/wp\/v2\/product"}],"about":[{"href":"https:\/\/devaharmony.com\/pl\/wp-json\/wp\/v2\/types\/product"}],"wp:featuredmedia":[{"embeddable":true,"href":"https:\/\/devaharmony.com\/pl\/wp-json\/wp\/v2\/media\/26091"}],"wp:attachment":[{"href":"https:\/\/devaharmony.com\/pl\/wp-json\/wp\/v2\/media?parent=20085"}],"wp:term":[{"taxonomy":"product_brand","embeddable":true,"href":"https:\/\/devaharmony.com\/pl\/wp-json\/wp\/v2\/product_brand?post=20085"},{"taxonomy":"product_cat","embeddable":true,"href":"https:\/\/devaharmony.com\/pl\/wp-json\/wp\/v2\/product_cat?post=20085"},{"taxonomy":"product_tag","embeddable":true,"href":"https:\/\/devaharmony.com\/pl\/wp-json\/wp\/v2\/product_tag?post=20085"}],"curies":[{"name":"wp","href":"https:\/\/api.w.org\/{rel}","templated":true}]}}