{"id":20082,"date":"2023-07-21T08:31:56","date_gmt":"2023-07-21T07:31:56","guid":{"rendered":"https:\/\/devaharmony.com\/pl\/sklep\/indywidualna-konsultacja-ajurwedyjska\/"},"modified":"2026-03-19T09:23:12","modified_gmt":"2026-03-19T08:23:12","slug":"okreslenie-indywidualnej-konstytucji","status":"publish","type":"product","link":"https:\/\/devaharmony.com\/pl\/sklep\/okreslenie-indywidualnej-konstytucji\/","title":{"rendered":"Indywidualna konsultacja ajurwedyjska"},"content":{"rendered":"<p class=\"v1MsoNormal\"><b>INDYWIDUALNA KONSULTACJA AJURWEDYJSKA<\/b><br \/>\nz Grzegorzem Luder\u0105 \u2013 certyfikowanym konsultantem Ajurwedy i wsp\u00f3\u0142za\u0142o\u017cycielem DEVA Harmony.<br \/>\nPozw\u00f3l sobie na spotkanie, kt\u00f3re mo\u017ce odmieni\u0107 Twoje spojrzenie na zdrowie i Tw\u00f3j dobrostan. Ajurweda to nauka, kt\u00f3ra pozwali Ci zrozumie\u0107, dlaczego czujesz si\u0119 tak, jak si\u0119 czujesz, co Ci s\u0142u\u017cy a co zaburza Twoj\u0105 wewn\u0119trzn\u0105 r\u00f3wnowag\u0119.<\/p>\n<p><b><i><\/i><\/b><\/p>\n<p class=\"v1MsoNormal\"><b><i>\u201eUs\u0142uga ma charakter edukacyjno-prozdrowotny, nie stanowi \u015bwiadczenia zdrowotnego<br \/>\nw rozumieniu ustawy o dzia\u0142alno\u015bci leczniczej i nie zast\u0119puje konsultacji lekarskiej\u201d.<\/i><\/b><\/p>\n<p class=\"v1MsoNormal\">\n<p class=\"v1MsoNormal\"><b>Dzi\u0119ki konsultacji z Grzegorzem:<\/b><\/p>\n<ul type=\"disc\">\n<li class=\"v1MsoNormal\">nauczysz si\u0119 odczytywa\u0107 sygna\u0142y swojego cia\u0142a<\/li>\n<li class=\"v1MsoNormal\">zrozumiesz, sk\u0105d bior\u0105 si\u0119 Twoje dolegliwo\u015bci<\/li>\n<li class=\"v1MsoNormal\">dostaniesz konkretne narz\u0119dzia, by dzia\u0142a\u0107 \u2013 naturalnie, skutecznie i z uwa\u017cno\u015bci\u0105<\/li>\n<li class=\"v1MsoNormal\">aspekty stylu \u017cycia, podstawowe przyczyny w zachowaniu, kt\u00f3re mog\u0105 prowadzi\u0107 do<br \/>\nzaburze\u0144 \/ dolegliwo\u015bci oraz schorze\u0144,<\/li>\n<li class=\"v1MsoNormal\">znaczenie prewencji \/ profilaktyki dla utrzymania cia\u0142a, zmys\u0142\u00f3w i umys\u0142u w stanie r\u00f3wnowagi,<\/li>\n<li class=\"v1MsoNormal\">znaczenie r\u00f3wnowagi cia\u0142o\/zmys\u0142y\/umys\u0142\/dusza,<\/li>\n<li class=\"v1MsoNormal\">pisemny feedback z zaleceniami dot. stylu \u017cycia\u00a0<i>(e-mail)<\/i><\/li>\n<\/ul>\n<p class=\"v1MsoNormal\">\n<p class=\"v1MsoNormal\">\u00a0<b>Czas trwania konsultacji:<\/b>\u00a0ok. 2 h + feedback 1 h<\/p>\n<p class=\"v1MsoNormal\">\n<p class=\"v1MsoNormal\"><b>Miejsce:<\/b><\/p>\n<ul type=\"disc\">\n<li class=\"v1MsoNormal\">stacjonarnie \u2013 Rzesz\u00f3w, ul. Lubelska 29 I p. (DEVA Harmony)<\/li>\n<li class=\"v1MsoNormal\">online \u2013 poprzez witryn\u0119 \u201cZoom\u201d \u2013\u00a0<i>link otrzymasz wraz z potwierdzeniem terminu<\/i><\/li>\n<\/ul>\n","protected":false},"excerpt":{"rendered":"<p class=\"v1MsoNormal\"><b>Dzi\u0119ki konsultacji z Grzegorzem:<\/b><\/p>\n<ul type=\"disc\">\n<li class=\"v1MsoNormal\">nauczysz si\u0119 odczytywa\u0107 sygna\u0142y swojego cia\u0142a<\/li>\n<li class=\"v1MsoNormal\">zrozumiesz, sk\u0105d bior\u0105 si\u0119 Twoje dolegliwo\u015bci<\/li>\n<li class=\"v1MsoNormal\">dostaniesz konkretne narz\u0119dzia, by dzia\u0142a\u0107 \u2013 naturalnie, skutecznie i z uwa\u017cno\u015bci\u0105<\/li>\n<li class=\"v1MsoNormal\">aspekty stylu \u017cycia, podstawowe przyczyny w zachowaniu, kt\u00f3re mog\u0105 prowadzi\u0107 do<br \/>\nzaburze\u0144 \/ dolegliwo\u015bci oraz schorze\u0144,<\/li>\n<li class=\"v1MsoNormal\">znaczenie prewencji \/ profilaktyki dla utrzymania cia\u0142a, zmys\u0142\u00f3w i umys\u0142u w stanie r\u00f3wnowagi,<\/li>\n<li class=\"v1MsoNormal\">znaczenie r\u00f3wnowagi cia\u0142o\/zmys\u0142y\/umys\u0142\/dusza,<\/li>\n<li class=\"v1MsoNormal\">pisemny feedback z zaleceniami dot. stylu \u017cycia\u00a0<i>(e-mail)<\/i><\/li>\n<\/ul>\n<p class=\"v1MsoNormal\">\n<p class=\"v1MsoNormal\">\u00a0<b>Czas trwania konsultacji:<\/b>\u00a0ok. 2 h + feedback 1 h<\/p>\n","protected":false},"featured_media":45067,"template":"","meta":{"_editorskit_title_hidden":false,"_editorskit_reading_time":0,"_editorskit_is_block_options_detached":false,"_editorskit_block_options_position":"{}"},"product_brand":[],"product_cat":[481,429,19,28],"product_tag":[],"class_list":{"0":"post-20082","1":"product","2":"type-product","3":"status-publish","4":"has-post-thumbnail","6":"product_cat-premium","7":"product_cat-blokada","8":"product_cat-produkty-specjalne","9":"product_cat-produkty-ajurwedyjskie","11":"first","12":"instock","13":"taxable","14":"shipping-taxable","15":"purchasable","16":"product-type-simple","17":"add-to-wishlist-before_image"},"acf":{"ilosc_sztuk_w_pudelku":"","ilosc_pudelek_w_kartonie":"","wykluczyc_z_szybkich_zakupow":""},"yoast_head":"<!-- This site is optimized with the Yoast SEO plugin v23.1 - https:\/\/yoast.com\/wordpress\/plugins\/seo\/ -->\n<title>Indywidualna konsultacja ajurwedyjska - Deva Harmony Polska<\/title>\n<meta name=\"robots\" content=\"index, follow, max-snippet:-1, max-image-preview:large, max-video-preview:-1\" \/>\n<link rel=\"canonical\" href=\"https:\/\/devaharmony.com\/pl\/sklep\/okreslenie-indywidualnej-konstytucji\/\" \/>\n<meta property=\"og:locale\" content=\"pl_PL\" \/>\n<meta property=\"og:type\" content=\"article\" \/>\n<meta property=\"og:title\" content=\"Indywidualna konsultacja ajurwedyjska - Deva Harmony Polska\" \/>\n<meta property=\"og:description\" content=\"Dzi\u0119ki konsultacji z Grzegorzem:    nauczysz si\u0119 odczytywa\u0107 sygna\u0142y swojego cia\u0142a  zrozumiesz, sk\u0105d bior\u0105 si\u0119 Twoje dolegliwo\u015bci  dostaniesz konkretne narz\u0119dzia, by dzia\u0142a\u0107 \u2013 naturalnie, skutecznie i z uwa\u017cno\u015bci\u0105  aspekty stylu \u017cycia, podstawowe przyczyny w zachowaniu, kt\u00f3re mog\u0105 prowadzi\u0107 do zaburze\u0144 \/ dolegliwo\u015bci oraz schorze\u0144,  znaczenie prewencji \/ profilaktyki dla utrzymania cia\u0142a, zmys\u0142\u00f3w i umys\u0142u w stanie r\u00f3wnowagi,  znaczenie r\u00f3wnowagi cia\u0142o\/zmys\u0142y\/umys\u0142\/dusza,  pisemny feedback z zaleceniami dot. stylu \u017cycia\u00a0(e-mail)   \u00a0Czas trwania konsultacji:\u00a0ok. 2 h + feedback 1 h\" \/>\n<meta property=\"og:url\" content=\"https:\/\/devaharmony.com\/pl\/sklep\/okreslenie-indywidualnej-konstytucji\/\" \/>\n<meta property=\"og:site_name\" content=\"Deva Harmony Polska\" \/>\n<meta property=\"article:modified_time\" content=\"2026-03-19T08:23:12+00:00\" \/>\n<meta property=\"og:image\" content=\"https:\/\/devaharmony.com\/pl\/wp-content\/uploads\/2023\/07\/Konsultacja-Ajurwedyjska.png\" \/>\n\t<meta property=\"og:image:width\" content=\"1080\" \/>\n\t<meta property=\"og:image:height\" content=\"1080\" \/>\n\t<meta property=\"og:image:type\" content=\"image\/png\" \/>\n<meta name=\"twitter:card\" content=\"summary_large_image\" \/>\n<meta name=\"twitter:label1\" content=\"Szacowany czas czytania\" \/>\n\t<meta name=\"twitter:data1\" content=\"2 minuty\" \/>\n<script type=\"application\/ld+json\" class=\"yoast-schema-graph\">{\"@context\":\"https:\/\/schema.org\",\"@graph\":[{\"@type\":\"WebPage\",\"@id\":\"https:\/\/devaharmony.com\/pl\/sklep\/okreslenie-indywidualnej-konstytucji\/\",\"url\":\"https:\/\/devaharmony.com\/pl\/sklep\/okreslenie-indywidualnej-konstytucji\/\",\"name\":\"Indywidualna konsultacja ajurwedyjska - Deva Harmony Polska\",\"isPartOf\":{\"@id\":\"https:\/\/devaharmony.com\/pl\/#website\"},\"primaryImageOfPage\":{\"@id\":\"https:\/\/devaharmony.com\/pl\/sklep\/okreslenie-indywidualnej-konstytucji\/#primaryimage\"},\"image\":{\"@id\":\"https:\/\/devaharmony.com\/pl\/sklep\/okreslenie-indywidualnej-konstytucji\/#primaryimage\"},\"thumbnailUrl\":\"https:\/\/devaharmony.com\/pl\/wp-content\/uploads\/2023\/07\/Konsultacja-Ajurwedyjska.png\",\"datePublished\":\"2023-07-21T07:31:56+00:00\",\"dateModified\":\"2026-03-19T08:23:12+00:00\",\"breadcrumb\":{\"@id\":\"https:\/\/devaharmony.com\/pl\/sklep\/okreslenie-indywidualnej-konstytucji\/#breadcrumb\"},\"inLanguage\":\"pl-PL\",\"potentialAction\":[{\"@type\":\"ReadAction\",\"target\":[\"https:\/\/devaharmony.com\/pl\/sklep\/okreslenie-indywidualnej-konstytucji\/\"]}]},{\"@type\":\"ImageObject\",\"inLanguage\":\"pl-PL\",\"@id\":\"https:\/\/devaharmony.com\/pl\/sklep\/okreslenie-indywidualnej-konstytucji\/#primaryimage\",\"url\":\"https:\/\/devaharmony.com\/pl\/wp-content\/uploads\/2023\/07\/Konsultacja-Ajurwedyjska.png\",\"contentUrl\":\"https:\/\/devaharmony.com\/pl\/wp-content\/uploads\/2023\/07\/Konsultacja-Ajurwedyjska.png\",\"width\":1080,\"height\":1080},{\"@type\":\"BreadcrumbList\",\"@id\":\"https:\/\/devaharmony.com\/pl\/sklep\/okreslenie-indywidualnej-konstytucji\/#breadcrumb\",\"itemListElement\":[{\"@type\":\"ListItem\",\"position\":1,\"name\":\"Strona g\u0142\u00f3wna\",\"item\":\"https:\/\/devaharmony.com\/pl\/\"},{\"@type\":\"ListItem\",\"position\":2,\"name\":\"Produkty Ajurwedyjskie\",\"item\":\"https:\/\/devaharmony.com\/pl\/produkty-ajurwedyjskie\/\"},{\"@type\":\"ListItem\",\"position\":3,\"name\":\"Indywidualna konsultacja ajurwedyjska\"}]},{\"@type\":\"WebSite\",\"@id\":\"https:\/\/devaharmony.com\/pl\/#website\",\"url\":\"https:\/\/devaharmony.com\/pl\/\",\"name\":\"Deva Harmony Polska\",\"description\":\"Ajurwedyjskie Suplementy Diety\",\"potentialAction\":[{\"@type\":\"SearchAction\",\"target\":{\"@type\":\"EntryPoint\",\"urlTemplate\":\"https:\/\/devaharmony.com\/pl\/?s={search_term_string}\"},\"query-input\":\"required name=search_term_string\"}],\"inLanguage\":\"pl-PL\"}]}<\/script>\n<!-- \/ Yoast SEO plugin. -->","yoast_head_json":{"title":"Indywidualna konsultacja ajurwedyjska - Deva Harmony Polska","robots":{"index":"index","follow":"follow","max-snippet":"max-snippet:-1","max-image-preview":"max-image-preview:large","max-video-preview":"max-video-preview:-1"},"canonical":"https:\/\/devaharmony.com\/pl\/sklep\/okreslenie-indywidualnej-konstytucji\/","og_locale":"pl_PL","og_type":"article","og_title":"Indywidualna konsultacja ajurwedyjska - Deva Harmony Polska","og_description":"Dzi\u0119ki konsultacji z Grzegorzem:    nauczysz si\u0119 odczytywa\u0107 sygna\u0142y swojego cia\u0142a  zrozumiesz, sk\u0105d bior\u0105 si\u0119 Twoje dolegliwo\u015bci  dostaniesz konkretne narz\u0119dzia, by dzia\u0142a\u0107 \u2013 naturalnie, skutecznie i z uwa\u017cno\u015bci\u0105  aspekty stylu \u017cycia, podstawowe przyczyny w zachowaniu, kt\u00f3re mog\u0105 prowadzi\u0107 do zaburze\u0144 \/ dolegliwo\u015bci oraz schorze\u0144,  znaczenie prewencji \/ profilaktyki dla utrzymania cia\u0142a, zmys\u0142\u00f3w i umys\u0142u w stanie r\u00f3wnowagi,  znaczenie r\u00f3wnowagi cia\u0142o\/zmys\u0142y\/umys\u0142\/dusza,  pisemny feedback z zaleceniami dot. stylu \u017cycia\u00a0(e-mail)   \u00a0Czas trwania konsultacji:\u00a0ok. 2 h + feedback 1 h","og_url":"https:\/\/devaharmony.com\/pl\/sklep\/okreslenie-indywidualnej-konstytucji\/","og_site_name":"Deva Harmony Polska","article_modified_time":"2026-03-19T08:23:12+00:00","og_image":[{"width":1080,"height":1080,"url":"https:\/\/devaharmony.com\/pl\/wp-content\/uploads\/2023\/07\/Konsultacja-Ajurwedyjska.png","type":"image\/png"}],"twitter_card":"summary_large_image","twitter_misc":{"Szacowany czas czytania":"2 minuty"},"schema":{"@context":"https:\/\/schema.org","@graph":[{"@type":"WebPage","@id":"https:\/\/devaharmony.com\/pl\/sklep\/okreslenie-indywidualnej-konstytucji\/","url":"https:\/\/devaharmony.com\/pl\/sklep\/okreslenie-indywidualnej-konstytucji\/","name":"Indywidualna konsultacja ajurwedyjska - Deva Harmony Polska","isPartOf":{"@id":"https:\/\/devaharmony.com\/pl\/#website"},"primaryImageOfPage":{"@id":"https:\/\/devaharmony.com\/pl\/sklep\/okreslenie-indywidualnej-konstytucji\/#primaryimage"},"image":{"@id":"https:\/\/devaharmony.com\/pl\/sklep\/okreslenie-indywidualnej-konstytucji\/#primaryimage"},"thumbnailUrl":"https:\/\/devaharmony.com\/pl\/wp-content\/uploads\/2023\/07\/Konsultacja-Ajurwedyjska.png","datePublished":"2023-07-21T07:31:56+00:00","dateModified":"2026-03-19T08:23:12+00:00","breadcrumb":{"@id":"https:\/\/devaharmony.com\/pl\/sklep\/okreslenie-indywidualnej-konstytucji\/#breadcrumb"},"inLanguage":"pl-PL","potentialAction":[{"@type":"ReadAction","target":["https:\/\/devaharmony.com\/pl\/sklep\/okreslenie-indywidualnej-konstytucji\/"]}]},{"@type":"ImageObject","inLanguage":"pl-PL","@id":"https:\/\/devaharmony.com\/pl\/sklep\/okreslenie-indywidualnej-konstytucji\/#primaryimage","url":"https:\/\/devaharmony.com\/pl\/wp-content\/uploads\/2023\/07\/Konsultacja-Ajurwedyjska.png","contentUrl":"https:\/\/devaharmony.com\/pl\/wp-content\/uploads\/2023\/07\/Konsultacja-Ajurwedyjska.png","width":1080,"height":1080},{"@type":"BreadcrumbList","@id":"https:\/\/devaharmony.com\/pl\/sklep\/okreslenie-indywidualnej-konstytucji\/#breadcrumb","itemListElement":[{"@type":"ListItem","position":1,"name":"Strona g\u0142\u00f3wna","item":"https:\/\/devaharmony.com\/pl\/"},{"@type":"ListItem","position":2,"name":"Produkty Ajurwedyjskie","item":"https:\/\/devaharmony.com\/pl\/produkty-ajurwedyjskie\/"},{"@type":"ListItem","position":3,"name":"Indywidualna konsultacja ajurwedyjska"}]},{"@type":"WebSite","@id":"https:\/\/devaharmony.com\/pl\/#website","url":"https:\/\/devaharmony.com\/pl\/","name":"Deva Harmony Polska","description":"Ajurwedyjskie Suplementy Diety","potentialAction":[{"@type":"SearchAction","target":{"@type":"EntryPoint","urlTemplate":"https:\/\/devaharmony.com\/pl\/?s={search_term_string}"},"query-input":"required name=search_term_string"}],"inLanguage":"pl-PL"}]}},"_links":{"self":[{"href":"https:\/\/devaharmony.com\/pl\/wp-json\/wp\/v2\/product\/20082","targetHints":{"allow":["GET"]}}],"collection":[{"href":"https:\/\/devaharmony.com\/pl\/wp-json\/wp\/v2\/product"}],"about":[{"href":"https:\/\/devaharmony.com\/pl\/wp-json\/wp\/v2\/types\/product"}],"wp:featuredmedia":[{"embeddable":true,"href":"https:\/\/devaharmony.com\/pl\/wp-json\/wp\/v2\/media\/45067"}],"wp:attachment":[{"href":"https:\/\/devaharmony.com\/pl\/wp-json\/wp\/v2\/media?parent=20082"}],"wp:term":[{"taxonomy":"product_brand","embeddable":true,"href":"https:\/\/devaharmony.com\/pl\/wp-json\/wp\/v2\/product_brand?post=20082"},{"taxonomy":"product_cat","embeddable":true,"href":"https:\/\/devaharmony.com\/pl\/wp-json\/wp\/v2\/product_cat?post=20082"},{"taxonomy":"product_tag","embeddable":true,"href":"https:\/\/devaharmony.com\/pl\/wp-json\/wp\/v2\/product_tag?post=20082"}],"curies":[{"name":"wp","href":"https:\/\/api.w.org\/{rel}","templated":true}]}}