{"id":9235,"date":"2022-10-20T09:39:08","date_gmt":"2022-10-20T09:39:08","guid":{"rendered":"https:\/\/devaharmony.com\/pl\/?page_id=9235"},"modified":"2025-09-23T12:15:40","modified_gmt":"2025-09-23T11:15:40","slug":"cennik-dostaw-z-dn-15-02-2023r","status":"publish","type":"page","link":"https:\/\/devaharmony.com\/pl\/cennik-dostaw-z-dn-15-02-2023r\/","title":{"rendered":"Cennik dostaw z dn. 23.09.2025 r."},"content":{"rendered":"\n<p><\/p>\n\n\n\n<figure class=\"wp-block-table is-style-stripes\"><table><thead><tr><th class=\"has-text-align-left\" data-align=\"left\">Wysy\u0142ka na terenie Polski<\/th><th class=\"has-text-align-left\" data-align=\"left\">Kwota <\/th><\/tr><\/thead><tbody><tr><td class=\"has-text-align-left\" data-align=\"left\">ORLEN Paczka<\/td><td class=\"has-text-align-left\" data-align=\"left\">14,90 z\u0142<\/td><\/tr><tr><td class=\"has-text-align-left\" data-align=\"left\">Kurier (InPost)<\/td><td class=\"has-text-align-left\" data-align=\"left\">16 z\u0142<\/td><\/tr><tr><td class=\"has-text-align-left\" data-align=\"left\">Polska Kurier (DPD)<\/td><td class=\"has-text-align-left\" data-align=\"left\">16 z\u0142<\/td><\/tr><tr><td class=\"has-text-align-left\" data-align=\"left\">Polska Kurier (DPD Pobranie)<\/td><td class=\"has-text-align-left\" data-align=\"left\">22,50 z\u0142<\/td><\/tr><tr><td class=\"has-text-align-left\" data-align=\"left\">Polska Paczkomaty InPost<\/td><td class=\"has-text-align-left\" data-align=\"left\">12,90 z\u0142<\/td><\/tr><tr><td class=\"has-text-align-left\" data-align=\"left\">Polska Paczkomaty InPost (za pobraniem)<\/td><td class=\"has-text-align-left\" data-align=\"left\">22,50 z\u0142<\/td><\/tr><\/tbody><\/table><figcaption class=\"wp-element-caption\">*Kwoty podane w tabeli s\u0105 cenami brutto<\/figcaption><\/figure>\n\n\n\n<p class=\"has-medium-font-size\"><br><strong>Przesy\u0142ki zagraniczne<\/strong><\/p>\n\n\n\n<figure class=\"wp-block-table is-style-stripes\"><table class=\"has-fixed-layout\"><thead><tr><th class=\"has-text-align-left\" data-align=\"left\">Kraj<\/th><th class=\"has-text-align-center\" data-align=\"center\">Waga przesy\u0142ki<br>0 &#8211; 3 kg<\/th><th class=\"has-text-align-center\" data-align=\"center\">Waga przesy\u0142ki<br>3 &#8211; 10 kg<\/th><\/tr><\/thead><tbody><tr><td class=\"has-text-align-left\" data-align=\"left\">Austria<\/td><td class=\"has-text-align-center\" data-align=\"center\">55 z\u0142<\/td><td class=\"has-text-align-center\" data-align=\"center\">145 z\u0142<\/td><\/tr><tr><td class=\"has-text-align-left\" data-align=\"left\">Belgia<\/td><td class=\"has-text-align-center\" data-align=\"center\">55 z\u0142<\/td><td class=\"has-text-align-center\" data-align=\"center\">145 z\u0142<\/td><\/tr><tr><td class=\"has-text-align-left\" data-align=\"left\">Bu\u0142garia<\/td><td class=\"has-text-align-center\" data-align=\"center\">80 z\u0142<\/td><td class=\"has-text-align-center\" data-align=\"center\">145 z\u0142<\/td><\/tr><tr><td class=\"has-text-align-left\" data-align=\"left\">Chorwacja<\/td><td class=\"has-text-align-center\" data-align=\"center\">100 z\u0142<\/td><td class=\"has-text-align-center\" data-align=\"center\">185 z\u0142<\/td><\/tr><tr><td class=\"has-text-align-left\" data-align=\"left\">Czechy<\/td><td class=\"has-text-align-center\" data-align=\"center\">55 z\u0142<\/td><td class=\"has-text-align-center\" data-align=\"center\">145z\u0142<\/td><\/tr><tr><td class=\"has-text-align-left\" data-align=\"left\">Dania<\/td><td class=\"has-text-align-center\" data-align=\"center\">80 z\u0142<\/td><td class=\"has-text-align-center\" data-align=\"center\">145 z\u0142<\/td><\/tr><tr><td class=\"has-text-align-left\" data-align=\"left\">Estonia<\/td><td class=\"has-text-align-center\" data-align=\"center\">69 z\u0142<\/td><td class=\"has-text-align-center\" data-align=\"center\">145 z\u0142<\/td><\/tr><tr><td class=\"has-text-align-left\" data-align=\"left\">Finlandia<\/td><td class=\"has-text-align-center\" data-align=\"center\">100 z\u0142<\/td><td class=\"has-text-align-center\" data-align=\"center\">145 z\u0142<\/td><\/tr><tr><td class=\"has-text-align-left\" data-align=\"left\">Francja<\/td><td class=\"has-text-align-center\" data-align=\"center\">80 z\u0142<\/td><td class=\"has-text-align-center\" data-align=\"center\">145 z\u0142<\/td><\/tr><tr><td class=\"has-text-align-left\" data-align=\"left\">Grecja<\/td><td class=\"has-text-align-center\" data-align=\"center\">120 z\u0142<\/td><td class=\"has-text-align-center\" data-align=\"center\">185 z\u0142<\/td><\/tr><tr><td class=\"has-text-align-left\" data-align=\"left\">Hiszpania<\/td><td class=\"has-text-align-center\" data-align=\"center\">100 z\u0142<\/td><td class=\"has-text-align-center\" data-align=\"center\">185 z\u0142<\/td><\/tr><tr><td class=\"has-text-align-left\" data-align=\"left\">Holandia<\/td><td class=\"has-text-align-center\" data-align=\"center\">55 z\u0142<\/td><td class=\"has-text-align-center\" data-align=\"center\">160 z\u0142<\/td><\/tr><tr><td class=\"has-text-align-left\" data-align=\"left\">Litwa<\/td><td class=\"has-text-align-center\" data-align=\"center\">55 z\u0142<\/td><td class=\"has-text-align-center\" data-align=\"center\">145 z\u0142<\/td><\/tr><tr><td class=\"has-text-align-left\" data-align=\"left\">\u0141otwa<\/td><td class=\"has-text-align-center\" data-align=\"center\">55 z\u0142<\/td><td class=\"has-text-align-center\" data-align=\"center\">145 z\u0142<\/td><\/tr><tr><td class=\"has-text-align-left\" data-align=\"left\">Niemcy<\/td><td class=\"has-text-align-center\" data-align=\"center\">55 z\u0142<\/td><td class=\"has-text-align-center\" data-align=\"center\">145 z\u0142<\/td><\/tr><tr><td class=\"has-text-align-left\" data-align=\"left\">Norwegia<\/td><td class=\"has-text-align-center\" data-align=\"center\">150 z\u0142<\/td><td class=\"has-text-align-center\" data-align=\"center\">185 z\u0142<\/td><\/tr><tr><td class=\"has-text-align-left\" data-align=\"left\">Rumunia<\/td><td class=\"has-text-align-center\" data-align=\"center\">80 z\u0142<\/td><td class=\"has-text-align-center\" data-align=\"center\">145 z\u0142<\/td><\/tr><tr><td class=\"has-text-align-left\" data-align=\"left\">S\u0142owacja<\/td><td class=\"has-text-align-center\" data-align=\"center\">55 z\u0142<\/td><td class=\"has-text-align-center\" data-align=\"center\">145 z\u0142<\/td><\/tr><tr><td class=\"has-text-align-left\" data-align=\"left\">S\u0142owenia<\/td><td class=\"has-text-align-center\" data-align=\"center\">55 z\u0142<\/td><td class=\"has-text-align-center\" data-align=\"center\">145 z\u0142<\/td><\/tr><tr><td class=\"has-text-align-left\" data-align=\"left\">Szwajcaria<\/td><td class=\"has-text-align-center\" data-align=\"center\">80 z\u0142<\/td><td class=\"has-text-align-center\" data-align=\"center\">145 z\u0142<\/td><\/tr><tr><td class=\"has-text-align-left\" data-align=\"left\">Szwecja<\/td><td class=\"has-text-align-center\" data-align=\"center\">100 z\u0142<\/td><td class=\"has-text-align-center\" data-align=\"center\">145 z\u0142<\/td><\/tr><tr><td class=\"has-text-align-left\" data-align=\"left\">Ukraina<\/td><td class=\"has-text-align-center\" data-align=\"center\">65 z\u0142<\/td><td class=\"has-text-align-center\" data-align=\"center\">150 z\u0142<\/td><\/tr><tr><td class=\"has-text-align-left\" data-align=\"left\">W\u0119gry<\/td><td class=\"has-text-align-center\" data-align=\"center\">55 z\u0142<\/td><td class=\"has-text-align-center\" data-align=\"center\">145 z\u0142<\/td><\/tr><tr><td class=\"has-text-align-left\" data-align=\"left\">W\u0142ochy<\/td><td class=\"has-text-align-center\" data-align=\"center\">80 z\u0142<\/td><td class=\"has-text-align-center\" data-align=\"center\">145 z\u0142<\/td><\/tr><\/tbody><\/table><figcaption class=\"wp-element-caption\">*Kwoty podane w tabeli s\u0105 cenami brutto<\/figcaption><\/figure>\n\n\n\n<p>*<strong>Cena przesy\u0142ek powy\u017cej 10 kg b\u0119dzie ustalana indywidualnie. <\/strong><\/p>\n\n\n\n<p><strong>**W przypadku nieodebrania przesy\u0142ki przez klienta docelowego, a nast\u0119pnie jej zwrotu do nadawcy zostanie na dokumencie sprzeda\u017cy doliczony koszt przesy\u0142ki zwrotnej, zgodnie z powy\u017cszym cennikiem dostaw.<\/strong><\/p>\n","protected":false},"excerpt":{"rendered":"<p>Wysy\u0142ka na terenie Polski Kwota ORLEN Paczka 14,90 z\u0142 Kurier (InPost) 16 z\u0142 Polska Kurier (DPD) 16 z\u0142 Polska Kurier (DPD Pobranie) 22,50 z\u0142 Polska Paczkomaty InPost 12,90 z\u0142 Polska Paczkomaty InPost (za pobraniem) 22,50 z\u0142 *Kwoty podane w tabeli s\u0105 cenami brutto Przesy\u0142ki zagraniczne Kraj Waga przesy\u0142ki0 &#8211; 3 kg Waga przesy\u0142ki3 &#8211; 10 [&hellip;]<\/p>\n","protected":false},"author":59,"featured_media":0,"parent":0,"menu_order":0,"comment_status":"closed","ping_status":"closed","template":"","meta":{"_editorskit_title_hidden":false,"_editorskit_reading_time":0,"_editorskit_is_block_options_detached":false,"_editorskit_block_options_position":"{}","footnotes":""},"class_list":["post-9235","page","type-page","status-publish","hentry"],"acf":[],"yoast_head":"<!-- This site is optimized with the Yoast SEO plugin v23.1 - https:\/\/yoast.com\/wordpress\/plugins\/seo\/ -->\n<title>Cennik dostaw z dn. 23.09.2025 r. - Deva Harmony Polska<\/title>\n<meta name=\"robots\" content=\"index, follow, max-snippet:-1, max-image-preview:large, max-video-preview:-1\" \/>\n<link rel=\"canonical\" href=\"https:\/\/devaharmony.com\/pl\/cennik-dostaw-z-dn-15-02-2023r\/\" \/>\n<meta property=\"og:locale\" content=\"pl_PL\" \/>\n<meta property=\"og:type\" content=\"article\" \/>\n<meta property=\"og:title\" content=\"Cennik dostaw z dn. 23.09.2025 r. - Deva Harmony Polska\" \/>\n<meta property=\"og:description\" content=\"Wysy\u0142ka na terenie Polski Kwota ORLEN Paczka 14,90 z\u0142 Kurier (InPost) 16 z\u0142 Polska Kurier (DPD) 16 z\u0142 Polska Kurier (DPD Pobranie) 22,50 z\u0142 Polska Paczkomaty InPost 12,90 z\u0142 Polska Paczkomaty InPost (za pobraniem) 22,50 z\u0142 *Kwoty podane w tabeli s\u0105 cenami brutto Przesy\u0142ki zagraniczne Kraj Waga przesy\u0142ki0 &#8211; 3 kg Waga przesy\u0142ki3 &#8211; 10 [&hellip;]\" \/>\n<meta property=\"og:url\" content=\"https:\/\/devaharmony.com\/pl\/cennik-dostaw-z-dn-15-02-2023r\/\" \/>\n<meta property=\"og:site_name\" content=\"Deva Harmony Polska\" \/>\n<meta property=\"article:modified_time\" content=\"2025-09-23T11:15:40+00:00\" \/>\n<meta name=\"twitter:card\" content=\"summary_large_image\" \/>\n<meta name=\"twitter:label1\" content=\"Szacowany czas czytania\" \/>\n\t<meta name=\"twitter:data1\" content=\"2 minuty\" \/>\n<script type=\"application\/ld+json\" class=\"yoast-schema-graph\">{\"@context\":\"https:\/\/schema.org\",\"@graph\":[{\"@type\":\"WebPage\",\"@id\":\"https:\/\/devaharmony.com\/pl\/cennik-dostaw-z-dn-15-02-2023r\/\",\"url\":\"https:\/\/devaharmony.com\/pl\/cennik-dostaw-z-dn-15-02-2023r\/\",\"name\":\"Cennik dostaw z dn. 23.09.2025 r. - Deva Harmony Polska\",\"isPartOf\":{\"@id\":\"https:\/\/devaharmony.com\/pl\/#website\"},\"datePublished\":\"2022-10-20T09:39:08+00:00\",\"dateModified\":\"2025-09-23T11:15:40+00:00\",\"breadcrumb\":{\"@id\":\"https:\/\/devaharmony.com\/pl\/cennik-dostaw-z-dn-15-02-2023r\/#breadcrumb\"},\"inLanguage\":\"pl-PL\",\"potentialAction\":[{\"@type\":\"ReadAction\",\"target\":[\"https:\/\/devaharmony.com\/pl\/cennik-dostaw-z-dn-15-02-2023r\/\"]}]},{\"@type\":\"BreadcrumbList\",\"@id\":\"https:\/\/devaharmony.com\/pl\/cennik-dostaw-z-dn-15-02-2023r\/#breadcrumb\",\"itemListElement\":[{\"@type\":\"ListItem\",\"position\":1,\"name\":\"Strona g\u0142\u00f3wna\",\"item\":\"https:\/\/devaharmony.com\/pl\/\"},{\"@type\":\"ListItem\",\"position\":2,\"name\":\"Cennik dostaw z dn. 23.09.2025 r.\"}]},{\"@type\":\"WebSite\",\"@id\":\"https:\/\/devaharmony.com\/pl\/#website\",\"url\":\"https:\/\/devaharmony.com\/pl\/\",\"name\":\"Deva Harmony Polska\",\"description\":\"Ajurwedyjskie Suplementy Diety\",\"potentialAction\":[{\"@type\":\"SearchAction\",\"target\":{\"@type\":\"EntryPoint\",\"urlTemplate\":\"https:\/\/devaharmony.com\/pl\/?s={search_term_string}\"},\"query-input\":\"required name=search_term_string\"}],\"inLanguage\":\"pl-PL\"}]}<\/script>\n<!-- \/ Yoast SEO plugin. -->","yoast_head_json":{"title":"Cennik dostaw z dn. 23.09.2025 r. - Deva Harmony Polska","robots":{"index":"index","follow":"follow","max-snippet":"max-snippet:-1","max-image-preview":"max-image-preview:large","max-video-preview":"max-video-preview:-1"},"canonical":"https:\/\/devaharmony.com\/pl\/cennik-dostaw-z-dn-15-02-2023r\/","og_locale":"pl_PL","og_type":"article","og_title":"Cennik dostaw z dn. 23.09.2025 r. - Deva Harmony Polska","og_description":"Wysy\u0142ka na terenie Polski Kwota ORLEN Paczka 14,90 z\u0142 Kurier (InPost) 16 z\u0142 Polska Kurier (DPD) 16 z\u0142 Polska Kurier (DPD Pobranie) 22,50 z\u0142 Polska Paczkomaty InPost 12,90 z\u0142 Polska Paczkomaty InPost (za pobraniem) 22,50 z\u0142 *Kwoty podane w tabeli s\u0105 cenami brutto Przesy\u0142ki zagraniczne Kraj Waga przesy\u0142ki0 &#8211; 3 kg Waga przesy\u0142ki3 &#8211; 10 [&hellip;]","og_url":"https:\/\/devaharmony.com\/pl\/cennik-dostaw-z-dn-15-02-2023r\/","og_site_name":"Deva Harmony Polska","article_modified_time":"2025-09-23T11:15:40+00:00","twitter_card":"summary_large_image","twitter_misc":{"Szacowany czas czytania":"2 minuty"},"schema":{"@context":"https:\/\/schema.org","@graph":[{"@type":"WebPage","@id":"https:\/\/devaharmony.com\/pl\/cennik-dostaw-z-dn-15-02-2023r\/","url":"https:\/\/devaharmony.com\/pl\/cennik-dostaw-z-dn-15-02-2023r\/","name":"Cennik dostaw z dn. 23.09.2025 r. - Deva Harmony Polska","isPartOf":{"@id":"https:\/\/devaharmony.com\/pl\/#website"},"datePublished":"2022-10-20T09:39:08+00:00","dateModified":"2025-09-23T11:15:40+00:00","breadcrumb":{"@id":"https:\/\/devaharmony.com\/pl\/cennik-dostaw-z-dn-15-02-2023r\/#breadcrumb"},"inLanguage":"pl-PL","potentialAction":[{"@type":"ReadAction","target":["https:\/\/devaharmony.com\/pl\/cennik-dostaw-z-dn-15-02-2023r\/"]}]},{"@type":"BreadcrumbList","@id":"https:\/\/devaharmony.com\/pl\/cennik-dostaw-z-dn-15-02-2023r\/#breadcrumb","itemListElement":[{"@type":"ListItem","position":1,"name":"Strona g\u0142\u00f3wna","item":"https:\/\/devaharmony.com\/pl\/"},{"@type":"ListItem","position":2,"name":"Cennik dostaw z dn. 23.09.2025 r."}]},{"@type":"WebSite","@id":"https:\/\/devaharmony.com\/pl\/#website","url":"https:\/\/devaharmony.com\/pl\/","name":"Deva Harmony Polska","description":"Ajurwedyjskie Suplementy Diety","potentialAction":[{"@type":"SearchAction","target":{"@type":"EntryPoint","urlTemplate":"https:\/\/devaharmony.com\/pl\/?s={search_term_string}"},"query-input":"required name=search_term_string"}],"inLanguage":"pl-PL"}]}},"_links":{"self":[{"href":"https:\/\/devaharmony.com\/pl\/wp-json\/wp\/v2\/pages\/9235","targetHints":{"allow":["GET"]}}],"collection":[{"href":"https:\/\/devaharmony.com\/pl\/wp-json\/wp\/v2\/pages"}],"about":[{"href":"https:\/\/devaharmony.com\/pl\/wp-json\/wp\/v2\/types\/page"}],"author":[{"embeddable":true,"href":"https:\/\/devaharmony.com\/pl\/wp-json\/wp\/v2\/users\/59"}],"replies":[{"embeddable":true,"href":"https:\/\/devaharmony.com\/pl\/wp-json\/wp\/v2\/comments?post=9235"}],"version-history":[{"count":26,"href":"https:\/\/devaharmony.com\/pl\/wp-json\/wp\/v2\/pages\/9235\/revisions"}],"predecessor-version":[{"id":47170,"href":"https:\/\/devaharmony.com\/pl\/wp-json\/wp\/v2\/pages\/9235\/revisions\/47170"}],"wp:attachment":[{"href":"https:\/\/devaharmony.com\/pl\/wp-json\/wp\/v2\/media?parent=9235"}],"curies":[{"name":"wp","href":"https:\/\/api.w.org\/{rel}","templated":true}]}}