{"id":9041,"date":"2022-10-13T09:22:06","date_gmt":"2022-10-13T09:22:06","guid":{"rendered":"https:\/\/devaharmony.com\/pl\/?page_id=9041"},"modified":"2025-04-11T08:54:09","modified_gmt":"2025-04-11T07:54:09","slug":"roczna-szkola-certyfikujaca-terapeutow-ajurwedy","status":"publish","type":"page","link":"https:\/\/devaharmony.com\/pl\/roczna-szkola-certyfikujaca-terapeutow-ajurwedy\/","title":{"rendered":"Zosta\u0144 Terapeut\u0105 Ajurwedy"},"content":{"rendered":"\n<p><br><\/p>\n\n\n\n<h2 class=\"wp-block-heading\">Zdob\u0105d\u017a rzeteln\u0105 i autentyczn\u0105 wiedz\u0119 z zakresu ajurwedy od ajurwedyjskich nauczycieli.<\/h2>\n\n\n\n<p>Ajurweda uczy nas, aby nasze cia\u0142o by\u0142o w r\u00f3wnowadze a umys\u0142 by\u0142 szcz\u0119\u015bliwy.<\/p>\n\n\n\n<p><strong>Szko\u0142a Certyfikuj\u0105ca Terapeut\u00f3w Ajurwedy <\/strong>to program:<\/p>\n\n\n\n<ul class=\"wp-block-list\"><li> Dla ka\u017cdej osoby, kt\u00f3ra chce zadba\u0107 w spos\u00f3b naturalny o zdrowie swoje i swoich najbli\u017cszych.<\/li><\/ul>\n\n\n\n<ul class=\"wp-block-list\"><li> Dla os\u00f3b pragn\u0105cych zdoby\u0107 nowy zaw\u00f3d otwartych na nowe spojrzenie na cz\u0142owieka.<\/li><\/ul>\n\n\n\n<ul class=\"wp-block-list\"><li> Dla dietetyk\u00f3w, trener\u00f3w, pedagog\u00f3w, psycholog\u00f3w, masa\u017cyst\u00f3w, fizjoterapeut\u00f3w, naturoterapeut\u00f3w, nauczycieli jogi, coach\u00f3w oraz innych os\u00f3b oferuj\u0105cych us\u0142ugi prozdrowotne <br>i zabiegi piel\u0119gnacyjne aby poszerzy\u0107 swoj\u0105 wiedz\u0119, umiej\u0119tno\u015bci oraz zakres oferowanych us\u0142ug.<\/li><\/ul>\n\n\n\n<ul class=\"wp-block-list\"><li>Dla os\u00f3b zainteresowanych holistycznym podej\u015bciem do zdrowia rozumianego jako r\u00f3wnowaga mi\u0119dzy cia\u0142em, umys\u0142em i dusz\u0105.<\/li><\/ul>\n\n\n\n<p><strong>Wi\u0119cej informacji<\/strong> oraz <strong>zapisy <\/strong>na stronie <a href=\"https:\/\/szkola.akademiaatma.com\/\" target=\"_blank\" rel=\"noreferrer noopener\"><strong>https:\/\/szkola.akademiaatma.com\/<\/strong><\/a><\/p>\n\n\n\n<p><\/p>\n","protected":false},"excerpt":{"rendered":"<p>Zdob\u0105d\u017a rzeteln\u0105 i autentyczn\u0105 wiedz\u0119 z zakresu ajurwedy od ajurwedyjskich nauczycieli. Ajurweda uczy nas, aby nasze cia\u0142o by\u0142o w r\u00f3wnowadze a umys\u0142 by\u0142 szcz\u0119\u015bliwy. Szko\u0142a Certyfikuj\u0105ca Terapeut\u00f3w Ajurwedy to program: Dla ka\u017cdej osoby, kt\u00f3ra chce zadba\u0107 w spos\u00f3b naturalny o zdrowie swoje i swoich najbli\u017cszych. Dla os\u00f3b pragn\u0105cych zdoby\u0107 nowy zaw\u00f3d otwartych na nowe spojrzenie [&hellip;]<\/p>\n","protected":false},"author":59,"featured_media":9042,"parent":0,"menu_order":0,"comment_status":"closed","ping_status":"closed","template":"","meta":{"_editorskit_title_hidden":false,"_editorskit_reading_time":0,"_editorskit_is_block_options_detached":false,"_editorskit_block_options_position":"{}","footnotes":""},"class_list":["post-9041","page","type-page","status-publish","has-post-thumbnail","hentry"],"acf":[],"yoast_head":"<!-- This site is optimized with the Yoast SEO plugin v23.1 - https:\/\/yoast.com\/wordpress\/plugins\/seo\/ -->\n<title>Kursy ajurwedy i szkolenia z certyfikatem: Zosta\u0144 Terapeut\u0105 Ajurwedy - Deva Harmony Polska<\/title>\n<meta name=\"robots\" content=\"index, follow, max-snippet:-1, max-image-preview:large, max-video-preview:-1\" \/>\n<link rel=\"canonical\" href=\"https:\/\/devaharmony.com\/pl\/roczna-szkola-certyfikujaca-terapeutow-ajurwedy\/\" \/>\n<meta property=\"og:locale\" content=\"pl_PL\" \/>\n<meta property=\"og:type\" content=\"article\" \/>\n<meta property=\"og:title\" content=\"Kursy ajurwedy i szkolenia z certyfikatem: Zosta\u0144 Terapeut\u0105 Ajurwedy - Deva Harmony Polska\" \/>\n<meta property=\"og:description\" content=\"Zdob\u0105d\u017a rzeteln\u0105 i autentyczn\u0105 wiedz\u0119 z zakresu ajurwedy od ajurwedyjskich nauczycieli. Ajurweda uczy nas, aby nasze cia\u0142o by\u0142o w r\u00f3wnowadze a umys\u0142 by\u0142 szcz\u0119\u015bliwy. Szko\u0142a Certyfikuj\u0105ca Terapeut\u00f3w Ajurwedy to program: Dla ka\u017cdej osoby, kt\u00f3ra chce zadba\u0107 w spos\u00f3b naturalny o zdrowie swoje i swoich najbli\u017cszych. Dla os\u00f3b pragn\u0105cych zdoby\u0107 nowy zaw\u00f3d otwartych na nowe spojrzenie [&hellip;]\" \/>\n<meta property=\"og:url\" content=\"https:\/\/devaharmony.com\/pl\/roczna-szkola-certyfikujaca-terapeutow-ajurwedy\/\" \/>\n<meta property=\"og:site_name\" content=\"Deva Harmony Polska\" \/>\n<meta property=\"article:modified_time\" content=\"2025-04-11T07:54:09+00:00\" \/>\n<meta property=\"og:image\" content=\"https:\/\/devaharmony.com\/pl\/wp-content\/uploads\/2022\/10\/297476253_5462770213803169_5149709298575712598_n.jpg\" \/>\n\t<meta property=\"og:image:width\" content=\"2048\" \/>\n\t<meta property=\"og:image:height\" content=\"2048\" \/>\n\t<meta property=\"og:image:type\" content=\"image\/jpeg\" \/>\n<meta name=\"twitter:card\" content=\"summary_large_image\" \/>\n<meta name=\"twitter:label1\" content=\"Szacowany czas czytania\" \/>\n\t<meta name=\"twitter:data1\" content=\"1 minuta\" \/>\n<script type=\"application\/ld+json\" class=\"yoast-schema-graph\">{\"@context\":\"https:\/\/schema.org\",\"@graph\":[{\"@type\":\"WebPage\",\"@id\":\"https:\/\/devaharmony.com\/pl\/roczna-szkola-certyfikujaca-terapeutow-ajurwedy\/\",\"url\":\"https:\/\/devaharmony.com\/pl\/roczna-szkola-certyfikujaca-terapeutow-ajurwedy\/\",\"name\":\"Kursy ajurwedy i szkolenia z certyfikatem: Zosta\u0144 Terapeut\u0105 Ajurwedy - Deva Harmony Polska\",\"isPartOf\":{\"@id\":\"https:\/\/devaharmony.com\/pl\/#website\"},\"primaryImageOfPage\":{\"@id\":\"https:\/\/devaharmony.com\/pl\/roczna-szkola-certyfikujaca-terapeutow-ajurwedy\/#primaryimage\"},\"image\":{\"@id\":\"https:\/\/devaharmony.com\/pl\/roczna-szkola-certyfikujaca-terapeutow-ajurwedy\/#primaryimage\"},\"thumbnailUrl\":\"https:\/\/devaharmony.com\/pl\/wp-content\/uploads\/2022\/10\/297476253_5462770213803169_5149709298575712598_n.jpg\",\"datePublished\":\"2022-10-13T09:22:06+00:00\",\"dateModified\":\"2025-04-11T07:54:09+00:00\",\"breadcrumb\":{\"@id\":\"https:\/\/devaharmony.com\/pl\/roczna-szkola-certyfikujaca-terapeutow-ajurwedy\/#breadcrumb\"},\"inLanguage\":\"pl-PL\",\"potentialAction\":[{\"@type\":\"ReadAction\",\"target\":[\"https:\/\/devaharmony.com\/pl\/roczna-szkola-certyfikujaca-terapeutow-ajurwedy\/\"]}]},{\"@type\":\"ImageObject\",\"inLanguage\":\"pl-PL\",\"@id\":\"https:\/\/devaharmony.com\/pl\/roczna-szkola-certyfikujaca-terapeutow-ajurwedy\/#primaryimage\",\"url\":\"https:\/\/devaharmony.com\/pl\/wp-content\/uploads\/2022\/10\/297476253_5462770213803169_5149709298575712598_n.jpg\",\"contentUrl\":\"https:\/\/devaharmony.com\/pl\/wp-content\/uploads\/2022\/10\/297476253_5462770213803169_5149709298575712598_n.jpg\",\"width\":2048,\"height\":2048},{\"@type\":\"BreadcrumbList\",\"@id\":\"https:\/\/devaharmony.com\/pl\/roczna-szkola-certyfikujaca-terapeutow-ajurwedy\/#breadcrumb\",\"itemListElement\":[{\"@type\":\"ListItem\",\"position\":1,\"name\":\"Strona g\u0142\u00f3wna\",\"item\":\"https:\/\/devaharmony.com\/pl\/\"},{\"@type\":\"ListItem\",\"position\":2,\"name\":\"Zosta\u0144 Terapeut\u0105 Ajurwedy\"}]},{\"@type\":\"WebSite\",\"@id\":\"https:\/\/devaharmony.com\/pl\/#website\",\"url\":\"https:\/\/devaharmony.com\/pl\/\",\"name\":\"Deva Harmony Polska\",\"description\":\"Ajurwedyjskie Suplementy Diety\",\"potentialAction\":[{\"@type\":\"SearchAction\",\"target\":{\"@type\":\"EntryPoint\",\"urlTemplate\":\"https:\/\/devaharmony.com\/pl\/?s={search_term_string}\"},\"query-input\":\"required name=search_term_string\"}],\"inLanguage\":\"pl-PL\"}]}<\/script>\n<!-- \/ Yoast SEO plugin. -->","yoast_head_json":{"title":"Kursy ajurwedy i szkolenia z certyfikatem: Zosta\u0144 Terapeut\u0105 Ajurwedy - Deva Harmony Polska","robots":{"index":"index","follow":"follow","max-snippet":"max-snippet:-1","max-image-preview":"max-image-preview:large","max-video-preview":"max-video-preview:-1"},"canonical":"https:\/\/devaharmony.com\/pl\/roczna-szkola-certyfikujaca-terapeutow-ajurwedy\/","og_locale":"pl_PL","og_type":"article","og_title":"Kursy ajurwedy i szkolenia z certyfikatem: Zosta\u0144 Terapeut\u0105 Ajurwedy - Deva Harmony Polska","og_description":"Zdob\u0105d\u017a rzeteln\u0105 i autentyczn\u0105 wiedz\u0119 z zakresu ajurwedy od ajurwedyjskich nauczycieli. Ajurweda uczy nas, aby nasze cia\u0142o by\u0142o w r\u00f3wnowadze a umys\u0142 by\u0142 szcz\u0119\u015bliwy. Szko\u0142a Certyfikuj\u0105ca Terapeut\u00f3w Ajurwedy to program: Dla ka\u017cdej osoby, kt\u00f3ra chce zadba\u0107 w spos\u00f3b naturalny o zdrowie swoje i swoich najbli\u017cszych. Dla os\u00f3b pragn\u0105cych zdoby\u0107 nowy zaw\u00f3d otwartych na nowe spojrzenie [&hellip;]","og_url":"https:\/\/devaharmony.com\/pl\/roczna-szkola-certyfikujaca-terapeutow-ajurwedy\/","og_site_name":"Deva Harmony Polska","article_modified_time":"2025-04-11T07:54:09+00:00","og_image":[{"width":2048,"height":2048,"url":"https:\/\/devaharmony.com\/pl\/wp-content\/uploads\/2022\/10\/297476253_5462770213803169_5149709298575712598_n.jpg","type":"image\/jpeg"}],"twitter_card":"summary_large_image","twitter_misc":{"Szacowany czas czytania":"1 minuta"},"schema":{"@context":"https:\/\/schema.org","@graph":[{"@type":"WebPage","@id":"https:\/\/devaharmony.com\/pl\/roczna-szkola-certyfikujaca-terapeutow-ajurwedy\/","url":"https:\/\/devaharmony.com\/pl\/roczna-szkola-certyfikujaca-terapeutow-ajurwedy\/","name":"Kursy ajurwedy i szkolenia z certyfikatem: Zosta\u0144 Terapeut\u0105 Ajurwedy - Deva Harmony Polska","isPartOf":{"@id":"https:\/\/devaharmony.com\/pl\/#website"},"primaryImageOfPage":{"@id":"https:\/\/devaharmony.com\/pl\/roczna-szkola-certyfikujaca-terapeutow-ajurwedy\/#primaryimage"},"image":{"@id":"https:\/\/devaharmony.com\/pl\/roczna-szkola-certyfikujaca-terapeutow-ajurwedy\/#primaryimage"},"thumbnailUrl":"https:\/\/devaharmony.com\/pl\/wp-content\/uploads\/2022\/10\/297476253_5462770213803169_5149709298575712598_n.jpg","datePublished":"2022-10-13T09:22:06+00:00","dateModified":"2025-04-11T07:54:09+00:00","breadcrumb":{"@id":"https:\/\/devaharmony.com\/pl\/roczna-szkola-certyfikujaca-terapeutow-ajurwedy\/#breadcrumb"},"inLanguage":"pl-PL","potentialAction":[{"@type":"ReadAction","target":["https:\/\/devaharmony.com\/pl\/roczna-szkola-certyfikujaca-terapeutow-ajurwedy\/"]}]},{"@type":"ImageObject","inLanguage":"pl-PL","@id":"https:\/\/devaharmony.com\/pl\/roczna-szkola-certyfikujaca-terapeutow-ajurwedy\/#primaryimage","url":"https:\/\/devaharmony.com\/pl\/wp-content\/uploads\/2022\/10\/297476253_5462770213803169_5149709298575712598_n.jpg","contentUrl":"https:\/\/devaharmony.com\/pl\/wp-content\/uploads\/2022\/10\/297476253_5462770213803169_5149709298575712598_n.jpg","width":2048,"height":2048},{"@type":"BreadcrumbList","@id":"https:\/\/devaharmony.com\/pl\/roczna-szkola-certyfikujaca-terapeutow-ajurwedy\/#breadcrumb","itemListElement":[{"@type":"ListItem","position":1,"name":"Strona g\u0142\u00f3wna","item":"https:\/\/devaharmony.com\/pl\/"},{"@type":"ListItem","position":2,"name":"Zosta\u0144 Terapeut\u0105 Ajurwedy"}]},{"@type":"WebSite","@id":"https:\/\/devaharmony.com\/pl\/#website","url":"https:\/\/devaharmony.com\/pl\/","name":"Deva Harmony Polska","description":"Ajurwedyjskie Suplementy Diety","potentialAction":[{"@type":"SearchAction","target":{"@type":"EntryPoint","urlTemplate":"https:\/\/devaharmony.com\/pl\/?s={search_term_string}"},"query-input":"required name=search_term_string"}],"inLanguage":"pl-PL"}]}},"_links":{"self":[{"href":"https:\/\/devaharmony.com\/pl\/wp-json\/wp\/v2\/pages\/9041","targetHints":{"allow":["GET"]}}],"collection":[{"href":"https:\/\/devaharmony.com\/pl\/wp-json\/wp\/v2\/pages"}],"about":[{"href":"https:\/\/devaharmony.com\/pl\/wp-json\/wp\/v2\/types\/page"}],"author":[{"embeddable":true,"href":"https:\/\/devaharmony.com\/pl\/wp-json\/wp\/v2\/users\/59"}],"replies":[{"embeddable":true,"href":"https:\/\/devaharmony.com\/pl\/wp-json\/wp\/v2\/comments?post=9041"}],"version-history":[{"count":8,"href":"https:\/\/devaharmony.com\/pl\/wp-json\/wp\/v2\/pages\/9041\/revisions"}],"predecessor-version":[{"id":44430,"href":"https:\/\/devaharmony.com\/pl\/wp-json\/wp\/v2\/pages\/9041\/revisions\/44430"}],"wp:featuredmedia":[{"embeddable":true,"href":"https:\/\/devaharmony.com\/pl\/wp-json\/wp\/v2\/media\/9042"}],"wp:attachment":[{"href":"https:\/\/devaharmony.com\/pl\/wp-json\/wp\/v2\/media?parent=9041"}],"curies":[{"name":"wp","href":"https:\/\/api.w.org\/{rel}","templated":true}]}}