{"id":8468,"date":"2022-09-16T08:49:54","date_gmt":"2022-09-16T07:49:54","guid":{"rendered":"https:\/\/devaharmony.com\/pl\/?page_id=8468"},"modified":"2023-07-17T14:05:12","modified_gmt":"2023-07-17T13:05:12","slug":"pobyt-w-jivagram","status":"publish","type":"page","link":"https:\/\/devaharmony.com\/pl\/pobyt-w-jivagram\/","title":{"rendered":"Pobyt w Jivagram"},"content":{"rendered":"\n<p>Architektura, kt\u00f3ra uzdrawia<\/p>\n\n\n\n<p>Jivagram zosta\u0142 zaprojektowany terapeutycznie, aby wzmocni\u0107 element sattvy (czysto\u015bci) w tobie. W po\u0142\u0105czeniu z delikatnym o\u015bwietleniem, koj\u0105cymi d\u017awi\u0119kami i uzdrawiaj\u0105cymi zapachami ca\u0142e \u015brodowisko odgrywa rol\u0119 w twojej podr\u00f3\u017cy powrotnej do swasthy (wyr\u00f3wnania).<\/p>\n\n\n\n<figure class=\"wp-block-gallery has-nested-images columns-default is-cropped wp-block-gallery-1 is-layout-flex wp-block-gallery-is-layout-flex\">\n<figure class=\"wp-block-image size-large\"><img decoding=\"async\" width=\"510\" height=\"355\" data-id=\"8929\" src=\"https:\/\/devaharmony.com\/pl\/wp-content\/uploads\/2022\/10\/1-8.png\" alt=\"\" class=\"wp-image-8929\" srcset=\"https:\/\/devaharmony.com\/pl\/wp-content\/uploads\/2022\/10\/1-8.png 510w, https:\/\/devaharmony.com\/pl\/wp-content\/uploads\/2022\/10\/1-8-300x209.png 300w\" sizes=\"(max-width: 510px) 100vw, 510px\" \/><\/figure>\n\n\n\n<figure class=\"wp-block-image size-large\"><img decoding=\"async\" width=\"510\" height=\"355\" data-id=\"8927\" src=\"https:\/\/devaharmony.com\/pl\/wp-content\/uploads\/2022\/10\/2-5.png\" alt=\"\" class=\"wp-image-8927\" srcset=\"https:\/\/devaharmony.com\/pl\/wp-content\/uploads\/2022\/10\/2-5.png 510w, https:\/\/devaharmony.com\/pl\/wp-content\/uploads\/2022\/10\/2-5-300x209.png 300w\" sizes=\"(max-width: 510px) 100vw, 510px\" \/><\/figure>\n\n\n\n<figure class=\"wp-block-image size-large\"><img decoding=\"async\" width=\"510\" height=\"355\" data-id=\"8928\" src=\"https:\/\/devaharmony.com\/pl\/wp-content\/uploads\/2022\/10\/3-5.png\" alt=\"\" class=\"wp-image-8928\" srcset=\"https:\/\/devaharmony.com\/pl\/wp-content\/uploads\/2022\/10\/3-5.png 510w, https:\/\/devaharmony.com\/pl\/wp-content\/uploads\/2022\/10\/3-5-300x209.png 300w\" sizes=\"(max-width: 510px) 100vw, 510px\" \/><\/figure>\n<\/figure>\n\n\n\n<h2 class=\"wp-block-heading\">Opinie o JIVAgram<\/h2>\n\n\n\n<p>UWAGA, TROSKA I POMOC<\/p>\n\n\n\n<div class=\"wp-block-media-text alignwide is-stacked-on-mobile\" style=\"grid-template-columns:25% auto\"><figure class=\"wp-block-media-text__media\"><img decoding=\"async\" width=\"258\" height=\"269\" src=\"https:\/\/devaharmony.com\/pl\/wp-content\/uploads\/2022\/10\/4-1.png\" alt=\"\" class=\"wp-image-8930 size-full\"\/><\/figure><div class=\"wp-block-media-text__content\">\n<p>Bardzo dobrzy lekarze. S\u0142uchaj\u0105 i po\u015bwi\u0119caj\u0105 czas na leczenie. Personel lecz\u0105cy i terapeutyczny jest bardzo uwa\u017cny, troskliwy i pomocny. Pi\u0119kne otoczenie, komfortowe pokoje, serdeczna go\u015bcinno\u015b\u0107 sprawi\u0142y, \u017ce moje do\u015bwiadczenie by\u0142o jeszcze bardziej wyj\u0105tkowe.<br><strong>Lucyna Maria<\/strong><br>(Francja)<\/p>\n<\/div><\/div>\n\n\n\n<div class=\"wp-block-media-text alignwide has-media-on-the-right is-stacked-on-mobile\" style=\"grid-template-columns:auto 25%\"><figure class=\"wp-block-media-text__media\"><img decoding=\"async\" width=\"275\" height=\"288\" src=\"https:\/\/devaharmony.com\/pl\/wp-content\/uploads\/2022\/10\/5-1.png\" alt=\"\" class=\"wp-image-8931 size-full\"\/><\/figure><div class=\"wp-block-media-text__content\">\n<p>Moje do\u015bwiadczenie w Jivagram by\u0142o uzdrawiaj\u0105ce. Jest tak spokojny jak \u015bwi\u0105tynia i pi\u0119knie zaprojektowany z dobrze zaplanowanymi zabiegami, zabawnymi zaj\u0119ciami, takimi jak garncarstwo, lekcje gotowania oraz zdrowymi i pysznymi posi\u0142kami. Moja rodzina by\u0142a zadowolona z pobytu i polecam go wszystkim. Na pewno jeszcze odwiedzimy to miejsce!<br><strong>Lalit Mittal<\/strong><br>(S\u0142owacja, Europa \u015arodkowa)<\/p>\n<\/div><\/div>\n","protected":false},"excerpt":{"rendered":"<p>Architektura, kt\u00f3ra uzdrawia Jivagram zosta\u0142 zaprojektowany terapeutycznie, aby wzmocni\u0107 element sattvy (czysto\u015bci) w tobie. W po\u0142\u0105czeniu z delikatnym o\u015bwietleniem, koj\u0105cymi d\u017awi\u0119kami i uzdrawiaj\u0105cymi zapachami ca\u0142e \u015brodowisko odgrywa rol\u0119 w twojej podr\u00f3\u017cy powrotnej do swasthy (wyr\u00f3wnania). Opinie o JIVAgram UWAGA, TROSKA I POMOC Bardzo dobrzy lekarze. S\u0142uchaj\u0105 i po\u015bwi\u0119caj\u0105 czas na leczenie. Personel lecz\u0105cy i terapeutyczny [&hellip;]<\/p>\n","protected":false},"author":59,"featured_media":0,"parent":0,"menu_order":0,"comment_status":"closed","ping_status":"closed","template":"","meta":{"_editorskit_title_hidden":false,"_editorskit_reading_time":0,"_editorskit_is_block_options_detached":false,"_editorskit_block_options_position":"{}","footnotes":""},"class_list":["post-8468","page","type-page","status-publish","hentry"],"acf":[],"yoast_head":"<!-- This site is optimized with the Yoast SEO plugin v23.1 - https:\/\/yoast.com\/wordpress\/plugins\/seo\/ -->\n<title>Pobyt w Jivagram - Deva Harmony Polska<\/title>\n<meta name=\"robots\" content=\"index, follow, max-snippet:-1, max-image-preview:large, max-video-preview:-1\" \/>\n<link rel=\"canonical\" href=\"https:\/\/devaharmony.com\/pl\/pobyt-w-jivagram\/\" \/>\n<meta property=\"og:locale\" content=\"pl_PL\" \/>\n<meta property=\"og:type\" content=\"article\" \/>\n<meta property=\"og:title\" content=\"Pobyt w Jivagram - Deva Harmony Polska\" \/>\n<meta property=\"og:description\" content=\"Architektura, kt\u00f3ra uzdrawia Jivagram zosta\u0142 zaprojektowany terapeutycznie, aby wzmocni\u0107 element sattvy (czysto\u015bci) w tobie. W po\u0142\u0105czeniu z delikatnym o\u015bwietleniem, koj\u0105cymi d\u017awi\u0119kami i uzdrawiaj\u0105cymi zapachami ca\u0142e \u015brodowisko odgrywa rol\u0119 w twojej podr\u00f3\u017cy powrotnej do swasthy (wyr\u00f3wnania). Opinie o JIVAgram UWAGA, TROSKA I POMOC Bardzo dobrzy lekarze. S\u0142uchaj\u0105 i po\u015bwi\u0119caj\u0105 czas na leczenie. Personel lecz\u0105cy i terapeutyczny [&hellip;]\" \/>\n<meta property=\"og:url\" content=\"https:\/\/devaharmony.com\/pl\/pobyt-w-jivagram\/\" \/>\n<meta property=\"og:site_name\" content=\"Deva Harmony Polska\" \/>\n<meta property=\"article:modified_time\" content=\"2023-07-17T13:05:12+00:00\" \/>\n<meta property=\"og:image\" content=\"https:\/\/devaharmony.com\/pl\/wp-content\/uploads\/2022\/10\/1-8.png\" \/>\n<meta name=\"twitter:card\" content=\"summary_large_image\" \/>\n<meta name=\"twitter:label1\" content=\"Szacowany czas czytania\" \/>\n\t<meta name=\"twitter:data1\" content=\"2 minuty\" \/>\n<script type=\"application\/ld+json\" class=\"yoast-schema-graph\">{\"@context\":\"https:\/\/schema.org\",\"@graph\":[{\"@type\":\"WebPage\",\"@id\":\"https:\/\/devaharmony.com\/pl\/pobyt-w-jivagram\/\",\"url\":\"https:\/\/devaharmony.com\/pl\/pobyt-w-jivagram\/\",\"name\":\"Pobyt w Jivagram - Deva Harmony Polska\",\"isPartOf\":{\"@id\":\"https:\/\/devaharmony.com\/pl\/#website\"},\"primaryImageOfPage\":{\"@id\":\"https:\/\/devaharmony.com\/pl\/pobyt-w-jivagram\/#primaryimage\"},\"image\":{\"@id\":\"https:\/\/devaharmony.com\/pl\/pobyt-w-jivagram\/#primaryimage\"},\"thumbnailUrl\":\"https:\/\/devaharmony.com\/pl\/wp-content\/uploads\/2022\/10\/1-8.png\",\"datePublished\":\"2022-09-16T07:49:54+00:00\",\"dateModified\":\"2023-07-17T13:05:12+00:00\",\"breadcrumb\":{\"@id\":\"https:\/\/devaharmony.com\/pl\/pobyt-w-jivagram\/#breadcrumb\"},\"inLanguage\":\"pl-PL\",\"potentialAction\":[{\"@type\":\"ReadAction\",\"target\":[\"https:\/\/devaharmony.com\/pl\/pobyt-w-jivagram\/\"]}]},{\"@type\":\"ImageObject\",\"inLanguage\":\"pl-PL\",\"@id\":\"https:\/\/devaharmony.com\/pl\/pobyt-w-jivagram\/#primaryimage\",\"url\":\"https:\/\/devaharmony.com\/pl\/wp-content\/uploads\/2022\/10\/1-8.png\",\"contentUrl\":\"https:\/\/devaharmony.com\/pl\/wp-content\/uploads\/2022\/10\/1-8.png\",\"width\":510,\"height\":355},{\"@type\":\"BreadcrumbList\",\"@id\":\"https:\/\/devaharmony.com\/pl\/pobyt-w-jivagram\/#breadcrumb\",\"itemListElement\":[{\"@type\":\"ListItem\",\"position\":1,\"name\":\"Strona g\u0142\u00f3wna\",\"item\":\"https:\/\/devaharmony.com\/pl\/\"},{\"@type\":\"ListItem\",\"position\":2,\"name\":\"Pobyt w Jivagram\"}]},{\"@type\":\"WebSite\",\"@id\":\"https:\/\/devaharmony.com\/pl\/#website\",\"url\":\"https:\/\/devaharmony.com\/pl\/\",\"name\":\"Deva Harmony Polska\",\"description\":\"Ajurwedyjskie Suplementy Diety\",\"potentialAction\":[{\"@type\":\"SearchAction\",\"target\":{\"@type\":\"EntryPoint\",\"urlTemplate\":\"https:\/\/devaharmony.com\/pl\/?s={search_term_string}\"},\"query-input\":\"required name=search_term_string\"}],\"inLanguage\":\"pl-PL\"}]}<\/script>\n<!-- \/ Yoast SEO plugin. -->","yoast_head_json":{"title":"Pobyt w Jivagram - Deva Harmony Polska","robots":{"index":"index","follow":"follow","max-snippet":"max-snippet:-1","max-image-preview":"max-image-preview:large","max-video-preview":"max-video-preview:-1"},"canonical":"https:\/\/devaharmony.com\/pl\/pobyt-w-jivagram\/","og_locale":"pl_PL","og_type":"article","og_title":"Pobyt w Jivagram - Deva Harmony Polska","og_description":"Architektura, kt\u00f3ra uzdrawia Jivagram zosta\u0142 zaprojektowany terapeutycznie, aby wzmocni\u0107 element sattvy (czysto\u015bci) w tobie. W po\u0142\u0105czeniu z delikatnym o\u015bwietleniem, koj\u0105cymi d\u017awi\u0119kami i uzdrawiaj\u0105cymi zapachami ca\u0142e \u015brodowisko odgrywa rol\u0119 w twojej podr\u00f3\u017cy powrotnej do swasthy (wyr\u00f3wnania). Opinie o JIVAgram UWAGA, TROSKA I POMOC Bardzo dobrzy lekarze. S\u0142uchaj\u0105 i po\u015bwi\u0119caj\u0105 czas na leczenie. Personel lecz\u0105cy i terapeutyczny [&hellip;]","og_url":"https:\/\/devaharmony.com\/pl\/pobyt-w-jivagram\/","og_site_name":"Deva Harmony Polska","article_modified_time":"2023-07-17T13:05:12+00:00","og_image":[{"url":"https:\/\/devaharmony.com\/pl\/wp-content\/uploads\/2022\/10\/1-8.png"}],"twitter_card":"summary_large_image","twitter_misc":{"Szacowany czas czytania":"2 minuty"},"schema":{"@context":"https:\/\/schema.org","@graph":[{"@type":"WebPage","@id":"https:\/\/devaharmony.com\/pl\/pobyt-w-jivagram\/","url":"https:\/\/devaharmony.com\/pl\/pobyt-w-jivagram\/","name":"Pobyt w Jivagram - Deva Harmony Polska","isPartOf":{"@id":"https:\/\/devaharmony.com\/pl\/#website"},"primaryImageOfPage":{"@id":"https:\/\/devaharmony.com\/pl\/pobyt-w-jivagram\/#primaryimage"},"image":{"@id":"https:\/\/devaharmony.com\/pl\/pobyt-w-jivagram\/#primaryimage"},"thumbnailUrl":"https:\/\/devaharmony.com\/pl\/wp-content\/uploads\/2022\/10\/1-8.png","datePublished":"2022-09-16T07:49:54+00:00","dateModified":"2023-07-17T13:05:12+00:00","breadcrumb":{"@id":"https:\/\/devaharmony.com\/pl\/pobyt-w-jivagram\/#breadcrumb"},"inLanguage":"pl-PL","potentialAction":[{"@type":"ReadAction","target":["https:\/\/devaharmony.com\/pl\/pobyt-w-jivagram\/"]}]},{"@type":"ImageObject","inLanguage":"pl-PL","@id":"https:\/\/devaharmony.com\/pl\/pobyt-w-jivagram\/#primaryimage","url":"https:\/\/devaharmony.com\/pl\/wp-content\/uploads\/2022\/10\/1-8.png","contentUrl":"https:\/\/devaharmony.com\/pl\/wp-content\/uploads\/2022\/10\/1-8.png","width":510,"height":355},{"@type":"BreadcrumbList","@id":"https:\/\/devaharmony.com\/pl\/pobyt-w-jivagram\/#breadcrumb","itemListElement":[{"@type":"ListItem","position":1,"name":"Strona g\u0142\u00f3wna","item":"https:\/\/devaharmony.com\/pl\/"},{"@type":"ListItem","position":2,"name":"Pobyt w Jivagram"}]},{"@type":"WebSite","@id":"https:\/\/devaharmony.com\/pl\/#website","url":"https:\/\/devaharmony.com\/pl\/","name":"Deva Harmony Polska","description":"Ajurwedyjskie Suplementy Diety","potentialAction":[{"@type":"SearchAction","target":{"@type":"EntryPoint","urlTemplate":"https:\/\/devaharmony.com\/pl\/?s={search_term_string}"},"query-input":"required name=search_term_string"}],"inLanguage":"pl-PL"}]}},"_links":{"self":[{"href":"https:\/\/devaharmony.com\/pl\/wp-json\/wp\/v2\/pages\/8468","targetHints":{"allow":["GET"]}}],"collection":[{"href":"https:\/\/devaharmony.com\/pl\/wp-json\/wp\/v2\/pages"}],"about":[{"href":"https:\/\/devaharmony.com\/pl\/wp-json\/wp\/v2\/types\/page"}],"author":[{"embeddable":true,"href":"https:\/\/devaharmony.com\/pl\/wp-json\/wp\/v2\/users\/59"}],"replies":[{"embeddable":true,"href":"https:\/\/devaharmony.com\/pl\/wp-json\/wp\/v2\/comments?post=8468"}],"version-history":[{"count":7,"href":"https:\/\/devaharmony.com\/pl\/wp-json\/wp\/v2\/pages\/8468\/revisions"}],"predecessor-version":[{"id":19564,"href":"https:\/\/devaharmony.com\/pl\/wp-json\/wp\/v2\/pages\/8468\/revisions\/19564"}],"wp:attachment":[{"href":"https:\/\/devaharmony.com\/pl\/wp-json\/wp\/v2\/media?parent=8468"}],"curies":[{"name":"wp","href":"https:\/\/api.w.org\/{rel}","templated":true}]}}