{"id":8466,"date":"2022-09-16T08:47:21","date_gmt":"2022-09-16T07:47:21","guid":{"rendered":"https:\/\/devaharmony.com\/pl\/?page_id=8466"},"modified":"2023-07-17T14:05:05","modified_gmt":"2023-07-17T13:05:05","slug":"sciezka-refleksologii","status":"publish","type":"page","link":"https:\/\/devaharmony.com\/pl\/sciezka-refleksologii\/","title":{"rendered":"\u015acie\u017cka Refleksologii"},"content":{"rendered":"\n<div class=\"wp-block-media-text alignwide is-stacked-on-mobile\" style=\"grid-template-columns:32% auto\"><figure class=\"wp-block-media-text__media\"><img decoding=\"async\" width=\"637\" height=\"965\" src=\"https:\/\/devaharmony.com\/pl\/wp-content\/uploads\/2022\/10\/1-7.png\" alt=\"\" class=\"wp-image-8913 size-full\" srcset=\"https:\/\/devaharmony.com\/pl\/wp-content\/uploads\/2022\/10\/1-7.png 637w, https:\/\/devaharmony.com\/pl\/wp-content\/uploads\/2022\/10\/1-7-300x454.png 300w, https:\/\/devaharmony.com\/pl\/wp-content\/uploads\/2022\/10\/1-7-600x909.png 600w, https:\/\/devaharmony.com\/pl\/wp-content\/uploads\/2022\/10\/1-7-198x300.png 198w\" sizes=\"(max-width: 637px) 100vw, 637px\" \/><\/figure><div class=\"wp-block-media-text__content\">\n<p style=\"font-size:26px\">Delikatnie stymulacje uzdrawiaj\u0105cych punkt\u00f3w nacisku w ciele.<\/p>\n\n\n\n<ul class=\"wp-block-list\" style=\"font-size:18px\"><li>Specjalne obszary cia\u0142a, takie jak stopy, d\u0142onie i uszy, odpowiadaj\u0105 narz\u0105dom i uk\u0142adom cia\u0142a. Refleksologia to uzdrawiaj\u0105ca terapia wywierania nacisku na te okre\u015blone obszary i pobudzaj\u0105ca niezwyk\u0142\u0105 zdolno\u015b\u0107 organizmu do samoleczenia. Jest skuteczna w leczeniu wielu r\u00f3\u017cnych schorze\u0144, takich jak astma i cukrzyca.<\/li><\/ul>\n\n\n\n<ul class=\"wp-block-list\" style=\"font-size:18px\"><li>\u015acie\u017cka refleksologii w Jivagram jest specjalnie zaprojektowana do stymulacji meridian\u00f3w energetycznych w ciele poprzez specjalne strefy odruch\u00f3w w podeszwach st\u00f3p.<\/li><\/ul>\n<\/div><\/div>\n\n\n\n<h2 class=\"wp-block-heading\">Raag Chikitsa (muzykoterapia) &#8211; uzdrawianie d\u017awi\u0119kami<\/h2>\n\n\n\n<p>\u201eRaga\u201d to sanskryckie s\u0142owo, kt\u00f3re oznacza melodie, kt\u00f3re wp\u0142ywaj\u0105 na emocje i stymuluj\u0105 uzdrawiaj\u0105ce cz\u0119stotliwo\u015bci poprzez aktywacj\u0119 kana\u0142\u00f3w pozytywnej energii w twoim ciele. Ragi maj\u0105 g\u0142\u0119boki terapeutyczny wp\u0142yw na umys\u0142 i cia\u0142o.<br>W Jivagram r\u0119cznie wybrali\u015bmy najpopularniejsze i najskuteczniejsze ragi z Shastriya, Carnatic i Folk Music, kt\u00f3re zwi\u0119kszaj\u0105 pran\u0119 (\u017cycie) i pozytywne energie uzdrawiaj\u0105ce. Na podstawie Twojej konsultacji lekarz dobierze dla Ciebie konkretne ragi, kt\u00f3re pomog\u0105 uzdrowi\u0107 i odm\u0142odzi\u0107 Twoje cia\u0142o, umys\u0142 i dusz\u0119 od wewn\u0105trz.<\/p>\n\n\n\n<figure class=\"wp-block-gallery has-nested-images columns-default is-cropped wp-block-gallery-1 is-layout-flex wp-block-gallery-is-layout-flex\">\n<figure class=\"wp-block-image size-large\"><img decoding=\"async\" width=\"707\" height=\"512\" data-id=\"8918\" src=\"https:\/\/devaharmony.com\/pl\/wp-content\/uploads\/2022\/10\/2-4.png\" alt=\"\" class=\"wp-image-8918\" srcset=\"https:\/\/devaharmony.com\/pl\/wp-content\/uploads\/2022\/10\/2-4.png 707w, https:\/\/devaharmony.com\/pl\/wp-content\/uploads\/2022\/10\/2-4-300x217.png 300w, https:\/\/devaharmony.com\/pl\/wp-content\/uploads\/2022\/10\/2-4-600x435.png 600w\" sizes=\"(max-width: 707px) 100vw, 707px\" \/><\/figure>\n<\/figure>\n\n\n\n<h2 class=\"wp-block-heading\">Terapia Mudra<\/h2>\n\n\n\n<div class=\"wp-block-media-text alignwide has-media-on-the-right is-stacked-on-mobile\" style=\"grid-template-columns:auto 32%\"><figure class=\"wp-block-media-text__media\"><img decoding=\"async\" width=\"643\" height=\"965\" src=\"https:\/\/devaharmony.com\/pl\/wp-content\/uploads\/2022\/10\/3-4.png\" alt=\"\" class=\"wp-image-8919 size-full\" srcset=\"https:\/\/devaharmony.com\/pl\/wp-content\/uploads\/2022\/10\/3-4.png 643w, https:\/\/devaharmony.com\/pl\/wp-content\/uploads\/2022\/10\/3-4-300x450.png 300w, https:\/\/devaharmony.com\/pl\/wp-content\/uploads\/2022\/10\/3-4-600x900.png 600w, https:\/\/devaharmony.com\/pl\/wp-content\/uploads\/2022\/10\/3-4-200x300.png 200w\" sizes=\"(max-width: 643px) 100vw, 643px\" \/><\/figure><div class=\"wp-block-media-text__content\">\n<p style=\"font-size:18px\">Mudra oznacza \u201epiecz\u0119\u0107 lub znak\u201d, gest, kt\u00f3ry wp\u0142ywa na energi\u0119 w ciele. Terapia Mudra opiera si\u0119 na pi\u0119ciu podstawowych elementach Ajurwedy, kt\u00f3re sk\u0142adaj\u0105 si\u0119 na ludzkie cia\u0142o \u2013 Ziemi, Wody, Ognia, Powietrza i Przestrzeni. Jakakolwiek nier\u00f3wnowaga w tych pi\u0119ciu elementach mo\u017ce sprawi\u0107, \u017ce b\u0119dziesz podatny na choroby. 5 palc\u00f3w naszej d\u0142oni reprezentuje te 5 podstawowych element\u00f3w:<\/p>\n\n\n\n<p>\u2022 kciuk reprezentuje ogie\u0144<br>\u2022 palec wskazuj\u0105cy reprezentuje powietrze<br>\u2022 \u015brodkowy palec reprezentuje przestrze\u0144<br>\u2022 palec serdeczny reprezentuje ziemi\u0119<br>\u2022 ma\u0142y palec reprezentuje wod\u0119<\/p>\n\n\n\n<p>Uciskanie okre\u015blonych punkt\u00f3w na palcach, d\u0142oni lub zginanie palc\u00f3w w okre\u015blony spos\u00f3b pomaga leczy\u0107 cia\u0142o od wewn\u0105trz. W Jivagram nasi lekarze dok\u0142adnie skonsultuj\u0105 si\u0119 z Tob\u0105 i podpowiedz\u0105 konkretne mudry<br>kt\u00f3re pomog\u0105 wyleczy\u0107 zaburzenia, zar\u00f3wno umys\u0142u, jak i cia\u0142a. Uzdrawianie poprzez pozycje palc\u00f3w<\/p>\n<\/div><\/div>\n\n\n\n<p><\/p>\n\n\n\n<h2 class=\"wp-block-heading\">Indyjska kuchnia <br>Nauka sztuki \u201egotowania sattvik\u201d dla dobrego samopoczucia.<\/h2>\n\n\n\n<p>Wed\u0142ug Ajurwedy istniej\u0105 trzy typy cia\u0142a, kt\u00f3re sk\u0142adaj\u0105 si\u0119 z r\u00f3\u017cnych element\u00f3w \u2013 Vata (powietrze i przestrze\u0144), Pitta (ogie\u0144 i woda) oraz Kapha (woda i ziemia). W Jivagram edukujemy naszych pacjent\u00f3w na temat ich budowy cia\u0142a i odpowiednich pokarm\u00f3w, kt\u00f3re powinni je\u015b\u0107, co pomo\u017ce z\u0142agodzi\u0107 objawy choroby od pierwotnej przyczyny. Ponadto szkolimy ich w zakresie metod powolnego gotowania, niekt\u00f3rych przydatnych domowych \u015brodk\u00f3w zaradczych, kt\u00f3re pomagaj\u0105 zapobiega\u0107 powszechnym chorobom i podpowiadamy im kilka przepis\u00f3w, kt\u00f3re mog\u0105 przygotowa\u0107 w domu i pozosta\u0107 zdrowymi, zr\u00f3wnowa\u017conymi i szcz\u0119\u015bliwymi.<\/p>\n\n\n\n<figure class=\"wp-block-gallery has-nested-images columns-default is-cropped wp-block-gallery-2 is-layout-flex wp-block-gallery-is-layout-flex\">\n<figure class=\"wp-block-image size-large\"><img decoding=\"async\" width=\"696\" height=\"486\" data-id=\"8921\" src=\"https:\/\/devaharmony.com\/pl\/wp-content\/uploads\/2022\/10\/4.png\" alt=\"\" class=\"wp-image-8921\" srcset=\"https:\/\/devaharmony.com\/pl\/wp-content\/uploads\/2022\/10\/4.png 696w, https:\/\/devaharmony.com\/pl\/wp-content\/uploads\/2022\/10\/4-300x209.png 300w, https:\/\/devaharmony.com\/pl\/wp-content\/uploads\/2022\/10\/4-600x419.png 600w\" sizes=\"(max-width: 696px) 100vw, 696px\" \/><\/figure>\n<\/figure>\n\n\n\n<h2 class=\"wp-block-heading\">Centrum Sztuki i Rzemios\u0142a<\/h2>\n\n\n\n<p>W Jivagram mo\u017cesz od\u0142\u0105czy\u0107 si\u0119 od ci\u0105g\u0142ego przyci\u0105gania cyfrowego \u015bwiata i ponownie po\u0142\u0105czy\u0107 si\u0119 z wrodzonym spokojem, spokojem i wewn\u0119trzn\u0105 rado\u015bci\u0105. To miejsce mo\u017ce zaspokoi\u0107 Twoje potrzeby rekreacyjne, duchowe i odnowy biologicznej za po\u015brednictwem centrum sztuki i rzemios\u0142a. Mo\u017cesz skorzysta\u0107 z terapii kolorami. Ka\u017cdy kolor ma inn\u0105 energi\u0119 elektromagnetyczn\u0105 i niesie ze sob\u0105 swoje unikalne w\u0142a\u015bciwo\u015bci lecznicze. Energia kolor\u00f3w podstawowych aktywuje procesy biochemiczne i hormonalne, pomaga w detoksykacji i stymuluje wewn\u0119trzne gojenie. Nawet sztuka garncarstwa ma terapeutyczny wp\u0142yw na organizm. Podczas prz\u0119dzenia gliny tw\u00f3j umys\u0142 i cia\u0142o s\u0105 w naturalnej synergii, co pomaga otworzy\u0107 umys\u0142 i uwolni\u0107 ci\u0119 od stresu. Chodzenie boso po trawie, przebywanie na \u0142onie natury, zabawa kolorami, tworzenie czego\u015b nowego, wszystkie procesy tw\u00f3rcze maj\u0105 uzdrawiaj\u0105cy wp\u0142yw na organizm i s\u0105 znane z dobroczynnego wp\u0142ywu na wiele chor\u00f3b fizycznych i psychicznych.<\/p>\n\n\n\n<p>Od\u0142\u0105cz wtyczk\u0119, aby przeprowadzi\u0107 cyfrowy detoks i ponownie po\u0142\u0105czy\u0107 si\u0119 ze swoj\u0105 Istot\u0105.<\/p>\n\n\n\n<figure class=\"wp-block-gallery has-nested-images columns-default is-cropped wp-block-gallery-3 is-layout-flex wp-block-gallery-is-layout-flex\">\n<figure class=\"wp-block-image size-large\"><img decoding=\"async\" width=\"617\" height=\"447\" data-id=\"8923\" src=\"https:\/\/devaharmony.com\/pl\/wp-content\/uploads\/2022\/10\/6.png\" alt=\"\" class=\"wp-image-8923\" srcset=\"https:\/\/devaharmony.com\/pl\/wp-content\/uploads\/2022\/10\/6.png 617w, https:\/\/devaharmony.com\/pl\/wp-content\/uploads\/2022\/10\/6-300x217.png 300w, https:\/\/devaharmony.com\/pl\/wp-content\/uploads\/2022\/10\/6-600x435.png 600w\" sizes=\"(max-width: 617px) 100vw, 617px\" \/><\/figure>\n\n\n\n<figure class=\"wp-block-image size-large\"><img decoding=\"async\" width=\"617\" height=\"445\" data-id=\"8922\" src=\"https:\/\/devaharmony.com\/pl\/wp-content\/uploads\/2022\/10\/5.png\" alt=\"\" class=\"wp-image-8922\" srcset=\"https:\/\/devaharmony.com\/pl\/wp-content\/uploads\/2022\/10\/5.png 617w, https:\/\/devaharmony.com\/pl\/wp-content\/uploads\/2022\/10\/5-300x216.png 300w, https:\/\/devaharmony.com\/pl\/wp-content\/uploads\/2022\/10\/5-600x433.png 600w\" sizes=\"(max-width: 617px) 100vw, 617px\" \/><\/figure>\n<\/figure>\n\n\n\n<h2 class=\"wp-block-heading\"><strong>Centrum Medytacji<\/strong><br><strong>Uspokajaj\u0105cy i relaksuj\u0105cy, zar\u00f3wno umys\u0142, jak i cia\u0142o<\/strong><\/h2>\n\n\n\n<p>W Jivagram nasi eksperci zapewniaj\u0105 techniki medytacji kierowanej, aby osi\u0105gn\u0105\u0107 wewn\u0119trzn\u0105 harmoni\u0119 emocjonaln\u0105 i psychiczn\u0105, kt\u00f3r\u0105 mo\u017cesz zaszczepi\u0107 w rutynie, aby uzyska\u0107 maksymalne korzy\u015bci zdrowotne. Niekt\u00f3re z technik medytacyjnych obejmuj\u0105 Jog\u0119 Nidr\u0119 (g\u0142\u0119boki relaks dla cia\u0142a, aby si\u0119 zregenerowa\u0142), Ajapa Japa (powtarzaj\u0105ce si\u0119 intonowanie mantry z ruchem oddechu i \u015bwiadomo\u015bci\u0105 w przej\u015bciach psychicznych) i Antar Mouna (systematyczna technika medytacji, kt\u00f3ra pog\u0142\u0119bia wgl\u0105d w procesy zachodz\u0105ce w umy\u015ble).<\/p>\n\n\n\n<figure class=\"wp-block-gallery has-nested-images columns-default is-cropped wp-block-gallery-4 is-layout-flex wp-block-gallery-is-layout-flex\">\n<figure class=\"wp-block-image size-large\"><img decoding=\"async\" width=\"617\" height=\"515\" data-id=\"8924\" src=\"https:\/\/devaharmony.com\/pl\/wp-content\/uploads\/2022\/10\/7.png\" alt=\"\" class=\"wp-image-8924\" srcset=\"https:\/\/devaharmony.com\/pl\/wp-content\/uploads\/2022\/10\/7.png 617w, https:\/\/devaharmony.com\/pl\/wp-content\/uploads\/2022\/10\/7-300x250.png 300w, https:\/\/devaharmony.com\/pl\/wp-content\/uploads\/2022\/10\/7-600x501.png 600w\" sizes=\"(max-width: 617px) 100vw, 617px\" \/><\/figure>\n<\/figure>\n","protected":false},"excerpt":{"rendered":"<p>Delikatnie stymulacje uzdrawiaj\u0105cych punkt\u00f3w nacisku w ciele. Specjalne obszary cia\u0142a, takie jak stopy, d\u0142onie i uszy, odpowiadaj\u0105 narz\u0105dom i uk\u0142adom cia\u0142a. Refleksologia to uzdrawiaj\u0105ca terapia wywierania nacisku na te okre\u015blone obszary i pobudzaj\u0105ca niezwyk\u0142\u0105 zdolno\u015b\u0107 organizmu do samoleczenia. Jest skuteczna w leczeniu wielu r\u00f3\u017cnych schorze\u0144, takich jak astma i cukrzyca. \u015acie\u017cka refleksologii w Jivagram jest [&hellip;]<\/p>\n","protected":false},"author":59,"featured_media":0,"parent":0,"menu_order":0,"comment_status":"closed","ping_status":"closed","template":"","meta":{"_editorskit_title_hidden":false,"_editorskit_reading_time":0,"_editorskit_is_block_options_detached":false,"_editorskit_block_options_position":"{}","footnotes":""},"class_list":["post-8466","page","type-page","status-publish","hentry"],"acf":[],"yoast_head":"<!-- This site is optimized with the Yoast SEO plugin v23.1 - https:\/\/yoast.com\/wordpress\/plugins\/seo\/ -->\n<title>\u015acie\u017cka Refleksologii - Deva Harmony Polska<\/title>\n<meta name=\"robots\" content=\"index, follow, max-snippet:-1, max-image-preview:large, max-video-preview:-1\" \/>\n<link rel=\"canonical\" href=\"https:\/\/devaharmony.com\/pl\/sciezka-refleksologii\/\" \/>\n<meta property=\"og:locale\" content=\"pl_PL\" \/>\n<meta property=\"og:type\" content=\"article\" \/>\n<meta property=\"og:title\" content=\"\u015acie\u017cka Refleksologii - Deva Harmony Polska\" \/>\n<meta property=\"og:description\" content=\"Delikatnie stymulacje uzdrawiaj\u0105cych punkt\u00f3w nacisku w ciele. Specjalne obszary cia\u0142a, takie jak stopy, d\u0142onie i uszy, odpowiadaj\u0105 narz\u0105dom i uk\u0142adom cia\u0142a. Refleksologia to uzdrawiaj\u0105ca terapia wywierania nacisku na te okre\u015blone obszary i pobudzaj\u0105ca niezwyk\u0142\u0105 zdolno\u015b\u0107 organizmu do samoleczenia. Jest skuteczna w leczeniu wielu r\u00f3\u017cnych schorze\u0144, takich jak astma i cukrzyca. \u015acie\u017cka refleksologii w Jivagram jest [&hellip;]\" \/>\n<meta property=\"og:url\" content=\"https:\/\/devaharmony.com\/pl\/sciezka-refleksologii\/\" \/>\n<meta property=\"og:site_name\" content=\"Deva Harmony Polska\" \/>\n<meta property=\"article:modified_time\" content=\"2023-07-17T13:05:05+00:00\" \/>\n<meta property=\"og:image\" content=\"https:\/\/devaharmony.com\/pl\/wp-content\/uploads\/2022\/10\/1-7.png\" \/>\n<meta name=\"twitter:card\" content=\"summary_large_image\" \/>\n<meta name=\"twitter:label1\" content=\"Szacowany czas czytania\" \/>\n\t<meta name=\"twitter:data1\" content=\"5 minut\" \/>\n<script type=\"application\/ld+json\" class=\"yoast-schema-graph\">{\"@context\":\"https:\/\/schema.org\",\"@graph\":[{\"@type\":\"WebPage\",\"@id\":\"https:\/\/devaharmony.com\/pl\/sciezka-refleksologii\/\",\"url\":\"https:\/\/devaharmony.com\/pl\/sciezka-refleksologii\/\",\"name\":\"\u015acie\u017cka Refleksologii - Deva Harmony Polska\",\"isPartOf\":{\"@id\":\"https:\/\/devaharmony.com\/pl\/#website\"},\"primaryImageOfPage\":{\"@id\":\"https:\/\/devaharmony.com\/pl\/sciezka-refleksologii\/#primaryimage\"},\"image\":{\"@id\":\"https:\/\/devaharmony.com\/pl\/sciezka-refleksologii\/#primaryimage\"},\"thumbnailUrl\":\"https:\/\/devaharmony.com\/pl\/wp-content\/uploads\/2022\/10\/1-7.png\",\"datePublished\":\"2022-09-16T07:47:21+00:00\",\"dateModified\":\"2023-07-17T13:05:05+00:00\",\"breadcrumb\":{\"@id\":\"https:\/\/devaharmony.com\/pl\/sciezka-refleksologii\/#breadcrumb\"},\"inLanguage\":\"pl-PL\",\"potentialAction\":[{\"@type\":\"ReadAction\",\"target\":[\"https:\/\/devaharmony.com\/pl\/sciezka-refleksologii\/\"]}]},{\"@type\":\"ImageObject\",\"inLanguage\":\"pl-PL\",\"@id\":\"https:\/\/devaharmony.com\/pl\/sciezka-refleksologii\/#primaryimage\",\"url\":\"https:\/\/devaharmony.com\/pl\/wp-content\/uploads\/2022\/10\/1-7.png\",\"contentUrl\":\"https:\/\/devaharmony.com\/pl\/wp-content\/uploads\/2022\/10\/1-7.png\",\"width\":637,\"height\":965},{\"@type\":\"BreadcrumbList\",\"@id\":\"https:\/\/devaharmony.com\/pl\/sciezka-refleksologii\/#breadcrumb\",\"itemListElement\":[{\"@type\":\"ListItem\",\"position\":1,\"name\":\"Strona g\u0142\u00f3wna\",\"item\":\"https:\/\/devaharmony.com\/pl\/\"},{\"@type\":\"ListItem\",\"position\":2,\"name\":\"\u015acie\u017cka Refleksologii\"}]},{\"@type\":\"WebSite\",\"@id\":\"https:\/\/devaharmony.com\/pl\/#website\",\"url\":\"https:\/\/devaharmony.com\/pl\/\",\"name\":\"Deva Harmony Polska\",\"description\":\"Ajurwedyjskie Suplementy Diety\",\"potentialAction\":[{\"@type\":\"SearchAction\",\"target\":{\"@type\":\"EntryPoint\",\"urlTemplate\":\"https:\/\/devaharmony.com\/pl\/?s={search_term_string}\"},\"query-input\":\"required name=search_term_string\"}],\"inLanguage\":\"pl-PL\"}]}<\/script>\n<!-- \/ Yoast SEO plugin. -->","yoast_head_json":{"title":"\u015acie\u017cka Refleksologii - Deva Harmony Polska","robots":{"index":"index","follow":"follow","max-snippet":"max-snippet:-1","max-image-preview":"max-image-preview:large","max-video-preview":"max-video-preview:-1"},"canonical":"https:\/\/devaharmony.com\/pl\/sciezka-refleksologii\/","og_locale":"pl_PL","og_type":"article","og_title":"\u015acie\u017cka Refleksologii - Deva Harmony Polska","og_description":"Delikatnie stymulacje uzdrawiaj\u0105cych punkt\u00f3w nacisku w ciele. Specjalne obszary cia\u0142a, takie jak stopy, d\u0142onie i uszy, odpowiadaj\u0105 narz\u0105dom i uk\u0142adom cia\u0142a. Refleksologia to uzdrawiaj\u0105ca terapia wywierania nacisku na te okre\u015blone obszary i pobudzaj\u0105ca niezwyk\u0142\u0105 zdolno\u015b\u0107 organizmu do samoleczenia. Jest skuteczna w leczeniu wielu r\u00f3\u017cnych schorze\u0144, takich jak astma i cukrzyca. \u015acie\u017cka refleksologii w Jivagram jest [&hellip;]","og_url":"https:\/\/devaharmony.com\/pl\/sciezka-refleksologii\/","og_site_name":"Deva Harmony Polska","article_modified_time":"2023-07-17T13:05:05+00:00","og_image":[{"url":"https:\/\/devaharmony.com\/pl\/wp-content\/uploads\/2022\/10\/1-7.png"}],"twitter_card":"summary_large_image","twitter_misc":{"Szacowany czas czytania":"5 minut"},"schema":{"@context":"https:\/\/schema.org","@graph":[{"@type":"WebPage","@id":"https:\/\/devaharmony.com\/pl\/sciezka-refleksologii\/","url":"https:\/\/devaharmony.com\/pl\/sciezka-refleksologii\/","name":"\u015acie\u017cka Refleksologii - Deva Harmony Polska","isPartOf":{"@id":"https:\/\/devaharmony.com\/pl\/#website"},"primaryImageOfPage":{"@id":"https:\/\/devaharmony.com\/pl\/sciezka-refleksologii\/#primaryimage"},"image":{"@id":"https:\/\/devaharmony.com\/pl\/sciezka-refleksologii\/#primaryimage"},"thumbnailUrl":"https:\/\/devaharmony.com\/pl\/wp-content\/uploads\/2022\/10\/1-7.png","datePublished":"2022-09-16T07:47:21+00:00","dateModified":"2023-07-17T13:05:05+00:00","breadcrumb":{"@id":"https:\/\/devaharmony.com\/pl\/sciezka-refleksologii\/#breadcrumb"},"inLanguage":"pl-PL","potentialAction":[{"@type":"ReadAction","target":["https:\/\/devaharmony.com\/pl\/sciezka-refleksologii\/"]}]},{"@type":"ImageObject","inLanguage":"pl-PL","@id":"https:\/\/devaharmony.com\/pl\/sciezka-refleksologii\/#primaryimage","url":"https:\/\/devaharmony.com\/pl\/wp-content\/uploads\/2022\/10\/1-7.png","contentUrl":"https:\/\/devaharmony.com\/pl\/wp-content\/uploads\/2022\/10\/1-7.png","width":637,"height":965},{"@type":"BreadcrumbList","@id":"https:\/\/devaharmony.com\/pl\/sciezka-refleksologii\/#breadcrumb","itemListElement":[{"@type":"ListItem","position":1,"name":"Strona g\u0142\u00f3wna","item":"https:\/\/devaharmony.com\/pl\/"},{"@type":"ListItem","position":2,"name":"\u015acie\u017cka Refleksologii"}]},{"@type":"WebSite","@id":"https:\/\/devaharmony.com\/pl\/#website","url":"https:\/\/devaharmony.com\/pl\/","name":"Deva Harmony Polska","description":"Ajurwedyjskie Suplementy Diety","potentialAction":[{"@type":"SearchAction","target":{"@type":"EntryPoint","urlTemplate":"https:\/\/devaharmony.com\/pl\/?s={search_term_string}"},"query-input":"required name=search_term_string"}],"inLanguage":"pl-PL"}]}},"_links":{"self":[{"href":"https:\/\/devaharmony.com\/pl\/wp-json\/wp\/v2\/pages\/8466","targetHints":{"allow":["GET"]}}],"collection":[{"href":"https:\/\/devaharmony.com\/pl\/wp-json\/wp\/v2\/pages"}],"about":[{"href":"https:\/\/devaharmony.com\/pl\/wp-json\/wp\/v2\/types\/page"}],"author":[{"embeddable":true,"href":"https:\/\/devaharmony.com\/pl\/wp-json\/wp\/v2\/users\/59"}],"replies":[{"embeddable":true,"href":"https:\/\/devaharmony.com\/pl\/wp-json\/wp\/v2\/comments?post=8466"}],"version-history":[{"count":11,"href":"https:\/\/devaharmony.com\/pl\/wp-json\/wp\/v2\/pages\/8466\/revisions"}],"predecessor-version":[{"id":19563,"href":"https:\/\/devaharmony.com\/pl\/wp-json\/wp\/v2\/pages\/8466\/revisions\/19563"}],"wp:attachment":[{"href":"https:\/\/devaharmony.com\/pl\/wp-json\/wp\/v2\/media?parent=8466"}],"curies":[{"name":"wp","href":"https:\/\/api.w.org\/{rel}","templated":true}]}}