{"id":8462,"date":"2022-09-16T08:43:49","date_gmt":"2022-09-16T07:43:49","guid":{"rendered":"https:\/\/devaharmony.com\/pl\/?page_id=8462"},"modified":"2023-07-17T14:04:59","modified_gmt":"2023-07-17T13:04:59","slug":"jedzenie-ktore-leczy","status":"publish","type":"page","link":"https:\/\/devaharmony.com\/pl\/jedzenie-ktore-leczy\/","title":{"rendered":"Jedzenie, kt\u00f3re leczy"},"content":{"rendered":"\n<ul class=\"wp-block-list\"><li><strong>Ekologiczna farma Jiva<\/strong><\/li><\/ul>\n\n\n\n<p>W Jivagram serwujemy ekologiczn\u0105 \u017cywno\u015b\u0107 z domowej uprawy<\/p>\n\n\n\n<p>Ajurweda si\u0119ga znaczie g\u0142\u0119biej ni\u017c tylko prognostyka i diagnostyka, poniewa\u017c nie tylko leczy objawy i choroby, ale tak\u017ce prowadzi cz\u0142owieka do zdrowego stylu \u017cycia. Ajurwedyjska \u017cywno\u015b\u0107 dla zdrowia odgrywa zatem wa\u017cn\u0105 rol\u0119 w uwalnianiu od wszelkiego rodzaju chor\u00f3b. Dlatego Jivagram posiada w\u0142asne gospodarstwo ekologiczne, wolne od pestycyd\u00f3w, chemikali\u00f3w i konserwant\u00f3w odbieraj\u0105cych \u017cywno\u015bci czysto\u015b\u0107. \u0179r\u00f3d\u0142em \u017cywno\u015bci przygotowywanej w Jiva s\u0105 ekologiczne produkty z naszego gospodarstwa. Ponadto w naszym gospodarstwie mamy krowy, kt\u00f3re dostarczaj\u0105 nam mleka i obornika dla naszych ro\u015blin. Poza tym w naszym ogrodzie Jivagram uprawiamy ponad 100 przypraw i zi\u00f3\u0142, kt\u00f3re s\u0105 wykorzystywane do przygotowywania \u015bwie\u017cych, zdrowych i pysznych posi\u0142k\u00f3w.<\/p>\n\n\n\n<figure class=\"wp-block-gallery alignwide has-nested-images columns-default is-cropped wp-block-gallery-1 is-layout-flex wp-block-gallery-is-layout-flex\">\n<figure class=\"wp-block-image size-large\"><img decoding=\"async\" width=\"923\" height=\"670\" data-id=\"8901\" src=\"https:\/\/devaharmony.com\/pl\/wp-content\/uploads\/2022\/10\/1-2.png\" alt=\"\" class=\"wp-image-8901\" srcset=\"https:\/\/devaharmony.com\/pl\/wp-content\/uploads\/2022\/10\/1-2.png 923w, https:\/\/devaharmony.com\/pl\/wp-content\/uploads\/2022\/10\/1-2-300x218.png 300w, https:\/\/devaharmony.com\/pl\/wp-content\/uploads\/2022\/10\/1-2-600x436.png 600w, https:\/\/devaharmony.com\/pl\/wp-content\/uploads\/2022\/10\/1-2-768x557.png 768w\" sizes=\"(max-width: 923px) 100vw, 923px\" \/><\/figure>\n\n\n\n<figure class=\"wp-block-image size-large\"><img decoding=\"async\" width=\"618\" height=\"447\" data-id=\"8903\" src=\"https:\/\/devaharmony.com\/pl\/wp-content\/uploads\/2022\/10\/2-2.png\" alt=\"\" class=\"wp-image-8903\" srcset=\"https:\/\/devaharmony.com\/pl\/wp-content\/uploads\/2022\/10\/2-2.png 618w, https:\/\/devaharmony.com\/pl\/wp-content\/uploads\/2022\/10\/2-2-300x217.png 300w, https:\/\/devaharmony.com\/pl\/wp-content\/uploads\/2022\/10\/2-2-600x434.png 600w\" sizes=\"(max-width: 618px) 100vw, 618px\" \/><\/figure>\n<\/figure>\n\n\n\n<ul class=\"wp-block-list\"><li><strong>Potrawy, kt\u00f3re lecz\u0105<\/strong><\/li><\/ul>\n\n\n\n<p>Jedzenie jest nie tylko \u017ar\u00f3d\u0142em przyjemno\u015bci, ale tak\u017ce istotnym elementem dobrego samopoczucia. To podstawowy budulec twojego zdrowia, kt\u00f3ry wp\u0142ywa na twoj\u0105 kondycj\u0119 fizyczn\u0105, a tak\u017ce r\u00f3wnowag\u0119 psychiczn\u0105. W Jivagram lekarze zalecaj\u0105 odpowiedni\u0105 diet\u0119 zgodn\u0105 z Twoim Prakriti, kt\u00f3ra jest nast\u0119pnie przygotowywana z mi\u0142o\u015bci\u0105 i trosk\u0105 przez przeszkolonych ekspert\u00f3w.<\/p>\n\n\n\n<figure class=\"wp-block-gallery has-nested-images columns-default is-cropped wp-block-gallery-2 is-layout-flex wp-block-gallery-is-layout-flex\">\n<figure class=\"wp-block-image size-large\"><img decoding=\"async\" width=\"711\" height=\"564\" data-id=\"8905\" src=\"https:\/\/devaharmony.com\/pl\/wp-content\/uploads\/2022\/10\/1-4.png\" alt=\"\" class=\"wp-image-8905\" srcset=\"https:\/\/devaharmony.com\/pl\/wp-content\/uploads\/2022\/10\/1-4.png 711w, https:\/\/devaharmony.com\/pl\/wp-content\/uploads\/2022\/10\/1-4-300x238.png 300w, https:\/\/devaharmony.com\/pl\/wp-content\/uploads\/2022\/10\/1-4-600x476.png 600w\" sizes=\"(max-width: 711px) 100vw, 711px\" \/><\/figure>\n<\/figure>\n\n\n\n<ul class=\"wp-block-list\"><li><strong>AJURWEDYJSKIE PRZYGOTOWANIE POSI\u0141K\u00d3W<\/strong><\/li><\/ul>\n\n\n\n<p>Menu potraw opracowane przez lekarzy ajurwedyjskich, kt\u00f3re jest dostosowane do ka\u017cdego pacjenta.<br>Posi\u0142ki przygotowywane s\u0105 ze \u015bwie\u017cych sezonowych sk\u0142adnik\u00f3w uprawianych w naszym gospodarstwie.<br>U\u017cywaj\u0105c powolnej metody gotowania, kt\u00f3ra pozwala zachowa\u0107 naturalny smak i warto\u015b\u0107 od\u017cywcz\u0105 \u017cywno\u015bci.<br>Jedzenie serwowane jest na biodegradowalnych talerzach i glinianych kubkach wykonanych na miejscu. Nie tylko chroni\u0105 przyrod\u0119 (poniewa\u017c ulegaj\u0105 biodegradacji), ale tak\u017ce maj\u0105 w\u0142a\u015bciwo\u015bci antybakteryjne i przeciwgrzybiczne. S\u0105 bardzo bezpieczne i higieniczne w u\u017cytkowaniu.<\/p>\n\n\n\n<figure class=\"wp-block-gallery has-nested-images columns-default is-cropped wp-block-gallery-3 is-layout-flex wp-block-gallery-is-layout-flex\">\n<figure class=\"wp-block-image size-large\"><img decoding=\"async\" width=\"381\" height=\"308\" data-id=\"8908\" src=\"https:\/\/devaharmony.com\/pl\/wp-content\/uploads\/2022\/10\/1-6.png\" alt=\"\" class=\"wp-image-8908\" srcset=\"https:\/\/devaharmony.com\/pl\/wp-content\/uploads\/2022\/10\/1-6.png 381w, https:\/\/devaharmony.com\/pl\/wp-content\/uploads\/2022\/10\/1-6-300x243.png 300w\" sizes=\"(max-width: 381px) 100vw, 381px\" \/><\/figure>\n\n\n\n<figure class=\"wp-block-image size-large\"><img decoding=\"async\" width=\"381\" height=\"305\" data-id=\"8910\" src=\"https:\/\/devaharmony.com\/pl\/wp-content\/uploads\/2022\/10\/2-3.png\" alt=\"\" class=\"wp-image-8910\" srcset=\"https:\/\/devaharmony.com\/pl\/wp-content\/uploads\/2022\/10\/2-3.png 381w, https:\/\/devaharmony.com\/pl\/wp-content\/uploads\/2022\/10\/2-3-300x240.png 300w\" sizes=\"(max-width: 381px) 100vw, 381px\" \/><\/figure>\n\n\n\n<figure class=\"wp-block-image size-large\"><img decoding=\"async\" width=\"381\" height=\"308\" data-id=\"8909\" src=\"https:\/\/devaharmony.com\/pl\/wp-content\/uploads\/2022\/10\/3-3.png\" alt=\"\" class=\"wp-image-8909\" srcset=\"https:\/\/devaharmony.com\/pl\/wp-content\/uploads\/2022\/10\/3-3.png 381w, https:\/\/devaharmony.com\/pl\/wp-content\/uploads\/2022\/10\/3-3-300x243.png 300w\" sizes=\"(max-width: 381px) 100vw, 381px\" \/><\/figure>\n<\/figure>\n","protected":false},"excerpt":{"rendered":"<p>Ekologiczna farma Jiva W Jivagram serwujemy ekologiczn\u0105 \u017cywno\u015b\u0107 z domowej uprawy Ajurweda si\u0119ga znaczie g\u0142\u0119biej ni\u017c tylko prognostyka i diagnostyka, poniewa\u017c nie tylko leczy objawy i choroby, ale tak\u017ce prowadzi cz\u0142owieka do zdrowego stylu \u017cycia. Ajurwedyjska \u017cywno\u015b\u0107 dla zdrowia odgrywa zatem wa\u017cn\u0105 rol\u0119 w uwalnianiu od wszelkiego rodzaju chor\u00f3b. Dlatego Jivagram posiada w\u0142asne gospodarstwo ekologiczne, [&hellip;]<\/p>\n","protected":false},"author":59,"featured_media":0,"parent":0,"menu_order":0,"comment_status":"closed","ping_status":"closed","template":"","meta":{"_editorskit_title_hidden":false,"_editorskit_reading_time":0,"_editorskit_is_block_options_detached":false,"_editorskit_block_options_position":"{}","footnotes":""},"class_list":["post-8462","page","type-page","status-publish","hentry"],"acf":[],"yoast_head":"<!-- This site is optimized with the Yoast SEO plugin v23.1 - https:\/\/yoast.com\/wordpress\/plugins\/seo\/ -->\n<title>Jedzenie, kt\u00f3re leczy - Deva Harmony Polska<\/title>\n<meta name=\"robots\" content=\"index, follow, max-snippet:-1, max-image-preview:large, max-video-preview:-1\" \/>\n<link rel=\"canonical\" href=\"https:\/\/devaharmony.com\/pl\/jedzenie-ktore-leczy\/\" \/>\n<meta property=\"og:locale\" content=\"pl_PL\" \/>\n<meta property=\"og:type\" content=\"article\" \/>\n<meta property=\"og:title\" content=\"Jedzenie, kt\u00f3re leczy - Deva Harmony Polska\" \/>\n<meta property=\"og:description\" content=\"Ekologiczna farma Jiva W Jivagram serwujemy ekologiczn\u0105 \u017cywno\u015b\u0107 z domowej uprawy Ajurweda si\u0119ga znaczie g\u0142\u0119biej ni\u017c tylko prognostyka i diagnostyka, poniewa\u017c nie tylko leczy objawy i choroby, ale tak\u017ce prowadzi cz\u0142owieka do zdrowego stylu \u017cycia. Ajurwedyjska \u017cywno\u015b\u0107 dla zdrowia odgrywa zatem wa\u017cn\u0105 rol\u0119 w uwalnianiu od wszelkiego rodzaju chor\u00f3b. Dlatego Jivagram posiada w\u0142asne gospodarstwo ekologiczne, [&hellip;]\" \/>\n<meta property=\"og:url\" content=\"https:\/\/devaharmony.com\/pl\/jedzenie-ktore-leczy\/\" \/>\n<meta property=\"og:site_name\" content=\"Deva Harmony Polska\" \/>\n<meta property=\"article:modified_time\" content=\"2023-07-17T13:04:59+00:00\" \/>\n<meta property=\"og:image\" content=\"https:\/\/devaharmony.com\/pl\/wp-content\/uploads\/2022\/10\/1-2.png\" \/>\n<meta name=\"twitter:card\" content=\"summary_large_image\" \/>\n<meta name=\"twitter:label1\" content=\"Szacowany czas czytania\" \/>\n\t<meta name=\"twitter:data1\" content=\"3 minuty\" \/>\n<script type=\"application\/ld+json\" class=\"yoast-schema-graph\">{\"@context\":\"https:\/\/schema.org\",\"@graph\":[{\"@type\":\"WebPage\",\"@id\":\"https:\/\/devaharmony.com\/pl\/jedzenie-ktore-leczy\/\",\"url\":\"https:\/\/devaharmony.com\/pl\/jedzenie-ktore-leczy\/\",\"name\":\"Jedzenie, kt\u00f3re leczy - Deva Harmony Polska\",\"isPartOf\":{\"@id\":\"https:\/\/devaharmony.com\/pl\/#website\"},\"primaryImageOfPage\":{\"@id\":\"https:\/\/devaharmony.com\/pl\/jedzenie-ktore-leczy\/#primaryimage\"},\"image\":{\"@id\":\"https:\/\/devaharmony.com\/pl\/jedzenie-ktore-leczy\/#primaryimage\"},\"thumbnailUrl\":\"https:\/\/devaharmony.com\/pl\/wp-content\/uploads\/2022\/10\/1-2.png\",\"datePublished\":\"2022-09-16T07:43:49+00:00\",\"dateModified\":\"2023-07-17T13:04:59+00:00\",\"breadcrumb\":{\"@id\":\"https:\/\/devaharmony.com\/pl\/jedzenie-ktore-leczy\/#breadcrumb\"},\"inLanguage\":\"pl-PL\",\"potentialAction\":[{\"@type\":\"ReadAction\",\"target\":[\"https:\/\/devaharmony.com\/pl\/jedzenie-ktore-leczy\/\"]}]},{\"@type\":\"ImageObject\",\"inLanguage\":\"pl-PL\",\"@id\":\"https:\/\/devaharmony.com\/pl\/jedzenie-ktore-leczy\/#primaryimage\",\"url\":\"https:\/\/devaharmony.com\/pl\/wp-content\/uploads\/2022\/10\/1-2.png\",\"contentUrl\":\"https:\/\/devaharmony.com\/pl\/wp-content\/uploads\/2022\/10\/1-2.png\",\"width\":923,\"height\":670},{\"@type\":\"BreadcrumbList\",\"@id\":\"https:\/\/devaharmony.com\/pl\/jedzenie-ktore-leczy\/#breadcrumb\",\"itemListElement\":[{\"@type\":\"ListItem\",\"position\":1,\"name\":\"Strona g\u0142\u00f3wna\",\"item\":\"https:\/\/devaharmony.com\/pl\/\"},{\"@type\":\"ListItem\",\"position\":2,\"name\":\"Jedzenie, kt\u00f3re leczy\"}]},{\"@type\":\"WebSite\",\"@id\":\"https:\/\/devaharmony.com\/pl\/#website\",\"url\":\"https:\/\/devaharmony.com\/pl\/\",\"name\":\"Deva Harmony Polska\",\"description\":\"Ajurwedyjskie Suplementy Diety\",\"potentialAction\":[{\"@type\":\"SearchAction\",\"target\":{\"@type\":\"EntryPoint\",\"urlTemplate\":\"https:\/\/devaharmony.com\/pl\/?s={search_term_string}\"},\"query-input\":\"required name=search_term_string\"}],\"inLanguage\":\"pl-PL\"}]}<\/script>\n<!-- \/ Yoast SEO plugin. -->","yoast_head_json":{"title":"Jedzenie, kt\u00f3re leczy - Deva Harmony Polska","robots":{"index":"index","follow":"follow","max-snippet":"max-snippet:-1","max-image-preview":"max-image-preview:large","max-video-preview":"max-video-preview:-1"},"canonical":"https:\/\/devaharmony.com\/pl\/jedzenie-ktore-leczy\/","og_locale":"pl_PL","og_type":"article","og_title":"Jedzenie, kt\u00f3re leczy - Deva Harmony Polska","og_description":"Ekologiczna farma Jiva W Jivagram serwujemy ekologiczn\u0105 \u017cywno\u015b\u0107 z domowej uprawy Ajurweda si\u0119ga znaczie g\u0142\u0119biej ni\u017c tylko prognostyka i diagnostyka, poniewa\u017c nie tylko leczy objawy i choroby, ale tak\u017ce prowadzi cz\u0142owieka do zdrowego stylu \u017cycia. Ajurwedyjska \u017cywno\u015b\u0107 dla zdrowia odgrywa zatem wa\u017cn\u0105 rol\u0119 w uwalnianiu od wszelkiego rodzaju chor\u00f3b. Dlatego Jivagram posiada w\u0142asne gospodarstwo ekologiczne, [&hellip;]","og_url":"https:\/\/devaharmony.com\/pl\/jedzenie-ktore-leczy\/","og_site_name":"Deva Harmony Polska","article_modified_time":"2023-07-17T13:04:59+00:00","og_image":[{"url":"https:\/\/devaharmony.com\/pl\/wp-content\/uploads\/2022\/10\/1-2.png"}],"twitter_card":"summary_large_image","twitter_misc":{"Szacowany czas czytania":"3 minuty"},"schema":{"@context":"https:\/\/schema.org","@graph":[{"@type":"WebPage","@id":"https:\/\/devaharmony.com\/pl\/jedzenie-ktore-leczy\/","url":"https:\/\/devaharmony.com\/pl\/jedzenie-ktore-leczy\/","name":"Jedzenie, kt\u00f3re leczy - Deva Harmony Polska","isPartOf":{"@id":"https:\/\/devaharmony.com\/pl\/#website"},"primaryImageOfPage":{"@id":"https:\/\/devaharmony.com\/pl\/jedzenie-ktore-leczy\/#primaryimage"},"image":{"@id":"https:\/\/devaharmony.com\/pl\/jedzenie-ktore-leczy\/#primaryimage"},"thumbnailUrl":"https:\/\/devaharmony.com\/pl\/wp-content\/uploads\/2022\/10\/1-2.png","datePublished":"2022-09-16T07:43:49+00:00","dateModified":"2023-07-17T13:04:59+00:00","breadcrumb":{"@id":"https:\/\/devaharmony.com\/pl\/jedzenie-ktore-leczy\/#breadcrumb"},"inLanguage":"pl-PL","potentialAction":[{"@type":"ReadAction","target":["https:\/\/devaharmony.com\/pl\/jedzenie-ktore-leczy\/"]}]},{"@type":"ImageObject","inLanguage":"pl-PL","@id":"https:\/\/devaharmony.com\/pl\/jedzenie-ktore-leczy\/#primaryimage","url":"https:\/\/devaharmony.com\/pl\/wp-content\/uploads\/2022\/10\/1-2.png","contentUrl":"https:\/\/devaharmony.com\/pl\/wp-content\/uploads\/2022\/10\/1-2.png","width":923,"height":670},{"@type":"BreadcrumbList","@id":"https:\/\/devaharmony.com\/pl\/jedzenie-ktore-leczy\/#breadcrumb","itemListElement":[{"@type":"ListItem","position":1,"name":"Strona g\u0142\u00f3wna","item":"https:\/\/devaharmony.com\/pl\/"},{"@type":"ListItem","position":2,"name":"Jedzenie, kt\u00f3re leczy"}]},{"@type":"WebSite","@id":"https:\/\/devaharmony.com\/pl\/#website","url":"https:\/\/devaharmony.com\/pl\/","name":"Deva Harmony Polska","description":"Ajurwedyjskie Suplementy Diety","potentialAction":[{"@type":"SearchAction","target":{"@type":"EntryPoint","urlTemplate":"https:\/\/devaharmony.com\/pl\/?s={search_term_string}"},"query-input":"required name=search_term_string"}],"inLanguage":"pl-PL"}]}},"_links":{"self":[{"href":"https:\/\/devaharmony.com\/pl\/wp-json\/wp\/v2\/pages\/8462","targetHints":{"allow":["GET"]}}],"collection":[{"href":"https:\/\/devaharmony.com\/pl\/wp-json\/wp\/v2\/pages"}],"about":[{"href":"https:\/\/devaharmony.com\/pl\/wp-json\/wp\/v2\/types\/page"}],"author":[{"embeddable":true,"href":"https:\/\/devaharmony.com\/pl\/wp-json\/wp\/v2\/users\/59"}],"replies":[{"embeddable":true,"href":"https:\/\/devaharmony.com\/pl\/wp-json\/wp\/v2\/comments?post=8462"}],"version-history":[{"count":9,"href":"https:\/\/devaharmony.com\/pl\/wp-json\/wp\/v2\/pages\/8462\/revisions"}],"predecessor-version":[{"id":19562,"href":"https:\/\/devaharmony.com\/pl\/wp-json\/wp\/v2\/pages\/8462\/revisions\/19562"}],"wp:attachment":[{"href":"https:\/\/devaharmony.com\/pl\/wp-json\/wp\/v2\/media?parent=8462"}],"curies":[{"name":"wp","href":"https:\/\/api.w.org\/{rel}","templated":true}]}}