{"id":8459,"date":"2023-07-17T12:13:08","date_gmt":"2023-07-17T11:13:08","guid":{"rendered":"https:\/\/devaharmony.com\/pl\/?page_id=8459"},"modified":"2023-07-17T14:52:16","modified_gmt":"2023-07-17T13:52:16","slug":"detoksykacja-odmladzanie-i-doladowanie-posrod-natury","status":"publish","type":"page","link":"https:\/\/devaharmony.com\/pl\/detoksykacja-odmladzanie-i-doladowanie-posrod-natury\/","title":{"rendered":"Detoksykacja, odm\u0142adzanie i do\u0142adowanie po\u015br\u00f3d natury"},"content":{"rendered":"\n<div class=\"wp-block-media-text alignwide is-stacked-on-mobile\"><figure class=\"wp-block-media-text__media\"><img decoding=\"async\" width=\"618\" height=\"490\" src=\"https:\/\/devaharmony.com\/pl\/wp-content\/uploads\/2022\/10\/1-1.png\" alt=\"\" class=\"wp-image-8860 size-full\" srcset=\"https:\/\/devaharmony.com\/pl\/wp-content\/uploads\/2022\/10\/1-1.png 618w, https:\/\/devaharmony.com\/pl\/wp-content\/uploads\/2022\/10\/1-1-300x238.png 300w, https:\/\/devaharmony.com\/pl\/wp-content\/uploads\/2022\/10\/1-1-600x476.png 600w\" sizes=\"(max-width: 618px) 100vw, 618px\" \/><\/figure><div class=\"wp-block-media-text__content\">\n<p class=\"has-text-align-left\">Program odm\u0142adzania Jivagram ma na celu przywr\u00f3cenie witalno\u015bci organizmu poprzez eliminacj\u0119 toksyn tradycyjnymi terapiami panchakarmy oraz poprzez zwi\u0119kszenie odporno\u015bci organizmu poprzez po\u0142\u0105czenie zabieg\u00f3w ajurwedyjskich, diety opartej na typie sylwetki i jogi. W ramach tego programu nasi eksperci- ajurwedyjscy lekarze, pracuj\u0105 nad prawid\u0142owym wzorcem aktywno\u015bci i nawykami \u017cywieniowymi, aby prowadzi\u0107 zdrowy tryb \u017cycia w oparciu o zasady ajurwedy. Zabieg nie tylko pomaga zapobiega\u0107 i leczy\u0107 choroby, ale tak\u017ce pomaga zachowa\u0107 m\u0142odo\u015b\u0107, pi\u0119kno i d\u0142ugowieczno\u015b\u0107.<\/p>\n<\/div><\/div>\n\n\n\n<div style=\"height:100px\" aria-hidden=\"true\" class=\"wp-block-spacer\"><\/div>\n\n\n\n<div class=\"wp-block-media-text alignwide has-media-on-the-right is-stacked-on-mobile\"><figure class=\"wp-block-media-text__media\"><img decoding=\"async\" width=\"618\" height=\"490\" src=\"https:\/\/devaharmony.com\/pl\/wp-content\/uploads\/2022\/10\/2-1.png\" alt=\"\" class=\"wp-image-8861 size-full\" srcset=\"https:\/\/devaharmony.com\/pl\/wp-content\/uploads\/2022\/10\/2-1.png 618w, https:\/\/devaharmony.com\/pl\/wp-content\/uploads\/2022\/10\/2-1-300x238.png 300w, https:\/\/devaharmony.com\/pl\/wp-content\/uploads\/2022\/10\/2-1-600x476.png 600w\" sizes=\"(max-width: 618px) 100vw, 618px\" \/><\/figure><div class=\"wp-block-media-text__content\">\n<p style=\"font-size:30px\">Joga<\/p>\n\n\n\n<p>Nasi eksperci jogi skrupulatnie dostosowuj\u0105 program jogi dla wszystkich pacjent\u00f3w, w oparciu o indywidualn\u0105 konsultacj\u0119 lekarsk\u0105 i fizyczn\u0105 ocen\u0119 elastyczno\u015bci. Nasz zesp\u00f3\u0142 sugeruje konkretne asany jogi, leczenie i terapie ajurwedyjskie oraz diet\u0119, ustalaj\u0105c metod\u0119 leczenia dostosowan\u0105 do Twoich potrzeb. Gdy staniesz si\u0119 bieg\u0142y, mo\u017cesz przenie\u015b\u0107 t\u0119 podr\u00f3\u017c praktyki i nauki staro\u017cytnej i \u015bwi\u0119tej sztuki jogi do swojego codziennego \u017cycia.<\/p>\n\n\n\n<p><\/p>\n<\/div><\/div>\n\n\n\n<div class=\"wp-block-media-text alignwide is-stacked-on-mobile\"><figure class=\"wp-block-media-text__media\"><img decoding=\"async\" width=\"617\" height=\"487\" src=\"https:\/\/devaharmony.com\/pl\/wp-content\/uploads\/2022\/10\/3-2.png\" alt=\"\" class=\"wp-image-8865 size-full\" srcset=\"https:\/\/devaharmony.com\/pl\/wp-content\/uploads\/2022\/10\/3-2.png 617w, https:\/\/devaharmony.com\/pl\/wp-content\/uploads\/2022\/10\/3-2-300x237.png 300w, https:\/\/devaharmony.com\/pl\/wp-content\/uploads\/2022\/10\/3-2-600x474.png 600w\" sizes=\"(max-width: 617px) 100vw, 617px\" \/><\/figure><div class=\"wp-block-media-text__content\">\n<p style=\"font-size:30px\">Naturopathy Healing begins with Nature<\/p>\n\n\n\n<p>Naturopatia to holistyczne podej\u015bcie do dobrego samopoczucia oparte na zasadzie, \u017ce cia\u0142o ma wrodzon\u0105 zdolno\u015b\u0107 do samoleczenia. Wykorzystuj\u0105c uzdrawiaj\u0105c\u0105 moc natury i \u0142agodne techniki terapeutyczne, cia\u0142o, umys\u0142 i emocje s\u0105 wspierane podczas procesu leczenia. Terapia ta wykorzystuje moc naturalnych zasob\u00f3w, takich jak \u017cywno\u015b\u0107, zio\u0142a, ziemia, woda i powietrze, aby umo\u017cliwi\u0107 cia\u0142u samoleczenie. W Jivagram zapewniamy zabiegi naturoterapeutyczne w celu detoksykacji, relaksu i wzmocnienia cia\u0142a i umys\u0142u w celu zapobiegania chorobom i zachowania zdrowia:<\/p>\n\n\n\n<ul class=\"wp-block-list\"><li>Terapia dietetyczna<\/li><\/ul>\n\n\n\n<ul class=\"wp-block-list\"><li>Terapia b\u0142otem<\/li><\/ul>\n\n\n\n<ul class=\"wp-block-list\"><li>Hydroterapia<\/li><\/ul>\n\n\n\n<ul class=\"wp-block-list\"><li>Terapia masa\u017cami<\/li><\/ul>\n<\/div><\/div>\n","protected":false},"excerpt":{"rendered":"<p>Program odm\u0142adzania Jivagram ma na celu przywr\u00f3cenie witalno\u015bci organizmu poprzez eliminacj\u0119 toksyn tradycyjnymi terapiami panchakarmy oraz poprzez zwi\u0119kszenie odporno\u015bci organizmu poprzez po\u0142\u0105czenie zabieg\u00f3w ajurwedyjskich, diety opartej na typie sylwetki i jogi. W ramach tego programu nasi eksperci- ajurwedyjscy lekarze, pracuj\u0105 nad prawid\u0142owym wzorcem aktywno\u015bci i nawykami \u017cywieniowymi, aby prowadzi\u0107 zdrowy tryb \u017cycia w oparciu o [&hellip;]<\/p>\n","protected":false},"author":59,"featured_media":0,"parent":0,"menu_order":0,"comment_status":"closed","ping_status":"closed","template":"","meta":{"_editorskit_title_hidden":false,"_editorskit_reading_time":0,"_editorskit_is_block_options_detached":false,"_editorskit_block_options_position":"{}","footnotes":""},"class_list":["post-8459","page","type-page","status-publish","hentry"],"acf":[],"yoast_head":"<!-- This site is optimized with the Yoast SEO plugin v23.1 - https:\/\/yoast.com\/wordpress\/plugins\/seo\/ -->\n<title>Detoksykacja, odm\u0142adzanie i do\u0142adowanie po\u015br\u00f3d natury - Deva Harmony Polska<\/title>\n<meta name=\"robots\" content=\"index, follow, max-snippet:-1, max-image-preview:large, max-video-preview:-1\" \/>\n<link rel=\"canonical\" href=\"https:\/\/devaharmony.com\/pl\/detoksykacja-odmladzanie-i-doladowanie-posrod-natury\/\" \/>\n<meta property=\"og:locale\" content=\"pl_PL\" \/>\n<meta property=\"og:type\" content=\"article\" \/>\n<meta property=\"og:title\" content=\"Detoksykacja, odm\u0142adzanie i do\u0142adowanie po\u015br\u00f3d natury - Deva Harmony Polska\" \/>\n<meta property=\"og:description\" content=\"Program odm\u0142adzania Jivagram ma na celu przywr\u00f3cenie witalno\u015bci organizmu poprzez eliminacj\u0119 toksyn tradycyjnymi terapiami panchakarmy oraz poprzez zwi\u0119kszenie odporno\u015bci organizmu poprzez po\u0142\u0105czenie zabieg\u00f3w ajurwedyjskich, diety opartej na typie sylwetki i jogi. W ramach tego programu nasi eksperci- ajurwedyjscy lekarze, pracuj\u0105 nad prawid\u0142owym wzorcem aktywno\u015bci i nawykami \u017cywieniowymi, aby prowadzi\u0107 zdrowy tryb \u017cycia w oparciu o [&hellip;]\" \/>\n<meta property=\"og:url\" content=\"https:\/\/devaharmony.com\/pl\/detoksykacja-odmladzanie-i-doladowanie-posrod-natury\/\" \/>\n<meta property=\"og:site_name\" content=\"Deva Harmony Polska\" \/>\n<meta property=\"article:modified_time\" content=\"2023-07-17T13:52:16+00:00\" \/>\n<meta property=\"og:image\" content=\"https:\/\/devaharmony.com\/pl\/wp-content\/uploads\/2022\/10\/1-1.png\" \/>\n<meta name=\"twitter:card\" content=\"summary_large_image\" \/>\n<meta name=\"twitter:label1\" content=\"Szacowany czas czytania\" \/>\n\t<meta name=\"twitter:data1\" content=\"2 minuty\" \/>\n<script type=\"application\/ld+json\" class=\"yoast-schema-graph\">{\"@context\":\"https:\/\/schema.org\",\"@graph\":[{\"@type\":\"WebPage\",\"@id\":\"https:\/\/devaharmony.com\/pl\/detoksykacja-odmladzanie-i-doladowanie-posrod-natury\/\",\"url\":\"https:\/\/devaharmony.com\/pl\/detoksykacja-odmladzanie-i-doladowanie-posrod-natury\/\",\"name\":\"Detoksykacja, odm\u0142adzanie i do\u0142adowanie po\u015br\u00f3d natury - Deva Harmony Polska\",\"isPartOf\":{\"@id\":\"https:\/\/devaharmony.com\/pl\/#website\"},\"primaryImageOfPage\":{\"@id\":\"https:\/\/devaharmony.com\/pl\/detoksykacja-odmladzanie-i-doladowanie-posrod-natury\/#primaryimage\"},\"image\":{\"@id\":\"https:\/\/devaharmony.com\/pl\/detoksykacja-odmladzanie-i-doladowanie-posrod-natury\/#primaryimage\"},\"thumbnailUrl\":\"https:\/\/devaharmony.com\/pl\/wp-content\/uploads\/2022\/10\/1-1.png\",\"datePublished\":\"2023-07-17T11:13:08+00:00\",\"dateModified\":\"2023-07-17T13:52:16+00:00\",\"breadcrumb\":{\"@id\":\"https:\/\/devaharmony.com\/pl\/detoksykacja-odmladzanie-i-doladowanie-posrod-natury\/#breadcrumb\"},\"inLanguage\":\"pl-PL\",\"potentialAction\":[{\"@type\":\"ReadAction\",\"target\":[\"https:\/\/devaharmony.com\/pl\/detoksykacja-odmladzanie-i-doladowanie-posrod-natury\/\"]}]},{\"@type\":\"ImageObject\",\"inLanguage\":\"pl-PL\",\"@id\":\"https:\/\/devaharmony.com\/pl\/detoksykacja-odmladzanie-i-doladowanie-posrod-natury\/#primaryimage\",\"url\":\"https:\/\/devaharmony.com\/pl\/wp-content\/uploads\/2022\/10\/1-1.png\",\"contentUrl\":\"https:\/\/devaharmony.com\/pl\/wp-content\/uploads\/2022\/10\/1-1.png\",\"width\":618,\"height\":490},{\"@type\":\"BreadcrumbList\",\"@id\":\"https:\/\/devaharmony.com\/pl\/detoksykacja-odmladzanie-i-doladowanie-posrod-natury\/#breadcrumb\",\"itemListElement\":[{\"@type\":\"ListItem\",\"position\":1,\"name\":\"Strona g\u0142\u00f3wna\",\"item\":\"https:\/\/devaharmony.com\/pl\/\"},{\"@type\":\"ListItem\",\"position\":2,\"name\":\"Detoksykacja, odm\u0142adzanie i do\u0142adowanie po\u015br\u00f3d natury\"}]},{\"@type\":\"WebSite\",\"@id\":\"https:\/\/devaharmony.com\/pl\/#website\",\"url\":\"https:\/\/devaharmony.com\/pl\/\",\"name\":\"Deva Harmony Polska\",\"description\":\"Ajurwedyjskie Suplementy Diety\",\"potentialAction\":[{\"@type\":\"SearchAction\",\"target\":{\"@type\":\"EntryPoint\",\"urlTemplate\":\"https:\/\/devaharmony.com\/pl\/?s={search_term_string}\"},\"query-input\":\"required name=search_term_string\"}],\"inLanguage\":\"pl-PL\"}]}<\/script>\n<!-- \/ Yoast SEO plugin. -->","yoast_head_json":{"title":"Detoksykacja, odm\u0142adzanie i do\u0142adowanie po\u015br\u00f3d natury - Deva Harmony Polska","robots":{"index":"index","follow":"follow","max-snippet":"max-snippet:-1","max-image-preview":"max-image-preview:large","max-video-preview":"max-video-preview:-1"},"canonical":"https:\/\/devaharmony.com\/pl\/detoksykacja-odmladzanie-i-doladowanie-posrod-natury\/","og_locale":"pl_PL","og_type":"article","og_title":"Detoksykacja, odm\u0142adzanie i do\u0142adowanie po\u015br\u00f3d natury - Deva Harmony Polska","og_description":"Program odm\u0142adzania Jivagram ma na celu przywr\u00f3cenie witalno\u015bci organizmu poprzez eliminacj\u0119 toksyn tradycyjnymi terapiami panchakarmy oraz poprzez zwi\u0119kszenie odporno\u015bci organizmu poprzez po\u0142\u0105czenie zabieg\u00f3w ajurwedyjskich, diety opartej na typie sylwetki i jogi. W ramach tego programu nasi eksperci- ajurwedyjscy lekarze, pracuj\u0105 nad prawid\u0142owym wzorcem aktywno\u015bci i nawykami \u017cywieniowymi, aby prowadzi\u0107 zdrowy tryb \u017cycia w oparciu o [&hellip;]","og_url":"https:\/\/devaharmony.com\/pl\/detoksykacja-odmladzanie-i-doladowanie-posrod-natury\/","og_site_name":"Deva Harmony Polska","article_modified_time":"2023-07-17T13:52:16+00:00","og_image":[{"url":"https:\/\/devaharmony.com\/pl\/wp-content\/uploads\/2022\/10\/1-1.png"}],"twitter_card":"summary_large_image","twitter_misc":{"Szacowany czas czytania":"2 minuty"},"schema":{"@context":"https:\/\/schema.org","@graph":[{"@type":"WebPage","@id":"https:\/\/devaharmony.com\/pl\/detoksykacja-odmladzanie-i-doladowanie-posrod-natury\/","url":"https:\/\/devaharmony.com\/pl\/detoksykacja-odmladzanie-i-doladowanie-posrod-natury\/","name":"Detoksykacja, odm\u0142adzanie i do\u0142adowanie po\u015br\u00f3d natury - Deva Harmony Polska","isPartOf":{"@id":"https:\/\/devaharmony.com\/pl\/#website"},"primaryImageOfPage":{"@id":"https:\/\/devaharmony.com\/pl\/detoksykacja-odmladzanie-i-doladowanie-posrod-natury\/#primaryimage"},"image":{"@id":"https:\/\/devaharmony.com\/pl\/detoksykacja-odmladzanie-i-doladowanie-posrod-natury\/#primaryimage"},"thumbnailUrl":"https:\/\/devaharmony.com\/pl\/wp-content\/uploads\/2022\/10\/1-1.png","datePublished":"2023-07-17T11:13:08+00:00","dateModified":"2023-07-17T13:52:16+00:00","breadcrumb":{"@id":"https:\/\/devaharmony.com\/pl\/detoksykacja-odmladzanie-i-doladowanie-posrod-natury\/#breadcrumb"},"inLanguage":"pl-PL","potentialAction":[{"@type":"ReadAction","target":["https:\/\/devaharmony.com\/pl\/detoksykacja-odmladzanie-i-doladowanie-posrod-natury\/"]}]},{"@type":"ImageObject","inLanguage":"pl-PL","@id":"https:\/\/devaharmony.com\/pl\/detoksykacja-odmladzanie-i-doladowanie-posrod-natury\/#primaryimage","url":"https:\/\/devaharmony.com\/pl\/wp-content\/uploads\/2022\/10\/1-1.png","contentUrl":"https:\/\/devaharmony.com\/pl\/wp-content\/uploads\/2022\/10\/1-1.png","width":618,"height":490},{"@type":"BreadcrumbList","@id":"https:\/\/devaharmony.com\/pl\/detoksykacja-odmladzanie-i-doladowanie-posrod-natury\/#breadcrumb","itemListElement":[{"@type":"ListItem","position":1,"name":"Strona g\u0142\u00f3wna","item":"https:\/\/devaharmony.com\/pl\/"},{"@type":"ListItem","position":2,"name":"Detoksykacja, odm\u0142adzanie i do\u0142adowanie po\u015br\u00f3d natury"}]},{"@type":"WebSite","@id":"https:\/\/devaharmony.com\/pl\/#website","url":"https:\/\/devaharmony.com\/pl\/","name":"Deva Harmony Polska","description":"Ajurwedyjskie Suplementy Diety","potentialAction":[{"@type":"SearchAction","target":{"@type":"EntryPoint","urlTemplate":"https:\/\/devaharmony.com\/pl\/?s={search_term_string}"},"query-input":"required name=search_term_string"}],"inLanguage":"pl-PL"}]}},"_links":{"self":[{"href":"https:\/\/devaharmony.com\/pl\/wp-json\/wp\/v2\/pages\/8459","targetHints":{"allow":["GET"]}}],"collection":[{"href":"https:\/\/devaharmony.com\/pl\/wp-json\/wp\/v2\/pages"}],"about":[{"href":"https:\/\/devaharmony.com\/pl\/wp-json\/wp\/v2\/types\/page"}],"author":[{"embeddable":true,"href":"https:\/\/devaharmony.com\/pl\/wp-json\/wp\/v2\/users\/59"}],"replies":[{"embeddable":true,"href":"https:\/\/devaharmony.com\/pl\/wp-json\/wp\/v2\/comments?post=8459"}],"version-history":[{"count":11,"href":"https:\/\/devaharmony.com\/pl\/wp-json\/wp\/v2\/pages\/8459\/revisions"}],"predecessor-version":[{"id":19588,"href":"https:\/\/devaharmony.com\/pl\/wp-json\/wp\/v2\/pages\/8459\/revisions\/19588"}],"wp:attachment":[{"href":"https:\/\/devaharmony.com\/pl\/wp-json\/wp\/v2\/media?parent=8459"}],"curies":[{"name":"wp","href":"https:\/\/api.w.org\/{rel}","templated":true}]}}