{"id":8388,"date":"2023-07-17T11:45:32","date_gmt":"2023-07-17T10:45:32","guid":{"rendered":"https:\/\/devaharmony.com\/pl\/?page_id=8388"},"modified":"2023-07-17T14:04:45","modified_gmt":"2023-07-17T13:04:45","slug":"indywidualne-leczenie-i-konsultacje-ajurwedyjskie","status":"publish","type":"page","link":"https:\/\/devaharmony.com\/pl\/indywidualne-leczenie-i-konsultacje-ajurwedyjskie\/","title":{"rendered":"Indywidualne leczenie i konsultacje ajurwedyjskie"},"content":{"rendered":"\n<p>THE AYUNIQUE\u2122 TOUCH \u2013 Ayunique\u2122 to unikalny spos\u00f3b dbania o zdrowie, kt\u00f3ry zachowuje tradycyjn\u0105 metod\u0119 Ajurwedy, koncentruj\u0105c si\u0119 na zapewnieniu spersonalizowanego leczenia pierwotnej przyczyny, \u0142\u0105cz\u0105c je z nowoczesnymi rozwi\u0105zaniami, aby zapewni\u0107 najwy\u017csz\u0105 jako\u015b\u0107 opieki nad pacjentem.<\/p>\n\n\n\n<p>PODEJ\u015aCIE OPARTE NA PIERWOTNYCH PRZYCZYNACH DOLEGLIWO\u015aCI &#8211; niezale\u017cnie od tego, czy s\u0105 to terapie, zaj\u0119cia lecznicze czy posi\u0142ki &#8211; w Jivagram wszystko jest szczeg\u00f3\u0142owo zaplanowane, aby zaj\u0105\u0107 si\u0119 nie tylko objawami, ale pierwotn\u0105 przyczyn\u0105 ka\u017cdej dolegliwo\u015bci, fizycznej lub psychicznej.<\/p>\n\n\n\n<p>SPERSONALIZOWANE PLANY TERAPII &#8211; po\u0142\u0105czenie specjalistycznych terapii jest starannie zaplanowane w oparciu o analiz\u0119 Prakriti przeprowadzon\u0105 przez naszych lekarzy ajurwedyjskich.<\/p>\n\n\n\n<p>SWASTHYA PATRIKA &#8211; spersonalizowany plan Twojej uzdrawiaj\u0105cego pobytu w Jivagram, kt\u00f3ry jest dostosowany do Ciebie. Swasthya Patrika pozostaje z tob\u0105, dzi\u0119ki czemu korzy\u015bci trwaj\u0105 nawet po opuszczeniu Jivagram.<\/p>\n\n\n\n<h2 class=\"wp-block-heading\">Trzystopniowe podej\u015bcie do leczenia ajurwedyjskiego w Jivagram<\/h2>\n\n\n\n<div class=\"wp-block-media-text alignwide is-stacked-on-mobile\"><figure class=\"wp-block-media-text__media\"><img decoding=\"async\" width=\"617\" height=\"498\" src=\"https:\/\/devaharmony.com\/pl\/wp-content\/uploads\/2022\/10\/1.png\" alt=\"\" class=\"wp-image-8856 size-full\" srcset=\"https:\/\/devaharmony.com\/pl\/wp-content\/uploads\/2022\/10\/1.png 617w, https:\/\/devaharmony.com\/pl\/wp-content\/uploads\/2022\/10\/1-300x242.png 300w, https:\/\/devaharmony.com\/pl\/wp-content\/uploads\/2022\/10\/1-600x484.png 600w\" sizes=\"(max-width: 617px) 100vw, 617px\" \/><\/figure><div class=\"wp-block-media-text__content\">\n<p>DLA TWOJEGO CIA\u0141A (YUKTI VYAPASHRAYA)<\/p>\n\n\n\n<p>W tej cz\u0119\u015bci leczenia przywracamy r\u00f3wnowag\u0119 Twoim elementom cia\u0142a &#8211; konstytucji (dosha), metabolizmowi (agni) i tkankom \u017cyciowym (dhatus). Odbywa si\u0119 to poprzez terapie Panchakarma (shodhana), kt\u00f3re eliminuj\u0105 toksyny z organizmu. \u0141\u0105czy si\u0119 go r\u00f3wnie\u017c z fizjoterapi\u0105, zabiegami naturopatycznymi, dietami, zio\u0142ami i aktywno\u015bciami zwi\u0105zanymi ze stylem \u017cycia.<\/p>\n<\/div><\/div>\n\n\n\n<div class=\"wp-block-media-text alignwide has-media-on-the-right is-stacked-on-mobile\"><figure class=\"wp-block-media-text__media\"><img decoding=\"async\" width=\"617\" height=\"448\" src=\"https:\/\/devaharmony.com\/pl\/wp-content\/uploads\/2022\/10\/2.png\" alt=\"\" class=\"wp-image-8857 size-full\" srcset=\"https:\/\/devaharmony.com\/pl\/wp-content\/uploads\/2022\/10\/2.png 617w, https:\/\/devaharmony.com\/pl\/wp-content\/uploads\/2022\/10\/2-300x218.png 300w, https:\/\/devaharmony.com\/pl\/wp-content\/uploads\/2022\/10\/2-600x436.png 600w\" sizes=\"(max-width: 617px) 100vw, 617px\" \/><\/figure><div class=\"wp-block-media-text__content\">\n<p>DLA TWOJEGO UMYS\u0141U (SATTVA VAJAYA)<\/p>\n\n\n\n<p>Dzi\u0119ki temu podej\u015bciu skupisz si\u0119 na uspokojeniu umys\u0142u poprzez wzmocnienie elementu czysto\u015bci (sattwy), kt\u00f3ra obejmuje spo\u017cywanie pokarm\u00f3w sattwicznych, przestrzeganie codziennej rutyny (dinacharaya), wykonywanie jogi, wykonywanie \u0107wicze\u0144 oddechowych (pranayama) i wystawianie si\u0119 na elementy sattwiczne, takie jak muzyka, \u015brodowisko naturalne, wspieraj\u0105cy ludzie i wskaz\u00f3wki dotycz\u0105ce r\u00f3wnowagi mi\u0119dzy \u017cyciem zawodowym a prywatnym.<\/p>\n<\/div><\/div>\n\n\n\n<div class=\"wp-block-media-text alignwide is-stacked-on-mobile\"><figure class=\"wp-block-media-text__media\"><img decoding=\"async\" width=\"617\" height=\"448\" src=\"https:\/\/devaharmony.com\/pl\/wp-content\/uploads\/2022\/10\/3.png\" alt=\"\" class=\"wp-image-8858 size-full\" srcset=\"https:\/\/devaharmony.com\/pl\/wp-content\/uploads\/2022\/10\/3.png 617w, https:\/\/devaharmony.com\/pl\/wp-content\/uploads\/2022\/10\/3-300x218.png 300w, https:\/\/devaharmony.com\/pl\/wp-content\/uploads\/2022\/10\/3-600x436.png 600w\" sizes=\"(max-width: 617px) 100vw, 617px\" \/><\/figure><div class=\"wp-block-media-text__content\">\n<p>DLA TWOJEJ DUSZY (DAIVA VYAPASHRAYA)<\/p>\n\n\n\n<p>Zaanga\u017cowanie swojej najg\u0142\u0119bszej istoty, swojej duszy, w proces uzdrawiania jest niezb\u0119dne do przywr\u00f3cenia pe\u0142nego wyr\u00f3wnania (swastha). Aby to zrobi\u0107, lekarz wprowadzi zestaw czynno\u015bci, kt\u00f3re mog\u0105 obejmowa\u0107 medytacj\u0119, r\u00f3wnowa\u017cenie czakr i wykonywanie jagny. Mo\u017cna to r\u00f3wnie\u017c uzupe\u0142ni\u0107 praktyk\u0105 przebaczania, niestosowania przemocy i bycia prawdom\u00f3wnym.<\/p>\n<\/div><\/div>\n\n\n\n<p><\/p>\n","protected":false},"excerpt":{"rendered":"<p>THE AYUNIQUE\u2122 TOUCH \u2013 Ayunique\u2122 to unikalny spos\u00f3b dbania o zdrowie, kt\u00f3ry zachowuje tradycyjn\u0105 metod\u0119 Ajurwedy, koncentruj\u0105c si\u0119 na zapewnieniu spersonalizowanego leczenia pierwotnej przyczyny, \u0142\u0105cz\u0105c je z nowoczesnymi rozwi\u0105zaniami, aby zapewni\u0107 najwy\u017csz\u0105 jako\u015b\u0107 opieki nad pacjentem. PODEJ\u015aCIE OPARTE NA PIERWOTNYCH PRZYCZYNACH DOLEGLIWO\u015aCI &#8211; niezale\u017cnie od tego, czy s\u0105 to terapie, zaj\u0119cia lecznicze czy posi\u0142ki &#8211; [&hellip;]<\/p>\n","protected":false},"author":59,"featured_media":0,"parent":0,"menu_order":0,"comment_status":"closed","ping_status":"closed","template":"","meta":{"_editorskit_title_hidden":false,"_editorskit_reading_time":0,"_editorskit_is_block_options_detached":false,"_editorskit_block_options_position":"{}","footnotes":""},"class_list":["post-8388","page","type-page","status-publish","hentry"],"acf":[],"yoast_head":"<!-- This site is optimized with the Yoast SEO plugin v23.1 - https:\/\/yoast.com\/wordpress\/plugins\/seo\/ -->\n<title>Indywidualne leczenie i konsultacje ajurwedyjskie - Deva Harmony Polska<\/title>\n<meta name=\"robots\" content=\"index, follow, max-snippet:-1, max-image-preview:large, max-video-preview:-1\" \/>\n<link rel=\"canonical\" href=\"https:\/\/devaharmony.com\/pl\/indywidualne-leczenie-i-konsultacje-ajurwedyjskie\/\" \/>\n<meta property=\"og:locale\" content=\"pl_PL\" \/>\n<meta property=\"og:type\" content=\"article\" \/>\n<meta property=\"og:title\" content=\"Indywidualne leczenie i konsultacje ajurwedyjskie - Deva Harmony Polska\" \/>\n<meta property=\"og:description\" content=\"THE AYUNIQUE\u2122 TOUCH \u2013 Ayunique\u2122 to unikalny spos\u00f3b dbania o zdrowie, kt\u00f3ry zachowuje tradycyjn\u0105 metod\u0119 Ajurwedy, koncentruj\u0105c si\u0119 na zapewnieniu spersonalizowanego leczenia pierwotnej przyczyny, \u0142\u0105cz\u0105c je z nowoczesnymi rozwi\u0105zaniami, aby zapewni\u0107 najwy\u017csz\u0105 jako\u015b\u0107 opieki nad pacjentem. PODEJ\u015aCIE OPARTE NA PIERWOTNYCH PRZYCZYNACH DOLEGLIWO\u015aCI &#8211; niezale\u017cnie od tego, czy s\u0105 to terapie, zaj\u0119cia lecznicze czy posi\u0142ki &#8211; [&hellip;]\" \/>\n<meta property=\"og:url\" content=\"https:\/\/devaharmony.com\/pl\/indywidualne-leczenie-i-konsultacje-ajurwedyjskie\/\" \/>\n<meta property=\"og:site_name\" content=\"Deva Harmony Polska\" \/>\n<meta property=\"article:modified_time\" content=\"2023-07-17T13:04:45+00:00\" \/>\n<meta property=\"og:image\" content=\"https:\/\/devaharmony.com\/pl\/wp-content\/uploads\/2022\/10\/1.png\" \/>\n<meta name=\"twitter:card\" content=\"summary_large_image\" \/>\n<meta name=\"twitter:label1\" content=\"Szacowany czas czytania\" \/>\n\t<meta name=\"twitter:data1\" content=\"2 minuty\" \/>\n<script type=\"application\/ld+json\" class=\"yoast-schema-graph\">{\"@context\":\"https:\/\/schema.org\",\"@graph\":[{\"@type\":\"WebPage\",\"@id\":\"https:\/\/devaharmony.com\/pl\/indywidualne-leczenie-i-konsultacje-ajurwedyjskie\/\",\"url\":\"https:\/\/devaharmony.com\/pl\/indywidualne-leczenie-i-konsultacje-ajurwedyjskie\/\",\"name\":\"Indywidualne leczenie i konsultacje ajurwedyjskie - Deva Harmony Polska\",\"isPartOf\":{\"@id\":\"https:\/\/devaharmony.com\/pl\/#website\"},\"primaryImageOfPage\":{\"@id\":\"https:\/\/devaharmony.com\/pl\/indywidualne-leczenie-i-konsultacje-ajurwedyjskie\/#primaryimage\"},\"image\":{\"@id\":\"https:\/\/devaharmony.com\/pl\/indywidualne-leczenie-i-konsultacje-ajurwedyjskie\/#primaryimage\"},\"thumbnailUrl\":\"https:\/\/devaharmony.com\/pl\/wp-content\/uploads\/2022\/10\/1.png\",\"datePublished\":\"2023-07-17T10:45:32+00:00\",\"dateModified\":\"2023-07-17T13:04:45+00:00\",\"breadcrumb\":{\"@id\":\"https:\/\/devaharmony.com\/pl\/indywidualne-leczenie-i-konsultacje-ajurwedyjskie\/#breadcrumb\"},\"inLanguage\":\"pl-PL\",\"potentialAction\":[{\"@type\":\"ReadAction\",\"target\":[\"https:\/\/devaharmony.com\/pl\/indywidualne-leczenie-i-konsultacje-ajurwedyjskie\/\"]}]},{\"@type\":\"ImageObject\",\"inLanguage\":\"pl-PL\",\"@id\":\"https:\/\/devaharmony.com\/pl\/indywidualne-leczenie-i-konsultacje-ajurwedyjskie\/#primaryimage\",\"url\":\"https:\/\/devaharmony.com\/pl\/wp-content\/uploads\/2022\/10\/1.png\",\"contentUrl\":\"https:\/\/devaharmony.com\/pl\/wp-content\/uploads\/2022\/10\/1.png\",\"width\":617,\"height\":498},{\"@type\":\"BreadcrumbList\",\"@id\":\"https:\/\/devaharmony.com\/pl\/indywidualne-leczenie-i-konsultacje-ajurwedyjskie\/#breadcrumb\",\"itemListElement\":[{\"@type\":\"ListItem\",\"position\":1,\"name\":\"Strona g\u0142\u00f3wna\",\"item\":\"https:\/\/devaharmony.com\/pl\/\"},{\"@type\":\"ListItem\",\"position\":2,\"name\":\"Indywidualne leczenie i konsultacje ajurwedyjskie\"}]},{\"@type\":\"WebSite\",\"@id\":\"https:\/\/devaharmony.com\/pl\/#website\",\"url\":\"https:\/\/devaharmony.com\/pl\/\",\"name\":\"Deva Harmony Polska\",\"description\":\"Ajurwedyjskie Suplementy Diety\",\"potentialAction\":[{\"@type\":\"SearchAction\",\"target\":{\"@type\":\"EntryPoint\",\"urlTemplate\":\"https:\/\/devaharmony.com\/pl\/?s={search_term_string}\"},\"query-input\":\"required name=search_term_string\"}],\"inLanguage\":\"pl-PL\"}]}<\/script>\n<!-- \/ Yoast SEO plugin. -->","yoast_head_json":{"title":"Indywidualne leczenie i konsultacje ajurwedyjskie - Deva Harmony Polska","robots":{"index":"index","follow":"follow","max-snippet":"max-snippet:-1","max-image-preview":"max-image-preview:large","max-video-preview":"max-video-preview:-1"},"canonical":"https:\/\/devaharmony.com\/pl\/indywidualne-leczenie-i-konsultacje-ajurwedyjskie\/","og_locale":"pl_PL","og_type":"article","og_title":"Indywidualne leczenie i konsultacje ajurwedyjskie - Deva Harmony Polska","og_description":"THE AYUNIQUE\u2122 TOUCH \u2013 Ayunique\u2122 to unikalny spos\u00f3b dbania o zdrowie, kt\u00f3ry zachowuje tradycyjn\u0105 metod\u0119 Ajurwedy, koncentruj\u0105c si\u0119 na zapewnieniu spersonalizowanego leczenia pierwotnej przyczyny, \u0142\u0105cz\u0105c je z nowoczesnymi rozwi\u0105zaniami, aby zapewni\u0107 najwy\u017csz\u0105 jako\u015b\u0107 opieki nad pacjentem. PODEJ\u015aCIE OPARTE NA PIERWOTNYCH PRZYCZYNACH DOLEGLIWO\u015aCI &#8211; niezale\u017cnie od tego, czy s\u0105 to terapie, zaj\u0119cia lecznicze czy posi\u0142ki &#8211; [&hellip;]","og_url":"https:\/\/devaharmony.com\/pl\/indywidualne-leczenie-i-konsultacje-ajurwedyjskie\/","og_site_name":"Deva Harmony Polska","article_modified_time":"2023-07-17T13:04:45+00:00","og_image":[{"url":"https:\/\/devaharmony.com\/pl\/wp-content\/uploads\/2022\/10\/1.png"}],"twitter_card":"summary_large_image","twitter_misc":{"Szacowany czas czytania":"2 minuty"},"schema":{"@context":"https:\/\/schema.org","@graph":[{"@type":"WebPage","@id":"https:\/\/devaharmony.com\/pl\/indywidualne-leczenie-i-konsultacje-ajurwedyjskie\/","url":"https:\/\/devaharmony.com\/pl\/indywidualne-leczenie-i-konsultacje-ajurwedyjskie\/","name":"Indywidualne leczenie i konsultacje ajurwedyjskie - Deva Harmony Polska","isPartOf":{"@id":"https:\/\/devaharmony.com\/pl\/#website"},"primaryImageOfPage":{"@id":"https:\/\/devaharmony.com\/pl\/indywidualne-leczenie-i-konsultacje-ajurwedyjskie\/#primaryimage"},"image":{"@id":"https:\/\/devaharmony.com\/pl\/indywidualne-leczenie-i-konsultacje-ajurwedyjskie\/#primaryimage"},"thumbnailUrl":"https:\/\/devaharmony.com\/pl\/wp-content\/uploads\/2022\/10\/1.png","datePublished":"2023-07-17T10:45:32+00:00","dateModified":"2023-07-17T13:04:45+00:00","breadcrumb":{"@id":"https:\/\/devaharmony.com\/pl\/indywidualne-leczenie-i-konsultacje-ajurwedyjskie\/#breadcrumb"},"inLanguage":"pl-PL","potentialAction":[{"@type":"ReadAction","target":["https:\/\/devaharmony.com\/pl\/indywidualne-leczenie-i-konsultacje-ajurwedyjskie\/"]}]},{"@type":"ImageObject","inLanguage":"pl-PL","@id":"https:\/\/devaharmony.com\/pl\/indywidualne-leczenie-i-konsultacje-ajurwedyjskie\/#primaryimage","url":"https:\/\/devaharmony.com\/pl\/wp-content\/uploads\/2022\/10\/1.png","contentUrl":"https:\/\/devaharmony.com\/pl\/wp-content\/uploads\/2022\/10\/1.png","width":617,"height":498},{"@type":"BreadcrumbList","@id":"https:\/\/devaharmony.com\/pl\/indywidualne-leczenie-i-konsultacje-ajurwedyjskie\/#breadcrumb","itemListElement":[{"@type":"ListItem","position":1,"name":"Strona g\u0142\u00f3wna","item":"https:\/\/devaharmony.com\/pl\/"},{"@type":"ListItem","position":2,"name":"Indywidualne leczenie i konsultacje ajurwedyjskie"}]},{"@type":"WebSite","@id":"https:\/\/devaharmony.com\/pl\/#website","url":"https:\/\/devaharmony.com\/pl\/","name":"Deva Harmony Polska","description":"Ajurwedyjskie Suplementy Diety","potentialAction":[{"@type":"SearchAction","target":{"@type":"EntryPoint","urlTemplate":"https:\/\/devaharmony.com\/pl\/?s={search_term_string}"},"query-input":"required name=search_term_string"}],"inLanguage":"pl-PL"}]}},"_links":{"self":[{"href":"https:\/\/devaharmony.com\/pl\/wp-json\/wp\/v2\/pages\/8388","targetHints":{"allow":["GET"]}}],"collection":[{"href":"https:\/\/devaharmony.com\/pl\/wp-json\/wp\/v2\/pages"}],"about":[{"href":"https:\/\/devaharmony.com\/pl\/wp-json\/wp\/v2\/types\/page"}],"author":[{"embeddable":true,"href":"https:\/\/devaharmony.com\/pl\/wp-json\/wp\/v2\/users\/59"}],"replies":[{"embeddable":true,"href":"https:\/\/devaharmony.com\/pl\/wp-json\/wp\/v2\/comments?post=8388"}],"version-history":[{"count":12,"href":"https:\/\/devaharmony.com\/pl\/wp-json\/wp\/v2\/pages\/8388\/revisions"}],"predecessor-version":[{"id":19560,"href":"https:\/\/devaharmony.com\/pl\/wp-json\/wp\/v2\/pages\/8388\/revisions\/19560"}],"wp:attachment":[{"href":"https:\/\/devaharmony.com\/pl\/wp-json\/wp\/v2\/media?parent=8388"}],"curies":[{"name":"wp","href":"https:\/\/api.w.org\/{rel}","templated":true}]}}