{"id":8241,"date":"2023-07-17T11:29:21","date_gmt":"2023-07-17T10:29:21","guid":{"rendered":"https:\/\/devaharmony.com\/pl\/?page_id=8241"},"modified":"2023-07-17T14:04:39","modified_gmt":"2023-07-17T13:04:39","slug":"jivagram-centrum-dobrego-samopoczucia","status":"publish","type":"page","link":"https:\/\/devaharmony.com\/pl\/jivagram-centrum-dobrego-samopoczucia\/","title":{"rendered":"JIVAgram- Centrum dobrego samopoczucia"},"content":{"rendered":"\n<p><em>HARYANA\u2019S FIRST NABH ACCREDITED AYUSH HOSPITAL<\/em><\/p>\n\n\n\n<p>Jivagram Center for Wellbeing, zlokalizowane w Faridabad, to wyj\u0105tkowe<strong> centrum zdrowia<\/strong>, kt\u00f3re uciele\u015bnia tradycyjne zasady \u201egramu\u201d i u\u015bwi\u0119con\u0105 tradycj\u0105 nauk\u0119 ajurwedy w zaprojektowanym &#8220;wedyjsko&#8221; nowoczesnym szpitalu. Jest to pierwszy szpital AYUSH z certyfikatem NABH (National Accreditation Board for Hospitals &amp; Healthcare Providers) w Haryana. Akredytacja jest odzwierciedleniem najwy\u017cszych standard\u00f3w bezpiecze\u0144stwa i higieny, kt\u00f3re utrzymujemy w o\u015brodku oferuj\u0105c Pa\u0144stwu najwy\u017cszej jako\u015bci zabiegi ajurwedyjskie.<\/p>\n\n\n\n<figure class=\"wp-block-gallery has-nested-images columns-default is-cropped wp-block-gallery-1 is-layout-flex wp-block-gallery-is-layout-flex\">\n<figure class=\"wp-block-image size-large\"><img decoding=\"async\" width=\"618\" height=\"489\" data-id=\"8381\" src=\"https:\/\/devaharmony.com\/pl\/wp-content\/uploads\/2022\/09\/j1-1.png\" alt=\"\" class=\"wp-image-8381\" srcset=\"https:\/\/devaharmony.com\/pl\/wp-content\/uploads\/2022\/09\/j1-1.png 618w, https:\/\/devaharmony.com\/pl\/wp-content\/uploads\/2022\/09\/j1-1-300x237.png 300w, https:\/\/devaharmony.com\/pl\/wp-content\/uploads\/2022\/09\/j1-1-600x475.png 600w\" sizes=\"(max-width: 618px) 100vw, 618px\" \/><\/figure>\n\n\n\n<figure class=\"wp-block-image size-large\"><img decoding=\"async\" width=\"617\" height=\"448\" data-id=\"8382\" src=\"https:\/\/devaharmony.com\/pl\/wp-content\/uploads\/2022\/09\/j2.png\" alt=\"\" class=\"wp-image-8382\" srcset=\"https:\/\/devaharmony.com\/pl\/wp-content\/uploads\/2022\/09\/j2.png 617w, https:\/\/devaharmony.com\/pl\/wp-content\/uploads\/2022\/09\/j2-300x218.png 300w, https:\/\/devaharmony.com\/pl\/wp-content\/uploads\/2022\/09\/j2-600x436.png 600w\" sizes=\"(max-width: 617px) 100vw, 617px\" \/><\/figure>\n\n\n\n<figure class=\"wp-block-image size-large\"><img decoding=\"async\" width=\"617\" height=\"448\" data-id=\"8380\" src=\"https:\/\/devaharmony.com\/pl\/wp-content\/uploads\/2022\/09\/j3.png\" alt=\"\" class=\"wp-image-8380\" srcset=\"https:\/\/devaharmony.com\/pl\/wp-content\/uploads\/2022\/09\/j3.png 617w, https:\/\/devaharmony.com\/pl\/wp-content\/uploads\/2022\/09\/j3-300x218.png 300w, https:\/\/devaharmony.com\/pl\/wp-content\/uploads\/2022\/09\/j3-600x436.png 600w\" sizes=\"(max-width: 617px) 100vw, 617px\" \/><\/figure>\n<\/figure>\n\n\n\n<p>\u017bycie jest pi\u0119kne, a jedynym sposobem, w jaki mo\u017cesz je w pe\u0142ni wykorzysta\u0107, jest zdrowie. Czasami jednak tracimy r\u00f3wnowag\u0119, a zdrowe \u017cycie wydaje si\u0119 odleg\u0142\u0105 nadziej\u0105. To czas, gdy chcia\u0142by\u015b zwolni\u0107, aby znale\u017a\u0107 czas i miejsce dla siebie poza domem, aby skupi\u0107 si\u0119 na powrocie do zdrowia. Chcia\u0142by\u015b pojecha\u0107 do miejsca, w kt\u00f3rym ludzie zatroszcz\u0105 si\u0119 o Ciebie i b\u0119d\u0105 traktowa\u0107 jak pe\u0142nowarto\u015bciow\u0105 osob\u0119, dop\u00f3ki nie odzyskasz optymalnego zdrowia. Jivagram to wyj\u0105tkowe centrum ze spersonalizowan\u0105<br>ajurwedyjsk\u0105 opiek\u0105 zdrowotn\u0105 i leczeniem. Zaanga\u017cuje Ci\u0119 w wyj\u0105tkowe do\u015bwiadczenie lecznicze, jednocze\u015bnie przywracaj\u0105c zdrowie. Nasi lekarze po\u015bwi\u0119caj\u0105 wystarczaj\u0105co du\u017co czasu, aby zrozumie\u0107 Ciebie i Twoje problemy zdrowotne oraz stworzy\u0107 dla Ciebie indywidualny program leczenia. Jivagram oferuje autentyczne ajurwedyjskie leczenie r\u00f3\u017cnych dolegliwo\u015bci i dociera do ich przyczyny.<\/p>\n\n\n\n<h2 class=\"wp-block-heading\">Choroby leczone w Jivagram<\/h2>\n\n\n\n<figure class=\"wp-block-table is-style-stripes\"><table><tbody><tr><td><strong>\u2022<\/strong> B\u00f3l szyjki macicy \/ Dolny<br>B\u00f3l plec\u00f3w<\/td><td><strong>\u2022 <\/strong>Niep\u0142odno\u015b\u0107 u m\u0119\u017cczyzn<\/td><td><strong>\u2022 <\/strong>Zaburzenia uk\u0142adu rozrodczego kobiet<\/td><\/tr><tr><td><strong>\u2022<\/strong> Stress<\/td><td><strong>\u2022<\/strong> Niep\u0142odno\u015b\u0107 u kobiet<\/td><td><strong>\u2022 <\/strong>Zesp\u00f3\u0142 policystycznych jajnik\u00f3w<\/td><\/tr><tr><td><strong>\u2022 <\/strong>Detoksykacja\/Oczyszczanie<\/td><td><strong>\u2022 <\/strong>Stwardnienie rozsiane<\/td><td><strong>\u2022<\/strong> Odm\u0142odzenie<\/td><\/tr><tr><td><strong>\u2022<\/strong> Nefropatja cukrzycowa<\/td><td><strong>\u2022<\/strong> Dystrofia mi\u0119\u015bniowa<\/td><td><strong>\u2022<\/strong> Reumatyzm<\/td><\/tr><tr><td><strong>\u2022<\/strong> Neuropatia cukrzycowa<\/td><td><strong>\u2022<\/strong> Oty\u0142o\u015b\u0107<\/td><td><strong>\u2022 <\/strong>Sk\u00f3ra (egzema \/ \u0142uszczyca)<\/td><\/tr><tr><td><strong>\u2022 <\/strong>Wypadanie\/przerzedzanie w\u0142os\u00f3w<\/td><td><strong>\u2022 <\/strong>Parali\u017c (ostry etap<br>po konsultacji)<\/td><td><strong>\u2022<\/strong> Tarczyca (stadium 1 i 2)<\/td><\/tr><\/tbody><\/table><\/figure>\n\n\n\n<p><\/p>\n","protected":false},"excerpt":{"rendered":"<p>HARYANA\u2019S FIRST NABH ACCREDITED AYUSH HOSPITAL Jivagram Center for Wellbeing, zlokalizowane w Faridabad, to wyj\u0105tkowe centrum zdrowia, kt\u00f3re uciele\u015bnia tradycyjne zasady \u201egramu\u201d i u\u015bwi\u0119con\u0105 tradycj\u0105 nauk\u0119 ajurwedy w zaprojektowanym &#8220;wedyjsko&#8221; nowoczesnym szpitalu. Jest to pierwszy szpital AYUSH z certyfikatem NABH (National Accreditation Board for Hospitals &amp; Healthcare Providers) w Haryana. Akredytacja jest odzwierciedleniem najwy\u017cszych standard\u00f3w [&hellip;]<\/p>\n","protected":false},"author":59,"featured_media":0,"parent":0,"menu_order":0,"comment_status":"closed","ping_status":"closed","template":"","meta":{"_editorskit_title_hidden":false,"_editorskit_reading_time":0,"_editorskit_is_block_options_detached":false,"_editorskit_block_options_position":"{}","footnotes":""},"class_list":["post-8241","page","type-page","status-publish","hentry"],"acf":[],"yoast_head":"<!-- This site is optimized with the Yoast SEO plugin v23.1 - https:\/\/yoast.com\/wordpress\/plugins\/seo\/ -->\n<title>JIVAgram- Centrum dobrego samopoczucia - Deva Harmony Polska<\/title>\n<meta name=\"robots\" content=\"index, follow, max-snippet:-1, max-image-preview:large, max-video-preview:-1\" \/>\n<link rel=\"canonical\" href=\"https:\/\/devaharmony.com\/pl\/jivagram-centrum-dobrego-samopoczucia\/\" \/>\n<meta property=\"og:locale\" content=\"pl_PL\" \/>\n<meta property=\"og:type\" content=\"article\" \/>\n<meta property=\"og:title\" content=\"JIVAgram- Centrum dobrego samopoczucia - Deva Harmony Polska\" \/>\n<meta property=\"og:description\" content=\"HARYANA\u2019S FIRST NABH ACCREDITED AYUSH HOSPITAL Jivagram Center for Wellbeing, zlokalizowane w Faridabad, to wyj\u0105tkowe centrum zdrowia, kt\u00f3re uciele\u015bnia tradycyjne zasady \u201egramu\u201d i u\u015bwi\u0119con\u0105 tradycj\u0105 nauk\u0119 ajurwedy w zaprojektowanym &#8220;wedyjsko&#8221; nowoczesnym szpitalu. Jest to pierwszy szpital AYUSH z certyfikatem NABH (National Accreditation Board for Hospitals &amp; Healthcare Providers) w Haryana. Akredytacja jest odzwierciedleniem najwy\u017cszych standard\u00f3w [&hellip;]\" \/>\n<meta property=\"og:url\" content=\"https:\/\/devaharmony.com\/pl\/jivagram-centrum-dobrego-samopoczucia\/\" \/>\n<meta property=\"og:site_name\" content=\"Deva Harmony Polska\" \/>\n<meta property=\"article:modified_time\" content=\"2023-07-17T13:04:39+00:00\" \/>\n<meta property=\"og:image\" content=\"https:\/\/devaharmony.com\/pl\/wp-content\/uploads\/2022\/09\/j1-1.png\" \/>\n<meta name=\"twitter:card\" content=\"summary_large_image\" \/>\n<meta name=\"twitter:label1\" content=\"Szacowany czas czytania\" \/>\n\t<meta name=\"twitter:data1\" content=\"2 minuty\" \/>\n<script type=\"application\/ld+json\" class=\"yoast-schema-graph\">{\"@context\":\"https:\/\/schema.org\",\"@graph\":[{\"@type\":\"WebPage\",\"@id\":\"https:\/\/devaharmony.com\/pl\/jivagram-centrum-dobrego-samopoczucia\/\",\"url\":\"https:\/\/devaharmony.com\/pl\/jivagram-centrum-dobrego-samopoczucia\/\",\"name\":\"JIVAgram- Centrum dobrego samopoczucia - Deva Harmony Polska\",\"isPartOf\":{\"@id\":\"https:\/\/devaharmony.com\/pl\/#website\"},\"primaryImageOfPage\":{\"@id\":\"https:\/\/devaharmony.com\/pl\/jivagram-centrum-dobrego-samopoczucia\/#primaryimage\"},\"image\":{\"@id\":\"https:\/\/devaharmony.com\/pl\/jivagram-centrum-dobrego-samopoczucia\/#primaryimage\"},\"thumbnailUrl\":\"https:\/\/devaharmony.com\/pl\/wp-content\/uploads\/2022\/09\/j1-1.png\",\"datePublished\":\"2023-07-17T10:29:21+00:00\",\"dateModified\":\"2023-07-17T13:04:39+00:00\",\"breadcrumb\":{\"@id\":\"https:\/\/devaharmony.com\/pl\/jivagram-centrum-dobrego-samopoczucia\/#breadcrumb\"},\"inLanguage\":\"pl-PL\",\"potentialAction\":[{\"@type\":\"ReadAction\",\"target\":[\"https:\/\/devaharmony.com\/pl\/jivagram-centrum-dobrego-samopoczucia\/\"]}]},{\"@type\":\"ImageObject\",\"inLanguage\":\"pl-PL\",\"@id\":\"https:\/\/devaharmony.com\/pl\/jivagram-centrum-dobrego-samopoczucia\/#primaryimage\",\"url\":\"https:\/\/devaharmony.com\/pl\/wp-content\/uploads\/2022\/09\/j1-1.png\",\"contentUrl\":\"https:\/\/devaharmony.com\/pl\/wp-content\/uploads\/2022\/09\/j1-1.png\",\"width\":618,\"height\":489},{\"@type\":\"BreadcrumbList\",\"@id\":\"https:\/\/devaharmony.com\/pl\/jivagram-centrum-dobrego-samopoczucia\/#breadcrumb\",\"itemListElement\":[{\"@type\":\"ListItem\",\"position\":1,\"name\":\"Strona g\u0142\u00f3wna\",\"item\":\"https:\/\/devaharmony.com\/pl\/\"},{\"@type\":\"ListItem\",\"position\":2,\"name\":\"JIVAgram- Centrum dobrego samopoczucia\"}]},{\"@type\":\"WebSite\",\"@id\":\"https:\/\/devaharmony.com\/pl\/#website\",\"url\":\"https:\/\/devaharmony.com\/pl\/\",\"name\":\"Deva Harmony Polska\",\"description\":\"Ajurwedyjskie Suplementy Diety\",\"potentialAction\":[{\"@type\":\"SearchAction\",\"target\":{\"@type\":\"EntryPoint\",\"urlTemplate\":\"https:\/\/devaharmony.com\/pl\/?s={search_term_string}\"},\"query-input\":\"required name=search_term_string\"}],\"inLanguage\":\"pl-PL\"}]}<\/script>\n<!-- \/ Yoast SEO plugin. -->","yoast_head_json":{"title":"JIVAgram- Centrum dobrego samopoczucia - Deva Harmony Polska","robots":{"index":"index","follow":"follow","max-snippet":"max-snippet:-1","max-image-preview":"max-image-preview:large","max-video-preview":"max-video-preview:-1"},"canonical":"https:\/\/devaharmony.com\/pl\/jivagram-centrum-dobrego-samopoczucia\/","og_locale":"pl_PL","og_type":"article","og_title":"JIVAgram- Centrum dobrego samopoczucia - Deva Harmony Polska","og_description":"HARYANA\u2019S FIRST NABH ACCREDITED AYUSH HOSPITAL Jivagram Center for Wellbeing, zlokalizowane w Faridabad, to wyj\u0105tkowe centrum zdrowia, kt\u00f3re uciele\u015bnia tradycyjne zasady \u201egramu\u201d i u\u015bwi\u0119con\u0105 tradycj\u0105 nauk\u0119 ajurwedy w zaprojektowanym &#8220;wedyjsko&#8221; nowoczesnym szpitalu. Jest to pierwszy szpital AYUSH z certyfikatem NABH (National Accreditation Board for Hospitals &amp; Healthcare Providers) w Haryana. Akredytacja jest odzwierciedleniem najwy\u017cszych standard\u00f3w [&hellip;]","og_url":"https:\/\/devaharmony.com\/pl\/jivagram-centrum-dobrego-samopoczucia\/","og_site_name":"Deva Harmony Polska","article_modified_time":"2023-07-17T13:04:39+00:00","og_image":[{"url":"https:\/\/devaharmony.com\/pl\/wp-content\/uploads\/2022\/09\/j1-1.png"}],"twitter_card":"summary_large_image","twitter_misc":{"Szacowany czas czytania":"2 minuty"},"schema":{"@context":"https:\/\/schema.org","@graph":[{"@type":"WebPage","@id":"https:\/\/devaharmony.com\/pl\/jivagram-centrum-dobrego-samopoczucia\/","url":"https:\/\/devaharmony.com\/pl\/jivagram-centrum-dobrego-samopoczucia\/","name":"JIVAgram- Centrum dobrego samopoczucia - Deva Harmony Polska","isPartOf":{"@id":"https:\/\/devaharmony.com\/pl\/#website"},"primaryImageOfPage":{"@id":"https:\/\/devaharmony.com\/pl\/jivagram-centrum-dobrego-samopoczucia\/#primaryimage"},"image":{"@id":"https:\/\/devaharmony.com\/pl\/jivagram-centrum-dobrego-samopoczucia\/#primaryimage"},"thumbnailUrl":"https:\/\/devaharmony.com\/pl\/wp-content\/uploads\/2022\/09\/j1-1.png","datePublished":"2023-07-17T10:29:21+00:00","dateModified":"2023-07-17T13:04:39+00:00","breadcrumb":{"@id":"https:\/\/devaharmony.com\/pl\/jivagram-centrum-dobrego-samopoczucia\/#breadcrumb"},"inLanguage":"pl-PL","potentialAction":[{"@type":"ReadAction","target":["https:\/\/devaharmony.com\/pl\/jivagram-centrum-dobrego-samopoczucia\/"]}]},{"@type":"ImageObject","inLanguage":"pl-PL","@id":"https:\/\/devaharmony.com\/pl\/jivagram-centrum-dobrego-samopoczucia\/#primaryimage","url":"https:\/\/devaharmony.com\/pl\/wp-content\/uploads\/2022\/09\/j1-1.png","contentUrl":"https:\/\/devaharmony.com\/pl\/wp-content\/uploads\/2022\/09\/j1-1.png","width":618,"height":489},{"@type":"BreadcrumbList","@id":"https:\/\/devaharmony.com\/pl\/jivagram-centrum-dobrego-samopoczucia\/#breadcrumb","itemListElement":[{"@type":"ListItem","position":1,"name":"Strona g\u0142\u00f3wna","item":"https:\/\/devaharmony.com\/pl\/"},{"@type":"ListItem","position":2,"name":"JIVAgram- Centrum dobrego samopoczucia"}]},{"@type":"WebSite","@id":"https:\/\/devaharmony.com\/pl\/#website","url":"https:\/\/devaharmony.com\/pl\/","name":"Deva Harmony Polska","description":"Ajurwedyjskie Suplementy Diety","potentialAction":[{"@type":"SearchAction","target":{"@type":"EntryPoint","urlTemplate":"https:\/\/devaharmony.com\/pl\/?s={search_term_string}"},"query-input":"required name=search_term_string"}],"inLanguage":"pl-PL"}]}},"_links":{"self":[{"href":"https:\/\/devaharmony.com\/pl\/wp-json\/wp\/v2\/pages\/8241","targetHints":{"allow":["GET"]}}],"collection":[{"href":"https:\/\/devaharmony.com\/pl\/wp-json\/wp\/v2\/pages"}],"about":[{"href":"https:\/\/devaharmony.com\/pl\/wp-json\/wp\/v2\/types\/page"}],"author":[{"embeddable":true,"href":"https:\/\/devaharmony.com\/pl\/wp-json\/wp\/v2\/users\/59"}],"replies":[{"embeddable":true,"href":"https:\/\/devaharmony.com\/pl\/wp-json\/wp\/v2\/comments?post=8241"}],"version-history":[{"count":12,"href":"https:\/\/devaharmony.com\/pl\/wp-json\/wp\/v2\/pages\/8241\/revisions"}],"predecessor-version":[{"id":19559,"href":"https:\/\/devaharmony.com\/pl\/wp-json\/wp\/v2\/pages\/8241\/revisions\/19559"}],"wp:attachment":[{"href":"https:\/\/devaharmony.com\/pl\/wp-json\/wp\/v2\/media?parent=8241"}],"curies":[{"name":"wp","href":"https:\/\/api.w.org\/{rel}","templated":true}]}}